{"id":868,"date":"2023-05-19T16:36:21","date_gmt":"2023-05-19T14:36:21","guid":{"rendered":"https:\/\/www.holy-supps.nl\/?post_type=product&#038;p=868"},"modified":"2026-02-24T15:19:03","modified_gmt":"2026-02-24T14:19:03","slug":"beyond-bcaaeaa-intra-workout-ehplabs-60-porcji","status":"publish","type":"product","link":"https:\/\/www.holy-supps.nl\/pl\/product\/beyond-bcaaeaa-intra-workout-ehplabs-60-servings\/","title":{"rendered":"Beyond BCAA+EAA Intra-workout - EHPLabs - 60 porcji"},"content":{"rendered":"<h2>Opis<\/h2>\n<p>EHPlabs <strong>Beyond BCAA + EAA<\/strong> jest sproszkowanym suplementem aminokwasowym, kt\u00f3ry zawiera kombinacj\u0119 <strong>BCAA (aminokwasy rozga\u0142\u0119zione)<\/strong> oraz <strong>EAA (niezb\u0119dne aminokwasy)<\/strong> zawiera. Produkt zosta\u0142 zaprojektowany tak, aby \u0142atwo miesza\u0142 si\u0119 z wod\u0105 i mo\u017ce by\u0107 stosowany podczas lub po treningu. Beyond BCAA + EAA jest dost\u0119pny w r\u00f3\u017cnych smakach, a tak\u017ce zawiera elektrolity zapewniaj\u0105ce \u015bwie\u017ce doznania podczas picia.<\/p>\n<hr \/>\n<h2>Zalety<\/h2>\n<ul>\n<li>Zawiera zar\u00f3wno <strong>BCAA<\/strong> jak <strong>EAA<\/strong><\/li>\n<li>Uzupe\u0142nianie stosu suplement\u00f3w w postaci proszku<\/li>\n<li><strong>\u0141atwo rozpuszczalny<\/strong> w wodzie<\/li>\n<li>Dost\u0119pne w wielu smakach<\/li>\n<li>Zawiera r\u00f3wnie\u017c elektrolity<\/li>\n<\/ul>\n<hr \/>\n<h2>Instrukcja obs\u0142ugi<\/h2>\n<p>Mieszaj <strong>1 miarka<\/strong> Beyond BCAA + EAA z oko\u0142o 350-400 ml wody.<\/p>\n<ul>\n<li>Zalecane u\u017cycie: podczas lub wok\u00f3\u0142 treningu<\/li>\n<li>Mo\u017ce by\u0107 r\u00f3wnie\u017c przyjmowany o innych porach dnia.<\/li>\n<li>Przed u\u017cyciem dobrze wstrz\u0105sn\u0105\u0107 lub wymiesza\u0107.<\/li>\n<\/ul>","protected":false},"excerpt":{"rendered":"<p>EHPlabs Beyond BCAA + EAA to proszek aminokwasowy zawieraj\u0105cy zar\u00f3wno BCAA, jak i EAA. Suplement jest \u0142atwy do zmieszania z wod\u0105 i dost\u0119pny w r\u00f3\u017cnych smakach. Dzi\u0119ki dodatkowi elektrolit\u00f3w jest to praktyczny wyb\u00f3r w trakcie lub po treningu.<\/p>","protected":false},"featured_media":875,"comment_status":"closed","ping_status":"closed","template":"","meta":[],"product_brand":[],"product_cat":[86,89,156,77,80,149,72,87,81,91,95,82,84],"product_tag":[],"class_list":{"0":"post-868","1":"product","2":"type-product","3":"status-publish","4":"has-post-thumbnail","6":"product_cat-aankomen","7":"product_cat-afvallen","8":"product_cat-aminozuren","9":"product_cat-bundles-save","10":"product_cat-doel","11":"product_cat-ehplabs-vegan-merken","12":"product_cat-ehplabs","13":"product_cat-energie-focus","14":"product_cat-spieropbouw","15":"product_cat-supplementen","16":"product_cat-vegan-bcaa","17":"product_cat-vegan-merken","18":"product_cat-vegan-supplementen","20":"first","21":"outofstock","22":"sale","23":"taxable","24":"shipping-taxable","25":"purchasable","26":"product-type-variable","27":"has-default-attributes"},"yoast_head":"<!-- This site is optimized with the Yoast SEO plugin v27.5 - https:\/\/yoast.com\/product\/yoast-seo-wordpress\/ -->\n<title>Beyond BCAA+EAA Intra-workout - EHPLabs - 60 servings - Holy-Supps.nl<\/title>\n<meta name=\"description\" content=\"Beyond BCAA+EAA Intra-Workout van EHPLabs: Verhoog je prestaties en herstel met essenti\u00eble aminozuren, focus-boosters en hydratatie.\" \/>\n<meta name=\"robots\" content=\"index, follow, max-snippet:-1, max-image-preview:large, max-video-preview:-1\" \/>\n<link rel=\"canonical\" href=\"https:\/\/www.holy-supps.nl\/pl\/produkt\/beyond-bcaaeaa-intra-workout-ehplabs-60-porcji\/\" \/>\n<meta property=\"og:locale\" content=\"pl_PL\" \/>\n<meta property=\"og:type\" content=\"article\" \/>\n<meta property=\"og:title\" content=\"Beyond BCAA+EAA Intra-workout - EHPLabs - 60 servings - Holy-Supps.nl\" \/>\n<meta property=\"og:description\" content=\"Beyond BCAA+EAA Intra-Workout van EHPLabs: Verhoog je prestaties en herstel met essenti\u00eble aminozuren, focus-boosters en hydratatie.\" \/>\n<meta property=\"og:url\" content=\"https:\/\/www.holy-supps.nl\/pl\/produkt\/beyond-bcaaeaa-intra-workout-ehplabs-60-porcji\/\" \/>\n<meta property=\"og:site_name\" content=\"Holy-Supps.nl\" \/>\n<meta property=\"article:publisher\" content=\"https:\/\/www.facebook.com\/holy.supps\" \/>\n<meta property=\"article:modified_time\" content=\"2026-02-24T14:19:03+00:00\" \/>\n<meta property=\"og:image\" content=\"https:\/\/www.holy-supps.nl\/wp-content\/uploads\/2023\/05\/USWEBSITEIMAGES29_1000x.webp\" \/>\n\t<meta property=\"og:image:width\" content=\"1000\" \/>\n\t<meta property=\"og:image:height\" content=\"1000\" \/>\n\t<meta property=\"og:image:type\" content=\"image\/webp\" \/>\n<meta name=\"twitter:card\" content=\"summary_large_image\" \/>\n<meta name=\"twitter:label1\" content=\"Szacowany czas czytania\" \/>\n\t<meta name=\"twitter:data1\" content=\"3 minuty\" \/>\n<script type=\"application\/ld+json\" class=\"yoast-schema-graph\">{\"@context\":\"https:\\\/\\\/schema.org\",\"@graph\":[{\"@type\":\"WebPage\",\"@id\":\"https:\\\/\\\/www.holy-supps.nl\\\/product\\\/beyond-bcaaeaa-intra-workout-ehplabs-60-servings\\\/\",\"url\":\"https:\\\/\\\/www.holy-supps.nl\\\/product\\\/beyond-bcaaeaa-intra-workout-ehplabs-60-servings\\\/\",\"name\":\"Beyond BCAA+EAA Intra-workout - EHPLabs - 60 servings - Holy-Supps.nl\",\"isPartOf\":{\"@id\":\"https:\\\/\\\/www.holy-supps.nl\\\/#website\"},\"primaryImageOfPage\":{\"@id\":\"https:\\\/\\\/www.holy-supps.nl\\\/product\\\/beyond-bcaaeaa-intra-workout-ehplabs-60-servings\\\/#primaryimage\"},\"image\":{\"@id\":\"https:\\\/\\\/www.holy-supps.nl\\\/product\\\/beyond-bcaaeaa-intra-workout-ehplabs-60-servings\\\/#primaryimage\"},\"thumbnailUrl\":\"https:\\\/\\\/www.holy-supps.nl\\\/wp-content\\\/uploads\\\/2023\\\/05\\\/USWEBSITEIMAGES29_1000x.webp\",\"datePublished\":\"2023-05-19T14:36:21+00:00\",\"dateModified\":\"2026-02-24T14:19:03+00:00\",\"description\":\"Beyond BCAA+EAA Intra-Workout van EHPLabs: Verhoog je prestaties en herstel met essenti\u00eble aminozuren, focus-boosters en hydratatie.\",\"breadcrumb\":{\"@id\":\"https:\\\/\\\/www.holy-supps.nl\\\/product\\\/beyond-bcaaeaa-intra-workout-ehplabs-60-servings\\\/#breadcrumb\"},\"inLanguage\":\"pl-PL\",\"potentialAction\":[{\"@type\":\"ReadAction\",\"target\":[\"https:\\\/\\\/www.holy-supps.nl\\\/product\\\/beyond-bcaaeaa-intra-workout-ehplabs-60-servings\\\/\"]}]},{\"@type\":\"ImageObject\",\"inLanguage\":\"pl-PL\",\"@id\":\"https:\\\/\\\/www.holy-supps.nl\\\/product\\\/beyond-bcaaeaa-intra-workout-ehplabs-60-servings\\\/#primaryimage\",\"url\":\"https:\\\/\\\/www.holy-supps.nl\\\/wp-content\\\/uploads\\\/2023\\\/05\\\/USWEBSITEIMAGES29_1000x.webp\",\"contentUrl\":\"https:\\\/\\\/www.holy-supps.nl\\\/wp-content\\\/uploads\\\/2023\\\/05\\\/USWEBSITEIMAGES29_1000x.webp\",\"width\":1000,\"height\":1000},{\"@type\":\"BreadcrumbList\",\"@id\":\"https:\\\/\\\/www.holy-supps.nl\\\/product\\\/beyond-bcaaeaa-intra-workout-ehplabs-60-servings\\\/#breadcrumb\",\"itemListElement\":[{\"@type\":\"ListItem\",\"position\":1,\"name\":\"Home\",\"item\":\"https:\\\/\\\/www.holy-supps.nl\\\/\"},{\"@type\":\"ListItem\",\"position\":2,\"name\":\"Winkel\",\"item\":\"https:\\\/\\\/www.holy-supps.nl\\\/winkel\\\/\"},{\"@type\":\"ListItem\",\"position\":3,\"name\":\"Beyond BCAA+EAA Intra-workout &#8211; EHPLabs &#8211; 60 servings\"}]},{\"@type\":\"WebSite\",\"@id\":\"https:\\\/\\\/www.holy-supps.nl\\\/#website\",\"url\":\"https:\\\/\\\/www.holy-supps.nl\\\/\",\"name\":\"Holy-Supps.nl\",\"description\":\"Official EHPLabs Reseller!\",\"publisher\":{\"@id\":\"https:\\\/\\\/www.holy-supps.nl\\\/#organization\"},\"potentialAction\":[{\"@type\":\"SearchAction\",\"target\":{\"@type\":\"EntryPoint\",\"urlTemplate\":\"https:\\\/\\\/www.holy-supps.nl\\\/?s={search_term_string}\"},\"query-input\":{\"@type\":\"PropertyValueSpecification\",\"valueRequired\":true,\"valueName\":\"search_term_string\"}}],\"inLanguage\":\"pl-PL\"},{\"@type\":\"Organization\",\"@id\":\"https:\\\/\\\/www.holy-supps.nl\\\/#organization\",\"name\":\"Holy Supps\",\"url\":\"https:\\\/\\\/www.holy-supps.nl\\\/\",\"logo\":{\"@type\":\"ImageObject\",\"inLanguage\":\"pl-PL\",\"@id\":\"https:\\\/\\\/www.holy-supps.nl\\\/#\\\/schema\\\/logo\\\/image\\\/\",\"url\":\"https:\\\/\\\/www.holy-supps.nl\\\/wp-content\\\/uploads\\\/2023\\\/06\\\/HOLY-SUPPS.png\",\"contentUrl\":\"https:\\\/\\\/www.holy-supps.nl\\\/wp-content\\\/uploads\\\/2023\\\/06\\\/HOLY-SUPPS.png\",\"width\":1000,\"height\":400,\"caption\":\"Holy Supps\"},\"image\":{\"@id\":\"https:\\\/\\\/www.holy-supps.nl\\\/#\\\/schema\\\/logo\\\/image\\\/\"},\"sameAs\":[\"https:\\\/\\\/www.facebook.com\\\/holy.supps\",\"https:\\\/\\\/www.instagram.com\\\/holy.supps.shop\\\/\"]}]}<\/script>\n<!-- \/ Yoast SEO plugin. -->","yoast_head_json":{"title":"Beyond BCAA+EAA Intra-workout - EHPLabs - 60 porcji - Holy-Supps.pl","description":"Beyond BCAA+EAA Intra-Workout od EHPLabs: Zwi\u0119ksz swoj\u0105 wydajno\u015b\u0107 i regeneracj\u0119 dzi\u0119ki niezb\u0119dnym aminokwasom, wzmacniaczom koncentracji i nawodnieniu.","robots":{"index":"index","follow":"follow","max-snippet":"max-snippet:-1","max-image-preview":"max-image-preview:large","max-video-preview":"max-video-preview:-1"},"canonical":"https:\/\/www.holy-supps.nl\/pl\/produkt\/beyond-bcaaeaa-intra-workout-ehplabs-60-porcji\/","og_locale":"pl_PL","og_type":"article","og_title":"Beyond BCAA+EAA Intra-workout - EHPLabs - 60 servings - Holy-Supps.nl","og_description":"Beyond BCAA+EAA Intra-Workout van EHPLabs: Verhoog je prestaties en herstel met essenti\u00eble aminozuren, focus-boosters en hydratatie.","og_url":"https:\/\/www.holy-supps.nl\/pl\/produkt\/beyond-bcaaeaa-intra-workout-ehplabs-60-porcji\/","og_site_name":"Holy-Supps.nl","article_publisher":"https:\/\/www.facebook.com\/holy.supps","article_modified_time":"2026-02-24T14:19:03+00:00","og_image":[{"width":1000,"height":1000,"url":"https:\/\/www.holy-supps.nl\/wp-content\/uploads\/2023\/05\/USWEBSITEIMAGES29_1000x.webp","type":"image\/webp"}],"twitter_card":"summary_large_image","twitter_misc":{"Szacowany czas czytania":"3 minuty"},"schema":{"@context":"https:\/\/schema.org","@graph":[{"@type":"WebPage","@id":"https:\/\/www.holy-supps.nl\/product\/beyond-bcaaeaa-intra-workout-ehplabs-60-servings\/","url":"https:\/\/www.holy-supps.nl\/product\/beyond-bcaaeaa-intra-workout-ehplabs-60-servings\/","name":"Beyond BCAA+EAA Intra-workout - EHPLabs - 60 porcji - Holy-Supps.pl","isPartOf":{"@id":"https:\/\/www.holy-supps.nl\/#website"},"primaryImageOfPage":{"@id":"https:\/\/www.holy-supps.nl\/product\/beyond-bcaaeaa-intra-workout-ehplabs-60-servings\/#primaryimage"},"image":{"@id":"https:\/\/www.holy-supps.nl\/product\/beyond-bcaaeaa-intra-workout-ehplabs-60-servings\/#primaryimage"},"thumbnailUrl":"https:\/\/www.holy-supps.nl\/wp-content\/uploads\/2023\/05\/USWEBSITEIMAGES29_1000x.webp","datePublished":"2023-05-19T14:36:21+00:00","dateModified":"2026-02-24T14:19:03+00:00","description":"Beyond BCAA+EAA Intra-Workout od EHPLabs: Zwi\u0119ksz swoj\u0105 wydajno\u015b\u0107 i regeneracj\u0119 dzi\u0119ki niezb\u0119dnym aminokwasom, wzmacniaczom koncentracji i nawodnieniu.","breadcrumb":{"@id":"https:\/\/www.holy-supps.nl\/product\/beyond-bcaaeaa-intra-workout-ehplabs-60-servings\/#breadcrumb"},"inLanguage":"pl-PL","potentialAction":[{"@type":"ReadAction","target":["https:\/\/www.holy-supps.nl\/product\/beyond-bcaaeaa-intra-workout-ehplabs-60-servings\/"]}]},{"@type":"ImageObject","inLanguage":"pl-PL","@id":"https:\/\/www.holy-supps.nl\/product\/beyond-bcaaeaa-intra-workout-ehplabs-60-servings\/#primaryimage","url":"https:\/\/www.holy-supps.nl\/wp-content\/uploads\/2023\/05\/USWEBSITEIMAGES29_1000x.webp","contentUrl":"https:\/\/www.holy-supps.nl\/wp-content\/uploads\/2023\/05\/USWEBSITEIMAGES29_1000x.webp","width":1000,"height":1000},{"@type":"BreadcrumbList","@id":"https:\/\/www.holy-supps.nl\/product\/beyond-bcaaeaa-intra-workout-ehplabs-60-servings\/#breadcrumb","itemListElement":[{"@type":"ListItem","position":1,"name":"Home","item":"https:\/\/www.holy-supps.nl\/"},{"@type":"ListItem","position":2,"name":"Winkel","item":"https:\/\/www.holy-supps.nl\/winkel\/"},{"@type":"ListItem","position":3,"name":"Beyond BCAA+EAA Intra-workout &#8211; EHPLabs &#8211; 60 servings"}]},{"@type":"WebSite","@id":"https:\/\/www.holy-supps.nl\/#website","url":"https:\/\/www.holy-supps.nl\/","name":"Holy-Supps.co.uk","description":"Oficjalny dystrybutor EHPLabs!","publisher":{"@id":"https:\/\/www.holy-supps.nl\/#organization"},"potentialAction":[{"@type":"SearchAction","target":{"@type":"EntryPoint","urlTemplate":"https:\/\/www.holy-supps.nl\/?s={search_term_string}"},"query-input":{"@type":"PropertyValueSpecification","valueRequired":true,"valueName":"search_term_string"}}],"inLanguage":"pl-PL"},{"@type":"Organization","@id":"https:\/\/www.holy-supps.nl\/#organization","name":"Holy Supps","url":"https:\/\/www.holy-supps.nl\/","logo":{"@type":"ImageObject","inLanguage":"pl-PL","@id":"https:\/\/www.holy-supps.nl\/#\/schema\/logo\/image\/","url":"https:\/\/www.holy-supps.nl\/wp-content\/uploads\/2023\/06\/HOLY-SUPPS.png","contentUrl":"https:\/\/www.holy-supps.nl\/wp-content\/uploads\/2023\/06\/HOLY-SUPPS.png","width":1000,"height":400,"caption":"Holy Supps"},"image":{"@id":"https:\/\/www.holy-supps.nl\/#\/schema\/logo\/image\/"},"sameAs":["https:\/\/www.facebook.com\/holy.supps","https:\/\/www.instagram.com\/holy.supps.shop\/"]}]}},"jetpack_sharing_enabled":true,"_links":{"self":[{"href":"https:\/\/www.holy-supps.nl\/pl\/wp-json\/wp\/v2\/product\/868","targetHints":{"allow":["GET"]}}],"collection":[{"href":"https:\/\/www.holy-supps.nl\/pl\/wp-json\/wp\/v2\/product"}],"about":[{"href":"https:\/\/www.holy-supps.nl\/pl\/wp-json\/wp\/v2\/types\/product"}],"replies":[{"embeddable":true,"href":"https:\/\/www.holy-supps.nl\/pl\/wp-json\/wp\/v2\/comments?post=868"}],"wp:featuredmedia":[{"embeddable":true,"href":"https:\/\/www.holy-supps.nl\/pl\/wp-json\/wp\/v2\/media\/875"}],"wp:attachment":[{"href":"https:\/\/www.holy-supps.nl\/pl\/wp-json\/wp\/v2\/media?parent=868"}],"wp:term":[{"taxonomy":"product_brand","embeddable":true,"href":"https:\/\/www.holy-supps.nl\/pl\/wp-json\/wp\/v2\/product_brand?post=868"},{"taxonomy":"product_cat","embeddable":true,"href":"https:\/\/www.holy-supps.nl\/pl\/wp-json\/wp\/v2\/product_cat?post=868"},{"taxonomy":"product_tag","embeddable":true,"href":"https:\/\/www.holy-supps.nl\/pl\/wp-json\/wp\/v2\/product_tag?post=868"}],"curies":[{"name":"wp","href":"https:\/\/api.w.org\/{rel}","templated":true}]}}