{"id":840,"date":"2023-05-19T16:20:20","date_gmt":"2023-05-19T14:20:20","guid":{"rendered":"https:\/\/www.holy-supps.nl\/?post_type=product&#038;p=840"},"modified":"2026-04-24T13:01:21","modified_gmt":"2026-04-24T11:01:21","slug":"oxyshred-non-stim-termogeniczny-spalacz-tluszczu","status":"publish","type":"product","link":"https:\/\/www.holy-supps.nl\/pl\/product\/oxyshred-non-stim-thermogenic-fat-burner\/","title":{"rendered":"Oxyshred Non Stim \u2013 termogeniczny spalacz t\u0142uszczu"},"content":{"rendered":"<h2>Opis<\/h2>\n<p>EHPlabs <strong>OxyShred Non-Stim<\/strong> jest bezkofeinow\u0105 wersj\u0105 znanego suplementu OxyShred. Produkt zosta\u0142 opracowany dla os\u00f3b, kt\u00f3re chc\u0105 po\u0142\u0105czy\u0107 zalety formu\u0142y przedtreningowej z <strong>kompozycja bez stymulant\u00f3w<\/strong>. OxyShred Non-Stim zawiera mieszank\u0119 r\u00f3\u017cnych ekstrakt\u00f3w ro\u015blinnych, witamin i minera\u0142\u00f3w i mo\u017ce by\u0107 stosowany przed lub w trakcie treningu, ale tak\u017ce w innych porach dnia.<\/p>\n<hr \/>\n<h2>Zalety<\/h2>\n<ul>\n<li>Bezkofeinowy sk\u0142ad, odpowiedni do stosowania o ka\u017cdej porze dnia<\/li>\n<li>Mieszanka ekstrakt\u00f3w ro\u015blinnych i sk\u0142adnik\u00f3w od\u017cywczych<\/li>\n<li>Dost\u0119pne w wielu smakach<\/li>\n<li>\u0141atwy do wymieszania z wod\u0105<\/li>\n<li>Odpowiedni dla os\u00f3b, kt\u00f3re chc\u0105 unika\u0107 kofeiny<\/li>\n<\/ul>\n<hr \/>\n<h2>Instrukcja obs\u0142ugi<\/h2>\n<p>Mieszaj <strong>1 miarka (ok. 5 g)<\/strong> OxyShred Non-Stim z 250\u2013300 ml wody.<\/p>\n<ul>\n<li>Zalecane stosowanie: <strong>1 porcja dziennie<\/strong><\/li>\n<li>Przyjmowa\u0107 przed lub w trakcie treningu lub w innym dogodnym momencie.<\/li>\n<li>Przed u\u017cyciem dobrze wstrz\u0105sn\u0105\u0107 lub wymiesza\u0107.<\/li>\n<\/ul>","protected":false},"excerpt":{"rendered":"<p>EHPlabs OxyShred Non-Stim to bezkofeinowa wersja popularnej formu\u0142y OxyShred. Proszek zawiera mieszank\u0119 ekstrakt\u00f3w ro\u015blinnych, witamin i minera\u0142\u00f3w i \u0142atwo miesza si\u0119 z wod\u0105. Idealny dla os\u00f3b, kt\u00f3re chc\u0105 stosowa\u0107 preparat przedtreningowy bez kofeiny.<\/p>","protected":false},"featured_media":2464,"comment_status":"closed","ping_status":"closed","template":"","meta":[],"product_brand":[],"product_cat":[89,212,77,72,149,87,88],"product_tag":[],"class_list":{"0":"post-840","1":"product","2":"type-product","3":"status-publish","4":"has-post-thumbnail","6":"product_cat-afvallen","7":"product_cat-bestsellers","8":"product_cat-bundles-save","9":"product_cat-ehplabs","10":"product_cat-ehplabs-vegan-merken","11":"product_cat-energie-focus","12":"product_cat-pre-workout-2","14":"first","15":"instock","16":"sale","17":"taxable","18":"shipping-taxable","19":"purchasable","20":"product-type-variable"},"yoast_head":"<!-- This site is optimized with the Yoast SEO plugin v27.4 - https:\/\/yoast.com\/product\/yoast-seo-wordpress\/ -->\n<title>Oxyshred Non Stim \u2013 Thermogenic Burner - Holy-Supps.nl<\/title>\n<meta name=\"description\" content=\"Oxyshred Non-Stim: Krachtige vetverbrander zonder cafe\u00efne, bevordert vetverlies, verhoogt energie en verbetert focus. Ideaal voor dag en nacht.\" \/>\n<meta name=\"robots\" content=\"index, follow, max-snippet:-1, max-image-preview:large, max-video-preview:-1\" \/>\n<link rel=\"canonical\" href=\"https:\/\/www.holy-supps.nl\/pl\/produkt\/oxyshred-non-stim-termogeniczny-spalacz-tluszczu\/\" \/>\n<meta property=\"og:locale\" content=\"pl_PL\" \/>\n<meta property=\"og:type\" content=\"article\" \/>\n<meta property=\"og:title\" content=\"Oxyshred Non Stim \u2013 Thermogenic Burner - Holy-Supps.nl\" \/>\n<meta property=\"og:description\" content=\"Oxyshred Non-Stim: Krachtige vetverbrander zonder cafe\u00efne, bevordert vetverlies, verhoogt energie en verbetert focus. Ideaal voor dag en nacht.\" \/>\n<meta property=\"og:url\" content=\"https:\/\/www.holy-supps.nl\/pl\/produkt\/oxyshred-non-stim-termogeniczny-spalacz-tluszczu\/\" \/>\n<meta property=\"og:site_name\" content=\"Holy-Supps.nl\" \/>\n<meta property=\"article:publisher\" content=\"https:\/\/www.facebook.com\/holy.supps\" \/>\n<meta property=\"article:modified_time\" content=\"2026-04-24T11:01:21+00:00\" \/>\n<meta property=\"og:image\" content=\"https:\/\/www.holy-supps.nl\/wp-content\/uploads\/2023\/05\/AUWEBSITEIMAGESNONSTIM2.webp\" \/>\n\t<meta property=\"og:image:width\" content=\"990\" \/>\n\t<meta property=\"og:image:height\" content=\"990\" \/>\n\t<meta property=\"og:image:type\" content=\"image\/webp\" \/>\n<meta name=\"twitter:card\" content=\"summary_large_image\" \/>\n<meta name=\"twitter:label1\" content=\"Szacowany czas czytania\" \/>\n\t<meta name=\"twitter:data1\" content=\"1 minuta\" \/>\n<script type=\"application\/ld+json\" class=\"yoast-schema-graph\">{\"@context\":\"https:\\\/\\\/schema.org\",\"@graph\":[{\"@type\":\"WebPage\",\"@id\":\"https:\\\/\\\/www.holy-supps.nl\\\/product\\\/oxyshred-non-stim-thermogenic-fat-burner\\\/\",\"url\":\"https:\\\/\\\/www.holy-supps.nl\\\/product\\\/oxyshred-non-stim-thermogenic-fat-burner\\\/\",\"name\":\"Oxyshred Non Stim \u2013 Thermogenic Burner - Holy-Supps.nl\",\"isPartOf\":{\"@id\":\"https:\\\/\\\/www.holy-supps.nl\\\/#website\"},\"primaryImageOfPage\":{\"@id\":\"https:\\\/\\\/www.holy-supps.nl\\\/product\\\/oxyshred-non-stim-thermogenic-fat-burner\\\/#primaryimage\"},\"image\":{\"@id\":\"https:\\\/\\\/www.holy-supps.nl\\\/product\\\/oxyshred-non-stim-thermogenic-fat-burner\\\/#primaryimage\"},\"thumbnailUrl\":\"https:\\\/\\\/www.holy-supps.nl\\\/wp-content\\\/uploads\\\/2023\\\/05\\\/AUWEBSITEIMAGESNONSTIM2.webp\",\"datePublished\":\"2023-05-19T14:20:20+00:00\",\"dateModified\":\"2026-04-24T11:01:21+00:00\",\"description\":\"Oxyshred Non-Stim: Krachtige vetverbrander zonder cafe\u00efne, bevordert vetverlies, verhoogt energie en verbetert focus. Ideaal voor dag en nacht.\",\"breadcrumb\":{\"@id\":\"https:\\\/\\\/www.holy-supps.nl\\\/product\\\/oxyshred-non-stim-thermogenic-fat-burner\\\/#breadcrumb\"},\"inLanguage\":\"pl-PL\",\"potentialAction\":[{\"@type\":\"ReadAction\",\"target\":[\"https:\\\/\\\/www.holy-supps.nl\\\/product\\\/oxyshred-non-stim-thermogenic-fat-burner\\\/\"]}]},{\"@type\":\"ImageObject\",\"inLanguage\":\"pl-PL\",\"@id\":\"https:\\\/\\\/www.holy-supps.nl\\\/product\\\/oxyshred-non-stim-thermogenic-fat-burner\\\/#primaryimage\",\"url\":\"https:\\\/\\\/www.holy-supps.nl\\\/wp-content\\\/uploads\\\/2023\\\/05\\\/AUWEBSITEIMAGESNONSTIM2.webp\",\"contentUrl\":\"https:\\\/\\\/www.holy-supps.nl\\\/wp-content\\\/uploads\\\/2023\\\/05\\\/AUWEBSITEIMAGESNONSTIM2.webp\",\"width\":990,\"height\":990},{\"@type\":\"BreadcrumbList\",\"@id\":\"https:\\\/\\\/www.holy-supps.nl\\\/product\\\/oxyshred-non-stim-thermogenic-fat-burner\\\/#breadcrumb\",\"itemListElement\":[{\"@type\":\"ListItem\",\"position\":1,\"name\":\"Home\",\"item\":\"https:\\\/\\\/www.holy-supps.nl\\\/\"},{\"@type\":\"ListItem\",\"position\":2,\"name\":\"Winkel\",\"item\":\"https:\\\/\\\/www.holy-supps.nl\\\/winkel\\\/\"},{\"@type\":\"ListItem\",\"position\":3,\"name\":\"Oxyshred Non Stim \u2013 Thermogenic Burner\"}]},{\"@type\":\"WebSite\",\"@id\":\"https:\\\/\\\/www.holy-supps.nl\\\/#website\",\"url\":\"https:\\\/\\\/www.holy-supps.nl\\\/\",\"name\":\"Holy-Supps.nl\",\"description\":\"Official EHPLabs Reseller!\",\"publisher\":{\"@id\":\"https:\\\/\\\/www.holy-supps.nl\\\/#organization\"},\"potentialAction\":[{\"@type\":\"SearchAction\",\"target\":{\"@type\":\"EntryPoint\",\"urlTemplate\":\"https:\\\/\\\/www.holy-supps.nl\\\/?s={search_term_string}\"},\"query-input\":{\"@type\":\"PropertyValueSpecification\",\"valueRequired\":true,\"valueName\":\"search_term_string\"}}],\"inLanguage\":\"pl-PL\"},{\"@type\":\"Organization\",\"@id\":\"https:\\\/\\\/www.holy-supps.nl\\\/#organization\",\"name\":\"Holy Supps\",\"url\":\"https:\\\/\\\/www.holy-supps.nl\\\/\",\"logo\":{\"@type\":\"ImageObject\",\"inLanguage\":\"pl-PL\",\"@id\":\"https:\\\/\\\/www.holy-supps.nl\\\/#\\\/schema\\\/logo\\\/image\\\/\",\"url\":\"https:\\\/\\\/www.holy-supps.nl\\\/wp-content\\\/uploads\\\/2023\\\/06\\\/HOLY-SUPPS.png\",\"contentUrl\":\"https:\\\/\\\/www.holy-supps.nl\\\/wp-content\\\/uploads\\\/2023\\\/06\\\/HOLY-SUPPS.png\",\"width\":1000,\"height\":400,\"caption\":\"Holy Supps\"},\"image\":{\"@id\":\"https:\\\/\\\/www.holy-supps.nl\\\/#\\\/schema\\\/logo\\\/image\\\/\"},\"sameAs\":[\"https:\\\/\\\/www.facebook.com\\\/holy.supps\",\"https:\\\/\\\/www.instagram.com\\\/holy.supps.shop\\\/\"]}]}<\/script>\n<!-- \/ Yoast SEO plugin. -->","yoast_head_json":{"title":"Oxyshred Non Stim \u2013 spalacz termogeniczny \u2013 Holy-Supps.nl","description":"Oxyshred Non-Stim: Silny spalacz t\u0142uszczu bez kofeiny, wspomaga utrat\u0119 t\u0142uszczu, zwi\u0119ksza energi\u0119 i poprawia koncentracj\u0119. Idealny na dzie\u0144 i na noc.","robots":{"index":"index","follow":"follow","max-snippet":"max-snippet:-1","max-image-preview":"max-image-preview:large","max-video-preview":"max-video-preview:-1"},"canonical":"https:\/\/www.holy-supps.nl\/pl\/produkt\/oxyshred-non-stim-termogeniczny-spalacz-tluszczu\/","og_locale":"pl_PL","og_type":"article","og_title":"Oxyshred Non Stim \u2013 Thermogenic Burner - Holy-Supps.nl","og_description":"Oxyshred Non-Stim: Krachtige vetverbrander zonder cafe\u00efne, bevordert vetverlies, verhoogt energie en verbetert focus. Ideaal voor dag en nacht.","og_url":"https:\/\/www.holy-supps.nl\/pl\/produkt\/oxyshred-non-stim-termogeniczny-spalacz-tluszczu\/","og_site_name":"Holy-Supps.nl","article_publisher":"https:\/\/www.facebook.com\/holy.supps","article_modified_time":"2026-04-24T11:01:21+00:00","og_image":[{"width":990,"height":990,"url":"https:\/\/www.holy-supps.nl\/wp-content\/uploads\/2023\/05\/AUWEBSITEIMAGESNONSTIM2.webp","type":"image\/webp"}],"twitter_card":"summary_large_image","twitter_misc":{"Szacowany czas czytania":"1 minuta"},"schema":{"@context":"https:\/\/schema.org","@graph":[{"@type":"WebPage","@id":"https:\/\/www.holy-supps.nl\/product\/oxyshred-non-stim-thermogenic-fat-burner\/","url":"https:\/\/www.holy-supps.nl\/product\/oxyshred-non-stim-thermogenic-fat-burner\/","name":"Oxyshred Non Stim \u2013 spalacz termogeniczny \u2013 Holy-Supps.nl","isPartOf":{"@id":"https:\/\/www.holy-supps.nl\/#website"},"primaryImageOfPage":{"@id":"https:\/\/www.holy-supps.nl\/product\/oxyshred-non-stim-thermogenic-fat-burner\/#primaryimage"},"image":{"@id":"https:\/\/www.holy-supps.nl\/product\/oxyshred-non-stim-thermogenic-fat-burner\/#primaryimage"},"thumbnailUrl":"https:\/\/www.holy-supps.nl\/wp-content\/uploads\/2023\/05\/AUWEBSITEIMAGESNONSTIM2.webp","datePublished":"2023-05-19T14:20:20+00:00","dateModified":"2026-04-24T11:01:21+00:00","description":"Oxyshred Non-Stim: Silny spalacz t\u0142uszczu bez kofeiny, wspomaga utrat\u0119 t\u0142uszczu, zwi\u0119ksza energi\u0119 i poprawia koncentracj\u0119. Idealny na dzie\u0144 i na noc.","breadcrumb":{"@id":"https:\/\/www.holy-supps.nl\/product\/oxyshred-non-stim-thermogenic-fat-burner\/#breadcrumb"},"inLanguage":"pl-PL","potentialAction":[{"@type":"ReadAction","target":["https:\/\/www.holy-supps.nl\/product\/oxyshred-non-stim-thermogenic-fat-burner\/"]}]},{"@type":"ImageObject","inLanguage":"pl-PL","@id":"https:\/\/www.holy-supps.nl\/product\/oxyshred-non-stim-thermogenic-fat-burner\/#primaryimage","url":"https:\/\/www.holy-supps.nl\/wp-content\/uploads\/2023\/05\/AUWEBSITEIMAGESNONSTIM2.webp","contentUrl":"https:\/\/www.holy-supps.nl\/wp-content\/uploads\/2023\/05\/AUWEBSITEIMAGESNONSTIM2.webp","width":990,"height":990},{"@type":"BreadcrumbList","@id":"https:\/\/www.holy-supps.nl\/product\/oxyshred-non-stim-thermogenic-fat-burner\/#breadcrumb","itemListElement":[{"@type":"ListItem","position":1,"name":"Home","item":"https:\/\/www.holy-supps.nl\/"},{"@type":"ListItem","position":2,"name":"Winkel","item":"https:\/\/www.holy-supps.nl\/winkel\/"},{"@type":"ListItem","position":3,"name":"Oxyshred Non Stim \u2013 Thermogenic Burner"}]},{"@type":"WebSite","@id":"https:\/\/www.holy-supps.nl\/#website","url":"https:\/\/www.holy-supps.nl\/","name":"Holy-Supps.co.uk","description":"Oficjalny dystrybutor EHPLabs!","publisher":{"@id":"https:\/\/www.holy-supps.nl\/#organization"},"potentialAction":[{"@type":"SearchAction","target":{"@type":"EntryPoint","urlTemplate":"https:\/\/www.holy-supps.nl\/?s={search_term_string}"},"query-input":{"@type":"PropertyValueSpecification","valueRequired":true,"valueName":"search_term_string"}}],"inLanguage":"pl-PL"},{"@type":"Organization","@id":"https:\/\/www.holy-supps.nl\/#organization","name":"Holy Supps","url":"https:\/\/www.holy-supps.nl\/","logo":{"@type":"ImageObject","inLanguage":"pl-PL","@id":"https:\/\/www.holy-supps.nl\/#\/schema\/logo\/image\/","url":"https:\/\/www.holy-supps.nl\/wp-content\/uploads\/2023\/06\/HOLY-SUPPS.png","contentUrl":"https:\/\/www.holy-supps.nl\/wp-content\/uploads\/2023\/06\/HOLY-SUPPS.png","width":1000,"height":400,"caption":"Holy Supps"},"image":{"@id":"https:\/\/www.holy-supps.nl\/#\/schema\/logo\/image\/"},"sameAs":["https:\/\/www.facebook.com\/holy.supps","https:\/\/www.instagram.com\/holy.supps.shop\/"]}]}},"jetpack_sharing_enabled":true,"_links":{"self":[{"href":"https:\/\/www.holy-supps.nl\/pl\/wp-json\/wp\/v2\/product\/840","targetHints":{"allow":["GET"]}}],"collection":[{"href":"https:\/\/www.holy-supps.nl\/pl\/wp-json\/wp\/v2\/product"}],"about":[{"href":"https:\/\/www.holy-supps.nl\/pl\/wp-json\/wp\/v2\/types\/product"}],"replies":[{"embeddable":true,"href":"https:\/\/www.holy-supps.nl\/pl\/wp-json\/wp\/v2\/comments?post=840"}],"wp:featuredmedia":[{"embeddable":true,"href":"https:\/\/www.holy-supps.nl\/pl\/wp-json\/wp\/v2\/media\/2464"}],"wp:attachment":[{"href":"https:\/\/www.holy-supps.nl\/pl\/wp-json\/wp\/v2\/media?parent=840"}],"wp:term":[{"taxonomy":"product_brand","embeddable":true,"href":"https:\/\/www.holy-supps.nl\/pl\/wp-json\/wp\/v2\/product_brand?post=840"},{"taxonomy":"product_cat","embeddable":true,"href":"https:\/\/www.holy-supps.nl\/pl\/wp-json\/wp\/v2\/product_cat?post=840"},{"taxonomy":"product_tag","embeddable":true,"href":"https:\/\/www.holy-supps.nl\/pl\/wp-json\/wp\/v2\/product_tag?post=840"}],"curies":[{"name":"wp","href":"https:\/\/api.w.org\/{rel}","templated":true}]}}