{"id":706,"date":"2023-04-07T15:40:32","date_gmt":"2023-04-07T13:40:32","guid":{"rendered":"https:\/\/www.holy-supps.nl\/?post_type=product&#038;p=706"},"modified":"2025-10-22T14:36:55","modified_gmt":"2025-10-22T12:36:55","slug":"protein-works-super-greens-extreme","status":"publish","type":"product","link":"https:\/\/www.holy-supps.nl\/pl\/product\/protein-works-super-greens-extreme\/","title":{"rendered":"Protein Works - Super Greens Extreme"},"content":{"rendered":"<h2>Opis<\/h2>\n<p>The Protein Works <strong>Super Greens<\/strong> to suplement w proszku, kt\u00f3ry sk\u0142ada si\u0119 z mieszanki ponad 20 rodzaj\u00f3w warzyw i owoc\u00f3w.<br \/>\nProdukt zosta\u0142 opracowany jako uzupe\u0142nienie zr\u00f3\u017cnicowanej diety i mo\u017cna go \u0142atwo dodawa\u0107 do wody, koktajli lub innych napoj\u00f3w.<br \/>\nDzi\u0119ki wszechstronnemu sk\u0142adowi jest to praktyczny wyb\u00f3r dla wszystkich, kt\u00f3rzy chc\u0105 wzbogaci\u0107 swoj\u0105 codzienn\u0105 diet\u0119 o sk\u0142adniki pochodzenia ro\u015blinnego.<\/p>\n<hr \/>\n<h2>Zalety<\/h2>\n<ul>\n<li>Mieszanka ponad 20 rodzaj\u00f3w owoc\u00f3w i warzyw w postaci proszku<\/li>\n<li>100% pochodzenia ro\u015blinnego i odpowiedni dla wegan<\/li>\n<li>\u0141atwe do zmieszania z wod\u0105, sokiem lub smoothie<\/li>\n<li>Praktyczna alternatywa dla dodawania dodatkowych warzyw i owoc\u00f3w do diety<\/li>\n<li>Dost\u0119pne w r\u00f3\u017cnych smakach<\/li>\n<\/ul>\n<hr \/>\n<h2>Instrukcja obs\u0142ugi<\/h2>\n<p>Mieszaj <strong>1 miarka (ok. 10 g)<\/strong> Super Greens mo\u017cna spo\u017cywa\u0107 z wod\u0105, sokiem lub doda\u0107 do smoothie.<\/p>\n<ul>\n<li>Zalecane stosowanie: 1 porcja dziennie<\/li>\n<li>Mo\u017cna przyjmowa\u0107 o dowolnej porze dnia.<\/li>\n<li>Przed spo\u017cyciem dobrze wstrz\u0105sn\u0105\u0107 lub wymiesza\u0107.<\/li>\n<\/ul>\n<hr \/>","protected":false},"excerpt":{"rendered":"<p>The Protein Works Super Greens to wszechstronna mieszanka warzyw i owoc\u00f3w w postaci proszku, kt\u00f3r\u0105 mo\u017cna \u0142atwo doda\u0107 do codziennej diety.<br \/>\nProdukt jest w 100% ro\u015blinny, odpowiedni dla wegan i dost\u0119pny w wielu smakach.<br \/>\nWygodny spos\u00f3b na wzbogacenie diety o sk\u0142adniki pochodzenia ro\u015blinnego.<\/p>","protected":false},"featured_media":707,"comment_status":"open","ping_status":"closed","template":"","meta":[],"product_brand":[],"product_cat":[86,89,77,80,87,15,74,71,75,73,81,70],"product_tag":[],"class_list":{"0":"post-706","1":"product","2":"type-product","3":"status-publish","4":"has-post-thumbnail","6":"product_cat-aankomen","7":"product_cat-afvallen","8":"product_cat-bundles-save","9":"product_cat-doel","10":"product_cat-energie-focus","11":"product_cat-geen-categorie","12":"product_cat-health-wellness","13":"product_cat-merken","14":"product_cat-producten","15":"product_cat-protein-works","16":"product_cat-spieropbouw","17":"product_cat-raws","19":"first","20":"outofstock","21":"sale","22":"taxable","23":"shipping-taxable","24":"purchasable","25":"product-type-variable"},"yoast_head":"<!-- This site is optimized with the Yoast SEO plugin v27.5 - https:\/\/yoast.com\/product\/yoast-seo-wordpress\/ -->\n<title>Protein Works - Super Greens Extreme - Holy-Supps.nl<\/title>\n<meta name=\"description\" content=\"Super Greens Extreme: Plantaardig superfoodpoeder met 20+ ingredi\u00ebnten. Versterkt immuniteit, energie en focus. Rijk aan vitaminen, laag in suiker, vegan-friendly.\" \/>\n<meta name=\"robots\" content=\"index, follow, max-snippet:-1, max-image-preview:large, max-video-preview:-1\" \/>\n<link rel=\"canonical\" href=\"https:\/\/www.holy-supps.nl\/pl\/produkt\/protein-works-super-greens-extreme\/\" \/>\n<meta property=\"og:locale\" content=\"pl_PL\" \/>\n<meta property=\"og:type\" content=\"article\" \/>\n<meta property=\"og:title\" content=\"Protein Works - Super Greens Extreme - Holy-Supps.nl\" \/>\n<meta property=\"og:description\" content=\"Super Greens Extreme: Plantaardig superfoodpoeder met 20+ ingredi\u00ebnten. Versterkt immuniteit, energie en focus. Rijk aan vitaminen, laag in suiker, vegan-friendly.\" \/>\n<meta property=\"og:url\" content=\"https:\/\/www.holy-supps.nl\/pl\/produkt\/protein-works-super-greens-extreme\/\" \/>\n<meta property=\"og:site_name\" content=\"Holy-Supps.nl\" \/>\n<meta property=\"article:publisher\" content=\"https:\/\/www.facebook.com\/holy.supps\" \/>\n<meta property=\"article:modified_time\" content=\"2025-10-22T12:36:55+00:00\" \/>\n<meta property=\"og:image\" content=\"https:\/\/www.holy-supps.nl\/wp-content\/uploads\/2023\/04\/Super_Greens_Extreme-1kg_Front_1.webp\" \/>\n\t<meta property=\"og:image:width\" content=\"1000\" \/>\n\t<meta property=\"og:image:height\" content=\"1000\" \/>\n\t<meta property=\"og:image:type\" content=\"image\/webp\" \/>\n<meta name=\"twitter:card\" content=\"summary_large_image\" \/>\n<meta name=\"twitter:label1\" content=\"Szacowany czas czytania\" \/>\n\t<meta name=\"twitter:data1\" content=\"4 minuty\" \/>\n<script type=\"application\/ld+json\" class=\"yoast-schema-graph\">{\"@context\":\"https:\\\/\\\/schema.org\",\"@graph\":[{\"@type\":\"WebPage\",\"@id\":\"https:\\\/\\\/www.holy-supps.nl\\\/product\\\/protein-works-super-greens-extreme\\\/\",\"url\":\"https:\\\/\\\/www.holy-supps.nl\\\/product\\\/protein-works-super-greens-extreme\\\/\",\"name\":\"Protein Works - Super Greens Extreme - Holy-Supps.nl\",\"isPartOf\":{\"@id\":\"https:\\\/\\\/www.holy-supps.nl\\\/#website\"},\"primaryImageOfPage\":{\"@id\":\"https:\\\/\\\/www.holy-supps.nl\\\/product\\\/protein-works-super-greens-extreme\\\/#primaryimage\"},\"image\":{\"@id\":\"https:\\\/\\\/www.holy-supps.nl\\\/product\\\/protein-works-super-greens-extreme\\\/#primaryimage\"},\"thumbnailUrl\":\"https:\\\/\\\/www.holy-supps.nl\\\/wp-content\\\/uploads\\\/2023\\\/04\\\/Super_Greens_Extreme-1kg_Front_1.webp\",\"datePublished\":\"2023-04-07T13:40:32+00:00\",\"dateModified\":\"2025-10-22T12:36:55+00:00\",\"description\":\"Super Greens Extreme: Plantaardig superfoodpoeder met 20+ ingredi\u00ebnten. Versterkt immuniteit, energie en focus. Rijk aan vitaminen, laag in suiker, vegan-friendly.\",\"breadcrumb\":{\"@id\":\"https:\\\/\\\/www.holy-supps.nl\\\/product\\\/protein-works-super-greens-extreme\\\/#breadcrumb\"},\"inLanguage\":\"pl-PL\",\"potentialAction\":[{\"@type\":\"ReadAction\",\"target\":[\"https:\\\/\\\/www.holy-supps.nl\\\/product\\\/protein-works-super-greens-extreme\\\/\"]}]},{\"@type\":\"ImageObject\",\"inLanguage\":\"pl-PL\",\"@id\":\"https:\\\/\\\/www.holy-supps.nl\\\/product\\\/protein-works-super-greens-extreme\\\/#primaryimage\",\"url\":\"https:\\\/\\\/www.holy-supps.nl\\\/wp-content\\\/uploads\\\/2023\\\/04\\\/Super_Greens_Extreme-1kg_Front_1.webp\",\"contentUrl\":\"https:\\\/\\\/www.holy-supps.nl\\\/wp-content\\\/uploads\\\/2023\\\/04\\\/Super_Greens_Extreme-1kg_Front_1.webp\",\"width\":1000,\"height\":1000},{\"@type\":\"BreadcrumbList\",\"@id\":\"https:\\\/\\\/www.holy-supps.nl\\\/product\\\/protein-works-super-greens-extreme\\\/#breadcrumb\",\"itemListElement\":[{\"@type\":\"ListItem\",\"position\":1,\"name\":\"Home\",\"item\":\"https:\\\/\\\/www.holy-supps.nl\\\/\"},{\"@type\":\"ListItem\",\"position\":2,\"name\":\"Winkel\",\"item\":\"https:\\\/\\\/www.holy-supps.nl\\\/winkel\\\/\"},{\"@type\":\"ListItem\",\"position\":3,\"name\":\"Protein Works &#8211; Super Greens Extreme\"}]},{\"@type\":\"WebSite\",\"@id\":\"https:\\\/\\\/www.holy-supps.nl\\\/#website\",\"url\":\"https:\\\/\\\/www.holy-supps.nl\\\/\",\"name\":\"Holy-Supps.nl\",\"description\":\"Official EHPLabs Reseller!\",\"publisher\":{\"@id\":\"https:\\\/\\\/www.holy-supps.nl\\\/#organization\"},\"potentialAction\":[{\"@type\":\"SearchAction\",\"target\":{\"@type\":\"EntryPoint\",\"urlTemplate\":\"https:\\\/\\\/www.holy-supps.nl\\\/?s={search_term_string}\"},\"query-input\":{\"@type\":\"PropertyValueSpecification\",\"valueRequired\":true,\"valueName\":\"search_term_string\"}}],\"inLanguage\":\"pl-PL\"},{\"@type\":\"Organization\",\"@id\":\"https:\\\/\\\/www.holy-supps.nl\\\/#organization\",\"name\":\"Holy Supps\",\"url\":\"https:\\\/\\\/www.holy-supps.nl\\\/\",\"logo\":{\"@type\":\"ImageObject\",\"inLanguage\":\"pl-PL\",\"@id\":\"https:\\\/\\\/www.holy-supps.nl\\\/#\\\/schema\\\/logo\\\/image\\\/\",\"url\":\"https:\\\/\\\/www.holy-supps.nl\\\/wp-content\\\/uploads\\\/2023\\\/06\\\/HOLY-SUPPS.png\",\"contentUrl\":\"https:\\\/\\\/www.holy-supps.nl\\\/wp-content\\\/uploads\\\/2023\\\/06\\\/HOLY-SUPPS.png\",\"width\":1000,\"height\":400,\"caption\":\"Holy Supps\"},\"image\":{\"@id\":\"https:\\\/\\\/www.holy-supps.nl\\\/#\\\/schema\\\/logo\\\/image\\\/\"},\"sameAs\":[\"https:\\\/\\\/www.facebook.com\\\/holy.supps\",\"https:\\\/\\\/www.instagram.com\\\/holy.supps.shop\\\/\"]}]}<\/script>\n<!-- \/ Yoast SEO plugin. -->","yoast_head_json":{"title":"Protein Works - Super Greens Extreme - Holy-Supps.pl","description":"Super Greens Extreme: Ro\u015blinny superfoods w proszku z ponad 20 sk\u0142adnikami. Wzmacnia odporno\u015b\u0107, energi\u0119 i koncentracj\u0119. Bogaty w witaminy, o niskiej zawarto\u015bci cukru, przyjazny dla wegan.","robots":{"index":"index","follow":"follow","max-snippet":"max-snippet:-1","max-image-preview":"max-image-preview:large","max-video-preview":"max-video-preview:-1"},"canonical":"https:\/\/www.holy-supps.nl\/pl\/produkt\/protein-works-super-greens-extreme\/","og_locale":"pl_PL","og_type":"article","og_title":"Protein Works - Super Greens Extreme - Holy-Supps.nl","og_description":"Super Greens Extreme: Plantaardig superfoodpoeder met 20+ ingredi\u00ebnten. Versterkt immuniteit, energie en focus. Rijk aan vitaminen, laag in suiker, vegan-friendly.","og_url":"https:\/\/www.holy-supps.nl\/pl\/produkt\/protein-works-super-greens-extreme\/","og_site_name":"Holy-Supps.nl","article_publisher":"https:\/\/www.facebook.com\/holy.supps","article_modified_time":"2025-10-22T12:36:55+00:00","og_image":[{"width":1000,"height":1000,"url":"https:\/\/www.holy-supps.nl\/wp-content\/uploads\/2023\/04\/Super_Greens_Extreme-1kg_Front_1.webp","type":"image\/webp"}],"twitter_card":"summary_large_image","twitter_misc":{"Szacowany czas czytania":"4 minuty"},"schema":{"@context":"https:\/\/schema.org","@graph":[{"@type":"WebPage","@id":"https:\/\/www.holy-supps.nl\/product\/protein-works-super-greens-extreme\/","url":"https:\/\/www.holy-supps.nl\/product\/protein-works-super-greens-extreme\/","name":"Protein Works - Super Greens Extreme - Holy-Supps.pl","isPartOf":{"@id":"https:\/\/www.holy-supps.nl\/#website"},"primaryImageOfPage":{"@id":"https:\/\/www.holy-supps.nl\/product\/protein-works-super-greens-extreme\/#primaryimage"},"image":{"@id":"https:\/\/www.holy-supps.nl\/product\/protein-works-super-greens-extreme\/#primaryimage"},"thumbnailUrl":"https:\/\/www.holy-supps.nl\/wp-content\/uploads\/2023\/04\/Super_Greens_Extreme-1kg_Front_1.webp","datePublished":"2023-04-07T13:40:32+00:00","dateModified":"2025-10-22T12:36:55+00:00","description":"Super Greens Extreme: Ro\u015blinny superfoods w proszku z ponad 20 sk\u0142adnikami. Wzmacnia odporno\u015b\u0107, energi\u0119 i koncentracj\u0119. Bogaty w witaminy, o niskiej zawarto\u015bci cukru, przyjazny dla wegan.","breadcrumb":{"@id":"https:\/\/www.holy-supps.nl\/product\/protein-works-super-greens-extreme\/#breadcrumb"},"inLanguage":"pl-PL","potentialAction":[{"@type":"ReadAction","target":["https:\/\/www.holy-supps.nl\/product\/protein-works-super-greens-extreme\/"]}]},{"@type":"ImageObject","inLanguage":"pl-PL","@id":"https:\/\/www.holy-supps.nl\/product\/protein-works-super-greens-extreme\/#primaryimage","url":"https:\/\/www.holy-supps.nl\/wp-content\/uploads\/2023\/04\/Super_Greens_Extreme-1kg_Front_1.webp","contentUrl":"https:\/\/www.holy-supps.nl\/wp-content\/uploads\/2023\/04\/Super_Greens_Extreme-1kg_Front_1.webp","width":1000,"height":1000},{"@type":"BreadcrumbList","@id":"https:\/\/www.holy-supps.nl\/product\/protein-works-super-greens-extreme\/#breadcrumb","itemListElement":[{"@type":"ListItem","position":1,"name":"Home","item":"https:\/\/www.holy-supps.nl\/"},{"@type":"ListItem","position":2,"name":"Winkel","item":"https:\/\/www.holy-supps.nl\/winkel\/"},{"@type":"ListItem","position":3,"name":"Protein Works &#8211; Super Greens Extreme"}]},{"@type":"WebSite","@id":"https:\/\/www.holy-supps.nl\/#website","url":"https:\/\/www.holy-supps.nl\/","name":"Holy-Supps.co.uk","description":"Oficjalny dystrybutor EHPLabs!","publisher":{"@id":"https:\/\/www.holy-supps.nl\/#organization"},"potentialAction":[{"@type":"SearchAction","target":{"@type":"EntryPoint","urlTemplate":"https:\/\/www.holy-supps.nl\/?s={search_term_string}"},"query-input":{"@type":"PropertyValueSpecification","valueRequired":true,"valueName":"search_term_string"}}],"inLanguage":"pl-PL"},{"@type":"Organization","@id":"https:\/\/www.holy-supps.nl\/#organization","name":"Holy Supps","url":"https:\/\/www.holy-supps.nl\/","logo":{"@type":"ImageObject","inLanguage":"pl-PL","@id":"https:\/\/www.holy-supps.nl\/#\/schema\/logo\/image\/","url":"https:\/\/www.holy-supps.nl\/wp-content\/uploads\/2023\/06\/HOLY-SUPPS.png","contentUrl":"https:\/\/www.holy-supps.nl\/wp-content\/uploads\/2023\/06\/HOLY-SUPPS.png","width":1000,"height":400,"caption":"Holy Supps"},"image":{"@id":"https:\/\/www.holy-supps.nl\/#\/schema\/logo\/image\/"},"sameAs":["https:\/\/www.facebook.com\/holy.supps","https:\/\/www.instagram.com\/holy.supps.shop\/"]}]}},"jetpack_sharing_enabled":true,"_links":{"self":[{"href":"https:\/\/www.holy-supps.nl\/pl\/wp-json\/wp\/v2\/product\/706","targetHints":{"allow":["GET"]}}],"collection":[{"href":"https:\/\/www.holy-supps.nl\/pl\/wp-json\/wp\/v2\/product"}],"about":[{"href":"https:\/\/www.holy-supps.nl\/pl\/wp-json\/wp\/v2\/types\/product"}],"replies":[{"embeddable":true,"href":"https:\/\/www.holy-supps.nl\/pl\/wp-json\/wp\/v2\/comments?post=706"}],"wp:featuredmedia":[{"embeddable":true,"href":"https:\/\/www.holy-supps.nl\/pl\/wp-json\/wp\/v2\/media\/707"}],"wp:attachment":[{"href":"https:\/\/www.holy-supps.nl\/pl\/wp-json\/wp\/v2\/media?parent=706"}],"wp:term":[{"taxonomy":"product_brand","embeddable":true,"href":"https:\/\/www.holy-supps.nl\/pl\/wp-json\/wp\/v2\/product_brand?post=706"},{"taxonomy":"product_cat","embeddable":true,"href":"https:\/\/www.holy-supps.nl\/pl\/wp-json\/wp\/v2\/product_cat?post=706"},{"taxonomy":"product_tag","embeddable":true,"href":"https:\/\/www.holy-supps.nl\/pl\/wp-json\/wp\/v2\/product_tag?post=706"}],"curies":[{"name":"wp","href":"https:\/\/api.w.org\/{rel}","templated":true}]}}