{"id":657,"date":"2023-03-24T17:28:18","date_gmt":"2023-03-24T16:28:18","guid":{"rendered":"https:\/\/www.holy-supps.nl\/?post_type=product&#038;p=657"},"modified":"2026-01-24T20:38:39","modified_gmt":"2026-01-24T19:38:39","slug":"bialko-owsiane-na-noc-dziala","status":"publish","type":"product","link":"https:\/\/www.holy-supps.nl\/pl\/product\/overnight-oats-protein-works\/","title":{"rendered":"Owies na noc - Protein Works"},"content":{"rendered":"<h2>Opis<\/h2>\n<p>Overnight Oats od The Protein Works to wygodna opcja \u015bniadaniowa na bazie owsa.<br \/>\nMieszank\u0119 mo\u017cna \u0142atwo przygotowa\u0107, pozostawiaj\u0105c j\u0105 na noc w lod\u00f3wce z mlekiem lub napojem ro\u015blinnym.<br \/>\nDost\u0119pne w wielu smakach i opracowane jako praktyczny wyb\u00f3r na po\u017cywny pocz\u0105tek dnia lub \u0142atw\u0105 przek\u0105sk\u0119.<\/p>\n<h2>Zalety<\/h2>\n<ul>\n<li>Wygodna mieszanka na bazie owsa<\/li>\n<li>\u0141atwe w przygotowaniu: pozostawi\u0107 na noc w lod\u00f3wce do namoczenia.<\/li>\n<li>Dost\u0119pne w r\u00f3\u017cnych smakach<\/li>\n<li>Odpowiedni jako \u015bniadanie lub przek\u0105ska<\/li>\n<li>Mo\u017cna \u0142\u0105czy\u0107 z mlekiem, jogurtem lub alternatywami ro\u015blinnymi.<\/li>\n<\/ul>\n<h2>Instrukcja obs\u0142ugi<\/h2>\n<p>Wymieszaj \u017c\u0105dan\u0105 ilo\u015b\u0107 p\u0142atk\u00f3w Overnight Oats z mlekiem, jogurtem lub napojem ro\u015blinnym.<br \/>\nWstaw mieszank\u0119 na kilka godzin lub na noc do lod\u00f3wki.<br \/>\nPrzed podaniem mo\u017cna doda\u0107 owoce lub orzechy wed\u0142ug uznania.<br \/>\nZawsze post\u0119puj zgodnie z zaleceniami dotycz\u0105cymi przygotowania podanymi na opakowaniu.<\/p>","protected":false},"excerpt":{"rendered":"<p>Overnight Oats od The Protein Works to gotowe posi\u0142ki owsiane, kt\u00f3re mo\u017cna \u0142atwo przygotowa\u0107, pozostawiaj\u0105c je na noc w lod\u00f3wce. Mieszanka \u0142\u0105czy owies z dodatkowymi sk\u0142adnikami, kt\u00f3re zapewniaj\u0105 smak i r\u00f3\u017cnorodno\u015b\u0107. Idealne na szybkie i praktyczne \u015bniadanie lub przek\u0105sk\u0119.<\/p>","protected":false},"featured_media":658,"comment_status":"open","ping_status":"closed","template":"","meta":[],"product_brand":[],"product_cat":[77,79,71,73,78],"product_tag":[],"class_list":{"0":"post-657","1":"product","2":"type-product","3":"status-publish","4":"has-post-thumbnail","6":"product_cat-bundles-save","7":"product_cat-maaltijdvervangers","8":"product_cat-merken","9":"product_cat-protein-works","10":"product_cat-voeding-snacks","12":"first","13":"outofstock","14":"sale","15":"taxable","16":"shipping-taxable","17":"purchasable","18":"product-type-variable"},"yoast_head":"<!-- This site is optimized with the Yoast SEO plugin v27.4 - https:\/\/yoast.com\/product\/yoast-seo-wordpress\/ -->\n<title>Overnight Oats - Protein Works - Holy-Supps.nl<\/title>\n<meta name=\"description\" content=\"Begin je dag sterk met Protein Works Overnight Oats! Rijk aan eiwitten, vezels en heerlijke smaken voor een voedzaam en makkelijk ontbijt.\" \/>\n<meta name=\"robots\" content=\"index, follow, max-snippet:-1, max-image-preview:large, max-video-preview:-1\" \/>\n<link rel=\"canonical\" href=\"https:\/\/www.holy-supps.nl\/pl\/produkt\/bialko-owsiane-na-noc-dziala\/\" \/>\n<meta property=\"og:locale\" content=\"pl_PL\" \/>\n<meta property=\"og:type\" content=\"article\" \/>\n<meta property=\"og:title\" content=\"Overnight Oats - Protein Works - Holy-Supps.nl\" \/>\n<meta property=\"og:description\" content=\"Begin je dag sterk met Protein Works Overnight Oats! Rijk aan eiwitten, vezels en heerlijke smaken voor een voedzaam en makkelijk ontbijt.\" \/>\n<meta property=\"og:url\" content=\"https:\/\/www.holy-supps.nl\/pl\/produkt\/bialko-owsiane-na-noc-dziala\/\" \/>\n<meta property=\"og:site_name\" content=\"Holy-Supps.nl\" \/>\n<meta property=\"article:publisher\" content=\"https:\/\/www.facebook.com\/holy.supps\" \/>\n<meta property=\"article:modified_time\" content=\"2026-01-24T19:38:39+00:00\" \/>\n<meta property=\"og:image\" content=\"https:\/\/www.holy-supps.nl\/wp-content\/uploads\/2023\/03\/Overnight_Oats-1kg_Front_1.webp\" \/>\n\t<meta property=\"og:image:width\" content=\"1000\" \/>\n\t<meta property=\"og:image:height\" content=\"1000\" \/>\n\t<meta property=\"og:image:type\" content=\"image\/webp\" \/>\n<meta name=\"twitter:card\" content=\"summary_large_image\" \/>\n<meta name=\"twitter:label1\" content=\"Szacowany czas czytania\" \/>\n\t<meta name=\"twitter:data1\" content=\"5 minut\" \/>\n<script type=\"application\/ld+json\" class=\"yoast-schema-graph\">{\"@context\":\"https:\\\/\\\/schema.org\",\"@graph\":[{\"@type\":\"WebPage\",\"@id\":\"https:\\\/\\\/www.holy-supps.nl\\\/product\\\/overnight-oats-protein-works\\\/\",\"url\":\"https:\\\/\\\/www.holy-supps.nl\\\/product\\\/overnight-oats-protein-works\\\/\",\"name\":\"Overnight Oats - Protein Works - Holy-Supps.nl\",\"isPartOf\":{\"@id\":\"https:\\\/\\\/www.holy-supps.nl\\\/#website\"},\"primaryImageOfPage\":{\"@id\":\"https:\\\/\\\/www.holy-supps.nl\\\/product\\\/overnight-oats-protein-works\\\/#primaryimage\"},\"image\":{\"@id\":\"https:\\\/\\\/www.holy-supps.nl\\\/product\\\/overnight-oats-protein-works\\\/#primaryimage\"},\"thumbnailUrl\":\"https:\\\/\\\/www.holy-supps.nl\\\/wp-content\\\/uploads\\\/2023\\\/03\\\/Overnight_Oats-1kg_Front_1.webp\",\"datePublished\":\"2023-03-24T16:28:18+00:00\",\"dateModified\":\"2026-01-24T19:38:39+00:00\",\"description\":\"Begin je dag sterk met Protein Works Overnight Oats! Rijk aan eiwitten, vezels en heerlijke smaken voor een voedzaam en makkelijk ontbijt.\",\"breadcrumb\":{\"@id\":\"https:\\\/\\\/www.holy-supps.nl\\\/product\\\/overnight-oats-protein-works\\\/#breadcrumb\"},\"inLanguage\":\"pl-PL\",\"potentialAction\":[{\"@type\":\"ReadAction\",\"target\":[\"https:\\\/\\\/www.holy-supps.nl\\\/product\\\/overnight-oats-protein-works\\\/\"]}]},{\"@type\":\"ImageObject\",\"inLanguage\":\"pl-PL\",\"@id\":\"https:\\\/\\\/www.holy-supps.nl\\\/product\\\/overnight-oats-protein-works\\\/#primaryimage\",\"url\":\"https:\\\/\\\/www.holy-supps.nl\\\/wp-content\\\/uploads\\\/2023\\\/03\\\/Overnight_Oats-1kg_Front_1.webp\",\"contentUrl\":\"https:\\\/\\\/www.holy-supps.nl\\\/wp-content\\\/uploads\\\/2023\\\/03\\\/Overnight_Oats-1kg_Front_1.webp\",\"width\":1000,\"height\":1000},{\"@type\":\"BreadcrumbList\",\"@id\":\"https:\\\/\\\/www.holy-supps.nl\\\/product\\\/overnight-oats-protein-works\\\/#breadcrumb\",\"itemListElement\":[{\"@type\":\"ListItem\",\"position\":1,\"name\":\"Home\",\"item\":\"https:\\\/\\\/www.holy-supps.nl\\\/\"},{\"@type\":\"ListItem\",\"position\":2,\"name\":\"Winkel\",\"item\":\"https:\\\/\\\/www.holy-supps.nl\\\/winkel\\\/\"},{\"@type\":\"ListItem\",\"position\":3,\"name\":\"Overnight Oats &#8211; Protein Works\"}]},{\"@type\":\"WebSite\",\"@id\":\"https:\\\/\\\/www.holy-supps.nl\\\/#website\",\"url\":\"https:\\\/\\\/www.holy-supps.nl\\\/\",\"name\":\"Holy-Supps.nl\",\"description\":\"Official EHPLabs Reseller!\",\"publisher\":{\"@id\":\"https:\\\/\\\/www.holy-supps.nl\\\/#organization\"},\"potentialAction\":[{\"@type\":\"SearchAction\",\"target\":{\"@type\":\"EntryPoint\",\"urlTemplate\":\"https:\\\/\\\/www.holy-supps.nl\\\/?s={search_term_string}\"},\"query-input\":{\"@type\":\"PropertyValueSpecification\",\"valueRequired\":true,\"valueName\":\"search_term_string\"}}],\"inLanguage\":\"pl-PL\"},{\"@type\":\"Organization\",\"@id\":\"https:\\\/\\\/www.holy-supps.nl\\\/#organization\",\"name\":\"Holy Supps\",\"url\":\"https:\\\/\\\/www.holy-supps.nl\\\/\",\"logo\":{\"@type\":\"ImageObject\",\"inLanguage\":\"pl-PL\",\"@id\":\"https:\\\/\\\/www.holy-supps.nl\\\/#\\\/schema\\\/logo\\\/image\\\/\",\"url\":\"https:\\\/\\\/www.holy-supps.nl\\\/wp-content\\\/uploads\\\/2023\\\/06\\\/HOLY-SUPPS.png\",\"contentUrl\":\"https:\\\/\\\/www.holy-supps.nl\\\/wp-content\\\/uploads\\\/2023\\\/06\\\/HOLY-SUPPS.png\",\"width\":1000,\"height\":400,\"caption\":\"Holy Supps\"},\"image\":{\"@id\":\"https:\\\/\\\/www.holy-supps.nl\\\/#\\\/schema\\\/logo\\\/image\\\/\"},\"sameAs\":[\"https:\\\/\\\/www.facebook.com\\\/holy.supps\",\"https:\\\/\\\/www.instagram.com\\\/holy.supps.shop\\\/\"]}]}<\/script>\n<!-- \/ Yoast SEO plugin. -->","yoast_head_json":{"title":"Overnight Oats - Protein Works - Holy-Supps.pl","description":"Rozpocznij dzie\u0144 z Protein Works Overnight Oats! Bogate w bia\u0142ko, b\u0142onnik i pyszne smaki na po\u017cywne i \u0142atwe \u015bniadanie.","robots":{"index":"index","follow":"follow","max-snippet":"max-snippet:-1","max-image-preview":"max-image-preview:large","max-video-preview":"max-video-preview:-1"},"canonical":"https:\/\/www.holy-supps.nl\/pl\/produkt\/bialko-owsiane-na-noc-dziala\/","og_locale":"pl_PL","og_type":"article","og_title":"Overnight Oats - Protein Works - Holy-Supps.nl","og_description":"Begin je dag sterk met Protein Works Overnight Oats! Rijk aan eiwitten, vezels en heerlijke smaken voor een voedzaam en makkelijk ontbijt.","og_url":"https:\/\/www.holy-supps.nl\/pl\/produkt\/bialko-owsiane-na-noc-dziala\/","og_site_name":"Holy-Supps.nl","article_publisher":"https:\/\/www.facebook.com\/holy.supps","article_modified_time":"2026-01-24T19:38:39+00:00","og_image":[{"width":1000,"height":1000,"url":"https:\/\/www.holy-supps.nl\/wp-content\/uploads\/2023\/03\/Overnight_Oats-1kg_Front_1.webp","type":"image\/webp"}],"twitter_card":"summary_large_image","twitter_misc":{"Szacowany czas czytania":"5 minut"},"schema":{"@context":"https:\/\/schema.org","@graph":[{"@type":"WebPage","@id":"https:\/\/www.holy-supps.nl\/product\/overnight-oats-protein-works\/","url":"https:\/\/www.holy-supps.nl\/product\/overnight-oats-protein-works\/","name":"Overnight Oats - Protein Works - Holy-Supps.pl","isPartOf":{"@id":"https:\/\/www.holy-supps.nl\/#website"},"primaryImageOfPage":{"@id":"https:\/\/www.holy-supps.nl\/product\/overnight-oats-protein-works\/#primaryimage"},"image":{"@id":"https:\/\/www.holy-supps.nl\/product\/overnight-oats-protein-works\/#primaryimage"},"thumbnailUrl":"https:\/\/www.holy-supps.nl\/wp-content\/uploads\/2023\/03\/Overnight_Oats-1kg_Front_1.webp","datePublished":"2023-03-24T16:28:18+00:00","dateModified":"2026-01-24T19:38:39+00:00","description":"Rozpocznij dzie\u0144 z Protein Works Overnight Oats! Bogate w bia\u0142ko, b\u0142onnik i pyszne smaki na po\u017cywne i \u0142atwe \u015bniadanie.","breadcrumb":{"@id":"https:\/\/www.holy-supps.nl\/product\/overnight-oats-protein-works\/#breadcrumb"},"inLanguage":"pl-PL","potentialAction":[{"@type":"ReadAction","target":["https:\/\/www.holy-supps.nl\/product\/overnight-oats-protein-works\/"]}]},{"@type":"ImageObject","inLanguage":"pl-PL","@id":"https:\/\/www.holy-supps.nl\/product\/overnight-oats-protein-works\/#primaryimage","url":"https:\/\/www.holy-supps.nl\/wp-content\/uploads\/2023\/03\/Overnight_Oats-1kg_Front_1.webp","contentUrl":"https:\/\/www.holy-supps.nl\/wp-content\/uploads\/2023\/03\/Overnight_Oats-1kg_Front_1.webp","width":1000,"height":1000},{"@type":"BreadcrumbList","@id":"https:\/\/www.holy-supps.nl\/product\/overnight-oats-protein-works\/#breadcrumb","itemListElement":[{"@type":"ListItem","position":1,"name":"Home","item":"https:\/\/www.holy-supps.nl\/"},{"@type":"ListItem","position":2,"name":"Winkel","item":"https:\/\/www.holy-supps.nl\/winkel\/"},{"@type":"ListItem","position":3,"name":"Overnight Oats &#8211; Protein Works"}]},{"@type":"WebSite","@id":"https:\/\/www.holy-supps.nl\/#website","url":"https:\/\/www.holy-supps.nl\/","name":"Holy-Supps.co.uk","description":"Oficjalny dystrybutor EHPLabs!","publisher":{"@id":"https:\/\/www.holy-supps.nl\/#organization"},"potentialAction":[{"@type":"SearchAction","target":{"@type":"EntryPoint","urlTemplate":"https:\/\/www.holy-supps.nl\/?s={search_term_string}"},"query-input":{"@type":"PropertyValueSpecification","valueRequired":true,"valueName":"search_term_string"}}],"inLanguage":"pl-PL"},{"@type":"Organization","@id":"https:\/\/www.holy-supps.nl\/#organization","name":"Holy Supps","url":"https:\/\/www.holy-supps.nl\/","logo":{"@type":"ImageObject","inLanguage":"pl-PL","@id":"https:\/\/www.holy-supps.nl\/#\/schema\/logo\/image\/","url":"https:\/\/www.holy-supps.nl\/wp-content\/uploads\/2023\/06\/HOLY-SUPPS.png","contentUrl":"https:\/\/www.holy-supps.nl\/wp-content\/uploads\/2023\/06\/HOLY-SUPPS.png","width":1000,"height":400,"caption":"Holy Supps"},"image":{"@id":"https:\/\/www.holy-supps.nl\/#\/schema\/logo\/image\/"},"sameAs":["https:\/\/www.facebook.com\/holy.supps","https:\/\/www.instagram.com\/holy.supps.shop\/"]}]}},"jetpack_sharing_enabled":true,"_links":{"self":[{"href":"https:\/\/www.holy-supps.nl\/pl\/wp-json\/wp\/v2\/product\/657","targetHints":{"allow":["GET"]}}],"collection":[{"href":"https:\/\/www.holy-supps.nl\/pl\/wp-json\/wp\/v2\/product"}],"about":[{"href":"https:\/\/www.holy-supps.nl\/pl\/wp-json\/wp\/v2\/types\/product"}],"replies":[{"embeddable":true,"href":"https:\/\/www.holy-supps.nl\/pl\/wp-json\/wp\/v2\/comments?post=657"}],"wp:featuredmedia":[{"embeddable":true,"href":"https:\/\/www.holy-supps.nl\/pl\/wp-json\/wp\/v2\/media\/658"}],"wp:attachment":[{"href":"https:\/\/www.holy-supps.nl\/pl\/wp-json\/wp\/v2\/media?parent=657"}],"wp:term":[{"taxonomy":"product_brand","embeddable":true,"href":"https:\/\/www.holy-supps.nl\/pl\/wp-json\/wp\/v2\/product_brand?post=657"},{"taxonomy":"product_cat","embeddable":true,"href":"https:\/\/www.holy-supps.nl\/pl\/wp-json\/wp\/v2\/product_cat?post=657"},{"taxonomy":"product_tag","embeddable":true,"href":"https:\/\/www.holy-supps.nl\/pl\/wp-json\/wp\/v2\/product_tag?post=657"}],"curies":[{"name":"wp","href":"https:\/\/api.w.org\/{rel}","templated":true}]}}