{"id":654,"date":"2023-03-24T17:10:50","date_gmt":"2023-03-24T16:10:50","guid":{"rendered":"https:\/\/www.holy-supps.nl\/?post_type=product&#038;p=654"},"modified":"2026-01-22T08:18:11","modified_gmt":"2026-01-22T07:18:11","slug":"monohydrat-kreatyny-500gr-bialko-dziala","status":"publish","type":"product","link":"https:\/\/www.holy-supps.nl\/pl\/product\/creatine-monohydrate-500gr-protein-works\/","title":{"rendered":"Monohydrat kreatyny - 500 g - Protein Works"},"content":{"rendered":"<h2>Opis<\/h2>\n<p>The Protein Works <strong>Monohydrat kreatyny<\/strong> to suplement kreatyny w postaci proszku. Produkt zawiera czysty monohydrat kreatyny bez dodatk\u00f3w i mo\u017cna go \u0142atwo wymiesza\u0107 z wod\u0105 lub innym napojem. Dzi\u0119ki temu jest popularnym wyborem w\u015br\u00f3d sportowc\u00f3w, kt\u00f3rzy chc\u0105 uzupe\u0142ni\u0107 swoj\u0105 suplementacj\u0119 o czysty produkt.<\/p>\n<hr \/>\n<h2>Zalety<\/h2>\n<ul>\n<li>100% czysty monohydrat kreatyny<\/li>\n<li>Bez dodatk\u00f3w i wype\u0142niaczy<\/li>\n<li>\u0141atwo rozpuszczalny w wodzie lub innych napojach<\/li>\n<li>Nadaje si\u0119 do codziennego u\u017cytku<\/li>\n<li>Dost\u0119pne w r\u00f3\u017cnych rozmiarach opakowa\u0144<\/li>\n<\/ul>\n<hr \/>\n<h2>Instrukcja obs\u0142ugi<\/h2>\n<p>Mieszaj <strong>1 miarka (ok. 5 g)<\/strong> Monohydrat kreatyny z wod\u0105 lub innym napojem wed\u0142ug uznania.<\/p>\n<ul>\n<li>Zalecane stosowanie: 1 porcja dziennie<\/li>\n<li>Mo\u017cna przyjmowa\u0107 o dowolnej porze dnia.<\/li>\n<li>Przed u\u017cyciem dobrze wymiesza\u0107 lub wstrz\u0105sn\u0105\u0107.<\/li>\n<li>Aby zapewni\u0107 sta\u0142e dzia\u0142anie, przechowuj w suchym i ch\u0142odnym miejscu.<\/li>\n<\/ul>\n<hr \/>","protected":false},"excerpt":{"rendered":"<p>Monohydrat kreatyny firmy The Protein Works to czysty proszek kreatyny bez dodatk\u00f3w. Jest rozpuszczalny w wodzie lub napojach i nadaje si\u0119 do codziennego stosowania. Prosty spos\u00f3b na uzupe\u0142nienie codziennej suplementacji.<\/p>","protected":false},"featured_media":655,"comment_status":"open","ping_status":"closed","template":"","meta":[],"product_brand":[],"product_cat":[86,77,90,80,15,74,71,75,73,70],"product_tag":[],"class_list":{"0":"post-654","1":"product","2":"type-product","3":"status-publish","4":"has-post-thumbnail","6":"product_cat-aankomen","7":"product_cat-bundles-save","8":"product_cat-creatine","9":"product_cat-doel","10":"product_cat-geen-categorie","11":"product_cat-health-wellness","12":"product_cat-merken","13":"product_cat-producten","14":"product_cat-protein-works","15":"product_cat-raws","17":"first","18":"outofstock","19":"sale","20":"taxable","21":"shipping-taxable","22":"purchasable","23":"product-type-simple"},"yoast_head":"<!-- This site is optimized with the Yoast SEO plugin v27.3 - https:\/\/yoast.com\/product\/yoast-seo-wordpress\/ -->\n<title>Creatine Monohydrate - 500GR - Protein Works - Holy-Supps.nl<\/title>\n<meta name=\"description\" content=\"Verbeter je prestaties en spierkracht met Creatine Monohydraat van Protein Works. 99,9% puur en ideaal voor intensieve trainingen.\" \/>\n<meta name=\"robots\" content=\"index, follow, max-snippet:-1, max-image-preview:large, max-video-preview:-1\" \/>\n<link rel=\"canonical\" href=\"https:\/\/www.holy-supps.nl\/pl\/produkt\/monohydrat-kreatyny-500gr-bialko-dziala\/\" \/>\n<meta property=\"og:locale\" content=\"pl_PL\" \/>\n<meta property=\"og:type\" content=\"article\" \/>\n<meta property=\"og:title\" content=\"Creatine Monohydrate - 500GR - Protein Works - Holy-Supps.nl\" \/>\n<meta property=\"og:description\" content=\"Verbeter je prestaties en spierkracht met Creatine Monohydraat van Protein Works. 99,9% puur en ideaal voor intensieve trainingen.\" \/>\n<meta property=\"og:url\" content=\"https:\/\/www.holy-supps.nl\/pl\/produkt\/monohydrat-kreatyny-500gr-bialko-dziala\/\" \/>\n<meta property=\"og:site_name\" content=\"Holy-Supps.nl\" \/>\n<meta property=\"article:publisher\" content=\"https:\/\/www.facebook.com\/holy.supps\" \/>\n<meta property=\"article:modified_time\" content=\"2026-01-22T07:18:11+00:00\" \/>\n<meta property=\"og:image\" content=\"https:\/\/www.holy-supps.nl\/wp-content\/uploads\/2023\/03\/Creatine_Monohydrate-1kg_Front_1.webp\" \/>\n\t<meta property=\"og:image:width\" content=\"1000\" \/>\n\t<meta property=\"og:image:height\" content=\"1000\" \/>\n\t<meta property=\"og:image:type\" content=\"image\/webp\" \/>\n<meta name=\"twitter:card\" content=\"summary_large_image\" \/>\n<meta name=\"twitter:label1\" content=\"Szacowany czas czytania\" \/>\n\t<meta name=\"twitter:data1\" content=\"3 minuty\" \/>\n<script type=\"application\/ld+json\" class=\"yoast-schema-graph\">{\"@context\":\"https:\\\/\\\/schema.org\",\"@graph\":[{\"@type\":\"WebPage\",\"@id\":\"https:\\\/\\\/www.holy-supps.nl\\\/product\\\/creatine-monohydrate-500gr-protein-works\\\/\",\"url\":\"https:\\\/\\\/www.holy-supps.nl\\\/product\\\/creatine-monohydrate-500gr-protein-works\\\/\",\"name\":\"Creatine Monohydrate - 500GR - Protein Works - Holy-Supps.nl\",\"isPartOf\":{\"@id\":\"https:\\\/\\\/www.holy-supps.nl\\\/#website\"},\"primaryImageOfPage\":{\"@id\":\"https:\\\/\\\/www.holy-supps.nl\\\/product\\\/creatine-monohydrate-500gr-protein-works\\\/#primaryimage\"},\"image\":{\"@id\":\"https:\\\/\\\/www.holy-supps.nl\\\/product\\\/creatine-monohydrate-500gr-protein-works\\\/#primaryimage\"},\"thumbnailUrl\":\"https:\\\/\\\/www.holy-supps.nl\\\/wp-content\\\/uploads\\\/2023\\\/03\\\/Creatine_Monohydrate-1kg_Front_1.webp\",\"datePublished\":\"2023-03-24T16:10:50+00:00\",\"dateModified\":\"2026-01-22T07:18:11+00:00\",\"description\":\"Verbeter je prestaties en spierkracht met Creatine Monohydraat van Protein Works. 99,9% puur en ideaal voor intensieve trainingen.\",\"breadcrumb\":{\"@id\":\"https:\\\/\\\/www.holy-supps.nl\\\/product\\\/creatine-monohydrate-500gr-protein-works\\\/#breadcrumb\"},\"inLanguage\":\"pl-PL\",\"potentialAction\":[{\"@type\":\"ReadAction\",\"target\":[\"https:\\\/\\\/www.holy-supps.nl\\\/product\\\/creatine-monohydrate-500gr-protein-works\\\/\"]}]},{\"@type\":\"ImageObject\",\"inLanguage\":\"pl-PL\",\"@id\":\"https:\\\/\\\/www.holy-supps.nl\\\/product\\\/creatine-monohydrate-500gr-protein-works\\\/#primaryimage\",\"url\":\"https:\\\/\\\/www.holy-supps.nl\\\/wp-content\\\/uploads\\\/2023\\\/03\\\/Creatine_Monohydrate-1kg_Front_1.webp\",\"contentUrl\":\"https:\\\/\\\/www.holy-supps.nl\\\/wp-content\\\/uploads\\\/2023\\\/03\\\/Creatine_Monohydrate-1kg_Front_1.webp\",\"width\":1000,\"height\":1000},{\"@type\":\"BreadcrumbList\",\"@id\":\"https:\\\/\\\/www.holy-supps.nl\\\/product\\\/creatine-monohydrate-500gr-protein-works\\\/#breadcrumb\",\"itemListElement\":[{\"@type\":\"ListItem\",\"position\":1,\"name\":\"Home\",\"item\":\"https:\\\/\\\/www.holy-supps.nl\\\/\"},{\"@type\":\"ListItem\",\"position\":2,\"name\":\"Winkel\",\"item\":\"https:\\\/\\\/www.holy-supps.nl\\\/winkel\\\/\"},{\"@type\":\"ListItem\",\"position\":3,\"name\":\"Creatine Monohydrate &#8211; 500GR &#8211; Protein Works\"}]},{\"@type\":\"WebSite\",\"@id\":\"https:\\\/\\\/www.holy-supps.nl\\\/#website\",\"url\":\"https:\\\/\\\/www.holy-supps.nl\\\/\",\"name\":\"Holy-Supps.nl\",\"description\":\"Official EHPLabs Reseller!\",\"publisher\":{\"@id\":\"https:\\\/\\\/www.holy-supps.nl\\\/#organization\"},\"potentialAction\":[{\"@type\":\"SearchAction\",\"target\":{\"@type\":\"EntryPoint\",\"urlTemplate\":\"https:\\\/\\\/www.holy-supps.nl\\\/?s={search_term_string}\"},\"query-input\":{\"@type\":\"PropertyValueSpecification\",\"valueRequired\":true,\"valueName\":\"search_term_string\"}}],\"inLanguage\":\"pl-PL\"},{\"@type\":\"Organization\",\"@id\":\"https:\\\/\\\/www.holy-supps.nl\\\/#organization\",\"name\":\"Holy Supps\",\"url\":\"https:\\\/\\\/www.holy-supps.nl\\\/\",\"logo\":{\"@type\":\"ImageObject\",\"inLanguage\":\"pl-PL\",\"@id\":\"https:\\\/\\\/www.holy-supps.nl\\\/#\\\/schema\\\/logo\\\/image\\\/\",\"url\":\"https:\\\/\\\/www.holy-supps.nl\\\/wp-content\\\/uploads\\\/2023\\\/06\\\/HOLY-SUPPS.png\",\"contentUrl\":\"https:\\\/\\\/www.holy-supps.nl\\\/wp-content\\\/uploads\\\/2023\\\/06\\\/HOLY-SUPPS.png\",\"width\":1000,\"height\":400,\"caption\":\"Holy Supps\"},\"image\":{\"@id\":\"https:\\\/\\\/www.holy-supps.nl\\\/#\\\/schema\\\/logo\\\/image\\\/\"},\"sameAs\":[\"https:\\\/\\\/www.facebook.com\\\/holy.supps\",\"https:\\\/\\\/www.instagram.com\\\/holy.supps.shop\\\/\"]}]}<\/script>\n<!-- \/ Yoast SEO plugin. -->","yoast_head_json":{"title":"Monohydrat kreatyny - 500 g - Protein Works - Holy-Supps.pl","description":"Popraw swoj\u0105 wydajno\u015b\u0107 i si\u0142\u0119 mi\u0119\u015bni dzi\u0119ki monohydratowi kreatyny od Protein Works. Czysty 99,9% i idealny do intensywnych trening\u00f3w.","robots":{"index":"index","follow":"follow","max-snippet":"max-snippet:-1","max-image-preview":"max-image-preview:large","max-video-preview":"max-video-preview:-1"},"canonical":"https:\/\/www.holy-supps.nl\/pl\/produkt\/monohydrat-kreatyny-500gr-bialko-dziala\/","og_locale":"pl_PL","og_type":"article","og_title":"Creatine Monohydrate - 500GR - Protein Works - Holy-Supps.nl","og_description":"Verbeter je prestaties en spierkracht met Creatine Monohydraat van Protein Works. 99,9% puur en ideaal voor intensieve trainingen.","og_url":"https:\/\/www.holy-supps.nl\/pl\/produkt\/monohydrat-kreatyny-500gr-bialko-dziala\/","og_site_name":"Holy-Supps.nl","article_publisher":"https:\/\/www.facebook.com\/holy.supps","article_modified_time":"2026-01-22T07:18:11+00:00","og_image":[{"width":1000,"height":1000,"url":"https:\/\/www.holy-supps.nl\/wp-content\/uploads\/2023\/03\/Creatine_Monohydrate-1kg_Front_1.webp","type":"image\/webp"}],"twitter_card":"summary_large_image","twitter_misc":{"Szacowany czas czytania":"3 minuty"},"schema":{"@context":"https:\/\/schema.org","@graph":[{"@type":"WebPage","@id":"https:\/\/www.holy-supps.nl\/product\/creatine-monohydrate-500gr-protein-works\/","url":"https:\/\/www.holy-supps.nl\/product\/creatine-monohydrate-500gr-protein-works\/","name":"Monohydrat kreatyny - 500 g - Protein Works - Holy-Supps.pl","isPartOf":{"@id":"https:\/\/www.holy-supps.nl\/#website"},"primaryImageOfPage":{"@id":"https:\/\/www.holy-supps.nl\/product\/creatine-monohydrate-500gr-protein-works\/#primaryimage"},"image":{"@id":"https:\/\/www.holy-supps.nl\/product\/creatine-monohydrate-500gr-protein-works\/#primaryimage"},"thumbnailUrl":"https:\/\/www.holy-supps.nl\/wp-content\/uploads\/2023\/03\/Creatine_Monohydrate-1kg_Front_1.webp","datePublished":"2023-03-24T16:10:50+00:00","dateModified":"2026-01-22T07:18:11+00:00","description":"Popraw swoj\u0105 wydajno\u015b\u0107 i si\u0142\u0119 mi\u0119\u015bni dzi\u0119ki monohydratowi kreatyny od Protein Works. Czysty 99,9% i idealny do intensywnych trening\u00f3w.","breadcrumb":{"@id":"https:\/\/www.holy-supps.nl\/product\/creatine-monohydrate-500gr-protein-works\/#breadcrumb"},"inLanguage":"pl-PL","potentialAction":[{"@type":"ReadAction","target":["https:\/\/www.holy-supps.nl\/product\/creatine-monohydrate-500gr-protein-works\/"]}]},{"@type":"ImageObject","inLanguage":"pl-PL","@id":"https:\/\/www.holy-supps.nl\/product\/creatine-monohydrate-500gr-protein-works\/#primaryimage","url":"https:\/\/www.holy-supps.nl\/wp-content\/uploads\/2023\/03\/Creatine_Monohydrate-1kg_Front_1.webp","contentUrl":"https:\/\/www.holy-supps.nl\/wp-content\/uploads\/2023\/03\/Creatine_Monohydrate-1kg_Front_1.webp","width":1000,"height":1000},{"@type":"BreadcrumbList","@id":"https:\/\/www.holy-supps.nl\/product\/creatine-monohydrate-500gr-protein-works\/#breadcrumb","itemListElement":[{"@type":"ListItem","position":1,"name":"Home","item":"https:\/\/www.holy-supps.nl\/"},{"@type":"ListItem","position":2,"name":"Winkel","item":"https:\/\/www.holy-supps.nl\/winkel\/"},{"@type":"ListItem","position":3,"name":"Creatine Monohydrate &#8211; 500GR &#8211; Protein Works"}]},{"@type":"WebSite","@id":"https:\/\/www.holy-supps.nl\/#website","url":"https:\/\/www.holy-supps.nl\/","name":"Holy-Supps.co.uk","description":"Oficjalny dystrybutor EHPLabs!","publisher":{"@id":"https:\/\/www.holy-supps.nl\/#organization"},"potentialAction":[{"@type":"SearchAction","target":{"@type":"EntryPoint","urlTemplate":"https:\/\/www.holy-supps.nl\/?s={search_term_string}"},"query-input":{"@type":"PropertyValueSpecification","valueRequired":true,"valueName":"search_term_string"}}],"inLanguage":"pl-PL"},{"@type":"Organization","@id":"https:\/\/www.holy-supps.nl\/#organization","name":"Holy Supps","url":"https:\/\/www.holy-supps.nl\/","logo":{"@type":"ImageObject","inLanguage":"pl-PL","@id":"https:\/\/www.holy-supps.nl\/#\/schema\/logo\/image\/","url":"https:\/\/www.holy-supps.nl\/wp-content\/uploads\/2023\/06\/HOLY-SUPPS.png","contentUrl":"https:\/\/www.holy-supps.nl\/wp-content\/uploads\/2023\/06\/HOLY-SUPPS.png","width":1000,"height":400,"caption":"Holy Supps"},"image":{"@id":"https:\/\/www.holy-supps.nl\/#\/schema\/logo\/image\/"},"sameAs":["https:\/\/www.facebook.com\/holy.supps","https:\/\/www.instagram.com\/holy.supps.shop\/"]}]}},"jetpack_sharing_enabled":true,"_links":{"self":[{"href":"https:\/\/www.holy-supps.nl\/pl\/wp-json\/wp\/v2\/product\/654","targetHints":{"allow":["GET"]}}],"collection":[{"href":"https:\/\/www.holy-supps.nl\/pl\/wp-json\/wp\/v2\/product"}],"about":[{"href":"https:\/\/www.holy-supps.nl\/pl\/wp-json\/wp\/v2\/types\/product"}],"replies":[{"embeddable":true,"href":"https:\/\/www.holy-supps.nl\/pl\/wp-json\/wp\/v2\/comments?post=654"}],"wp:featuredmedia":[{"embeddable":true,"href":"https:\/\/www.holy-supps.nl\/pl\/wp-json\/wp\/v2\/media\/655"}],"wp:attachment":[{"href":"https:\/\/www.holy-supps.nl\/pl\/wp-json\/wp\/v2\/media?parent=654"}],"wp:term":[{"taxonomy":"product_brand","embeddable":true,"href":"https:\/\/www.holy-supps.nl\/pl\/wp-json\/wp\/v2\/product_brand?post=654"},{"taxonomy":"product_cat","embeddable":true,"href":"https:\/\/www.holy-supps.nl\/pl\/wp-json\/wp\/v2\/product_cat?post=654"},{"taxonomy":"product_tag","embeddable":true,"href":"https:\/\/www.holy-supps.nl\/pl\/wp-json\/wp\/v2\/product_tag?post=654"}],"curies":[{"name":"wp","href":"https:\/\/api.w.org\/{rel}","templated":true}]}}