{"id":627,"date":"2023-03-24T16:39:53","date_gmt":"2023-03-24T15:39:53","guid":{"rendered":"https:\/\/www.holy-supps.nl\/?post_type=product&#038;p=627"},"modified":"2026-04-21T12:57:10","modified_gmt":"2026-04-21T10:57:10","slug":"bialko-serwatkowe-80-koncentrat-bialka-dziala","status":"publish","type":"product","link":"https:\/\/www.holy-supps.nl\/pl\/product\/whey-protein-80-concentrate-protein-works\/","title":{"rendered":"Bia\u0142ko serwatkowe 80 (koncentrat) - Protein Works"},"content":{"rendered":"<div>\n<p>Zdobywca po\u017c\u0105danej nagrody \"Best Protein Award\", Whey Protein 80 to z\u0142oty standard w koktajlach bia\u0142kowych premium, po prostu wykonany z czystego koncentratu bia\u0142ka serwatkowego 100%. Pi\u0119ciogwiazdkowa ocena wynika z ultra g\u0142adkiej konsystencji, szerokiej gamy smak\u00f3w i natychmiastowego mieszania. Gwarantujemy brak posmaku, brak ziarnisto\u015bci oraz g\u0142adk\u0105 i kremow\u0105 konsystencj\u0119. Pojedyncza porcja Whey Protein 80 zawiera do 80% bia\u0142ka i nie zawiera dodatku cukr\u00f3w. Jest to najlepszy shake bia\u0142kowy, kt\u00f3ry zwi\u0119ksza spo\u017cycie bia\u0142ka o ka\u017cdej porze dnia.<\/p>\n<\/div>\n<h2>Co to jest Whey Protein 80?<\/h2>\n<div>Nasze bia\u0142ko serwatkowe 80 nie ma sobie r\u00f3wnych pod wzgl\u0119dem jako\u015bci i smaku. Opracowane bezkompromisowo przy u\u017cyciu wy\u0142\u0105cznie najlepszego koncentratu bia\u0142ka serwatkowego, te wyj\u0105tkowe koktajle bia\u0142kowe dostarczaj\u0105 ogromn\u0105 zawarto\u015b\u0107 bia\u0142ka 80%. To 20 g bia\u0142ka, 2,1 g w\u0119glowodan\u00f3w i 99 kalorii na porcj\u0119 25 g.<\/div>\n<div><\/div>\n<div>\n<p>W Protein Works nie zlecamy produkcji naszych proszk\u00f3w na zewn\u0105trz. Zamiast tego sami produkujemy wszystkie nasze koktajle proteinowe w Wielkiej Brytanii, w naszym najnowocze\u015bniejszym zak\u0142adzie produkcyjnym. Pozwala nam to udoskonali\u0107 ka\u017cdy aspekt produktu: od smaku po warto\u015bci od\u017cywcze i konsystencj\u0119. Gama smak\u00f3w dost\u0119pnych w Whey Protein 80 zosta\u0142a zaprojektowana tak, aby zachowa\u0107 \u015bwie\u017co\u015b\u0107 w domowej szafce.<\/p>\n<\/div>\n<h2>Jakie s\u0105 korzy\u015bci ze stosowania Whey Protein 80?<\/h2>\n<div>Whey Protein 80 ma wysok\u0105 zawarto\u015b\u0107 aminokwas\u00f3w BCAA oraz nisk\u0105 zawarto\u015b\u0107 t\u0142uszczu i cholesterolu, dzi\u0119ki czemu jest zdrowym koktajlem bia\u0142kowym, kt\u00f3ry mo\u017cna spo\u017cywa\u0107 o ka\u017cdej porze dnia. Wysoka zawarto\u015b\u0107 bia\u0142ka i bogaty status niezb\u0119dnych aminokwas\u00f3w oznacza, \u017ce Whey Protein 80 przyczynia si\u0119 do wzrostu i utrzymania masy mi\u0119\u015bniowej, pomagaj\u0105c osi\u0105gn\u0105\u0107 i utrzyma\u0107 cele fitness.<\/div>\n<h2>Co sprawia, \u017ce Whey Protein 80 jest wyj\u0105tkowy?<\/h2>\n<div><strong>G\u0142adka tekstura -<\/strong> Whey Protein 80 zapewnia g\u0142adki, kremowy i pyszny koktajl bia\u0142kowy, kt\u00f3ry zaspokoi Twoje kubki smakowe po ka\u017cdym \u0142yku.<\/div>\n<div><strong>Pyszne smaki -<\/strong> Whey Protein 80 jest dost\u0119pny w kilku pysznych smakach, w tym Millionaire's Shortbread, Butterscotch Ripple, Salted Caramel Bandit i innych.<\/div>\n<div><strong>Brak posmaku -<\/strong> W przeciwie\u0144stwie do innych proszk\u00f3w bia\u0142kowych dost\u0119pnych na rynku, nasze bia\u0142ko serwatkowe 80 nie ma sztucznego posmaku.<\/div>\n<div><strong>Natychmiastowa mieszalno\u015b\u0107 -<\/strong> Dzi\u0119ki wysokiej jako\u015bci sk\u0142adowi i doskona\u0142ej formule nasze bia\u0142ko serwatkowe 80 mo\u017cna \u0142atwo i szybko zmiksowa\u0107 na g\u0142adki i kremowy shake.<\/div>\n<div><strong>Brak ziarnisto\u015bci- <\/strong>gwarantujemy 100% zero piasku w bia\u0142ku serwatkowym 80.<\/div>\n<div><strong>Idealnie s\u0142odzone-<\/strong> Whey Protein 80 jest doskonale s\u0142odzony, dzi\u0119ki czemu mo\u017cesz cieszy\u0107 si\u0119 koktajlem bez dominacji s\u0142odyczy nad innymi smakami.<\/div>\n<h2>Jak naturalne jest bia\u0142ko serwatkowe 80?<\/h2>\n<div>Whey Protein 80 to naturalne \u017ar\u00f3d\u0142o po\u017cywienia, kt\u00f3re od wiek\u00f3w stanowi wa\u017cn\u0105 cz\u0119\u015b\u0107 diety ludzi. Badania wykaza\u0142y, \u017ce mleko karmione traw\u0105 zawiera wi\u0119cej kwas\u00f3w linolowych i kwas\u00f3w t\u0142uszczowych omega-3 ni\u017c mleko kr\u00f3w trzymanych w zamkni\u0119ciu. Dzi\u0119ki naszemu Whey Protein 80 mo\u017cesz mie\u0107 pewno\u015b\u0107, \u017ce otrzymujesz najczystsze i najbardziej naturalne bia\u0142ko serwatkowe.<\/div>\n<h2>Kiedy nale\u017cy stosowa\u0107 bia\u0142ko serwatkowe 80 w proszku?<\/h2>\n<div>\n<p>Koktajle z bia\u0142kiem serwatkowym mo\u017cna spo\u017cywa\u0107 niemal o ka\u017cdej porze dnia, ale w celu uzyskania optymalnych rezultat\u00f3w zalecamy spo\u017cycie ich w ci\u0105gu godziny po treningu. Jest to tak zwana \"z\u0142ota godzina\", kiedy cia\u0142o i mi\u0119\u015bnie zaczynaj\u0105 si\u0119 regenerowa\u0107. Ze wzgl\u0119du na niesamowite w\u0142a\u015bciwo\u015bci Whey Protein 80, mo\u017cna go przyjmowa\u0107 o dowolnej porze, aby zwi\u0119kszy\u0107 spo\u017cycie bia\u0142ka i zaspokoi\u0107 apetyt w zdrowy i smaczny spos\u00f3b: niskokaloryczny, o niskiej zawarto\u015bci laktozy, bez dodatku cukr\u00f3w i o niskiej zawarto\u015bci cholesterolu. Jest zatem idealny dla os\u00f3b na diecie o ograniczonej kaloryczno\u015bci. Jak zawsze zalecamy stosowanie naszych produkt\u00f3w w po\u0142\u0105czeniu ze zr\u00f3\u017cnicowan\u0105 i zbilansowan\u0105 diet\u0105 oraz regularnymi \u0107wiczeniami.<\/p>\n<\/div>\n<div class=\"nutritionalInfo col\">\n<h2>Tre\u015b\u0107<\/h2>\n<table>\n<tbody>\n<tr class=\"title\">\n<th>Warto\u015bci oparte na:<\/th>\n<th>na 100g<\/th>\n<th>na porcj\u0119 25 g<\/th>\n<\/tr>\n<tr>\n<td>Energia (kJ)<\/td>\n<td>1680<\/td>\n<td>420<\/td>\n<\/tr>\n<tr>\n<td>Energia (kcal)<\/td>\n<td>401<\/td>\n<td>100<\/td>\n<\/tr>\n<tr>\n<td>T\u0142uszcz (g)<\/td>\n<td>6.1<\/td>\n<td>1.5<\/td>\n<\/tr>\n<tr>\n<td>w tym nasycone (g)<\/td>\n<td>4.3<\/td>\n<td>1.1<\/td>\n<\/tr>\n<tr>\n<td>W\u0119glowodany (g)<\/td>\n<td>9<\/td>\n<td>2.3<\/td>\n<\/tr>\n<tr>\n<td>w tym cukry (g)<\/td>\n<td>7.3<\/td>\n<td>1.8<\/td>\n<\/tr>\n<tr>\n<td>W\u0142\u00f3kno (g)<\/td>\n<td>0.5<\/td>\n<td>0.1<\/td>\n<\/tr>\n<tr>\n<td>Bia\u0142ko (g)<\/td>\n<td>81<\/td>\n<td>20<\/td>\n<\/tr>\n<tr>\n<td>S\u00f3l (g)<\/td>\n<td>0.2<\/td>\n<td>0.05<\/td>\n<\/tr>\n<\/tbody>\n<\/table>\n<\/div>\n<div class=\"col\">\n<h2 class=\"ingredients-title\">Sk\u0142adniki - Banana Smooth<\/h2>\n<div class=\"ingredients\">\n<div class=\"specs-wrap\">\n<table class=\"specs-table\" cellspacing=\"0\" cellpadding=\"0\">\n<tbody>\n<tr>\n<td colspan=\"2\">Dla alergen\u00f3w. Patrz <strong>pogrubienie.<\/strong><\/td>\n<\/tr>\n<tr>\n<td>Koncentrat bia\u0142ka serwatkowego (mleko) (emulgator: lecytyna s\u0142onecznikowa), aromat, substancja zag\u0119szczaj\u0105ca (guma ksantanowa), substancja s\u0142odz\u0105ca (sukraloza), barwnik (kurkumina).<\/td>\n<\/tr>\n<tr>\n<td>Wyprodukowano w fabryce przetwarzaj\u0105cej mleko, jaja, zbo\u017ca zawieraj\u0105ce gluten, orzeszki ziemne, orzechy i soj\u0119.<\/td>\n<\/tr>\n<\/tbody>\n<\/table>\n<\/div>\n<\/div>\n<\/div>","protected":false},"excerpt":{"rendered":"<p>Zdobywca po\u017c\u0105danej nagrody \"Best Protein Award\", Whey Protein 80 to z\u0142oty standard w koktajlach bia\u0142kowych premium, po prostu wykonany z czystego koncentratu bia\u0142ka serwatkowego 100%. Pi\u0119ciogwiazdkowa ocena wynika z ultra g\u0142adkiej konsystencji, szerokiej gamy smak\u00f3w i natychmiastowego mieszania. Gwarantujemy brak posmaku, brak ziarnisto\u015bci oraz g\u0142adk\u0105 i kremow\u0105 konsystencj\u0119. Pojedyncza porcja Whey Protein 80 zawiera do 80% bia\u0142ka i nie zawiera dodatku cukr\u00f3w. Jest to najlepszy shake bia\u0142kowy, kt\u00f3ry zwi\u0119ksza spo\u017cycie bia\u0142ka o ka\u017cdej porze dnia.<\/p>","protected":false},"featured_media":631,"comment_status":"open","ping_status":"closed","template":"","meta":[],"product_brand":[],"product_cat":[86,89,77,80,67,71,75,73,178,81,83],"product_tag":[],"class_list":{"0":"post-627","1":"product","2":"type-product","3":"status-publish","4":"has-post-thumbnail","6":"product_cat-aankomen","7":"product_cat-afvallen","8":"product_cat-bundles-save","9":"product_cat-doel","10":"product_cat-eiwitten-proteine","11":"product_cat-merken","12":"product_cat-producten","13":"product_cat-protein-works","14":"product_cat-sale-bundles","15":"product_cat-spieropbouw","16":"product_cat-the-protein-works","18":"first","19":"outofstock","20":"sale","21":"taxable","22":"shipping-taxable","23":"purchasable","24":"product-type-variable"},"yoast_head":"<!-- This site is optimized with the Yoast SEO plugin v27.5 - https:\/\/yoast.com\/product\/yoast-seo-wordpress\/ -->\n<title>Whey Protein 80 (Concentrate) - Protein Works - Holy-Supps.nl<\/title>\n<meta name=\"description\" content=\"Whey Protein 80: Premium eiwitshake met 80% eiwit per portie. Gladde textuur, heerlijke smaken en perfecte mixbaarheid. Ideaal na je workout.\" \/>\n<meta name=\"robots\" content=\"index, follow, max-snippet:-1, max-image-preview:large, max-video-preview:-1\" \/>\n<link rel=\"canonical\" href=\"https:\/\/www.holy-supps.nl\/pl\/produkt\/bialko-serwatkowe-80-koncentrat-bialka-dziala\/\" \/>\n<meta property=\"og:locale\" content=\"pl_PL\" \/>\n<meta property=\"og:type\" content=\"article\" \/>\n<meta property=\"og:title\" content=\"Whey Protein 80 (Concentrate) - Protein Works - Holy-Supps.nl\" \/>\n<meta property=\"og:description\" content=\"Whey Protein 80: Premium eiwitshake met 80% eiwit per portie. Gladde textuur, heerlijke smaken en perfecte mixbaarheid. Ideaal na je workout.\" \/>\n<meta property=\"og:url\" content=\"https:\/\/www.holy-supps.nl\/pl\/produkt\/bialko-serwatkowe-80-koncentrat-bialka-dziala\/\" \/>\n<meta property=\"og:site_name\" content=\"Holy-Supps.nl\" \/>\n<meta property=\"article:publisher\" content=\"https:\/\/www.facebook.com\/holy.supps\" \/>\n<meta property=\"article:modified_time\" content=\"2026-04-21T10:57:10+00:00\" \/>\n<meta property=\"og:image\" content=\"https:\/\/www.holy-supps.nl\/wp-content\/uploads\/2023\/03\/Whey_Protein_80-1kg_Front_1.webp\" \/>\n\t<meta property=\"og:image:width\" content=\"1000\" \/>\n\t<meta property=\"og:image:height\" content=\"1000\" \/>\n\t<meta property=\"og:image:type\" content=\"image\/webp\" \/>\n<meta name=\"twitter:card\" content=\"summary_large_image\" \/>\n<meta name=\"twitter:label1\" content=\"Szacowany czas czytania\" \/>\n\t<meta name=\"twitter:data1\" content=\"4 minuty\" \/>\n<script type=\"application\/ld+json\" class=\"yoast-schema-graph\">{\"@context\":\"https:\\\/\\\/schema.org\",\"@graph\":[{\"@type\":\"WebPage\",\"@id\":\"https:\\\/\\\/www.holy-supps.nl\\\/product\\\/whey-protein-80-concentrate-protein-works\\\/\",\"url\":\"https:\\\/\\\/www.holy-supps.nl\\\/product\\\/whey-protein-80-concentrate-protein-works\\\/\",\"name\":\"Whey Protein 80 (Concentrate) - Protein Works - Holy-Supps.nl\",\"isPartOf\":{\"@id\":\"https:\\\/\\\/www.holy-supps.nl\\\/#website\"},\"primaryImageOfPage\":{\"@id\":\"https:\\\/\\\/www.holy-supps.nl\\\/product\\\/whey-protein-80-concentrate-protein-works\\\/#primaryimage\"},\"image\":{\"@id\":\"https:\\\/\\\/www.holy-supps.nl\\\/product\\\/whey-protein-80-concentrate-protein-works\\\/#primaryimage\"},\"thumbnailUrl\":\"https:\\\/\\\/www.holy-supps.nl\\\/wp-content\\\/uploads\\\/2023\\\/03\\\/Whey_Protein_80-1kg_Front_1.webp\",\"datePublished\":\"2023-03-24T15:39:53+00:00\",\"dateModified\":\"2026-04-21T10:57:10+00:00\",\"description\":\"Whey Protein 80: Premium eiwitshake met 80% eiwit per portie. Gladde textuur, heerlijke smaken en perfecte mixbaarheid. Ideaal na je workout.\",\"breadcrumb\":{\"@id\":\"https:\\\/\\\/www.holy-supps.nl\\\/product\\\/whey-protein-80-concentrate-protein-works\\\/#breadcrumb\"},\"inLanguage\":\"pl-PL\",\"potentialAction\":[{\"@type\":\"ReadAction\",\"target\":[\"https:\\\/\\\/www.holy-supps.nl\\\/product\\\/whey-protein-80-concentrate-protein-works\\\/\"]}]},{\"@type\":\"ImageObject\",\"inLanguage\":\"pl-PL\",\"@id\":\"https:\\\/\\\/www.holy-supps.nl\\\/product\\\/whey-protein-80-concentrate-protein-works\\\/#primaryimage\",\"url\":\"https:\\\/\\\/www.holy-supps.nl\\\/wp-content\\\/uploads\\\/2023\\\/03\\\/Whey_Protein_80-1kg_Front_1.webp\",\"contentUrl\":\"https:\\\/\\\/www.holy-supps.nl\\\/wp-content\\\/uploads\\\/2023\\\/03\\\/Whey_Protein_80-1kg_Front_1.webp\",\"width\":1000,\"height\":1000},{\"@type\":\"BreadcrumbList\",\"@id\":\"https:\\\/\\\/www.holy-supps.nl\\\/product\\\/whey-protein-80-concentrate-protein-works\\\/#breadcrumb\",\"itemListElement\":[{\"@type\":\"ListItem\",\"position\":1,\"name\":\"Home\",\"item\":\"https:\\\/\\\/www.holy-supps.nl\\\/\"},{\"@type\":\"ListItem\",\"position\":2,\"name\":\"Winkel\",\"item\":\"https:\\\/\\\/www.holy-supps.nl\\\/winkel\\\/\"},{\"@type\":\"ListItem\",\"position\":3,\"name\":\"Whey Protein 80 (Concentrate) &#8211; Protein Works\"}]},{\"@type\":\"WebSite\",\"@id\":\"https:\\\/\\\/www.holy-supps.nl\\\/#website\",\"url\":\"https:\\\/\\\/www.holy-supps.nl\\\/\",\"name\":\"Holy-Supps.nl\",\"description\":\"Official EHPLabs Reseller!\",\"publisher\":{\"@id\":\"https:\\\/\\\/www.holy-supps.nl\\\/#organization\"},\"potentialAction\":[{\"@type\":\"SearchAction\",\"target\":{\"@type\":\"EntryPoint\",\"urlTemplate\":\"https:\\\/\\\/www.holy-supps.nl\\\/?s={search_term_string}\"},\"query-input\":{\"@type\":\"PropertyValueSpecification\",\"valueRequired\":true,\"valueName\":\"search_term_string\"}}],\"inLanguage\":\"pl-PL\"},{\"@type\":\"Organization\",\"@id\":\"https:\\\/\\\/www.holy-supps.nl\\\/#organization\",\"name\":\"Holy Supps\",\"url\":\"https:\\\/\\\/www.holy-supps.nl\\\/\",\"logo\":{\"@type\":\"ImageObject\",\"inLanguage\":\"pl-PL\",\"@id\":\"https:\\\/\\\/www.holy-supps.nl\\\/#\\\/schema\\\/logo\\\/image\\\/\",\"url\":\"https:\\\/\\\/www.holy-supps.nl\\\/wp-content\\\/uploads\\\/2023\\\/06\\\/HOLY-SUPPS.png\",\"contentUrl\":\"https:\\\/\\\/www.holy-supps.nl\\\/wp-content\\\/uploads\\\/2023\\\/06\\\/HOLY-SUPPS.png\",\"width\":1000,\"height\":400,\"caption\":\"Holy Supps\"},\"image\":{\"@id\":\"https:\\\/\\\/www.holy-supps.nl\\\/#\\\/schema\\\/logo\\\/image\\\/\"},\"sameAs\":[\"https:\\\/\\\/www.facebook.com\\\/holy.supps\",\"https:\\\/\\\/www.instagram.com\\\/holy.supps.shop\\\/\"]}]}<\/script>\n<!-- \/ Yoast SEO plugin. -->","yoast_head_json":{"title":"Whey Protein 80 (koncentrat) - Protein Works - Holy-Supps.pl","description":"Whey Protein 80: najwy\u017cszej jako\u015bci shake bia\u0142kowy zawieraj\u0105cy 80% bia\u0142ka w porcji. G\u0142adka konsystencja, pyszne smaki i doskona\u0142a mieszalno\u015b\u0107. Idealny po treningu.","robots":{"index":"index","follow":"follow","max-snippet":"max-snippet:-1","max-image-preview":"max-image-preview:large","max-video-preview":"max-video-preview:-1"},"canonical":"https:\/\/www.holy-supps.nl\/pl\/produkt\/bialko-serwatkowe-80-koncentrat-bialka-dziala\/","og_locale":"pl_PL","og_type":"article","og_title":"Whey Protein 80 (Concentrate) - Protein Works - Holy-Supps.nl","og_description":"Whey Protein 80: Premium eiwitshake met 80% eiwit per portie. Gladde textuur, heerlijke smaken en perfecte mixbaarheid. Ideaal na je workout.","og_url":"https:\/\/www.holy-supps.nl\/pl\/produkt\/bialko-serwatkowe-80-koncentrat-bialka-dziala\/","og_site_name":"Holy-Supps.nl","article_publisher":"https:\/\/www.facebook.com\/holy.supps","article_modified_time":"2026-04-21T10:57:10+00:00","og_image":[{"width":1000,"height":1000,"url":"https:\/\/www.holy-supps.nl\/wp-content\/uploads\/2023\/03\/Whey_Protein_80-1kg_Front_1.webp","type":"image\/webp"}],"twitter_card":"summary_large_image","twitter_misc":{"Szacowany czas czytania":"4 minuty"},"schema":{"@context":"https:\/\/schema.org","@graph":[{"@type":"WebPage","@id":"https:\/\/www.holy-supps.nl\/product\/whey-protein-80-concentrate-protein-works\/","url":"https:\/\/www.holy-supps.nl\/product\/whey-protein-80-concentrate-protein-works\/","name":"Whey Protein 80 (koncentrat) - Protein Works - Holy-Supps.pl","isPartOf":{"@id":"https:\/\/www.holy-supps.nl\/#website"},"primaryImageOfPage":{"@id":"https:\/\/www.holy-supps.nl\/product\/whey-protein-80-concentrate-protein-works\/#primaryimage"},"image":{"@id":"https:\/\/www.holy-supps.nl\/product\/whey-protein-80-concentrate-protein-works\/#primaryimage"},"thumbnailUrl":"https:\/\/www.holy-supps.nl\/wp-content\/uploads\/2023\/03\/Whey_Protein_80-1kg_Front_1.webp","datePublished":"2023-03-24T15:39:53+00:00","dateModified":"2026-04-21T10:57:10+00:00","description":"Whey Protein 80: najwy\u017cszej jako\u015bci shake bia\u0142kowy zawieraj\u0105cy 80% bia\u0142ka w porcji. G\u0142adka konsystencja, pyszne smaki i doskona\u0142a mieszalno\u015b\u0107. Idealny po treningu.","breadcrumb":{"@id":"https:\/\/www.holy-supps.nl\/product\/whey-protein-80-concentrate-protein-works\/#breadcrumb"},"inLanguage":"pl-PL","potentialAction":[{"@type":"ReadAction","target":["https:\/\/www.holy-supps.nl\/product\/whey-protein-80-concentrate-protein-works\/"]}]},{"@type":"ImageObject","inLanguage":"pl-PL","@id":"https:\/\/www.holy-supps.nl\/product\/whey-protein-80-concentrate-protein-works\/#primaryimage","url":"https:\/\/www.holy-supps.nl\/wp-content\/uploads\/2023\/03\/Whey_Protein_80-1kg_Front_1.webp","contentUrl":"https:\/\/www.holy-supps.nl\/wp-content\/uploads\/2023\/03\/Whey_Protein_80-1kg_Front_1.webp","width":1000,"height":1000},{"@type":"BreadcrumbList","@id":"https:\/\/www.holy-supps.nl\/product\/whey-protein-80-concentrate-protein-works\/#breadcrumb","itemListElement":[{"@type":"ListItem","position":1,"name":"Home","item":"https:\/\/www.holy-supps.nl\/"},{"@type":"ListItem","position":2,"name":"Winkel","item":"https:\/\/www.holy-supps.nl\/winkel\/"},{"@type":"ListItem","position":3,"name":"Whey Protein 80 (Concentrate) &#8211; Protein Works"}]},{"@type":"WebSite","@id":"https:\/\/www.holy-supps.nl\/#website","url":"https:\/\/www.holy-supps.nl\/","name":"Holy-Supps.co.uk","description":"Oficjalny dystrybutor EHPLabs!","publisher":{"@id":"https:\/\/www.holy-supps.nl\/#organization"},"potentialAction":[{"@type":"SearchAction","target":{"@type":"EntryPoint","urlTemplate":"https:\/\/www.holy-supps.nl\/?s={search_term_string}"},"query-input":{"@type":"PropertyValueSpecification","valueRequired":true,"valueName":"search_term_string"}}],"inLanguage":"pl-PL"},{"@type":"Organization","@id":"https:\/\/www.holy-supps.nl\/#organization","name":"Holy Supps","url":"https:\/\/www.holy-supps.nl\/","logo":{"@type":"ImageObject","inLanguage":"pl-PL","@id":"https:\/\/www.holy-supps.nl\/#\/schema\/logo\/image\/","url":"https:\/\/www.holy-supps.nl\/wp-content\/uploads\/2023\/06\/HOLY-SUPPS.png","contentUrl":"https:\/\/www.holy-supps.nl\/wp-content\/uploads\/2023\/06\/HOLY-SUPPS.png","width":1000,"height":400,"caption":"Holy Supps"},"image":{"@id":"https:\/\/www.holy-supps.nl\/#\/schema\/logo\/image\/"},"sameAs":["https:\/\/www.facebook.com\/holy.supps","https:\/\/www.instagram.com\/holy.supps.shop\/"]}]}},"jetpack_sharing_enabled":true,"_links":{"self":[{"href":"https:\/\/www.holy-supps.nl\/pl\/wp-json\/wp\/v2\/product\/627","targetHints":{"allow":["GET"]}}],"collection":[{"href":"https:\/\/www.holy-supps.nl\/pl\/wp-json\/wp\/v2\/product"}],"about":[{"href":"https:\/\/www.holy-supps.nl\/pl\/wp-json\/wp\/v2\/types\/product"}],"replies":[{"embeddable":true,"href":"https:\/\/www.holy-supps.nl\/pl\/wp-json\/wp\/v2\/comments?post=627"}],"wp:featuredmedia":[{"embeddable":true,"href":"https:\/\/www.holy-supps.nl\/pl\/wp-json\/wp\/v2\/media\/631"}],"wp:attachment":[{"href":"https:\/\/www.holy-supps.nl\/pl\/wp-json\/wp\/v2\/media?parent=627"}],"wp:term":[{"taxonomy":"product_brand","embeddable":true,"href":"https:\/\/www.holy-supps.nl\/pl\/wp-json\/wp\/v2\/product_brand?post=627"},{"taxonomy":"product_cat","embeddable":true,"href":"https:\/\/www.holy-supps.nl\/pl\/wp-json\/wp\/v2\/product_cat?post=627"},{"taxonomy":"product_tag","embeddable":true,"href":"https:\/\/www.holy-supps.nl\/pl\/wp-json\/wp\/v2\/product_tag?post=627"}],"curies":[{"name":"wp","href":"https:\/\/api.w.org\/{rel}","templated":true}]}}