{"id":594,"date":"2023-03-24T15:15:02","date_gmt":"2023-03-24T14:15:02","guid":{"rendered":"https:\/\/www.holy-supps.nl\/?post_type=product&#038;p=594"},"modified":"2026-01-08T13:23:07","modified_gmt":"2026-01-08T12:23:07","slug":"cynk-i-magnez-90-tabletek-protein-works","status":"publish","type":"product","link":"https:\/\/www.holy-supps.nl\/pl\/product\/zinc-and-magnesium-90-tabs-protein-works\/","title":{"rendered":"Cynk i magnez - 90 tabletek - Protein Works"},"content":{"rendered":"<div class=\"product-description-bullets\">\n<p>Cynk i magnez to mieszanka wa\u017cnych minera\u0142\u00f3w i witamin, kt\u00f3r\u0105 cz\u0119sto przyjmuje si\u0119 przed snem.<\/p>\n<p>W po\u0142\u0105czeniu z witamin\u0105 B6 i miedzi\u0105 jako dodatkowym uzupe\u0142nieniem, jest to popularna kombinacja w\u015br\u00f3d sportowc\u00f3w regularnie trenuj\u0105cych.<\/p>\n<p>Zawiera 10 mg cynku (100% ADH), 150 mg magnezu (cytrynian magnezu) (40% ADH), 3,5 mg witaminy B6 i 0,23 mg miedzi.<\/p>\n<h1>Czym s\u0105 tabletki cynku i magnezu?<\/h1>\n<p>Nasz suplement cynku i magnezu \u0142\u0105czy minera\u0142y i witaminy, kt\u00f3re wiele os\u00f3b stosuje codziennie.<\/p>\n<p>Wzbogacony witamin\u0105 B6 i miedzi\u0105, produkt ten jest cz\u0119sto wybierany przez sportowc\u00f3w i osoby aktywne fizycznie.<\/p>\n<p>Wszystkie cztery aktywne sk\u0142adniki zawarte w naszych tabletkach \u2018Cynk i magnez\u2019 s\u0105 niezb\u0119dne, co oznacza, \u017ce nale\u017cy je przyjmowa\u0107 wraz z po\u017cywieniem lub suplementami.<\/p>\n<h1>W\u0142a\u015bciwo\u015bci cynku i magnezu<\/h1>\n<p><strong>Cynk:<\/strong> Ten minera\u0142 wyst\u0119puje naturalnie w skorupiakach, orzechach i zbo\u017cach. Cynk jest znany jako wszechstronny minera\u0142, kt\u00f3ry przyczynia si\u0119 do r\u00f3\u017cnych proces\u00f3w zachodz\u0105cych w organizmie. Ka\u017cda tabletka zawiera 30 mg\/300% NRV (trzykrotno\u015b\u0107 zalecanego dziennego spo\u017cycia cynku).<\/p>\n<p><strong>Magnez:<\/strong> Magnez wyst\u0119puje naturalnie w zielonych warzywach li\u015bciastych, ro\u015blinach str\u0105czkowych i zbo\u017cach. Ka\u017cda porcja cynku i magnezu zawiera 150 mg magnezu w postaci cytrynianu magnezu.<\/p>\n<p><strong>Cytrynian miedzi i witamina B6:<\/strong> Opr\u00f3cz cynku i magnezu suplement ten zawiera r\u00f3wnie\u017c mied\u017a i witamin\u0119 B6. Ka\u017cda porcja zawiera 750 \u00b5g miedzi (75% NRV) i prawie trzykrotno\u015b\u0107 dziennego zapotrzebowania na witamin\u0119 B6.<\/p>\n<h1>Dlaczego warto kupowa\u0107 cynk i magnez?<\/h1>\n<p>Sportowcy i osoby regularnie trenuj\u0105ce cz\u0119sto decyduj\u0105 si\u0119 na dodatkow\u0105 suplementacj\u0119 cynkiem i magnezem, poniewa\u017c podczas wysi\u0142ku fizycznego minera\u0142y mog\u0105 by\u0107 cz\u0119\u015bciowo tracone.<\/p>\n<p>Nasze tabletki cynku i magnezu zawieraj\u0105 sk\u0142adniki w najczystszej postaci. Magnez wyst\u0119puje w postaci cytrynianu magnezu, kt\u00f3ry jest dobrze przyswajalny.<\/p>\n<p><strong>Inne suplementy, kt\u00f3re dobrze wsp\u00f3\u0142graj\u0105 z cynkiem i magnezem<\/strong><\/p>\n<p>Cynk i magnez mo\u017cna \u0142\u0105czy\u0107 z innymi suplementami. Produkt ten cz\u0119sto stosuje si\u0119 razem z witamin\u0105 D3. Oba s\u0105 dost\u0119pne w wygodnej formie tabletek, dzi\u0119ki czemu \u0142atwo w\u0142\u0105czy\u0107 je do codziennej rutyny.<\/p>\n<\/div>","protected":false},"excerpt":{"rendered":"<p>Cynk i magnez to mieszanka niezb\u0119dnych witamin i minera\u0142\u00f3w przyjmowana zwykle przed snem w celu zwalczania zm\u0119czenia, a tak\u017ce normalizacji poziomu testosteronu we krwi.<\/p>","protected":false},"featured_media":597,"comment_status":"open","ping_status":"closed","template":"","meta":[],"product_brand":[],"product_cat":[77,71,73,70,92],"product_tag":[],"class_list":{"0":"post-594","1":"product","2":"type-product","3":"status-publish","4":"has-post-thumbnail","6":"product_cat-bundles-save","7":"product_cat-merken","8":"product_cat-protein-works","9":"product_cat-raws","10":"product_cat-vitamine-mineralen","12":"first","13":"instock","14":"sale","15":"taxable","16":"shipping-taxable","17":"purchasable","18":"product-type-simple"},"yoast_head":"<!-- This site is optimized with the Yoast SEO plugin v27.5 - https:\/\/yoast.com\/product\/yoast-seo-wordpress\/ -->\n<title>Zinc and Magnesium - 90 tabs - Protein Works - Holy-Supps.nl<\/title>\n<meta name=\"description\" content=\"Protein Works Zinc &amp; Magnesium: 90 tabs voor verbeterde slaap, energie en testosteron. Verrijkt met B6 en koper voor extra cognitieve ondersteuning.\" \/>\n<meta name=\"robots\" content=\"index, follow, max-snippet:-1, max-image-preview:large, max-video-preview:-1\" \/>\n<link rel=\"canonical\" href=\"https:\/\/www.holy-supps.nl\/pl\/produkt\/cynk-i-magnez-90-tabletek-protein-works\/\" \/>\n<meta property=\"og:locale\" content=\"pl_PL\" \/>\n<meta property=\"og:type\" content=\"article\" \/>\n<meta property=\"og:title\" content=\"Zinc and Magnesium - 90 tabs - Protein Works - Holy-Supps.nl\" \/>\n<meta property=\"og:description\" content=\"Protein Works Zinc &amp; Magnesium: 90 tabs voor verbeterde slaap, energie en testosteron. Verrijkt met B6 en koper voor extra cognitieve ondersteuning.\" \/>\n<meta property=\"og:url\" content=\"https:\/\/www.holy-supps.nl\/pl\/produkt\/cynk-i-magnez-90-tabletek-protein-works\/\" \/>\n<meta property=\"og:site_name\" content=\"Holy-Supps.nl\" \/>\n<meta property=\"article:publisher\" content=\"https:\/\/www.facebook.com\/holy.supps\" \/>\n<meta property=\"article:modified_time\" content=\"2026-01-08T12:23:07+00:00\" \/>\n<meta property=\"og:image\" content=\"https:\/\/www.holy-supps.nl\/wp-content\/uploads\/2023\/03\/zinc_magnesium_90_capsules.1.webp\" \/>\n\t<meta property=\"og:image:width\" content=\"1000\" \/>\n\t<meta property=\"og:image:height\" content=\"1000\" \/>\n\t<meta property=\"og:image:type\" content=\"image\/webp\" \/>\n<meta name=\"twitter:card\" content=\"summary_large_image\" \/>\n<meta name=\"twitter:label1\" content=\"Szacowany czas czytania\" \/>\n\t<meta name=\"twitter:data1\" content=\"4 minuty\" \/>\n<script type=\"application\/ld+json\" class=\"yoast-schema-graph\">{\"@context\":\"https:\\\/\\\/schema.org\",\"@graph\":[{\"@type\":\"WebPage\",\"@id\":\"https:\\\/\\\/www.holy-supps.nl\\\/product\\\/zinc-and-magnesium-90-tabs-protein-works\\\/\",\"url\":\"https:\\\/\\\/www.holy-supps.nl\\\/product\\\/zinc-and-magnesium-90-tabs-protein-works\\\/\",\"name\":\"Zinc and Magnesium - 90 tabs - Protein Works - Holy-Supps.nl\",\"isPartOf\":{\"@id\":\"https:\\\/\\\/www.holy-supps.nl\\\/#website\"},\"primaryImageOfPage\":{\"@id\":\"https:\\\/\\\/www.holy-supps.nl\\\/product\\\/zinc-and-magnesium-90-tabs-protein-works\\\/#primaryimage\"},\"image\":{\"@id\":\"https:\\\/\\\/www.holy-supps.nl\\\/product\\\/zinc-and-magnesium-90-tabs-protein-works\\\/#primaryimage\"},\"thumbnailUrl\":\"https:\\\/\\\/www.holy-supps.nl\\\/wp-content\\\/uploads\\\/2023\\\/03\\\/zinc_magnesium_90_capsules.1.webp\",\"datePublished\":\"2023-03-24T14:15:02+00:00\",\"dateModified\":\"2026-01-08T12:23:07+00:00\",\"description\":\"Protein Works Zinc & Magnesium: 90 tabs voor verbeterde slaap, energie en testosteron. Verrijkt met B6 en koper voor extra cognitieve ondersteuning.\",\"breadcrumb\":{\"@id\":\"https:\\\/\\\/www.holy-supps.nl\\\/product\\\/zinc-and-magnesium-90-tabs-protein-works\\\/#breadcrumb\"},\"inLanguage\":\"pl-PL\",\"potentialAction\":[{\"@type\":\"ReadAction\",\"target\":[\"https:\\\/\\\/www.holy-supps.nl\\\/product\\\/zinc-and-magnesium-90-tabs-protein-works\\\/\"]}]},{\"@type\":\"ImageObject\",\"inLanguage\":\"pl-PL\",\"@id\":\"https:\\\/\\\/www.holy-supps.nl\\\/product\\\/zinc-and-magnesium-90-tabs-protein-works\\\/#primaryimage\",\"url\":\"https:\\\/\\\/www.holy-supps.nl\\\/wp-content\\\/uploads\\\/2023\\\/03\\\/zinc_magnesium_90_capsules.1.webp\",\"contentUrl\":\"https:\\\/\\\/www.holy-supps.nl\\\/wp-content\\\/uploads\\\/2023\\\/03\\\/zinc_magnesium_90_capsules.1.webp\",\"width\":1000,\"height\":1000},{\"@type\":\"BreadcrumbList\",\"@id\":\"https:\\\/\\\/www.holy-supps.nl\\\/product\\\/zinc-and-magnesium-90-tabs-protein-works\\\/#breadcrumb\",\"itemListElement\":[{\"@type\":\"ListItem\",\"position\":1,\"name\":\"Home\",\"item\":\"https:\\\/\\\/www.holy-supps.nl\\\/\"},{\"@type\":\"ListItem\",\"position\":2,\"name\":\"Winkel\",\"item\":\"https:\\\/\\\/www.holy-supps.nl\\\/winkel\\\/\"},{\"@type\":\"ListItem\",\"position\":3,\"name\":\"Zinc and Magnesium &#8211; 90 tabs &#8211; Protein Works\"}]},{\"@type\":\"WebSite\",\"@id\":\"https:\\\/\\\/www.holy-supps.nl\\\/#website\",\"url\":\"https:\\\/\\\/www.holy-supps.nl\\\/\",\"name\":\"Holy-Supps.nl\",\"description\":\"Official EHPLabs Reseller!\",\"publisher\":{\"@id\":\"https:\\\/\\\/www.holy-supps.nl\\\/#organization\"},\"potentialAction\":[{\"@type\":\"SearchAction\",\"target\":{\"@type\":\"EntryPoint\",\"urlTemplate\":\"https:\\\/\\\/www.holy-supps.nl\\\/?s={search_term_string}\"},\"query-input\":{\"@type\":\"PropertyValueSpecification\",\"valueRequired\":true,\"valueName\":\"search_term_string\"}}],\"inLanguage\":\"pl-PL\"},{\"@type\":\"Organization\",\"@id\":\"https:\\\/\\\/www.holy-supps.nl\\\/#organization\",\"name\":\"Holy Supps\",\"url\":\"https:\\\/\\\/www.holy-supps.nl\\\/\",\"logo\":{\"@type\":\"ImageObject\",\"inLanguage\":\"pl-PL\",\"@id\":\"https:\\\/\\\/www.holy-supps.nl\\\/#\\\/schema\\\/logo\\\/image\\\/\",\"url\":\"https:\\\/\\\/www.holy-supps.nl\\\/wp-content\\\/uploads\\\/2023\\\/06\\\/HOLY-SUPPS.png\",\"contentUrl\":\"https:\\\/\\\/www.holy-supps.nl\\\/wp-content\\\/uploads\\\/2023\\\/06\\\/HOLY-SUPPS.png\",\"width\":1000,\"height\":400,\"caption\":\"Holy Supps\"},\"image\":{\"@id\":\"https:\\\/\\\/www.holy-supps.nl\\\/#\\\/schema\\\/logo\\\/image\\\/\"},\"sameAs\":[\"https:\\\/\\\/www.facebook.com\\\/holy.supps\",\"https:\\\/\\\/www.instagram.com\\\/holy.supps.shop\\\/\"]}]}<\/script>\n<!-- \/ Yoast SEO plugin. -->","yoast_head_json":{"title":"Cynk i magnez - 90 tabletek - Protein Works - Holy-Supps.pl","description":"Protein Works Zinc &amp; Magnesium: 90 tabletek dla poprawy snu, energii i testosteronu. Wzbogacony o B6 i mied\u017a dla dodatkowego wsparcia funkcji poznawczych.","robots":{"index":"index","follow":"follow","max-snippet":"max-snippet:-1","max-image-preview":"max-image-preview:large","max-video-preview":"max-video-preview:-1"},"canonical":"https:\/\/www.holy-supps.nl\/pl\/produkt\/cynk-i-magnez-90-tabletek-protein-works\/","og_locale":"pl_PL","og_type":"article","og_title":"Zinc and Magnesium - 90 tabs - Protein Works - Holy-Supps.nl","og_description":"Protein Works Zinc & Magnesium: 90 tabs voor verbeterde slaap, energie en testosteron. Verrijkt met B6 en koper voor extra cognitieve ondersteuning.","og_url":"https:\/\/www.holy-supps.nl\/pl\/produkt\/cynk-i-magnez-90-tabletek-protein-works\/","og_site_name":"Holy-Supps.nl","article_publisher":"https:\/\/www.facebook.com\/holy.supps","article_modified_time":"2026-01-08T12:23:07+00:00","og_image":[{"width":1000,"height":1000,"url":"https:\/\/www.holy-supps.nl\/wp-content\/uploads\/2023\/03\/zinc_magnesium_90_capsules.1.webp","type":"image\/webp"}],"twitter_card":"summary_large_image","twitter_misc":{"Szacowany czas czytania":"4 minuty"},"schema":{"@context":"https:\/\/schema.org","@graph":[{"@type":"WebPage","@id":"https:\/\/www.holy-supps.nl\/product\/zinc-and-magnesium-90-tabs-protein-works\/","url":"https:\/\/www.holy-supps.nl\/product\/zinc-and-magnesium-90-tabs-protein-works\/","name":"Cynk i magnez - 90 tabletek - Protein Works - Holy-Supps.pl","isPartOf":{"@id":"https:\/\/www.holy-supps.nl\/#website"},"primaryImageOfPage":{"@id":"https:\/\/www.holy-supps.nl\/product\/zinc-and-magnesium-90-tabs-protein-works\/#primaryimage"},"image":{"@id":"https:\/\/www.holy-supps.nl\/product\/zinc-and-magnesium-90-tabs-protein-works\/#primaryimage"},"thumbnailUrl":"https:\/\/www.holy-supps.nl\/wp-content\/uploads\/2023\/03\/zinc_magnesium_90_capsules.1.webp","datePublished":"2023-03-24T14:15:02+00:00","dateModified":"2026-01-08T12:23:07+00:00","description":"Protein Works Zinc &amp; Magnesium: 90 tabletek dla poprawy snu, energii i testosteronu. Wzbogacony o B6 i mied\u017a dla dodatkowego wsparcia funkcji poznawczych.","breadcrumb":{"@id":"https:\/\/www.holy-supps.nl\/product\/zinc-and-magnesium-90-tabs-protein-works\/#breadcrumb"},"inLanguage":"pl-PL","potentialAction":[{"@type":"ReadAction","target":["https:\/\/www.holy-supps.nl\/product\/zinc-and-magnesium-90-tabs-protein-works\/"]}]},{"@type":"ImageObject","inLanguage":"pl-PL","@id":"https:\/\/www.holy-supps.nl\/product\/zinc-and-magnesium-90-tabs-protein-works\/#primaryimage","url":"https:\/\/www.holy-supps.nl\/wp-content\/uploads\/2023\/03\/zinc_magnesium_90_capsules.1.webp","contentUrl":"https:\/\/www.holy-supps.nl\/wp-content\/uploads\/2023\/03\/zinc_magnesium_90_capsules.1.webp","width":1000,"height":1000},{"@type":"BreadcrumbList","@id":"https:\/\/www.holy-supps.nl\/product\/zinc-and-magnesium-90-tabs-protein-works\/#breadcrumb","itemListElement":[{"@type":"ListItem","position":1,"name":"Home","item":"https:\/\/www.holy-supps.nl\/"},{"@type":"ListItem","position":2,"name":"Winkel","item":"https:\/\/www.holy-supps.nl\/winkel\/"},{"@type":"ListItem","position":3,"name":"Zinc and Magnesium &#8211; 90 tabs &#8211; Protein Works"}]},{"@type":"WebSite","@id":"https:\/\/www.holy-supps.nl\/#website","url":"https:\/\/www.holy-supps.nl\/","name":"Holy-Supps.co.uk","description":"Oficjalny dystrybutor EHPLabs!","publisher":{"@id":"https:\/\/www.holy-supps.nl\/#organization"},"potentialAction":[{"@type":"SearchAction","target":{"@type":"EntryPoint","urlTemplate":"https:\/\/www.holy-supps.nl\/?s={search_term_string}"},"query-input":{"@type":"PropertyValueSpecification","valueRequired":true,"valueName":"search_term_string"}}],"inLanguage":"pl-PL"},{"@type":"Organization","@id":"https:\/\/www.holy-supps.nl\/#organization","name":"Holy Supps","url":"https:\/\/www.holy-supps.nl\/","logo":{"@type":"ImageObject","inLanguage":"pl-PL","@id":"https:\/\/www.holy-supps.nl\/#\/schema\/logo\/image\/","url":"https:\/\/www.holy-supps.nl\/wp-content\/uploads\/2023\/06\/HOLY-SUPPS.png","contentUrl":"https:\/\/www.holy-supps.nl\/wp-content\/uploads\/2023\/06\/HOLY-SUPPS.png","width":1000,"height":400,"caption":"Holy Supps"},"image":{"@id":"https:\/\/www.holy-supps.nl\/#\/schema\/logo\/image\/"},"sameAs":["https:\/\/www.facebook.com\/holy.supps","https:\/\/www.instagram.com\/holy.supps.shop\/"]}]}},"jetpack_sharing_enabled":true,"_links":{"self":[{"href":"https:\/\/www.holy-supps.nl\/pl\/wp-json\/wp\/v2\/product\/594","targetHints":{"allow":["GET"]}}],"collection":[{"href":"https:\/\/www.holy-supps.nl\/pl\/wp-json\/wp\/v2\/product"}],"about":[{"href":"https:\/\/www.holy-supps.nl\/pl\/wp-json\/wp\/v2\/types\/product"}],"replies":[{"embeddable":true,"href":"https:\/\/www.holy-supps.nl\/pl\/wp-json\/wp\/v2\/comments?post=594"}],"wp:featuredmedia":[{"embeddable":true,"href":"https:\/\/www.holy-supps.nl\/pl\/wp-json\/wp\/v2\/media\/597"}],"wp:attachment":[{"href":"https:\/\/www.holy-supps.nl\/pl\/wp-json\/wp\/v2\/media?parent=594"}],"wp:term":[{"taxonomy":"product_brand","embeddable":true,"href":"https:\/\/www.holy-supps.nl\/pl\/wp-json\/wp\/v2\/product_brand?post=594"},{"taxonomy":"product_cat","embeddable":true,"href":"https:\/\/www.holy-supps.nl\/pl\/wp-json\/wp\/v2\/product_cat?post=594"},{"taxonomy":"product_tag","embeddable":true,"href":"https:\/\/www.holy-supps.nl\/pl\/wp-json\/wp\/v2\/product_tag?post=594"}],"curies":[{"name":"wp","href":"https:\/\/api.w.org\/{rel}","templated":true}]}}