{"id":4439,"date":"2025-11-18T10:17:09","date_gmt":"2025-11-18T09:17:09","guid":{"rendered":"https:\/\/www.holy-supps.nl\/?post_type=product&#038;p=4439"},"modified":"2026-04-09T21:23:13","modified_gmt":"2026-04-09T19:23:13","slug":"oxyshred-gummies","status":"publish","type":"product","link":"https:\/\/www.holy-supps.nl\/pl\/product\/oxyshred-gummies\/","title":{"rendered":"OxyShred Gummies"},"content":{"rendered":"<h2>Opis OxyShred Gummies<\/h2>\n<p>OxyShred Gummies od EHPlabs to smaczne \u017celki, kt\u00f3re s\u0105 \u0142atwe do przyjmowania i dobrze pasuj\u0105 do aktywnego i zr\u00f3wnowa\u017conego stylu \u017cycia. S\u0105 szeroko stosowane przez sportowc\u00f3w i osoby, kt\u00f3re chc\u0105 wzbogaci\u0107 swoj\u0105 codzienn\u0105 rutyn\u0119 o \u0142atwy do przenoszenia suplement. Po\u0142\u0105czenie dobrze znanych sk\u0142adnik\u00f3w i przyjaznego dla u\u017cytkownika formatu sprawia, \u017ce s\u0105 one przyst\u0119pn\u0105 opcj\u0105 do codziennego u\u017cytku.<\/p>\n<h2>Korzy\u015bci p\u0142yn\u0105ce ze stosowania OxyShred Gummies<\/h2>\n<ul>\n<li>Wygodne \u017celki, kt\u00f3re s\u0105 \u0142atwe do spo\u017cycia.<\/li>\n<li>Nadaje si\u0119 do codziennego u\u017cytku w ramach aktywnego stylu \u017cycia.<\/li>\n<li>Dost\u0119pny w \u015bwie\u017cym, owocowym smaku.<\/li>\n<li>\u0141atwy do przenoszenia w podr\u00f3\u017cy lub podczas trening\u00f3w.<\/li>\n<\/ul>\n<h2>Instrukcja obs\u0142ugi<\/h2>\n<p>Nale\u017cy przyjmowa\u0107 zalecan\u0105 porcj\u0119 zgodnie z informacj\u0105 na etykiecie produktu. Nie przekracza\u0107 zalecanej porcji do spo\u017cycia w ci\u0105gu dnia. Produkt nale\u017cy przechowywa\u0107 w ch\u0142odnym, suchym miejscu, niedost\u0119pnym dla dzieci.<\/p>","protected":false},"excerpt":{"rendered":"<p>OxyShred Gummies to \u0142atwe w u\u017cyciu \u017celki o \u015bwie\u017cym smaku, opracowane dla os\u00f3b, kt\u00f3re chc\u0105 wspiera\u0107 sw\u00f3j aktywny tryb \u017cycia. Ich wygodny rozmiar sprawia, \u017ce s\u0105 \u0142atwe do przenoszenia i idealne do codziennego u\u017cytku. Praktyczny wyb\u00f3r dla tych, kt\u00f3rzy szukaj\u0105 smacznego dodatku do swojej rutyny.<\/p>","protected":false},"featured_media":4448,"comment_status":"open","ping_status":"closed","template":"","meta":[],"product_brand":[],"product_cat":[149,72,88,68,75,82],"product_tag":[],"class_list":{"0":"post-4439","1":"product","2":"type-product","3":"status-publish","4":"has-post-thumbnail","6":"product_cat-ehplabs-vegan-merken","7":"product_cat-ehplabs","8":"product_cat-pre-workout-2","9":"product_cat-pre-workout","10":"product_cat-producten","11":"product_cat-vegan-merken","13":"first","14":"instock","15":"taxable","16":"shipping-taxable","17":"purchasable","18":"product-type-simple"},"yoast_head":"<!-- This site is optimized with the Yoast SEO plugin v27.4 - https:\/\/yoast.com\/product\/yoast-seo-wordpress\/ -->\n<title>OxyShred Gummies - Direct vanuit NL verzonden - Holy-Supps.nl<\/title>\n<meta name=\"description\" content=\"Geniet van de krachtige OxyShred Gummies, perfect voor jouw actieve levensstijl! Eenvoudig in te nemen en vol met belangrijke ingredi\u00ebnten.\" \/>\n<meta name=\"robots\" content=\"index, follow, max-snippet:-1, max-image-preview:large, max-video-preview:-1\" \/>\n<link rel=\"canonical\" href=\"https:\/\/www.holy-supps.nl\/pl\/produkt\/oxyshred-gummies\/\" \/>\n<meta property=\"og:locale\" content=\"pl_PL\" \/>\n<meta property=\"og:type\" content=\"article\" \/>\n<meta property=\"og:title\" content=\"OxyShred Gummies - Direct vanuit NL verzonden - Holy-Supps.nl\" \/>\n<meta property=\"og:description\" content=\"Geniet van de krachtige OxyShred Gummies, perfect voor jouw actieve levensstijl! Eenvoudig in te nemen en vol met belangrijke ingredi\u00ebnten.\" \/>\n<meta property=\"og:url\" content=\"https:\/\/www.holy-supps.nl\/pl\/produkt\/oxyshred-gummies\/\" \/>\n<meta property=\"og:site_name\" content=\"Holy-Supps.nl\" \/>\n<meta property=\"article:publisher\" content=\"https:\/\/www.facebook.com\/holy.supps\" \/>\n<meta property=\"article:modified_time\" content=\"2026-04-09T19:23:13+00:00\" \/>\n<meta property=\"og:image\" content=\"https:\/\/www.holy-supps.nl\/wp-content\/uploads\/2025\/11\/OxyShred_Gummies_Product_Icon_ca03fe5a-b945-4209-9c0e-c21246f4e2b9.png\" \/>\n\t<meta property=\"og:image:width\" content=\"1500\" \/>\n\t<meta property=\"og:image:height\" content=\"1500\" \/>\n\t<meta property=\"og:image:type\" content=\"image\/png\" \/>\n<meta name=\"twitter:card\" content=\"summary_large_image\" \/>\n<meta name=\"twitter:label1\" content=\"Szacowany czas czytania\" \/>\n\t<meta name=\"twitter:data1\" content=\"1 minuta\" \/>\n<script type=\"application\/ld+json\" class=\"yoast-schema-graph\">{\"@context\":\"https:\\\/\\\/schema.org\",\"@graph\":[{\"@type\":\"WebPage\",\"@id\":\"https:\\\/\\\/www.holy-supps.nl\\\/product\\\/oxyshred-gummies\\\/\",\"url\":\"https:\\\/\\\/www.holy-supps.nl\\\/product\\\/oxyshred-gummies\\\/\",\"name\":\"OxyShred Gummies - Direct vanuit NL verzonden - Holy-Supps.nl\",\"isPartOf\":{\"@id\":\"https:\\\/\\\/www.holy-supps.nl\\\/#website\"},\"primaryImageOfPage\":{\"@id\":\"https:\\\/\\\/www.holy-supps.nl\\\/product\\\/oxyshred-gummies\\\/#primaryimage\"},\"image\":{\"@id\":\"https:\\\/\\\/www.holy-supps.nl\\\/product\\\/oxyshred-gummies\\\/#primaryimage\"},\"thumbnailUrl\":\"https:\\\/\\\/www.holy-supps.nl\\\/wp-content\\\/uploads\\\/2025\\\/11\\\/OxyShred_Gummies_Product_Icon_ca03fe5a-b945-4209-9c0e-c21246f4e2b9.png\",\"datePublished\":\"2025-11-18T09:17:09+00:00\",\"dateModified\":\"2026-04-09T19:23:13+00:00\",\"description\":\"Geniet van de krachtige OxyShred Gummies, perfect voor jouw actieve levensstijl! Eenvoudig in te nemen en vol met belangrijke ingredi\u00ebnten.\",\"breadcrumb\":{\"@id\":\"https:\\\/\\\/www.holy-supps.nl\\\/product\\\/oxyshred-gummies\\\/#breadcrumb\"},\"inLanguage\":\"pl-PL\",\"potentialAction\":[{\"@type\":\"ReadAction\",\"target\":[\"https:\\\/\\\/www.holy-supps.nl\\\/product\\\/oxyshred-gummies\\\/\"]}]},{\"@type\":\"ImageObject\",\"inLanguage\":\"pl-PL\",\"@id\":\"https:\\\/\\\/www.holy-supps.nl\\\/product\\\/oxyshred-gummies\\\/#primaryimage\",\"url\":\"https:\\\/\\\/www.holy-supps.nl\\\/wp-content\\\/uploads\\\/2025\\\/11\\\/OxyShred_Gummies_Product_Icon_ca03fe5a-b945-4209-9c0e-c21246f4e2b9.png\",\"contentUrl\":\"https:\\\/\\\/www.holy-supps.nl\\\/wp-content\\\/uploads\\\/2025\\\/11\\\/OxyShred_Gummies_Product_Icon_ca03fe5a-b945-4209-9c0e-c21246f4e2b9.png\",\"width\":1500,\"height\":1500},{\"@type\":\"BreadcrumbList\",\"@id\":\"https:\\\/\\\/www.holy-supps.nl\\\/product\\\/oxyshred-gummies\\\/#breadcrumb\",\"itemListElement\":[{\"@type\":\"ListItem\",\"position\":1,\"name\":\"Home\",\"item\":\"https:\\\/\\\/www.holy-supps.nl\\\/\"},{\"@type\":\"ListItem\",\"position\":2,\"name\":\"Winkel\",\"item\":\"https:\\\/\\\/www.holy-supps.nl\\\/winkel\\\/\"},{\"@type\":\"ListItem\",\"position\":3,\"name\":\"OxyShred Gummies\"}]},{\"@type\":\"WebSite\",\"@id\":\"https:\\\/\\\/www.holy-supps.nl\\\/#website\",\"url\":\"https:\\\/\\\/www.holy-supps.nl\\\/\",\"name\":\"Holy-Supps.nl\",\"description\":\"Official EHPLabs Reseller!\",\"publisher\":{\"@id\":\"https:\\\/\\\/www.holy-supps.nl\\\/#organization\"},\"potentialAction\":[{\"@type\":\"SearchAction\",\"target\":{\"@type\":\"EntryPoint\",\"urlTemplate\":\"https:\\\/\\\/www.holy-supps.nl\\\/?s={search_term_string}\"},\"query-input\":{\"@type\":\"PropertyValueSpecification\",\"valueRequired\":true,\"valueName\":\"search_term_string\"}}],\"inLanguage\":\"pl-PL\"},{\"@type\":\"Organization\",\"@id\":\"https:\\\/\\\/www.holy-supps.nl\\\/#organization\",\"name\":\"Holy Supps\",\"url\":\"https:\\\/\\\/www.holy-supps.nl\\\/\",\"logo\":{\"@type\":\"ImageObject\",\"inLanguage\":\"pl-PL\",\"@id\":\"https:\\\/\\\/www.holy-supps.nl\\\/#\\\/schema\\\/logo\\\/image\\\/\",\"url\":\"https:\\\/\\\/www.holy-supps.nl\\\/wp-content\\\/uploads\\\/2023\\\/06\\\/HOLY-SUPPS.png\",\"contentUrl\":\"https:\\\/\\\/www.holy-supps.nl\\\/wp-content\\\/uploads\\\/2023\\\/06\\\/HOLY-SUPPS.png\",\"width\":1000,\"height\":400,\"caption\":\"Holy Supps\"},\"image\":{\"@id\":\"https:\\\/\\\/www.holy-supps.nl\\\/#\\\/schema\\\/logo\\\/image\\\/\"},\"sameAs\":[\"https:\\\/\\\/www.facebook.com\\\/holy.supps\",\"https:\\\/\\\/www.instagram.com\\\/holy.supps.shop\\\/\"]}]}<\/script>\n<!-- \/ Yoast SEO plugin. -->","yoast_head_json":{"title":"OxyShred Gummies - Wysy\u0142ka bezpo\u015brednio z NL - Holy-Supps.co.uk","description":"Ciesz si\u0119 pot\u0119\u017cnymi \u017celkami OxyShred, idealnymi do aktywnego stylu \u017cycia! \u0141atwe w przyjmowaniu i pe\u0142ne kluczowych sk\u0142adnik\u00f3w.","robots":{"index":"index","follow":"follow","max-snippet":"max-snippet:-1","max-image-preview":"max-image-preview:large","max-video-preview":"max-video-preview:-1"},"canonical":"https:\/\/www.holy-supps.nl\/pl\/produkt\/oxyshred-gummies\/","og_locale":"pl_PL","og_type":"article","og_title":"OxyShred Gummies - Direct vanuit NL verzonden - Holy-Supps.nl","og_description":"Geniet van de krachtige OxyShred Gummies, perfect voor jouw actieve levensstijl! Eenvoudig in te nemen en vol met belangrijke ingredi\u00ebnten.","og_url":"https:\/\/www.holy-supps.nl\/pl\/produkt\/oxyshred-gummies\/","og_site_name":"Holy-Supps.nl","article_publisher":"https:\/\/www.facebook.com\/holy.supps","article_modified_time":"2026-04-09T19:23:13+00:00","og_image":[{"width":1500,"height":1500,"url":"https:\/\/www.holy-supps.nl\/wp-content\/uploads\/2025\/11\/OxyShred_Gummies_Product_Icon_ca03fe5a-b945-4209-9c0e-c21246f4e2b9.png","type":"image\/png"}],"twitter_card":"summary_large_image","twitter_misc":{"Szacowany czas czytania":"1 minuta"},"schema":{"@context":"https:\/\/schema.org","@graph":[{"@type":"WebPage","@id":"https:\/\/www.holy-supps.nl\/product\/oxyshred-gummies\/","url":"https:\/\/www.holy-supps.nl\/product\/oxyshred-gummies\/","name":"OxyShred Gummies - Wysy\u0142ka bezpo\u015brednio z NL - Holy-Supps.co.uk","isPartOf":{"@id":"https:\/\/www.holy-supps.nl\/#website"},"primaryImageOfPage":{"@id":"https:\/\/www.holy-supps.nl\/product\/oxyshred-gummies\/#primaryimage"},"image":{"@id":"https:\/\/www.holy-supps.nl\/product\/oxyshred-gummies\/#primaryimage"},"thumbnailUrl":"https:\/\/www.holy-supps.nl\/wp-content\/uploads\/2025\/11\/OxyShred_Gummies_Product_Icon_ca03fe5a-b945-4209-9c0e-c21246f4e2b9.png","datePublished":"2025-11-18T09:17:09+00:00","dateModified":"2026-04-09T19:23:13+00:00","description":"Ciesz si\u0119 pot\u0119\u017cnymi \u017celkami OxyShred, idealnymi do aktywnego stylu \u017cycia! \u0141atwe w przyjmowaniu i pe\u0142ne kluczowych sk\u0142adnik\u00f3w.","breadcrumb":{"@id":"https:\/\/www.holy-supps.nl\/product\/oxyshred-gummies\/#breadcrumb"},"inLanguage":"pl-PL","potentialAction":[{"@type":"ReadAction","target":["https:\/\/www.holy-supps.nl\/product\/oxyshred-gummies\/"]}]},{"@type":"ImageObject","inLanguage":"pl-PL","@id":"https:\/\/www.holy-supps.nl\/product\/oxyshred-gummies\/#primaryimage","url":"https:\/\/www.holy-supps.nl\/wp-content\/uploads\/2025\/11\/OxyShred_Gummies_Product_Icon_ca03fe5a-b945-4209-9c0e-c21246f4e2b9.png","contentUrl":"https:\/\/www.holy-supps.nl\/wp-content\/uploads\/2025\/11\/OxyShred_Gummies_Product_Icon_ca03fe5a-b945-4209-9c0e-c21246f4e2b9.png","width":1500,"height":1500},{"@type":"BreadcrumbList","@id":"https:\/\/www.holy-supps.nl\/product\/oxyshred-gummies\/#breadcrumb","itemListElement":[{"@type":"ListItem","position":1,"name":"Home","item":"https:\/\/www.holy-supps.nl\/"},{"@type":"ListItem","position":2,"name":"Winkel","item":"https:\/\/www.holy-supps.nl\/winkel\/"},{"@type":"ListItem","position":3,"name":"OxyShred Gummies"}]},{"@type":"WebSite","@id":"https:\/\/www.holy-supps.nl\/#website","url":"https:\/\/www.holy-supps.nl\/","name":"Holy-Supps.co.uk","description":"Oficjalny dystrybutor EHPLabs!","publisher":{"@id":"https:\/\/www.holy-supps.nl\/#organization"},"potentialAction":[{"@type":"SearchAction","target":{"@type":"EntryPoint","urlTemplate":"https:\/\/www.holy-supps.nl\/?s={search_term_string}"},"query-input":{"@type":"PropertyValueSpecification","valueRequired":true,"valueName":"search_term_string"}}],"inLanguage":"pl-PL"},{"@type":"Organization","@id":"https:\/\/www.holy-supps.nl\/#organization","name":"Holy Supps","url":"https:\/\/www.holy-supps.nl\/","logo":{"@type":"ImageObject","inLanguage":"pl-PL","@id":"https:\/\/www.holy-supps.nl\/#\/schema\/logo\/image\/","url":"https:\/\/www.holy-supps.nl\/wp-content\/uploads\/2023\/06\/HOLY-SUPPS.png","contentUrl":"https:\/\/www.holy-supps.nl\/wp-content\/uploads\/2023\/06\/HOLY-SUPPS.png","width":1000,"height":400,"caption":"Holy Supps"},"image":{"@id":"https:\/\/www.holy-supps.nl\/#\/schema\/logo\/image\/"},"sameAs":["https:\/\/www.facebook.com\/holy.supps","https:\/\/www.instagram.com\/holy.supps.shop\/"]}]}},"jetpack_sharing_enabled":true,"_links":{"self":[{"href":"https:\/\/www.holy-supps.nl\/pl\/wp-json\/wp\/v2\/product\/4439","targetHints":{"allow":["GET"]}}],"collection":[{"href":"https:\/\/www.holy-supps.nl\/pl\/wp-json\/wp\/v2\/product"}],"about":[{"href":"https:\/\/www.holy-supps.nl\/pl\/wp-json\/wp\/v2\/types\/product"}],"replies":[{"embeddable":true,"href":"https:\/\/www.holy-supps.nl\/pl\/wp-json\/wp\/v2\/comments?post=4439"}],"wp:featuredmedia":[{"embeddable":true,"href":"https:\/\/www.holy-supps.nl\/pl\/wp-json\/wp\/v2\/media\/4448"}],"wp:attachment":[{"href":"https:\/\/www.holy-supps.nl\/pl\/wp-json\/wp\/v2\/media?parent=4439"}],"wp:term":[{"taxonomy":"product_brand","embeddable":true,"href":"https:\/\/www.holy-supps.nl\/pl\/wp-json\/wp\/v2\/product_brand?post=4439"},{"taxonomy":"product_cat","embeddable":true,"href":"https:\/\/www.holy-supps.nl\/pl\/wp-json\/wp\/v2\/product_cat?post=4439"},{"taxonomy":"product_tag","embeddable":true,"href":"https:\/\/www.holy-supps.nl\/pl\/wp-json\/wp\/v2\/product_tag?post=4439"}],"curies":[{"name":"wp","href":"https:\/\/api.w.org\/{rel}","templated":true}]}}