{"id":3851,"date":"2025-04-04T15:32:17","date_gmt":"2025-04-04T13:32:17","guid":{"rendered":"https:\/\/www.holy-supps.nl\/?post_type=product&#038;p=3851"},"modified":"2025-10-15T22:02:27","modified_gmt":"2025-10-15T20:02:27","slug":"musclemeds-glutamine-decanate-300gr","status":"publish","type":"product","link":"https:\/\/www.holy-supps.nl\/pl\/product\/musclemeds-glutamine-decanate-300gr\/","title":{"rendered":"MuscleMeds \u2013 Glutamina Decanate \u2013 300 g"},"content":{"rendered":"<p>Glutamina jest jednym z najobficiej wyst\u0119puj\u0105cych aminokwas\u00f3w w mi\u0119\u015bniach szkieletowych. Stanowi ona budulec wykorzystywany w organizmie do budowy aminokwas\u00f3w, bia\u0142ek i nukleotyd\u00f3w tworz\u0105cych DNA i RNA. Ponadto glutamina odgrywa rol\u0119 w kilku procesach zwi\u0105zanych z energi\u0105 i utrzymaniem kom\u00f3rek. Glutamine Decanate zawiera oczyszczon\u0105, zmikronizowan\u0105 form\u0119 glutaminy i wykorzystuje zaawansowan\u0105 technologi\u0119 dostarczania DecaDrive. W ten spos\u00f3b glutamina mo\u017ce by\u0107 \u0142atwo dodana do codziennej rutyny suplementacyjnej.<\/p>","protected":false},"excerpt":{"rendered":"<p>Glutamine Decanate zawiera pot\u0119\u017cn\u0105 dawk\u0119 oczyszczonej, mikronizowanej glutaminy dzi\u0119ki zaawansowanej technologii dostarczania DecaDrive.<\/p>\n<ul>\n<li>Wysokiej jako\u015bci mikronizowana glutamina<\/li>\n<li>Przydatny do uzupe\u0142nienia w ramach rutyny<\/li>\n<li>Z systemem dostarczania DecaDrive<\/li>\n<\/ul>","protected":false},"featured_media":3852,"comment_status":"open","ping_status":"closed","template":"","meta":[],"product_brand":[],"product_cat":[86,156,90,67,171,81,91,70,92],"product_tag":[],"class_list":{"0":"post-3851","1":"product","2":"type-product","3":"status-publish","4":"has-post-thumbnail","6":"product_cat-aankomen","7":"product_cat-aminozuren","8":"product_cat-creatine","9":"product_cat-eiwitten-proteine","10":"product_cat-musclemeds","11":"product_cat-spieropbouw","12":"product_cat-supplementen","13":"product_cat-raws","14":"product_cat-vitamine-mineralen","16":"first","17":"outofstock","18":"sale","19":"taxable","20":"shipping-taxable","21":"purchasable","22":"product-type-simple"},"yoast_head":"<!-- This site is optimized with the Yoast SEO plugin v27.5 - https:\/\/yoast.com\/product\/yoast-seo-wordpress\/ -->\n<title>MuscleMeds - Glutamine Decanate - 300GR - Holy-Supps.nl<\/title>\n<meta name=\"robots\" content=\"index, follow, max-snippet:-1, max-image-preview:large, max-video-preview:-1\" \/>\n<link rel=\"canonical\" href=\"https:\/\/www.holy-supps.nl\/pl\/produkt\/musclemeds-glutamine-decanate-300gr\/\" \/>\n<meta property=\"og:locale\" content=\"pl_PL\" \/>\n<meta property=\"og:type\" content=\"article\" \/>\n<meta property=\"og:title\" content=\"MuscleMeds - Glutamine Decanate - 300GR - Holy-Supps.nl\" \/>\n<meta property=\"og:description\" content=\"Glutamine Decanaat bevat een krachtige dosis gezuiverde, gemicroniseerde glutamine via de geavanceerde DecaDrive Delivery Technology.  Gemicroniseerde glutamine van hoge kwaliteit  Handig aan te vullen binnen je routine  Met DecaDrive-leveringssysteem\" \/>\n<meta property=\"og:url\" content=\"https:\/\/www.holy-supps.nl\/pl\/produkt\/musclemeds-glutamine-decanate-300gr\/\" \/>\n<meta property=\"og:site_name\" content=\"Holy-Supps.nl\" \/>\n<meta property=\"article:publisher\" content=\"https:\/\/www.facebook.com\/holy.supps\" \/>\n<meta property=\"article:modified_time\" content=\"2025-10-15T20:02:27+00:00\" \/>\n<meta property=\"og:image\" content=\"https:\/\/www.holy-supps.nl\/wp-content\/uploads\/2023\/06\/HOLY-SUPPS.png\" \/>\n\t<meta property=\"og:image:width\" content=\"1000\" \/>\n\t<meta property=\"og:image:height\" content=\"400\" \/>\n\t<meta property=\"og:image:type\" content=\"image\/png\" \/>\n<meta name=\"twitter:card\" content=\"summary_large_image\" \/>\n<meta name=\"twitter:label1\" content=\"Szacowany czas czytania\" \/>\n\t<meta name=\"twitter:data1\" content=\"1 minuta\" \/>\n<script type=\"application\/ld+json\" class=\"yoast-schema-graph\">{\"@context\":\"https:\\\/\\\/schema.org\",\"@graph\":[{\"@type\":\"WebPage\",\"@id\":\"https:\\\/\\\/www.holy-supps.nl\\\/product\\\/musclemeds-glutamine-decanate-300gr\\\/\",\"url\":\"https:\\\/\\\/www.holy-supps.nl\\\/product\\\/musclemeds-glutamine-decanate-300gr\\\/\",\"name\":\"MuscleMeds - Glutamine Decanate - 300GR - Holy-Supps.nl\",\"isPartOf\":{\"@id\":\"https:\\\/\\\/www.holy-supps.nl\\\/#website\"},\"primaryImageOfPage\":{\"@id\":\"https:\\\/\\\/www.holy-supps.nl\\\/product\\\/musclemeds-glutamine-decanate-300gr\\\/#primaryimage\"},\"image\":{\"@id\":\"https:\\\/\\\/www.holy-supps.nl\\\/product\\\/musclemeds-glutamine-decanate-300gr\\\/#primaryimage\"},\"thumbnailUrl\":\"https:\\\/\\\/www.holy-supps.nl\\\/wp-content\\\/uploads\\\/2025\\\/04\\\/8.avif\",\"datePublished\":\"2025-04-04T13:32:17+00:00\",\"dateModified\":\"2025-10-15T20:02:27+00:00\",\"breadcrumb\":{\"@id\":\"https:\\\/\\\/www.holy-supps.nl\\\/product\\\/musclemeds-glutamine-decanate-300gr\\\/#breadcrumb\"},\"inLanguage\":\"pl-PL\",\"potentialAction\":[{\"@type\":\"ReadAction\",\"target\":[\"https:\\\/\\\/www.holy-supps.nl\\\/product\\\/musclemeds-glutamine-decanate-300gr\\\/\"]}]},{\"@type\":\"ImageObject\",\"inLanguage\":\"pl-PL\",\"@id\":\"https:\\\/\\\/www.holy-supps.nl\\\/product\\\/musclemeds-glutamine-decanate-300gr\\\/#primaryimage\",\"url\":\"https:\\\/\\\/www.holy-supps.nl\\\/wp-content\\\/uploads\\\/2025\\\/04\\\/8.avif\",\"contentUrl\":\"https:\\\/\\\/www.holy-supps.nl\\\/wp-content\\\/uploads\\\/2025\\\/04\\\/8.avif\",\"width\":800,\"height\":800},{\"@type\":\"BreadcrumbList\",\"@id\":\"https:\\\/\\\/www.holy-supps.nl\\\/product\\\/musclemeds-glutamine-decanate-300gr\\\/#breadcrumb\",\"itemListElement\":[{\"@type\":\"ListItem\",\"position\":1,\"name\":\"Home\",\"item\":\"https:\\\/\\\/www.holy-supps.nl\\\/\"},{\"@type\":\"ListItem\",\"position\":2,\"name\":\"Winkel\",\"item\":\"https:\\\/\\\/www.holy-supps.nl\\\/winkel\\\/\"},{\"@type\":\"ListItem\",\"position\":3,\"name\":\"MuscleMeds &#8211; Glutamine Decanate &#8211; 300GR\"}]},{\"@type\":\"WebSite\",\"@id\":\"https:\\\/\\\/www.holy-supps.nl\\\/#website\",\"url\":\"https:\\\/\\\/www.holy-supps.nl\\\/\",\"name\":\"Holy-Supps.nl\",\"description\":\"Official EHPLabs Reseller!\",\"publisher\":{\"@id\":\"https:\\\/\\\/www.holy-supps.nl\\\/#organization\"},\"potentialAction\":[{\"@type\":\"SearchAction\",\"target\":{\"@type\":\"EntryPoint\",\"urlTemplate\":\"https:\\\/\\\/www.holy-supps.nl\\\/?s={search_term_string}\"},\"query-input\":{\"@type\":\"PropertyValueSpecification\",\"valueRequired\":true,\"valueName\":\"search_term_string\"}}],\"inLanguage\":\"pl-PL\"},{\"@type\":\"Organization\",\"@id\":\"https:\\\/\\\/www.holy-supps.nl\\\/#organization\",\"name\":\"Holy Supps\",\"url\":\"https:\\\/\\\/www.holy-supps.nl\\\/\",\"logo\":{\"@type\":\"ImageObject\",\"inLanguage\":\"pl-PL\",\"@id\":\"https:\\\/\\\/www.holy-supps.nl\\\/#\\\/schema\\\/logo\\\/image\\\/\",\"url\":\"https:\\\/\\\/www.holy-supps.nl\\\/wp-content\\\/uploads\\\/2023\\\/06\\\/HOLY-SUPPS.png\",\"contentUrl\":\"https:\\\/\\\/www.holy-supps.nl\\\/wp-content\\\/uploads\\\/2023\\\/06\\\/HOLY-SUPPS.png\",\"width\":1000,\"height\":400,\"caption\":\"Holy Supps\"},\"image\":{\"@id\":\"https:\\\/\\\/www.holy-supps.nl\\\/#\\\/schema\\\/logo\\\/image\\\/\"},\"sameAs\":[\"https:\\\/\\\/www.facebook.com\\\/holy.supps\",\"https:\\\/\\\/www.instagram.com\\\/holy.supps.shop\\\/\"]}]}<\/script>\n<!-- \/ Yoast SEO plugin. -->","yoast_head_json":{"title":"MuscleMeds - Glutamine Decanate - 300GR - Holy-Supps.pl","robots":{"index":"index","follow":"follow","max-snippet":"max-snippet:-1","max-image-preview":"max-image-preview:large","max-video-preview":"max-video-preview:-1"},"canonical":"https:\/\/www.holy-supps.nl\/pl\/produkt\/musclemeds-glutamine-decanate-300gr\/","og_locale":"pl_PL","og_type":"article","og_title":"MuscleMeds - Glutamine Decanate - 300GR - Holy-Supps.nl","og_description":"Glutamine Decanaat bevat een krachtige dosis gezuiverde, gemicroniseerde glutamine via de geavanceerde DecaDrive Delivery Technology.  Gemicroniseerde glutamine van hoge kwaliteit  Handig aan te vullen binnen je routine  Met DecaDrive-leveringssysteem","og_url":"https:\/\/www.holy-supps.nl\/pl\/produkt\/musclemeds-glutamine-decanate-300gr\/","og_site_name":"Holy-Supps.nl","article_publisher":"https:\/\/www.facebook.com\/holy.supps","article_modified_time":"2025-10-15T20:02:27+00:00","og_image":[{"width":1000,"height":400,"url":"https:\/\/www.holy-supps.nl\/wp-content\/uploads\/2023\/06\/HOLY-SUPPS.png","type":"image\/png"}],"twitter_card":"summary_large_image","twitter_misc":{"Szacowany czas czytania":"1 minuta"},"schema":{"@context":"https:\/\/schema.org","@graph":[{"@type":"WebPage","@id":"https:\/\/www.holy-supps.nl\/product\/musclemeds-glutamine-decanate-300gr\/","url":"https:\/\/www.holy-supps.nl\/product\/musclemeds-glutamine-decanate-300gr\/","name":"MuscleMeds - Glutamine Decanate - 300GR - Holy-Supps.pl","isPartOf":{"@id":"https:\/\/www.holy-supps.nl\/#website"},"primaryImageOfPage":{"@id":"https:\/\/www.holy-supps.nl\/product\/musclemeds-glutamine-decanate-300gr\/#primaryimage"},"image":{"@id":"https:\/\/www.holy-supps.nl\/product\/musclemeds-glutamine-decanate-300gr\/#primaryimage"},"thumbnailUrl":"https:\/\/www.holy-supps.nl\/wp-content\/uploads\/2025\/04\/8.avif","datePublished":"2025-04-04T13:32:17+00:00","dateModified":"2025-10-15T20:02:27+00:00","breadcrumb":{"@id":"https:\/\/www.holy-supps.nl\/product\/musclemeds-glutamine-decanate-300gr\/#breadcrumb"},"inLanguage":"pl-PL","potentialAction":[{"@type":"ReadAction","target":["https:\/\/www.holy-supps.nl\/product\/musclemeds-glutamine-decanate-300gr\/"]}]},{"@type":"ImageObject","inLanguage":"pl-PL","@id":"https:\/\/www.holy-supps.nl\/product\/musclemeds-glutamine-decanate-300gr\/#primaryimage","url":"https:\/\/www.holy-supps.nl\/wp-content\/uploads\/2025\/04\/8.avif","contentUrl":"https:\/\/www.holy-supps.nl\/wp-content\/uploads\/2025\/04\/8.avif","width":800,"height":800},{"@type":"BreadcrumbList","@id":"https:\/\/www.holy-supps.nl\/product\/musclemeds-glutamine-decanate-300gr\/#breadcrumb","itemListElement":[{"@type":"ListItem","position":1,"name":"Home","item":"https:\/\/www.holy-supps.nl\/"},{"@type":"ListItem","position":2,"name":"Winkel","item":"https:\/\/www.holy-supps.nl\/winkel\/"},{"@type":"ListItem","position":3,"name":"MuscleMeds &#8211; Glutamine Decanate &#8211; 300GR"}]},{"@type":"WebSite","@id":"https:\/\/www.holy-supps.nl\/#website","url":"https:\/\/www.holy-supps.nl\/","name":"Holy-Supps.co.uk","description":"Oficjalny dystrybutor EHPLabs!","publisher":{"@id":"https:\/\/www.holy-supps.nl\/#organization"},"potentialAction":[{"@type":"SearchAction","target":{"@type":"EntryPoint","urlTemplate":"https:\/\/www.holy-supps.nl\/?s={search_term_string}"},"query-input":{"@type":"PropertyValueSpecification","valueRequired":true,"valueName":"search_term_string"}}],"inLanguage":"pl-PL"},{"@type":"Organization","@id":"https:\/\/www.holy-supps.nl\/#organization","name":"Holy Supps","url":"https:\/\/www.holy-supps.nl\/","logo":{"@type":"ImageObject","inLanguage":"pl-PL","@id":"https:\/\/www.holy-supps.nl\/#\/schema\/logo\/image\/","url":"https:\/\/www.holy-supps.nl\/wp-content\/uploads\/2023\/06\/HOLY-SUPPS.png","contentUrl":"https:\/\/www.holy-supps.nl\/wp-content\/uploads\/2023\/06\/HOLY-SUPPS.png","width":1000,"height":400,"caption":"Holy Supps"},"image":{"@id":"https:\/\/www.holy-supps.nl\/#\/schema\/logo\/image\/"},"sameAs":["https:\/\/www.facebook.com\/holy.supps","https:\/\/www.instagram.com\/holy.supps.shop\/"]}]}},"jetpack_sharing_enabled":true,"_links":{"self":[{"href":"https:\/\/www.holy-supps.nl\/pl\/wp-json\/wp\/v2\/product\/3851","targetHints":{"allow":["GET"]}}],"collection":[{"href":"https:\/\/www.holy-supps.nl\/pl\/wp-json\/wp\/v2\/product"}],"about":[{"href":"https:\/\/www.holy-supps.nl\/pl\/wp-json\/wp\/v2\/types\/product"}],"replies":[{"embeddable":true,"href":"https:\/\/www.holy-supps.nl\/pl\/wp-json\/wp\/v2\/comments?post=3851"}],"wp:featuredmedia":[{"embeddable":true,"href":"https:\/\/www.holy-supps.nl\/pl\/wp-json\/wp\/v2\/media\/3852"}],"wp:attachment":[{"href":"https:\/\/www.holy-supps.nl\/pl\/wp-json\/wp\/v2\/media?parent=3851"}],"wp:term":[{"taxonomy":"product_brand","embeddable":true,"href":"https:\/\/www.holy-supps.nl\/pl\/wp-json\/wp\/v2\/product_brand?post=3851"},{"taxonomy":"product_cat","embeddable":true,"href":"https:\/\/www.holy-supps.nl\/pl\/wp-json\/wp\/v2\/product_cat?post=3851"},{"taxonomy":"product_tag","embeddable":true,"href":"https:\/\/www.holy-supps.nl\/pl\/wp-json\/wp\/v2\/product_tag?post=3851"}],"curies":[{"name":"wp","href":"https:\/\/api.w.org\/{rel}","templated":true}]}}