{"id":3357,"date":"2024-11-29T14:44:01","date_gmt":"2024-11-29T13:44:01","guid":{"rendered":"https:\/\/www.holy-supps.nl\/?post_type=product&#038;p=3357"},"modified":"2026-02-08T19:56:34","modified_gmt":"2026-02-08T18:56:34","slug":"holyshot","status":"publish","type":"product","link":"https:\/\/www.holy-supps.nl\/pl\/product\/holyshot\/","title":{"rendered":"HOLYSHOT"},"content":{"rendered":"<h2>IMBIR I CYTRYNA<\/h2>\n<p>100% Natural - HOLYSHOT - Ginger and Lemon zawiera to, co najlepsze z 2 \u015bwiat\u00f3w. Korzy\u015bci p\u0142yn\u0105ce z imbiru (dzia\u0142anie przeciwzapalne, wzmacnia odporno\u015b\u0107 i stymuluje m\u00f3zg) w po\u0142\u0105czeniu z moc\u0105 cytryny (\u017ar\u00f3d\u0142o witaminy C, pomaga utrzyma\u0107 wag\u0119, stymuluje serce) i butelkowane w wygodnym formacie do codziennego picia.<\/p>\n<ul>\n<li>PRZECIWZAPALNY<\/li>\n<li>PE\u0141EN WITAMIN<\/li>\n<li>BEZ DODATKU CUKRU<\/li>\n<li>BUTELKOWANE W SZKLE NADAJ\u0104CYM SI\u0118 DO RECYKLINGU<\/li>\n<li>WYSOKA TRWA\u0141O\u015a\u0106<\/li>\n<\/ul>\n<h2>IMBIR, KURKUMA I ANANAS<\/h2>\n<p>Naturalny 100% - HOLYSHOT - Imbir, Kurkuma &amp; Ananas ma wiele do zaoferowania! Korzy\u015bci p\u0142yn\u0105ce z imbiru (dzia\u0142anie przeciwzapalne, wzmacniaj\u0105ce odporno\u015b\u0107 i stymuluj\u0105ce m\u00f3zg) w po\u0142\u0105czeniu z super moc\u0105 kurkumy (jest silnym \u015brodkiem przeciwzapalnym i przeciwutleniaj\u0105cym)* i zwie\u0144czone orze\u017awiaj\u0105cym smakiem ananasa (silnym w przeciwutleniacze i sk\u0142adniki od\u017cywcze). * Powy\u017csze twierdzenia s\u0105 powszechnie znane i nie zawsze naukowo udowodnione.<\/p>\n<ul>\n<li>Z SUPERFOODS<\/li>\n<li>PE\u0141EN WITAMIN<\/li>\n<li>BEZ DODATKU CUKRU<\/li>\n<li>BUTELKOWANE W SZKLE NADAJ\u0104CYM SI\u0118 DO RECYKLINGU<\/li>\n<li>WYSOKA TRWA\u0141O\u015a\u0106<\/li>\n<\/ul>\n<h2>MAT\u00c9 &amp; GUARANA<\/h2>\n<p>100% Natural - HOLYSHOT - Mat\u00e9 &amp; Guarana ma naturalnie orze\u017awiaj\u0105cy i stymuluj\u0105cy efekt. Mat\u00e9 stymuluje wszystkie funkcje umys\u0142owe i jest pe\u0142en witamin, minera\u0142\u00f3w i przeciwutleniaczy. Guarana mo\u017ce zmniejszy\u0107 zm\u0119czenie i poprawi\u0107 koncentracj\u0119. Ma r\u00f3wnie\u017c w\u0142a\u015bciwo\u015bci antybakteryjne. To sprawia, \u017ce sok ten jest idealnym zastrzykiem energii.<\/p>\n<ul>\n<li>NATURALNA KOFEINA<\/li>\n<li>\u00a0ANTYOKSYDANTY<\/li>\n<li>\u00a0PE\u0141EN WITAMIN<\/li>\n<li>\u00a0BEZ DODATKU CUKRU<\/li>\n<li>\u00a0BUTELKOWANE W SZKLE NADAJ\u0104CYM SI\u0118 DO RECYKLINGU<\/li>\n<li>\u00a0WYSOKA TRWA\u0141O\u015a\u0106<\/li>\n<\/ul>","protected":false},"excerpt":{"rendered":"<p>Organiczne zastrzyki funkcjonalne. Codzienny wzmacniacz odporno\u015bci.<\/p>","protected":false},"featured_media":3363,"comment_status":"open","ping_status":"closed","template":"","meta":[],"product_brand":[],"product_cat":[93,77,87,15,74,270,79,92,78],"product_tag":[],"class_list":{"0":"post-3357","1":"product","2":"type-product","3":"status-publish","4":"has-post-thumbnail","6":"product_cat-bars-snacks","7":"product_cat-bundles-save","8":"product_cat-energie-focus","9":"product_cat-geen-categorie","10":"product_cat-health-wellness","11":"product_cat-holyshot","12":"product_cat-maaltijdvervangers","13":"product_cat-vitamine-mineralen","14":"product_cat-voeding-snacks","16":"first","17":"instock","18":"sale","19":"taxable","20":"shipping-taxable","21":"purchasable","22":"product-type-variable"},"yoast_head":"<!-- This site is optimized with the Yoast SEO plugin v27.4 - https:\/\/yoast.com\/product\/yoast-seo-wordpress\/ -->\n<title>HOLYSHOT - Holy-Supps.nl<\/title>\n<meta name=\"robots\" content=\"index, follow, max-snippet:-1, max-image-preview:large, max-video-preview:-1\" \/>\n<link rel=\"canonical\" href=\"https:\/\/www.holy-supps.nl\/pl\/produkt\/holyshot\/\" \/>\n<meta property=\"og:locale\" content=\"pl_PL\" \/>\n<meta property=\"og:type\" content=\"article\" \/>\n<meta property=\"og:title\" content=\"HOLYSHOT - Holy-Supps.nl\" \/>\n<meta property=\"og:description\" content=\"Organische functionele shots. Uw dagelijkse immuniteitsbooster.\" \/>\n<meta property=\"og:url\" content=\"https:\/\/www.holy-supps.nl\/pl\/produkt\/holyshot\/\" \/>\n<meta property=\"og:site_name\" content=\"Holy-Supps.nl\" \/>\n<meta property=\"article:publisher\" content=\"https:\/\/www.facebook.com\/holy.supps\" \/>\n<meta property=\"article:modified_time\" content=\"2026-02-08T18:56:34+00:00\" \/>\n<meta property=\"og:image\" content=\"https:\/\/www.holy-supps.nl\/wp-content\/uploads\/2024\/11\/ginger-lemon.webp\" \/>\n\t<meta property=\"og:image:width\" content=\"700\" \/>\n\t<meta property=\"og:image:height\" content=\"700\" \/>\n\t<meta property=\"og:image:type\" content=\"image\/webp\" \/>\n<meta name=\"twitter:card\" content=\"summary_large_image\" \/>\n<meta name=\"twitter:label1\" content=\"Szacowany czas czytania\" \/>\n\t<meta name=\"twitter:data1\" content=\"2 minuty\" \/>\n<script type=\"application\/ld+json\" class=\"yoast-schema-graph\">{\"@context\":\"https:\\\/\\\/schema.org\",\"@graph\":[{\"@type\":\"WebPage\",\"@id\":\"https:\\\/\\\/www.holy-supps.nl\\\/product\\\/holyshot\\\/\",\"url\":\"https:\\\/\\\/www.holy-supps.nl\\\/product\\\/holyshot\\\/\",\"name\":\"HOLYSHOT - Holy-Supps.nl\",\"isPartOf\":{\"@id\":\"https:\\\/\\\/www.holy-supps.nl\\\/#website\"},\"primaryImageOfPage\":{\"@id\":\"https:\\\/\\\/www.holy-supps.nl\\\/product\\\/holyshot\\\/#primaryimage\"},\"image\":{\"@id\":\"https:\\\/\\\/www.holy-supps.nl\\\/product\\\/holyshot\\\/#primaryimage\"},\"thumbnailUrl\":\"https:\\\/\\\/www.holy-supps.nl\\\/wp-content\\\/uploads\\\/2024\\\/11\\\/ginger-lemon.webp\",\"datePublished\":\"2024-11-29T13:44:01+00:00\",\"dateModified\":\"2026-02-08T18:56:34+00:00\",\"breadcrumb\":{\"@id\":\"https:\\\/\\\/www.holy-supps.nl\\\/product\\\/holyshot\\\/#breadcrumb\"},\"inLanguage\":\"pl-PL\",\"potentialAction\":[{\"@type\":\"ReadAction\",\"target\":[\"https:\\\/\\\/www.holy-supps.nl\\\/product\\\/holyshot\\\/\"]}]},{\"@type\":\"ImageObject\",\"inLanguage\":\"pl-PL\",\"@id\":\"https:\\\/\\\/www.holy-supps.nl\\\/product\\\/holyshot\\\/#primaryimage\",\"url\":\"https:\\\/\\\/www.holy-supps.nl\\\/wp-content\\\/uploads\\\/2024\\\/11\\\/ginger-lemon.webp\",\"contentUrl\":\"https:\\\/\\\/www.holy-supps.nl\\\/wp-content\\\/uploads\\\/2024\\\/11\\\/ginger-lemon.webp\",\"width\":700,\"height\":700},{\"@type\":\"BreadcrumbList\",\"@id\":\"https:\\\/\\\/www.holy-supps.nl\\\/product\\\/holyshot\\\/#breadcrumb\",\"itemListElement\":[{\"@type\":\"ListItem\",\"position\":1,\"name\":\"Home\",\"item\":\"https:\\\/\\\/www.holy-supps.nl\\\/\"},{\"@type\":\"ListItem\",\"position\":2,\"name\":\"Winkel\",\"item\":\"https:\\\/\\\/www.holy-supps.nl\\\/winkel\\\/\"},{\"@type\":\"ListItem\",\"position\":3,\"name\":\"HOLYSHOT\"}]},{\"@type\":\"WebSite\",\"@id\":\"https:\\\/\\\/www.holy-supps.nl\\\/#website\",\"url\":\"https:\\\/\\\/www.holy-supps.nl\\\/\",\"name\":\"Holy-Supps.nl\",\"description\":\"Official EHPLabs Reseller!\",\"publisher\":{\"@id\":\"https:\\\/\\\/www.holy-supps.nl\\\/#organization\"},\"potentialAction\":[{\"@type\":\"SearchAction\",\"target\":{\"@type\":\"EntryPoint\",\"urlTemplate\":\"https:\\\/\\\/www.holy-supps.nl\\\/?s={search_term_string}\"},\"query-input\":{\"@type\":\"PropertyValueSpecification\",\"valueRequired\":true,\"valueName\":\"search_term_string\"}}],\"inLanguage\":\"pl-PL\"},{\"@type\":\"Organization\",\"@id\":\"https:\\\/\\\/www.holy-supps.nl\\\/#organization\",\"name\":\"Holy Supps\",\"url\":\"https:\\\/\\\/www.holy-supps.nl\\\/\",\"logo\":{\"@type\":\"ImageObject\",\"inLanguage\":\"pl-PL\",\"@id\":\"https:\\\/\\\/www.holy-supps.nl\\\/#\\\/schema\\\/logo\\\/image\\\/\",\"url\":\"https:\\\/\\\/www.holy-supps.nl\\\/wp-content\\\/uploads\\\/2023\\\/06\\\/HOLY-SUPPS.png\",\"contentUrl\":\"https:\\\/\\\/www.holy-supps.nl\\\/wp-content\\\/uploads\\\/2023\\\/06\\\/HOLY-SUPPS.png\",\"width\":1000,\"height\":400,\"caption\":\"Holy Supps\"},\"image\":{\"@id\":\"https:\\\/\\\/www.holy-supps.nl\\\/#\\\/schema\\\/logo\\\/image\\\/\"},\"sameAs\":[\"https:\\\/\\\/www.facebook.com\\\/holy.supps\",\"https:\\\/\\\/www.instagram.com\\\/holy.supps.shop\\\/\"]}]}<\/script>\n<!-- \/ Yoast SEO plugin. -->","yoast_head_json":{"title":"HOLYSHOT - Holy-Supps.co.uk","robots":{"index":"index","follow":"follow","max-snippet":"max-snippet:-1","max-image-preview":"max-image-preview:large","max-video-preview":"max-video-preview:-1"},"canonical":"https:\/\/www.holy-supps.nl\/pl\/produkt\/holyshot\/","og_locale":"pl_PL","og_type":"article","og_title":"HOLYSHOT - Holy-Supps.nl","og_description":"Organische functionele shots. Uw dagelijkse immuniteitsbooster.","og_url":"https:\/\/www.holy-supps.nl\/pl\/produkt\/holyshot\/","og_site_name":"Holy-Supps.nl","article_publisher":"https:\/\/www.facebook.com\/holy.supps","article_modified_time":"2026-02-08T18:56:34+00:00","og_image":[{"width":700,"height":700,"url":"https:\/\/www.holy-supps.nl\/wp-content\/uploads\/2024\/11\/ginger-lemon.webp","type":"image\/webp"}],"twitter_card":"summary_large_image","twitter_misc":{"Szacowany czas czytania":"2 minuty"},"schema":{"@context":"https:\/\/schema.org","@graph":[{"@type":"WebPage","@id":"https:\/\/www.holy-supps.nl\/product\/holyshot\/","url":"https:\/\/www.holy-supps.nl\/product\/holyshot\/","name":"HOLYSHOT - Holy-Supps.co.uk","isPartOf":{"@id":"https:\/\/www.holy-supps.nl\/#website"},"primaryImageOfPage":{"@id":"https:\/\/www.holy-supps.nl\/product\/holyshot\/#primaryimage"},"image":{"@id":"https:\/\/www.holy-supps.nl\/product\/holyshot\/#primaryimage"},"thumbnailUrl":"https:\/\/www.holy-supps.nl\/wp-content\/uploads\/2024\/11\/ginger-lemon.webp","datePublished":"2024-11-29T13:44:01+00:00","dateModified":"2026-02-08T18:56:34+00:00","breadcrumb":{"@id":"https:\/\/www.holy-supps.nl\/product\/holyshot\/#breadcrumb"},"inLanguage":"pl-PL","potentialAction":[{"@type":"ReadAction","target":["https:\/\/www.holy-supps.nl\/product\/holyshot\/"]}]},{"@type":"ImageObject","inLanguage":"pl-PL","@id":"https:\/\/www.holy-supps.nl\/product\/holyshot\/#primaryimage","url":"https:\/\/www.holy-supps.nl\/wp-content\/uploads\/2024\/11\/ginger-lemon.webp","contentUrl":"https:\/\/www.holy-supps.nl\/wp-content\/uploads\/2024\/11\/ginger-lemon.webp","width":700,"height":700},{"@type":"BreadcrumbList","@id":"https:\/\/www.holy-supps.nl\/product\/holyshot\/#breadcrumb","itemListElement":[{"@type":"ListItem","position":1,"name":"Home","item":"https:\/\/www.holy-supps.nl\/"},{"@type":"ListItem","position":2,"name":"Winkel","item":"https:\/\/www.holy-supps.nl\/winkel\/"},{"@type":"ListItem","position":3,"name":"HOLYSHOT"}]},{"@type":"WebSite","@id":"https:\/\/www.holy-supps.nl\/#website","url":"https:\/\/www.holy-supps.nl\/","name":"Holy-Supps.co.uk","description":"Oficjalny dystrybutor EHPLabs!","publisher":{"@id":"https:\/\/www.holy-supps.nl\/#organization"},"potentialAction":[{"@type":"SearchAction","target":{"@type":"EntryPoint","urlTemplate":"https:\/\/www.holy-supps.nl\/?s={search_term_string}"},"query-input":{"@type":"PropertyValueSpecification","valueRequired":true,"valueName":"search_term_string"}}],"inLanguage":"pl-PL"},{"@type":"Organization","@id":"https:\/\/www.holy-supps.nl\/#organization","name":"Holy Supps","url":"https:\/\/www.holy-supps.nl\/","logo":{"@type":"ImageObject","inLanguage":"pl-PL","@id":"https:\/\/www.holy-supps.nl\/#\/schema\/logo\/image\/","url":"https:\/\/www.holy-supps.nl\/wp-content\/uploads\/2023\/06\/HOLY-SUPPS.png","contentUrl":"https:\/\/www.holy-supps.nl\/wp-content\/uploads\/2023\/06\/HOLY-SUPPS.png","width":1000,"height":400,"caption":"Holy Supps"},"image":{"@id":"https:\/\/www.holy-supps.nl\/#\/schema\/logo\/image\/"},"sameAs":["https:\/\/www.facebook.com\/holy.supps","https:\/\/www.instagram.com\/holy.supps.shop\/"]}]}},"jetpack_sharing_enabled":true,"_links":{"self":[{"href":"https:\/\/www.holy-supps.nl\/pl\/wp-json\/wp\/v2\/product\/3357","targetHints":{"allow":["GET"]}}],"collection":[{"href":"https:\/\/www.holy-supps.nl\/pl\/wp-json\/wp\/v2\/product"}],"about":[{"href":"https:\/\/www.holy-supps.nl\/pl\/wp-json\/wp\/v2\/types\/product"}],"replies":[{"embeddable":true,"href":"https:\/\/www.holy-supps.nl\/pl\/wp-json\/wp\/v2\/comments?post=3357"}],"wp:featuredmedia":[{"embeddable":true,"href":"https:\/\/www.holy-supps.nl\/pl\/wp-json\/wp\/v2\/media\/3363"}],"wp:attachment":[{"href":"https:\/\/www.holy-supps.nl\/pl\/wp-json\/wp\/v2\/media?parent=3357"}],"wp:term":[{"taxonomy":"product_brand","embeddable":true,"href":"https:\/\/www.holy-supps.nl\/pl\/wp-json\/wp\/v2\/product_brand?post=3357"},{"taxonomy":"product_cat","embeddable":true,"href":"https:\/\/www.holy-supps.nl\/pl\/wp-json\/wp\/v2\/product_cat?post=3357"},{"taxonomy":"product_tag","embeddable":true,"href":"https:\/\/www.holy-supps.nl\/pl\/wp-json\/wp\/v2\/product_tag?post=3357"}],"curies":[{"name":"wp","href":"https:\/\/api.w.org\/{rel}","templated":true}]}}