{"id":3342,"date":"2024-11-29T11:39:42","date_gmt":"2024-11-29T10:39:42","guid":{"rendered":"https:\/\/www.holy-supps.nl\/?post_type=product&#038;p=3342"},"modified":"2025-10-15T22:02:12","modified_gmt":"2025-10-15T20:02:12","slug":"barebells-protein-bar-triple-pack","status":"publish","type":"product","link":"https:\/\/www.holy-supps.nl\/pl\/product\/barebells-protein-bar-triple-pack\/","title":{"rendered":"Barebells Protein bar \u2013 Potr\u00f3jne opakowanie"},"content":{"rendered":"<p>Masz do\u015b\u0107 baton\u00f3w, kt\u00f3re smakuj\u0105 jak tektura? Ten baton jest zbyt lepki i czekoladowy, aby mo\u017cna go by\u0142o por\u00f3wna\u0107 z czymkolwiek innym ni\u017c najbardziej dekadenckie desery; a mimo to zawiera 20 gram\u00f3w bia\u0142ka i nie zawiera dodatku cukru. Dbanie o form\u0119 nigdy nie by\u0142o tak pyszne. Caramel Cashew by\u0142 jednym z pierwszych smak\u00f3w wprowadzonych na rynek przez Barebells i nadal jest hitem na ca\u0142ym \u015bwiecie.<\/p>\n<h2>Zalety<\/h2>\n<ul>\n<li style=\"list-style-type: none;\">\n<ul>\n<li>20 gram\u00f3w bia\u0142ka na baton<\/li>\n<li>Niska zawarto\u015b\u0107 w\u0119glowodan\u00f3w<\/li>\n<li>Niska zawarto\u015b\u0107 cukru, mniej ni\u017c 2 g cukru na porcj\u0119<\/li>\n<li>Wysokie w\u0142\u00f3kna<\/li>\n<li>Por\u0119czny do zabrania w podr\u00f3\u017c<\/li>\n<li>Niesamowicie pyszna konsystencja<\/li>\n<li>7 pysznych smak\u00f3w<\/li>\n<\/ul>\n<\/li>\n<\/ul>\n<h2>Sk\u0142adniki<\/h2>\n<p>BIA\u0141KA MLEKA, substancja utrzymuj\u0105ca wilgo\u0107 (glicerol), substancja s\u0142odz\u0105ca (maltitole, sukraloza, acesulfam-K), hydrolizat kolagenu, polidekstroza, mas\u0142o kakaowe, pe\u0142ne mleko w proszku, woda, SOJAPROTEINA, olej s\u0142onecznikowy, masa kakaowa, aromaty, kakao, skrobia z tapioki, emulgator (lecytyny). Mo\u017ce zawiera\u0107 \u015bladowe ilo\u015bci zb\u00f3\u017c zawieraj\u0105cych gluten, orzeszk\u00f3w ziemnych i orzech\u00f3w.<\/p>\n<h2>Informacje o alergiach<\/h2>\n<p>Zawiera: mleko, soj\u0119<\/p>\n<p>Mo\u017ce zawiera\u0107: zbo\u017ca zawieraj\u0105ce gluten, orzeszki ziemne, orzechy<\/p>","protected":false},"excerpt":{"rendered":"<h2>Wybierz i wymieszaj sw\u00f3j ulubiony smak!<\/h2>\n<p>100% Barebellicious - dost\u0119pny w siedmiu niesamowitych smakach. Batony proteinowe Barebells s\u0105 stworzone, aby zadziwi\u0107 Twoje kubki smakowe! Wszystko bez dodatku cukru, 20 gram\u00f3w bia\u0142ka i bez kompromis\u00f3w w kwestii smaku. Zapraszamy!<\/p>","protected":false},"featured_media":3328,"comment_status":"open","ping_status":"closed","template":"","meta":[],"product_brand":[],"product_cat":[86,89,272,93,77,80,15,81,78],"product_tag":[],"class_list":{"0":"post-3342","1":"product","2":"type-product","3":"status-publish","4":"has-post-thumbnail","6":"product_cat-aankomen","7":"product_cat-afvallen","8":"product_cat-barebells","9":"product_cat-bars-snacks","10":"product_cat-bundles-save","11":"product_cat-doel","12":"product_cat-geen-categorie","13":"product_cat-spieropbouw","14":"product_cat-voeding-snacks","16":"first","17":"outofstock","18":"sale","19":"taxable","20":"shipping-taxable","21":"purchasable","22":"product-type-yith_bundle"},"yoast_head":"<!-- This site is optimized with the Yoast SEO plugin v27.4 - https:\/\/yoast.com\/product\/yoast-seo-wordpress\/ -->\n<title>Barebells Protein bar - Triple pack - Holy-Supps.nl<\/title>\n<meta name=\"robots\" content=\"index, follow, max-snippet:-1, max-image-preview:large, max-video-preview:-1\" \/>\n<link rel=\"canonical\" href=\"https:\/\/www.holy-supps.nl\/pl\/produkt\/barebells-protein-bar-triple-pack\/\" \/>\n<meta property=\"og:locale\" content=\"pl_PL\" \/>\n<meta property=\"og:type\" content=\"article\" \/>\n<meta property=\"og:title\" content=\"Barebells Protein bar - Triple pack - Holy-Supps.nl\" \/>\n<meta property=\"og:description\" content=\"PICK &amp; MIX je favoriete smaak! 100% Barebellicious \u2013 verkrijgbaar in zeven ongelooflijke smaken. Barebells eiwitrepen zijn gemaakt om je smaakpapillen te verbazen! Allemaal zonder toegevoegde suikers, 20 gram eiwit en zonder concessies te doen aan de smaak. Graag gedaan!\" \/>\n<meta property=\"og:url\" content=\"https:\/\/www.holy-supps.nl\/pl\/produkt\/barebells-protein-bar-triple-pack\/\" \/>\n<meta property=\"og:site_name\" content=\"Holy-Supps.nl\" \/>\n<meta property=\"article:publisher\" content=\"https:\/\/www.facebook.com\/holy.supps\" \/>\n<meta property=\"article:modified_time\" content=\"2025-10-15T20:02:12+00:00\" \/>\n<meta property=\"og:image\" content=\"https:\/\/www.holy-supps.nl\/wp-content\/uploads\/2024\/11\/BB-CC.jpeg\" \/>\n\t<meta property=\"og:image:width\" content=\"800\" \/>\n\t<meta property=\"og:image:height\" content=\"800\" \/>\n\t<meta property=\"og:image:type\" content=\"image\/jpeg\" \/>\n<meta name=\"twitter:card\" content=\"summary_large_image\" \/>\n<meta name=\"twitter:label1\" content=\"Szacowany czas czytania\" \/>\n\t<meta name=\"twitter:data1\" content=\"1 minuta\" \/>\n<script type=\"application\/ld+json\" class=\"yoast-schema-graph\">{\"@context\":\"https:\\\/\\\/schema.org\",\"@graph\":[{\"@type\":\"WebPage\",\"@id\":\"https:\\\/\\\/www.holy-supps.nl\\\/product\\\/barebells-protein-bar-triple-pack\\\/\",\"url\":\"https:\\\/\\\/www.holy-supps.nl\\\/product\\\/barebells-protein-bar-triple-pack\\\/\",\"name\":\"Barebells Protein bar - Triple pack - Holy-Supps.nl\",\"isPartOf\":{\"@id\":\"https:\\\/\\\/www.holy-supps.nl\\\/#website\"},\"primaryImageOfPage\":{\"@id\":\"https:\\\/\\\/www.holy-supps.nl\\\/product\\\/barebells-protein-bar-triple-pack\\\/#primaryimage\"},\"image\":{\"@id\":\"https:\\\/\\\/www.holy-supps.nl\\\/product\\\/barebells-protein-bar-triple-pack\\\/#primaryimage\"},\"thumbnailUrl\":\"https:\\\/\\\/www.holy-supps.nl\\\/wp-content\\\/uploads\\\/2024\\\/11\\\/BB-CC.jpeg\",\"datePublished\":\"2024-11-29T10:39:42+00:00\",\"dateModified\":\"2025-10-15T20:02:12+00:00\",\"breadcrumb\":{\"@id\":\"https:\\\/\\\/www.holy-supps.nl\\\/product\\\/barebells-protein-bar-triple-pack\\\/#breadcrumb\"},\"inLanguage\":\"pl-PL\",\"potentialAction\":[{\"@type\":\"ReadAction\",\"target\":[\"https:\\\/\\\/www.holy-supps.nl\\\/product\\\/barebells-protein-bar-triple-pack\\\/\"]}]},{\"@type\":\"ImageObject\",\"inLanguage\":\"pl-PL\",\"@id\":\"https:\\\/\\\/www.holy-supps.nl\\\/product\\\/barebells-protein-bar-triple-pack\\\/#primaryimage\",\"url\":\"https:\\\/\\\/www.holy-supps.nl\\\/wp-content\\\/uploads\\\/2024\\\/11\\\/BB-CC.jpeg\",\"contentUrl\":\"https:\\\/\\\/www.holy-supps.nl\\\/wp-content\\\/uploads\\\/2024\\\/11\\\/BB-CC.jpeg\",\"width\":800,\"height\":800},{\"@type\":\"BreadcrumbList\",\"@id\":\"https:\\\/\\\/www.holy-supps.nl\\\/product\\\/barebells-protein-bar-triple-pack\\\/#breadcrumb\",\"itemListElement\":[{\"@type\":\"ListItem\",\"position\":1,\"name\":\"Home\",\"item\":\"https:\\\/\\\/www.holy-supps.nl\\\/\"},{\"@type\":\"ListItem\",\"position\":2,\"name\":\"Winkel\",\"item\":\"https:\\\/\\\/www.holy-supps.nl\\\/winkel\\\/\"},{\"@type\":\"ListItem\",\"position\":3,\"name\":\"Barebells Protein bar &#8211; Triple pack\"}]},{\"@type\":\"WebSite\",\"@id\":\"https:\\\/\\\/www.holy-supps.nl\\\/#website\",\"url\":\"https:\\\/\\\/www.holy-supps.nl\\\/\",\"name\":\"Holy-Supps.nl\",\"description\":\"Official EHPLabs Reseller!\",\"publisher\":{\"@id\":\"https:\\\/\\\/www.holy-supps.nl\\\/#organization\"},\"potentialAction\":[{\"@type\":\"SearchAction\",\"target\":{\"@type\":\"EntryPoint\",\"urlTemplate\":\"https:\\\/\\\/www.holy-supps.nl\\\/?s={search_term_string}\"},\"query-input\":{\"@type\":\"PropertyValueSpecification\",\"valueRequired\":true,\"valueName\":\"search_term_string\"}}],\"inLanguage\":\"pl-PL\"},{\"@type\":\"Organization\",\"@id\":\"https:\\\/\\\/www.holy-supps.nl\\\/#organization\",\"name\":\"Holy Supps\",\"url\":\"https:\\\/\\\/www.holy-supps.nl\\\/\",\"logo\":{\"@type\":\"ImageObject\",\"inLanguage\":\"pl-PL\",\"@id\":\"https:\\\/\\\/www.holy-supps.nl\\\/#\\\/schema\\\/logo\\\/image\\\/\",\"url\":\"https:\\\/\\\/www.holy-supps.nl\\\/wp-content\\\/uploads\\\/2023\\\/06\\\/HOLY-SUPPS.png\",\"contentUrl\":\"https:\\\/\\\/www.holy-supps.nl\\\/wp-content\\\/uploads\\\/2023\\\/06\\\/HOLY-SUPPS.png\",\"width\":1000,\"height\":400,\"caption\":\"Holy Supps\"},\"image\":{\"@id\":\"https:\\\/\\\/www.holy-supps.nl\\\/#\\\/schema\\\/logo\\\/image\\\/\"},\"sameAs\":[\"https:\\\/\\\/www.facebook.com\\\/holy.supps\",\"https:\\\/\\\/www.instagram.com\\\/holy.supps.shop\\\/\"]}]}<\/script>\n<!-- \/ Yoast SEO plugin. -->","yoast_head_json":{"title":"Baton proteinowy Barebells - potr\u00f3jne opakowanie - Holy-Supps.pl","robots":{"index":"index","follow":"follow","max-snippet":"max-snippet:-1","max-image-preview":"max-image-preview:large","max-video-preview":"max-video-preview:-1"},"canonical":"https:\/\/www.holy-supps.nl\/pl\/produkt\/barebells-protein-bar-triple-pack\/","og_locale":"pl_PL","og_type":"article","og_title":"Barebells Protein bar - Triple pack - Holy-Supps.nl","og_description":"PICK &amp; MIX je favoriete smaak! 100% Barebellicious \u2013 verkrijgbaar in zeven ongelooflijke smaken. Barebells eiwitrepen zijn gemaakt om je smaakpapillen te verbazen! Allemaal zonder toegevoegde suikers, 20 gram eiwit en zonder concessies te doen aan de smaak. Graag gedaan!","og_url":"https:\/\/www.holy-supps.nl\/pl\/produkt\/barebells-protein-bar-triple-pack\/","og_site_name":"Holy-Supps.nl","article_publisher":"https:\/\/www.facebook.com\/holy.supps","article_modified_time":"2025-10-15T20:02:12+00:00","og_image":[{"width":800,"height":800,"url":"https:\/\/www.holy-supps.nl\/wp-content\/uploads\/2024\/11\/BB-CC.jpeg","type":"image\/jpeg"}],"twitter_card":"summary_large_image","twitter_misc":{"Szacowany czas czytania":"1 minuta"},"schema":{"@context":"https:\/\/schema.org","@graph":[{"@type":"WebPage","@id":"https:\/\/www.holy-supps.nl\/product\/barebells-protein-bar-triple-pack\/","url":"https:\/\/www.holy-supps.nl\/product\/barebells-protein-bar-triple-pack\/","name":"Baton proteinowy Barebells - potr\u00f3jne opakowanie - Holy-Supps.pl","isPartOf":{"@id":"https:\/\/www.holy-supps.nl\/#website"},"primaryImageOfPage":{"@id":"https:\/\/www.holy-supps.nl\/product\/barebells-protein-bar-triple-pack\/#primaryimage"},"image":{"@id":"https:\/\/www.holy-supps.nl\/product\/barebells-protein-bar-triple-pack\/#primaryimage"},"thumbnailUrl":"https:\/\/www.holy-supps.nl\/wp-content\/uploads\/2024\/11\/BB-CC.jpeg","datePublished":"2024-11-29T10:39:42+00:00","dateModified":"2025-10-15T20:02:12+00:00","breadcrumb":{"@id":"https:\/\/www.holy-supps.nl\/product\/barebells-protein-bar-triple-pack\/#breadcrumb"},"inLanguage":"pl-PL","potentialAction":[{"@type":"ReadAction","target":["https:\/\/www.holy-supps.nl\/product\/barebells-protein-bar-triple-pack\/"]}]},{"@type":"ImageObject","inLanguage":"pl-PL","@id":"https:\/\/www.holy-supps.nl\/product\/barebells-protein-bar-triple-pack\/#primaryimage","url":"https:\/\/www.holy-supps.nl\/wp-content\/uploads\/2024\/11\/BB-CC.jpeg","contentUrl":"https:\/\/www.holy-supps.nl\/wp-content\/uploads\/2024\/11\/BB-CC.jpeg","width":800,"height":800},{"@type":"BreadcrumbList","@id":"https:\/\/www.holy-supps.nl\/product\/barebells-protein-bar-triple-pack\/#breadcrumb","itemListElement":[{"@type":"ListItem","position":1,"name":"Home","item":"https:\/\/www.holy-supps.nl\/"},{"@type":"ListItem","position":2,"name":"Winkel","item":"https:\/\/www.holy-supps.nl\/winkel\/"},{"@type":"ListItem","position":3,"name":"Barebells Protein bar &#8211; Triple pack"}]},{"@type":"WebSite","@id":"https:\/\/www.holy-supps.nl\/#website","url":"https:\/\/www.holy-supps.nl\/","name":"Holy-Supps.co.uk","description":"Oficjalny dystrybutor EHPLabs!","publisher":{"@id":"https:\/\/www.holy-supps.nl\/#organization"},"potentialAction":[{"@type":"SearchAction","target":{"@type":"EntryPoint","urlTemplate":"https:\/\/www.holy-supps.nl\/?s={search_term_string}"},"query-input":{"@type":"PropertyValueSpecification","valueRequired":true,"valueName":"search_term_string"}}],"inLanguage":"pl-PL"},{"@type":"Organization","@id":"https:\/\/www.holy-supps.nl\/#organization","name":"Holy Supps","url":"https:\/\/www.holy-supps.nl\/","logo":{"@type":"ImageObject","inLanguage":"pl-PL","@id":"https:\/\/www.holy-supps.nl\/#\/schema\/logo\/image\/","url":"https:\/\/www.holy-supps.nl\/wp-content\/uploads\/2023\/06\/HOLY-SUPPS.png","contentUrl":"https:\/\/www.holy-supps.nl\/wp-content\/uploads\/2023\/06\/HOLY-SUPPS.png","width":1000,"height":400,"caption":"Holy Supps"},"image":{"@id":"https:\/\/www.holy-supps.nl\/#\/schema\/logo\/image\/"},"sameAs":["https:\/\/www.facebook.com\/holy.supps","https:\/\/www.instagram.com\/holy.supps.shop\/"]}]}},"jetpack_sharing_enabled":true,"_links":{"self":[{"href":"https:\/\/www.holy-supps.nl\/pl\/wp-json\/wp\/v2\/product\/3342","targetHints":{"allow":["GET"]}}],"collection":[{"href":"https:\/\/www.holy-supps.nl\/pl\/wp-json\/wp\/v2\/product"}],"about":[{"href":"https:\/\/www.holy-supps.nl\/pl\/wp-json\/wp\/v2\/types\/product"}],"replies":[{"embeddable":true,"href":"https:\/\/www.holy-supps.nl\/pl\/wp-json\/wp\/v2\/comments?post=3342"}],"wp:featuredmedia":[{"embeddable":true,"href":"https:\/\/www.holy-supps.nl\/pl\/wp-json\/wp\/v2\/media\/3328"}],"wp:attachment":[{"href":"https:\/\/www.holy-supps.nl\/pl\/wp-json\/wp\/v2\/media?parent=3342"}],"wp:term":[{"taxonomy":"product_brand","embeddable":true,"href":"https:\/\/www.holy-supps.nl\/pl\/wp-json\/wp\/v2\/product_brand?post=3342"},{"taxonomy":"product_cat","embeddable":true,"href":"https:\/\/www.holy-supps.nl\/pl\/wp-json\/wp\/v2\/product_cat?post=3342"},{"taxonomy":"product_tag","embeddable":true,"href":"https:\/\/www.holy-supps.nl\/pl\/wp-json\/wp\/v2\/product_tag?post=3342"}],"curies":[{"name":"wp","href":"https:\/\/api.w.org\/{rel}","templated":true}]}}