{"id":3314,"date":"2024-11-28T23:10:24","date_gmt":"2024-11-28T22:10:24","guid":{"rendered":"https:\/\/www.holy-supps.nl\/?post_type=product&#038;p=3314"},"modified":"2025-11-18T15:48:54","modified_gmt":"2025-11-18T14:48:54","slug":"barebells-vegan-protein-bar","status":"publish","type":"product","link":"https:\/\/www.holy-supps.nl\/pl\/product\/barebells-vegan-protein-bar\/","title":{"rendered":"Barebells Vegan Protein bar"},"content":{"rendered":"<p>Wega\u0144skie batony proteinowe Barebells zosta\u0142y stworzone, aby udowodni\u0107, \u017ce batony proteinowe smakuj\u0105 r\u00f3wnie pysznie, gdy s\u0105 wykonane z bia\u0142ka ro\u015blinnego. B\u0105d\u017a cz\u0119\u015bci\u0105 ro\u015blinnej rewolucji i spr\u00f3buj naszych pysznych wega\u0144skich s\u0142onych baton\u00f3w orzechowych! Czy wspominali\u015bmy, \u017ce s\u0105 wega\u0144skie?<\/p>\n<h1>Sk\u0142adniki<\/h1>\n<p>Bia\u0142ka wega\u0144skie (SOJA, groch, ry\u017c), substancja utrzymuj\u0105ca wilgo\u0107 (glicerol), substancje s\u0142odz\u0105ce (maltitole, sukraloza), polidekstroza, mas\u0142o kakaowe, oligofruktoza, pra\u017cone PINDA, masa kakaowa, olej s\u0142onecznikowy, m\u0105ka ry\u017cowa, PINDA PASTA, aromaty, emulgator (lecytyny), s\u00f3l (0,2%), kakao, skrobia z tapioki, kakao o obni\u017conej zawarto\u015bci t\u0142uszczu.<\/p>\n<h1>Informacje o alergiach<\/h1>\n<p>Zawiera: mleko, soj\u0119<\/p>\n<p>Mo\u017ce zawiera\u0107: zbo\u017ca zawieraj\u0105ce gluten, orzeszki ziemne, orzechy<br \/>\nMo\u017ce zawiera\u0107 \u015bladowe ilo\u015bci mleka, zb\u00f3\u017c zawieraj\u0105cych gluten i orzech\u00f3w.<\/p>","protected":false},"excerpt":{"rendered":"<ul>\n<li>15 gram\u00f3w bia\u0142ka na baton.<\/li>\n<li>100% Ro\u015blinny<\/li>\n<li>1 baton zawiera 220 kcal.<\/li>\n<\/ul>","protected":false},"featured_media":3322,"comment_status":"open","ping_status":"closed","template":"","meta":[],"product_brand":[],"product_cat":[86,89,272,93,212,77,67,81,78],"product_tag":[],"class_list":{"0":"post-3314","1":"product","2":"type-product","3":"status-publish","4":"has-post-thumbnail","6":"product_cat-aankomen","7":"product_cat-afvallen","8":"product_cat-barebells","9":"product_cat-bars-snacks","10":"product_cat-bestsellers","11":"product_cat-bundles-save","12":"product_cat-eiwitten-proteine","13":"product_cat-spieropbouw","14":"product_cat-voeding-snacks","16":"first","17":"outofstock","18":"sale","19":"taxable","20":"shipping-taxable","21":"purchasable","22":"product-type-variable"},"yoast_head":"<!-- This site is optimized with the Yoast SEO plugin v27.5 - https:\/\/yoast.com\/product\/yoast-seo-wordpress\/ -->\n<title>Barebells Vegan Protein bar - Holy-Supps.nl<\/title>\n<meta name=\"robots\" content=\"index, follow, max-snippet:-1, max-image-preview:large, max-video-preview:-1\" \/>\n<link rel=\"canonical\" href=\"https:\/\/www.holy-supps.nl\/pl\/produkt\/barebells-vegan-protein-bar\/\" \/>\n<meta property=\"og:locale\" content=\"pl_PL\" \/>\n<meta property=\"og:type\" content=\"article\" \/>\n<meta property=\"og:title\" content=\"Barebells Vegan Protein bar - Holy-Supps.nl\" \/>\n<meta property=\"og:description\" content=\"15 gram eiwitten per reep.  100% Plant-based  1 reep bevat 220 kcal.\" \/>\n<meta property=\"og:url\" content=\"https:\/\/www.holy-supps.nl\/pl\/produkt\/barebells-vegan-protein-bar\/\" \/>\n<meta property=\"og:site_name\" content=\"Holy-Supps.nl\" \/>\n<meta property=\"article:publisher\" content=\"https:\/\/www.facebook.com\/holy.supps\" \/>\n<meta property=\"article:modified_time\" content=\"2025-11-18T14:48:54+00:00\" \/>\n<meta property=\"og:image\" content=\"https:\/\/www.holy-supps.nl\/wp-content\/uploads\/2024\/11\/barebells_proteine_reep_chocolate_dough_vegan.webp\" \/>\n\t<meta property=\"og:image:width\" content=\"700\" \/>\n\t<meta property=\"og:image:height\" content=\"700\" \/>\n\t<meta property=\"og:image:type\" content=\"image\/webp\" \/>\n<meta name=\"twitter:card\" content=\"summary_large_image\" \/>\n<meta name=\"twitter:label1\" content=\"Szacowany czas czytania\" \/>\n\t<meta name=\"twitter:data1\" content=\"1 minuta\" \/>\n<script type=\"application\/ld+json\" class=\"yoast-schema-graph\">{\"@context\":\"https:\\\/\\\/schema.org\",\"@graph\":[{\"@type\":\"WebPage\",\"@id\":\"https:\\\/\\\/www.holy-supps.nl\\\/product\\\/barebells-vegan-protein-bar\\\/\",\"url\":\"https:\\\/\\\/www.holy-supps.nl\\\/product\\\/barebells-vegan-protein-bar\\\/\",\"name\":\"Barebells Vegan Protein bar - Holy-Supps.nl\",\"isPartOf\":{\"@id\":\"https:\\\/\\\/www.holy-supps.nl\\\/#website\"},\"primaryImageOfPage\":{\"@id\":\"https:\\\/\\\/www.holy-supps.nl\\\/product\\\/barebells-vegan-protein-bar\\\/#primaryimage\"},\"image\":{\"@id\":\"https:\\\/\\\/www.holy-supps.nl\\\/product\\\/barebells-vegan-protein-bar\\\/#primaryimage\"},\"thumbnailUrl\":\"https:\\\/\\\/www.holy-supps.nl\\\/wp-content\\\/uploads\\\/2024\\\/11\\\/barebells_proteine_reep_chocolate_dough_vegan.webp\",\"datePublished\":\"2024-11-28T22:10:24+00:00\",\"dateModified\":\"2025-11-18T14:48:54+00:00\",\"breadcrumb\":{\"@id\":\"https:\\\/\\\/www.holy-supps.nl\\\/product\\\/barebells-vegan-protein-bar\\\/#breadcrumb\"},\"inLanguage\":\"pl-PL\",\"potentialAction\":[{\"@type\":\"ReadAction\",\"target\":[\"https:\\\/\\\/www.holy-supps.nl\\\/product\\\/barebells-vegan-protein-bar\\\/\"]}]},{\"@type\":\"ImageObject\",\"inLanguage\":\"pl-PL\",\"@id\":\"https:\\\/\\\/www.holy-supps.nl\\\/product\\\/barebells-vegan-protein-bar\\\/#primaryimage\",\"url\":\"https:\\\/\\\/www.holy-supps.nl\\\/wp-content\\\/uploads\\\/2024\\\/11\\\/barebells_proteine_reep_chocolate_dough_vegan.webp\",\"contentUrl\":\"https:\\\/\\\/www.holy-supps.nl\\\/wp-content\\\/uploads\\\/2024\\\/11\\\/barebells_proteine_reep_chocolate_dough_vegan.webp\",\"width\":700,\"height\":700},{\"@type\":\"BreadcrumbList\",\"@id\":\"https:\\\/\\\/www.holy-supps.nl\\\/product\\\/barebells-vegan-protein-bar\\\/#breadcrumb\",\"itemListElement\":[{\"@type\":\"ListItem\",\"position\":1,\"name\":\"Home\",\"item\":\"https:\\\/\\\/www.holy-supps.nl\\\/\"},{\"@type\":\"ListItem\",\"position\":2,\"name\":\"Winkel\",\"item\":\"https:\\\/\\\/www.holy-supps.nl\\\/winkel\\\/\"},{\"@type\":\"ListItem\",\"position\":3,\"name\":\"Barebells Vegan Protein bar\"}]},{\"@type\":\"WebSite\",\"@id\":\"https:\\\/\\\/www.holy-supps.nl\\\/#website\",\"url\":\"https:\\\/\\\/www.holy-supps.nl\\\/\",\"name\":\"Holy-Supps.nl\",\"description\":\"Official EHPLabs Reseller!\",\"publisher\":{\"@id\":\"https:\\\/\\\/www.holy-supps.nl\\\/#organization\"},\"potentialAction\":[{\"@type\":\"SearchAction\",\"target\":{\"@type\":\"EntryPoint\",\"urlTemplate\":\"https:\\\/\\\/www.holy-supps.nl\\\/?s={search_term_string}\"},\"query-input\":{\"@type\":\"PropertyValueSpecification\",\"valueRequired\":true,\"valueName\":\"search_term_string\"}}],\"inLanguage\":\"pl-PL\"},{\"@type\":\"Organization\",\"@id\":\"https:\\\/\\\/www.holy-supps.nl\\\/#organization\",\"name\":\"Holy Supps\",\"url\":\"https:\\\/\\\/www.holy-supps.nl\\\/\",\"logo\":{\"@type\":\"ImageObject\",\"inLanguage\":\"pl-PL\",\"@id\":\"https:\\\/\\\/www.holy-supps.nl\\\/#\\\/schema\\\/logo\\\/image\\\/\",\"url\":\"https:\\\/\\\/www.holy-supps.nl\\\/wp-content\\\/uploads\\\/2023\\\/06\\\/HOLY-SUPPS.png\",\"contentUrl\":\"https:\\\/\\\/www.holy-supps.nl\\\/wp-content\\\/uploads\\\/2023\\\/06\\\/HOLY-SUPPS.png\",\"width\":1000,\"height\":400,\"caption\":\"Holy Supps\"},\"image\":{\"@id\":\"https:\\\/\\\/www.holy-supps.nl\\\/#\\\/schema\\\/logo\\\/image\\\/\"},\"sameAs\":[\"https:\\\/\\\/www.facebook.com\\\/holy.supps\",\"https:\\\/\\\/www.instagram.com\\\/holy.supps.shop\\\/\"]}]}<\/script>\n<!-- \/ Yoast SEO plugin. -->","yoast_head_json":{"title":"Wega\u0144ski baton proteinowy Barebells - Holy-Supps.pl","robots":{"index":"index","follow":"follow","max-snippet":"max-snippet:-1","max-image-preview":"max-image-preview:large","max-video-preview":"max-video-preview:-1"},"canonical":"https:\/\/www.holy-supps.nl\/pl\/produkt\/barebells-vegan-protein-bar\/","og_locale":"pl_PL","og_type":"article","og_title":"Barebells Vegan Protein bar - Holy-Supps.nl","og_description":"15 gram eiwitten per reep.  100% Plant-based  1 reep bevat 220 kcal.","og_url":"https:\/\/www.holy-supps.nl\/pl\/produkt\/barebells-vegan-protein-bar\/","og_site_name":"Holy-Supps.nl","article_publisher":"https:\/\/www.facebook.com\/holy.supps","article_modified_time":"2025-11-18T14:48:54+00:00","og_image":[{"width":700,"height":700,"url":"https:\/\/www.holy-supps.nl\/wp-content\/uploads\/2024\/11\/barebells_proteine_reep_chocolate_dough_vegan.webp","type":"image\/webp"}],"twitter_card":"summary_large_image","twitter_misc":{"Szacowany czas czytania":"1 minuta"},"schema":{"@context":"https:\/\/schema.org","@graph":[{"@type":"WebPage","@id":"https:\/\/www.holy-supps.nl\/product\/barebells-vegan-protein-bar\/","url":"https:\/\/www.holy-supps.nl\/product\/barebells-vegan-protein-bar\/","name":"Wega\u0144ski baton proteinowy Barebells - Holy-Supps.pl","isPartOf":{"@id":"https:\/\/www.holy-supps.nl\/#website"},"primaryImageOfPage":{"@id":"https:\/\/www.holy-supps.nl\/product\/barebells-vegan-protein-bar\/#primaryimage"},"image":{"@id":"https:\/\/www.holy-supps.nl\/product\/barebells-vegan-protein-bar\/#primaryimage"},"thumbnailUrl":"https:\/\/www.holy-supps.nl\/wp-content\/uploads\/2024\/11\/barebells_proteine_reep_chocolate_dough_vegan.webp","datePublished":"2024-11-28T22:10:24+00:00","dateModified":"2025-11-18T14:48:54+00:00","breadcrumb":{"@id":"https:\/\/www.holy-supps.nl\/product\/barebells-vegan-protein-bar\/#breadcrumb"},"inLanguage":"pl-PL","potentialAction":[{"@type":"ReadAction","target":["https:\/\/www.holy-supps.nl\/product\/barebells-vegan-protein-bar\/"]}]},{"@type":"ImageObject","inLanguage":"pl-PL","@id":"https:\/\/www.holy-supps.nl\/product\/barebells-vegan-protein-bar\/#primaryimage","url":"https:\/\/www.holy-supps.nl\/wp-content\/uploads\/2024\/11\/barebells_proteine_reep_chocolate_dough_vegan.webp","contentUrl":"https:\/\/www.holy-supps.nl\/wp-content\/uploads\/2024\/11\/barebells_proteine_reep_chocolate_dough_vegan.webp","width":700,"height":700},{"@type":"BreadcrumbList","@id":"https:\/\/www.holy-supps.nl\/product\/barebells-vegan-protein-bar\/#breadcrumb","itemListElement":[{"@type":"ListItem","position":1,"name":"Home","item":"https:\/\/www.holy-supps.nl\/"},{"@type":"ListItem","position":2,"name":"Winkel","item":"https:\/\/www.holy-supps.nl\/winkel\/"},{"@type":"ListItem","position":3,"name":"Barebells Vegan Protein bar"}]},{"@type":"WebSite","@id":"https:\/\/www.holy-supps.nl\/#website","url":"https:\/\/www.holy-supps.nl\/","name":"Holy-Supps.co.uk","description":"Oficjalny dystrybutor EHPLabs!","publisher":{"@id":"https:\/\/www.holy-supps.nl\/#organization"},"potentialAction":[{"@type":"SearchAction","target":{"@type":"EntryPoint","urlTemplate":"https:\/\/www.holy-supps.nl\/?s={search_term_string}"},"query-input":{"@type":"PropertyValueSpecification","valueRequired":true,"valueName":"search_term_string"}}],"inLanguage":"pl-PL"},{"@type":"Organization","@id":"https:\/\/www.holy-supps.nl\/#organization","name":"Holy Supps","url":"https:\/\/www.holy-supps.nl\/","logo":{"@type":"ImageObject","inLanguage":"pl-PL","@id":"https:\/\/www.holy-supps.nl\/#\/schema\/logo\/image\/","url":"https:\/\/www.holy-supps.nl\/wp-content\/uploads\/2023\/06\/HOLY-SUPPS.png","contentUrl":"https:\/\/www.holy-supps.nl\/wp-content\/uploads\/2023\/06\/HOLY-SUPPS.png","width":1000,"height":400,"caption":"Holy Supps"},"image":{"@id":"https:\/\/www.holy-supps.nl\/#\/schema\/logo\/image\/"},"sameAs":["https:\/\/www.facebook.com\/holy.supps","https:\/\/www.instagram.com\/holy.supps.shop\/"]}]}},"jetpack_sharing_enabled":true,"_links":{"self":[{"href":"https:\/\/www.holy-supps.nl\/pl\/wp-json\/wp\/v2\/product\/3314","targetHints":{"allow":["GET"]}}],"collection":[{"href":"https:\/\/www.holy-supps.nl\/pl\/wp-json\/wp\/v2\/product"}],"about":[{"href":"https:\/\/www.holy-supps.nl\/pl\/wp-json\/wp\/v2\/types\/product"}],"replies":[{"embeddable":true,"href":"https:\/\/www.holy-supps.nl\/pl\/wp-json\/wp\/v2\/comments?post=3314"}],"wp:featuredmedia":[{"embeddable":true,"href":"https:\/\/www.holy-supps.nl\/pl\/wp-json\/wp\/v2\/media\/3322"}],"wp:attachment":[{"href":"https:\/\/www.holy-supps.nl\/pl\/wp-json\/wp\/v2\/media?parent=3314"}],"wp:term":[{"taxonomy":"product_brand","embeddable":true,"href":"https:\/\/www.holy-supps.nl\/pl\/wp-json\/wp\/v2\/product_brand?post=3314"},{"taxonomy":"product_cat","embeddable":true,"href":"https:\/\/www.holy-supps.nl\/pl\/wp-json\/wp\/v2\/product_cat?post=3314"},{"taxonomy":"product_tag","embeddable":true,"href":"https:\/\/www.holy-supps.nl\/pl\/wp-json\/wp\/v2\/product_tag?post=3314"}],"curies":[{"name":"wp","href":"https:\/\/api.w.org\/{rel}","templated":true}]}}