{"id":3297,"date":"2024-11-28T12:45:27","date_gmt":"2024-11-28T11:45:27","guid":{"rendered":"https:\/\/www.holy-supps.nl\/?post_type=product&#038;p=3297"},"modified":"2025-09-30T12:04:03","modified_gmt":"2025-09-30T10:04:03","slug":"barebells-soft-protein-bar","status":"publish","type":"product","link":"https:\/\/www.holy-supps.nl\/pl\/product\/barebells-soft-protein-bar\/","title":{"rendered":"Barebells Soft Protein bar"},"content":{"rendered":"<p>Poznaj baton proteinowy Barebells Soft Protein Bar. Wykonany z dba\u0142o\u015bci\u0105, ten baton proteinowy to nie tylko smak, ale tak\u017ce warto\u015bci od\u017cywcze. Zawiera 16 gram\u00f3w bia\u0142ka na porcj\u0119 i jest wygodnym sposobem na wsparcie regeneracji i wzrostu mi\u0119\u015bni po sesji treningowej. A co najlepsze? Nie zawiera dodatku cukru, wi\u0119c mo\u017cesz cieszy\u0107 si\u0119 ka\u017cd\u0105 chwil\u0105 beztroski.<\/p>\n<p>Niezale\u017cnie od tego, czy szukasz przek\u0105ski potreningowej, aby zatankowa\u0107 swoje cia\u0142o, czy te\u017c pysznego przysmaku, aby zaspokoi\u0107 swoje pragnienia w ci\u0105gu dnia, Barebells Coco Choco Soft Protein Bar to idealny wyb\u00f3r. Wi\u0119c \u015bmia\u0142o, zafunduj sobie pyszne po\u0142\u0105czenie czekolady i kokosa i przenie\u015b swoje doznania zwi\u0105zane z przek\u0105skami na nowy poziom.<\/p>\n<h1>Zalety:<\/h1>\n<ul>\n<li>Z wyj\u0105tkowym jedwabistym, kremowym rdzeniem<\/li>\n<li>15-17 g bia\u0142ka na baton<\/li>\n<li>Niska zawarto\u015b\u0107 cukru i wysoka zawarto\u015b\u0107 b\u0142onnika<\/li>\n<li>Dost\u0119pne w pysznych smakach<\/li>\n<\/ul>\n<h1>Sk\u0142adniki<\/h1>\n<p>BIA\u0141KA MLEKA, substancja wype\u0142niaj\u0105ca (polidekstroza), substancja s\u0142odz\u0105ca (maltitole), hydrolizat kolagenu, substancja utrzymuj\u0105ca wilgo\u0107 (glicerol), mas\u0142o kakaowe, pe\u0142ne mleko w proszku, olej sojowy, substancja s\u0142odz\u0105ca (ksylitol), masa kakaowa, aromaty, emulgator (SOJALECYTYNA), s\u00f3l, olej s\u0142onecznikowy, substancja s\u0142odz\u0105ca (sukraloza), barwnik (beta-karoten). Mo\u017ce zawiera\u0107 \u015bladowe ilo\u015bci zb\u00f3\u017c zawieraj\u0105cych gluten, jaj, orzeszk\u00f3w ziemnych, orzech\u00f3w i nasion sezamu.<\/p>\n<h1>Informacje o alergiach<\/h1>\n<p>Zawiera: mleko, soj\u0119<\/p>\n<p>Mo\u017ce zawiera\u0107: zbo\u017ca zawieraj\u0105ce gluten, orzeszki ziemne, orzechy<\/p>","protected":false},"excerpt":{"rendered":"<p>Barebells Soft Protein Bar to wygodny i smaczny spos\u00f3b na zwi\u0119kszenie spo\u017cycia bia\u0142ka w celu wsparcia wzrostu i utrzymania mi\u0119\u015bni lub po prostu jako bogata w bia\u0142ko przek\u0105ska.<\/p>","protected":false},"featured_media":3312,"comment_status":"open","ping_status":"closed","template":"","meta":[],"product_brand":[],"product_cat":[86,89,272,93,212,77,67,81,78],"product_tag":[],"class_list":{"0":"post-3297","1":"product","2":"type-product","3":"status-publish","4":"has-post-thumbnail","6":"product_cat-aankomen","7":"product_cat-afvallen","8":"product_cat-barebells","9":"product_cat-bars-snacks","10":"product_cat-bestsellers","11":"product_cat-bundles-save","12":"product_cat-eiwitten-proteine","13":"product_cat-spieropbouw","14":"product_cat-voeding-snacks","16":"first","17":"outofstock","18":"sale","19":"taxable","20":"shipping-taxable","21":"purchasable","22":"product-type-variable"},"yoast_head":"<!-- This site is optimized with the Yoast SEO plugin v27.5 - https:\/\/yoast.com\/product\/yoast-seo-wordpress\/ -->\n<title>Barebells Soft Protein bar - Holy-Supps.nl<\/title>\n<meta name=\"robots\" content=\"index, follow, max-snippet:-1, max-image-preview:large, max-video-preview:-1\" \/>\n<link rel=\"canonical\" href=\"https:\/\/www.holy-supps.nl\/pl\/produkt\/barebells-soft-protein-bar\/\" \/>\n<meta property=\"og:locale\" content=\"pl_PL\" \/>\n<meta property=\"og:type\" content=\"article\" \/>\n<meta property=\"og:title\" content=\"Barebells Soft Protein bar - Holy-Supps.nl\" \/>\n<meta property=\"og:description\" content=\"Barebells Soft Protein Bar is een handige en smakelijke manier om de eiwitinname te verhogen, ter ondersteuning van spiergroei en het behoud van spieren, of gewoon als een eiwitrijk tussendoortje.\" \/>\n<meta property=\"og:url\" content=\"https:\/\/www.holy-supps.nl\/pl\/produkt\/barebells-soft-protein-bar\/\" \/>\n<meta property=\"og:site_name\" content=\"Holy-Supps.nl\" \/>\n<meta property=\"article:publisher\" content=\"https:\/\/www.facebook.com\/holy.supps\" \/>\n<meta property=\"article:modified_time\" content=\"2025-09-30T10:04:03+00:00\" \/>\n<meta property=\"og:image\" content=\"https:\/\/www.holy-supps.nl\/wp-content\/uploads\/2024\/11\/Caramel-Choco.jpeg\" \/>\n\t<meta property=\"og:image:width\" content=\"800\" \/>\n\t<meta property=\"og:image:height\" content=\"800\" \/>\n\t<meta property=\"og:image:type\" content=\"image\/jpeg\" \/>\n<meta name=\"twitter:card\" content=\"summary_large_image\" \/>\n<meta name=\"twitter:label1\" content=\"Szacowany czas czytania\" \/>\n\t<meta name=\"twitter:data1\" content=\"2 minuty\" \/>\n<script type=\"application\/ld+json\" class=\"yoast-schema-graph\">{\"@context\":\"https:\\\/\\\/schema.org\",\"@graph\":[{\"@type\":\"WebPage\",\"@id\":\"https:\\\/\\\/www.holy-supps.nl\\\/product\\\/barebells-soft-protein-bar\\\/\",\"url\":\"https:\\\/\\\/www.holy-supps.nl\\\/product\\\/barebells-soft-protein-bar\\\/\",\"name\":\"Barebells Soft Protein bar - Holy-Supps.nl\",\"isPartOf\":{\"@id\":\"https:\\\/\\\/www.holy-supps.nl\\\/#website\"},\"primaryImageOfPage\":{\"@id\":\"https:\\\/\\\/www.holy-supps.nl\\\/product\\\/barebells-soft-protein-bar\\\/#primaryimage\"},\"image\":{\"@id\":\"https:\\\/\\\/www.holy-supps.nl\\\/product\\\/barebells-soft-protein-bar\\\/#primaryimage\"},\"thumbnailUrl\":\"https:\\\/\\\/www.holy-supps.nl\\\/wp-content\\\/uploads\\\/2024\\\/11\\\/Caramel-Choco.jpeg\",\"datePublished\":\"2024-11-28T11:45:27+00:00\",\"dateModified\":\"2025-09-30T10:04:03+00:00\",\"breadcrumb\":{\"@id\":\"https:\\\/\\\/www.holy-supps.nl\\\/product\\\/barebells-soft-protein-bar\\\/#breadcrumb\"},\"inLanguage\":\"pl-PL\",\"potentialAction\":[{\"@type\":\"ReadAction\",\"target\":[\"https:\\\/\\\/www.holy-supps.nl\\\/product\\\/barebells-soft-protein-bar\\\/\"]}]},{\"@type\":\"ImageObject\",\"inLanguage\":\"pl-PL\",\"@id\":\"https:\\\/\\\/www.holy-supps.nl\\\/product\\\/barebells-soft-protein-bar\\\/#primaryimage\",\"url\":\"https:\\\/\\\/www.holy-supps.nl\\\/wp-content\\\/uploads\\\/2024\\\/11\\\/Caramel-Choco.jpeg\",\"contentUrl\":\"https:\\\/\\\/www.holy-supps.nl\\\/wp-content\\\/uploads\\\/2024\\\/11\\\/Caramel-Choco.jpeg\",\"width\":800,\"height\":800},{\"@type\":\"BreadcrumbList\",\"@id\":\"https:\\\/\\\/www.holy-supps.nl\\\/product\\\/barebells-soft-protein-bar\\\/#breadcrumb\",\"itemListElement\":[{\"@type\":\"ListItem\",\"position\":1,\"name\":\"Home\",\"item\":\"https:\\\/\\\/www.holy-supps.nl\\\/\"},{\"@type\":\"ListItem\",\"position\":2,\"name\":\"Winkel\",\"item\":\"https:\\\/\\\/www.holy-supps.nl\\\/winkel\\\/\"},{\"@type\":\"ListItem\",\"position\":3,\"name\":\"Barebells Soft Protein bar\"}]},{\"@type\":\"WebSite\",\"@id\":\"https:\\\/\\\/www.holy-supps.nl\\\/#website\",\"url\":\"https:\\\/\\\/www.holy-supps.nl\\\/\",\"name\":\"Holy-Supps.nl\",\"description\":\"Official EHPLabs Reseller!\",\"publisher\":{\"@id\":\"https:\\\/\\\/www.holy-supps.nl\\\/#organization\"},\"potentialAction\":[{\"@type\":\"SearchAction\",\"target\":{\"@type\":\"EntryPoint\",\"urlTemplate\":\"https:\\\/\\\/www.holy-supps.nl\\\/?s={search_term_string}\"},\"query-input\":{\"@type\":\"PropertyValueSpecification\",\"valueRequired\":true,\"valueName\":\"search_term_string\"}}],\"inLanguage\":\"pl-PL\"},{\"@type\":\"Organization\",\"@id\":\"https:\\\/\\\/www.holy-supps.nl\\\/#organization\",\"name\":\"Holy Supps\",\"url\":\"https:\\\/\\\/www.holy-supps.nl\\\/\",\"logo\":{\"@type\":\"ImageObject\",\"inLanguage\":\"pl-PL\",\"@id\":\"https:\\\/\\\/www.holy-supps.nl\\\/#\\\/schema\\\/logo\\\/image\\\/\",\"url\":\"https:\\\/\\\/www.holy-supps.nl\\\/wp-content\\\/uploads\\\/2023\\\/06\\\/HOLY-SUPPS.png\",\"contentUrl\":\"https:\\\/\\\/www.holy-supps.nl\\\/wp-content\\\/uploads\\\/2023\\\/06\\\/HOLY-SUPPS.png\",\"width\":1000,\"height\":400,\"caption\":\"Holy Supps\"},\"image\":{\"@id\":\"https:\\\/\\\/www.holy-supps.nl\\\/#\\\/schema\\\/logo\\\/image\\\/\"},\"sameAs\":[\"https:\\\/\\\/www.facebook.com\\\/holy.supps\",\"https:\\\/\\\/www.instagram.com\\\/holy.supps.shop\\\/\"]}]}<\/script>\n<!-- \/ Yoast SEO plugin. -->","yoast_head_json":{"title":"Baton proteinowy Barebells Soft - Holy-Supps.pl","robots":{"index":"index","follow":"follow","max-snippet":"max-snippet:-1","max-image-preview":"max-image-preview:large","max-video-preview":"max-video-preview:-1"},"canonical":"https:\/\/www.holy-supps.nl\/pl\/produkt\/barebells-soft-protein-bar\/","og_locale":"pl_PL","og_type":"article","og_title":"Barebells Soft Protein bar - Holy-Supps.nl","og_description":"Barebells Soft Protein Bar is een handige en smakelijke manier om de eiwitinname te verhogen, ter ondersteuning van spiergroei en het behoud van spieren, of gewoon als een eiwitrijk tussendoortje.","og_url":"https:\/\/www.holy-supps.nl\/pl\/produkt\/barebells-soft-protein-bar\/","og_site_name":"Holy-Supps.nl","article_publisher":"https:\/\/www.facebook.com\/holy.supps","article_modified_time":"2025-09-30T10:04:03+00:00","og_image":[{"width":800,"height":800,"url":"https:\/\/www.holy-supps.nl\/wp-content\/uploads\/2024\/11\/Caramel-Choco.jpeg","type":"image\/jpeg"}],"twitter_card":"summary_large_image","twitter_misc":{"Szacowany czas czytania":"2 minuty"},"schema":{"@context":"https:\/\/schema.org","@graph":[{"@type":"WebPage","@id":"https:\/\/www.holy-supps.nl\/product\/barebells-soft-protein-bar\/","url":"https:\/\/www.holy-supps.nl\/product\/barebells-soft-protein-bar\/","name":"Baton proteinowy Barebells Soft - Holy-Supps.pl","isPartOf":{"@id":"https:\/\/www.holy-supps.nl\/#website"},"primaryImageOfPage":{"@id":"https:\/\/www.holy-supps.nl\/product\/barebells-soft-protein-bar\/#primaryimage"},"image":{"@id":"https:\/\/www.holy-supps.nl\/product\/barebells-soft-protein-bar\/#primaryimage"},"thumbnailUrl":"https:\/\/www.holy-supps.nl\/wp-content\/uploads\/2024\/11\/Caramel-Choco.jpeg","datePublished":"2024-11-28T11:45:27+00:00","dateModified":"2025-09-30T10:04:03+00:00","breadcrumb":{"@id":"https:\/\/www.holy-supps.nl\/product\/barebells-soft-protein-bar\/#breadcrumb"},"inLanguage":"pl-PL","potentialAction":[{"@type":"ReadAction","target":["https:\/\/www.holy-supps.nl\/product\/barebells-soft-protein-bar\/"]}]},{"@type":"ImageObject","inLanguage":"pl-PL","@id":"https:\/\/www.holy-supps.nl\/product\/barebells-soft-protein-bar\/#primaryimage","url":"https:\/\/www.holy-supps.nl\/wp-content\/uploads\/2024\/11\/Caramel-Choco.jpeg","contentUrl":"https:\/\/www.holy-supps.nl\/wp-content\/uploads\/2024\/11\/Caramel-Choco.jpeg","width":800,"height":800},{"@type":"BreadcrumbList","@id":"https:\/\/www.holy-supps.nl\/product\/barebells-soft-protein-bar\/#breadcrumb","itemListElement":[{"@type":"ListItem","position":1,"name":"Home","item":"https:\/\/www.holy-supps.nl\/"},{"@type":"ListItem","position":2,"name":"Winkel","item":"https:\/\/www.holy-supps.nl\/winkel\/"},{"@type":"ListItem","position":3,"name":"Barebells Soft Protein bar"}]},{"@type":"WebSite","@id":"https:\/\/www.holy-supps.nl\/#website","url":"https:\/\/www.holy-supps.nl\/","name":"Holy-Supps.co.uk","description":"Oficjalny dystrybutor EHPLabs!","publisher":{"@id":"https:\/\/www.holy-supps.nl\/#organization"},"potentialAction":[{"@type":"SearchAction","target":{"@type":"EntryPoint","urlTemplate":"https:\/\/www.holy-supps.nl\/?s={search_term_string}"},"query-input":{"@type":"PropertyValueSpecification","valueRequired":true,"valueName":"search_term_string"}}],"inLanguage":"pl-PL"},{"@type":"Organization","@id":"https:\/\/www.holy-supps.nl\/#organization","name":"Holy Supps","url":"https:\/\/www.holy-supps.nl\/","logo":{"@type":"ImageObject","inLanguage":"pl-PL","@id":"https:\/\/www.holy-supps.nl\/#\/schema\/logo\/image\/","url":"https:\/\/www.holy-supps.nl\/wp-content\/uploads\/2023\/06\/HOLY-SUPPS.png","contentUrl":"https:\/\/www.holy-supps.nl\/wp-content\/uploads\/2023\/06\/HOLY-SUPPS.png","width":1000,"height":400,"caption":"Holy Supps"},"image":{"@id":"https:\/\/www.holy-supps.nl\/#\/schema\/logo\/image\/"},"sameAs":["https:\/\/www.facebook.com\/holy.supps","https:\/\/www.instagram.com\/holy.supps.shop\/"]}]}},"jetpack_sharing_enabled":true,"_links":{"self":[{"href":"https:\/\/www.holy-supps.nl\/pl\/wp-json\/wp\/v2\/product\/3297","targetHints":{"allow":["GET"]}}],"collection":[{"href":"https:\/\/www.holy-supps.nl\/pl\/wp-json\/wp\/v2\/product"}],"about":[{"href":"https:\/\/www.holy-supps.nl\/pl\/wp-json\/wp\/v2\/types\/product"}],"replies":[{"embeddable":true,"href":"https:\/\/www.holy-supps.nl\/pl\/wp-json\/wp\/v2\/comments?post=3297"}],"wp:featuredmedia":[{"embeddable":true,"href":"https:\/\/www.holy-supps.nl\/pl\/wp-json\/wp\/v2\/media\/3312"}],"wp:attachment":[{"href":"https:\/\/www.holy-supps.nl\/pl\/wp-json\/wp\/v2\/media?parent=3297"}],"wp:term":[{"taxonomy":"product_brand","embeddable":true,"href":"https:\/\/www.holy-supps.nl\/pl\/wp-json\/wp\/v2\/product_brand?post=3297"},{"taxonomy":"product_cat","embeddable":true,"href":"https:\/\/www.holy-supps.nl\/pl\/wp-json\/wp\/v2\/product_cat?post=3297"},{"taxonomy":"product_tag","embeddable":true,"href":"https:\/\/www.holy-supps.nl\/pl\/wp-json\/wp\/v2\/product_tag?post=3297"}],"curies":[{"name":"wp","href":"https:\/\/api.w.org\/{rel}","templated":true}]}}