{"id":3136,"date":"2024-11-01T10:42:24","date_gmt":"2024-11-01T09:42:24","guid":{"rendered":"https:\/\/www.holy-supps.nl\/?post_type=product&#038;p=3136"},"modified":"2025-10-31T07:21:18","modified_gmt":"2025-10-31T06:21:18","slug":"100-protein-protein-works-1-25-kg","status":"publish","type":"product","link":"https:\/\/www.holy-supps.nl\/pl\/product\/100-protein-protein-works-1-25-kg\/","title":{"rendered":"100% Protein \u2013 Protein Works \u2013 1,25 kg"},"content":{"rendered":"<div class=\"product-beschrijving\">\n<h2>Opis<\/h2>\n<p>100% Protein firmy The Protein Works to wysokiej jako\u015bci bia\u0142ko w proszku opracowane w celu \u0142atwego uzupe\u0142nienia dziennego spo\u017cycia bia\u0142ka.<br \/>\nProdukt ten zawiera wy\u0142\u0105cznie czysty koncentrat bia\u0142ka serwatkowego i jest dost\u0119pny w kilku smakach.<br \/>\nJest odpowiedni dla ka\u017cdego, kto chce doda\u0107 dodatkowe bia\u0142ko do swojej diety w praktyczny spos\u00f3b, czy to w celach sportowych, czy w celu uzupe\u0142nienia zbilansowanej diety.<\/p>\n<h2>Zalety<\/h2>\n<ul>\n<li>Zawiera wy\u0142\u0105cznie czysty koncentrat bia\u0142ka serwatkowego.<\/li>\n<li>Wspomaga uzupe\u0142nianie dziennego spo\u017cycia bia\u0142ka.<\/li>\n<li>\u0141atwo rozpuszczalny w wodzie lub mleku.<\/li>\n<li>Dost\u0119pne w r\u00f3\u017cnych smakach.<\/li>\n<li>Praktyczny w u\u017cyciu jako cz\u0119\u015b\u0107 zbilansowanej diety.<\/li>\n<\/ul>\n<h2>Instrukcja obs\u0142ugi<\/h2>\n<p>Wymiesza\u0107 jedn\u0105 miark\u0119 (oko\u0142o 30 g) 100% Protein z 200-250 ml wody lub mleka.<br \/>\nWstrz\u0105sn\u0105\u0107 lub wymiesza\u0107 do uzyskania g\u0142adkiej konsystencji.<br \/>\nProdukt mo\u017ce by\u0107 stosowany o ka\u017cdej porze dnia, na przyk\u0142ad bezpo\u015brednio po treningu lub jako przek\u0105ska.<br \/>\nZalecane stosowanie to 1-3 koktajle dziennie, w zale\u017cno\u015bci od indywidualnego zapotrzebowania na bia\u0142ko.<br \/>\nStosowa\u0107 jako cz\u0119\u015b\u0107 zr\u00f3\u017cnicowanej diety i zdrowego stylu \u017cycia.<\/p>\n<\/div>","protected":false},"excerpt":{"rendered":"<div class=\"korte-beschrijving\">\n<p>100% Protein firmy The Protein Works to czysty koncentrat bia\u0142ka serwatkowego, kt\u00f3ry \u0142atwo si\u0119 rozpuszcza i jest dost\u0119pny w r\u00f3\u017cnych smakach.<br \/>\nIdealny do uzupe\u0142nienia dziennego spo\u017cycia bia\u0142ka w praktyczny spos\u00f3b.<br \/>\nOdpowiedni dla sportowc\u00f3w i ka\u017cdego, kto chce doda\u0107 dodatkowe bia\u0142ko do swojej diety.<\/p>\n<\/div>","protected":false},"featured_media":3138,"comment_status":"open","ping_status":"closed","template":"","meta":[],"product_brand":[],"product_cat":[86,89,67,79,73,81],"product_tag":[],"class_list":{"0":"post-3136","1":"product","2":"type-product","3":"status-publish","4":"has-post-thumbnail","6":"product_cat-aankomen","7":"product_cat-afvallen","8":"product_cat-eiwitten-proteine","9":"product_cat-maaltijdvervangers","10":"product_cat-protein-works","11":"product_cat-spieropbouw","13":"first","14":"outofstock","15":"sale","16":"taxable","17":"shipping-taxable","18":"purchasable","19":"product-type-variable"},"yoast_head":"<!-- This site is optimized with the Yoast SEO plugin v27.4 - https:\/\/yoast.com\/product\/yoast-seo-wordpress\/ -->\n<title>100% Protein - Protein Works - 1.25KG - Holy-Supps.nl<\/title>\n<meta name=\"robots\" content=\"index, follow, max-snippet:-1, max-image-preview:large, max-video-preview:-1\" \/>\n<link rel=\"canonical\" href=\"https:\/\/www.holy-supps.nl\/pl\/produkt\/100-protein-protein-works-1-25-kg\/\" \/>\n<meta property=\"og:locale\" content=\"pl_PL\" \/>\n<meta property=\"og:type\" content=\"article\" \/>\n<meta property=\"og:title\" content=\"100% Protein - Protein Works - 1.25KG - Holy-Supps.nl\" \/>\n<meta property=\"og:description\" content=\"100% Protein van The Protein Works is een puur wei-eiwitconcentraat dat eenvoudig oplost en in diverse smaken verkrijgbaar is. Ideaal om de dagelijkse eiwitinname op een praktische manier aan te vullen. Geschikt voor sporters en iedereen die extra eiwitten wil toevoegen aan zijn of haar dieet.\" \/>\n<meta property=\"og:url\" content=\"https:\/\/www.holy-supps.nl\/pl\/produkt\/100-protein-protein-works-1-25-kg\/\" \/>\n<meta property=\"og:site_name\" content=\"Holy-Supps.nl\" \/>\n<meta property=\"article:publisher\" content=\"https:\/\/www.facebook.com\/holy.supps\" \/>\n<meta property=\"article:modified_time\" content=\"2025-10-31T06:21:18+00:00\" \/>\n<meta property=\"og:image\" content=\"https:\/\/www.holy-supps.nl\/wp-content\/uploads\/2024\/11\/1kg_front_17.webp\" \/>\n\t<meta property=\"og:image:width\" content=\"560\" \/>\n\t<meta property=\"og:image:height\" content=\"560\" \/>\n\t<meta property=\"og:image:type\" content=\"image\/webp\" \/>\n<meta name=\"twitter:card\" content=\"summary_large_image\" \/>\n<meta name=\"twitter:label1\" content=\"Szacowany czas czytania\" \/>\n\t<meta name=\"twitter:data1\" content=\"2 minuty\" \/>\n<script type=\"application\/ld+json\" class=\"yoast-schema-graph\">{\"@context\":\"https:\\\/\\\/schema.org\",\"@graph\":[{\"@type\":\"WebPage\",\"@id\":\"https:\\\/\\\/www.holy-supps.nl\\\/product\\\/100-protein-protein-works-1-25-kg\\\/\",\"url\":\"https:\\\/\\\/www.holy-supps.nl\\\/product\\\/100-protein-protein-works-1-25-kg\\\/\",\"name\":\"100% Protein - Protein Works - 1.25KG - Holy-Supps.nl\",\"isPartOf\":{\"@id\":\"https:\\\/\\\/www.holy-supps.nl\\\/#website\"},\"primaryImageOfPage\":{\"@id\":\"https:\\\/\\\/www.holy-supps.nl\\\/product\\\/100-protein-protein-works-1-25-kg\\\/#primaryimage\"},\"image\":{\"@id\":\"https:\\\/\\\/www.holy-supps.nl\\\/product\\\/100-protein-protein-works-1-25-kg\\\/#primaryimage\"},\"thumbnailUrl\":\"https:\\\/\\\/www.holy-supps.nl\\\/wp-content\\\/uploads\\\/2024\\\/11\\\/1kg_front_17.webp\",\"datePublished\":\"2024-11-01T09:42:24+00:00\",\"dateModified\":\"2025-10-31T06:21:18+00:00\",\"breadcrumb\":{\"@id\":\"https:\\\/\\\/www.holy-supps.nl\\\/product\\\/100-protein-protein-works-1-25-kg\\\/#breadcrumb\"},\"inLanguage\":\"pl-PL\",\"potentialAction\":[{\"@type\":\"ReadAction\",\"target\":[\"https:\\\/\\\/www.holy-supps.nl\\\/product\\\/100-protein-protein-works-1-25-kg\\\/\"]}]},{\"@type\":\"ImageObject\",\"inLanguage\":\"pl-PL\",\"@id\":\"https:\\\/\\\/www.holy-supps.nl\\\/product\\\/100-protein-protein-works-1-25-kg\\\/#primaryimage\",\"url\":\"https:\\\/\\\/www.holy-supps.nl\\\/wp-content\\\/uploads\\\/2024\\\/11\\\/1kg_front_17.webp\",\"contentUrl\":\"https:\\\/\\\/www.holy-supps.nl\\\/wp-content\\\/uploads\\\/2024\\\/11\\\/1kg_front_17.webp\",\"width\":560,\"height\":560},{\"@type\":\"BreadcrumbList\",\"@id\":\"https:\\\/\\\/www.holy-supps.nl\\\/product\\\/100-protein-protein-works-1-25-kg\\\/#breadcrumb\",\"itemListElement\":[{\"@type\":\"ListItem\",\"position\":1,\"name\":\"Home\",\"item\":\"https:\\\/\\\/www.holy-supps.nl\\\/\"},{\"@type\":\"ListItem\",\"position\":2,\"name\":\"Winkel\",\"item\":\"https:\\\/\\\/www.holy-supps.nl\\\/winkel\\\/\"},{\"@type\":\"ListItem\",\"position\":3,\"name\":\"100% Protein &#8211; Protein Works &#8211; 1.25KG\"}]},{\"@type\":\"WebSite\",\"@id\":\"https:\\\/\\\/www.holy-supps.nl\\\/#website\",\"url\":\"https:\\\/\\\/www.holy-supps.nl\\\/\",\"name\":\"Holy-Supps.nl\",\"description\":\"Official EHPLabs Reseller!\",\"publisher\":{\"@id\":\"https:\\\/\\\/www.holy-supps.nl\\\/#organization\"},\"potentialAction\":[{\"@type\":\"SearchAction\",\"target\":{\"@type\":\"EntryPoint\",\"urlTemplate\":\"https:\\\/\\\/www.holy-supps.nl\\\/?s={search_term_string}\"},\"query-input\":{\"@type\":\"PropertyValueSpecification\",\"valueRequired\":true,\"valueName\":\"search_term_string\"}}],\"inLanguage\":\"pl-PL\"},{\"@type\":\"Organization\",\"@id\":\"https:\\\/\\\/www.holy-supps.nl\\\/#organization\",\"name\":\"Holy Supps\",\"url\":\"https:\\\/\\\/www.holy-supps.nl\\\/\",\"logo\":{\"@type\":\"ImageObject\",\"inLanguage\":\"pl-PL\",\"@id\":\"https:\\\/\\\/www.holy-supps.nl\\\/#\\\/schema\\\/logo\\\/image\\\/\",\"url\":\"https:\\\/\\\/www.holy-supps.nl\\\/wp-content\\\/uploads\\\/2023\\\/06\\\/HOLY-SUPPS.png\",\"contentUrl\":\"https:\\\/\\\/www.holy-supps.nl\\\/wp-content\\\/uploads\\\/2023\\\/06\\\/HOLY-SUPPS.png\",\"width\":1000,\"height\":400,\"caption\":\"Holy Supps\"},\"image\":{\"@id\":\"https:\\\/\\\/www.holy-supps.nl\\\/#\\\/schema\\\/logo\\\/image\\\/\"},\"sameAs\":[\"https:\\\/\\\/www.facebook.com\\\/holy.supps\",\"https:\\\/\\\/www.instagram.com\\\/holy.supps.shop\\\/\"]}]}<\/script>\n<!-- \/ Yoast SEO plugin. -->","yoast_head_json":{"title":"100% Protein - Protein Works - 1,25 kg - Holy-Supps.pl","robots":{"index":"index","follow":"follow","max-snippet":"max-snippet:-1","max-image-preview":"max-image-preview:large","max-video-preview":"max-video-preview:-1"},"canonical":"https:\/\/www.holy-supps.nl\/pl\/produkt\/100-protein-protein-works-1-25-kg\/","og_locale":"pl_PL","og_type":"article","og_title":"100% Protein - Protein Works - 1.25KG - Holy-Supps.nl","og_description":"100% Protein van The Protein Works is een puur wei-eiwitconcentraat dat eenvoudig oplost en in diverse smaken verkrijgbaar is. Ideaal om de dagelijkse eiwitinname op een praktische manier aan te vullen. Geschikt voor sporters en iedereen die extra eiwitten wil toevoegen aan zijn of haar dieet.","og_url":"https:\/\/www.holy-supps.nl\/pl\/produkt\/100-protein-protein-works-1-25-kg\/","og_site_name":"Holy-Supps.nl","article_publisher":"https:\/\/www.facebook.com\/holy.supps","article_modified_time":"2025-10-31T06:21:18+00:00","og_image":[{"width":560,"height":560,"url":"https:\/\/www.holy-supps.nl\/wp-content\/uploads\/2024\/11\/1kg_front_17.webp","type":"image\/webp"}],"twitter_card":"summary_large_image","twitter_misc":{"Szacowany czas czytania":"2 minuty"},"schema":{"@context":"https:\/\/schema.org","@graph":[{"@type":"WebPage","@id":"https:\/\/www.holy-supps.nl\/product\/100-protein-protein-works-1-25-kg\/","url":"https:\/\/www.holy-supps.nl\/product\/100-protein-protein-works-1-25-kg\/","name":"100% Protein - Protein Works - 1,25 kg - Holy-Supps.pl","isPartOf":{"@id":"https:\/\/www.holy-supps.nl\/#website"},"primaryImageOfPage":{"@id":"https:\/\/www.holy-supps.nl\/product\/100-protein-protein-works-1-25-kg\/#primaryimage"},"image":{"@id":"https:\/\/www.holy-supps.nl\/product\/100-protein-protein-works-1-25-kg\/#primaryimage"},"thumbnailUrl":"https:\/\/www.holy-supps.nl\/wp-content\/uploads\/2024\/11\/1kg_front_17.webp","datePublished":"2024-11-01T09:42:24+00:00","dateModified":"2025-10-31T06:21:18+00:00","breadcrumb":{"@id":"https:\/\/www.holy-supps.nl\/product\/100-protein-protein-works-1-25-kg\/#breadcrumb"},"inLanguage":"pl-PL","potentialAction":[{"@type":"ReadAction","target":["https:\/\/www.holy-supps.nl\/product\/100-protein-protein-works-1-25-kg\/"]}]},{"@type":"ImageObject","inLanguage":"pl-PL","@id":"https:\/\/www.holy-supps.nl\/product\/100-protein-protein-works-1-25-kg\/#primaryimage","url":"https:\/\/www.holy-supps.nl\/wp-content\/uploads\/2024\/11\/1kg_front_17.webp","contentUrl":"https:\/\/www.holy-supps.nl\/wp-content\/uploads\/2024\/11\/1kg_front_17.webp","width":560,"height":560},{"@type":"BreadcrumbList","@id":"https:\/\/www.holy-supps.nl\/product\/100-protein-protein-works-1-25-kg\/#breadcrumb","itemListElement":[{"@type":"ListItem","position":1,"name":"Home","item":"https:\/\/www.holy-supps.nl\/"},{"@type":"ListItem","position":2,"name":"Winkel","item":"https:\/\/www.holy-supps.nl\/winkel\/"},{"@type":"ListItem","position":3,"name":"100% Protein &#8211; Protein Works &#8211; 1.25KG"}]},{"@type":"WebSite","@id":"https:\/\/www.holy-supps.nl\/#website","url":"https:\/\/www.holy-supps.nl\/","name":"Holy-Supps.co.uk","description":"Oficjalny dystrybutor EHPLabs!","publisher":{"@id":"https:\/\/www.holy-supps.nl\/#organization"},"potentialAction":[{"@type":"SearchAction","target":{"@type":"EntryPoint","urlTemplate":"https:\/\/www.holy-supps.nl\/?s={search_term_string}"},"query-input":{"@type":"PropertyValueSpecification","valueRequired":true,"valueName":"search_term_string"}}],"inLanguage":"pl-PL"},{"@type":"Organization","@id":"https:\/\/www.holy-supps.nl\/#organization","name":"Holy Supps","url":"https:\/\/www.holy-supps.nl\/","logo":{"@type":"ImageObject","inLanguage":"pl-PL","@id":"https:\/\/www.holy-supps.nl\/#\/schema\/logo\/image\/","url":"https:\/\/www.holy-supps.nl\/wp-content\/uploads\/2023\/06\/HOLY-SUPPS.png","contentUrl":"https:\/\/www.holy-supps.nl\/wp-content\/uploads\/2023\/06\/HOLY-SUPPS.png","width":1000,"height":400,"caption":"Holy Supps"},"image":{"@id":"https:\/\/www.holy-supps.nl\/#\/schema\/logo\/image\/"},"sameAs":["https:\/\/www.facebook.com\/holy.supps","https:\/\/www.instagram.com\/holy.supps.shop\/"]}]}},"jetpack_sharing_enabled":true,"_links":{"self":[{"href":"https:\/\/www.holy-supps.nl\/pl\/wp-json\/wp\/v2\/product\/3136","targetHints":{"allow":["GET"]}}],"collection":[{"href":"https:\/\/www.holy-supps.nl\/pl\/wp-json\/wp\/v2\/product"}],"about":[{"href":"https:\/\/www.holy-supps.nl\/pl\/wp-json\/wp\/v2\/types\/product"}],"replies":[{"embeddable":true,"href":"https:\/\/www.holy-supps.nl\/pl\/wp-json\/wp\/v2\/comments?post=3136"}],"wp:featuredmedia":[{"embeddable":true,"href":"https:\/\/www.holy-supps.nl\/pl\/wp-json\/wp\/v2\/media\/3138"}],"wp:attachment":[{"href":"https:\/\/www.holy-supps.nl\/pl\/wp-json\/wp\/v2\/media?parent=3136"}],"wp:term":[{"taxonomy":"product_brand","embeddable":true,"href":"https:\/\/www.holy-supps.nl\/pl\/wp-json\/wp\/v2\/product_brand?post=3136"},{"taxonomy":"product_cat","embeddable":true,"href":"https:\/\/www.holy-supps.nl\/pl\/wp-json\/wp\/v2\/product_cat?post=3136"},{"taxonomy":"product_tag","embeddable":true,"href":"https:\/\/www.holy-supps.nl\/pl\/wp-json\/wp\/v2\/product_tag?post=3136"}],"curies":[{"name":"wp","href":"https:\/\/api.w.org\/{rel}","templated":true}]}}