{"id":280,"date":"2023-03-06T14:57:03","date_gmt":"2023-03-06T13:57:03","guid":{"rendered":"https:\/\/www.holy-supps.nl\/?post_type=product&#038;p=280"},"modified":"2025-08-26T16:29:38","modified_gmt":"2025-08-26T14:29:38","slug":"280","status":"publish","type":"product","link":"https:\/\/www.holy-supps.nl\/pl\/product\/280\/","title":{"rendered":"OXYREM dla kobiet - Spalacz t\u0142uszczu podczas g\u0142\u0119bokiego snu - EHP Labs"},"content":{"rendered":"<p>Ka\u017cda kapsu\u0142ka OxyRem zawiera starannie opracowan\u0105 mieszank\u0119 melatoniny, GABA i cynku, w po\u0142\u0105czeniu z chromem, ketonami malinowymi, L-teanin\u0105, witamin\u0105 B6 i ekstraktem z li\u015bci bananowca. Formu\u0142a ta zosta\u0142a opracowana jako wieczorne i nocne wsparcie, ze sk\u0142adnikami cz\u0119sto wybieranymi dla relaksu, r\u00f3wnowagi i zdrowego stylu \u017cycia.<\/p>\n<h2>CECHY<\/h2>\n<p>- Zawiera melatonin\u0119, GABA i cynk<br \/>\n- Niestymuluj\u0105ca formu\u0142a do stosowania wieczorem<br \/>\n- Z chromem, ketonami malinowymi i L-teanin\u0105<br \/>\n- Zawiera witamin\u0119 B6 i ekstrakt z li\u015bci bananowca<br \/>\n- Opracowany w celu uzupe\u0142nienia zr\u00f3wnowa\u017conego stylu \u017cycia<\/p>\n<h2>DAWKOWANIE<\/h2>\n<p>Jako suplement diety przyjmowa\u0107 dwie (2) kapsu\u0142ki 30 minut przed snem lub zgodnie z zaleceniami.<\/p>","protected":false},"excerpt":{"rendered":"<h2 class=\"product-description__title\">FORMU\u0141A 3 W 1 NA NOC<\/h2>\n<p>OxyRem Night Formula for Women to niestymuluj\u0105cy suplement przeznaczony do stosowania wieczorem. Unikalna mieszanka sk\u0142adnik\u00f3w sprawia, \u017ce jest to popularny wyb\u00f3r w\u015br\u00f3d kobiet, kt\u00f3re chc\u0105 wesprze\u0107 swoj\u0105 wieczorn\u0105 rutyn\u0119. Produkt \u0142\u0105czy w sobie trzy funkcje w jednej formule i mo\u017cna go \u0142atwo przyjmowa\u0107 tu\u017c przed snem.<\/p>","protected":false},"featured_media":603,"comment_status":"open","ping_status":"closed","template":"","meta":[],"product_brand":[],"product_cat":[89,69,80,72,74,71],"product_tag":[],"class_list":{"0":"post-280","1":"product","2":"type-product","3":"status-publish","4":"has-post-thumbnail","6":"product_cat-afvallen","7":"product_cat-burners","8":"product_cat-doel","9":"product_cat-ehplabs","10":"product_cat-health-wellness","11":"product_cat-merken","13":"first","14":"outofstock","15":"taxable","16":"shipping-taxable","17":"purchasable","18":"product-type-simple"},"yoast_head":"<!-- This site is optimized with the Yoast SEO plugin v27.5 - https:\/\/yoast.com\/product\/yoast-seo-wordpress\/ -->\n<title>OXYREM for Women - Deep Sleep Fat Burner - EHP Labs - Holy-Supps.nl<\/title>\n<meta name=\"description\" content=\"OXYREM for Women van EHPLabs bevordert diepe REM-slaap, reguleert hormonen en ondersteunt vetverbranding terwijl je slaapt. Verhoog herstel en balans!\" \/>\n<meta name=\"robots\" content=\"index, follow, max-snippet:-1, max-image-preview:large, max-video-preview:-1\" \/>\n<link rel=\"canonical\" href=\"https:\/\/www.holy-supps.nl\/pl\/produkt\/280\/\" \/>\n<meta property=\"og:locale\" content=\"pl_PL\" \/>\n<meta property=\"og:type\" content=\"article\" \/>\n<meta property=\"og:title\" content=\"OXYREM for Women - Deep Sleep Fat Burner - EHP Labs - Holy-Supps.nl\" \/>\n<meta property=\"og:description\" content=\"OXYREM for Women van EHPLabs bevordert diepe REM-slaap, reguleert hormonen en ondersteunt vetverbranding terwijl je slaapt. Verhoog herstel en balans!\" \/>\n<meta property=\"og:url\" content=\"https:\/\/www.holy-supps.nl\/pl\/produkt\/280\/\" \/>\n<meta property=\"og:site_name\" content=\"Holy-Supps.nl\" \/>\n<meta property=\"article:publisher\" content=\"https:\/\/www.facebook.com\/holy.supps\" \/>\n<meta property=\"article:modified_time\" content=\"2025-08-26T14:29:38+00:00\" \/>\n<meta property=\"og:image\" content=\"https:\/\/www.holy-supps.nl\/wp-content\/uploads\/2023\/03\/PIL-REMF3.webp\" \/>\n\t<meta property=\"og:image:width\" content=\"1000\" \/>\n\t<meta property=\"og:image:height\" content=\"1000\" \/>\n\t<meta property=\"og:image:type\" content=\"image\/webp\" \/>\n<meta name=\"twitter:card\" content=\"summary_large_image\" \/>\n<meta name=\"twitter:label1\" content=\"Szacowany czas czytania\" \/>\n\t<meta name=\"twitter:data1\" content=\"1 minuta\" \/>\n<script type=\"application\/ld+json\" class=\"yoast-schema-graph\">{\"@context\":\"https:\\\/\\\/schema.org\",\"@graph\":[{\"@type\":\"WebPage\",\"@id\":\"https:\\\/\\\/www.holy-supps.nl\\\/product\\\/280\\\/\",\"url\":\"https:\\\/\\\/www.holy-supps.nl\\\/product\\\/280\\\/\",\"name\":\"OXYREM for Women - Deep Sleep Fat Burner - EHP Labs - Holy-Supps.nl\",\"isPartOf\":{\"@id\":\"https:\\\/\\\/www.holy-supps.nl\\\/#website\"},\"primaryImageOfPage\":{\"@id\":\"https:\\\/\\\/www.holy-supps.nl\\\/product\\\/280\\\/#primaryimage\"},\"image\":{\"@id\":\"https:\\\/\\\/www.holy-supps.nl\\\/product\\\/280\\\/#primaryimage\"},\"thumbnailUrl\":\"https:\\\/\\\/www.holy-supps.nl\\\/wp-content\\\/uploads\\\/2023\\\/03\\\/PIL-REMF3.webp\",\"datePublished\":\"2023-03-06T13:57:03+00:00\",\"dateModified\":\"2025-08-26T14:29:38+00:00\",\"description\":\"OXYREM for Women van EHPLabs bevordert diepe REM-slaap, reguleert hormonen en ondersteunt vetverbranding terwijl je slaapt. Verhoog herstel en balans!\",\"breadcrumb\":{\"@id\":\"https:\\\/\\\/www.holy-supps.nl\\\/product\\\/280\\\/#breadcrumb\"},\"inLanguage\":\"pl-PL\",\"potentialAction\":[{\"@type\":\"ReadAction\",\"target\":[\"https:\\\/\\\/www.holy-supps.nl\\\/product\\\/280\\\/\"]}]},{\"@type\":\"ImageObject\",\"inLanguage\":\"pl-PL\",\"@id\":\"https:\\\/\\\/www.holy-supps.nl\\\/product\\\/280\\\/#primaryimage\",\"url\":\"https:\\\/\\\/www.holy-supps.nl\\\/wp-content\\\/uploads\\\/2023\\\/03\\\/PIL-REMF3.webp\",\"contentUrl\":\"https:\\\/\\\/www.holy-supps.nl\\\/wp-content\\\/uploads\\\/2023\\\/03\\\/PIL-REMF3.webp\",\"width\":1000,\"height\":1000},{\"@type\":\"BreadcrumbList\",\"@id\":\"https:\\\/\\\/www.holy-supps.nl\\\/product\\\/280\\\/#breadcrumb\",\"itemListElement\":[{\"@type\":\"ListItem\",\"position\":1,\"name\":\"Home\",\"item\":\"https:\\\/\\\/www.holy-supps.nl\\\/\"},{\"@type\":\"ListItem\",\"position\":2,\"name\":\"Winkel\",\"item\":\"https:\\\/\\\/www.holy-supps.nl\\\/winkel\\\/\"},{\"@type\":\"ListItem\",\"position\":3,\"name\":\"OXYREM for Women &#8211; Deep Sleep Fat Burner &#8211; EHP Labs\"}]},{\"@type\":\"WebSite\",\"@id\":\"https:\\\/\\\/www.holy-supps.nl\\\/#website\",\"url\":\"https:\\\/\\\/www.holy-supps.nl\\\/\",\"name\":\"Holy-Supps.nl\",\"description\":\"Official EHPLabs Reseller!\",\"publisher\":{\"@id\":\"https:\\\/\\\/www.holy-supps.nl\\\/#organization\"},\"potentialAction\":[{\"@type\":\"SearchAction\",\"target\":{\"@type\":\"EntryPoint\",\"urlTemplate\":\"https:\\\/\\\/www.holy-supps.nl\\\/?s={search_term_string}\"},\"query-input\":{\"@type\":\"PropertyValueSpecification\",\"valueRequired\":true,\"valueName\":\"search_term_string\"}}],\"inLanguage\":\"pl-PL\"},{\"@type\":\"Organization\",\"@id\":\"https:\\\/\\\/www.holy-supps.nl\\\/#organization\",\"name\":\"Holy Supps\",\"url\":\"https:\\\/\\\/www.holy-supps.nl\\\/\",\"logo\":{\"@type\":\"ImageObject\",\"inLanguage\":\"pl-PL\",\"@id\":\"https:\\\/\\\/www.holy-supps.nl\\\/#\\\/schema\\\/logo\\\/image\\\/\",\"url\":\"https:\\\/\\\/www.holy-supps.nl\\\/wp-content\\\/uploads\\\/2023\\\/06\\\/HOLY-SUPPS.png\",\"contentUrl\":\"https:\\\/\\\/www.holy-supps.nl\\\/wp-content\\\/uploads\\\/2023\\\/06\\\/HOLY-SUPPS.png\",\"width\":1000,\"height\":400,\"caption\":\"Holy Supps\"},\"image\":{\"@id\":\"https:\\\/\\\/www.holy-supps.nl\\\/#\\\/schema\\\/logo\\\/image\\\/\"},\"sameAs\":[\"https:\\\/\\\/www.facebook.com\\\/holy.supps\",\"https:\\\/\\\/www.instagram.com\\\/holy.supps.shop\\\/\"]}]}<\/script>\n<!-- \/ Yoast SEO plugin. -->","yoast_head_json":{"title":"OXYREM dla kobiet - Spalacz t\u0142uszczu podczas g\u0142\u0119bokiego snu - EHP Labs - Holy-Supps.com","description":"OXYREM for Women firmy EHPLabs promuje g\u0142\u0119boki sen REM, reguluje hormony i wspomaga spalanie t\u0142uszczu podczas snu. Zwi\u0119ksza regeneracj\u0119 i r\u00f3wnowag\u0119!","robots":{"index":"index","follow":"follow","max-snippet":"max-snippet:-1","max-image-preview":"max-image-preview:large","max-video-preview":"max-video-preview:-1"},"canonical":"https:\/\/www.holy-supps.nl\/pl\/produkt\/280\/","og_locale":"pl_PL","og_type":"article","og_title":"OXYREM for Women - Deep Sleep Fat Burner - EHP Labs - Holy-Supps.nl","og_description":"OXYREM for Women van EHPLabs bevordert diepe REM-slaap, reguleert hormonen en ondersteunt vetverbranding terwijl je slaapt. Verhoog herstel en balans!","og_url":"https:\/\/www.holy-supps.nl\/pl\/produkt\/280\/","og_site_name":"Holy-Supps.nl","article_publisher":"https:\/\/www.facebook.com\/holy.supps","article_modified_time":"2025-08-26T14:29:38+00:00","og_image":[{"width":1000,"height":1000,"url":"https:\/\/www.holy-supps.nl\/wp-content\/uploads\/2023\/03\/PIL-REMF3.webp","type":"image\/webp"}],"twitter_card":"summary_large_image","twitter_misc":{"Szacowany czas czytania":"1 minuta"},"schema":{"@context":"https:\/\/schema.org","@graph":[{"@type":"WebPage","@id":"https:\/\/www.holy-supps.nl\/product\/280\/","url":"https:\/\/www.holy-supps.nl\/product\/280\/","name":"OXYREM dla kobiet - Spalacz t\u0142uszczu podczas g\u0142\u0119bokiego snu - EHP Labs - Holy-Supps.com","isPartOf":{"@id":"https:\/\/www.holy-supps.nl\/#website"},"primaryImageOfPage":{"@id":"https:\/\/www.holy-supps.nl\/product\/280\/#primaryimage"},"image":{"@id":"https:\/\/www.holy-supps.nl\/product\/280\/#primaryimage"},"thumbnailUrl":"https:\/\/www.holy-supps.nl\/wp-content\/uploads\/2023\/03\/PIL-REMF3.webp","datePublished":"2023-03-06T13:57:03+00:00","dateModified":"2025-08-26T14:29:38+00:00","description":"OXYREM for Women firmy EHPLabs promuje g\u0142\u0119boki sen REM, reguluje hormony i wspomaga spalanie t\u0142uszczu podczas snu. Zwi\u0119ksza regeneracj\u0119 i r\u00f3wnowag\u0119!","breadcrumb":{"@id":"https:\/\/www.holy-supps.nl\/product\/280\/#breadcrumb"},"inLanguage":"pl-PL","potentialAction":[{"@type":"ReadAction","target":["https:\/\/www.holy-supps.nl\/product\/280\/"]}]},{"@type":"ImageObject","inLanguage":"pl-PL","@id":"https:\/\/www.holy-supps.nl\/product\/280\/#primaryimage","url":"https:\/\/www.holy-supps.nl\/wp-content\/uploads\/2023\/03\/PIL-REMF3.webp","contentUrl":"https:\/\/www.holy-supps.nl\/wp-content\/uploads\/2023\/03\/PIL-REMF3.webp","width":1000,"height":1000},{"@type":"BreadcrumbList","@id":"https:\/\/www.holy-supps.nl\/product\/280\/#breadcrumb","itemListElement":[{"@type":"ListItem","position":1,"name":"Home","item":"https:\/\/www.holy-supps.nl\/"},{"@type":"ListItem","position":2,"name":"Winkel","item":"https:\/\/www.holy-supps.nl\/winkel\/"},{"@type":"ListItem","position":3,"name":"OXYREM for Women &#8211; Deep Sleep Fat Burner &#8211; EHP Labs"}]},{"@type":"WebSite","@id":"https:\/\/www.holy-supps.nl\/#website","url":"https:\/\/www.holy-supps.nl\/","name":"Holy-Supps.co.uk","description":"Oficjalny dystrybutor EHPLabs!","publisher":{"@id":"https:\/\/www.holy-supps.nl\/#organization"},"potentialAction":[{"@type":"SearchAction","target":{"@type":"EntryPoint","urlTemplate":"https:\/\/www.holy-supps.nl\/?s={search_term_string}"},"query-input":{"@type":"PropertyValueSpecification","valueRequired":true,"valueName":"search_term_string"}}],"inLanguage":"pl-PL"},{"@type":"Organization","@id":"https:\/\/www.holy-supps.nl\/#organization","name":"Holy Supps","url":"https:\/\/www.holy-supps.nl\/","logo":{"@type":"ImageObject","inLanguage":"pl-PL","@id":"https:\/\/www.holy-supps.nl\/#\/schema\/logo\/image\/","url":"https:\/\/www.holy-supps.nl\/wp-content\/uploads\/2023\/06\/HOLY-SUPPS.png","contentUrl":"https:\/\/www.holy-supps.nl\/wp-content\/uploads\/2023\/06\/HOLY-SUPPS.png","width":1000,"height":400,"caption":"Holy Supps"},"image":{"@id":"https:\/\/www.holy-supps.nl\/#\/schema\/logo\/image\/"},"sameAs":["https:\/\/www.facebook.com\/holy.supps","https:\/\/www.instagram.com\/holy.supps.shop\/"]}]}},"jetpack_sharing_enabled":true,"_links":{"self":[{"href":"https:\/\/www.holy-supps.nl\/pl\/wp-json\/wp\/v2\/product\/280","targetHints":{"allow":["GET"]}}],"collection":[{"href":"https:\/\/www.holy-supps.nl\/pl\/wp-json\/wp\/v2\/product"}],"about":[{"href":"https:\/\/www.holy-supps.nl\/pl\/wp-json\/wp\/v2\/types\/product"}],"replies":[{"embeddable":true,"href":"https:\/\/www.holy-supps.nl\/pl\/wp-json\/wp\/v2\/comments?post=280"}],"wp:featuredmedia":[{"embeddable":true,"href":"https:\/\/www.holy-supps.nl\/pl\/wp-json\/wp\/v2\/media\/603"}],"wp:attachment":[{"href":"https:\/\/www.holy-supps.nl\/pl\/wp-json\/wp\/v2\/media?parent=280"}],"wp:term":[{"taxonomy":"product_brand","embeddable":true,"href":"https:\/\/www.holy-supps.nl\/pl\/wp-json\/wp\/v2\/product_brand?post=280"},{"taxonomy":"product_cat","embeddable":true,"href":"https:\/\/www.holy-supps.nl\/pl\/wp-json\/wp\/v2\/product_cat?post=280"},{"taxonomy":"product_tag","embeddable":true,"href":"https:\/\/www.holy-supps.nl\/pl\/wp-json\/wp\/v2\/product_tag?post=280"}],"curies":[{"name":"wp","href":"https:\/\/api.w.org\/{rel}","templated":true}]}}