{"id":2772,"date":"2024-07-26T15:38:21","date_gmt":"2024-07-26T13:38:21","guid":{"rendered":"https:\/\/www.holy-supps.nl\/?post_type=product&#038;p=2772"},"modified":"2025-09-14T23:02:39","modified_gmt":"2025-09-14T21:02:39","slug":"musclemeds-nitrolift-pre-workout-500gr","status":"publish","type":"product","link":"https:\/\/www.holy-supps.nl\/pl\/product\/musclemeds-nitrolift-pre-workout-500gr\/","title":{"rendered":"Musclemeds - Nitrolift Pre Workout (500gr)"},"content":{"rendered":"<h2>PRZENIE\u015a SWOJ\u0104 SI\u0141\u0118 I WYDAJNO\u015a\u0106 NA WY\u017bSZY POZIOM<\/h2>\n<p>Je\u015bli jeste\u015b sportowcem si\u0142owym, NITRO LIFT\u2122 jest wszystkim, czego oczekujesz od formu\u0142y przedtreningowej. Specjalnie opracowany dla ka\u017cdego, kto trenuje z naciskiem na <strong>si\u0142a i moc<\/strong>.  <\/p>\n<h2>POT\u0118\u017bNA FORMU\u0141A<\/h2>\n<p>Sercem MuscleMeds NITRO LIFT jest po\u0142\u0105czenie kreatyny i ElevATP z dodatkowymi kofaktorami, takimi jak betaina i niacyna. Razem tworzy to pot\u0119\u017cn\u0105 mieszank\u0119 przedtreningow\u0105 idealn\u0105 do intensywnych sesji treningowych.  <\/p>\n<h2>DOBRZE WYWA\u017bONY SK\u0141AD<\/h2>\n<p>NITRO LIFT zawiera 5 g kreatyny, 175 mg ElevATP, 2 g betainy i 3,2 g beta-alaniny na porcj\u0119. Ta kombinacja jest starannie dozowana, aby zapewni\u0107 pot\u0119\u017cne i kompletne do\u015bwiadczenie przedtreningowe.  <\/p>\n<h2>SKUPIENIE I NAP\u0118D<\/h2>\n<p>NITRO LIFT zawiera sk\u0142adniki takie jak Macuna pruriens (50% L-dopa), DMAE i kofeina. To po\u0142\u0105czenie sprawia, \u017ce formu\u0142a jest odpowiednia dla ka\u017cdego, kto chce do\u015bwiadczy\u0107 dodatkowej energii i skupienia podczas \u0107wicze\u0144.  <\/p>\n<h2>INTENSYWNE POMPOWANIE<\/h2>\n<p>Mieszanka 3 g cytruliny i 3 g argininy w stosunku 1:1, uzupe\u0142niona ekstraktem z kory sosny, sprawia, \u017ce NITRO LIFT jest kompletn\u0105 przedtrening\u00f3wk\u0105 dla sportowc\u00f3w d\u0105\u017c\u0105cych do intensywnych sesji pompuj\u0105cych.  <\/p>\n<h2>ELASTYCZNE DOZOWANIE<\/h2>\n<p>Poniewa\u017c ka\u017cdy sportowiec jest inny, NITRO LIFT zosta\u0142 zaprojektowany z opcj\u0105 wyboru porcji 1 lub 2 miarki - dostosowanej do osobistych preferencji, celu i intensywno\u015bci treningu.  <\/p>\n<p><strong>NITRO LIFT\u2122 - dla powa\u017cnych sportowc\u00f3w, kt\u00f3rzy chc\u0105 tylko tego, co najlepsze ze swojego treningu.<\/strong><\/p>","protected":false},"excerpt":{"rendered":"<p>Je\u015bli jeste\u015b sportowcem si\u0142owym, NITRO LIFT\u2122 jest wszystkim, czego szukasz w formule przedtreningowej. Specjalnie zaprojektowany dla ka\u017cdego, kto koncentruje si\u0119 na <strong>SI\u0141A I MOC<\/strong> - NITRO LIFT\u2122 to wyb\u00f3r dla sportowc\u00f3w, kt\u00f3rzy chc\u0105 w pe\u0142ni wykorzysta\u0107 sw\u00f3j trening.<\/p>","protected":false},"featured_media":2777,"comment_status":"open","ping_status":"closed","template":"","meta":[],"product_brand":[],"product_cat":[212,77,80,87,171,68,81],"product_tag":[],"class_list":{"0":"post-2772","1":"product","2":"type-product","3":"status-publish","4":"has-post-thumbnail","6":"product_cat-bestsellers","7":"product_cat-bundles-save","8":"product_cat-doel","9":"product_cat-energie-focus","10":"product_cat-musclemeds","11":"product_cat-pre-workout","12":"product_cat-spieropbouw","14":"first","15":"outofstock","16":"sale","17":"taxable","18":"shipping-taxable","19":"purchasable","20":"product-type-variable"},"yoast_head":"<!-- This site is optimized with the Yoast SEO plugin v27.4 - https:\/\/yoast.com\/product\/yoast-seo-wordpress\/ -->\n<title>Musclemeds - Nitrolift Pre Workout (500gr) - Holy-Supps.nl<\/title>\n<meta name=\"description\" content=\"Verhoog je kracht en prestaties met Musclemeds Nitrolift Pre Workout. Klinisch gedoseerd voor extreme energie, focus en spierkracht. Perfect voor serieuze atleten!\" \/>\n<meta name=\"robots\" content=\"index, follow, max-snippet:-1, max-image-preview:large, max-video-preview:-1\" \/>\n<link rel=\"canonical\" href=\"https:\/\/www.holy-supps.nl\/pl\/produkt\/musclemeds-nitrolift-pre-workout-500gr\/\" \/>\n<meta property=\"og:locale\" content=\"pl_PL\" \/>\n<meta property=\"og:type\" content=\"article\" \/>\n<meta property=\"og:title\" content=\"Musclemeds - Nitrolift Pre Workout (500gr) - Holy-Supps.nl\" \/>\n<meta property=\"og:description\" content=\"Verhoog je kracht en prestaties met Musclemeds Nitrolift Pre Workout. Klinisch gedoseerd voor extreme energie, focus en spierkracht. Perfect voor serieuze atleten!\" \/>\n<meta property=\"og:url\" content=\"https:\/\/www.holy-supps.nl\/pl\/produkt\/musclemeds-nitrolift-pre-workout-500gr\/\" \/>\n<meta property=\"og:site_name\" content=\"Holy-Supps.nl\" \/>\n<meta property=\"article:publisher\" content=\"https:\/\/www.facebook.com\/holy.supps\" \/>\n<meta property=\"article:modified_time\" content=\"2025-09-14T21:02:39+00:00\" \/>\n<meta property=\"og:image\" content=\"https:\/\/www.holy-supps.nl\/wp-content\/uploads\/2024\/07\/MM_nitrolift_render_Front_CHERRYLIME-243691_1300x.webp\" \/>\n\t<meta property=\"og:image:width\" content=\"1300\" \/>\n\t<meta property=\"og:image:height\" content=\"1300\" \/>\n\t<meta property=\"og:image:type\" content=\"image\/webp\" \/>\n<meta name=\"twitter:card\" content=\"summary_large_image\" \/>\n<meta name=\"twitter:label1\" content=\"Szacowany czas czytania\" \/>\n\t<meta name=\"twitter:data1\" content=\"4 minuty\" \/>\n<script type=\"application\/ld+json\" class=\"yoast-schema-graph\">{\"@context\":\"https:\\\/\\\/schema.org\",\"@graph\":[{\"@type\":\"WebPage\",\"@id\":\"https:\\\/\\\/www.holy-supps.nl\\\/product\\\/musclemeds-nitrolift-pre-workout-500gr\\\/\",\"url\":\"https:\\\/\\\/www.holy-supps.nl\\\/product\\\/musclemeds-nitrolift-pre-workout-500gr\\\/\",\"name\":\"Musclemeds - Nitrolift Pre Workout (500gr) - Holy-Supps.nl\",\"isPartOf\":{\"@id\":\"https:\\\/\\\/www.holy-supps.nl\\\/#website\"},\"primaryImageOfPage\":{\"@id\":\"https:\\\/\\\/www.holy-supps.nl\\\/product\\\/musclemeds-nitrolift-pre-workout-500gr\\\/#primaryimage\"},\"image\":{\"@id\":\"https:\\\/\\\/www.holy-supps.nl\\\/product\\\/musclemeds-nitrolift-pre-workout-500gr\\\/#primaryimage\"},\"thumbnailUrl\":\"https:\\\/\\\/www.holy-supps.nl\\\/wp-content\\\/uploads\\\/2024\\\/07\\\/MM_nitrolift_render_Front_CHERRYLIME-243691_1300x.webp\",\"datePublished\":\"2024-07-26T13:38:21+00:00\",\"dateModified\":\"2025-09-14T21:02:39+00:00\",\"description\":\"Verhoog je kracht en prestaties met Musclemeds Nitrolift Pre Workout. Klinisch gedoseerd voor extreme energie, focus en spierkracht. Perfect voor serieuze atleten!\",\"breadcrumb\":{\"@id\":\"https:\\\/\\\/www.holy-supps.nl\\\/product\\\/musclemeds-nitrolift-pre-workout-500gr\\\/#breadcrumb\"},\"inLanguage\":\"pl-PL\",\"potentialAction\":[{\"@type\":\"ReadAction\",\"target\":[\"https:\\\/\\\/www.holy-supps.nl\\\/product\\\/musclemeds-nitrolift-pre-workout-500gr\\\/\"]}]},{\"@type\":\"ImageObject\",\"inLanguage\":\"pl-PL\",\"@id\":\"https:\\\/\\\/www.holy-supps.nl\\\/product\\\/musclemeds-nitrolift-pre-workout-500gr\\\/#primaryimage\",\"url\":\"https:\\\/\\\/www.holy-supps.nl\\\/wp-content\\\/uploads\\\/2024\\\/07\\\/MM_nitrolift_render_Front_CHERRYLIME-243691_1300x.webp\",\"contentUrl\":\"https:\\\/\\\/www.holy-supps.nl\\\/wp-content\\\/uploads\\\/2024\\\/07\\\/MM_nitrolift_render_Front_CHERRYLIME-243691_1300x.webp\",\"width\":1300,\"height\":1300},{\"@type\":\"BreadcrumbList\",\"@id\":\"https:\\\/\\\/www.holy-supps.nl\\\/product\\\/musclemeds-nitrolift-pre-workout-500gr\\\/#breadcrumb\",\"itemListElement\":[{\"@type\":\"ListItem\",\"position\":1,\"name\":\"Home\",\"item\":\"https:\\\/\\\/www.holy-supps.nl\\\/\"},{\"@type\":\"ListItem\",\"position\":2,\"name\":\"Winkel\",\"item\":\"https:\\\/\\\/www.holy-supps.nl\\\/winkel\\\/\"},{\"@type\":\"ListItem\",\"position\":3,\"name\":\"Musclemeds &#8211; Nitrolift Pre Workout (500gr)\"}]},{\"@type\":\"WebSite\",\"@id\":\"https:\\\/\\\/www.holy-supps.nl\\\/#website\",\"url\":\"https:\\\/\\\/www.holy-supps.nl\\\/\",\"name\":\"Holy-Supps.nl\",\"description\":\"Official EHPLabs Reseller!\",\"publisher\":{\"@id\":\"https:\\\/\\\/www.holy-supps.nl\\\/#organization\"},\"potentialAction\":[{\"@type\":\"SearchAction\",\"target\":{\"@type\":\"EntryPoint\",\"urlTemplate\":\"https:\\\/\\\/www.holy-supps.nl\\\/?s={search_term_string}\"},\"query-input\":{\"@type\":\"PropertyValueSpecification\",\"valueRequired\":true,\"valueName\":\"search_term_string\"}}],\"inLanguage\":\"pl-PL\"},{\"@type\":\"Organization\",\"@id\":\"https:\\\/\\\/www.holy-supps.nl\\\/#organization\",\"name\":\"Holy Supps\",\"url\":\"https:\\\/\\\/www.holy-supps.nl\\\/\",\"logo\":{\"@type\":\"ImageObject\",\"inLanguage\":\"pl-PL\",\"@id\":\"https:\\\/\\\/www.holy-supps.nl\\\/#\\\/schema\\\/logo\\\/image\\\/\",\"url\":\"https:\\\/\\\/www.holy-supps.nl\\\/wp-content\\\/uploads\\\/2023\\\/06\\\/HOLY-SUPPS.png\",\"contentUrl\":\"https:\\\/\\\/www.holy-supps.nl\\\/wp-content\\\/uploads\\\/2023\\\/06\\\/HOLY-SUPPS.png\",\"width\":1000,\"height\":400,\"caption\":\"Holy Supps\"},\"image\":{\"@id\":\"https:\\\/\\\/www.holy-supps.nl\\\/#\\\/schema\\\/logo\\\/image\\\/\"},\"sameAs\":[\"https:\\\/\\\/www.facebook.com\\\/holy.supps\",\"https:\\\/\\\/www.instagram.com\\\/holy.supps.shop\\\/\"]}]}<\/script>\n<!-- \/ Yoast SEO plugin. -->","yoast_head_json":{"title":"Musclemeds - Nitrolift Pre Workout (500gr) - Holy-Supps.pl","description":"Zwi\u0119ksz swoj\u0105 si\u0142\u0119 i wydajno\u015b\u0107 dzi\u0119ki Musclemeds Nitrolift Pre Workout. Klinicznie dozowany dla ekstremalnej energii, skupienia i si\u0142y mi\u0119\u015bni. Idealny dla powa\u017cnych sportowc\u00f3w!","robots":{"index":"index","follow":"follow","max-snippet":"max-snippet:-1","max-image-preview":"max-image-preview:large","max-video-preview":"max-video-preview:-1"},"canonical":"https:\/\/www.holy-supps.nl\/pl\/produkt\/musclemeds-nitrolift-pre-workout-500gr\/","og_locale":"pl_PL","og_type":"article","og_title":"Musclemeds - Nitrolift Pre Workout (500gr) - Holy-Supps.nl","og_description":"Verhoog je kracht en prestaties met Musclemeds Nitrolift Pre Workout. Klinisch gedoseerd voor extreme energie, focus en spierkracht. Perfect voor serieuze atleten!","og_url":"https:\/\/www.holy-supps.nl\/pl\/produkt\/musclemeds-nitrolift-pre-workout-500gr\/","og_site_name":"Holy-Supps.nl","article_publisher":"https:\/\/www.facebook.com\/holy.supps","article_modified_time":"2025-09-14T21:02:39+00:00","og_image":[{"width":1300,"height":1300,"url":"https:\/\/www.holy-supps.nl\/wp-content\/uploads\/2024\/07\/MM_nitrolift_render_Front_CHERRYLIME-243691_1300x.webp","type":"image\/webp"}],"twitter_card":"summary_large_image","twitter_misc":{"Szacowany czas czytania":"4 minuty"},"schema":{"@context":"https:\/\/schema.org","@graph":[{"@type":"WebPage","@id":"https:\/\/www.holy-supps.nl\/product\/musclemeds-nitrolift-pre-workout-500gr\/","url":"https:\/\/www.holy-supps.nl\/product\/musclemeds-nitrolift-pre-workout-500gr\/","name":"Musclemeds - Nitrolift Pre Workout (500gr) - Holy-Supps.pl","isPartOf":{"@id":"https:\/\/www.holy-supps.nl\/#website"},"primaryImageOfPage":{"@id":"https:\/\/www.holy-supps.nl\/product\/musclemeds-nitrolift-pre-workout-500gr\/#primaryimage"},"image":{"@id":"https:\/\/www.holy-supps.nl\/product\/musclemeds-nitrolift-pre-workout-500gr\/#primaryimage"},"thumbnailUrl":"https:\/\/www.holy-supps.nl\/wp-content\/uploads\/2024\/07\/MM_nitrolift_render_Front_CHERRYLIME-243691_1300x.webp","datePublished":"2024-07-26T13:38:21+00:00","dateModified":"2025-09-14T21:02:39+00:00","description":"Zwi\u0119ksz swoj\u0105 si\u0142\u0119 i wydajno\u015b\u0107 dzi\u0119ki Musclemeds Nitrolift Pre Workout. Klinicznie dozowany dla ekstremalnej energii, skupienia i si\u0142y mi\u0119\u015bni. Idealny dla powa\u017cnych sportowc\u00f3w!","breadcrumb":{"@id":"https:\/\/www.holy-supps.nl\/product\/musclemeds-nitrolift-pre-workout-500gr\/#breadcrumb"},"inLanguage":"pl-PL","potentialAction":[{"@type":"ReadAction","target":["https:\/\/www.holy-supps.nl\/product\/musclemeds-nitrolift-pre-workout-500gr\/"]}]},{"@type":"ImageObject","inLanguage":"pl-PL","@id":"https:\/\/www.holy-supps.nl\/product\/musclemeds-nitrolift-pre-workout-500gr\/#primaryimage","url":"https:\/\/www.holy-supps.nl\/wp-content\/uploads\/2024\/07\/MM_nitrolift_render_Front_CHERRYLIME-243691_1300x.webp","contentUrl":"https:\/\/www.holy-supps.nl\/wp-content\/uploads\/2024\/07\/MM_nitrolift_render_Front_CHERRYLIME-243691_1300x.webp","width":1300,"height":1300},{"@type":"BreadcrumbList","@id":"https:\/\/www.holy-supps.nl\/product\/musclemeds-nitrolift-pre-workout-500gr\/#breadcrumb","itemListElement":[{"@type":"ListItem","position":1,"name":"Home","item":"https:\/\/www.holy-supps.nl\/"},{"@type":"ListItem","position":2,"name":"Winkel","item":"https:\/\/www.holy-supps.nl\/winkel\/"},{"@type":"ListItem","position":3,"name":"Musclemeds &#8211; Nitrolift Pre Workout (500gr)"}]},{"@type":"WebSite","@id":"https:\/\/www.holy-supps.nl\/#website","url":"https:\/\/www.holy-supps.nl\/","name":"Holy-Supps.co.uk","description":"Oficjalny dystrybutor EHPLabs!","publisher":{"@id":"https:\/\/www.holy-supps.nl\/#organization"},"potentialAction":[{"@type":"SearchAction","target":{"@type":"EntryPoint","urlTemplate":"https:\/\/www.holy-supps.nl\/?s={search_term_string}"},"query-input":{"@type":"PropertyValueSpecification","valueRequired":true,"valueName":"search_term_string"}}],"inLanguage":"pl-PL"},{"@type":"Organization","@id":"https:\/\/www.holy-supps.nl\/#organization","name":"Holy Supps","url":"https:\/\/www.holy-supps.nl\/","logo":{"@type":"ImageObject","inLanguage":"pl-PL","@id":"https:\/\/www.holy-supps.nl\/#\/schema\/logo\/image\/","url":"https:\/\/www.holy-supps.nl\/wp-content\/uploads\/2023\/06\/HOLY-SUPPS.png","contentUrl":"https:\/\/www.holy-supps.nl\/wp-content\/uploads\/2023\/06\/HOLY-SUPPS.png","width":1000,"height":400,"caption":"Holy Supps"},"image":{"@id":"https:\/\/www.holy-supps.nl\/#\/schema\/logo\/image\/"},"sameAs":["https:\/\/www.facebook.com\/holy.supps","https:\/\/www.instagram.com\/holy.supps.shop\/"]}]}},"jetpack_sharing_enabled":true,"_links":{"self":[{"href":"https:\/\/www.holy-supps.nl\/pl\/wp-json\/wp\/v2\/product\/2772","targetHints":{"allow":["GET"]}}],"collection":[{"href":"https:\/\/www.holy-supps.nl\/pl\/wp-json\/wp\/v2\/product"}],"about":[{"href":"https:\/\/www.holy-supps.nl\/pl\/wp-json\/wp\/v2\/types\/product"}],"replies":[{"embeddable":true,"href":"https:\/\/www.holy-supps.nl\/pl\/wp-json\/wp\/v2\/comments?post=2772"}],"wp:featuredmedia":[{"embeddable":true,"href":"https:\/\/www.holy-supps.nl\/pl\/wp-json\/wp\/v2\/media\/2777"}],"wp:attachment":[{"href":"https:\/\/www.holy-supps.nl\/pl\/wp-json\/wp\/v2\/media?parent=2772"}],"wp:term":[{"taxonomy":"product_brand","embeddable":true,"href":"https:\/\/www.holy-supps.nl\/pl\/wp-json\/wp\/v2\/product_brand?post=2772"},{"taxonomy":"product_cat","embeddable":true,"href":"https:\/\/www.holy-supps.nl\/pl\/wp-json\/wp\/v2\/product_cat?post=2772"},{"taxonomy":"product_tag","embeddable":true,"href":"https:\/\/www.holy-supps.nl\/pl\/wp-json\/wp\/v2\/product_tag?post=2772"}],"curies":[{"name":"wp","href":"https:\/\/api.w.org\/{rel}","templated":true}]}}