{"id":2755,"date":"2024-07-26T15:14:13","date_gmt":"2024-07-26T13:14:13","guid":{"rendered":"https:\/\/www.holy-supps.nl\/?post_type=product&#038;p=2755"},"modified":"2026-04-01T12:26:28","modified_gmt":"2026-04-01T10:26:28","slug":"fit-lean-meal-shake-450-gr","status":"publish","type":"product","link":"https:\/\/www.holy-supps.nl\/pl\/product\/fit-lean-meal-shake-450-gr\/","title":{"rendered":"Fit &amp; Lean - koktajl posi\u0142kowy (450 g)"},"content":{"rendered":"<p>Fit&amp;Lean Meal Shake is een smakelijke maaltijdvervangende shake die perfect past in een gezond en uitgebalanceerd voedingspatroon. Deze glutenvrije formule bevat 20 gram eiwit met slechts 150 calorie\u00ebn per portie. Daarnaast is het verrijkt met vezels, groenten, fruit, probiotica, vitaminen en mineralen. Een handige en voedzame keuze voor elk moment van de dag.<\/p>\n<ul>\n<li>20 g bia\u0142ka<\/li>\n<li>10-11 g b\u0142onnika<\/li>\n<li>28-30 soorten groenten en fruit<\/li>\n<li>500 milion\u00f3w CFU probiotyk\u00f3w<\/li>\n<li>26 vitaminen &amp; mineralen<\/li>\n<li>5 g w\u0119glowodan\u00f3w netto lub mniej<\/li>\n<li>1 g cukru lub mniej<\/li>\n<li>Met groene koffieboon, Garcinia Cambogia en groene thee<\/li>\n<\/ul>\n<h2>Producteigenschappen<\/h2>\n<ul>\n<li>Lage calorie-inhoud<\/li>\n<li>Bezglutenowy<\/li>\n<li>Rijk aan voedingsstoffen<\/li>\n<li>Handig als maaltijdvervanger<\/li>\n<li>Bevat natuurlijke ingredi\u00ebnten en superfoods<\/li>\n<\/ul>\n<h2>Sk\u0142adniki<\/h2>\n<p>Zobacz zdj\u0119cia<\/p>","protected":false},"excerpt":{"rendered":"<ul>\n<li>20 g bia\u0142ka<\/li>\n<li>10-11 g b\u0142onnika<\/li>\n<li>28-30 Ca\u0142e owoce i warzywa<\/li>\n<li>500 milion\u00f3w CFU probiotyk\u00f3w<\/li>\n<li>26 Witaminy i minera\u0142y<\/li>\n<li>5 g w\u0119glowodan\u00f3w netto lub mniej<\/li>\n<li>1 g cukru lub mniej<\/li>\n<li>Ziarna zielonej kawy, Garcinia Cambogia i zielona herbata<\/li>\n<\/ul>","protected":false},"featured_media":2756,"comment_status":"open","ping_status":"closed","template":"","meta":[],"product_brand":[],"product_cat":[89,77,67,69,231,74,79,81,92],"product_tag":[],"class_list":{"0":"post-2755","1":"product","2":"type-product","3":"status-publish","4":"has-post-thumbnail","6":"product_cat-afvallen","7":"product_cat-bundles-save","8":"product_cat-eiwitten-proteine","9":"product_cat-fatburners","10":"product_cat-fit-lean","11":"product_cat-health-wellness","12":"product_cat-maaltijdvervangers","13":"product_cat-spieropbouw","14":"product_cat-vitamine-mineralen","16":"first","17":"instock","18":"sale","19":"taxable","20":"shipping-taxable","21":"purchasable","22":"product-type-variable"},"yoast_head":"<!-- This site is optimized with the Yoast SEO plugin v27.3 - https:\/\/yoast.com\/product\/yoast-seo-wordpress\/ -->\n<title>Fit &amp; Lean - Meal Shake (450gr) - Holy-Supps.nl<\/title>\n<meta name=\"description\" content=\"Verminder honger en stimuleer gewichtsverlies met Fit &amp; Lean Meal Shake: 20g eiwit, 11g vezels, 28 superfoods. Slechts 150 calorie\u00ebn per portie.\" \/>\n<meta name=\"robots\" content=\"index, follow, max-snippet:-1, max-image-preview:large, max-video-preview:-1\" \/>\n<link rel=\"canonical\" href=\"https:\/\/www.holy-supps.nl\/pl\/produkt\/fit-lean-meal-shake-450-gr\/\" \/>\n<meta property=\"og:locale\" content=\"pl_PL\" \/>\n<meta property=\"og:type\" content=\"article\" \/>\n<meta property=\"og:title\" content=\"Fit &amp; Lean - Meal Shake (450gr) - Holy-Supps.nl\" \/>\n<meta property=\"og:description\" content=\"Verminder honger en stimuleer gewichtsverlies met Fit &amp; Lean Meal Shake: 20g eiwit, 11g vezels, 28 superfoods. Slechts 150 calorie\u00ebn per portie.\" \/>\n<meta property=\"og:url\" content=\"https:\/\/www.holy-supps.nl\/pl\/produkt\/fit-lean-meal-shake-450-gr\/\" \/>\n<meta property=\"og:site_name\" content=\"Holy-Supps.nl\" \/>\n<meta property=\"article:publisher\" content=\"https:\/\/www.facebook.com\/holy.supps\" \/>\n<meta property=\"article:modified_time\" content=\"2026-04-01T10:26:28+00:00\" \/>\n<meta property=\"og:image\" content=\"https:\/\/www.holy-supps.nl\/wp-content\/uploads\/2024\/07\/1FL_mealshake_vanillaicecream_productimage_front-1.webp\" \/>\n\t<meta property=\"og:image:width\" content=\"1080\" \/>\n\t<meta property=\"og:image:height\" content=\"1080\" \/>\n\t<meta property=\"og:image:type\" content=\"image\/webp\" \/>\n<meta name=\"twitter:card\" content=\"summary_large_image\" \/>\n<meta name=\"twitter:label1\" content=\"Szacowany czas czytania\" \/>\n\t<meta name=\"twitter:data1\" content=\"1 minuta\" \/>\n<script type=\"application\/ld+json\" class=\"yoast-schema-graph\">{\"@context\":\"https:\\\/\\\/schema.org\",\"@graph\":[{\"@type\":\"WebPage\",\"@id\":\"https:\\\/\\\/www.holy-supps.nl\\\/product\\\/fit-lean-meal-shake-450-gr\\\/\",\"url\":\"https:\\\/\\\/www.holy-supps.nl\\\/product\\\/fit-lean-meal-shake-450-gr\\\/\",\"name\":\"Fit & Lean - Meal Shake (450gr) - Holy-Supps.nl\",\"isPartOf\":{\"@id\":\"https:\\\/\\\/www.holy-supps.nl\\\/#website\"},\"primaryImageOfPage\":{\"@id\":\"https:\\\/\\\/www.holy-supps.nl\\\/product\\\/fit-lean-meal-shake-450-gr\\\/#primaryimage\"},\"image\":{\"@id\":\"https:\\\/\\\/www.holy-supps.nl\\\/product\\\/fit-lean-meal-shake-450-gr\\\/#primaryimage\"},\"thumbnailUrl\":\"https:\\\/\\\/www.holy-supps.nl\\\/wp-content\\\/uploads\\\/2024\\\/07\\\/1FL_mealshake_vanillaicecream_productimage_front-1.webp\",\"datePublished\":\"2024-07-26T13:14:13+00:00\",\"dateModified\":\"2026-04-01T10:26:28+00:00\",\"description\":\"Verminder honger en stimuleer gewichtsverlies met Fit & Lean Meal Shake: 20g eiwit, 11g vezels, 28 superfoods. Slechts 150 calorie\u00ebn per portie.\",\"breadcrumb\":{\"@id\":\"https:\\\/\\\/www.holy-supps.nl\\\/product\\\/fit-lean-meal-shake-450-gr\\\/#breadcrumb\"},\"inLanguage\":\"pl-PL\",\"potentialAction\":[{\"@type\":\"ReadAction\",\"target\":[\"https:\\\/\\\/www.holy-supps.nl\\\/product\\\/fit-lean-meal-shake-450-gr\\\/\"]}]},{\"@type\":\"ImageObject\",\"inLanguage\":\"pl-PL\",\"@id\":\"https:\\\/\\\/www.holy-supps.nl\\\/product\\\/fit-lean-meal-shake-450-gr\\\/#primaryimage\",\"url\":\"https:\\\/\\\/www.holy-supps.nl\\\/wp-content\\\/uploads\\\/2024\\\/07\\\/1FL_mealshake_vanillaicecream_productimage_front-1.webp\",\"contentUrl\":\"https:\\\/\\\/www.holy-supps.nl\\\/wp-content\\\/uploads\\\/2024\\\/07\\\/1FL_mealshake_vanillaicecream_productimage_front-1.webp\",\"width\":1080,\"height\":1080},{\"@type\":\"BreadcrumbList\",\"@id\":\"https:\\\/\\\/www.holy-supps.nl\\\/product\\\/fit-lean-meal-shake-450-gr\\\/#breadcrumb\",\"itemListElement\":[{\"@type\":\"ListItem\",\"position\":1,\"name\":\"Home\",\"item\":\"https:\\\/\\\/www.holy-supps.nl\\\/\"},{\"@type\":\"ListItem\",\"position\":2,\"name\":\"Winkel\",\"item\":\"https:\\\/\\\/www.holy-supps.nl\\\/winkel\\\/\"},{\"@type\":\"ListItem\",\"position\":3,\"name\":\"Fit &#038; Lean &#8211; Meal Shake (450gr)\"}]},{\"@type\":\"WebSite\",\"@id\":\"https:\\\/\\\/www.holy-supps.nl\\\/#website\",\"url\":\"https:\\\/\\\/www.holy-supps.nl\\\/\",\"name\":\"Holy-Supps.nl\",\"description\":\"Official EHPLabs Reseller!\",\"publisher\":{\"@id\":\"https:\\\/\\\/www.holy-supps.nl\\\/#organization\"},\"potentialAction\":[{\"@type\":\"SearchAction\",\"target\":{\"@type\":\"EntryPoint\",\"urlTemplate\":\"https:\\\/\\\/www.holy-supps.nl\\\/?s={search_term_string}\"},\"query-input\":{\"@type\":\"PropertyValueSpecification\",\"valueRequired\":true,\"valueName\":\"search_term_string\"}}],\"inLanguage\":\"pl-PL\"},{\"@type\":\"Organization\",\"@id\":\"https:\\\/\\\/www.holy-supps.nl\\\/#organization\",\"name\":\"Holy Supps\",\"url\":\"https:\\\/\\\/www.holy-supps.nl\\\/\",\"logo\":{\"@type\":\"ImageObject\",\"inLanguage\":\"pl-PL\",\"@id\":\"https:\\\/\\\/www.holy-supps.nl\\\/#\\\/schema\\\/logo\\\/image\\\/\",\"url\":\"https:\\\/\\\/www.holy-supps.nl\\\/wp-content\\\/uploads\\\/2023\\\/06\\\/HOLY-SUPPS.png\",\"contentUrl\":\"https:\\\/\\\/www.holy-supps.nl\\\/wp-content\\\/uploads\\\/2023\\\/06\\\/HOLY-SUPPS.png\",\"width\":1000,\"height\":400,\"caption\":\"Holy Supps\"},\"image\":{\"@id\":\"https:\\\/\\\/www.holy-supps.nl\\\/#\\\/schema\\\/logo\\\/image\\\/\"},\"sameAs\":[\"https:\\\/\\\/www.facebook.com\\\/holy.supps\",\"https:\\\/\\\/www.instagram.com\\\/holy.supps.shop\\\/\"]}]}<\/script>\n<!-- \/ Yoast SEO plugin. -->","yoast_head_json":{"title":"Fit &amp; Lean - koktajl posi\u0142kowy (450 g) - Holy-Supps.pl","description":"Zmniejsz g\u0142\u00f3d i przyspiesz odchudzanie dzi\u0119ki koktajlowi Fit &amp; Lean Meal Shake: 20 g bia\u0142ka, 11 g b\u0142onnika, 28 superfoods. Tylko 150 kalorii w porcji.","robots":{"index":"index","follow":"follow","max-snippet":"max-snippet:-1","max-image-preview":"max-image-preview:large","max-video-preview":"max-video-preview:-1"},"canonical":"https:\/\/www.holy-supps.nl\/pl\/produkt\/fit-lean-meal-shake-450-gr\/","og_locale":"pl_PL","og_type":"article","og_title":"Fit & Lean - Meal Shake (450gr) - Holy-Supps.nl","og_description":"Verminder honger en stimuleer gewichtsverlies met Fit & Lean Meal Shake: 20g eiwit, 11g vezels, 28 superfoods. Slechts 150 calorie\u00ebn per portie.","og_url":"https:\/\/www.holy-supps.nl\/pl\/produkt\/fit-lean-meal-shake-450-gr\/","og_site_name":"Holy-Supps.nl","article_publisher":"https:\/\/www.facebook.com\/holy.supps","article_modified_time":"2026-04-01T10:26:28+00:00","og_image":[{"width":1080,"height":1080,"url":"https:\/\/www.holy-supps.nl\/wp-content\/uploads\/2024\/07\/1FL_mealshake_vanillaicecream_productimage_front-1.webp","type":"image\/webp"}],"twitter_card":"summary_large_image","twitter_misc":{"Szacowany czas czytania":"1 minuta"},"schema":{"@context":"https:\/\/schema.org","@graph":[{"@type":"WebPage","@id":"https:\/\/www.holy-supps.nl\/product\/fit-lean-meal-shake-450-gr\/","url":"https:\/\/www.holy-supps.nl\/product\/fit-lean-meal-shake-450-gr\/","name":"Fit &amp; Lean - koktajl posi\u0142kowy (450 g) - Holy-Supps.pl","isPartOf":{"@id":"https:\/\/www.holy-supps.nl\/#website"},"primaryImageOfPage":{"@id":"https:\/\/www.holy-supps.nl\/product\/fit-lean-meal-shake-450-gr\/#primaryimage"},"image":{"@id":"https:\/\/www.holy-supps.nl\/product\/fit-lean-meal-shake-450-gr\/#primaryimage"},"thumbnailUrl":"https:\/\/www.holy-supps.nl\/wp-content\/uploads\/2024\/07\/1FL_mealshake_vanillaicecream_productimage_front-1.webp","datePublished":"2024-07-26T13:14:13+00:00","dateModified":"2026-04-01T10:26:28+00:00","description":"Zmniejsz g\u0142\u00f3d i przyspiesz odchudzanie dzi\u0119ki koktajlowi Fit &amp; Lean Meal Shake: 20 g bia\u0142ka, 11 g b\u0142onnika, 28 superfoods. Tylko 150 kalorii w porcji.","breadcrumb":{"@id":"https:\/\/www.holy-supps.nl\/product\/fit-lean-meal-shake-450-gr\/#breadcrumb"},"inLanguage":"pl-PL","potentialAction":[{"@type":"ReadAction","target":["https:\/\/www.holy-supps.nl\/product\/fit-lean-meal-shake-450-gr\/"]}]},{"@type":"ImageObject","inLanguage":"pl-PL","@id":"https:\/\/www.holy-supps.nl\/product\/fit-lean-meal-shake-450-gr\/#primaryimage","url":"https:\/\/www.holy-supps.nl\/wp-content\/uploads\/2024\/07\/1FL_mealshake_vanillaicecream_productimage_front-1.webp","contentUrl":"https:\/\/www.holy-supps.nl\/wp-content\/uploads\/2024\/07\/1FL_mealshake_vanillaicecream_productimage_front-1.webp","width":1080,"height":1080},{"@type":"BreadcrumbList","@id":"https:\/\/www.holy-supps.nl\/product\/fit-lean-meal-shake-450-gr\/#breadcrumb","itemListElement":[{"@type":"ListItem","position":1,"name":"Home","item":"https:\/\/www.holy-supps.nl\/"},{"@type":"ListItem","position":2,"name":"Winkel","item":"https:\/\/www.holy-supps.nl\/winkel\/"},{"@type":"ListItem","position":3,"name":"Fit &#038; Lean &#8211; Meal Shake (450gr)"}]},{"@type":"WebSite","@id":"https:\/\/www.holy-supps.nl\/#website","url":"https:\/\/www.holy-supps.nl\/","name":"Holy-Supps.co.uk","description":"Oficjalny dystrybutor EHPLabs!","publisher":{"@id":"https:\/\/www.holy-supps.nl\/#organization"},"potentialAction":[{"@type":"SearchAction","target":{"@type":"EntryPoint","urlTemplate":"https:\/\/www.holy-supps.nl\/?s={search_term_string}"},"query-input":{"@type":"PropertyValueSpecification","valueRequired":true,"valueName":"search_term_string"}}],"inLanguage":"pl-PL"},{"@type":"Organization","@id":"https:\/\/www.holy-supps.nl\/#organization","name":"Holy Supps","url":"https:\/\/www.holy-supps.nl\/","logo":{"@type":"ImageObject","inLanguage":"pl-PL","@id":"https:\/\/www.holy-supps.nl\/#\/schema\/logo\/image\/","url":"https:\/\/www.holy-supps.nl\/wp-content\/uploads\/2023\/06\/HOLY-SUPPS.png","contentUrl":"https:\/\/www.holy-supps.nl\/wp-content\/uploads\/2023\/06\/HOLY-SUPPS.png","width":1000,"height":400,"caption":"Holy Supps"},"image":{"@id":"https:\/\/www.holy-supps.nl\/#\/schema\/logo\/image\/"},"sameAs":["https:\/\/www.facebook.com\/holy.supps","https:\/\/www.instagram.com\/holy.supps.shop\/"]}]}},"jetpack_sharing_enabled":true,"_links":{"self":[{"href":"https:\/\/www.holy-supps.nl\/pl\/wp-json\/wp\/v2\/product\/2755","targetHints":{"allow":["GET"]}}],"collection":[{"href":"https:\/\/www.holy-supps.nl\/pl\/wp-json\/wp\/v2\/product"}],"about":[{"href":"https:\/\/www.holy-supps.nl\/pl\/wp-json\/wp\/v2\/types\/product"}],"replies":[{"embeddable":true,"href":"https:\/\/www.holy-supps.nl\/pl\/wp-json\/wp\/v2\/comments?post=2755"}],"wp:featuredmedia":[{"embeddable":true,"href":"https:\/\/www.holy-supps.nl\/pl\/wp-json\/wp\/v2\/media\/2756"}],"wp:attachment":[{"href":"https:\/\/www.holy-supps.nl\/pl\/wp-json\/wp\/v2\/media?parent=2755"}],"wp:term":[{"taxonomy":"product_brand","embeddable":true,"href":"https:\/\/www.holy-supps.nl\/pl\/wp-json\/wp\/v2\/product_brand?post=2755"},{"taxonomy":"product_cat","embeddable":true,"href":"https:\/\/www.holy-supps.nl\/pl\/wp-json\/wp\/v2\/product_cat?post=2755"},{"taxonomy":"product_tag","embeddable":true,"href":"https:\/\/www.holy-supps.nl\/pl\/wp-json\/wp\/v2\/product_tag?post=2755"}],"curies":[{"name":"wp","href":"https:\/\/api.w.org\/{rel}","templated":true}]}}