{"id":2734,"date":"2024-07-23T16:01:55","date_gmt":"2024-07-23T14:01:55","guid":{"rendered":"https:\/\/www.holy-supps.nl\/?post_type=product&#038;p=2734"},"modified":"2026-02-20T06:46:52","modified_gmt":"2026-02-20T05:46:52","slug":"maksymalne-bialko-serwatkowe-mhp-strong-2-2kg","status":"publish","type":"product","link":"https:\/\/www.holy-supps.nl\/pl\/product\/maximum-whey-protein-mhp-strong-2-2kg\/","title":{"rendered":"Maksymalne bia\u0142ko serwatkowe - MHP STRONG - 2,2 kg"},"content":{"rendered":"<h2>Najlepszy czas na stosowanie Max Whey<\/h2>\n<p>Budowanie mi\u0119\u015bni nie odbywa si\u0119 podczas samego treningu, ale g\u0142\u00f3wnie w okresie p\u00f3\u017aniejszym. Trening ustawia cia\u0142o w odpowiedniej pozycji, po czym regeneracja i od\u017cywianie odgrywaj\u0105 swoj\u0105 rol\u0119. Bezpo\u015brednio po treningu jest dobry czas na przyjmowanie bia\u0142ek, poniewa\u017c organizm jest wtedy gotowy do wch\u0142aniania sk\u0142adnik\u00f3w od\u017cywczych. Szybko rozpuszczalne bia\u0142ko, takie jak bia\u0142ko serwatkowe, jest \u0142atwe w przygotowaniu i dobrze pasuje do aktywnej diety.  <\/p>\n<h2>Max Whey dla aktywnego stylu \u017cycia<\/h2>\n<p>Bia\u0142ko serwatkowe jest znane jako kompletne \u017ar\u00f3d\u0142o bia\u0142ka o bogatym profilu aminokwasowym. Jest to popularny wyb\u00f3r w\u015br\u00f3d sportowc\u00f3w i os\u00f3b aktywnych, kt\u00f3re chc\u0105 uzupe\u0142ni\u0107 dzienne spo\u017cycie bia\u0142ka. Jego kremowa konsystencja i wysoka rozpuszczalno\u015b\u0107 sprawiaj\u0105, \u017ce jest \u0142atwe do spo\u017cycia, na przyk\u0142ad bezpo\u015brednio po treningu lub o ka\u017cdej innej porze dnia.  <\/p>\n<p>Przy stosowaniu zdrowej i zbilansowanej diety, suplement bia\u0142ka serwatkowego mo\u017ce by\u0107 przydatnym dodatkiem pomagaj\u0105cym utrzyma\u0107 spo\u017cycie bia\u0142ka. U\u0142atwia to osi\u0105gni\u0119cie po\u017c\u0105danej ilo\u015bci bia\u0142ka opr\u00f3cz normalnych posi\u0142k\u00f3w.  <\/p>\n<ul>\n<li>Popularny w\u015br\u00f3d sportowc\u00f3w i os\u00f3b aktywnych<\/li>\n<li>Wysoka rozpuszczalno\u015b\u0107 i kremowa konsystencja<\/li>\n<li>Dost\u0119pne w r\u00f3\u017cnych smakach<\/li>\n<\/ul>\n<p><strong>MAXIMUM WHEY<\/strong> jest znany jako \u201cczysty\u201d, posiada certyfikat Informed-Choice, jest testowany na obecno\u015b\u0107 ponad 200 substancji z listy WADA i produkowany w zak\u0142adzie zgodnym z GMP. Dzi\u0119ki temu masz pewno\u015b\u0107, \u017ce produkt spe\u0142nia wysokie standardy jako\u015bci.<\/p>","protected":false},"excerpt":{"rendered":"<p id=\"tw-target-text\" class=\"tw-data-text tw-text-large tw-ta\" dir=\"ltr\" data-placeholder=\"Vertaling\" aria-label=\"Przet\u0142umaczony tekst\" data-ved=\"2ahUKEwiO7ZS0qL2HAxWkwAIHHREQBG0Q3ewLegQICBAU\"><span class=\"Y2IQFc\" lang=\"nl\">Maximum Whey dostarcza 25 g czystego bia\u0142ka serwatkowego i nic wi\u0119cej. Tr\u00f3jfazowy kompleks bia\u0142ka serwatkowego zawiera koncentrat bia\u0142ka serwatkowego, izolat bia\u0142ka serwatkowego i hydrolizowane bia\u0142ko serwatkowe dla jeszcze szybszego trawienia i wch\u0142aniania. <\/span><\/p>","protected":false},"featured_media":2740,"comment_status":"open","ping_status":"closed","template":"","meta":[],"product_brand":[],"product_cat":[77,67,203,165,75],"product_tag":[],"class_list":{"0":"post-2734","1":"product","2":"type-product","3":"status-publish","4":"has-post-thumbnail","6":"product_cat-bundles-save","7":"product_cat-eiwitten-proteine","8":"product_cat-mass-gainers","9":"product_cat-mhp-strong","10":"product_cat-producten","12":"first","13":"instock","14":"sale","15":"taxable","16":"shipping-taxable","17":"purchasable","18":"product-type-variable"},"yoast_head":"<!-- This site is optimized with the Yoast SEO plugin v27.5 - https:\/\/yoast.com\/product\/yoast-seo-wordpress\/ -->\n<title>Maximum Whey Protein - MHP STRONG - 2.2KG - Holy-Supps.nl<\/title>\n<meta name=\"description\" content=\"Maximaliseer spiergroei en herstel met Maximum Whey Protein - 2.2KG van MHP STRONG. Bevat hoogwaardige eiwitten voor droge spiermassa en kracht.\" \/>\n<meta name=\"robots\" content=\"index, follow, max-snippet:-1, max-image-preview:large, max-video-preview:-1\" \/>\n<link rel=\"canonical\" href=\"https:\/\/www.holy-supps.nl\/pl\/produkt\/maksymalne-bialko-serwatkowe-mhp-strong-2-2kg\/\" \/>\n<meta property=\"og:locale\" content=\"pl_PL\" \/>\n<meta property=\"og:type\" content=\"article\" \/>\n<meta property=\"og:title\" content=\"Maximum Whey Protein - MHP STRONG - 2.2KG - Holy-Supps.nl\" \/>\n<meta property=\"og:description\" content=\"Maximaliseer spiergroei en herstel met Maximum Whey Protein - 2.2KG van MHP STRONG. Bevat hoogwaardige eiwitten voor droge spiermassa en kracht.\" \/>\n<meta property=\"og:url\" content=\"https:\/\/www.holy-supps.nl\/pl\/produkt\/maksymalne-bialko-serwatkowe-mhp-strong-2-2kg\/\" \/>\n<meta property=\"og:site_name\" content=\"Holy-Supps.nl\" \/>\n<meta property=\"article:publisher\" content=\"https:\/\/www.facebook.com\/holy.supps\" \/>\n<meta property=\"article:modified_time\" content=\"2026-02-20T05:46:52+00:00\" \/>\n<meta property=\"og:image\" content=\"https:\/\/www.holy-supps.nl\/wp-content\/uploads\/2024\/07\/wsi-imageoptim-Maximum-Whey-VI-01_5000x.webp\" \/>\n\t<meta property=\"og:image:width\" content=\"900\" \/>\n\t<meta property=\"og:image:height\" content=\"900\" \/>\n\t<meta property=\"og:image:type\" content=\"image\/webp\" \/>\n<meta name=\"twitter:card\" content=\"summary_large_image\" \/>\n<meta name=\"twitter:label1\" content=\"Szacowany czas czytania\" \/>\n\t<meta name=\"twitter:data1\" content=\"2 minuty\" \/>\n<script type=\"application\/ld+json\" class=\"yoast-schema-graph\">{\"@context\":\"https:\\\/\\\/schema.org\",\"@graph\":[{\"@type\":\"WebPage\",\"@id\":\"https:\\\/\\\/www.holy-supps.nl\\\/product\\\/maximum-whey-protein-mhp-strong-2-2kg\\\/\",\"url\":\"https:\\\/\\\/www.holy-supps.nl\\\/product\\\/maximum-whey-protein-mhp-strong-2-2kg\\\/\",\"name\":\"Maximum Whey Protein - MHP STRONG - 2.2KG - Holy-Supps.nl\",\"isPartOf\":{\"@id\":\"https:\\\/\\\/www.holy-supps.nl\\\/#website\"},\"primaryImageOfPage\":{\"@id\":\"https:\\\/\\\/www.holy-supps.nl\\\/product\\\/maximum-whey-protein-mhp-strong-2-2kg\\\/#primaryimage\"},\"image\":{\"@id\":\"https:\\\/\\\/www.holy-supps.nl\\\/product\\\/maximum-whey-protein-mhp-strong-2-2kg\\\/#primaryimage\"},\"thumbnailUrl\":\"https:\\\/\\\/www.holy-supps.nl\\\/wp-content\\\/uploads\\\/2024\\\/07\\\/wsi-imageoptim-Maximum-Whey-VI-01_5000x.webp\",\"datePublished\":\"2024-07-23T14:01:55+00:00\",\"dateModified\":\"2026-02-20T05:46:52+00:00\",\"description\":\"Maximaliseer spiergroei en herstel met Maximum Whey Protein - 2.2KG van MHP STRONG. Bevat hoogwaardige eiwitten voor droge spiermassa en kracht.\",\"breadcrumb\":{\"@id\":\"https:\\\/\\\/www.holy-supps.nl\\\/product\\\/maximum-whey-protein-mhp-strong-2-2kg\\\/#breadcrumb\"},\"inLanguage\":\"pl-PL\",\"potentialAction\":[{\"@type\":\"ReadAction\",\"target\":[\"https:\\\/\\\/www.holy-supps.nl\\\/product\\\/maximum-whey-protein-mhp-strong-2-2kg\\\/\"]}]},{\"@type\":\"ImageObject\",\"inLanguage\":\"pl-PL\",\"@id\":\"https:\\\/\\\/www.holy-supps.nl\\\/product\\\/maximum-whey-protein-mhp-strong-2-2kg\\\/#primaryimage\",\"url\":\"https:\\\/\\\/www.holy-supps.nl\\\/wp-content\\\/uploads\\\/2024\\\/07\\\/wsi-imageoptim-Maximum-Whey-VI-01_5000x.webp\",\"contentUrl\":\"https:\\\/\\\/www.holy-supps.nl\\\/wp-content\\\/uploads\\\/2024\\\/07\\\/wsi-imageoptim-Maximum-Whey-VI-01_5000x.webp\",\"width\":900,\"height\":900},{\"@type\":\"BreadcrumbList\",\"@id\":\"https:\\\/\\\/www.holy-supps.nl\\\/product\\\/maximum-whey-protein-mhp-strong-2-2kg\\\/#breadcrumb\",\"itemListElement\":[{\"@type\":\"ListItem\",\"position\":1,\"name\":\"Home\",\"item\":\"https:\\\/\\\/www.holy-supps.nl\\\/\"},{\"@type\":\"ListItem\",\"position\":2,\"name\":\"Winkel\",\"item\":\"https:\\\/\\\/www.holy-supps.nl\\\/winkel\\\/\"},{\"@type\":\"ListItem\",\"position\":3,\"name\":\"Maximum Whey Protein &#8211; MHP STRONG &#8211; 2.2KG\"}]},{\"@type\":\"WebSite\",\"@id\":\"https:\\\/\\\/www.holy-supps.nl\\\/#website\",\"url\":\"https:\\\/\\\/www.holy-supps.nl\\\/\",\"name\":\"Holy-Supps.nl\",\"description\":\"Official EHPLabs Reseller!\",\"publisher\":{\"@id\":\"https:\\\/\\\/www.holy-supps.nl\\\/#organization\"},\"potentialAction\":[{\"@type\":\"SearchAction\",\"target\":{\"@type\":\"EntryPoint\",\"urlTemplate\":\"https:\\\/\\\/www.holy-supps.nl\\\/?s={search_term_string}\"},\"query-input\":{\"@type\":\"PropertyValueSpecification\",\"valueRequired\":true,\"valueName\":\"search_term_string\"}}],\"inLanguage\":\"pl-PL\"},{\"@type\":\"Organization\",\"@id\":\"https:\\\/\\\/www.holy-supps.nl\\\/#organization\",\"name\":\"Holy Supps\",\"url\":\"https:\\\/\\\/www.holy-supps.nl\\\/\",\"logo\":{\"@type\":\"ImageObject\",\"inLanguage\":\"pl-PL\",\"@id\":\"https:\\\/\\\/www.holy-supps.nl\\\/#\\\/schema\\\/logo\\\/image\\\/\",\"url\":\"https:\\\/\\\/www.holy-supps.nl\\\/wp-content\\\/uploads\\\/2023\\\/06\\\/HOLY-SUPPS.png\",\"contentUrl\":\"https:\\\/\\\/www.holy-supps.nl\\\/wp-content\\\/uploads\\\/2023\\\/06\\\/HOLY-SUPPS.png\",\"width\":1000,\"height\":400,\"caption\":\"Holy Supps\"},\"image\":{\"@id\":\"https:\\\/\\\/www.holy-supps.nl\\\/#\\\/schema\\\/logo\\\/image\\\/\"},\"sameAs\":[\"https:\\\/\\\/www.facebook.com\\\/holy.supps\",\"https:\\\/\\\/www.instagram.com\\\/holy.supps.shop\\\/\"]}]}<\/script>\n<!-- \/ Yoast SEO plugin. -->","yoast_head_json":{"title":"Maximum Whey Protein - MHP STRONG - 2,2 kg - Holy-Supps.pl","description":"Zmaksymalizuj wzrost i regeneracj\u0119 mi\u0119\u015bni dzi\u0119ki Maximum Whey Protein - 2,2 kg od MHP STRONG. Zawiera wysokiej jako\u015bci bia\u0142ko dla suchej masy mi\u0119\u015bniowej i si\u0142y.","robots":{"index":"index","follow":"follow","max-snippet":"max-snippet:-1","max-image-preview":"max-image-preview:large","max-video-preview":"max-video-preview:-1"},"canonical":"https:\/\/www.holy-supps.nl\/pl\/produkt\/maksymalne-bialko-serwatkowe-mhp-strong-2-2kg\/","og_locale":"pl_PL","og_type":"article","og_title":"Maximum Whey Protein - MHP STRONG - 2.2KG - Holy-Supps.nl","og_description":"Maximaliseer spiergroei en herstel met Maximum Whey Protein - 2.2KG van MHP STRONG. Bevat hoogwaardige eiwitten voor droge spiermassa en kracht.","og_url":"https:\/\/www.holy-supps.nl\/pl\/produkt\/maksymalne-bialko-serwatkowe-mhp-strong-2-2kg\/","og_site_name":"Holy-Supps.nl","article_publisher":"https:\/\/www.facebook.com\/holy.supps","article_modified_time":"2026-02-20T05:46:52+00:00","og_image":[{"width":900,"height":900,"url":"https:\/\/www.holy-supps.nl\/wp-content\/uploads\/2024\/07\/wsi-imageoptim-Maximum-Whey-VI-01_5000x.webp","type":"image\/webp"}],"twitter_card":"summary_large_image","twitter_misc":{"Szacowany czas czytania":"2 minuty"},"schema":{"@context":"https:\/\/schema.org","@graph":[{"@type":"WebPage","@id":"https:\/\/www.holy-supps.nl\/product\/maximum-whey-protein-mhp-strong-2-2kg\/","url":"https:\/\/www.holy-supps.nl\/product\/maximum-whey-protein-mhp-strong-2-2kg\/","name":"Maximum Whey Protein - MHP STRONG - 2,2 kg - Holy-Supps.pl","isPartOf":{"@id":"https:\/\/www.holy-supps.nl\/#website"},"primaryImageOfPage":{"@id":"https:\/\/www.holy-supps.nl\/product\/maximum-whey-protein-mhp-strong-2-2kg\/#primaryimage"},"image":{"@id":"https:\/\/www.holy-supps.nl\/product\/maximum-whey-protein-mhp-strong-2-2kg\/#primaryimage"},"thumbnailUrl":"https:\/\/www.holy-supps.nl\/wp-content\/uploads\/2024\/07\/wsi-imageoptim-Maximum-Whey-VI-01_5000x.webp","datePublished":"2024-07-23T14:01:55+00:00","dateModified":"2026-02-20T05:46:52+00:00","description":"Zmaksymalizuj wzrost i regeneracj\u0119 mi\u0119\u015bni dzi\u0119ki Maximum Whey Protein - 2,2 kg od MHP STRONG. Zawiera wysokiej jako\u015bci bia\u0142ko dla suchej masy mi\u0119\u015bniowej i si\u0142y.","breadcrumb":{"@id":"https:\/\/www.holy-supps.nl\/product\/maximum-whey-protein-mhp-strong-2-2kg\/#breadcrumb"},"inLanguage":"pl-PL","potentialAction":[{"@type":"ReadAction","target":["https:\/\/www.holy-supps.nl\/product\/maximum-whey-protein-mhp-strong-2-2kg\/"]}]},{"@type":"ImageObject","inLanguage":"pl-PL","@id":"https:\/\/www.holy-supps.nl\/product\/maximum-whey-protein-mhp-strong-2-2kg\/#primaryimage","url":"https:\/\/www.holy-supps.nl\/wp-content\/uploads\/2024\/07\/wsi-imageoptim-Maximum-Whey-VI-01_5000x.webp","contentUrl":"https:\/\/www.holy-supps.nl\/wp-content\/uploads\/2024\/07\/wsi-imageoptim-Maximum-Whey-VI-01_5000x.webp","width":900,"height":900},{"@type":"BreadcrumbList","@id":"https:\/\/www.holy-supps.nl\/product\/maximum-whey-protein-mhp-strong-2-2kg\/#breadcrumb","itemListElement":[{"@type":"ListItem","position":1,"name":"Home","item":"https:\/\/www.holy-supps.nl\/"},{"@type":"ListItem","position":2,"name":"Winkel","item":"https:\/\/www.holy-supps.nl\/winkel\/"},{"@type":"ListItem","position":3,"name":"Maximum Whey Protein &#8211; MHP STRONG &#8211; 2.2KG"}]},{"@type":"WebSite","@id":"https:\/\/www.holy-supps.nl\/#website","url":"https:\/\/www.holy-supps.nl\/","name":"Holy-Supps.co.uk","description":"Oficjalny dystrybutor EHPLabs!","publisher":{"@id":"https:\/\/www.holy-supps.nl\/#organization"},"potentialAction":[{"@type":"SearchAction","target":{"@type":"EntryPoint","urlTemplate":"https:\/\/www.holy-supps.nl\/?s={search_term_string}"},"query-input":{"@type":"PropertyValueSpecification","valueRequired":true,"valueName":"search_term_string"}}],"inLanguage":"pl-PL"},{"@type":"Organization","@id":"https:\/\/www.holy-supps.nl\/#organization","name":"Holy Supps","url":"https:\/\/www.holy-supps.nl\/","logo":{"@type":"ImageObject","inLanguage":"pl-PL","@id":"https:\/\/www.holy-supps.nl\/#\/schema\/logo\/image\/","url":"https:\/\/www.holy-supps.nl\/wp-content\/uploads\/2023\/06\/HOLY-SUPPS.png","contentUrl":"https:\/\/www.holy-supps.nl\/wp-content\/uploads\/2023\/06\/HOLY-SUPPS.png","width":1000,"height":400,"caption":"Holy Supps"},"image":{"@id":"https:\/\/www.holy-supps.nl\/#\/schema\/logo\/image\/"},"sameAs":["https:\/\/www.facebook.com\/holy.supps","https:\/\/www.instagram.com\/holy.supps.shop\/"]}]}},"jetpack_sharing_enabled":true,"_links":{"self":[{"href":"https:\/\/www.holy-supps.nl\/pl\/wp-json\/wp\/v2\/product\/2734","targetHints":{"allow":["GET"]}}],"collection":[{"href":"https:\/\/www.holy-supps.nl\/pl\/wp-json\/wp\/v2\/product"}],"about":[{"href":"https:\/\/www.holy-supps.nl\/pl\/wp-json\/wp\/v2\/types\/product"}],"replies":[{"embeddable":true,"href":"https:\/\/www.holy-supps.nl\/pl\/wp-json\/wp\/v2\/comments?post=2734"}],"wp:featuredmedia":[{"embeddable":true,"href":"https:\/\/www.holy-supps.nl\/pl\/wp-json\/wp\/v2\/media\/2740"}],"wp:attachment":[{"href":"https:\/\/www.holy-supps.nl\/pl\/wp-json\/wp\/v2\/media?parent=2734"}],"wp:term":[{"taxonomy":"product_brand","embeddable":true,"href":"https:\/\/www.holy-supps.nl\/pl\/wp-json\/wp\/v2\/product_brand?post=2734"},{"taxonomy":"product_cat","embeddable":true,"href":"https:\/\/www.holy-supps.nl\/pl\/wp-json\/wp\/v2\/product_cat?post=2734"},{"taxonomy":"product_tag","embeddable":true,"href":"https:\/\/www.holy-supps.nl\/pl\/wp-json\/wp\/v2\/product_tag?post=2734"}],"curies":[{"name":"wp","href":"https:\/\/api.w.org\/{rel}","templated":true}]}}