{"id":23,"date":"2023-01-08T18:39:30","date_gmt":"2023-01-08T17:39:30","guid":{"rendered":"https:\/\/www.holy-supps.nl\/?post_type=product&#038;p=23"},"modified":"2026-04-05T05:05:26","modified_gmt":"2026-04-05T03:05:26","slug":"oxygreens-daily-super-greens-powder-ehplabs","status":"publish","type":"product","link":"https:\/\/www.holy-supps.nl\/pl\/product\/oxygreens-daily-super-greens-powder-ehplabs\/","title":{"rendered":"Oxygreens - Daily Super Greens Powder - EHPLabs"},"content":{"rendered":"<h2>Opis<\/h2>\n<p>EHPlabs <strong>OxyGreens Daily Super Greens Powder<\/strong> to ro\u015blinny suplement diety w postaci proszku. Zawiera mieszank\u0119 warzyw, owoc\u00f3w i b\u0142onnika i jest przeznaczony do \u0142atwego mieszania z wod\u0105 lub innym napojem. OxyGreens jest dost\u0119pny w r\u00f3\u017cnych \u015bwie\u017cych smakach i stanowi doskona\u0142e uzupe\u0142nienie zr\u00f3\u017cnicowanej diety.<\/p>\n<hr \/>\n<h2>Zalety<\/h2>\n<ul>\n<li>Mieszanka ekstrakt\u00f3w warzywnych i owocowych w postaci proszku<\/li>\n<li>Zawiera b\u0142onnik pokarmowy<\/li>\n<li>100% pochodzenia ro\u015blinnego i odpowiedni dla wegan<\/li>\n<li>\u0141atwe do zmieszania z wod\u0105 lub koktajlami<\/li>\n<li>Dost\u0119pne w r\u00f3\u017cnych smakach<\/li>\n<\/ul>\n<hr \/>\n<h2>Instrukcja obs\u0142ugi<\/h2>\n<p>Mieszaj <strong>1 miarka (ok. 7 g)<\/strong> OxyGreens nale\u017cy rozpu\u015bci\u0107 w 350\u2013400 ml wody lub doda\u0107 do smoothie.<\/p>\n<ul>\n<li>Zalecane stosowanie: <strong>1 porcja dziennie<\/strong><\/li>\n<li>Mo\u017cna przyjmowa\u0107 o dowolnej porze dnia.<\/li>\n<li>Przed u\u017cyciem dobrze wstrz\u0105sn\u0105\u0107 lub wymiesza\u0107.<\/li>\n<\/ul>","protected":false},"excerpt":{"rendered":"<p>EHPlabs OxyGreens to ro\u015blinny proszek superfood zawieraj\u0105cy mieszank\u0119 warzyw, owoc\u00f3w i b\u0142onnika. Proszek mo\u017cna \u0142atwo wymiesza\u0107 z wod\u0105 lub smoothie i jest dost\u0119pny w r\u00f3\u017cnych smakach. Praktyczny dodatek dla os\u00f3b, kt\u00f3re chc\u0105 wzbogaci\u0107 swoj\u0105 codzienn\u0105 diet\u0119.<\/p>","protected":false},"featured_media":24,"comment_status":"open","ping_status":"closed","template":"","meta":[],"product_brand":[],"product_cat":[77,72,74,84],"product_tag":[],"class_list":{"0":"post-23","1":"product","2":"type-product","3":"status-publish","4":"has-post-thumbnail","6":"product_cat-bundles-save","7":"product_cat-ehplabs","8":"product_cat-health-wellness","9":"product_cat-vegan-supplementen","11":"first","12":"instock","13":"sale","14":"taxable","15":"shipping-taxable","16":"purchasable","17":"product-type-variable"},"yoast_head":"<!-- This site is optimized with the Yoast SEO plugin v27.3 - https:\/\/yoast.com\/product\/yoast-seo-wordpress\/ -->\n<title>Oxygreens \u2013 Daily Super Greens Powder \u2013 EHPLabs - Holy-Supps.nl<\/title>\n<meta name=\"description\" content=\"Verbeter je immuniteit en spijsvertering met OxyGreens, het best smakende super greens poeder zonder bittere nasmaak. Beschikbaar in heerlijke smaken!\" \/>\n<meta name=\"robots\" content=\"index, follow, max-snippet:-1, max-image-preview:large, max-video-preview:-1\" \/>\n<link rel=\"canonical\" href=\"https:\/\/www.holy-supps.nl\/pl\/produkt\/oxygreens-daily-super-greens-powder-ehplabs\/\" \/>\n<meta property=\"og:locale\" content=\"pl_PL\" \/>\n<meta property=\"og:type\" content=\"article\" \/>\n<meta property=\"og:title\" content=\"Oxygreens \u2013 Daily Super Greens Powder \u2013 EHPLabs - Holy-Supps.nl\" \/>\n<meta property=\"og:description\" content=\"Verbeter je immuniteit en spijsvertering met OxyGreens, het best smakende super greens poeder zonder bittere nasmaak. Beschikbaar in heerlijke smaken!\" \/>\n<meta property=\"og:url\" content=\"https:\/\/www.holy-supps.nl\/pl\/produkt\/oxygreens-daily-super-greens-powder-ehplabs\/\" \/>\n<meta property=\"og:site_name\" content=\"Holy-Supps.nl\" \/>\n<meta property=\"article:publisher\" content=\"https:\/\/www.facebook.com\/holy.supps\" \/>\n<meta property=\"article:modified_time\" content=\"2026-04-05T03:05:26+00:00\" \/>\n<meta property=\"og:image\" content=\"https:\/\/www.holy-supps.nl\/wp-content\/uploads\/2023\/01\/OxyGreensProductPhotos2_1000x.webp\" \/>\n\t<meta property=\"og:image:width\" content=\"1000\" \/>\n\t<meta property=\"og:image:height\" content=\"1000\" \/>\n\t<meta property=\"og:image:type\" content=\"image\/webp\" \/>\n<meta name=\"twitter:card\" content=\"summary_large_image\" \/>\n<meta name=\"twitter:label1\" content=\"Szacowany czas czytania\" \/>\n\t<meta name=\"twitter:data1\" content=\"4 minuty\" \/>\n<script type=\"application\/ld+json\" class=\"yoast-schema-graph\">{\"@context\":\"https:\\\/\\\/schema.org\",\"@graph\":[{\"@type\":\"WebPage\",\"@id\":\"https:\\\/\\\/www.holy-supps.nl\\\/product\\\/oxygreens-daily-super-greens-powder-ehplabs\\\/\",\"url\":\"https:\\\/\\\/www.holy-supps.nl\\\/product\\\/oxygreens-daily-super-greens-powder-ehplabs\\\/\",\"name\":\"Oxygreens \u2013 Daily Super Greens Powder \u2013 EHPLabs - Holy-Supps.nl\",\"isPartOf\":{\"@id\":\"https:\\\/\\\/www.holy-supps.nl\\\/#website\"},\"primaryImageOfPage\":{\"@id\":\"https:\\\/\\\/www.holy-supps.nl\\\/product\\\/oxygreens-daily-super-greens-powder-ehplabs\\\/#primaryimage\"},\"image\":{\"@id\":\"https:\\\/\\\/www.holy-supps.nl\\\/product\\\/oxygreens-daily-super-greens-powder-ehplabs\\\/#primaryimage\"},\"thumbnailUrl\":\"https:\\\/\\\/www.holy-supps.nl\\\/wp-content\\\/uploads\\\/2023\\\/01\\\/OxyGreensProductPhotos2_1000x.webp\",\"datePublished\":\"2023-01-08T17:39:30+00:00\",\"dateModified\":\"2026-04-05T03:05:26+00:00\",\"description\":\"Verbeter je immuniteit en spijsvertering met OxyGreens, het best smakende super greens poeder zonder bittere nasmaak. Beschikbaar in heerlijke smaken!\",\"breadcrumb\":{\"@id\":\"https:\\\/\\\/www.holy-supps.nl\\\/product\\\/oxygreens-daily-super-greens-powder-ehplabs\\\/#breadcrumb\"},\"inLanguage\":\"pl-PL\",\"potentialAction\":[{\"@type\":\"ReadAction\",\"target\":[\"https:\\\/\\\/www.holy-supps.nl\\\/product\\\/oxygreens-daily-super-greens-powder-ehplabs\\\/\"]}]},{\"@type\":\"ImageObject\",\"inLanguage\":\"pl-PL\",\"@id\":\"https:\\\/\\\/www.holy-supps.nl\\\/product\\\/oxygreens-daily-super-greens-powder-ehplabs\\\/#primaryimage\",\"url\":\"https:\\\/\\\/www.holy-supps.nl\\\/wp-content\\\/uploads\\\/2023\\\/01\\\/OxyGreensProductPhotos2_1000x.webp\",\"contentUrl\":\"https:\\\/\\\/www.holy-supps.nl\\\/wp-content\\\/uploads\\\/2023\\\/01\\\/OxyGreensProductPhotos2_1000x.webp\",\"width\":1000,\"height\":1000},{\"@type\":\"BreadcrumbList\",\"@id\":\"https:\\\/\\\/www.holy-supps.nl\\\/product\\\/oxygreens-daily-super-greens-powder-ehplabs\\\/#breadcrumb\",\"itemListElement\":[{\"@type\":\"ListItem\",\"position\":1,\"name\":\"Home\",\"item\":\"https:\\\/\\\/www.holy-supps.nl\\\/\"},{\"@type\":\"ListItem\",\"position\":2,\"name\":\"Winkel\",\"item\":\"https:\\\/\\\/www.holy-supps.nl\\\/winkel\\\/\"},{\"@type\":\"ListItem\",\"position\":3,\"name\":\"Oxygreens \u2013 Daily Super Greens Powder \u2013 EHPLabs\"}]},{\"@type\":\"WebSite\",\"@id\":\"https:\\\/\\\/www.holy-supps.nl\\\/#website\",\"url\":\"https:\\\/\\\/www.holy-supps.nl\\\/\",\"name\":\"Holy-Supps.nl\",\"description\":\"Official EHPLabs Reseller!\",\"publisher\":{\"@id\":\"https:\\\/\\\/www.holy-supps.nl\\\/#organization\"},\"potentialAction\":[{\"@type\":\"SearchAction\",\"target\":{\"@type\":\"EntryPoint\",\"urlTemplate\":\"https:\\\/\\\/www.holy-supps.nl\\\/?s={search_term_string}\"},\"query-input\":{\"@type\":\"PropertyValueSpecification\",\"valueRequired\":true,\"valueName\":\"search_term_string\"}}],\"inLanguage\":\"pl-PL\"},{\"@type\":\"Organization\",\"@id\":\"https:\\\/\\\/www.holy-supps.nl\\\/#organization\",\"name\":\"Holy Supps\",\"url\":\"https:\\\/\\\/www.holy-supps.nl\\\/\",\"logo\":{\"@type\":\"ImageObject\",\"inLanguage\":\"pl-PL\",\"@id\":\"https:\\\/\\\/www.holy-supps.nl\\\/#\\\/schema\\\/logo\\\/image\\\/\",\"url\":\"https:\\\/\\\/www.holy-supps.nl\\\/wp-content\\\/uploads\\\/2023\\\/06\\\/HOLY-SUPPS.png\",\"contentUrl\":\"https:\\\/\\\/www.holy-supps.nl\\\/wp-content\\\/uploads\\\/2023\\\/06\\\/HOLY-SUPPS.png\",\"width\":1000,\"height\":400,\"caption\":\"Holy Supps\"},\"image\":{\"@id\":\"https:\\\/\\\/www.holy-supps.nl\\\/#\\\/schema\\\/logo\\\/image\\\/\"},\"sameAs\":[\"https:\\\/\\\/www.facebook.com\\\/holy.supps\",\"https:\\\/\\\/www.instagram.com\\\/holy.supps.shop\\\/\"]}]}<\/script>\n<!-- \/ Yoast SEO plugin. -->","yoast_head_json":{"title":"Oxygreens - Daily Super Greens Powder - EHPLabs - Holy-Supps.pl","description":"Popraw swoj\u0105 odporno\u015b\u0107 i trawienie z OxyGreens, najlepiej smakuj\u0105cym super zielonym proszkiem bez gorzkiego posmaku. Dost\u0119pny w pysznych smakach!","robots":{"index":"index","follow":"follow","max-snippet":"max-snippet:-1","max-image-preview":"max-image-preview:large","max-video-preview":"max-video-preview:-1"},"canonical":"https:\/\/www.holy-supps.nl\/pl\/produkt\/oxygreens-daily-super-greens-powder-ehplabs\/","og_locale":"pl_PL","og_type":"article","og_title":"Oxygreens \u2013 Daily Super Greens Powder \u2013 EHPLabs - Holy-Supps.nl","og_description":"Verbeter je immuniteit en spijsvertering met OxyGreens, het best smakende super greens poeder zonder bittere nasmaak. Beschikbaar in heerlijke smaken!","og_url":"https:\/\/www.holy-supps.nl\/pl\/produkt\/oxygreens-daily-super-greens-powder-ehplabs\/","og_site_name":"Holy-Supps.nl","article_publisher":"https:\/\/www.facebook.com\/holy.supps","article_modified_time":"2026-04-05T03:05:26+00:00","og_image":[{"width":1000,"height":1000,"url":"https:\/\/www.holy-supps.nl\/wp-content\/uploads\/2023\/01\/OxyGreensProductPhotos2_1000x.webp","type":"image\/webp"}],"twitter_card":"summary_large_image","twitter_misc":{"Szacowany czas czytania":"4 minuty"},"schema":{"@context":"https:\/\/schema.org","@graph":[{"@type":"WebPage","@id":"https:\/\/www.holy-supps.nl\/product\/oxygreens-daily-super-greens-powder-ehplabs\/","url":"https:\/\/www.holy-supps.nl\/product\/oxygreens-daily-super-greens-powder-ehplabs\/","name":"Oxygreens - Daily Super Greens Powder - EHPLabs - Holy-Supps.pl","isPartOf":{"@id":"https:\/\/www.holy-supps.nl\/#website"},"primaryImageOfPage":{"@id":"https:\/\/www.holy-supps.nl\/product\/oxygreens-daily-super-greens-powder-ehplabs\/#primaryimage"},"image":{"@id":"https:\/\/www.holy-supps.nl\/product\/oxygreens-daily-super-greens-powder-ehplabs\/#primaryimage"},"thumbnailUrl":"https:\/\/www.holy-supps.nl\/wp-content\/uploads\/2023\/01\/OxyGreensProductPhotos2_1000x.webp","datePublished":"2023-01-08T17:39:30+00:00","dateModified":"2026-04-05T03:05:26+00:00","description":"Popraw swoj\u0105 odporno\u015b\u0107 i trawienie z OxyGreens, najlepiej smakuj\u0105cym super zielonym proszkiem bez gorzkiego posmaku. Dost\u0119pny w pysznych smakach!","breadcrumb":{"@id":"https:\/\/www.holy-supps.nl\/product\/oxygreens-daily-super-greens-powder-ehplabs\/#breadcrumb"},"inLanguage":"pl-PL","potentialAction":[{"@type":"ReadAction","target":["https:\/\/www.holy-supps.nl\/product\/oxygreens-daily-super-greens-powder-ehplabs\/"]}]},{"@type":"ImageObject","inLanguage":"pl-PL","@id":"https:\/\/www.holy-supps.nl\/product\/oxygreens-daily-super-greens-powder-ehplabs\/#primaryimage","url":"https:\/\/www.holy-supps.nl\/wp-content\/uploads\/2023\/01\/OxyGreensProductPhotos2_1000x.webp","contentUrl":"https:\/\/www.holy-supps.nl\/wp-content\/uploads\/2023\/01\/OxyGreensProductPhotos2_1000x.webp","width":1000,"height":1000},{"@type":"BreadcrumbList","@id":"https:\/\/www.holy-supps.nl\/product\/oxygreens-daily-super-greens-powder-ehplabs\/#breadcrumb","itemListElement":[{"@type":"ListItem","position":1,"name":"Home","item":"https:\/\/www.holy-supps.nl\/"},{"@type":"ListItem","position":2,"name":"Winkel","item":"https:\/\/www.holy-supps.nl\/winkel\/"},{"@type":"ListItem","position":3,"name":"Oxygreens \u2013 Daily Super Greens Powder \u2013 EHPLabs"}]},{"@type":"WebSite","@id":"https:\/\/www.holy-supps.nl\/#website","url":"https:\/\/www.holy-supps.nl\/","name":"Holy-Supps.co.uk","description":"Oficjalny dystrybutor EHPLabs!","publisher":{"@id":"https:\/\/www.holy-supps.nl\/#organization"},"potentialAction":[{"@type":"SearchAction","target":{"@type":"EntryPoint","urlTemplate":"https:\/\/www.holy-supps.nl\/?s={search_term_string}"},"query-input":{"@type":"PropertyValueSpecification","valueRequired":true,"valueName":"search_term_string"}}],"inLanguage":"pl-PL"},{"@type":"Organization","@id":"https:\/\/www.holy-supps.nl\/#organization","name":"Holy Supps","url":"https:\/\/www.holy-supps.nl\/","logo":{"@type":"ImageObject","inLanguage":"pl-PL","@id":"https:\/\/www.holy-supps.nl\/#\/schema\/logo\/image\/","url":"https:\/\/www.holy-supps.nl\/wp-content\/uploads\/2023\/06\/HOLY-SUPPS.png","contentUrl":"https:\/\/www.holy-supps.nl\/wp-content\/uploads\/2023\/06\/HOLY-SUPPS.png","width":1000,"height":400,"caption":"Holy Supps"},"image":{"@id":"https:\/\/www.holy-supps.nl\/#\/schema\/logo\/image\/"},"sameAs":["https:\/\/www.facebook.com\/holy.supps","https:\/\/www.instagram.com\/holy.supps.shop\/"]}]}},"jetpack_sharing_enabled":true,"_links":{"self":[{"href":"https:\/\/www.holy-supps.nl\/pl\/wp-json\/wp\/v2\/product\/23","targetHints":{"allow":["GET"]}}],"collection":[{"href":"https:\/\/www.holy-supps.nl\/pl\/wp-json\/wp\/v2\/product"}],"about":[{"href":"https:\/\/www.holy-supps.nl\/pl\/wp-json\/wp\/v2\/types\/product"}],"replies":[{"embeddable":true,"href":"https:\/\/www.holy-supps.nl\/pl\/wp-json\/wp\/v2\/comments?post=23"}],"wp:featuredmedia":[{"embeddable":true,"href":"https:\/\/www.holy-supps.nl\/pl\/wp-json\/wp\/v2\/media\/24"}],"wp:attachment":[{"href":"https:\/\/www.holy-supps.nl\/pl\/wp-json\/wp\/v2\/media?parent=23"}],"wp:term":[{"taxonomy":"product_brand","embeddable":true,"href":"https:\/\/www.holy-supps.nl\/pl\/wp-json\/wp\/v2\/product_brand?post=23"},{"taxonomy":"product_cat","embeddable":true,"href":"https:\/\/www.holy-supps.nl\/pl\/wp-json\/wp\/v2\/product_cat?post=23"},{"taxonomy":"product_tag","embeddable":true,"href":"https:\/\/www.holy-supps.nl\/pl\/wp-json\/wp\/v2\/product_tag?post=23"}],"curies":[{"name":"wp","href":"https:\/\/api.w.org\/{rel}","templated":true}]}}