{"id":2034,"date":"2024-02-15T11:11:47","date_gmt":"2024-02-15T10:11:47","guid":{"rendered":"https:\/\/www.holy-supps.nl\/?post_type=product&#038;p=2034"},"modified":"2025-10-22T10:58:10","modified_gmt":"2025-10-22T08:58:10","slug":"arriba-nutrition-spalacz-tluszczu","status":"publish","type":"product","link":"https:\/\/www.holy-supps.nl\/pl\/product\/arriba-nutrition-fat-burner\/","title":{"rendered":"Arriba Nutrition - Spalacz t\u0142uszczu"},"content":{"rendered":"<h2 data-start=\"111\" data-end=\"134\"><strong data-start=\"111\" data-end=\"132\">Palnik Arriba<\/strong><\/h2>\n<p data-start=\"136\" data-end=\"186\">Arriba Burner to aromatyzowana mieszanka napoj\u00f3w.<\/p>\n<p data-start=\"188\" data-end=\"342\"><strong data-start=\"188\" data-end=\"215\">Opis (neutralny)<\/strong><br data-start=\"215\" data-end=\"218\" \/>Ta mieszanka jest przeznaczona jako smaczny nap\u00f3j lub przek\u0105ska. Instrukcje dotycz\u0105ce dawkowania i przygotowania znajduj\u0105 si\u0119 na etykiecie.<\/p>\n<p data-start=\"344\" data-end=\"365\"><strong data-start=\"344\" data-end=\"354\">Tre\u015b\u0107<\/strong><br data-start=\"354\" data-end=\"357\" \/>300 gram\u00f3w<\/p>\n<p data-start=\"367\" data-end=\"611\"><strong data-start=\"367\" data-end=\"383\">Sk\u0142adniki<\/strong><br data-start=\"383\" data-end=\"386\" \/>Maltodekstryna, L-tyrozyna, naturalny aromat, L-karnityna, kwas spo\u017cywczy: kwas cytrynowy, ekstrakt z zielonej herbaty, barwnik: czerwie\u0144 buraczana, dwuwinian choliny, kofeina bezwodna, substancja s\u0142odz\u0105ca: sukraloza, ekstrakt z guarany, ekstrakt z czarnego pieprzu.<\/p>\n<p data-start=\"613\" data-end=\"706\"><strong data-start=\"613\" data-end=\"645\">Zalecane dzienne u\u017cycie<\/strong><br data-start=\"645\" data-end=\"648\" \/>Zmieszaj 7 g Arriba Burner Watermelon z 250 ml wody.<\/p>\n<p data-start=\"708\" data-end=\"897\"><strong data-start=\"708\" data-end=\"724\">Porady dotycz\u0105ce przechowywania<\/strong><br data-start=\"724\" data-end=\"727\" \/>Przechowywa\u0107 w ch\u0142odnym, suchym miejscu, niedost\u0119pnym dla ma\u0142ych dzieci. Po otwarciu maj\u0105 ograniczony okres trwa\u0142o\u015bci. Termin przydatno\u015bci do spo\u017cycia i kod partii: patrz sp\u00f3d opakowania.<\/p>","protected":false},"excerpt":{"rendered":"<ul>\n<li>Zawiera czarny pieprz, guaran\u0119 i ekstrakt z zielonej herbaty<\/li>\n<li>Szybkie i \u0142atwe w przygotowaniu<\/li>\n<li>Niska zawarto\u015b\u0107 cukru i t\u0142uszczu<\/li>\n<li>Nie zawiera sztucznych barwnik\u00f3w<\/li>\n<\/ul>","protected":false},"featured_media":2042,"comment_status":"open","ping_status":"closed","template":"","meta":[],"product_brand":[],"product_cat":[89,222,87,69],"product_tag":[],"class_list":{"0":"post-2034","1":"product","2":"type-product","3":"status-publish","4":"has-post-thumbnail","6":"product_cat-afvallen","7":"product_cat-arriba-nutrition","8":"product_cat-energie-focus","9":"product_cat-fatburners","11":"first","12":"outofstock","13":"taxable","14":"shipping-taxable","15":"purchasable","16":"product-type-variable"},"yoast_head":"<!-- This site is optimized with the Yoast SEO plugin v27.4 - https:\/\/yoast.com\/product\/yoast-seo-wordpress\/ -->\n<title>Arriba Nutrition - Fat Burner - Holy-Supps.nl<\/title>\n<meta name=\"description\" content=\"Arriba Nutrition Fat Burner: Verhoog je energie, versneld je spijsvertering en stil je hongergevoel. 7g per portie, ideaal voor voor of na je training!\" \/>\n<meta name=\"robots\" content=\"index, follow, max-snippet:-1, max-image-preview:large, max-video-preview:-1\" \/>\n<link rel=\"canonical\" href=\"https:\/\/www.holy-supps.nl\/pl\/produkt\/arriba-nutrition-spalacz-tluszczu\/\" \/>\n<meta property=\"og:locale\" content=\"pl_PL\" \/>\n<meta property=\"og:type\" content=\"article\" \/>\n<meta property=\"og:title\" content=\"Arriba Nutrition - Fat Burner - Holy-Supps.nl\" \/>\n<meta property=\"og:description\" content=\"Arriba Nutrition Fat Burner: Verhoog je energie, versneld je spijsvertering en stil je hongergevoel. 7g per portie, ideaal voor voor of na je training!\" \/>\n<meta property=\"og:url\" content=\"https:\/\/www.holy-supps.nl\/pl\/produkt\/arriba-nutrition-spalacz-tluszczu\/\" \/>\n<meta property=\"og:site_name\" content=\"Holy-Supps.nl\" \/>\n<meta property=\"article:publisher\" content=\"https:\/\/www.facebook.com\/holy.supps\" \/>\n<meta property=\"article:modified_time\" content=\"2025-10-22T08:58:10+00:00\" \/>\n<meta property=\"og:image\" content=\"https:\/\/www.holy-supps.nl\/wp-content\/uploads\/2024\/02\/Arriba-Fat_burner-Watermelon-web-v2.png\" \/>\n\t<meta property=\"og:image:width\" content=\"1033\" \/>\n\t<meta property=\"og:image:height\" content=\"1092\" \/>\n\t<meta property=\"og:image:type\" content=\"image\/png\" \/>\n<meta name=\"twitter:card\" content=\"summary_large_image\" \/>\n<meta name=\"twitter:label1\" content=\"Szacowany czas czytania\" \/>\n\t<meta name=\"twitter:data1\" content=\"1 minuta\" \/>\n<script type=\"application\/ld+json\" class=\"yoast-schema-graph\">{\"@context\":\"https:\\\/\\\/schema.org\",\"@graph\":[{\"@type\":\"WebPage\",\"@id\":\"https:\\\/\\\/www.holy-supps.nl\\\/product\\\/arriba-nutrition-fat-burner\\\/\",\"url\":\"https:\\\/\\\/www.holy-supps.nl\\\/product\\\/arriba-nutrition-fat-burner\\\/\",\"name\":\"Arriba Nutrition - Fat Burner - Holy-Supps.nl\",\"isPartOf\":{\"@id\":\"https:\\\/\\\/www.holy-supps.nl\\\/#website\"},\"primaryImageOfPage\":{\"@id\":\"https:\\\/\\\/www.holy-supps.nl\\\/product\\\/arriba-nutrition-fat-burner\\\/#primaryimage\"},\"image\":{\"@id\":\"https:\\\/\\\/www.holy-supps.nl\\\/product\\\/arriba-nutrition-fat-burner\\\/#primaryimage\"},\"thumbnailUrl\":\"https:\\\/\\\/www.holy-supps.nl\\\/wp-content\\\/uploads\\\/2024\\\/02\\\/Arriba-Fat_burner-Watermelon-web-v2.png\",\"datePublished\":\"2024-02-15T10:11:47+00:00\",\"dateModified\":\"2025-10-22T08:58:10+00:00\",\"description\":\"Arriba Nutrition Fat Burner: Verhoog je energie, versneld je spijsvertering en stil je hongergevoel. 7g per portie, ideaal voor voor of na je training!\",\"breadcrumb\":{\"@id\":\"https:\\\/\\\/www.holy-supps.nl\\\/product\\\/arriba-nutrition-fat-burner\\\/#breadcrumb\"},\"inLanguage\":\"pl-PL\",\"potentialAction\":[{\"@type\":\"ReadAction\",\"target\":[\"https:\\\/\\\/www.holy-supps.nl\\\/product\\\/arriba-nutrition-fat-burner\\\/\"]}]},{\"@type\":\"ImageObject\",\"inLanguage\":\"pl-PL\",\"@id\":\"https:\\\/\\\/www.holy-supps.nl\\\/product\\\/arriba-nutrition-fat-burner\\\/#primaryimage\",\"url\":\"https:\\\/\\\/www.holy-supps.nl\\\/wp-content\\\/uploads\\\/2024\\\/02\\\/Arriba-Fat_burner-Watermelon-web-v2.png\",\"contentUrl\":\"https:\\\/\\\/www.holy-supps.nl\\\/wp-content\\\/uploads\\\/2024\\\/02\\\/Arriba-Fat_burner-Watermelon-web-v2.png\",\"width\":1033,\"height\":1092},{\"@type\":\"BreadcrumbList\",\"@id\":\"https:\\\/\\\/www.holy-supps.nl\\\/product\\\/arriba-nutrition-fat-burner\\\/#breadcrumb\",\"itemListElement\":[{\"@type\":\"ListItem\",\"position\":1,\"name\":\"Home\",\"item\":\"https:\\\/\\\/www.holy-supps.nl\\\/\"},{\"@type\":\"ListItem\",\"position\":2,\"name\":\"Winkel\",\"item\":\"https:\\\/\\\/www.holy-supps.nl\\\/winkel\\\/\"},{\"@type\":\"ListItem\",\"position\":3,\"name\":\"Arriba Nutrition &#8211; Fat Burner\"}]},{\"@type\":\"WebSite\",\"@id\":\"https:\\\/\\\/www.holy-supps.nl\\\/#website\",\"url\":\"https:\\\/\\\/www.holy-supps.nl\\\/\",\"name\":\"Holy-Supps.nl\",\"description\":\"Official EHPLabs Reseller!\",\"publisher\":{\"@id\":\"https:\\\/\\\/www.holy-supps.nl\\\/#organization\"},\"potentialAction\":[{\"@type\":\"SearchAction\",\"target\":{\"@type\":\"EntryPoint\",\"urlTemplate\":\"https:\\\/\\\/www.holy-supps.nl\\\/?s={search_term_string}\"},\"query-input\":{\"@type\":\"PropertyValueSpecification\",\"valueRequired\":true,\"valueName\":\"search_term_string\"}}],\"inLanguage\":\"pl-PL\"},{\"@type\":\"Organization\",\"@id\":\"https:\\\/\\\/www.holy-supps.nl\\\/#organization\",\"name\":\"Holy Supps\",\"url\":\"https:\\\/\\\/www.holy-supps.nl\\\/\",\"logo\":{\"@type\":\"ImageObject\",\"inLanguage\":\"pl-PL\",\"@id\":\"https:\\\/\\\/www.holy-supps.nl\\\/#\\\/schema\\\/logo\\\/image\\\/\",\"url\":\"https:\\\/\\\/www.holy-supps.nl\\\/wp-content\\\/uploads\\\/2023\\\/06\\\/HOLY-SUPPS.png\",\"contentUrl\":\"https:\\\/\\\/www.holy-supps.nl\\\/wp-content\\\/uploads\\\/2023\\\/06\\\/HOLY-SUPPS.png\",\"width\":1000,\"height\":400,\"caption\":\"Holy Supps\"},\"image\":{\"@id\":\"https:\\\/\\\/www.holy-supps.nl\\\/#\\\/schema\\\/logo\\\/image\\\/\"},\"sameAs\":[\"https:\\\/\\\/www.facebook.com\\\/holy.supps\",\"https:\\\/\\\/www.instagram.com\\\/holy.supps.shop\\\/\"]}]}<\/script>\n<!-- \/ Yoast SEO plugin. -->","yoast_head_json":{"title":"Arriba Nutrition - Spalacz t\u0142uszczu - Holy-Supps.pl","description":"Arriba Nutrition Fat Burner: Zwi\u0119ksza energi\u0119, przyspiesza trawienie i \u0142agodzi napady g\u0142odu. 7 g na porcj\u0119, idealny przed lub po treningu!","robots":{"index":"index","follow":"follow","max-snippet":"max-snippet:-1","max-image-preview":"max-image-preview:large","max-video-preview":"max-video-preview:-1"},"canonical":"https:\/\/www.holy-supps.nl\/pl\/produkt\/arriba-nutrition-spalacz-tluszczu\/","og_locale":"pl_PL","og_type":"article","og_title":"Arriba Nutrition - Fat Burner - Holy-Supps.nl","og_description":"Arriba Nutrition Fat Burner: Verhoog je energie, versneld je spijsvertering en stil je hongergevoel. 7g per portie, ideaal voor voor of na je training!","og_url":"https:\/\/www.holy-supps.nl\/pl\/produkt\/arriba-nutrition-spalacz-tluszczu\/","og_site_name":"Holy-Supps.nl","article_publisher":"https:\/\/www.facebook.com\/holy.supps","article_modified_time":"2025-10-22T08:58:10+00:00","og_image":[{"width":1033,"height":1092,"url":"https:\/\/www.holy-supps.nl\/wp-content\/uploads\/2024\/02\/Arriba-Fat_burner-Watermelon-web-v2.png","type":"image\/png"}],"twitter_card":"summary_large_image","twitter_misc":{"Szacowany czas czytania":"1 minuta"},"schema":{"@context":"https:\/\/schema.org","@graph":[{"@type":"WebPage","@id":"https:\/\/www.holy-supps.nl\/product\/arriba-nutrition-fat-burner\/","url":"https:\/\/www.holy-supps.nl\/product\/arriba-nutrition-fat-burner\/","name":"Arriba Nutrition - Spalacz t\u0142uszczu - Holy-Supps.pl","isPartOf":{"@id":"https:\/\/www.holy-supps.nl\/#website"},"primaryImageOfPage":{"@id":"https:\/\/www.holy-supps.nl\/product\/arriba-nutrition-fat-burner\/#primaryimage"},"image":{"@id":"https:\/\/www.holy-supps.nl\/product\/arriba-nutrition-fat-burner\/#primaryimage"},"thumbnailUrl":"https:\/\/www.holy-supps.nl\/wp-content\/uploads\/2024\/02\/Arriba-Fat_burner-Watermelon-web-v2.png","datePublished":"2024-02-15T10:11:47+00:00","dateModified":"2025-10-22T08:58:10+00:00","description":"Arriba Nutrition Fat Burner: Zwi\u0119ksza energi\u0119, przyspiesza trawienie i \u0142agodzi napady g\u0142odu. 7 g na porcj\u0119, idealny przed lub po treningu!","breadcrumb":{"@id":"https:\/\/www.holy-supps.nl\/product\/arriba-nutrition-fat-burner\/#breadcrumb"},"inLanguage":"pl-PL","potentialAction":[{"@type":"ReadAction","target":["https:\/\/www.holy-supps.nl\/product\/arriba-nutrition-fat-burner\/"]}]},{"@type":"ImageObject","inLanguage":"pl-PL","@id":"https:\/\/www.holy-supps.nl\/product\/arriba-nutrition-fat-burner\/#primaryimage","url":"https:\/\/www.holy-supps.nl\/wp-content\/uploads\/2024\/02\/Arriba-Fat_burner-Watermelon-web-v2.png","contentUrl":"https:\/\/www.holy-supps.nl\/wp-content\/uploads\/2024\/02\/Arriba-Fat_burner-Watermelon-web-v2.png","width":1033,"height":1092},{"@type":"BreadcrumbList","@id":"https:\/\/www.holy-supps.nl\/product\/arriba-nutrition-fat-burner\/#breadcrumb","itemListElement":[{"@type":"ListItem","position":1,"name":"Home","item":"https:\/\/www.holy-supps.nl\/"},{"@type":"ListItem","position":2,"name":"Winkel","item":"https:\/\/www.holy-supps.nl\/winkel\/"},{"@type":"ListItem","position":3,"name":"Arriba Nutrition &#8211; Fat Burner"}]},{"@type":"WebSite","@id":"https:\/\/www.holy-supps.nl\/#website","url":"https:\/\/www.holy-supps.nl\/","name":"Holy-Supps.co.uk","description":"Oficjalny dystrybutor EHPLabs!","publisher":{"@id":"https:\/\/www.holy-supps.nl\/#organization"},"potentialAction":[{"@type":"SearchAction","target":{"@type":"EntryPoint","urlTemplate":"https:\/\/www.holy-supps.nl\/?s={search_term_string}"},"query-input":{"@type":"PropertyValueSpecification","valueRequired":true,"valueName":"search_term_string"}}],"inLanguage":"pl-PL"},{"@type":"Organization","@id":"https:\/\/www.holy-supps.nl\/#organization","name":"Holy Supps","url":"https:\/\/www.holy-supps.nl\/","logo":{"@type":"ImageObject","inLanguage":"pl-PL","@id":"https:\/\/www.holy-supps.nl\/#\/schema\/logo\/image\/","url":"https:\/\/www.holy-supps.nl\/wp-content\/uploads\/2023\/06\/HOLY-SUPPS.png","contentUrl":"https:\/\/www.holy-supps.nl\/wp-content\/uploads\/2023\/06\/HOLY-SUPPS.png","width":1000,"height":400,"caption":"Holy Supps"},"image":{"@id":"https:\/\/www.holy-supps.nl\/#\/schema\/logo\/image\/"},"sameAs":["https:\/\/www.facebook.com\/holy.supps","https:\/\/www.instagram.com\/holy.supps.shop\/"]}]}},"jetpack_sharing_enabled":true,"_links":{"self":[{"href":"https:\/\/www.holy-supps.nl\/pl\/wp-json\/wp\/v2\/product\/2034","targetHints":{"allow":["GET"]}}],"collection":[{"href":"https:\/\/www.holy-supps.nl\/pl\/wp-json\/wp\/v2\/product"}],"about":[{"href":"https:\/\/www.holy-supps.nl\/pl\/wp-json\/wp\/v2\/types\/product"}],"replies":[{"embeddable":true,"href":"https:\/\/www.holy-supps.nl\/pl\/wp-json\/wp\/v2\/comments?post=2034"}],"wp:featuredmedia":[{"embeddable":true,"href":"https:\/\/www.holy-supps.nl\/pl\/wp-json\/wp\/v2\/media\/2042"}],"wp:attachment":[{"href":"https:\/\/www.holy-supps.nl\/pl\/wp-json\/wp\/v2\/media?parent=2034"}],"wp:term":[{"taxonomy":"product_brand","embeddable":true,"href":"https:\/\/www.holy-supps.nl\/pl\/wp-json\/wp\/v2\/product_brand?post=2034"},{"taxonomy":"product_cat","embeddable":true,"href":"https:\/\/www.holy-supps.nl\/pl\/wp-json\/wp\/v2\/product_cat?post=2034"},{"taxonomy":"product_tag","embeddable":true,"href":"https:\/\/www.holy-supps.nl\/pl\/wp-json\/wp\/v2\/product_tag?post=2034"}],"curies":[{"name":"wp","href":"https:\/\/api.w.org\/{rel}","templated":true}]}}