{"id":2020,"date":"2024-02-15T10:56:55","date_gmt":"2024-02-15T09:56:55","guid":{"rendered":"https:\/\/www.holy-supps.nl\/?post_type=product&#038;p=2020"},"modified":"2025-11-11T22:24:46","modified_gmt":"2025-11-11T21:24:46","slug":"arriba-nutrition-bialko-serwatkowe","status":"publish","type":"product","link":"https:\/\/www.holy-supps.nl\/pl\/product\/arriba-nutrition-whey-protein\/","title":{"rendered":"Arriba Nutrition - Bia\u0142ko serwatkowe"},"content":{"rendered":"<p>Nasz Arriba Whey Protein Concentrate jest wykonany z wysokiej jako\u015bci bia\u0142ka serwatkowego z 24 gramami bia\u0142ka na porcj\u0119. Ten shake zawiera wszystkie dziewi\u0119\u0107 niezb\u0119dnych aminokwas\u00f3w i jest wygodnym dodatkiem do aktywnej diety.<\/p>\n<h1>Tre\u015b\u0107<\/h1>\n<p>1000 GRAM<\/p>\n<h1>Sk\u0142adniki<\/h1>\n<p>Koncentrat bia\u0142ka serwatkowego (MLEKO), naturalny aromat, substancja zag\u0119szczaj\u0105ca: guma ksantanowa, lecytyna s\u0142onecznikowa, wanilina, substancja s\u0142odz\u0105ca: sukraloza.<\/p>\n<h1>Zalecane dzienne u\u017cycie<\/h1>\n<p>Wymiesza\u0107 30 g (ok. 1 miark\u0119) Arriba Whey Protein Vanilla z 250 ml wody lub mleka.<\/p>\n<h1>Alergeny<\/h1>\n<p>Ten produkt zawiera mleko. Mo\u017ce zawiera\u0107 \u015bladowe ilo\u015bci soi, glutenu, jaj i ryb.<\/p>\n<h1>Porady dotycz\u0105ce przechowywania<\/h1>\n<p>Przechowywa\u0107 w ch\u0142odnym, suchym miejscu, niedost\u0119pnym dla ma\u0142ych dzieci. Po otwarciu maj\u0105 ograniczony okres trwa\u0142o\u015bci. Termin przydatno\u015bci do spo\u017cycia i kod partii: patrz sp\u00f3d opakowania.<\/p>","protected":false},"excerpt":{"rendered":"<ul>\n<li>Wysokiej jako\u015bci mieszanka bia\u0142ek izolatu 50%<\/li>\n<li>24 g wysokiej jako\u015bci bia\u0142ka na porcj\u0119<\/li>\n<li>5 g naturalnie wyst\u0119puj\u0105cych aminokwas\u00f3w BCAA w porcji<\/li>\n<li>Niska zawarto\u015b\u0107 cukru i t\u0142uszczu<\/li>\n<\/ul>","protected":false},"featured_media":3107,"comment_status":"open","ping_status":"closed","template":"","meta":[],"product_brand":[],"product_cat":[86,89,222,67],"product_tag":[],"class_list":{"0":"post-2020","1":"product","2":"type-product","3":"status-publish","4":"has-post-thumbnail","6":"product_cat-aankomen","7":"product_cat-afvallen","8":"product_cat-arriba-nutrition","9":"product_cat-eiwitten-proteine","11":"first","12":"outofstock","13":"taxable","14":"shipping-taxable","15":"purchasable","16":"product-type-variable"},"yoast_head":"<!-- This site is optimized with the Yoast SEO plugin v27.4 - https:\/\/yoast.com\/product\/yoast-seo-wordpress\/ -->\n<title>Arriba Nutrition - Whey Protein - Holy-Supps.nl<\/title>\n<meta name=\"description\" content=\"Arriba Whey Protein Concentrate: 24g eiwitten per portie voor spiergroei en herstel. Ideaal voor na de training. Verhoog je spiermassa met hoogwaardige whey!\" \/>\n<meta name=\"robots\" content=\"index, follow, max-snippet:-1, max-image-preview:large, max-video-preview:-1\" \/>\n<link rel=\"canonical\" href=\"https:\/\/www.holy-supps.nl\/pl\/produkt\/arriba-nutrition-bialko-serwatkowe\/\" \/>\n<meta property=\"og:locale\" content=\"pl_PL\" \/>\n<meta property=\"og:type\" content=\"article\" \/>\n<meta property=\"og:title\" content=\"Arriba Nutrition - Whey Protein - Holy-Supps.nl\" \/>\n<meta property=\"og:description\" content=\"Arriba Whey Protein Concentrate: 24g eiwitten per portie voor spiergroei en herstel. Ideaal voor na de training. Verhoog je spiermassa met hoogwaardige whey!\" \/>\n<meta property=\"og:url\" content=\"https:\/\/www.holy-supps.nl\/pl\/produkt\/arriba-nutrition-bialko-serwatkowe\/\" \/>\n<meta property=\"og:site_name\" content=\"Holy-Supps.nl\" \/>\n<meta property=\"article:publisher\" content=\"https:\/\/www.facebook.com\/holy.supps\" \/>\n<meta property=\"article:modified_time\" content=\"2025-11-11T21:24:46+00:00\" \/>\n<meta property=\"og:image\" content=\"https:\/\/www.holy-supps.nl\/wp-content\/uploads\/2024\/02\/WHEY-ISOLATE_aangepast-1.png\" \/>\n\t<meta property=\"og:image:width\" content=\"1149\" \/>\n\t<meta property=\"og:image:height\" content=\"1249\" \/>\n\t<meta property=\"og:image:type\" content=\"image\/png\" \/>\n<meta name=\"twitter:card\" content=\"summary_large_image\" \/>\n<meta name=\"twitter:label1\" content=\"Szacowany czas czytania\" \/>\n\t<meta name=\"twitter:data1\" content=\"1 minuta\" \/>\n<script type=\"application\/ld+json\" class=\"yoast-schema-graph\">{\"@context\":\"https:\\\/\\\/schema.org\",\"@graph\":[{\"@type\":\"WebPage\",\"@id\":\"https:\\\/\\\/www.holy-supps.nl\\\/product\\\/arriba-nutrition-whey-protein\\\/\",\"url\":\"https:\\\/\\\/www.holy-supps.nl\\\/product\\\/arriba-nutrition-whey-protein\\\/\",\"name\":\"Arriba Nutrition - Whey Protein - Holy-Supps.nl\",\"isPartOf\":{\"@id\":\"https:\\\/\\\/www.holy-supps.nl\\\/#website\"},\"primaryImageOfPage\":{\"@id\":\"https:\\\/\\\/www.holy-supps.nl\\\/product\\\/arriba-nutrition-whey-protein\\\/#primaryimage\"},\"image\":{\"@id\":\"https:\\\/\\\/www.holy-supps.nl\\\/product\\\/arriba-nutrition-whey-protein\\\/#primaryimage\"},\"thumbnailUrl\":\"https:\\\/\\\/www.holy-supps.nl\\\/wp-content\\\/uploads\\\/2024\\\/02\\\/WHEY-ISOLATE_aangepast-1.png\",\"datePublished\":\"2024-02-15T09:56:55+00:00\",\"dateModified\":\"2025-11-11T21:24:46+00:00\",\"description\":\"Arriba Whey Protein Concentrate: 24g eiwitten per portie voor spiergroei en herstel. Ideaal voor na de training. Verhoog je spiermassa met hoogwaardige whey!\",\"breadcrumb\":{\"@id\":\"https:\\\/\\\/www.holy-supps.nl\\\/product\\\/arriba-nutrition-whey-protein\\\/#breadcrumb\"},\"inLanguage\":\"pl-PL\",\"potentialAction\":[{\"@type\":\"ReadAction\",\"target\":[\"https:\\\/\\\/www.holy-supps.nl\\\/product\\\/arriba-nutrition-whey-protein\\\/\"]}]},{\"@type\":\"ImageObject\",\"inLanguage\":\"pl-PL\",\"@id\":\"https:\\\/\\\/www.holy-supps.nl\\\/product\\\/arriba-nutrition-whey-protein\\\/#primaryimage\",\"url\":\"https:\\\/\\\/www.holy-supps.nl\\\/wp-content\\\/uploads\\\/2024\\\/02\\\/WHEY-ISOLATE_aangepast-1.png\",\"contentUrl\":\"https:\\\/\\\/www.holy-supps.nl\\\/wp-content\\\/uploads\\\/2024\\\/02\\\/WHEY-ISOLATE_aangepast-1.png\",\"width\":1149,\"height\":1249},{\"@type\":\"BreadcrumbList\",\"@id\":\"https:\\\/\\\/www.holy-supps.nl\\\/product\\\/arriba-nutrition-whey-protein\\\/#breadcrumb\",\"itemListElement\":[{\"@type\":\"ListItem\",\"position\":1,\"name\":\"Home\",\"item\":\"https:\\\/\\\/www.holy-supps.nl\\\/\"},{\"@type\":\"ListItem\",\"position\":2,\"name\":\"Winkel\",\"item\":\"https:\\\/\\\/www.holy-supps.nl\\\/winkel\\\/\"},{\"@type\":\"ListItem\",\"position\":3,\"name\":\"Arriba Nutrition &#8211; Whey Protein\"}]},{\"@type\":\"WebSite\",\"@id\":\"https:\\\/\\\/www.holy-supps.nl\\\/#website\",\"url\":\"https:\\\/\\\/www.holy-supps.nl\\\/\",\"name\":\"Holy-Supps.nl\",\"description\":\"Official EHPLabs Reseller!\",\"publisher\":{\"@id\":\"https:\\\/\\\/www.holy-supps.nl\\\/#organization\"},\"potentialAction\":[{\"@type\":\"SearchAction\",\"target\":{\"@type\":\"EntryPoint\",\"urlTemplate\":\"https:\\\/\\\/www.holy-supps.nl\\\/?s={search_term_string}\"},\"query-input\":{\"@type\":\"PropertyValueSpecification\",\"valueRequired\":true,\"valueName\":\"search_term_string\"}}],\"inLanguage\":\"pl-PL\"},{\"@type\":\"Organization\",\"@id\":\"https:\\\/\\\/www.holy-supps.nl\\\/#organization\",\"name\":\"Holy Supps\",\"url\":\"https:\\\/\\\/www.holy-supps.nl\\\/\",\"logo\":{\"@type\":\"ImageObject\",\"inLanguage\":\"pl-PL\",\"@id\":\"https:\\\/\\\/www.holy-supps.nl\\\/#\\\/schema\\\/logo\\\/image\\\/\",\"url\":\"https:\\\/\\\/www.holy-supps.nl\\\/wp-content\\\/uploads\\\/2023\\\/06\\\/HOLY-SUPPS.png\",\"contentUrl\":\"https:\\\/\\\/www.holy-supps.nl\\\/wp-content\\\/uploads\\\/2023\\\/06\\\/HOLY-SUPPS.png\",\"width\":1000,\"height\":400,\"caption\":\"Holy Supps\"},\"image\":{\"@id\":\"https:\\\/\\\/www.holy-supps.nl\\\/#\\\/schema\\\/logo\\\/image\\\/\"},\"sameAs\":[\"https:\\\/\\\/www.facebook.com\\\/holy.supps\",\"https:\\\/\\\/www.instagram.com\\\/holy.supps.shop\\\/\"]}]}<\/script>\n<!-- \/ Yoast SEO plugin. -->","yoast_head_json":{"title":"Arriba Nutrition - Bia\u0142ko serwatkowe - Holy-Supps.pl","description":"Arriba Whey Protein Concentrate: 24 g bia\u0142ka w porcji dla wzrostu i regeneracji mi\u0119\u015bni. Idealny po treningu. Zwi\u0119ksz swoj\u0105 mas\u0119 mi\u0119\u015bniow\u0105 dzi\u0119ki wysokiej jako\u015bci serwatce!","robots":{"index":"index","follow":"follow","max-snippet":"max-snippet:-1","max-image-preview":"max-image-preview:large","max-video-preview":"max-video-preview:-1"},"canonical":"https:\/\/www.holy-supps.nl\/pl\/produkt\/arriba-nutrition-bialko-serwatkowe\/","og_locale":"pl_PL","og_type":"article","og_title":"Arriba Nutrition - Whey Protein - Holy-Supps.nl","og_description":"Arriba Whey Protein Concentrate: 24g eiwitten per portie voor spiergroei en herstel. Ideaal voor na de training. Verhoog je spiermassa met hoogwaardige whey!","og_url":"https:\/\/www.holy-supps.nl\/pl\/produkt\/arriba-nutrition-bialko-serwatkowe\/","og_site_name":"Holy-Supps.nl","article_publisher":"https:\/\/www.facebook.com\/holy.supps","article_modified_time":"2025-11-11T21:24:46+00:00","og_image":[{"width":1149,"height":1249,"url":"https:\/\/www.holy-supps.nl\/wp-content\/uploads\/2024\/02\/WHEY-ISOLATE_aangepast-1.png","type":"image\/png"}],"twitter_card":"summary_large_image","twitter_misc":{"Szacowany czas czytania":"1 minuta"},"schema":{"@context":"https:\/\/schema.org","@graph":[{"@type":"WebPage","@id":"https:\/\/www.holy-supps.nl\/product\/arriba-nutrition-whey-protein\/","url":"https:\/\/www.holy-supps.nl\/product\/arriba-nutrition-whey-protein\/","name":"Arriba Nutrition - Bia\u0142ko serwatkowe - Holy-Supps.pl","isPartOf":{"@id":"https:\/\/www.holy-supps.nl\/#website"},"primaryImageOfPage":{"@id":"https:\/\/www.holy-supps.nl\/product\/arriba-nutrition-whey-protein\/#primaryimage"},"image":{"@id":"https:\/\/www.holy-supps.nl\/product\/arriba-nutrition-whey-protein\/#primaryimage"},"thumbnailUrl":"https:\/\/www.holy-supps.nl\/wp-content\/uploads\/2024\/02\/WHEY-ISOLATE_aangepast-1.png","datePublished":"2024-02-15T09:56:55+00:00","dateModified":"2025-11-11T21:24:46+00:00","description":"Arriba Whey Protein Concentrate: 24 g bia\u0142ka w porcji dla wzrostu i regeneracji mi\u0119\u015bni. Idealny po treningu. Zwi\u0119ksz swoj\u0105 mas\u0119 mi\u0119\u015bniow\u0105 dzi\u0119ki wysokiej jako\u015bci serwatce!","breadcrumb":{"@id":"https:\/\/www.holy-supps.nl\/product\/arriba-nutrition-whey-protein\/#breadcrumb"},"inLanguage":"pl-PL","potentialAction":[{"@type":"ReadAction","target":["https:\/\/www.holy-supps.nl\/product\/arriba-nutrition-whey-protein\/"]}]},{"@type":"ImageObject","inLanguage":"pl-PL","@id":"https:\/\/www.holy-supps.nl\/product\/arriba-nutrition-whey-protein\/#primaryimage","url":"https:\/\/www.holy-supps.nl\/wp-content\/uploads\/2024\/02\/WHEY-ISOLATE_aangepast-1.png","contentUrl":"https:\/\/www.holy-supps.nl\/wp-content\/uploads\/2024\/02\/WHEY-ISOLATE_aangepast-1.png","width":1149,"height":1249},{"@type":"BreadcrumbList","@id":"https:\/\/www.holy-supps.nl\/product\/arriba-nutrition-whey-protein\/#breadcrumb","itemListElement":[{"@type":"ListItem","position":1,"name":"Home","item":"https:\/\/www.holy-supps.nl\/"},{"@type":"ListItem","position":2,"name":"Winkel","item":"https:\/\/www.holy-supps.nl\/winkel\/"},{"@type":"ListItem","position":3,"name":"Arriba Nutrition &#8211; Whey Protein"}]},{"@type":"WebSite","@id":"https:\/\/www.holy-supps.nl\/#website","url":"https:\/\/www.holy-supps.nl\/","name":"Holy-Supps.co.uk","description":"Oficjalny dystrybutor EHPLabs!","publisher":{"@id":"https:\/\/www.holy-supps.nl\/#organization"},"potentialAction":[{"@type":"SearchAction","target":{"@type":"EntryPoint","urlTemplate":"https:\/\/www.holy-supps.nl\/?s={search_term_string}"},"query-input":{"@type":"PropertyValueSpecification","valueRequired":true,"valueName":"search_term_string"}}],"inLanguage":"pl-PL"},{"@type":"Organization","@id":"https:\/\/www.holy-supps.nl\/#organization","name":"Holy Supps","url":"https:\/\/www.holy-supps.nl\/","logo":{"@type":"ImageObject","inLanguage":"pl-PL","@id":"https:\/\/www.holy-supps.nl\/#\/schema\/logo\/image\/","url":"https:\/\/www.holy-supps.nl\/wp-content\/uploads\/2023\/06\/HOLY-SUPPS.png","contentUrl":"https:\/\/www.holy-supps.nl\/wp-content\/uploads\/2023\/06\/HOLY-SUPPS.png","width":1000,"height":400,"caption":"Holy Supps"},"image":{"@id":"https:\/\/www.holy-supps.nl\/#\/schema\/logo\/image\/"},"sameAs":["https:\/\/www.facebook.com\/holy.supps","https:\/\/www.instagram.com\/holy.supps.shop\/"]}]}},"jetpack_sharing_enabled":true,"_links":{"self":[{"href":"https:\/\/www.holy-supps.nl\/pl\/wp-json\/wp\/v2\/product\/2020","targetHints":{"allow":["GET"]}}],"collection":[{"href":"https:\/\/www.holy-supps.nl\/pl\/wp-json\/wp\/v2\/product"}],"about":[{"href":"https:\/\/www.holy-supps.nl\/pl\/wp-json\/wp\/v2\/types\/product"}],"replies":[{"embeddable":true,"href":"https:\/\/www.holy-supps.nl\/pl\/wp-json\/wp\/v2\/comments?post=2020"}],"wp:featuredmedia":[{"embeddable":true,"href":"https:\/\/www.holy-supps.nl\/pl\/wp-json\/wp\/v2\/media\/3107"}],"wp:attachment":[{"href":"https:\/\/www.holy-supps.nl\/pl\/wp-json\/wp\/v2\/media?parent=2020"}],"wp:term":[{"taxonomy":"product_brand","embeddable":true,"href":"https:\/\/www.holy-supps.nl\/pl\/wp-json\/wp\/v2\/product_brand?post=2020"},{"taxonomy":"product_cat","embeddable":true,"href":"https:\/\/www.holy-supps.nl\/pl\/wp-json\/wp\/v2\/product_cat?post=2020"},{"taxonomy":"product_tag","embeddable":true,"href":"https:\/\/www.holy-supps.nl\/pl\/wp-json\/wp\/v2\/product_tag?post=2020"}],"curies":[{"name":"wp","href":"https:\/\/api.w.org\/{rel}","templated":true}]}}