{"id":2013,"date":"2024-02-15T10:39:49","date_gmt":"2024-02-15T09:39:49","guid":{"rendered":"https:\/\/www.holy-supps.nl\/?post_type=product&#038;p=2013"},"modified":"2026-02-16T22:25:19","modified_gmt":"2026-02-16T21:25:19","slug":"arriba-nutrition-mr-anatoly-izolat-serwatki","status":"publish","type":"product","link":"https:\/\/www.holy-supps.nl\/pl\/product\/arriba-nutrition-mr-anatoly-whey-isolate\/","title":{"rendered":"Arriba Nutrition - Mr Anatoly - Whey Isolate PRO"},"content":{"rendered":"<p>Nasz Mr. Anatoly Whey Isolate jest wykonany z wysokiej jako\u015bci bia\u0142ka serwatkowego z 27 gramami bia\u0142ka na porcj\u0119. Ten shake zawiera wszystkie dziewi\u0119\u0107 niezb\u0119dnych aminokwas\u00f3w i jest praktycznym wyborem w ramach aktywnej diety.<\/p>\n<h1>Tre\u015b\u0107<\/h1>\n<p>1000 GRAM<\/p>\n<h1>Sk\u0142adniki<\/h1>\n<p>Izolat bia\u0142ka serwatkowego (MLEKO), naturalny aromat, substancja zag\u0119szczaj\u0105ca: guma ksantanowa, emulgator: lecytyna, substancja s\u0142odz\u0105ca: sukraloza.<\/p>\n<h1>Zalecane dzienne u\u017cycie<\/h1>\n<p>Wymiesza\u0107 30 g (1 miarka) izolatu serwatki z 200-300 ml wody lub mleka. Spo\u017cywa\u0107 maksymalnie 3 koktajle dziennie.<\/p>\n<h1>Porady dotycz\u0105ce przechowywania<\/h1>\n<p>Przechowywa\u0107 w ch\u0142odnym, suchym miejscu, niedost\u0119pnym dla ma\u0142ych dzieci. Po otwarciu maj\u0105 ograniczony okres trwa\u0142o\u015bci. Termin przydatno\u015bci do spo\u017cycia i kod partii: patrz sp\u00f3d opakowania.<\/p>","protected":false},"excerpt":{"rendered":"<ul>\n<li>Pan Anatolij Znak Jako\u015bci<\/li>\n<li class=\"jet-listing-dynamic-repeater__item\" data-rocket-lazy-bg-28c7703d-7c32-49fc-9480-3770a27af16e=\"loaded\">Zawiera wszystkie dziewi\u0119\u0107 niezb\u0119dnych aminokwas\u00f3w<\/li>\n<li class=\"jet-listing-dynamic-repeater__item\" data-rocket-lazy-bg-28c7703d-7c32-49fc-9480-3770a27af16e=\"loaded\">27 g wysokiej jako\u015bci bia\u0142ka na porcj\u0119<\/li>\n<\/ul>","protected":false},"featured_media":2018,"comment_status":"open","ping_status":"closed","template":"","meta":[],"product_brand":[],"product_cat":[86,89,222,80,67,81],"product_tag":[],"class_list":{"0":"post-2013","1":"product","2":"type-product","3":"status-publish","4":"has-post-thumbnail","6":"product_cat-aankomen","7":"product_cat-afvallen","8":"product_cat-arriba-nutrition","9":"product_cat-doel","10":"product_cat-eiwitten-proteine","11":"product_cat-spieropbouw","13":"first","14":"outofstock","15":"taxable","16":"shipping-taxable","17":"purchasable","18":"product-type-variable"},"yoast_head":"<!-- This site is optimized with the Yoast SEO plugin v27.4 - https:\/\/yoast.com\/product\/yoast-seo-wordpress\/ -->\n<title>Arriba Nutrition - Mr Anatoly - Whey Isolate PRO - Holy-Supps.nl<\/title>\n<meta name=\"description\" content=\"Arriba Nutrition Mr. Anatoly Whey Isolate: 27g hoogwaardige eiwitten per portie voor spierherstel en groei. Ideaal voor intensieve training en gewichtsverlies.\" \/>\n<meta name=\"robots\" content=\"index, follow, max-snippet:-1, max-image-preview:large, max-video-preview:-1\" \/>\n<link rel=\"canonical\" href=\"https:\/\/www.holy-supps.nl\/pl\/produkt\/arriba-nutrition-mr-anatoly-izolat-serwatki\/\" \/>\n<meta property=\"og:locale\" content=\"pl_PL\" \/>\n<meta property=\"og:type\" content=\"article\" \/>\n<meta property=\"og:title\" content=\"Arriba Nutrition - Mr Anatoly - Whey Isolate PRO - Holy-Supps.nl\" \/>\n<meta property=\"og:description\" content=\"Arriba Nutrition Mr. Anatoly Whey Isolate: 27g hoogwaardige eiwitten per portie voor spierherstel en groei. Ideaal voor intensieve training en gewichtsverlies.\" \/>\n<meta property=\"og:url\" content=\"https:\/\/www.holy-supps.nl\/pl\/produkt\/arriba-nutrition-mr-anatoly-izolat-serwatki\/\" \/>\n<meta property=\"og:site_name\" content=\"Holy-Supps.nl\" \/>\n<meta property=\"article:publisher\" content=\"https:\/\/www.facebook.com\/holy.supps\" \/>\n<meta property=\"article:modified_time\" content=\"2026-02-16T21:25:19+00:00\" \/>\n<meta property=\"og:image\" content=\"https:\/\/www.holy-supps.nl\/wp-content\/uploads\/2024\/02\/Anatoly-isolate-vanilla-web.png\" \/>\n\t<meta property=\"og:image:width\" content=\"863\" \/>\n\t<meta property=\"og:image:height\" content=\"912\" \/>\n\t<meta property=\"og:image:type\" content=\"image\/png\" \/>\n<meta name=\"twitter:card\" content=\"summary_large_image\" \/>\n<meta name=\"twitter:label1\" content=\"Szacowany czas czytania\" \/>\n\t<meta name=\"twitter:data1\" content=\"1 minuta\" \/>\n<script type=\"application\/ld+json\" class=\"yoast-schema-graph\">{\"@context\":\"https:\\\/\\\/schema.org\",\"@graph\":[{\"@type\":\"WebPage\",\"@id\":\"https:\\\/\\\/www.holy-supps.nl\\\/product\\\/arriba-nutrition-mr-anatoly-whey-isolate\\\/\",\"url\":\"https:\\\/\\\/www.holy-supps.nl\\\/product\\\/arriba-nutrition-mr-anatoly-whey-isolate\\\/\",\"name\":\"Arriba Nutrition - Mr Anatoly - Whey Isolate PRO - Holy-Supps.nl\",\"isPartOf\":{\"@id\":\"https:\\\/\\\/www.holy-supps.nl\\\/#website\"},\"primaryImageOfPage\":{\"@id\":\"https:\\\/\\\/www.holy-supps.nl\\\/product\\\/arriba-nutrition-mr-anatoly-whey-isolate\\\/#primaryimage\"},\"image\":{\"@id\":\"https:\\\/\\\/www.holy-supps.nl\\\/product\\\/arriba-nutrition-mr-anatoly-whey-isolate\\\/#primaryimage\"},\"thumbnailUrl\":\"https:\\\/\\\/www.holy-supps.nl\\\/wp-content\\\/uploads\\\/2024\\\/02\\\/Anatoly-isolate-vanilla-web.png\",\"datePublished\":\"2024-02-15T09:39:49+00:00\",\"dateModified\":\"2026-02-16T21:25:19+00:00\",\"description\":\"Arriba Nutrition Mr. Anatoly Whey Isolate: 27g hoogwaardige eiwitten per portie voor spierherstel en groei. Ideaal voor intensieve training en gewichtsverlies.\",\"breadcrumb\":{\"@id\":\"https:\\\/\\\/www.holy-supps.nl\\\/product\\\/arriba-nutrition-mr-anatoly-whey-isolate\\\/#breadcrumb\"},\"inLanguage\":\"pl-PL\",\"potentialAction\":[{\"@type\":\"ReadAction\",\"target\":[\"https:\\\/\\\/www.holy-supps.nl\\\/product\\\/arriba-nutrition-mr-anatoly-whey-isolate\\\/\"]}]},{\"@type\":\"ImageObject\",\"inLanguage\":\"pl-PL\",\"@id\":\"https:\\\/\\\/www.holy-supps.nl\\\/product\\\/arriba-nutrition-mr-anatoly-whey-isolate\\\/#primaryimage\",\"url\":\"https:\\\/\\\/www.holy-supps.nl\\\/wp-content\\\/uploads\\\/2024\\\/02\\\/Anatoly-isolate-vanilla-web.png\",\"contentUrl\":\"https:\\\/\\\/www.holy-supps.nl\\\/wp-content\\\/uploads\\\/2024\\\/02\\\/Anatoly-isolate-vanilla-web.png\",\"width\":863,\"height\":912},{\"@type\":\"BreadcrumbList\",\"@id\":\"https:\\\/\\\/www.holy-supps.nl\\\/product\\\/arriba-nutrition-mr-anatoly-whey-isolate\\\/#breadcrumb\",\"itemListElement\":[{\"@type\":\"ListItem\",\"position\":1,\"name\":\"Home\",\"item\":\"https:\\\/\\\/www.holy-supps.nl\\\/\"},{\"@type\":\"ListItem\",\"position\":2,\"name\":\"Winkel\",\"item\":\"https:\\\/\\\/www.holy-supps.nl\\\/winkel\\\/\"},{\"@type\":\"ListItem\",\"position\":3,\"name\":\"Arriba Nutrition &#8211; Mr Anatoly &#8211; Whey Isolate PRO\"}]},{\"@type\":\"WebSite\",\"@id\":\"https:\\\/\\\/www.holy-supps.nl\\\/#website\",\"url\":\"https:\\\/\\\/www.holy-supps.nl\\\/\",\"name\":\"Holy-Supps.nl\",\"description\":\"Official EHPLabs Reseller!\",\"publisher\":{\"@id\":\"https:\\\/\\\/www.holy-supps.nl\\\/#organization\"},\"potentialAction\":[{\"@type\":\"SearchAction\",\"target\":{\"@type\":\"EntryPoint\",\"urlTemplate\":\"https:\\\/\\\/www.holy-supps.nl\\\/?s={search_term_string}\"},\"query-input\":{\"@type\":\"PropertyValueSpecification\",\"valueRequired\":true,\"valueName\":\"search_term_string\"}}],\"inLanguage\":\"pl-PL\"},{\"@type\":\"Organization\",\"@id\":\"https:\\\/\\\/www.holy-supps.nl\\\/#organization\",\"name\":\"Holy Supps\",\"url\":\"https:\\\/\\\/www.holy-supps.nl\\\/\",\"logo\":{\"@type\":\"ImageObject\",\"inLanguage\":\"pl-PL\",\"@id\":\"https:\\\/\\\/www.holy-supps.nl\\\/#\\\/schema\\\/logo\\\/image\\\/\",\"url\":\"https:\\\/\\\/www.holy-supps.nl\\\/wp-content\\\/uploads\\\/2023\\\/06\\\/HOLY-SUPPS.png\",\"contentUrl\":\"https:\\\/\\\/www.holy-supps.nl\\\/wp-content\\\/uploads\\\/2023\\\/06\\\/HOLY-SUPPS.png\",\"width\":1000,\"height\":400,\"caption\":\"Holy Supps\"},\"image\":{\"@id\":\"https:\\\/\\\/www.holy-supps.nl\\\/#\\\/schema\\\/logo\\\/image\\\/\"},\"sameAs\":[\"https:\\\/\\\/www.facebook.com\\\/holy.supps\",\"https:\\\/\\\/www.instagram.com\\\/holy.supps.shop\\\/\"]}]}<\/script>\n<!-- \/ Yoast SEO plugin. -->","yoast_head_json":{"title":"Arriba Nutrition - Mr Anatoly - Whey Isolate PRO - Holy-Supps.pl","description":"Arriba Nutrition Mr. Anatoly Whey Isolate: 27 g wysokiej jako\u015bci bia\u0142ka w porcji dla regeneracji i wzrostu mi\u0119\u015bni. Idealny do intensywnego treningu i utraty wagi.","robots":{"index":"index","follow":"follow","max-snippet":"max-snippet:-1","max-image-preview":"max-image-preview:large","max-video-preview":"max-video-preview:-1"},"canonical":"https:\/\/www.holy-supps.nl\/pl\/produkt\/arriba-nutrition-mr-anatoly-izolat-serwatki\/","og_locale":"pl_PL","og_type":"article","og_title":"Arriba Nutrition - Mr Anatoly - Whey Isolate PRO - Holy-Supps.nl","og_description":"Arriba Nutrition Mr. Anatoly Whey Isolate: 27g hoogwaardige eiwitten per portie voor spierherstel en groei. Ideaal voor intensieve training en gewichtsverlies.","og_url":"https:\/\/www.holy-supps.nl\/pl\/produkt\/arriba-nutrition-mr-anatoly-izolat-serwatki\/","og_site_name":"Holy-Supps.nl","article_publisher":"https:\/\/www.facebook.com\/holy.supps","article_modified_time":"2026-02-16T21:25:19+00:00","og_image":[{"width":863,"height":912,"url":"https:\/\/www.holy-supps.nl\/wp-content\/uploads\/2024\/02\/Anatoly-isolate-vanilla-web.png","type":"image\/png"}],"twitter_card":"summary_large_image","twitter_misc":{"Szacowany czas czytania":"1 minuta"},"schema":{"@context":"https:\/\/schema.org","@graph":[{"@type":"WebPage","@id":"https:\/\/www.holy-supps.nl\/product\/arriba-nutrition-mr-anatoly-whey-isolate\/","url":"https:\/\/www.holy-supps.nl\/product\/arriba-nutrition-mr-anatoly-whey-isolate\/","name":"Arriba Nutrition - Mr Anatoly - Whey Isolate PRO - Holy-Supps.pl","isPartOf":{"@id":"https:\/\/www.holy-supps.nl\/#website"},"primaryImageOfPage":{"@id":"https:\/\/www.holy-supps.nl\/product\/arriba-nutrition-mr-anatoly-whey-isolate\/#primaryimage"},"image":{"@id":"https:\/\/www.holy-supps.nl\/product\/arriba-nutrition-mr-anatoly-whey-isolate\/#primaryimage"},"thumbnailUrl":"https:\/\/www.holy-supps.nl\/wp-content\/uploads\/2024\/02\/Anatoly-isolate-vanilla-web.png","datePublished":"2024-02-15T09:39:49+00:00","dateModified":"2026-02-16T21:25:19+00:00","description":"Arriba Nutrition Mr. Anatoly Whey Isolate: 27 g wysokiej jako\u015bci bia\u0142ka w porcji dla regeneracji i wzrostu mi\u0119\u015bni. Idealny do intensywnego treningu i utraty wagi.","breadcrumb":{"@id":"https:\/\/www.holy-supps.nl\/product\/arriba-nutrition-mr-anatoly-whey-isolate\/#breadcrumb"},"inLanguage":"pl-PL","potentialAction":[{"@type":"ReadAction","target":["https:\/\/www.holy-supps.nl\/product\/arriba-nutrition-mr-anatoly-whey-isolate\/"]}]},{"@type":"ImageObject","inLanguage":"pl-PL","@id":"https:\/\/www.holy-supps.nl\/product\/arriba-nutrition-mr-anatoly-whey-isolate\/#primaryimage","url":"https:\/\/www.holy-supps.nl\/wp-content\/uploads\/2024\/02\/Anatoly-isolate-vanilla-web.png","contentUrl":"https:\/\/www.holy-supps.nl\/wp-content\/uploads\/2024\/02\/Anatoly-isolate-vanilla-web.png","width":863,"height":912},{"@type":"BreadcrumbList","@id":"https:\/\/www.holy-supps.nl\/product\/arriba-nutrition-mr-anatoly-whey-isolate\/#breadcrumb","itemListElement":[{"@type":"ListItem","position":1,"name":"Home","item":"https:\/\/www.holy-supps.nl\/"},{"@type":"ListItem","position":2,"name":"Winkel","item":"https:\/\/www.holy-supps.nl\/winkel\/"},{"@type":"ListItem","position":3,"name":"Arriba Nutrition &#8211; Mr Anatoly &#8211; Whey Isolate PRO"}]},{"@type":"WebSite","@id":"https:\/\/www.holy-supps.nl\/#website","url":"https:\/\/www.holy-supps.nl\/","name":"Holy-Supps.co.uk","description":"Oficjalny dystrybutor EHPLabs!","publisher":{"@id":"https:\/\/www.holy-supps.nl\/#organization"},"potentialAction":[{"@type":"SearchAction","target":{"@type":"EntryPoint","urlTemplate":"https:\/\/www.holy-supps.nl\/?s={search_term_string}"},"query-input":{"@type":"PropertyValueSpecification","valueRequired":true,"valueName":"search_term_string"}}],"inLanguage":"pl-PL"},{"@type":"Organization","@id":"https:\/\/www.holy-supps.nl\/#organization","name":"Holy Supps","url":"https:\/\/www.holy-supps.nl\/","logo":{"@type":"ImageObject","inLanguage":"pl-PL","@id":"https:\/\/www.holy-supps.nl\/#\/schema\/logo\/image\/","url":"https:\/\/www.holy-supps.nl\/wp-content\/uploads\/2023\/06\/HOLY-SUPPS.png","contentUrl":"https:\/\/www.holy-supps.nl\/wp-content\/uploads\/2023\/06\/HOLY-SUPPS.png","width":1000,"height":400,"caption":"Holy Supps"},"image":{"@id":"https:\/\/www.holy-supps.nl\/#\/schema\/logo\/image\/"},"sameAs":["https:\/\/www.facebook.com\/holy.supps","https:\/\/www.instagram.com\/holy.supps.shop\/"]}]}},"jetpack_sharing_enabled":true,"_links":{"self":[{"href":"https:\/\/www.holy-supps.nl\/pl\/wp-json\/wp\/v2\/product\/2013","targetHints":{"allow":["GET"]}}],"collection":[{"href":"https:\/\/www.holy-supps.nl\/pl\/wp-json\/wp\/v2\/product"}],"about":[{"href":"https:\/\/www.holy-supps.nl\/pl\/wp-json\/wp\/v2\/types\/product"}],"replies":[{"embeddable":true,"href":"https:\/\/www.holy-supps.nl\/pl\/wp-json\/wp\/v2\/comments?post=2013"}],"wp:featuredmedia":[{"embeddable":true,"href":"https:\/\/www.holy-supps.nl\/pl\/wp-json\/wp\/v2\/media\/2018"}],"wp:attachment":[{"href":"https:\/\/www.holy-supps.nl\/pl\/wp-json\/wp\/v2\/media?parent=2013"}],"wp:term":[{"taxonomy":"product_brand","embeddable":true,"href":"https:\/\/www.holy-supps.nl\/pl\/wp-json\/wp\/v2\/product_brand?post=2013"},{"taxonomy":"product_cat","embeddable":true,"href":"https:\/\/www.holy-supps.nl\/pl\/wp-json\/wp\/v2\/product_cat?post=2013"},{"taxonomy":"product_tag","embeddable":true,"href":"https:\/\/www.holy-supps.nl\/pl\/wp-json\/wp\/v2\/product_tag?post=2013"}],"curies":[{"name":"wp","href":"https:\/\/api.w.org\/{rel}","templated":true}]}}