{"id":200,"date":"2023-03-05T11:44:50","date_gmt":"2023-03-05T10:44:50","guid":{"rendered":"https:\/\/www.holy-supps.nl\/?post_type=product&#038;p=200"},"modified":"2026-04-30T08:42:52","modified_gmt":"2026-04-30T06:42:52","slug":"aqua-collagen-protein-hydration-ehplabs","status":"publish","type":"product","link":"https:\/\/www.holy-supps.nl\/pl\/product\/aqua-collagen-protein-hydration-ehplabs-2\/","title":{"rendered":"Aqua Collagen Protein + Hydration - EHPLabs"},"content":{"rendered":"<h2>Opis<\/h2>\n<p>EHPlabs Aqua Collagen Protein + Hydration to innowacyjny suplement w proszku, kt\u00f3ry \u0142\u0105czy peptydy kolagenowe z elektrolitami. Produkt jest przeznaczony dla os\u00f3b poszukuj\u0105cych lekkiego, orze\u017awiaj\u0105cego sposobu na dodanie kolagenu do swojej diety. Dzi\u0119ki rozpuszczalnej formule jest \u0142atwy do zmieszania z wod\u0105 i dost\u0119pny w kilku \u015bwie\u017cych smakach.<\/p>\n<h2>Korzy\u015bci w punktach<\/h2>\n<ul>\n<li>Zawiera peptydy kolagenowe jako \u017ar\u00f3d\u0142o bia\u0142ka.<\/li>\n<li>Uzupe\u0142niony elektrolitami, nadaje si\u0119 jako nap\u00f3j gasz\u0105cy pragnienie.<\/li>\n<li>Lekka i orze\u017awiaj\u0105ca alternatywa dla tradycyjnych koktajli bia\u0142kowych.<\/li>\n<li>\u0141atwo rozpuszczalny w wodzie.<\/li>\n<li>Dost\u0119pne w r\u00f3\u017cnych smakach.<\/li>\n<\/ul>\n<h2>Instrukcja obs\u0142ugi<\/h2>\n<p>Wymiesza\u0107 zalecan\u0105 ilo\u015b\u0107 proszku (zgodnie z etykiet\u0105) z 350-400 ml zimnej wody. Dobrze wymiesza\u0107 lub wstrz\u0105sn\u0105\u0107 do ca\u0142kowitego rozpuszczenia. Nadaje si\u0119 do stosowania o ka\u017cdej porze dnia jako uzupe\u0142nienie zr\u00f3\u017cnicowanej diety i zdrowego stylu \u017cycia.<\/p>","protected":false},"excerpt":{"rendered":"<p>EHPlabs Aqua Collagen Protein + Hydration to lekki, orze\u017awiaj\u0105cy nap\u00f3j kolagenowy z elektrolitami. Proszek \u0142atwo rozpuszcza si\u0119 w wodzie i jest dost\u0119pny w r\u00f3\u017cnych smakach. Idealny jako suplement gasz\u0105cy pragnienie podczas aktywnego trybu \u017cycia.<\/p>","protected":false},"featured_media":205,"comment_status":"open","ping_status":"closed","template":"","meta":[],"product_brand":[],"product_cat":[72,74],"product_tag":[],"class_list":{"0":"post-200","1":"product","2":"type-product","3":"status-publish","4":"has-post-thumbnail","6":"product_cat-ehplabs","7":"product_cat-health-wellness","9":"first","10":"outofstock","11":"taxable","12":"shipping-taxable","13":"purchasable","14":"product-type-variable"},"yoast_head":"<!-- This site is optimized with the Yoast SEO plugin v27.5 - https:\/\/yoast.com\/product\/yoast-seo-wordpress\/ -->\n<title>Aqua Collagen Protein + Hydration - EHPLabs - Holy-Supps.nl<\/title>\n<meta name=\"description\" content=\"Aqua Collagen van EHPLabs: 20g eiwit en kokoswaterpoeder per portie voor optimale hydratatie, huid- en gewrichtsgezondheid. Verfrissend en effectief!\" \/>\n<meta name=\"robots\" content=\"index, follow, max-snippet:-1, max-image-preview:large, max-video-preview:-1\" \/>\n<link rel=\"canonical\" href=\"https:\/\/www.holy-supps.nl\/pl\/produkt\/aqua-collagen-protein-hydration-ehplabs\/\" \/>\n<meta property=\"og:locale\" content=\"pl_PL\" \/>\n<meta property=\"og:type\" content=\"article\" \/>\n<meta property=\"og:title\" content=\"Aqua Collagen Protein + Hydration - EHPLabs - Holy-Supps.nl\" \/>\n<meta property=\"og:description\" content=\"Aqua Collagen van EHPLabs: 20g eiwit en kokoswaterpoeder per portie voor optimale hydratatie, huid- en gewrichtsgezondheid. Verfrissend en effectief!\" \/>\n<meta property=\"og:url\" content=\"https:\/\/www.holy-supps.nl\/pl\/produkt\/aqua-collagen-protein-hydration-ehplabs\/\" \/>\n<meta property=\"og:site_name\" content=\"Holy-Supps.nl\" \/>\n<meta property=\"article:publisher\" content=\"https:\/\/www.facebook.com\/holy.supps\" \/>\n<meta property=\"article:modified_time\" content=\"2026-04-30T06:42:52+00:00\" \/>\n<meta property=\"og:image\" content=\"https:\/\/www.holy-supps.nl\/wp-content\/uploads\/2023\/03\/Aquacollagen-Raspberryrefresh_1000x.webp\" \/>\n\t<meta property=\"og:image:width\" content=\"1000\" \/>\n\t<meta property=\"og:image:height\" content=\"1000\" \/>\n\t<meta property=\"og:image:type\" content=\"image\/webp\" \/>\n<meta name=\"twitter:card\" content=\"summary_large_image\" \/>\n<meta name=\"twitter:label1\" content=\"Szacowany czas czytania\" \/>\n\t<meta name=\"twitter:data1\" content=\"1 minuta\" \/>\n<script type=\"application\/ld+json\" class=\"yoast-schema-graph\">{\"@context\":\"https:\\\/\\\/schema.org\",\"@graph\":[{\"@type\":\"WebPage\",\"@id\":\"https:\\\/\\\/www.holy-supps.nl\\\/product\\\/aqua-collagen-protein-hydration-ehplabs-2\\\/\",\"url\":\"https:\\\/\\\/www.holy-supps.nl\\\/product\\\/aqua-collagen-protein-hydration-ehplabs-2\\\/\",\"name\":\"Aqua Collagen Protein + Hydration - EHPLabs - Holy-Supps.nl\",\"isPartOf\":{\"@id\":\"https:\\\/\\\/www.holy-supps.nl\\\/#website\"},\"primaryImageOfPage\":{\"@id\":\"https:\\\/\\\/www.holy-supps.nl\\\/product\\\/aqua-collagen-protein-hydration-ehplabs-2\\\/#primaryimage\"},\"image\":{\"@id\":\"https:\\\/\\\/www.holy-supps.nl\\\/product\\\/aqua-collagen-protein-hydration-ehplabs-2\\\/#primaryimage\"},\"thumbnailUrl\":\"https:\\\/\\\/www.holy-supps.nl\\\/wp-content\\\/uploads\\\/2023\\\/03\\\/Aquacollagen-Raspberryrefresh_1000x.webp\",\"datePublished\":\"2023-03-05T10:44:50+00:00\",\"dateModified\":\"2026-04-30T06:42:52+00:00\",\"description\":\"Aqua Collagen van EHPLabs: 20g eiwit en kokoswaterpoeder per portie voor optimale hydratatie, huid- en gewrichtsgezondheid. Verfrissend en effectief!\",\"breadcrumb\":{\"@id\":\"https:\\\/\\\/www.holy-supps.nl\\\/product\\\/aqua-collagen-protein-hydration-ehplabs-2\\\/#breadcrumb\"},\"inLanguage\":\"pl-PL\",\"potentialAction\":[{\"@type\":\"ReadAction\",\"target\":[\"https:\\\/\\\/www.holy-supps.nl\\\/product\\\/aqua-collagen-protein-hydration-ehplabs-2\\\/\"]}]},{\"@type\":\"ImageObject\",\"inLanguage\":\"pl-PL\",\"@id\":\"https:\\\/\\\/www.holy-supps.nl\\\/product\\\/aqua-collagen-protein-hydration-ehplabs-2\\\/#primaryimage\",\"url\":\"https:\\\/\\\/www.holy-supps.nl\\\/wp-content\\\/uploads\\\/2023\\\/03\\\/Aquacollagen-Raspberryrefresh_1000x.webp\",\"contentUrl\":\"https:\\\/\\\/www.holy-supps.nl\\\/wp-content\\\/uploads\\\/2023\\\/03\\\/Aquacollagen-Raspberryrefresh_1000x.webp\",\"width\":1000,\"height\":1000},{\"@type\":\"BreadcrumbList\",\"@id\":\"https:\\\/\\\/www.holy-supps.nl\\\/product\\\/aqua-collagen-protein-hydration-ehplabs-2\\\/#breadcrumb\",\"itemListElement\":[{\"@type\":\"ListItem\",\"position\":1,\"name\":\"Home\",\"item\":\"https:\\\/\\\/www.holy-supps.nl\\\/\"},{\"@type\":\"ListItem\",\"position\":2,\"name\":\"Winkel\",\"item\":\"https:\\\/\\\/www.holy-supps.nl\\\/winkel\\\/\"},{\"@type\":\"ListItem\",\"position\":3,\"name\":\"Aqua Collagen Protein + Hydration &#8211; EHPLabs\"}]},{\"@type\":\"WebSite\",\"@id\":\"https:\\\/\\\/www.holy-supps.nl\\\/#website\",\"url\":\"https:\\\/\\\/www.holy-supps.nl\\\/\",\"name\":\"Holy-Supps.nl\",\"description\":\"Official EHPLabs Reseller!\",\"publisher\":{\"@id\":\"https:\\\/\\\/www.holy-supps.nl\\\/#organization\"},\"potentialAction\":[{\"@type\":\"SearchAction\",\"target\":{\"@type\":\"EntryPoint\",\"urlTemplate\":\"https:\\\/\\\/www.holy-supps.nl\\\/?s={search_term_string}\"},\"query-input\":{\"@type\":\"PropertyValueSpecification\",\"valueRequired\":true,\"valueName\":\"search_term_string\"}}],\"inLanguage\":\"pl-PL\"},{\"@type\":\"Organization\",\"@id\":\"https:\\\/\\\/www.holy-supps.nl\\\/#organization\",\"name\":\"Holy Supps\",\"url\":\"https:\\\/\\\/www.holy-supps.nl\\\/\",\"logo\":{\"@type\":\"ImageObject\",\"inLanguage\":\"pl-PL\",\"@id\":\"https:\\\/\\\/www.holy-supps.nl\\\/#\\\/schema\\\/logo\\\/image\\\/\",\"url\":\"https:\\\/\\\/www.holy-supps.nl\\\/wp-content\\\/uploads\\\/2023\\\/06\\\/HOLY-SUPPS.png\",\"contentUrl\":\"https:\\\/\\\/www.holy-supps.nl\\\/wp-content\\\/uploads\\\/2023\\\/06\\\/HOLY-SUPPS.png\",\"width\":1000,\"height\":400,\"caption\":\"Holy Supps\"},\"image\":{\"@id\":\"https:\\\/\\\/www.holy-supps.nl\\\/#\\\/schema\\\/logo\\\/image\\\/\"},\"sameAs\":[\"https:\\\/\\\/www.facebook.com\\\/holy.supps\",\"https:\\\/\\\/www.instagram.com\\\/holy.supps.shop\\\/\"]}]}<\/script>\n<!-- \/ Yoast SEO plugin. -->","yoast_head_json":{"title":"Aqua Collagen Protein + Hydration - EHPLabs - Holy-Supps.pl","description":"Aqua Collagen firmy EHPLabs: 20 g bia\u0142ka i wody kokosowej w proszku na porcj\u0119 dla optymalnego nawil\u017cenia, zdrowia sk\u00f3ry i staw\u00f3w. Orze\u017awiaj\u0105cy i skuteczny!","robots":{"index":"index","follow":"follow","max-snippet":"max-snippet:-1","max-image-preview":"max-image-preview:large","max-video-preview":"max-video-preview:-1"},"canonical":"https:\/\/www.holy-supps.nl\/pl\/produkt\/aqua-collagen-protein-hydration-ehplabs\/","og_locale":"pl_PL","og_type":"article","og_title":"Aqua Collagen Protein + Hydration - EHPLabs - Holy-Supps.nl","og_description":"Aqua Collagen van EHPLabs: 20g eiwit en kokoswaterpoeder per portie voor optimale hydratatie, huid- en gewrichtsgezondheid. Verfrissend en effectief!","og_url":"https:\/\/www.holy-supps.nl\/pl\/produkt\/aqua-collagen-protein-hydration-ehplabs\/","og_site_name":"Holy-Supps.nl","article_publisher":"https:\/\/www.facebook.com\/holy.supps","article_modified_time":"2026-04-30T06:42:52+00:00","og_image":[{"width":1000,"height":1000,"url":"https:\/\/www.holy-supps.nl\/wp-content\/uploads\/2023\/03\/Aquacollagen-Raspberryrefresh_1000x.webp","type":"image\/webp"}],"twitter_card":"summary_large_image","twitter_misc":{"Szacowany czas czytania":"1 minuta"},"schema":{"@context":"https:\/\/schema.org","@graph":[{"@type":"WebPage","@id":"https:\/\/www.holy-supps.nl\/product\/aqua-collagen-protein-hydration-ehplabs-2\/","url":"https:\/\/www.holy-supps.nl\/product\/aqua-collagen-protein-hydration-ehplabs-2\/","name":"Aqua Collagen Protein + Hydration - EHPLabs - Holy-Supps.pl","isPartOf":{"@id":"https:\/\/www.holy-supps.nl\/#website"},"primaryImageOfPage":{"@id":"https:\/\/www.holy-supps.nl\/product\/aqua-collagen-protein-hydration-ehplabs-2\/#primaryimage"},"image":{"@id":"https:\/\/www.holy-supps.nl\/product\/aqua-collagen-protein-hydration-ehplabs-2\/#primaryimage"},"thumbnailUrl":"https:\/\/www.holy-supps.nl\/wp-content\/uploads\/2023\/03\/Aquacollagen-Raspberryrefresh_1000x.webp","datePublished":"2023-03-05T10:44:50+00:00","dateModified":"2026-04-30T06:42:52+00:00","description":"Aqua Collagen firmy EHPLabs: 20 g bia\u0142ka i wody kokosowej w proszku na porcj\u0119 dla optymalnego nawil\u017cenia, zdrowia sk\u00f3ry i staw\u00f3w. Orze\u017awiaj\u0105cy i skuteczny!","breadcrumb":{"@id":"https:\/\/www.holy-supps.nl\/product\/aqua-collagen-protein-hydration-ehplabs-2\/#breadcrumb"},"inLanguage":"pl-PL","potentialAction":[{"@type":"ReadAction","target":["https:\/\/www.holy-supps.nl\/product\/aqua-collagen-protein-hydration-ehplabs-2\/"]}]},{"@type":"ImageObject","inLanguage":"pl-PL","@id":"https:\/\/www.holy-supps.nl\/product\/aqua-collagen-protein-hydration-ehplabs-2\/#primaryimage","url":"https:\/\/www.holy-supps.nl\/wp-content\/uploads\/2023\/03\/Aquacollagen-Raspberryrefresh_1000x.webp","contentUrl":"https:\/\/www.holy-supps.nl\/wp-content\/uploads\/2023\/03\/Aquacollagen-Raspberryrefresh_1000x.webp","width":1000,"height":1000},{"@type":"BreadcrumbList","@id":"https:\/\/www.holy-supps.nl\/product\/aqua-collagen-protein-hydration-ehplabs-2\/#breadcrumb","itemListElement":[{"@type":"ListItem","position":1,"name":"Home","item":"https:\/\/www.holy-supps.nl\/"},{"@type":"ListItem","position":2,"name":"Winkel","item":"https:\/\/www.holy-supps.nl\/winkel\/"},{"@type":"ListItem","position":3,"name":"Aqua Collagen Protein + Hydration &#8211; EHPLabs"}]},{"@type":"WebSite","@id":"https:\/\/www.holy-supps.nl\/#website","url":"https:\/\/www.holy-supps.nl\/","name":"Holy-Supps.co.uk","description":"Oficjalny dystrybutor EHPLabs!","publisher":{"@id":"https:\/\/www.holy-supps.nl\/#organization"},"potentialAction":[{"@type":"SearchAction","target":{"@type":"EntryPoint","urlTemplate":"https:\/\/www.holy-supps.nl\/?s={search_term_string}"},"query-input":{"@type":"PropertyValueSpecification","valueRequired":true,"valueName":"search_term_string"}}],"inLanguage":"pl-PL"},{"@type":"Organization","@id":"https:\/\/www.holy-supps.nl\/#organization","name":"Holy Supps","url":"https:\/\/www.holy-supps.nl\/","logo":{"@type":"ImageObject","inLanguage":"pl-PL","@id":"https:\/\/www.holy-supps.nl\/#\/schema\/logo\/image\/","url":"https:\/\/www.holy-supps.nl\/wp-content\/uploads\/2023\/06\/HOLY-SUPPS.png","contentUrl":"https:\/\/www.holy-supps.nl\/wp-content\/uploads\/2023\/06\/HOLY-SUPPS.png","width":1000,"height":400,"caption":"Holy Supps"},"image":{"@id":"https:\/\/www.holy-supps.nl\/#\/schema\/logo\/image\/"},"sameAs":["https:\/\/www.facebook.com\/holy.supps","https:\/\/www.instagram.com\/holy.supps.shop\/"]}]}},"jetpack_sharing_enabled":true,"_links":{"self":[{"href":"https:\/\/www.holy-supps.nl\/pl\/wp-json\/wp\/v2\/product\/200","targetHints":{"allow":["GET"]}}],"collection":[{"href":"https:\/\/www.holy-supps.nl\/pl\/wp-json\/wp\/v2\/product"}],"about":[{"href":"https:\/\/www.holy-supps.nl\/pl\/wp-json\/wp\/v2\/types\/product"}],"replies":[{"embeddable":true,"href":"https:\/\/www.holy-supps.nl\/pl\/wp-json\/wp\/v2\/comments?post=200"}],"wp:featuredmedia":[{"embeddable":true,"href":"https:\/\/www.holy-supps.nl\/pl\/wp-json\/wp\/v2\/media\/205"}],"wp:attachment":[{"href":"https:\/\/www.holy-supps.nl\/pl\/wp-json\/wp\/v2\/media?parent=200"}],"wp:term":[{"taxonomy":"product_brand","embeddable":true,"href":"https:\/\/www.holy-supps.nl\/pl\/wp-json\/wp\/v2\/product_brand?post=200"},{"taxonomy":"product_cat","embeddable":true,"href":"https:\/\/www.holy-supps.nl\/pl\/wp-json\/wp\/v2\/product_cat?post=200"},{"taxonomy":"product_tag","embeddable":true,"href":"https:\/\/www.holy-supps.nl\/pl\/wp-json\/wp\/v2\/product_tag?post=200"}],"curies":[{"name":"wp","href":"https:\/\/api.w.org\/{rel}","templated":true}]}}