{"id":190,"date":"2023-03-05T11:19:38","date_gmt":"2023-03-05T10:19:38","guid":{"rendered":"https:\/\/www.holy-supps.nl\/?post_type=product&#038;p=190"},"modified":"2026-04-25T00:27:31","modified_gmt":"2026-04-24T22:27:31","slug":"izopept-hydrolizowane-bialko-serwatkowe-ehplabs","status":"publish","type":"product","link":"https:\/\/www.holy-supps.nl\/pl\/product\/isopept-hydrolyzed-whey-protein-ehplabs\/","title":{"rendered":"Hydrolizowane bia\u0142ko serwatkowe Isopept - EHPLabs"},"content":{"rendered":"<h2>Opis<\/h2>\n<p>EHPlabs <strong>IsoPept Zero Hydrolizowany Izolat Bia\u0142ka Serwatkowego<\/strong> to wysokiej jako\u015bci bia\u0142ko w proszku na bazie hydrolizowanego izolatu bia\u0142ka serwatkowego. Produkt jest przeznaczony dla os\u00f3b poszukuj\u0105cych czystego i szybko rozpuszczalnego bia\u0142ka w proszku. IsoPept Zero jest dost\u0119pny w kilku smakach i mo\u017cna go \u0142atwo miesza\u0107 z wod\u0105 lub mlekiem.<\/p>\n<hr \/>\n<h2>Zalety<\/h2>\n<ul>\n<li>Zawiera hydrolizowany izolat bia\u0142ka serwatkowego<\/li>\n<li>Wysoka zawarto\u015b\u0107 bia\u0142ka w porcji<\/li>\n<li>Szybko rozpuszczalny i \u0142atwy do wymieszania<\/li>\n<li>Dost\u0119pne w r\u00f3\u017cnych smakach<\/li>\n<li>Odpowiedni jako suplement dla os\u00f3b prowadz\u0105cych aktywny tryb \u017cycia<\/li>\n<\/ul>\n<hr \/>\n<h2>Instrukcja obs\u0142ugi<\/h2>\n<p>Mieszaj <strong>1 miarka (ok. 30 g)<\/strong> IsoPept Zero z 200-250 ml wody lub mleka.<\/p>\n<ul>\n<li>Zalecane spo\u017cycie: 1 porcja dziennie lub wed\u0142ug indywidualnych potrzeb.<\/li>\n<li>Mo\u017cna przyjmowa\u0107 o dowolnej porze dnia.<\/li>\n<li>Dobrze wstrz\u0105\u015bnij lub wymieszaj, aby uzyska\u0107 g\u0142adkie rezultaty<\/li>\n<\/ul>\n<hr \/>","protected":false},"excerpt":{"rendered":"<p>EHPlabs IsoPept Zero to hydrolizowany izolat bia\u0142ka serwatkowego o wysokiej zawarto\u015bci bia\u0142ka. Proszek jest dost\u0119pny w r\u00f3\u017cnych smakach i \u0142atwy do zmieszania z wod\u0105 lub mlekiem. Idealny jako suplement dla os\u00f3b prowadz\u0105cych aktywny tryb \u017cycia.<\/p>","protected":false},"featured_media":194,"comment_status":"open","ping_status":"closed","template":"","meta":[],"product_brand":[],"product_cat":[72,67],"product_tag":[],"class_list":{"0":"post-190","1":"product","2":"type-product","3":"status-publish","4":"has-post-thumbnail","6":"product_cat-ehplabs","7":"product_cat-eiwitten-proteine","9":"first","10":"instock","11":"taxable","12":"shipping-taxable","13":"purchasable","14":"product-type-variable"},"yoast_head":"<!-- This site is optimized with the Yoast SEO plugin v27.4 - https:\/\/yoast.com\/product\/yoast-seo-wordpress\/ -->\n<title>Isopept Hydrolyzed Whey Protein - EHPLabs - Holy-Supps.nl<\/title>\n<meta name=\"description\" content=\"Verhoog spiergroei en herstel met Isopept Hydrolyzed Whey Protein van EHPLabs. Bevat 27g eiwit per portie, ideaal na intensieve trainingen.\" \/>\n<meta name=\"robots\" content=\"index, follow, max-snippet:-1, max-image-preview:large, max-video-preview:-1\" \/>\n<link rel=\"canonical\" href=\"https:\/\/www.holy-supps.nl\/pl\/produkt\/izopept-hydrolizowane-bialko-serwatkowe-ehplabs\/\" \/>\n<meta property=\"og:locale\" content=\"pl_PL\" \/>\n<meta property=\"og:type\" content=\"article\" \/>\n<meta property=\"og:title\" content=\"Isopept Hydrolyzed Whey Protein - EHPLabs - Holy-Supps.nl\" \/>\n<meta property=\"og:description\" content=\"Verhoog spiergroei en herstel met Isopept Hydrolyzed Whey Protein van EHPLabs. Bevat 27g eiwit per portie, ideaal na intensieve trainingen.\" \/>\n<meta property=\"og:url\" content=\"https:\/\/www.holy-supps.nl\/pl\/produkt\/izopept-hydrolizowane-bialko-serwatkowe-ehplabs\/\" \/>\n<meta property=\"og:site_name\" content=\"Holy-Supps.nl\" \/>\n<meta property=\"article:publisher\" content=\"https:\/\/www.facebook.com\/holy.supps\" \/>\n<meta property=\"article:modified_time\" content=\"2026-04-24T22:27:31+00:00\" \/>\n<meta property=\"og:image\" content=\"https:\/\/www.holy-supps.nl\/wp-content\/uploads\/2023\/03\/USWEBSITEIMAGES48_2455fdb4-46ac-4576-9694-8a26e184f17f.webp\" \/>\n\t<meta property=\"og:image:width\" content=\"1000\" \/>\n\t<meta property=\"og:image:height\" content=\"1000\" \/>\n\t<meta property=\"og:image:type\" content=\"image\/webp\" \/>\n<meta name=\"twitter:card\" content=\"summary_large_image\" \/>\n<meta name=\"twitter:label1\" content=\"Szacowany czas czytania\" \/>\n\t<meta name=\"twitter:data1\" content=\"5 minut\" \/>\n<script type=\"application\/ld+json\" class=\"yoast-schema-graph\">{\"@context\":\"https:\\\/\\\/schema.org\",\"@graph\":[{\"@type\":\"WebPage\",\"@id\":\"https:\\\/\\\/www.holy-supps.nl\\\/product\\\/isopept-hydrolyzed-whey-protein-ehplabs\\\/\",\"url\":\"https:\\\/\\\/www.holy-supps.nl\\\/product\\\/isopept-hydrolyzed-whey-protein-ehplabs\\\/\",\"name\":\"Isopept Hydrolyzed Whey Protein - EHPLabs - Holy-Supps.nl\",\"isPartOf\":{\"@id\":\"https:\\\/\\\/www.holy-supps.nl\\\/#website\"},\"primaryImageOfPage\":{\"@id\":\"https:\\\/\\\/www.holy-supps.nl\\\/product\\\/isopept-hydrolyzed-whey-protein-ehplabs\\\/#primaryimage\"},\"image\":{\"@id\":\"https:\\\/\\\/www.holy-supps.nl\\\/product\\\/isopept-hydrolyzed-whey-protein-ehplabs\\\/#primaryimage\"},\"thumbnailUrl\":\"https:\\\/\\\/www.holy-supps.nl\\\/wp-content\\\/uploads\\\/2023\\\/03\\\/USWEBSITEIMAGES48_2455fdb4-46ac-4576-9694-8a26e184f17f.webp\",\"datePublished\":\"2023-03-05T10:19:38+00:00\",\"dateModified\":\"2026-04-24T22:27:31+00:00\",\"description\":\"Verhoog spiergroei en herstel met Isopept Hydrolyzed Whey Protein van EHPLabs. Bevat 27g eiwit per portie, ideaal na intensieve trainingen.\",\"breadcrumb\":{\"@id\":\"https:\\\/\\\/www.holy-supps.nl\\\/product\\\/isopept-hydrolyzed-whey-protein-ehplabs\\\/#breadcrumb\"},\"inLanguage\":\"pl-PL\",\"potentialAction\":[{\"@type\":\"ReadAction\",\"target\":[\"https:\\\/\\\/www.holy-supps.nl\\\/product\\\/isopept-hydrolyzed-whey-protein-ehplabs\\\/\"]}]},{\"@type\":\"ImageObject\",\"inLanguage\":\"pl-PL\",\"@id\":\"https:\\\/\\\/www.holy-supps.nl\\\/product\\\/isopept-hydrolyzed-whey-protein-ehplabs\\\/#primaryimage\",\"url\":\"https:\\\/\\\/www.holy-supps.nl\\\/wp-content\\\/uploads\\\/2023\\\/03\\\/USWEBSITEIMAGES48_2455fdb4-46ac-4576-9694-8a26e184f17f.webp\",\"contentUrl\":\"https:\\\/\\\/www.holy-supps.nl\\\/wp-content\\\/uploads\\\/2023\\\/03\\\/USWEBSITEIMAGES48_2455fdb4-46ac-4576-9694-8a26e184f17f.webp\",\"width\":1000,\"height\":1000},{\"@type\":\"BreadcrumbList\",\"@id\":\"https:\\\/\\\/www.holy-supps.nl\\\/product\\\/isopept-hydrolyzed-whey-protein-ehplabs\\\/#breadcrumb\",\"itemListElement\":[{\"@type\":\"ListItem\",\"position\":1,\"name\":\"Home\",\"item\":\"https:\\\/\\\/www.holy-supps.nl\\\/\"},{\"@type\":\"ListItem\",\"position\":2,\"name\":\"Winkel\",\"item\":\"https:\\\/\\\/www.holy-supps.nl\\\/winkel\\\/\"},{\"@type\":\"ListItem\",\"position\":3,\"name\":\"Isopept Hydrolyzed Whey Protein &#8211; EHPLabs\"}]},{\"@type\":\"WebSite\",\"@id\":\"https:\\\/\\\/www.holy-supps.nl\\\/#website\",\"url\":\"https:\\\/\\\/www.holy-supps.nl\\\/\",\"name\":\"Holy-Supps.nl\",\"description\":\"Official EHPLabs Reseller!\",\"publisher\":{\"@id\":\"https:\\\/\\\/www.holy-supps.nl\\\/#organization\"},\"potentialAction\":[{\"@type\":\"SearchAction\",\"target\":{\"@type\":\"EntryPoint\",\"urlTemplate\":\"https:\\\/\\\/www.holy-supps.nl\\\/?s={search_term_string}\"},\"query-input\":{\"@type\":\"PropertyValueSpecification\",\"valueRequired\":true,\"valueName\":\"search_term_string\"}}],\"inLanguage\":\"pl-PL\"},{\"@type\":\"Organization\",\"@id\":\"https:\\\/\\\/www.holy-supps.nl\\\/#organization\",\"name\":\"Holy Supps\",\"url\":\"https:\\\/\\\/www.holy-supps.nl\\\/\",\"logo\":{\"@type\":\"ImageObject\",\"inLanguage\":\"pl-PL\",\"@id\":\"https:\\\/\\\/www.holy-supps.nl\\\/#\\\/schema\\\/logo\\\/image\\\/\",\"url\":\"https:\\\/\\\/www.holy-supps.nl\\\/wp-content\\\/uploads\\\/2023\\\/06\\\/HOLY-SUPPS.png\",\"contentUrl\":\"https:\\\/\\\/www.holy-supps.nl\\\/wp-content\\\/uploads\\\/2023\\\/06\\\/HOLY-SUPPS.png\",\"width\":1000,\"height\":400,\"caption\":\"Holy Supps\"},\"image\":{\"@id\":\"https:\\\/\\\/www.holy-supps.nl\\\/#\\\/schema\\\/logo\\\/image\\\/\"},\"sameAs\":[\"https:\\\/\\\/www.facebook.com\\\/holy.supps\",\"https:\\\/\\\/www.instagram.com\\\/holy.supps.shop\\\/\"]}]}<\/script>\n<!-- \/ Yoast SEO plugin. -->","yoast_head_json":{"title":"Isopept Hydrolyzed Whey Protein - EHPLabs - Holy-Supps.pl","description":"Zwi\u0119ksz wzrost mi\u0119\u015bni i regeneracj\u0119 dzi\u0119ki hydrolizowanemu bia\u0142ku serwatkowemu Isopept firmy EHPLabs. Zawiera 27 g bia\u0142ka w porcji, idealne po intensywnych treningach.","robots":{"index":"index","follow":"follow","max-snippet":"max-snippet:-1","max-image-preview":"max-image-preview:large","max-video-preview":"max-video-preview:-1"},"canonical":"https:\/\/www.holy-supps.nl\/pl\/produkt\/izopept-hydrolizowane-bialko-serwatkowe-ehplabs\/","og_locale":"pl_PL","og_type":"article","og_title":"Isopept Hydrolyzed Whey Protein - EHPLabs - Holy-Supps.nl","og_description":"Verhoog spiergroei en herstel met Isopept Hydrolyzed Whey Protein van EHPLabs. Bevat 27g eiwit per portie, ideaal na intensieve trainingen.","og_url":"https:\/\/www.holy-supps.nl\/pl\/produkt\/izopept-hydrolizowane-bialko-serwatkowe-ehplabs\/","og_site_name":"Holy-Supps.nl","article_publisher":"https:\/\/www.facebook.com\/holy.supps","article_modified_time":"2026-04-24T22:27:31+00:00","og_image":[{"width":1000,"height":1000,"url":"https:\/\/www.holy-supps.nl\/wp-content\/uploads\/2023\/03\/USWEBSITEIMAGES48_2455fdb4-46ac-4576-9694-8a26e184f17f.webp","type":"image\/webp"}],"twitter_card":"summary_large_image","twitter_misc":{"Szacowany czas czytania":"5 minut"},"schema":{"@context":"https:\/\/schema.org","@graph":[{"@type":"WebPage","@id":"https:\/\/www.holy-supps.nl\/product\/isopept-hydrolyzed-whey-protein-ehplabs\/","url":"https:\/\/www.holy-supps.nl\/product\/isopept-hydrolyzed-whey-protein-ehplabs\/","name":"Isopept Hydrolyzed Whey Protein - EHPLabs - Holy-Supps.pl","isPartOf":{"@id":"https:\/\/www.holy-supps.nl\/#website"},"primaryImageOfPage":{"@id":"https:\/\/www.holy-supps.nl\/product\/isopept-hydrolyzed-whey-protein-ehplabs\/#primaryimage"},"image":{"@id":"https:\/\/www.holy-supps.nl\/product\/isopept-hydrolyzed-whey-protein-ehplabs\/#primaryimage"},"thumbnailUrl":"https:\/\/www.holy-supps.nl\/wp-content\/uploads\/2023\/03\/USWEBSITEIMAGES48_2455fdb4-46ac-4576-9694-8a26e184f17f.webp","datePublished":"2023-03-05T10:19:38+00:00","dateModified":"2026-04-24T22:27:31+00:00","description":"Zwi\u0119ksz wzrost mi\u0119\u015bni i regeneracj\u0119 dzi\u0119ki hydrolizowanemu bia\u0142ku serwatkowemu Isopept firmy EHPLabs. Zawiera 27 g bia\u0142ka w porcji, idealne po intensywnych treningach.","breadcrumb":{"@id":"https:\/\/www.holy-supps.nl\/product\/isopept-hydrolyzed-whey-protein-ehplabs\/#breadcrumb"},"inLanguage":"pl-PL","potentialAction":[{"@type":"ReadAction","target":["https:\/\/www.holy-supps.nl\/product\/isopept-hydrolyzed-whey-protein-ehplabs\/"]}]},{"@type":"ImageObject","inLanguage":"pl-PL","@id":"https:\/\/www.holy-supps.nl\/product\/isopept-hydrolyzed-whey-protein-ehplabs\/#primaryimage","url":"https:\/\/www.holy-supps.nl\/wp-content\/uploads\/2023\/03\/USWEBSITEIMAGES48_2455fdb4-46ac-4576-9694-8a26e184f17f.webp","contentUrl":"https:\/\/www.holy-supps.nl\/wp-content\/uploads\/2023\/03\/USWEBSITEIMAGES48_2455fdb4-46ac-4576-9694-8a26e184f17f.webp","width":1000,"height":1000},{"@type":"BreadcrumbList","@id":"https:\/\/www.holy-supps.nl\/product\/isopept-hydrolyzed-whey-protein-ehplabs\/#breadcrumb","itemListElement":[{"@type":"ListItem","position":1,"name":"Home","item":"https:\/\/www.holy-supps.nl\/"},{"@type":"ListItem","position":2,"name":"Winkel","item":"https:\/\/www.holy-supps.nl\/winkel\/"},{"@type":"ListItem","position":3,"name":"Isopept Hydrolyzed Whey Protein &#8211; EHPLabs"}]},{"@type":"WebSite","@id":"https:\/\/www.holy-supps.nl\/#website","url":"https:\/\/www.holy-supps.nl\/","name":"Holy-Supps.co.uk","description":"Oficjalny dystrybutor EHPLabs!","publisher":{"@id":"https:\/\/www.holy-supps.nl\/#organization"},"potentialAction":[{"@type":"SearchAction","target":{"@type":"EntryPoint","urlTemplate":"https:\/\/www.holy-supps.nl\/?s={search_term_string}"},"query-input":{"@type":"PropertyValueSpecification","valueRequired":true,"valueName":"search_term_string"}}],"inLanguage":"pl-PL"},{"@type":"Organization","@id":"https:\/\/www.holy-supps.nl\/#organization","name":"Holy Supps","url":"https:\/\/www.holy-supps.nl\/","logo":{"@type":"ImageObject","inLanguage":"pl-PL","@id":"https:\/\/www.holy-supps.nl\/#\/schema\/logo\/image\/","url":"https:\/\/www.holy-supps.nl\/wp-content\/uploads\/2023\/06\/HOLY-SUPPS.png","contentUrl":"https:\/\/www.holy-supps.nl\/wp-content\/uploads\/2023\/06\/HOLY-SUPPS.png","width":1000,"height":400,"caption":"Holy Supps"},"image":{"@id":"https:\/\/www.holy-supps.nl\/#\/schema\/logo\/image\/"},"sameAs":["https:\/\/www.facebook.com\/holy.supps","https:\/\/www.instagram.com\/holy.supps.shop\/"]}]}},"jetpack_sharing_enabled":true,"_links":{"self":[{"href":"https:\/\/www.holy-supps.nl\/pl\/wp-json\/wp\/v2\/product\/190","targetHints":{"allow":["GET"]}}],"collection":[{"href":"https:\/\/www.holy-supps.nl\/pl\/wp-json\/wp\/v2\/product"}],"about":[{"href":"https:\/\/www.holy-supps.nl\/pl\/wp-json\/wp\/v2\/types\/product"}],"replies":[{"embeddable":true,"href":"https:\/\/www.holy-supps.nl\/pl\/wp-json\/wp\/v2\/comments?post=190"}],"wp:featuredmedia":[{"embeddable":true,"href":"https:\/\/www.holy-supps.nl\/pl\/wp-json\/wp\/v2\/media\/194"}],"wp:attachment":[{"href":"https:\/\/www.holy-supps.nl\/pl\/wp-json\/wp\/v2\/media?parent=190"}],"wp:term":[{"taxonomy":"product_brand","embeddable":true,"href":"https:\/\/www.holy-supps.nl\/pl\/wp-json\/wp\/v2\/product_brand?post=190"},{"taxonomy":"product_cat","embeddable":true,"href":"https:\/\/www.holy-supps.nl\/pl\/wp-json\/wp\/v2\/product_cat?post=190"},{"taxonomy":"product_tag","embeddable":true,"href":"https:\/\/www.holy-supps.nl\/pl\/wp-json\/wp\/v2\/product_tag?post=190"}],"curies":[{"name":"wp","href":"https:\/\/api.w.org\/{rel}","templated":true}]}}