{"id":1773,"date":"2023-12-08T14:43:52","date_gmt":"2023-12-08T13:43:52","guid":{"rendered":"https:\/\/www.holy-supps.nl\/?post_type=product&#038;p=1773"},"modified":"2025-09-15T15:30:45","modified_gmt":"2025-09-15T13:30:45","slug":"the-protein-works-absurdalny-weganski-baton-proteinowy","status":"publish","type":"product","link":"https:\/\/www.holy-supps.nl\/pl\/product\/the-protein-works-ridiculous-vegan-protein-bar-2\/","title":{"rendered":"The Protein Works - absurdalny wega\u0144ski baton proteinowy"},"content":{"rendered":"<h2>Czym jest Ridiculous Vegan Protein Bar?<\/h2>\n<p>Nazwany na cze\u015b\u0107 niezliczonych reakcji, kt\u00f3re widzieli\u015bmy od ludzi po wypr\u00f3bowaniu tej wygodnej przek\u0105ski bia\u0142kowej na bazie ro\u015blin, jest to wega\u0144ski baton zaprojektowany bez kompromis\u00f3w; prezent dla twojego sumienia i twoich pragnie\u0144.<\/p>\n<p>Absurdalny z samej swojej natury, ten pasek nie powinien by\u0107 technicznie mo\u017cliwy! Po\u0142\u0105cz te funkcje domy\u015blnie w ka\u017cdym pasku, a zaczniesz rozumie\u0107, dlaczego jest to niedorzeczne:<\/p>\n<p>Ca\u0142kowicie ro\u015blinny<\/p>\n<p>Celowo nie zawiera oleju palmowego<\/p>\n<p>Minimalny wp\u0142yw na \u015brodowisko<\/p>\n<p>Wysoka zawarto\u015b\u0107 bia\u0142ka i mniej ni\u017c 1 g cukru<\/p>\n<p>Bogaty w b\u0142onnik, kt\u00f3ry zapewnia uczucie syto\u015bci na d\u0142u\u017cej<br \/>\nMniej ni\u017c 200 kalorii na baton*<br \/>\nCa\u0142kowicie bezglutenowy<br \/>\nBez sztucznych aromat\u00f3w, barwnik\u00f3w i konserwant\u00f3w<br \/>\nPyszny smak, z wieloma warstwami rozkoszy<\/p>\n<p>...Wszystko to sprawia, \u017ce wega\u0144ski baton nie ma sobie r\u00f3wnych.<\/p>\n<h2>Sk\u0142adniki<\/h2>\n<p>Mieszanka bia\u0142kowa (izolat bia\u0142ka sojowego, bia\u0142ko grochu), polewa czekoladowa (20%) (mas\u0142o kakaowe, m\u0105ka sojowa, ksylitol, masa kakaowa, lecytyna s\u0142onecznikowa, naturalny aromat waniliowy), b\u0142onnik z korzenia cykorii, polewa karmelowa (13%) (substancja s\u0142odz\u0105ca (maltitol), mas\u0142o kakaowe, gliceryna ro\u015blinna, lecytyna s\u0142onecznikowa, woda, kakao w proszku o obni\u017conej zawarto\u015bci t\u0142uszczu, guma arabska, s\u00f3l himalajska), nuggetsy z bia\u0142ka sojowego (8%) (izolat bia\u0142ka sojowego, kakao w proszku o obni\u017conej zawarto\u015bci t\u0142uszczu, skrobia z tapioki), pasta z orzeszk\u00f3w ziemnych, gliceryna ro\u015blinna, olej kokosowy, lecytyna s\u0142onecznikowa, naturalne aromaty, ekstrakt z zielonej herbaty, s\u00f3l himalajska, substancja s\u0142odz\u0105ca (glikozydy stewiolowe).<\/p>","protected":false},"excerpt":{"rendered":"<p>Wat Is Ridiculous Vegan Protein Bar? Vernoemd naar de talloze reacties die we van mensen hebben gezien nadat ze deze handige plantaardige eiwitsnack hebben geprobeerd, is dit een veganistische reep die is ontworpen zonder compromissen; een geschenk voor je geweten en je verlangens. Belachelijk door zijn aard, zou deze bar technisch gezien niet mogelijk moeten [&#8230;]\n","protected":false},"featured_media":1774,"comment_status":"open","ping_status":"closed","template":"","meta":[],"product_brand":[],"product_cat":[86,93,79,73,81,83,78],"product_tag":[],"class_list":{"0":"post-1773","1":"product","2":"type-product","3":"status-publish","4":"has-post-thumbnail","6":"product_cat-aankomen","7":"product_cat-bars-snacks","8":"product_cat-maaltijdvervangers","9":"product_cat-protein-works","10":"product_cat-spieropbouw","11":"product_cat-the-protein-works","12":"product_cat-voeding-snacks","14":"first","15":"outofstock","16":"sale","17":"taxable","18":"shipping-taxable","19":"purchasable","20":"product-type-simple"},"yoast_head":"<!-- This site is optimized with the Yoast SEO plugin v27.5 - https:\/\/yoast.com\/product\/yoast-seo-wordpress\/ -->\n<title>The Protein Works - Ridiculous Vegan Protein Bar - Holy-Supps.nl<\/title>\n<meta name=\"robots\" content=\"index, follow, max-snippet:-1, max-image-preview:large, max-video-preview:-1\" \/>\n<link rel=\"canonical\" href=\"https:\/\/www.holy-supps.nl\/pl\/produkt\/the-protein-works-absurdalny-weganski-baton-proteinowy\/\" \/>\n<meta property=\"og:locale\" content=\"pl_PL\" \/>\n<meta property=\"og:type\" content=\"article\" \/>\n<meta property=\"og:title\" content=\"The Protein Works - Ridiculous Vegan Protein Bar - Holy-Supps.nl\" \/>\n<meta property=\"og:description\" content=\"Wat Is Ridiculous Vegan Protein Bar? Vernoemd naar de talloze reacties die we van mensen hebben gezien nadat ze deze handige plantaardige eiwitsnack hebben geprobeerd, is dit een veganistische reep die is ontworpen zonder compromissen; een geschenk voor je geweten en je verlangens. Belachelijk door zijn aard, zou deze bar technisch gezien niet mogelijk moeten [...]\" \/>\n<meta property=\"og:url\" content=\"https:\/\/www.holy-supps.nl\/pl\/produkt\/the-protein-works-absurdalny-weganski-baton-proteinowy\/\" \/>\n<meta property=\"og:site_name\" content=\"Holy-Supps.nl\" \/>\n<meta property=\"article:publisher\" content=\"https:\/\/www.facebook.com\/holy.supps\" \/>\n<meta property=\"article:modified_time\" content=\"2025-09-15T13:30:45+00:00\" \/>\n<meta property=\"og:image\" content=\"https:\/\/www.holy-supps.nl\/wp-content\/uploads\/2023\/12\/rvb_pdp_4_1.webp\" \/>\n\t<meta property=\"og:image:width\" content=\"1120\" \/>\n\t<meta property=\"og:image:height\" content=\"1120\" \/>\n\t<meta property=\"og:image:type\" content=\"image\/webp\" \/>\n<meta name=\"twitter:card\" content=\"summary_large_image\" \/>\n<meta name=\"twitter:label1\" content=\"Szacowany czas czytania\" \/>\n\t<meta name=\"twitter:data1\" content=\"1 minuta\" \/>\n<script type=\"application\/ld+json\" class=\"yoast-schema-graph\">{\"@context\":\"https:\\\/\\\/schema.org\",\"@graph\":[{\"@type\":\"WebPage\",\"@id\":\"https:\\\/\\\/www.holy-supps.nl\\\/product\\\/the-protein-works-ridiculous-vegan-protein-bar-2\\\/\",\"url\":\"https:\\\/\\\/www.holy-supps.nl\\\/product\\\/the-protein-works-ridiculous-vegan-protein-bar-2\\\/\",\"name\":\"The Protein Works - Ridiculous Vegan Protein Bar - Holy-Supps.nl\",\"isPartOf\":{\"@id\":\"https:\\\/\\\/www.holy-supps.nl\\\/#website\"},\"primaryImageOfPage\":{\"@id\":\"https:\\\/\\\/www.holy-supps.nl\\\/product\\\/the-protein-works-ridiculous-vegan-protein-bar-2\\\/#primaryimage\"},\"image\":{\"@id\":\"https:\\\/\\\/www.holy-supps.nl\\\/product\\\/the-protein-works-ridiculous-vegan-protein-bar-2\\\/#primaryimage\"},\"thumbnailUrl\":\"https:\\\/\\\/www.holy-supps.nl\\\/wp-content\\\/uploads\\\/2023\\\/12\\\/rvb_pdp_4_1.webp\",\"datePublished\":\"2023-12-08T13:43:52+00:00\",\"dateModified\":\"2025-09-15T13:30:45+00:00\",\"breadcrumb\":{\"@id\":\"https:\\\/\\\/www.holy-supps.nl\\\/product\\\/the-protein-works-ridiculous-vegan-protein-bar-2\\\/#breadcrumb\"},\"inLanguage\":\"pl-PL\",\"potentialAction\":[{\"@type\":\"ReadAction\",\"target\":[\"https:\\\/\\\/www.holy-supps.nl\\\/product\\\/the-protein-works-ridiculous-vegan-protein-bar-2\\\/\"]}]},{\"@type\":\"ImageObject\",\"inLanguage\":\"pl-PL\",\"@id\":\"https:\\\/\\\/www.holy-supps.nl\\\/product\\\/the-protein-works-ridiculous-vegan-protein-bar-2\\\/#primaryimage\",\"url\":\"https:\\\/\\\/www.holy-supps.nl\\\/wp-content\\\/uploads\\\/2023\\\/12\\\/rvb_pdp_4_1.webp\",\"contentUrl\":\"https:\\\/\\\/www.holy-supps.nl\\\/wp-content\\\/uploads\\\/2023\\\/12\\\/rvb_pdp_4_1.webp\",\"width\":1120,\"height\":1120},{\"@type\":\"BreadcrumbList\",\"@id\":\"https:\\\/\\\/www.holy-supps.nl\\\/product\\\/the-protein-works-ridiculous-vegan-protein-bar-2\\\/#breadcrumb\",\"itemListElement\":[{\"@type\":\"ListItem\",\"position\":1,\"name\":\"Home\",\"item\":\"https:\\\/\\\/www.holy-supps.nl\\\/\"},{\"@type\":\"ListItem\",\"position\":2,\"name\":\"Winkel\",\"item\":\"https:\\\/\\\/www.holy-supps.nl\\\/winkel\\\/\"},{\"@type\":\"ListItem\",\"position\":3,\"name\":\"The Protein Works &#8211; Ridiculous Vegan Protein Bar\"}]},{\"@type\":\"WebSite\",\"@id\":\"https:\\\/\\\/www.holy-supps.nl\\\/#website\",\"url\":\"https:\\\/\\\/www.holy-supps.nl\\\/\",\"name\":\"Holy-Supps.nl\",\"description\":\"Official EHPLabs Reseller!\",\"publisher\":{\"@id\":\"https:\\\/\\\/www.holy-supps.nl\\\/#organization\"},\"potentialAction\":[{\"@type\":\"SearchAction\",\"target\":{\"@type\":\"EntryPoint\",\"urlTemplate\":\"https:\\\/\\\/www.holy-supps.nl\\\/?s={search_term_string}\"},\"query-input\":{\"@type\":\"PropertyValueSpecification\",\"valueRequired\":true,\"valueName\":\"search_term_string\"}}],\"inLanguage\":\"pl-PL\"},{\"@type\":\"Organization\",\"@id\":\"https:\\\/\\\/www.holy-supps.nl\\\/#organization\",\"name\":\"Holy Supps\",\"url\":\"https:\\\/\\\/www.holy-supps.nl\\\/\",\"logo\":{\"@type\":\"ImageObject\",\"inLanguage\":\"pl-PL\",\"@id\":\"https:\\\/\\\/www.holy-supps.nl\\\/#\\\/schema\\\/logo\\\/image\\\/\",\"url\":\"https:\\\/\\\/www.holy-supps.nl\\\/wp-content\\\/uploads\\\/2023\\\/06\\\/HOLY-SUPPS.png\",\"contentUrl\":\"https:\\\/\\\/www.holy-supps.nl\\\/wp-content\\\/uploads\\\/2023\\\/06\\\/HOLY-SUPPS.png\",\"width\":1000,\"height\":400,\"caption\":\"Holy Supps\"},\"image\":{\"@id\":\"https:\\\/\\\/www.holy-supps.nl\\\/#\\\/schema\\\/logo\\\/image\\\/\"},\"sameAs\":[\"https:\\\/\\\/www.facebook.com\\\/holy.supps\",\"https:\\\/\\\/www.instagram.com\\\/holy.supps.shop\\\/\"]}]}<\/script>\n<!-- \/ Yoast SEO plugin. -->","yoast_head_json":{"title":"The Protein Works - absurdalny wega\u0144ski baton proteinowy - Holy-Supps.pl","robots":{"index":"index","follow":"follow","max-snippet":"max-snippet:-1","max-image-preview":"max-image-preview:large","max-video-preview":"max-video-preview:-1"},"canonical":"https:\/\/www.holy-supps.nl\/pl\/produkt\/the-protein-works-absurdalny-weganski-baton-proteinowy\/","og_locale":"pl_PL","og_type":"article","og_title":"The Protein Works - Ridiculous Vegan Protein Bar - Holy-Supps.nl","og_description":"Wat Is Ridiculous Vegan Protein Bar? Vernoemd naar de talloze reacties die we van mensen hebben gezien nadat ze deze handige plantaardige eiwitsnack hebben geprobeerd, is dit een veganistische reep die is ontworpen zonder compromissen; een geschenk voor je geweten en je verlangens. Belachelijk door zijn aard, zou deze bar technisch gezien niet mogelijk moeten [...]","og_url":"https:\/\/www.holy-supps.nl\/pl\/produkt\/the-protein-works-absurdalny-weganski-baton-proteinowy\/","og_site_name":"Holy-Supps.nl","article_publisher":"https:\/\/www.facebook.com\/holy.supps","article_modified_time":"2025-09-15T13:30:45+00:00","og_image":[{"width":1120,"height":1120,"url":"https:\/\/www.holy-supps.nl\/wp-content\/uploads\/2023\/12\/rvb_pdp_4_1.webp","type":"image\/webp"}],"twitter_card":"summary_large_image","twitter_misc":{"Szacowany czas czytania":"1 minuta"},"schema":{"@context":"https:\/\/schema.org","@graph":[{"@type":"WebPage","@id":"https:\/\/www.holy-supps.nl\/product\/the-protein-works-ridiculous-vegan-protein-bar-2\/","url":"https:\/\/www.holy-supps.nl\/product\/the-protein-works-ridiculous-vegan-protein-bar-2\/","name":"The Protein Works - absurdalny wega\u0144ski baton proteinowy - Holy-Supps.pl","isPartOf":{"@id":"https:\/\/www.holy-supps.nl\/#website"},"primaryImageOfPage":{"@id":"https:\/\/www.holy-supps.nl\/product\/the-protein-works-ridiculous-vegan-protein-bar-2\/#primaryimage"},"image":{"@id":"https:\/\/www.holy-supps.nl\/product\/the-protein-works-ridiculous-vegan-protein-bar-2\/#primaryimage"},"thumbnailUrl":"https:\/\/www.holy-supps.nl\/wp-content\/uploads\/2023\/12\/rvb_pdp_4_1.webp","datePublished":"2023-12-08T13:43:52+00:00","dateModified":"2025-09-15T13:30:45+00:00","breadcrumb":{"@id":"https:\/\/www.holy-supps.nl\/product\/the-protein-works-ridiculous-vegan-protein-bar-2\/#breadcrumb"},"inLanguage":"pl-PL","potentialAction":[{"@type":"ReadAction","target":["https:\/\/www.holy-supps.nl\/product\/the-protein-works-ridiculous-vegan-protein-bar-2\/"]}]},{"@type":"ImageObject","inLanguage":"pl-PL","@id":"https:\/\/www.holy-supps.nl\/product\/the-protein-works-ridiculous-vegan-protein-bar-2\/#primaryimage","url":"https:\/\/www.holy-supps.nl\/wp-content\/uploads\/2023\/12\/rvb_pdp_4_1.webp","contentUrl":"https:\/\/www.holy-supps.nl\/wp-content\/uploads\/2023\/12\/rvb_pdp_4_1.webp","width":1120,"height":1120},{"@type":"BreadcrumbList","@id":"https:\/\/www.holy-supps.nl\/product\/the-protein-works-ridiculous-vegan-protein-bar-2\/#breadcrumb","itemListElement":[{"@type":"ListItem","position":1,"name":"Home","item":"https:\/\/www.holy-supps.nl\/"},{"@type":"ListItem","position":2,"name":"Winkel","item":"https:\/\/www.holy-supps.nl\/winkel\/"},{"@type":"ListItem","position":3,"name":"The Protein Works &#8211; Ridiculous Vegan Protein Bar"}]},{"@type":"WebSite","@id":"https:\/\/www.holy-supps.nl\/#website","url":"https:\/\/www.holy-supps.nl\/","name":"Holy-Supps.co.uk","description":"Oficjalny dystrybutor EHPLabs!","publisher":{"@id":"https:\/\/www.holy-supps.nl\/#organization"},"potentialAction":[{"@type":"SearchAction","target":{"@type":"EntryPoint","urlTemplate":"https:\/\/www.holy-supps.nl\/?s={search_term_string}"},"query-input":{"@type":"PropertyValueSpecification","valueRequired":true,"valueName":"search_term_string"}}],"inLanguage":"pl-PL"},{"@type":"Organization","@id":"https:\/\/www.holy-supps.nl\/#organization","name":"Holy Supps","url":"https:\/\/www.holy-supps.nl\/","logo":{"@type":"ImageObject","inLanguage":"pl-PL","@id":"https:\/\/www.holy-supps.nl\/#\/schema\/logo\/image\/","url":"https:\/\/www.holy-supps.nl\/wp-content\/uploads\/2023\/06\/HOLY-SUPPS.png","contentUrl":"https:\/\/www.holy-supps.nl\/wp-content\/uploads\/2023\/06\/HOLY-SUPPS.png","width":1000,"height":400,"caption":"Holy Supps"},"image":{"@id":"https:\/\/www.holy-supps.nl\/#\/schema\/logo\/image\/"},"sameAs":["https:\/\/www.facebook.com\/holy.supps","https:\/\/www.instagram.com\/holy.supps.shop\/"]}]}},"jetpack_sharing_enabled":true,"_links":{"self":[{"href":"https:\/\/www.holy-supps.nl\/pl\/wp-json\/wp\/v2\/product\/1773","targetHints":{"allow":["GET"]}}],"collection":[{"href":"https:\/\/www.holy-supps.nl\/pl\/wp-json\/wp\/v2\/product"}],"about":[{"href":"https:\/\/www.holy-supps.nl\/pl\/wp-json\/wp\/v2\/types\/product"}],"replies":[{"embeddable":true,"href":"https:\/\/www.holy-supps.nl\/pl\/wp-json\/wp\/v2\/comments?post=1773"}],"wp:featuredmedia":[{"embeddable":true,"href":"https:\/\/www.holy-supps.nl\/pl\/wp-json\/wp\/v2\/media\/1774"}],"wp:attachment":[{"href":"https:\/\/www.holy-supps.nl\/pl\/wp-json\/wp\/v2\/media?parent=1773"}],"wp:term":[{"taxonomy":"product_brand","embeddable":true,"href":"https:\/\/www.holy-supps.nl\/pl\/wp-json\/wp\/v2\/product_brand?post=1773"},{"taxonomy":"product_cat","embeddable":true,"href":"https:\/\/www.holy-supps.nl\/pl\/wp-json\/wp\/v2\/product_cat?post=1773"},{"taxonomy":"product_tag","embeddable":true,"href":"https:\/\/www.holy-supps.nl\/pl\/wp-json\/wp\/v2\/product_tag?post=1773"}],"curies":[{"name":"wp","href":"https:\/\/api.w.org\/{rel}","templated":true}]}}