{"id":159,"date":"2023-03-04T14:54:13","date_gmt":"2023-03-04T13:54:13","guid":{"rendered":"https:\/\/www.holy-supps.nl\/?post_type=product&#038;p=159"},"modified":"2026-05-05T19:27:29","modified_gmt":"2026-05-05T17:27:29","slug":"acetyl-l-karnityna-wspomaganie-odchudzania-ehplabs","status":"publish","type":"product","link":"https:\/\/www.holy-supps.nl\/pl\/product\/acetyl-l-carnitine-weight-loss-support-ehplabs\/","title":{"rendered":"Acetyl L-karnityna | Wspomaganie odchudzania - EHPLabs"},"content":{"rendered":"<h2>Opis<\/h2>\n<p>EHPlabs Acetyl L-Carnitine to suplement w postaci proszku, kt\u00f3ry jest popularny w\u015br\u00f3d sportowc\u00f3w i os\u00f3b pragn\u0105cych uzupe\u0142ni\u0107 swoj\u0105 diet\u0119. Produkt zawiera czysty Acetyl L-Carnitine i mo\u017cna go \u0142atwo wymiesza\u0107 z wod\u0105 lub doda\u0107 do koktajlu. Ta wersja jest bezsmakowa, dzi\u0119ki czemu mo\u017cna j\u0105 \u0142atwo \u0142\u0105czy\u0107 z innymi suplementami lub napojami.<\/p>\n<h2>Zalety<\/h2>\n<ul>\n<li>Zawiera czysty proszek Acetyl L-Carnitine.<\/li>\n<li>\u0141atwo rozpuszczalny w wodzie lub koktajlach<\/li>\n<li>Bezsmakowy, dzi\u0119ki czemu mo\u017cna go \u0142atwo \u0142\u0105czy\u0107 z innymi produktami.<\/li>\n<li>Nadaje si\u0119 do stosowania podczas treningu lub w ci\u0105gu dnia<\/li>\n<\/ul>\n<h2>Instrukcja obs\u0142ugi<\/h2>\n<p>We\u017a 1 porcj\u0119 (oko\u0142o 1 gram) proszku Acetyl L-Carnitine i wymieszaj j\u0105 z wod\u0105 lub innym napojem wed\u0142ug w\u0142asnego uznania. Nadaje si\u0119 do stosowania przed lub po treningu lub o dowolnej porze dnia. Nie przekracza\u0107 zalecanej dziennej dawki. Przechowywa\u0107 w ch\u0142odnym, suchym miejscu, niedost\u0119pnym dla dzieci.<\/p>","protected":false},"excerpt":{"rendered":"<p>EHPlabs Acetyl L-Carnitine to czysty suplement w proszku, kt\u00f3ry mo\u017cna \u0142atwo miesza\u0107 z wod\u0105 lub koktajlami. Dzi\u0119ki bezsmakowej formule idealnie nadaje si\u0119 do \u0142\u0105czenia z innymi produktami. Nadaje si\u0119 do codziennego stosowania w ramach zr\u00f3\u017cnicowanego stylu \u017cycia.<\/p>","protected":false},"featured_media":160,"comment_status":"open","ping_status":"closed","template":"","meta":[],"product_brand":[],"product_cat":[89,212,69,72,70],"product_tag":[],"class_list":{"0":"post-159","1":"product","2":"type-product","3":"status-publish","4":"has-post-thumbnail","6":"product_cat-afvallen","7":"product_cat-bestsellers","8":"product_cat-burners","9":"product_cat-ehplabs","10":"product_cat-raws","12":"first","13":"instock","14":"taxable","15":"shipping-taxable","16":"purchasable","17":"product-type-simple"},"yoast_head":"<!-- This site is optimized with the Yoast SEO plugin v27.5 - https:\/\/yoast.com\/product\/yoast-seo-wordpress\/ -->\n<title>Acetyl L-Carnitine | Weight Loss Support \u2013 EHPLabs - Holy-Supps.nl<\/title>\n<meta name=\"description\" content=\"Acetyl L-Carnitine van EHPLabs: boost vetverbranding, energie en hersenfunctie. Ondersteunt vetverlies en herstel met 100% pure farmaceutische kwaliteit.\" \/>\n<meta name=\"robots\" content=\"index, follow, max-snippet:-1, max-image-preview:large, max-video-preview:-1\" \/>\n<link rel=\"canonical\" href=\"https:\/\/www.holy-supps.nl\/pl\/produkt\/acetyl-l-karnityna-wspomaganie-odchudzania-ehplabs\/\" \/>\n<meta property=\"og:locale\" content=\"pl_PL\" \/>\n<meta property=\"og:type\" content=\"article\" \/>\n<meta property=\"og:title\" content=\"Acetyl L-Carnitine | Weight Loss Support \u2013 EHPLabs - Holy-Supps.nl\" \/>\n<meta property=\"og:description\" content=\"Acetyl L-Carnitine van EHPLabs: boost vetverbranding, energie en hersenfunctie. Ondersteunt vetverlies en herstel met 100% pure farmaceutische kwaliteit.\" \/>\n<meta property=\"og:url\" content=\"https:\/\/www.holy-supps.nl\/pl\/produkt\/acetyl-l-karnityna-wspomaganie-odchudzania-ehplabs\/\" \/>\n<meta property=\"og:site_name\" content=\"Holy-Supps.nl\" \/>\n<meta property=\"article:publisher\" content=\"https:\/\/www.facebook.com\/holy.supps\" \/>\n<meta property=\"article:modified_time\" content=\"2026-05-05T17:27:29+00:00\" \/>\n<meta property=\"og:image\" content=\"https:\/\/www.holy-supps.nl\/wp-content\/uploads\/2023\/03\/RAW-ALC1.webp\" \/>\n\t<meta property=\"og:image:width\" content=\"1000\" \/>\n\t<meta property=\"og:image:height\" content=\"1000\" \/>\n\t<meta property=\"og:image:type\" content=\"image\/webp\" \/>\n<meta name=\"twitter:card\" content=\"summary_large_image\" \/>\n<meta name=\"twitter:label1\" content=\"Szacowany czas czytania\" \/>\n\t<meta name=\"twitter:data1\" content=\"4 minuty\" \/>\n<script type=\"application\/ld+json\" class=\"yoast-schema-graph\">{\"@context\":\"https:\\\/\\\/schema.org\",\"@graph\":[{\"@type\":\"WebPage\",\"@id\":\"https:\\\/\\\/www.holy-supps.nl\\\/product\\\/acetyl-l-carnitine-weight-loss-support-ehplabs\\\/\",\"url\":\"https:\\\/\\\/www.holy-supps.nl\\\/product\\\/acetyl-l-carnitine-weight-loss-support-ehplabs\\\/\",\"name\":\"Acetyl L-Carnitine | Weight Loss Support \u2013 EHPLabs - Holy-Supps.nl\",\"isPartOf\":{\"@id\":\"https:\\\/\\\/www.holy-supps.nl\\\/#website\"},\"primaryImageOfPage\":{\"@id\":\"https:\\\/\\\/www.holy-supps.nl\\\/product\\\/acetyl-l-carnitine-weight-loss-support-ehplabs\\\/#primaryimage\"},\"image\":{\"@id\":\"https:\\\/\\\/www.holy-supps.nl\\\/product\\\/acetyl-l-carnitine-weight-loss-support-ehplabs\\\/#primaryimage\"},\"thumbnailUrl\":\"https:\\\/\\\/www.holy-supps.nl\\\/wp-content\\\/uploads\\\/2023\\\/03\\\/RAW-ALC1.webp\",\"datePublished\":\"2023-03-04T13:54:13+00:00\",\"dateModified\":\"2026-05-05T17:27:29+00:00\",\"description\":\"Acetyl L-Carnitine van EHPLabs: boost vetverbranding, energie en hersenfunctie. Ondersteunt vetverlies en herstel met 100% pure farmaceutische kwaliteit.\",\"breadcrumb\":{\"@id\":\"https:\\\/\\\/www.holy-supps.nl\\\/product\\\/acetyl-l-carnitine-weight-loss-support-ehplabs\\\/#breadcrumb\"},\"inLanguage\":\"pl-PL\",\"potentialAction\":[{\"@type\":\"ReadAction\",\"target\":[\"https:\\\/\\\/www.holy-supps.nl\\\/product\\\/acetyl-l-carnitine-weight-loss-support-ehplabs\\\/\"]}]},{\"@type\":\"ImageObject\",\"inLanguage\":\"pl-PL\",\"@id\":\"https:\\\/\\\/www.holy-supps.nl\\\/product\\\/acetyl-l-carnitine-weight-loss-support-ehplabs\\\/#primaryimage\",\"url\":\"https:\\\/\\\/www.holy-supps.nl\\\/wp-content\\\/uploads\\\/2023\\\/03\\\/RAW-ALC1.webp\",\"contentUrl\":\"https:\\\/\\\/www.holy-supps.nl\\\/wp-content\\\/uploads\\\/2023\\\/03\\\/RAW-ALC1.webp\",\"width\":1000,\"height\":1000},{\"@type\":\"BreadcrumbList\",\"@id\":\"https:\\\/\\\/www.holy-supps.nl\\\/product\\\/acetyl-l-carnitine-weight-loss-support-ehplabs\\\/#breadcrumb\",\"itemListElement\":[{\"@type\":\"ListItem\",\"position\":1,\"name\":\"Home\",\"item\":\"https:\\\/\\\/www.holy-supps.nl\\\/\"},{\"@type\":\"ListItem\",\"position\":2,\"name\":\"Winkel\",\"item\":\"https:\\\/\\\/www.holy-supps.nl\\\/winkel\\\/\"},{\"@type\":\"ListItem\",\"position\":3,\"name\":\"Acetyl L-Carnitine | Weight Loss Support \u2013 EHPLabs\"}]},{\"@type\":\"WebSite\",\"@id\":\"https:\\\/\\\/www.holy-supps.nl\\\/#website\",\"url\":\"https:\\\/\\\/www.holy-supps.nl\\\/\",\"name\":\"Holy-Supps.nl\",\"description\":\"Official EHPLabs Reseller!\",\"publisher\":{\"@id\":\"https:\\\/\\\/www.holy-supps.nl\\\/#organization\"},\"potentialAction\":[{\"@type\":\"SearchAction\",\"target\":{\"@type\":\"EntryPoint\",\"urlTemplate\":\"https:\\\/\\\/www.holy-supps.nl\\\/?s={search_term_string}\"},\"query-input\":{\"@type\":\"PropertyValueSpecification\",\"valueRequired\":true,\"valueName\":\"search_term_string\"}}],\"inLanguage\":\"pl-PL\"},{\"@type\":\"Organization\",\"@id\":\"https:\\\/\\\/www.holy-supps.nl\\\/#organization\",\"name\":\"Holy Supps\",\"url\":\"https:\\\/\\\/www.holy-supps.nl\\\/\",\"logo\":{\"@type\":\"ImageObject\",\"inLanguage\":\"pl-PL\",\"@id\":\"https:\\\/\\\/www.holy-supps.nl\\\/#\\\/schema\\\/logo\\\/image\\\/\",\"url\":\"https:\\\/\\\/www.holy-supps.nl\\\/wp-content\\\/uploads\\\/2023\\\/06\\\/HOLY-SUPPS.png\",\"contentUrl\":\"https:\\\/\\\/www.holy-supps.nl\\\/wp-content\\\/uploads\\\/2023\\\/06\\\/HOLY-SUPPS.png\",\"width\":1000,\"height\":400,\"caption\":\"Holy Supps\"},\"image\":{\"@id\":\"https:\\\/\\\/www.holy-supps.nl\\\/#\\\/schema\\\/logo\\\/image\\\/\"},\"sameAs\":[\"https:\\\/\\\/www.facebook.com\\\/holy.supps\",\"https:\\\/\\\/www.instagram.com\\\/holy.supps.shop\\\/\"]}]}<\/script>\n<!-- \/ Yoast SEO plugin. -->","yoast_head_json":{"title":"Acetyl L-karnityna | Wspomaganie odchudzania - EHPLabs - Holy-Supps.pl","description":"Acetyl L-karnityna od EHPLabs: zwi\u0119ksza spalanie t\u0142uszczu, energi\u0119 i funkcje m\u00f3zgu. Wspomaga utrat\u0119 t\u0142uszczu i regeneracj\u0119 dzi\u0119ki 100% czystej farmaceutycznej jako\u015bci.","robots":{"index":"index","follow":"follow","max-snippet":"max-snippet:-1","max-image-preview":"max-image-preview:large","max-video-preview":"max-video-preview:-1"},"canonical":"https:\/\/www.holy-supps.nl\/pl\/produkt\/acetyl-l-karnityna-wspomaganie-odchudzania-ehplabs\/","og_locale":"pl_PL","og_type":"article","og_title":"Acetyl L-Carnitine | Weight Loss Support \u2013 EHPLabs - Holy-Supps.nl","og_description":"Acetyl L-Carnitine van EHPLabs: boost vetverbranding, energie en hersenfunctie. Ondersteunt vetverlies en herstel met 100% pure farmaceutische kwaliteit.","og_url":"https:\/\/www.holy-supps.nl\/pl\/produkt\/acetyl-l-karnityna-wspomaganie-odchudzania-ehplabs\/","og_site_name":"Holy-Supps.nl","article_publisher":"https:\/\/www.facebook.com\/holy.supps","article_modified_time":"2026-05-05T17:27:29+00:00","og_image":[{"width":1000,"height":1000,"url":"https:\/\/www.holy-supps.nl\/wp-content\/uploads\/2023\/03\/RAW-ALC1.webp","type":"image\/webp"}],"twitter_card":"summary_large_image","twitter_misc":{"Szacowany czas czytania":"4 minuty"},"schema":{"@context":"https:\/\/schema.org","@graph":[{"@type":"WebPage","@id":"https:\/\/www.holy-supps.nl\/product\/acetyl-l-carnitine-weight-loss-support-ehplabs\/","url":"https:\/\/www.holy-supps.nl\/product\/acetyl-l-carnitine-weight-loss-support-ehplabs\/","name":"Acetyl L-karnityna | Wspomaganie odchudzania - EHPLabs - Holy-Supps.pl","isPartOf":{"@id":"https:\/\/www.holy-supps.nl\/#website"},"primaryImageOfPage":{"@id":"https:\/\/www.holy-supps.nl\/product\/acetyl-l-carnitine-weight-loss-support-ehplabs\/#primaryimage"},"image":{"@id":"https:\/\/www.holy-supps.nl\/product\/acetyl-l-carnitine-weight-loss-support-ehplabs\/#primaryimage"},"thumbnailUrl":"https:\/\/www.holy-supps.nl\/wp-content\/uploads\/2023\/03\/RAW-ALC1.webp","datePublished":"2023-03-04T13:54:13+00:00","dateModified":"2026-05-05T17:27:29+00:00","description":"Acetyl L-karnityna od EHPLabs: zwi\u0119ksza spalanie t\u0142uszczu, energi\u0119 i funkcje m\u00f3zgu. Wspomaga utrat\u0119 t\u0142uszczu i regeneracj\u0119 dzi\u0119ki 100% czystej farmaceutycznej jako\u015bci.","breadcrumb":{"@id":"https:\/\/www.holy-supps.nl\/product\/acetyl-l-carnitine-weight-loss-support-ehplabs\/#breadcrumb"},"inLanguage":"pl-PL","potentialAction":[{"@type":"ReadAction","target":["https:\/\/www.holy-supps.nl\/product\/acetyl-l-carnitine-weight-loss-support-ehplabs\/"]}]},{"@type":"ImageObject","inLanguage":"pl-PL","@id":"https:\/\/www.holy-supps.nl\/product\/acetyl-l-carnitine-weight-loss-support-ehplabs\/#primaryimage","url":"https:\/\/www.holy-supps.nl\/wp-content\/uploads\/2023\/03\/RAW-ALC1.webp","contentUrl":"https:\/\/www.holy-supps.nl\/wp-content\/uploads\/2023\/03\/RAW-ALC1.webp","width":1000,"height":1000},{"@type":"BreadcrumbList","@id":"https:\/\/www.holy-supps.nl\/product\/acetyl-l-carnitine-weight-loss-support-ehplabs\/#breadcrumb","itemListElement":[{"@type":"ListItem","position":1,"name":"Home","item":"https:\/\/www.holy-supps.nl\/"},{"@type":"ListItem","position":2,"name":"Winkel","item":"https:\/\/www.holy-supps.nl\/winkel\/"},{"@type":"ListItem","position":3,"name":"Acetyl L-Carnitine | Weight Loss Support \u2013 EHPLabs"}]},{"@type":"WebSite","@id":"https:\/\/www.holy-supps.nl\/#website","url":"https:\/\/www.holy-supps.nl\/","name":"Holy-Supps.co.uk","description":"Oficjalny dystrybutor EHPLabs!","publisher":{"@id":"https:\/\/www.holy-supps.nl\/#organization"},"potentialAction":[{"@type":"SearchAction","target":{"@type":"EntryPoint","urlTemplate":"https:\/\/www.holy-supps.nl\/?s={search_term_string}"},"query-input":{"@type":"PropertyValueSpecification","valueRequired":true,"valueName":"search_term_string"}}],"inLanguage":"pl-PL"},{"@type":"Organization","@id":"https:\/\/www.holy-supps.nl\/#organization","name":"Holy Supps","url":"https:\/\/www.holy-supps.nl\/","logo":{"@type":"ImageObject","inLanguage":"pl-PL","@id":"https:\/\/www.holy-supps.nl\/#\/schema\/logo\/image\/","url":"https:\/\/www.holy-supps.nl\/wp-content\/uploads\/2023\/06\/HOLY-SUPPS.png","contentUrl":"https:\/\/www.holy-supps.nl\/wp-content\/uploads\/2023\/06\/HOLY-SUPPS.png","width":1000,"height":400,"caption":"Holy Supps"},"image":{"@id":"https:\/\/www.holy-supps.nl\/#\/schema\/logo\/image\/"},"sameAs":["https:\/\/www.facebook.com\/holy.supps","https:\/\/www.instagram.com\/holy.supps.shop\/"]}]}},"jetpack_sharing_enabled":true,"_links":{"self":[{"href":"https:\/\/www.holy-supps.nl\/pl\/wp-json\/wp\/v2\/product\/159","targetHints":{"allow":["GET"]}}],"collection":[{"href":"https:\/\/www.holy-supps.nl\/pl\/wp-json\/wp\/v2\/product"}],"about":[{"href":"https:\/\/www.holy-supps.nl\/pl\/wp-json\/wp\/v2\/types\/product"}],"replies":[{"embeddable":true,"href":"https:\/\/www.holy-supps.nl\/pl\/wp-json\/wp\/v2\/comments?post=159"}],"wp:featuredmedia":[{"embeddable":true,"href":"https:\/\/www.holy-supps.nl\/pl\/wp-json\/wp\/v2\/media\/160"}],"wp:attachment":[{"href":"https:\/\/www.holy-supps.nl\/pl\/wp-json\/wp\/v2\/media?parent=159"}],"wp:term":[{"taxonomy":"product_brand","embeddable":true,"href":"https:\/\/www.holy-supps.nl\/pl\/wp-json\/wp\/v2\/product_brand?post=159"},{"taxonomy":"product_cat","embeddable":true,"href":"https:\/\/www.holy-supps.nl\/pl\/wp-json\/wp\/v2\/product_cat?post=159"},{"taxonomy":"product_tag","embeddable":true,"href":"https:\/\/www.holy-supps.nl\/pl\/wp-json\/wp\/v2\/product_tag?post=159"}],"curies":[{"name":"wp","href":"https:\/\/api.w.org\/{rel}","templated":true}]}}