{"id":1540,"date":"2023-10-23T09:15:40","date_gmt":"2023-10-23T07:15:40","guid":{"rendered":"https:\/\/www.holy-supps.nl\/?post_type=product&#038;p=1540"},"modified":"2025-10-22T14:19:02","modified_gmt":"2025-10-22T12:19:02","slug":"oxyshred-ultra-energy-drink-rtd-355ml","status":"publish","type":"product","link":"https:\/\/www.holy-supps.nl\/pl\/product\/oxyshred-ultra-energy-drink-rtd-355ml\/","title":{"rendered":"OxyShred Ultra Energy Drink RTD - 355ML"},"content":{"rendered":"<div>\n<p data-start=\"209\" data-end=\"351\">OxyShred Ultra Energy to bezcukrowa mieszanka napoj\u00f3w z kofein\u0105, ekstraktami ro\u015blinnymi, aminokwasami oraz mieszank\u0105 witamin i minera\u0142\u00f3w.<\/p>\n<p data-start=\"353\" data-end=\"380\"><strong data-start=\"353\" data-end=\"378\">Kluczowe punkty (neutralne)<\/strong><\/p>\n<ul data-start=\"381\" data-end=\"656\">\n<li data-start=\"381\" data-end=\"496\">\n<p data-start=\"383\" data-end=\"496\">Zawiera r\u00f3\u017cne \u017ar\u00f3d\u0142a kofeiny (w tym kofein\u0119 bezwodn\u0105, ekstrakt z guarany i ekstrakt z zielonej herbaty).<\/p>\n<\/li>\n<li data-start=\"497\" data-end=\"571\">\n<p data-start=\"499\" data-end=\"571\">Zawiera mi\u0119dzy innymi L-karnityn\u0119, tauryn\u0119, tyrozyn\u0119, chrom i inozytol.<\/p>\n<\/li>\n<li data-start=\"572\" data-end=\"620\">\n<p data-start=\"574\" data-end=\"620\">Zawiera mieszank\u0119 witamin z grupy B i witamin\u0119 C.<\/p>\n<\/li>\n<li data-start=\"621\" data-end=\"656\">\n<p data-start=\"623\" data-end=\"656\">Bez cukru (patrz warto\u015bci od\u017cywcze).<\/p>\n<\/li>\n<\/ul>\n<p data-start=\"658\" data-end=\"828\"><strong data-start=\"658\" data-end=\"669\">U\u017cycie<\/strong><br data-start=\"669\" data-end=\"672\" \/>Zalecane stosowanie: najlepiej 20 minut przed sesj\u0105 treningow\u0105. Post\u0119puj zgodnie z instrukcjami dotycz\u0105cymi dawkowania na etykiecie i nie przekraczaj zalecanej dawki.<\/p>\n<p data-start=\"830\" data-end=\"888\"><strong data-start=\"830\" data-end=\"886\">Warto\u015bci od\u017cywcze (na porcj\u0119; przyk\u0142adowe \/ orientacyjne)<\/strong><\/p>\n<ul data-start=\"889\" data-end=\"1377\">\n<li data-start=\"889\" data-end=\"911\">\n<p data-start=\"891\" data-end=\"911\">Kalorie: 0 kcal*<\/p>\n<\/li>\n<li data-start=\"912\" data-end=\"931\">\n<p data-start=\"914\" data-end=\"931\">T\u0142uszcz ca\u0142kowity: 0 g<\/p>\n<\/li>\n<li data-start=\"932\" data-end=\"954\">\n<p data-start=\"934\" data-end=\"954\">T\u0142uszcz nasycony: 0 g<\/p>\n<\/li>\n<li data-start=\"955\" data-end=\"984\">\n<p data-start=\"957\" data-end=\"984\">W\u0119glowodany og\u00f3\u0142em: &lt;1 g<\/p>\n<\/li>\n<li data-start=\"985\" data-end=\"1000\">\n<p data-start=\"987\" data-end=\"1000\">W\u0142\u00f3kna: 0 g<\/p>\n<\/li>\n<li data-start=\"1001\" data-end=\"1051\">\n<p data-start=\"1003\" data-end=\"1051\">Cukry: 0 g (w tym cukry dodane: 0 g)<\/p>\n<\/li>\n<li data-start=\"1052\" data-end=\"1066\">\n<p data-start=\"1054\" data-end=\"1066\">Bia\u0142ko: 0 g<\/p>\n<\/li>\n<li data-start=\"1067\" data-end=\"1085\">\n<p data-start=\"1069\" data-end=\"1085\">S\u00f3d: 20 mg<\/p>\n<\/li>\n<li data-start=\"1086\" data-end=\"1103\">\n<p data-start=\"1088\" data-end=\"1103\">Potas: 20 mg<\/p>\n<\/li>\n<li data-start=\"1104\" data-end=\"1135\">\n<p data-start=\"1106\" data-end=\"1135\">Witamina C: 50 mg (\u2248 60% DV)<\/p>\n<\/li>\n<li data-start=\"1136\" data-end=\"1170\">\n<p data-start=\"1138\" data-end=\"1170\">Tiamina (B1): 4 mg (\u2248330% DV)<\/p>\n<\/li>\n<li data-start=\"1171\" data-end=\"1208\">\n<p data-start=\"1173\" data-end=\"1208\">Ryboflawina (B2): 2 mg (\u2248150% DV)<\/p>\n<\/li>\n<li data-start=\"1209\" data-end=\"1243\">\n<p data-start=\"1211\" data-end=\"1243\">Niacyna (B3): 40 mg (\u2248250% DV)<\/p>\n<\/li>\n<li data-start=\"1244\" data-end=\"1275\">\n<p data-start=\"1246\" data-end=\"1275\">Witamina B6: 1 mg (\u2248 60% DV)<\/p>\n<\/li>\n<li data-start=\"1276\" data-end=\"1310\">\n<p data-start=\"1278\" data-end=\"1310\">Witamina B12: 10 \u00b5g (\u2248420% DV)<\/p>\n<\/li>\n<li data-start=\"1311\" data-end=\"1350\">\n<p data-start=\"1313\" data-end=\"1350\">Kwas pantotenowy (B5): 2 mg (\u2248 40% DV)<\/p>\n<\/li>\n<li data-start=\"1351\" data-end=\"1377\">\n<p data-start=\"1353\" data-end=\"1377\">Chrom: 50 \u00b5g (\u2248140% DV)<\/p>\n<\/li>\n<\/ul>\n<p data-start=\"1379\" data-end=\"1433\">*Wskazanie; dok\u0142adne warto\u015bci mo\u017cna znale\u017a\u0107 na etykiecie.<\/p>\n<p data-start=\"1435\" data-end=\"1656\"><strong data-start=\"1435\" data-end=\"1478\">Kluczowe sk\u0142adniki (podsumowanie)<\/strong><br data-start=\"1478\" data-end=\"1481\" \/>Kofeina bezwodna, ekstrakt z guarany, ekstrakt z zielonej herbaty, L-karnityna, tauryna, tyrozyna, chrom, inozytol, mieszanka witamin z grupy B i witaminy C, aromaty i substancje s\u0142odz\u0105ce.<\/p>\n<\/div>","protected":false},"excerpt":{"rendered":"<p>OxyShred Ultra Energy to lekko gazowany, gotowy do spo\u017cycia nap\u00f3j energetyczny firmy EHPlabs. Nie wymaga shakera - chwy\u0107, wypij i kontynuuj sw\u00f3j dzie\u0144. Dost\u0119pny w 8 smakach.<\/p>","protected":false},"featured_media":1553,"comment_status":"closed","ping_status":"closed","template":"","meta":[],"product_brand":[],"product_cat":[89,93,80,149,72,87,205,69,74,71,88,81,82,92,78],"product_tag":[],"class_list":{"0":"post-1540","1":"product","2":"type-product","3":"status-publish","4":"has-post-thumbnail","6":"product_cat-afvallen","7":"product_cat-bars-snacks","8":"product_cat-doel","9":"product_cat-ehplabs-vegan-merken","10":"product_cat-ehplabs","11":"product_cat-energie-focus","12":"product_cat-export","13":"product_cat-fatburners","14":"product_cat-health-wellness","15":"product_cat-merken","16":"product_cat-pre-workout-2","17":"product_cat-spieropbouw","18":"product_cat-vegan-merken","19":"product_cat-vitamine-mineralen","20":"product_cat-voeding-snacks","22":"first","23":"outofstock","24":"taxable","25":"shipping-taxable","26":"purchasable","27":"product-type-variable"},"yoast_head":"<!-- This site is optimized with the Yoast SEO plugin v27.4 - https:\/\/yoast.com\/product\/yoast-seo-wordpress\/ -->\n<title>OxyShred Ultra Energy Drink RTD - 355ML - Holy-Supps.nl<\/title>\n<meta name=\"description\" content=\"OxyShred Ultra Energy Drink: Suikervrij, energie-boostend drankje met vetverbranders, vitamines en no\u00f6tropica. Verhoog focus, energie en vetverlies!\" \/>\n<meta name=\"robots\" content=\"index, follow, max-snippet:-1, max-image-preview:large, max-video-preview:-1\" \/>\n<link rel=\"canonical\" href=\"https:\/\/www.holy-supps.nl\/pl\/produkt\/oxyshred-ultra-energy-drink-rtd-355ml\/\" \/>\n<meta property=\"og:locale\" content=\"pl_PL\" \/>\n<meta property=\"og:type\" content=\"article\" \/>\n<meta property=\"og:title\" content=\"OxyShred Ultra Energy Drink RTD - 355ML - Holy-Supps.nl\" \/>\n<meta property=\"og:description\" content=\"OxyShred Ultra Energy Drink: Suikervrij, energie-boostend drankje met vetverbranders, vitamines en no\u00f6tropica. Verhoog focus, energie en vetverlies!\" \/>\n<meta property=\"og:url\" content=\"https:\/\/www.holy-supps.nl\/pl\/produkt\/oxyshred-ultra-energy-drink-rtd-355ml\/\" \/>\n<meta property=\"og:site_name\" content=\"Holy-Supps.nl\" \/>\n<meta property=\"article:publisher\" content=\"https:\/\/www.facebook.com\/holy.supps\" \/>\n<meta property=\"article:modified_time\" content=\"2025-10-22T12:19:02+00:00\" \/>\n<meta property=\"og:image\" content=\"https:\/\/www.holy-supps.nl\/wp-content\/uploads\/2023\/10\/RTD_Product_Image_BAHAMA_BREEZE2.webp\" \/>\n\t<meta property=\"og:image:width\" content=\"1000\" \/>\n\t<meta property=\"og:image:height\" content=\"1000\" \/>\n\t<meta property=\"og:image:type\" content=\"image\/webp\" \/>\n<meta name=\"twitter:card\" content=\"summary_large_image\" \/>\n<meta name=\"twitter:label1\" content=\"Szacowany czas czytania\" \/>\n\t<meta name=\"twitter:data1\" content=\"4 minuty\" \/>\n<script type=\"application\/ld+json\" class=\"yoast-schema-graph\">{\"@context\":\"https:\\\/\\\/schema.org\",\"@graph\":[{\"@type\":\"WebPage\",\"@id\":\"https:\\\/\\\/www.holy-supps.nl\\\/product\\\/oxyshred-ultra-energy-drink-rtd-355ml\\\/\",\"url\":\"https:\\\/\\\/www.holy-supps.nl\\\/product\\\/oxyshred-ultra-energy-drink-rtd-355ml\\\/\",\"name\":\"OxyShred Ultra Energy Drink RTD - 355ML - Holy-Supps.nl\",\"isPartOf\":{\"@id\":\"https:\\\/\\\/www.holy-supps.nl\\\/#website\"},\"primaryImageOfPage\":{\"@id\":\"https:\\\/\\\/www.holy-supps.nl\\\/product\\\/oxyshred-ultra-energy-drink-rtd-355ml\\\/#primaryimage\"},\"image\":{\"@id\":\"https:\\\/\\\/www.holy-supps.nl\\\/product\\\/oxyshred-ultra-energy-drink-rtd-355ml\\\/#primaryimage\"},\"thumbnailUrl\":\"https:\\\/\\\/www.holy-supps.nl\\\/wp-content\\\/uploads\\\/2023\\\/10\\\/RTD_Product_Image_BAHAMA_BREEZE2.webp\",\"datePublished\":\"2023-10-23T07:15:40+00:00\",\"dateModified\":\"2025-10-22T12:19:02+00:00\",\"description\":\"OxyShred Ultra Energy Drink: Suikervrij, energie-boostend drankje met vetverbranders, vitamines en no\u00f6tropica. Verhoog focus, energie en vetverlies!\",\"breadcrumb\":{\"@id\":\"https:\\\/\\\/www.holy-supps.nl\\\/product\\\/oxyshred-ultra-energy-drink-rtd-355ml\\\/#breadcrumb\"},\"inLanguage\":\"pl-PL\",\"potentialAction\":[{\"@type\":\"ReadAction\",\"target\":[\"https:\\\/\\\/www.holy-supps.nl\\\/product\\\/oxyshred-ultra-energy-drink-rtd-355ml\\\/\"]}]},{\"@type\":\"ImageObject\",\"inLanguage\":\"pl-PL\",\"@id\":\"https:\\\/\\\/www.holy-supps.nl\\\/product\\\/oxyshred-ultra-energy-drink-rtd-355ml\\\/#primaryimage\",\"url\":\"https:\\\/\\\/www.holy-supps.nl\\\/wp-content\\\/uploads\\\/2023\\\/10\\\/RTD_Product_Image_BAHAMA_BREEZE2.webp\",\"contentUrl\":\"https:\\\/\\\/www.holy-supps.nl\\\/wp-content\\\/uploads\\\/2023\\\/10\\\/RTD_Product_Image_BAHAMA_BREEZE2.webp\",\"width\":1000,\"height\":1000},{\"@type\":\"BreadcrumbList\",\"@id\":\"https:\\\/\\\/www.holy-supps.nl\\\/product\\\/oxyshred-ultra-energy-drink-rtd-355ml\\\/#breadcrumb\",\"itemListElement\":[{\"@type\":\"ListItem\",\"position\":1,\"name\":\"Home\",\"item\":\"https:\\\/\\\/www.holy-supps.nl\\\/\"},{\"@type\":\"ListItem\",\"position\":2,\"name\":\"Winkel\",\"item\":\"https:\\\/\\\/www.holy-supps.nl\\\/winkel\\\/\"},{\"@type\":\"ListItem\",\"position\":3,\"name\":\"OxyShred Ultra Energy Drink RTD &#8211; 355ML\"}]},{\"@type\":\"WebSite\",\"@id\":\"https:\\\/\\\/www.holy-supps.nl\\\/#website\",\"url\":\"https:\\\/\\\/www.holy-supps.nl\\\/\",\"name\":\"Holy-Supps.nl\",\"description\":\"Official EHPLabs Reseller!\",\"publisher\":{\"@id\":\"https:\\\/\\\/www.holy-supps.nl\\\/#organization\"},\"potentialAction\":[{\"@type\":\"SearchAction\",\"target\":{\"@type\":\"EntryPoint\",\"urlTemplate\":\"https:\\\/\\\/www.holy-supps.nl\\\/?s={search_term_string}\"},\"query-input\":{\"@type\":\"PropertyValueSpecification\",\"valueRequired\":true,\"valueName\":\"search_term_string\"}}],\"inLanguage\":\"pl-PL\"},{\"@type\":\"Organization\",\"@id\":\"https:\\\/\\\/www.holy-supps.nl\\\/#organization\",\"name\":\"Holy Supps\",\"url\":\"https:\\\/\\\/www.holy-supps.nl\\\/\",\"logo\":{\"@type\":\"ImageObject\",\"inLanguage\":\"pl-PL\",\"@id\":\"https:\\\/\\\/www.holy-supps.nl\\\/#\\\/schema\\\/logo\\\/image\\\/\",\"url\":\"https:\\\/\\\/www.holy-supps.nl\\\/wp-content\\\/uploads\\\/2023\\\/06\\\/HOLY-SUPPS.png\",\"contentUrl\":\"https:\\\/\\\/www.holy-supps.nl\\\/wp-content\\\/uploads\\\/2023\\\/06\\\/HOLY-SUPPS.png\",\"width\":1000,\"height\":400,\"caption\":\"Holy Supps\"},\"image\":{\"@id\":\"https:\\\/\\\/www.holy-supps.nl\\\/#\\\/schema\\\/logo\\\/image\\\/\"},\"sameAs\":[\"https:\\\/\\\/www.facebook.com\\\/holy.supps\",\"https:\\\/\\\/www.instagram.com\\\/holy.supps.shop\\\/\"]}]}<\/script>\n<!-- \/ Yoast SEO plugin. -->","yoast_head_json":{"title":"OxyShred Ultra Energy Drink RTD - 355ML - Holy-Supps.pl","description":"OxyShred Ultra Energy Drink: Bezcukrowy nap\u00f3j energetyzuj\u0105cy ze spalaczami t\u0142uszczu, witaminami i nootropami. Zwi\u0119ksza koncentracj\u0119, energi\u0119 i utrat\u0119 t\u0142uszczu!","robots":{"index":"index","follow":"follow","max-snippet":"max-snippet:-1","max-image-preview":"max-image-preview:large","max-video-preview":"max-video-preview:-1"},"canonical":"https:\/\/www.holy-supps.nl\/pl\/produkt\/oxyshred-ultra-energy-drink-rtd-355ml\/","og_locale":"pl_PL","og_type":"article","og_title":"OxyShred Ultra Energy Drink RTD - 355ML - Holy-Supps.nl","og_description":"OxyShred Ultra Energy Drink: Suikervrij, energie-boostend drankje met vetverbranders, vitamines en no\u00f6tropica. Verhoog focus, energie en vetverlies!","og_url":"https:\/\/www.holy-supps.nl\/pl\/produkt\/oxyshred-ultra-energy-drink-rtd-355ml\/","og_site_name":"Holy-Supps.nl","article_publisher":"https:\/\/www.facebook.com\/holy.supps","article_modified_time":"2025-10-22T12:19:02+00:00","og_image":[{"width":1000,"height":1000,"url":"https:\/\/www.holy-supps.nl\/wp-content\/uploads\/2023\/10\/RTD_Product_Image_BAHAMA_BREEZE2.webp","type":"image\/webp"}],"twitter_card":"summary_large_image","twitter_misc":{"Szacowany czas czytania":"4 minuty"},"schema":{"@context":"https:\/\/schema.org","@graph":[{"@type":"WebPage","@id":"https:\/\/www.holy-supps.nl\/product\/oxyshred-ultra-energy-drink-rtd-355ml\/","url":"https:\/\/www.holy-supps.nl\/product\/oxyshred-ultra-energy-drink-rtd-355ml\/","name":"OxyShred Ultra Energy Drink RTD - 355ML - Holy-Supps.pl","isPartOf":{"@id":"https:\/\/www.holy-supps.nl\/#website"},"primaryImageOfPage":{"@id":"https:\/\/www.holy-supps.nl\/product\/oxyshred-ultra-energy-drink-rtd-355ml\/#primaryimage"},"image":{"@id":"https:\/\/www.holy-supps.nl\/product\/oxyshred-ultra-energy-drink-rtd-355ml\/#primaryimage"},"thumbnailUrl":"https:\/\/www.holy-supps.nl\/wp-content\/uploads\/2023\/10\/RTD_Product_Image_BAHAMA_BREEZE2.webp","datePublished":"2023-10-23T07:15:40+00:00","dateModified":"2025-10-22T12:19:02+00:00","description":"OxyShred Ultra Energy Drink: Bezcukrowy nap\u00f3j energetyzuj\u0105cy ze spalaczami t\u0142uszczu, witaminami i nootropami. Zwi\u0119ksza koncentracj\u0119, energi\u0119 i utrat\u0119 t\u0142uszczu!","breadcrumb":{"@id":"https:\/\/www.holy-supps.nl\/product\/oxyshred-ultra-energy-drink-rtd-355ml\/#breadcrumb"},"inLanguage":"pl-PL","potentialAction":[{"@type":"ReadAction","target":["https:\/\/www.holy-supps.nl\/product\/oxyshred-ultra-energy-drink-rtd-355ml\/"]}]},{"@type":"ImageObject","inLanguage":"pl-PL","@id":"https:\/\/www.holy-supps.nl\/product\/oxyshred-ultra-energy-drink-rtd-355ml\/#primaryimage","url":"https:\/\/www.holy-supps.nl\/wp-content\/uploads\/2023\/10\/RTD_Product_Image_BAHAMA_BREEZE2.webp","contentUrl":"https:\/\/www.holy-supps.nl\/wp-content\/uploads\/2023\/10\/RTD_Product_Image_BAHAMA_BREEZE2.webp","width":1000,"height":1000},{"@type":"BreadcrumbList","@id":"https:\/\/www.holy-supps.nl\/product\/oxyshred-ultra-energy-drink-rtd-355ml\/#breadcrumb","itemListElement":[{"@type":"ListItem","position":1,"name":"Home","item":"https:\/\/www.holy-supps.nl\/"},{"@type":"ListItem","position":2,"name":"Winkel","item":"https:\/\/www.holy-supps.nl\/winkel\/"},{"@type":"ListItem","position":3,"name":"OxyShred Ultra Energy Drink RTD &#8211; 355ML"}]},{"@type":"WebSite","@id":"https:\/\/www.holy-supps.nl\/#website","url":"https:\/\/www.holy-supps.nl\/","name":"Holy-Supps.co.uk","description":"Oficjalny dystrybutor EHPLabs!","publisher":{"@id":"https:\/\/www.holy-supps.nl\/#organization"},"potentialAction":[{"@type":"SearchAction","target":{"@type":"EntryPoint","urlTemplate":"https:\/\/www.holy-supps.nl\/?s={search_term_string}"},"query-input":{"@type":"PropertyValueSpecification","valueRequired":true,"valueName":"search_term_string"}}],"inLanguage":"pl-PL"},{"@type":"Organization","@id":"https:\/\/www.holy-supps.nl\/#organization","name":"Holy Supps","url":"https:\/\/www.holy-supps.nl\/","logo":{"@type":"ImageObject","inLanguage":"pl-PL","@id":"https:\/\/www.holy-supps.nl\/#\/schema\/logo\/image\/","url":"https:\/\/www.holy-supps.nl\/wp-content\/uploads\/2023\/06\/HOLY-SUPPS.png","contentUrl":"https:\/\/www.holy-supps.nl\/wp-content\/uploads\/2023\/06\/HOLY-SUPPS.png","width":1000,"height":400,"caption":"Holy Supps"},"image":{"@id":"https:\/\/www.holy-supps.nl\/#\/schema\/logo\/image\/"},"sameAs":["https:\/\/www.facebook.com\/holy.supps","https:\/\/www.instagram.com\/holy.supps.shop\/"]}]}},"jetpack_sharing_enabled":true,"_links":{"self":[{"href":"https:\/\/www.holy-supps.nl\/pl\/wp-json\/wp\/v2\/product\/1540","targetHints":{"allow":["GET"]}}],"collection":[{"href":"https:\/\/www.holy-supps.nl\/pl\/wp-json\/wp\/v2\/product"}],"about":[{"href":"https:\/\/www.holy-supps.nl\/pl\/wp-json\/wp\/v2\/types\/product"}],"replies":[{"embeddable":true,"href":"https:\/\/www.holy-supps.nl\/pl\/wp-json\/wp\/v2\/comments?post=1540"}],"wp:featuredmedia":[{"embeddable":true,"href":"https:\/\/www.holy-supps.nl\/pl\/wp-json\/wp\/v2\/media\/1553"}],"wp:attachment":[{"href":"https:\/\/www.holy-supps.nl\/pl\/wp-json\/wp\/v2\/media?parent=1540"}],"wp:term":[{"taxonomy":"product_brand","embeddable":true,"href":"https:\/\/www.holy-supps.nl\/pl\/wp-json\/wp\/v2\/product_brand?post=1540"},{"taxonomy":"product_cat","embeddable":true,"href":"https:\/\/www.holy-supps.nl\/pl\/wp-json\/wp\/v2\/product_cat?post=1540"},{"taxonomy":"product_tag","embeddable":true,"href":"https:\/\/www.holy-supps.nl\/pl\/wp-json\/wp\/v2\/product_tag?post=1540"}],"curies":[{"name":"wp","href":"https:\/\/api.w.org\/{rel}","templated":true}]}}