{"id":1395,"date":"2023-10-12T22:48:36","date_gmt":"2023-10-12T20:48:36","guid":{"rendered":"https:\/\/www.holy-supps.nl\/?post_type=product&#038;p=1395"},"modified":"2025-10-15T22:01:11","modified_gmt":"2025-10-15T20:01:11","slug":"wytrenowany-przez-jp-performance-protein","status":"publish","type":"product","link":"https:\/\/www.holy-supps.nl\/pl\/product\/trained-by-jp-performance-protein\/","title":{"rendered":"Trained by JP - Performance Protein"},"content":{"rendered":"<h2>Wydajne bia\u0142ko<\/h2>\n<p>Skupili\u015bmy si\u0119 na jako\u015bci, ale nie kosztem smaku!<br \/>\nPerformance Protein oferuje wyb\u00f3r i r\u00f3\u017cnorodno\u015b\u0107 z nie mniej ni\u017c <strong>25 pysznych smak\u00f3w<\/strong> do wyboru.<\/p>\n<p>Nasz 2 kg worek zawiera <strong>66 porcji<\/strong>. Mamy r\u00f3wnie\u017c <em>zgrabna edycja<\/em> Nieco g\u0119stsza konsystencja dla tych, kt\u00f3rzy lubi\u0105 pe\u0142niejsze koktajle.<\/p>\n<h2>Kiedy u\u017cywa\u0107?<\/h2>\n<p>Gdy pe\u0142ny posi\u0142ek nie jest praktyczny i potrzebujesz szybkiej alternatywy (np. przed lub po treningu, w podr\u00f3\u017cy lub w pracy), Performance Protein jest wygodnym wyborem.<\/p>\n<p>W przypadku wi\u0119kszych os\u00f3b przydatne mo\u017ce by\u0107 <strong>2 porcje<\/strong> aby lepiej zaspokoi\u0107 dzienne zapotrzebowanie na bia\u0142ko. Og\u00f3ln\u0105 wskaz\u00f3wk\u0105 jest r\u00f3wnomierne roz\u0142o\u017cenie spo\u017cycia bia\u0142ka w ci\u0105gu dnia, tak aby zawsze by\u0142o go wystarczaj\u0105co du\u017co.<\/p>\n<h2>Instrukcje dotycz\u0105ce serwowania<\/h2>\n<p>Wymiesza\u0107 ka\u017cd\u0105 porcj\u0119 (30 g) z <strong>300-400 ml zimnej wody<\/strong> do shakera i ciesz si\u0119 kremowym i aromatycznym koktajlem.<\/p>\n<p><strong>Warto\u015bci od\u017cywcze:<\/strong> zobacz zdj\u0119cia produkt\u00f3w dla paneli zasilaj\u0105cych.<\/p>","protected":false},"excerpt":{"rendered":"<p>Performance Protein to nasza najnowsza mieszanka serwatki, sk\u0142adaj\u0105ca si\u0119 zar\u00f3wno z izolatu, jak i koncentratu serwatki. Jak zawsze, unikn\u0119li\u015bmy ta\u0144szych i mniej skutecznych form bia\u0142ka, decyduj\u0105c si\u0119 na u\u017cycie wy\u0142\u0105cznie bia\u0142ek serwatkowych.<\/p>","protected":false},"featured_media":1396,"comment_status":"open","ping_status":"closed","template":"","meta":[],"product_brand":[],"product_cat":[86,67,81,183],"product_tag":[],"class_list":{"0":"post-1395","1":"product","2":"type-product","3":"status-publish","4":"has-post-thumbnail","6":"product_cat-aankomen","7":"product_cat-eiwitten-proteine","8":"product_cat-spieropbouw","9":"product_cat-trained-by-jp","11":"first","12":"outofstock","13":"taxable","14":"shipping-taxable","15":"purchasable","16":"product-type-variable"},"yoast_head":"<!-- This site is optimized with the Yoast SEO plugin v27.4 - https:\/\/yoast.com\/product\/yoast-seo-wordpress\/ -->\n<title>Trained by JP \u2013 Performance Protein - Holy-Supps.nl<\/title>\n<meta name=\"description\" content=\"Performance Protein: 2KG met 66 porties in 25 smaken. Dikke, gladde textuur. Ideaal voor herstel en spieropbouw. Perfect voor onderweg.\" \/>\n<meta name=\"robots\" content=\"index, follow, max-snippet:-1, max-image-preview:large, max-video-preview:-1\" \/>\n<link rel=\"canonical\" href=\"https:\/\/www.holy-supps.nl\/pl\/produkt\/wytrenowany-przez-jp-performance-protein\/\" \/>\n<meta property=\"og:locale\" content=\"pl_PL\" \/>\n<meta property=\"og:type\" content=\"article\" \/>\n<meta property=\"og:title\" content=\"Trained by JP \u2013 Performance Protein - Holy-Supps.nl\" \/>\n<meta property=\"og:description\" content=\"Performance Protein: 2KG met 66 porties in 25 smaken. Dikke, gladde textuur. Ideaal voor herstel en spieropbouw. Perfect voor onderweg.\" \/>\n<meta property=\"og:url\" content=\"https:\/\/www.holy-supps.nl\/pl\/produkt\/wytrenowany-przez-jp-performance-protein\/\" \/>\n<meta property=\"og:site_name\" content=\"Holy-Supps.nl\" \/>\n<meta property=\"article:publisher\" content=\"https:\/\/www.facebook.com\/holy.supps\" \/>\n<meta property=\"article:modified_time\" content=\"2025-10-15T20:01:11+00:00\" \/>\n<meta property=\"og:image\" content=\"https:\/\/www.holy-supps.nl\/wp-content\/uploads\/2023\/10\/PP2kgSmooth_chocpistachio_1800x1800.png.webp\" \/>\n\t<meta property=\"og:image:width\" content=\"1800\" \/>\n\t<meta property=\"og:image:height\" content=\"1800\" \/>\n\t<meta property=\"og:image:type\" content=\"image\/webp\" \/>\n<meta name=\"twitter:card\" content=\"summary_large_image\" \/>\n<meta name=\"twitter:label1\" content=\"Szacowany czas czytania\" \/>\n\t<meta name=\"twitter:data1\" content=\"2 minuty\" \/>\n<script type=\"application\/ld+json\" class=\"yoast-schema-graph\">{\"@context\":\"https:\\\/\\\/schema.org\",\"@graph\":[{\"@type\":\"WebPage\",\"@id\":\"https:\\\/\\\/www.holy-supps.nl\\\/product\\\/trained-by-jp-performance-protein\\\/\",\"url\":\"https:\\\/\\\/www.holy-supps.nl\\\/product\\\/trained-by-jp-performance-protein\\\/\",\"name\":\"Trained by JP \u2013 Performance Protein - Holy-Supps.nl\",\"isPartOf\":{\"@id\":\"https:\\\/\\\/www.holy-supps.nl\\\/#website\"},\"primaryImageOfPage\":{\"@id\":\"https:\\\/\\\/www.holy-supps.nl\\\/product\\\/trained-by-jp-performance-protein\\\/#primaryimage\"},\"image\":{\"@id\":\"https:\\\/\\\/www.holy-supps.nl\\\/product\\\/trained-by-jp-performance-protein\\\/#primaryimage\"},\"thumbnailUrl\":\"https:\\\/\\\/www.holy-supps.nl\\\/wp-content\\\/uploads\\\/2023\\\/10\\\/PP2kgSmooth_chocpistachio_1800x1800.png.webp\",\"datePublished\":\"2023-10-12T20:48:36+00:00\",\"dateModified\":\"2025-10-15T20:01:11+00:00\",\"description\":\"Performance Protein: 2KG met 66 porties in 25 smaken. Dikke, gladde textuur. Ideaal voor herstel en spieropbouw. Perfect voor onderweg.\",\"breadcrumb\":{\"@id\":\"https:\\\/\\\/www.holy-supps.nl\\\/product\\\/trained-by-jp-performance-protein\\\/#breadcrumb\"},\"inLanguage\":\"pl-PL\",\"potentialAction\":[{\"@type\":\"ReadAction\",\"target\":[\"https:\\\/\\\/www.holy-supps.nl\\\/product\\\/trained-by-jp-performance-protein\\\/\"]}]},{\"@type\":\"ImageObject\",\"inLanguage\":\"pl-PL\",\"@id\":\"https:\\\/\\\/www.holy-supps.nl\\\/product\\\/trained-by-jp-performance-protein\\\/#primaryimage\",\"url\":\"https:\\\/\\\/www.holy-supps.nl\\\/wp-content\\\/uploads\\\/2023\\\/10\\\/PP2kgSmooth_chocpistachio_1800x1800.png.webp\",\"contentUrl\":\"https:\\\/\\\/www.holy-supps.nl\\\/wp-content\\\/uploads\\\/2023\\\/10\\\/PP2kgSmooth_chocpistachio_1800x1800.png.webp\",\"width\":1800,\"height\":1800},{\"@type\":\"BreadcrumbList\",\"@id\":\"https:\\\/\\\/www.holy-supps.nl\\\/product\\\/trained-by-jp-performance-protein\\\/#breadcrumb\",\"itemListElement\":[{\"@type\":\"ListItem\",\"position\":1,\"name\":\"Home\",\"item\":\"https:\\\/\\\/www.holy-supps.nl\\\/\"},{\"@type\":\"ListItem\",\"position\":2,\"name\":\"Winkel\",\"item\":\"https:\\\/\\\/www.holy-supps.nl\\\/winkel\\\/\"},{\"@type\":\"ListItem\",\"position\":3,\"name\":\"Trained by JP \u2013 Performance Protein\"}]},{\"@type\":\"WebSite\",\"@id\":\"https:\\\/\\\/www.holy-supps.nl\\\/#website\",\"url\":\"https:\\\/\\\/www.holy-supps.nl\\\/\",\"name\":\"Holy-Supps.nl\",\"description\":\"Official EHPLabs Reseller!\",\"publisher\":{\"@id\":\"https:\\\/\\\/www.holy-supps.nl\\\/#organization\"},\"potentialAction\":[{\"@type\":\"SearchAction\",\"target\":{\"@type\":\"EntryPoint\",\"urlTemplate\":\"https:\\\/\\\/www.holy-supps.nl\\\/?s={search_term_string}\"},\"query-input\":{\"@type\":\"PropertyValueSpecification\",\"valueRequired\":true,\"valueName\":\"search_term_string\"}}],\"inLanguage\":\"pl-PL\"},{\"@type\":\"Organization\",\"@id\":\"https:\\\/\\\/www.holy-supps.nl\\\/#organization\",\"name\":\"Holy Supps\",\"url\":\"https:\\\/\\\/www.holy-supps.nl\\\/\",\"logo\":{\"@type\":\"ImageObject\",\"inLanguage\":\"pl-PL\",\"@id\":\"https:\\\/\\\/www.holy-supps.nl\\\/#\\\/schema\\\/logo\\\/image\\\/\",\"url\":\"https:\\\/\\\/www.holy-supps.nl\\\/wp-content\\\/uploads\\\/2023\\\/06\\\/HOLY-SUPPS.png\",\"contentUrl\":\"https:\\\/\\\/www.holy-supps.nl\\\/wp-content\\\/uploads\\\/2023\\\/06\\\/HOLY-SUPPS.png\",\"width\":1000,\"height\":400,\"caption\":\"Holy Supps\"},\"image\":{\"@id\":\"https:\\\/\\\/www.holy-supps.nl\\\/#\\\/schema\\\/logo\\\/image\\\/\"},\"sameAs\":[\"https:\\\/\\\/www.facebook.com\\\/holy.supps\",\"https:\\\/\\\/www.instagram.com\\\/holy.supps.shop\\\/\"]}]}<\/script>\n<!-- \/ Yoast SEO plugin. -->","yoast_head_json":{"title":"Trained by JP - Performance Protein - Holy-Supps.pl","description":"Performance Protein: 2 kg z 66 porcjami w 25 smakach. G\u0119sta, g\u0142adka konsystencja. Idealne do regeneracji i budowy mi\u0119\u015bni. Idealny do stosowania w podr\u00f3\u017cy.","robots":{"index":"index","follow":"follow","max-snippet":"max-snippet:-1","max-image-preview":"max-image-preview:large","max-video-preview":"max-video-preview:-1"},"canonical":"https:\/\/www.holy-supps.nl\/pl\/produkt\/wytrenowany-przez-jp-performance-protein\/","og_locale":"pl_PL","og_type":"article","og_title":"Trained by JP \u2013 Performance Protein - Holy-Supps.nl","og_description":"Performance Protein: 2KG met 66 porties in 25 smaken. Dikke, gladde textuur. Ideaal voor herstel en spieropbouw. Perfect voor onderweg.","og_url":"https:\/\/www.holy-supps.nl\/pl\/produkt\/wytrenowany-przez-jp-performance-protein\/","og_site_name":"Holy-Supps.nl","article_publisher":"https:\/\/www.facebook.com\/holy.supps","article_modified_time":"2025-10-15T20:01:11+00:00","og_image":[{"width":1800,"height":1800,"url":"https:\/\/www.holy-supps.nl\/wp-content\/uploads\/2023\/10\/PP2kgSmooth_chocpistachio_1800x1800.png.webp","type":"image\/webp"}],"twitter_card":"summary_large_image","twitter_misc":{"Szacowany czas czytania":"2 minuty"},"schema":{"@context":"https:\/\/schema.org","@graph":[{"@type":"WebPage","@id":"https:\/\/www.holy-supps.nl\/product\/trained-by-jp-performance-protein\/","url":"https:\/\/www.holy-supps.nl\/product\/trained-by-jp-performance-protein\/","name":"Trained by JP - Performance Protein - Holy-Supps.pl","isPartOf":{"@id":"https:\/\/www.holy-supps.nl\/#website"},"primaryImageOfPage":{"@id":"https:\/\/www.holy-supps.nl\/product\/trained-by-jp-performance-protein\/#primaryimage"},"image":{"@id":"https:\/\/www.holy-supps.nl\/product\/trained-by-jp-performance-protein\/#primaryimage"},"thumbnailUrl":"https:\/\/www.holy-supps.nl\/wp-content\/uploads\/2023\/10\/PP2kgSmooth_chocpistachio_1800x1800.png.webp","datePublished":"2023-10-12T20:48:36+00:00","dateModified":"2025-10-15T20:01:11+00:00","description":"Performance Protein: 2 kg z 66 porcjami w 25 smakach. G\u0119sta, g\u0142adka konsystencja. Idealne do regeneracji i budowy mi\u0119\u015bni. Idealny do stosowania w podr\u00f3\u017cy.","breadcrumb":{"@id":"https:\/\/www.holy-supps.nl\/product\/trained-by-jp-performance-protein\/#breadcrumb"},"inLanguage":"pl-PL","potentialAction":[{"@type":"ReadAction","target":["https:\/\/www.holy-supps.nl\/product\/trained-by-jp-performance-protein\/"]}]},{"@type":"ImageObject","inLanguage":"pl-PL","@id":"https:\/\/www.holy-supps.nl\/product\/trained-by-jp-performance-protein\/#primaryimage","url":"https:\/\/www.holy-supps.nl\/wp-content\/uploads\/2023\/10\/PP2kgSmooth_chocpistachio_1800x1800.png.webp","contentUrl":"https:\/\/www.holy-supps.nl\/wp-content\/uploads\/2023\/10\/PP2kgSmooth_chocpistachio_1800x1800.png.webp","width":1800,"height":1800},{"@type":"BreadcrumbList","@id":"https:\/\/www.holy-supps.nl\/product\/trained-by-jp-performance-protein\/#breadcrumb","itemListElement":[{"@type":"ListItem","position":1,"name":"Home","item":"https:\/\/www.holy-supps.nl\/"},{"@type":"ListItem","position":2,"name":"Winkel","item":"https:\/\/www.holy-supps.nl\/winkel\/"},{"@type":"ListItem","position":3,"name":"Trained by JP \u2013 Performance Protein"}]},{"@type":"WebSite","@id":"https:\/\/www.holy-supps.nl\/#website","url":"https:\/\/www.holy-supps.nl\/","name":"Holy-Supps.co.uk","description":"Oficjalny dystrybutor EHPLabs!","publisher":{"@id":"https:\/\/www.holy-supps.nl\/#organization"},"potentialAction":[{"@type":"SearchAction","target":{"@type":"EntryPoint","urlTemplate":"https:\/\/www.holy-supps.nl\/?s={search_term_string}"},"query-input":{"@type":"PropertyValueSpecification","valueRequired":true,"valueName":"search_term_string"}}],"inLanguage":"pl-PL"},{"@type":"Organization","@id":"https:\/\/www.holy-supps.nl\/#organization","name":"Holy Supps","url":"https:\/\/www.holy-supps.nl\/","logo":{"@type":"ImageObject","inLanguage":"pl-PL","@id":"https:\/\/www.holy-supps.nl\/#\/schema\/logo\/image\/","url":"https:\/\/www.holy-supps.nl\/wp-content\/uploads\/2023\/06\/HOLY-SUPPS.png","contentUrl":"https:\/\/www.holy-supps.nl\/wp-content\/uploads\/2023\/06\/HOLY-SUPPS.png","width":1000,"height":400,"caption":"Holy Supps"},"image":{"@id":"https:\/\/www.holy-supps.nl\/#\/schema\/logo\/image\/"},"sameAs":["https:\/\/www.facebook.com\/holy.supps","https:\/\/www.instagram.com\/holy.supps.shop\/"]}]}},"jetpack_sharing_enabled":true,"_links":{"self":[{"href":"https:\/\/www.holy-supps.nl\/pl\/wp-json\/wp\/v2\/product\/1395","targetHints":{"allow":["GET"]}}],"collection":[{"href":"https:\/\/www.holy-supps.nl\/pl\/wp-json\/wp\/v2\/product"}],"about":[{"href":"https:\/\/www.holy-supps.nl\/pl\/wp-json\/wp\/v2\/types\/product"}],"replies":[{"embeddable":true,"href":"https:\/\/www.holy-supps.nl\/pl\/wp-json\/wp\/v2\/comments?post=1395"}],"wp:featuredmedia":[{"embeddable":true,"href":"https:\/\/www.holy-supps.nl\/pl\/wp-json\/wp\/v2\/media\/1396"}],"wp:attachment":[{"href":"https:\/\/www.holy-supps.nl\/pl\/wp-json\/wp\/v2\/media?parent=1395"}],"wp:term":[{"taxonomy":"product_brand","embeddable":true,"href":"https:\/\/www.holy-supps.nl\/pl\/wp-json\/wp\/v2\/product_brand?post=1395"},{"taxonomy":"product_cat","embeddable":true,"href":"https:\/\/www.holy-supps.nl\/pl\/wp-json\/wp\/v2\/product_cat?post=1395"},{"taxonomy":"product_tag","embeddable":true,"href":"https:\/\/www.holy-supps.nl\/pl\/wp-json\/wp\/v2\/product_tag?post=1395"}],"curies":[{"name":"wp","href":"https:\/\/api.w.org\/{rel}","templated":true}]}}