{"id":1047,"date":"2023-07-23T21:07:17","date_gmt":"2023-07-23T19:07:17","guid":{"rendered":"https:\/\/www.holy-supps.nl\/?post_type=product&#038;p=1047"},"modified":"2026-04-22T12:23:45","modified_gmt":"2026-04-22T10:23:45","slug":"carnivor-100-bialko-wolowe-musclemeds","status":"publish","type":"product","link":"https:\/\/www.holy-supps.nl\/pl\/product\/carnivor-100-beef-protein-musclemeds\/","title":{"rendered":"Carnivor 100% Bia\u0142ko wo\u0142owe - Musclemeds"},"content":{"rendered":"<h2>Opis<\/h2>\n<p>Carnivor od MuscleMeds to bia\u0142ko w proszku oparte na hydrolizowanym bia\u0142ku wo\u0142owym. Produkt ten stanowi alternatyw\u0119 dla tradycyjnych bia\u0142ek serwatkowych lub ro\u015blinnych w proszku i nie zawiera laktozy. Carnivor jest przeznaczony do \u0142atwego mieszania z wod\u0105 lub mlekiem i jest dost\u0119pny w kilku smakach.<\/p>\n<h2>Zalety<\/h2>\n<ul>\n<li>Bia\u0142ko w proszku na bazie izolatu bia\u0142ka wo\u0142owego<\/li>\n<li>Bez laktozy, odpowiedni dla os\u00f3b unikaj\u0105cych nabia\u0142u<\/li>\n<li>Alternatywa dla serwatki i \u017ar\u00f3de\u0142 bia\u0142ka ro\u015blinnego<\/li>\n<li>Dost\u0119pne w r\u00f3\u017cnych smakach<\/li>\n<li>Dobrze rozpuszczalny w wodzie lub mleku<\/li>\n<\/ul>\n<h2>Instrukcja obs\u0142ugi<\/h2>\n<p>Wymiesza\u0107 1 miark\u0119 Carnivor (ok. 35 g) z 200-300 ml wody lub mleka. Dobrze wstrz\u0105sn\u0105\u0107 lub wymiesza\u0107 do ca\u0142kowitego rozpuszczenia. Mo\u017ce by\u0107 stosowany o dowolnej porze dnia, np. po treningu lub jako dodatek do posi\u0142ku. Nie przekracza\u0107 zalecanego dziennego spo\u017cycia. Suplementy diety nie zast\u0119puj\u0105 zr\u00f3\u017cnicowanej diety i zdrowego trybu \u017cycia.<\/p>","protected":false},"excerpt":{"rendered":"<p>Carnivor od MuscleMeds to bezlaktozowy proszek bia\u0142kowy na bazie izolatu bia\u0142ka wo\u0142owego. Stanowi alternatyw\u0119 dla bia\u0142ek serwatkowych lub ro\u015blinnych i jest dost\u0119pny w r\u00f3\u017cnych smakach. Idealny jako uzupe\u0142nienie zr\u00f3\u017cnicowanej diety.<\/p>","protected":false},"featured_media":1055,"comment_status":"open","ping_status":"closed","template":"","meta":[],"product_brand":[],"product_cat":[86,77,80,67,15,71,171,75,81],"product_tag":[],"class_list":{"0":"post-1047","1":"product","2":"type-product","3":"status-publish","4":"has-post-thumbnail","6":"product_cat-aankomen","7":"product_cat-bundles-save","8":"product_cat-doel","9":"product_cat-eiwitten-proteine","10":"product_cat-geen-categorie","11":"product_cat-merken","12":"product_cat-musclemeds","13":"product_cat-producten","14":"product_cat-spieropbouw","16":"first","17":"instock","18":"sale","19":"taxable","20":"shipping-taxable","21":"purchasable","22":"product-type-variable"},"yoast_head":"<!-- This site is optimized with the Yoast SEO plugin v27.5 - https:\/\/yoast.com\/product\/yoast-seo-wordpress\/ -->\n<title>Carnivor 100% Beef Protein - Musclemeds - Holy-Supps.nl<\/title>\n<meta name=\"description\" content=\"Ervaar de kracht van Carnivor 100% Beef Protein: lactosevrij, suikervrij, en 350% meer aminozuren voor maximale spieropbouw! Halal gecertificeerd.\" \/>\n<meta name=\"robots\" content=\"index, follow, max-snippet:-1, max-image-preview:large, max-video-preview:-1\" \/>\n<link rel=\"canonical\" href=\"https:\/\/www.holy-supps.nl\/pl\/produkt\/carnivor-100-bialko-wolowe-musclemeds\/\" \/>\n<meta property=\"og:locale\" content=\"pl_PL\" \/>\n<meta property=\"og:type\" content=\"article\" \/>\n<meta property=\"og:title\" content=\"Carnivor 100% Beef Protein - Musclemeds - Holy-Supps.nl\" \/>\n<meta property=\"og:description\" content=\"Ervaar de kracht van Carnivor 100% Beef Protein: lactosevrij, suikervrij, en 350% meer aminozuren voor maximale spieropbouw! Halal gecertificeerd.\" \/>\n<meta property=\"og:url\" content=\"https:\/\/www.holy-supps.nl\/pl\/produkt\/carnivor-100-bialko-wolowe-musclemeds\/\" \/>\n<meta property=\"og:site_name\" content=\"Holy-Supps.nl\" \/>\n<meta property=\"article:publisher\" content=\"https:\/\/www.facebook.com\/holy.supps\" \/>\n<meta property=\"article:modified_time\" content=\"2026-04-22T10:23:45+00:00\" \/>\n<meta property=\"og:image\" content=\"https:\/\/www.holy-supps.nl\/wp-content\/uploads\/2023\/07\/CARNIVOR-PEANUT-BUTTER-865344_3000x.webp\" \/>\n\t<meta property=\"og:image:width\" content=\"1080\" \/>\n\t<meta property=\"og:image:height\" content=\"1080\" \/>\n\t<meta property=\"og:image:type\" content=\"image\/webp\" \/>\n<meta name=\"twitter:card\" content=\"summary_large_image\" \/>\n<meta name=\"twitter:label1\" content=\"Szacowany czas czytania\" \/>\n\t<meta name=\"twitter:data1\" content=\"2 minuty\" \/>\n<script type=\"application\/ld+json\" class=\"yoast-schema-graph\">{\"@context\":\"https:\\\/\\\/schema.org\",\"@graph\":[{\"@type\":\"WebPage\",\"@id\":\"https:\\\/\\\/www.holy-supps.nl\\\/product\\\/carnivor-100-beef-protein-musclemeds\\\/\",\"url\":\"https:\\\/\\\/www.holy-supps.nl\\\/product\\\/carnivor-100-beef-protein-musclemeds\\\/\",\"name\":\"Carnivor 100% Beef Protein - Musclemeds - Holy-Supps.nl\",\"isPartOf\":{\"@id\":\"https:\\\/\\\/www.holy-supps.nl\\\/#website\"},\"primaryImageOfPage\":{\"@id\":\"https:\\\/\\\/www.holy-supps.nl\\\/product\\\/carnivor-100-beef-protein-musclemeds\\\/#primaryimage\"},\"image\":{\"@id\":\"https:\\\/\\\/www.holy-supps.nl\\\/product\\\/carnivor-100-beef-protein-musclemeds\\\/#primaryimage\"},\"thumbnailUrl\":\"https:\\\/\\\/www.holy-supps.nl\\\/wp-content\\\/uploads\\\/2023\\\/07\\\/CARNIVOR-PEANUT-BUTTER-865344_3000x.webp\",\"datePublished\":\"2023-07-23T19:07:17+00:00\",\"dateModified\":\"2026-04-22T10:23:45+00:00\",\"description\":\"Ervaar de kracht van Carnivor 100% Beef Protein: lactosevrij, suikervrij, en 350% meer aminozuren voor maximale spieropbouw! Halal gecertificeerd.\",\"breadcrumb\":{\"@id\":\"https:\\\/\\\/www.holy-supps.nl\\\/product\\\/carnivor-100-beef-protein-musclemeds\\\/#breadcrumb\"},\"inLanguage\":\"pl-PL\",\"potentialAction\":[{\"@type\":\"ReadAction\",\"target\":[\"https:\\\/\\\/www.holy-supps.nl\\\/product\\\/carnivor-100-beef-protein-musclemeds\\\/\"]}]},{\"@type\":\"ImageObject\",\"inLanguage\":\"pl-PL\",\"@id\":\"https:\\\/\\\/www.holy-supps.nl\\\/product\\\/carnivor-100-beef-protein-musclemeds\\\/#primaryimage\",\"url\":\"https:\\\/\\\/www.holy-supps.nl\\\/wp-content\\\/uploads\\\/2023\\\/07\\\/CARNIVOR-PEANUT-BUTTER-865344_3000x.webp\",\"contentUrl\":\"https:\\\/\\\/www.holy-supps.nl\\\/wp-content\\\/uploads\\\/2023\\\/07\\\/CARNIVOR-PEANUT-BUTTER-865344_3000x.webp\",\"width\":1080,\"height\":1080},{\"@type\":\"BreadcrumbList\",\"@id\":\"https:\\\/\\\/www.holy-supps.nl\\\/product\\\/carnivor-100-beef-protein-musclemeds\\\/#breadcrumb\",\"itemListElement\":[{\"@type\":\"ListItem\",\"position\":1,\"name\":\"Home\",\"item\":\"https:\\\/\\\/www.holy-supps.nl\\\/\"},{\"@type\":\"ListItem\",\"position\":2,\"name\":\"Winkel\",\"item\":\"https:\\\/\\\/www.holy-supps.nl\\\/winkel\\\/\"},{\"@type\":\"ListItem\",\"position\":3,\"name\":\"Carnivor 100% Beef Protein &#8211; Musclemeds\"}]},{\"@type\":\"WebSite\",\"@id\":\"https:\\\/\\\/www.holy-supps.nl\\\/#website\",\"url\":\"https:\\\/\\\/www.holy-supps.nl\\\/\",\"name\":\"Holy-Supps.nl\",\"description\":\"Official EHPLabs Reseller!\",\"publisher\":{\"@id\":\"https:\\\/\\\/www.holy-supps.nl\\\/#organization\"},\"potentialAction\":[{\"@type\":\"SearchAction\",\"target\":{\"@type\":\"EntryPoint\",\"urlTemplate\":\"https:\\\/\\\/www.holy-supps.nl\\\/?s={search_term_string}\"},\"query-input\":{\"@type\":\"PropertyValueSpecification\",\"valueRequired\":true,\"valueName\":\"search_term_string\"}}],\"inLanguage\":\"pl-PL\"},{\"@type\":\"Organization\",\"@id\":\"https:\\\/\\\/www.holy-supps.nl\\\/#organization\",\"name\":\"Holy Supps\",\"url\":\"https:\\\/\\\/www.holy-supps.nl\\\/\",\"logo\":{\"@type\":\"ImageObject\",\"inLanguage\":\"pl-PL\",\"@id\":\"https:\\\/\\\/www.holy-supps.nl\\\/#\\\/schema\\\/logo\\\/image\\\/\",\"url\":\"https:\\\/\\\/www.holy-supps.nl\\\/wp-content\\\/uploads\\\/2023\\\/06\\\/HOLY-SUPPS.png\",\"contentUrl\":\"https:\\\/\\\/www.holy-supps.nl\\\/wp-content\\\/uploads\\\/2023\\\/06\\\/HOLY-SUPPS.png\",\"width\":1000,\"height\":400,\"caption\":\"Holy Supps\"},\"image\":{\"@id\":\"https:\\\/\\\/www.holy-supps.nl\\\/#\\\/schema\\\/logo\\\/image\\\/\"},\"sameAs\":[\"https:\\\/\\\/www.facebook.com\\\/holy.supps\",\"https:\\\/\\\/www.instagram.com\\\/holy.supps.shop\\\/\"]}]}<\/script>\n<!-- \/ Yoast SEO plugin. -->","yoast_head_json":{"title":"Carnivor 100% Bia\u0142ko wo\u0142owe - Musclemeds - Holy-Supps.pl","description":"Poznaj moc bia\u0142ka wo\u0142owego Carnivor 100%: bez laktozy, bez cukru i 350% wi\u0119cej aminokwas\u00f3w dla maksymalnego budowania mi\u0119\u015bni! Certyfikat Halal.","robots":{"index":"index","follow":"follow","max-snippet":"max-snippet:-1","max-image-preview":"max-image-preview:large","max-video-preview":"max-video-preview:-1"},"canonical":"https:\/\/www.holy-supps.nl\/pl\/produkt\/carnivor-100-bialko-wolowe-musclemeds\/","og_locale":"pl_PL","og_type":"article","og_title":"Carnivor 100% Beef Protein - Musclemeds - Holy-Supps.nl","og_description":"Ervaar de kracht van Carnivor 100% Beef Protein: lactosevrij, suikervrij, en 350% meer aminozuren voor maximale spieropbouw! Halal gecertificeerd.","og_url":"https:\/\/www.holy-supps.nl\/pl\/produkt\/carnivor-100-bialko-wolowe-musclemeds\/","og_site_name":"Holy-Supps.nl","article_publisher":"https:\/\/www.facebook.com\/holy.supps","article_modified_time":"2026-04-22T10:23:45+00:00","og_image":[{"width":1080,"height":1080,"url":"https:\/\/www.holy-supps.nl\/wp-content\/uploads\/2023\/07\/CARNIVOR-PEANUT-BUTTER-865344_3000x.webp","type":"image\/webp"}],"twitter_card":"summary_large_image","twitter_misc":{"Szacowany czas czytania":"2 minuty"},"schema":{"@context":"https:\/\/schema.org","@graph":[{"@type":"WebPage","@id":"https:\/\/www.holy-supps.nl\/product\/carnivor-100-beef-protein-musclemeds\/","url":"https:\/\/www.holy-supps.nl\/product\/carnivor-100-beef-protein-musclemeds\/","name":"Carnivor 100% Bia\u0142ko wo\u0142owe - Musclemeds - Holy-Supps.pl","isPartOf":{"@id":"https:\/\/www.holy-supps.nl\/#website"},"primaryImageOfPage":{"@id":"https:\/\/www.holy-supps.nl\/product\/carnivor-100-beef-protein-musclemeds\/#primaryimage"},"image":{"@id":"https:\/\/www.holy-supps.nl\/product\/carnivor-100-beef-protein-musclemeds\/#primaryimage"},"thumbnailUrl":"https:\/\/www.holy-supps.nl\/wp-content\/uploads\/2023\/07\/CARNIVOR-PEANUT-BUTTER-865344_3000x.webp","datePublished":"2023-07-23T19:07:17+00:00","dateModified":"2026-04-22T10:23:45+00:00","description":"Poznaj moc bia\u0142ka wo\u0142owego Carnivor 100%: bez laktozy, bez cukru i 350% wi\u0119cej aminokwas\u00f3w dla maksymalnego budowania mi\u0119\u015bni! Certyfikat Halal.","breadcrumb":{"@id":"https:\/\/www.holy-supps.nl\/product\/carnivor-100-beef-protein-musclemeds\/#breadcrumb"},"inLanguage":"pl-PL","potentialAction":[{"@type":"ReadAction","target":["https:\/\/www.holy-supps.nl\/product\/carnivor-100-beef-protein-musclemeds\/"]}]},{"@type":"ImageObject","inLanguage":"pl-PL","@id":"https:\/\/www.holy-supps.nl\/product\/carnivor-100-beef-protein-musclemeds\/#primaryimage","url":"https:\/\/www.holy-supps.nl\/wp-content\/uploads\/2023\/07\/CARNIVOR-PEANUT-BUTTER-865344_3000x.webp","contentUrl":"https:\/\/www.holy-supps.nl\/wp-content\/uploads\/2023\/07\/CARNIVOR-PEANUT-BUTTER-865344_3000x.webp","width":1080,"height":1080},{"@type":"BreadcrumbList","@id":"https:\/\/www.holy-supps.nl\/product\/carnivor-100-beef-protein-musclemeds\/#breadcrumb","itemListElement":[{"@type":"ListItem","position":1,"name":"Home","item":"https:\/\/www.holy-supps.nl\/"},{"@type":"ListItem","position":2,"name":"Winkel","item":"https:\/\/www.holy-supps.nl\/winkel\/"},{"@type":"ListItem","position":3,"name":"Carnivor 100% Beef Protein &#8211; Musclemeds"}]},{"@type":"WebSite","@id":"https:\/\/www.holy-supps.nl\/#website","url":"https:\/\/www.holy-supps.nl\/","name":"Holy-Supps.co.uk","description":"Oficjalny dystrybutor EHPLabs!","publisher":{"@id":"https:\/\/www.holy-supps.nl\/#organization"},"potentialAction":[{"@type":"SearchAction","target":{"@type":"EntryPoint","urlTemplate":"https:\/\/www.holy-supps.nl\/?s={search_term_string}"},"query-input":{"@type":"PropertyValueSpecification","valueRequired":true,"valueName":"search_term_string"}}],"inLanguage":"pl-PL"},{"@type":"Organization","@id":"https:\/\/www.holy-supps.nl\/#organization","name":"Holy Supps","url":"https:\/\/www.holy-supps.nl\/","logo":{"@type":"ImageObject","inLanguage":"pl-PL","@id":"https:\/\/www.holy-supps.nl\/#\/schema\/logo\/image\/","url":"https:\/\/www.holy-supps.nl\/wp-content\/uploads\/2023\/06\/HOLY-SUPPS.png","contentUrl":"https:\/\/www.holy-supps.nl\/wp-content\/uploads\/2023\/06\/HOLY-SUPPS.png","width":1000,"height":400,"caption":"Holy Supps"},"image":{"@id":"https:\/\/www.holy-supps.nl\/#\/schema\/logo\/image\/"},"sameAs":["https:\/\/www.facebook.com\/holy.supps","https:\/\/www.instagram.com\/holy.supps.shop\/"]}]}},"jetpack_sharing_enabled":true,"_links":{"self":[{"href":"https:\/\/www.holy-supps.nl\/pl\/wp-json\/wp\/v2\/product\/1047","targetHints":{"allow":["GET"]}}],"collection":[{"href":"https:\/\/www.holy-supps.nl\/pl\/wp-json\/wp\/v2\/product"}],"about":[{"href":"https:\/\/www.holy-supps.nl\/pl\/wp-json\/wp\/v2\/types\/product"}],"replies":[{"embeddable":true,"href":"https:\/\/www.holy-supps.nl\/pl\/wp-json\/wp\/v2\/comments?post=1047"}],"wp:featuredmedia":[{"embeddable":true,"href":"https:\/\/www.holy-supps.nl\/pl\/wp-json\/wp\/v2\/media\/1055"}],"wp:attachment":[{"href":"https:\/\/www.holy-supps.nl\/pl\/wp-json\/wp\/v2\/media?parent=1047"}],"wp:term":[{"taxonomy":"product_brand","embeddable":true,"href":"https:\/\/www.holy-supps.nl\/pl\/wp-json\/wp\/v2\/product_brand?post=1047"},{"taxonomy":"product_cat","embeddable":true,"href":"https:\/\/www.holy-supps.nl\/pl\/wp-json\/wp\/v2\/product_cat?post=1047"},{"taxonomy":"product_tag","embeddable":true,"href":"https:\/\/www.holy-supps.nl\/pl\/wp-json\/wp\/v2\/product_tag?post=1047"}],"curies":[{"name":"wp","href":"https:\/\/api.w.org\/{rel}","templated":true}]}}