{"id":735,"date":"2023-04-07T17:30:16","date_gmt":"2023-04-07T15:30:16","guid":{"rendered":"https:\/\/www.holy-supps.nl\/?page_id=735"},"modified":"2023-04-07T17:54:16","modified_gmt":"2023-04-07T15:54:16","slug":"wylaczenie-odpowiedzialnosci","status":"publish","type":"page","link":"https:\/\/www.holy-supps.nl\/pl\/disclaimer\/","title":{"rendered":"Zastrze\u017cenie"},"content":{"rendered":"<section class=\"section\" id=\"section_875273045\">\n\t\t<div class=\"section-bg fill\" >\n\t\t\t\t\t\t\t\t\t\n\t\t\t\n\n\t\t<\/div>\n\n\t\t\n\n\t\t<div class=\"section-content relative\">\n\t\t\t\n<div class=\"row\"  id=\"row-163425378\">\n\n\t<div id=\"col-906537445\" class=\"col small-12 large-12\"  >\n\t\t\t\t<div class=\"col-inner\"  >\n\t\t\t\n\t\t\t\n<h2>Zastrze\u017cenie<\/h2>\n<p>Na tej stronie znajduje si\u0119 wy\u0142\u0105czenie odpowiedzialno\u015bci www.holy-supps<span class=\"placeholder\" title=\"\" data-toggle=\"tooltip\" data-placement=\"top\" data-original-title=\"Vul alstublieft in Bedrijfswebsite\"><span class=\"ng-binding\">.co.uk<\/span><\/span>udost\u0119pnione przez\u00a0<span class=\"placeholder\" title=\"\" data-toggle=\"tooltip\" data-placement=\"top\" data-original-title=\"Vul alstublieft in Bedrijfsnaam\"><span class=\"ng-binding\">Holy-Supps<\/span><\/span>. W niniejszym zastrze\u017ceniu wskazujemy warunki, na jakich udost\u0119pniamy informacje na naszej stronie internetowej. Nale\u017cy pami\u0119ta\u0107, \u017ce niniejsze wy\u0142\u0105czenie odpowiedzialno\u015bci mo\u017ce od czasu do czasu ulega\u0107 zmianie. Je\u015bli ulegnie zmianie, na tej stronie znajdziesz najnowsz\u0105 wersj\u0119 wy\u0142\u0105czenia odpowiedzialno\u015bci.<\/p>\n<p><span class=\"placeholder\" title=\"\" data-toggle=\"tooltip\" data-placement=\"top\" data-original-title=\"Vul alstublieft in Bedrijfsnaam\"><span class=\"ng-binding\">\u015awi\u0119ty<\/span><\/span>-Supps niniejszym udziela u\u017cytkownikowi dost\u0119pu do strony www.holy-supps.nl (strona internetowa) i zaprasza do zakupu oferowanych produkt\u00f3w. <span class=\"placeholder\" title=\"\" data-toggle=\"tooltip\" data-placement=\"top\" data-original-title=\"Vul alstublieft in Bedrijfsnaam\"><span class=\"ng-binding\">\u015awi\u0119ty<\/span><\/span>-Supps zastrzega sobie prawo do modyfikowania tre\u015bci lub usuwania sekcji w dowolnym momencie bez konieczno\u015bci powiadamiania u\u017cytkownika.<\/p>\n<p><strong>Ograniczona odpowiedzialno\u015b\u0107<\/strong><br \/><span class=\"placeholder\" title=\"\" data-toggle=\"tooltip\" data-placement=\"top\" data-original-title=\"Vul alstublieft in Bedrijfsnaam\"><span class=\"ng-binding\">\u015awi\u0119ty<\/span><\/span>-Supps dok\u0142ada wszelkich stara\u0144, aby aktualizowa\u0107 i\/lub uzupe\u0142nia\u0107 zawarto\u015b\u0107 strony internetowej tak cz\u0119sto, jak to mo\u017cliwe. Pomimo tej staranno\u015bci i uwagi mo\u017cliwe jest, \u017ce tre\u015b\u0107 jest niekompletna i\/lub nieprawid\u0142owa. Materia\u0142y oferowane na stronie internetowej s\u0105 oferowane bez jakiejkolwiek formy gwarancji lub roszczenia do dok\u0142adno\u015bci.<\/p>\n<p>W szczeg\u00f3lno\u015bci ceny i inne informacje o produktach na stronie internetowej podlegaj\u0105 oczywistym b\u0142\u0119dom programistycznym i pisarskim. U\u017cytkownik nie mo\u017ce \u017c\u0105da\u0107 zawarcia umowy z <span class=\"placeholder\" title=\"\" data-toggle=\"tooltip\" data-placement=\"top\" data-original-title=\"Vul alstublieft in Bedrijfsnaam\"><span class=\"ng-binding\">\u015awi\u0119ty<\/span><\/span>-Us\u0142ugi. W przypadku hiper\u0142\u0105czy do stron internetowych lub us\u0142ug stron trzecich zawartych w witrynie <span class=\"placeholder\" title=\"\" data-toggle=\"tooltip\" data-placement=\"top\" data-original-title=\"Vul alstublieft in Bedrijfsnaam\"><span class=\"ng-binding\">\u015awi\u0119ty<\/span><\/span>-Supps nigdy nie ponosi odpowiedzialno\u015bci.<\/p>\n<p><strong>Prawa autorskie<\/strong><br \/>Wszelkie prawa w\u0142asno\u015bci intelektualnej dotycz\u0105ce tych materia\u0142\u00f3w nale\u017c\u0105 do <span class=\"placeholder\" title=\"\" data-toggle=\"tooltip\" data-placement=\"top\" data-original-title=\"Vul alstublieft in Bedrijfsnaam\"><span class=\"ng-binding\">\u015awi\u0119ty<\/span><\/span>-Supps i jej licencjodawc\u00f3w. Korzystanie z informacji zawartych na tej stronie internetowej jest bezp\u0142atne, pod warunkiem, \u017ce nie kopiujesz, nie rozpowszechniasz ani w inny spos\u00f3b nie wykorzystujesz lub nie nadu\u017cywasz tych informacji bez pisemnej zgody <span class=\"placeholder\" title=\"\" data-toggle=\"tooltip\" data-placement=\"top\" data-original-title=\"Vul alstublieft in Bedrijfsnaam\"><span class=\"ng-binding\">\u015awi\u0119ty<\/span><\/span>-Supps, z wyj\u0105tkiem i wy\u0142\u0105cznie w zakresie, w jakim przepisy bezwzgl\u0119dnie obowi\u0105zuj\u0105cego prawa stanowi\u0105 inaczej (np. prawo cytatu), o ile w przypadku konkretnych materia\u0142\u00f3w nie wskazano inaczej.<\/p>\n<p><strong>Harmonogram karmienia<\/strong><\/p>\n<p>Us\u0142ugi harmonogramu \u017cywienia <span class=\"placeholder\" title=\"\" data-toggle=\"tooltip\" data-placement=\"top\" data-original-title=\"Vul alstublieft in Bedrijfsnaam\"><span class=\"ng-binding\">\u015awi\u0119ty<\/span><\/span>-supps.co.uk s\u0105 zorientowane na wyniki bez gwarantowania rezultat\u00f3w.<\/p>\n<p>Zwyci\u0119zca korzysta z us\u0142ug holy-supps.pl na w\u0142asne ryzyko. <span class=\"placeholder\" title=\"\" data-toggle=\"tooltip\" data-placement=\"top\" data-original-title=\"Vul alstublieft in Bedrijfsnaam\"><span class=\"ng-binding\">\u015awi\u0119ty<\/span><\/span>holy-supps.nl wyklucza wszelk\u0105 odpowiedzialno\u015b\u0107 za szkody lub obra\u017cenia wynikaj\u0105ce z lub zwi\u0105zane z przestrzeganiem przez klienta porad udzielonych przez holy-supps.nl, chyba \u017ce istnieje zamiar lub ra\u017c\u0105ce zaniedbanie ze strony <span class=\"placeholder\" title=\"\" data-toggle=\"tooltip\" data-placement=\"top\" data-original-title=\"Vul alstublieft in Bedrijfsnaam\"><span class=\"ng-binding\">\u015awi\u0119ty<\/span><\/span>-supps.co.uk.<\/p>\n\t\t<\/div>\n\t\t\t\t\t<\/div>\n\n\t\n<\/div>\n\t\t<\/div>\n\n\t\t\n<style>\n#section_875273045 {\n  padding-top: 30px;\n  padding-bottom: 30px;\n}\n<\/style>\n\t<\/section>","protected":false},"excerpt":{"rendered":"","protected":false},"author":1,"featured_media":0,"parent":0,"menu_order":0,"comment_status":"closed","ping_status":"closed","template":"","meta":{"footnotes":""},"class_list":["post-735","page","type-page","status-publish","hentry"],"yoast_head":"<!-- This site is optimized with the Yoast SEO plugin v27.4 - https:\/\/yoast.com\/product\/yoast-seo-wordpress\/ -->\n<title>Disclaimer - Holy-Supps.nl<\/title>\n<meta name=\"robots\" content=\"index, follow, max-snippet:-1, max-image-preview:large, max-video-preview:-1\" \/>\n<link rel=\"canonical\" href=\"https:\/\/www.holy-supps.nl\/pl\/wylaczenie-odpowiedzialnosci\/\" \/>\n<meta property=\"og:locale\" content=\"pl_PL\" \/>\n<meta property=\"og:type\" content=\"article\" \/>\n<meta property=\"og:title\" content=\"Disclaimer - Holy-Supps.nl\" \/>\n<meta property=\"og:url\" content=\"https:\/\/www.holy-supps.nl\/pl\/wylaczenie-odpowiedzialnosci\/\" \/>\n<meta property=\"og:site_name\" content=\"Holy-Supps.nl\" \/>\n<meta property=\"article:publisher\" content=\"https:\/\/www.facebook.com\/holy.supps\" \/>\n<meta property=\"article:modified_time\" content=\"2023-04-07T15:54:16+00:00\" \/>\n<meta property=\"og:image\" content=\"https:\/\/www.holy-supps.nl\/wp-content\/uploads\/2023\/06\/HOLY-SUPPS.png\" \/>\n\t<meta property=\"og:image:width\" content=\"1000\" \/>\n\t<meta property=\"og:image:height\" content=\"400\" \/>\n\t<meta property=\"og:image:type\" content=\"image\/png\" \/>\n<meta name=\"twitter:card\" content=\"summary_large_image\" \/>\n<meta name=\"twitter:label1\" content=\"Szacowany czas czytania\" \/>\n\t<meta name=\"twitter:data1\" content=\"2 minuty\" \/>\n<script type=\"application\/ld+json\" class=\"yoast-schema-graph\">{\"@context\":\"https:\\\/\\\/schema.org\",\"@graph\":[{\"@type\":\"WebPage\",\"@id\":\"https:\\\/\\\/www.holy-supps.nl\\\/disclaimer\\\/\",\"url\":\"https:\\\/\\\/www.holy-supps.nl\\\/disclaimer\\\/\",\"name\":\"Disclaimer - Holy-Supps.nl\",\"isPartOf\":{\"@id\":\"https:\\\/\\\/www.holy-supps.nl\\\/#website\"},\"datePublished\":\"2023-04-07T15:30:16+00:00\",\"dateModified\":\"2023-04-07T15:54:16+00:00\",\"breadcrumb\":{\"@id\":\"https:\\\/\\\/www.holy-supps.nl\\\/disclaimer\\\/#breadcrumb\"},\"inLanguage\":\"pl-PL\",\"potentialAction\":[{\"@type\":\"ReadAction\",\"target\":[\"https:\\\/\\\/www.holy-supps.nl\\\/disclaimer\\\/\"]}]},{\"@type\":\"BreadcrumbList\",\"@id\":\"https:\\\/\\\/www.holy-supps.nl\\\/disclaimer\\\/#breadcrumb\",\"itemListElement\":[{\"@type\":\"ListItem\",\"position\":1,\"name\":\"Home\",\"item\":\"https:\\\/\\\/www.holy-supps.nl\\\/\"},{\"@type\":\"ListItem\",\"position\":2,\"name\":\"Disclaimer\"}]},{\"@type\":\"WebSite\",\"@id\":\"https:\\\/\\\/www.holy-supps.nl\\\/#website\",\"url\":\"https:\\\/\\\/www.holy-supps.nl\\\/\",\"name\":\"Holy-Supps.nl\",\"description\":\"Official EHPLabs Reseller!\",\"publisher\":{\"@id\":\"https:\\\/\\\/www.holy-supps.nl\\\/#organization\"},\"potentialAction\":[{\"@type\":\"SearchAction\",\"target\":{\"@type\":\"EntryPoint\",\"urlTemplate\":\"https:\\\/\\\/www.holy-supps.nl\\\/?s={search_term_string}\"},\"query-input\":{\"@type\":\"PropertyValueSpecification\",\"valueRequired\":true,\"valueName\":\"search_term_string\"}}],\"inLanguage\":\"pl-PL\"},{\"@type\":\"Organization\",\"@id\":\"https:\\\/\\\/www.holy-supps.nl\\\/#organization\",\"name\":\"Holy Supps\",\"url\":\"https:\\\/\\\/www.holy-supps.nl\\\/\",\"logo\":{\"@type\":\"ImageObject\",\"inLanguage\":\"pl-PL\",\"@id\":\"https:\\\/\\\/www.holy-supps.nl\\\/#\\\/schema\\\/logo\\\/image\\\/\",\"url\":\"https:\\\/\\\/www.holy-supps.nl\\\/wp-content\\\/uploads\\\/2023\\\/06\\\/HOLY-SUPPS.png\",\"contentUrl\":\"https:\\\/\\\/www.holy-supps.nl\\\/wp-content\\\/uploads\\\/2023\\\/06\\\/HOLY-SUPPS.png\",\"width\":1000,\"height\":400,\"caption\":\"Holy Supps\"},\"image\":{\"@id\":\"https:\\\/\\\/www.holy-supps.nl\\\/#\\\/schema\\\/logo\\\/image\\\/\"},\"sameAs\":[\"https:\\\/\\\/www.facebook.com\\\/holy.supps\",\"https:\\\/\\\/www.instagram.com\\\/holy.supps.shop\\\/\"]}]}<\/script>\n<!-- \/ Yoast SEO plugin. -->","yoast_head_json":{"title":"Wy\u0142\u0105czenie odpowiedzialno\u015bci - Holy-Supps.pl","robots":{"index":"index","follow":"follow","max-snippet":"max-snippet:-1","max-image-preview":"max-image-preview:large","max-video-preview":"max-video-preview:-1"},"canonical":"https:\/\/www.holy-supps.nl\/pl\/wylaczenie-odpowiedzialnosci\/","og_locale":"pl_PL","og_type":"article","og_title":"Disclaimer - Holy-Supps.nl","og_url":"https:\/\/www.holy-supps.nl\/pl\/wylaczenie-odpowiedzialnosci\/","og_site_name":"Holy-Supps.nl","article_publisher":"https:\/\/www.facebook.com\/holy.supps","article_modified_time":"2023-04-07T15:54:16+00:00","og_image":[{"width":1000,"height":400,"url":"https:\/\/www.holy-supps.nl\/wp-content\/uploads\/2023\/06\/HOLY-SUPPS.png","type":"image\/png"}],"twitter_card":"summary_large_image","twitter_misc":{"Szacowany czas czytania":"2 minuty"},"schema":{"@context":"https:\/\/schema.org","@graph":[{"@type":"WebPage","@id":"https:\/\/www.holy-supps.nl\/disclaimer\/","url":"https:\/\/www.holy-supps.nl\/disclaimer\/","name":"Wy\u0142\u0105czenie odpowiedzialno\u015bci - Holy-Supps.pl","isPartOf":{"@id":"https:\/\/www.holy-supps.nl\/#website"},"datePublished":"2023-04-07T15:30:16+00:00","dateModified":"2023-04-07T15:54:16+00:00","breadcrumb":{"@id":"https:\/\/www.holy-supps.nl\/disclaimer\/#breadcrumb"},"inLanguage":"pl-PL","potentialAction":[{"@type":"ReadAction","target":["https:\/\/www.holy-supps.nl\/disclaimer\/"]}]},{"@type":"BreadcrumbList","@id":"https:\/\/www.holy-supps.nl\/disclaimer\/#breadcrumb","itemListElement":[{"@type":"ListItem","position":1,"name":"Home","item":"https:\/\/www.holy-supps.nl\/"},{"@type":"ListItem","position":2,"name":"Disclaimer"}]},{"@type":"WebSite","@id":"https:\/\/www.holy-supps.nl\/#website","url":"https:\/\/www.holy-supps.nl\/","name":"Holy-Supps.co.uk","description":"Oficjalny dystrybutor EHPLabs!","publisher":{"@id":"https:\/\/www.holy-supps.nl\/#organization"},"potentialAction":[{"@type":"SearchAction","target":{"@type":"EntryPoint","urlTemplate":"https:\/\/www.holy-supps.nl\/?s={search_term_string}"},"query-input":{"@type":"PropertyValueSpecification","valueRequired":true,"valueName":"search_term_string"}}],"inLanguage":"pl-PL"},{"@type":"Organization","@id":"https:\/\/www.holy-supps.nl\/#organization","name":"Holy Supps","url":"https:\/\/www.holy-supps.nl\/","logo":{"@type":"ImageObject","inLanguage":"pl-PL","@id":"https:\/\/www.holy-supps.nl\/#\/schema\/logo\/image\/","url":"https:\/\/www.holy-supps.nl\/wp-content\/uploads\/2023\/06\/HOLY-SUPPS.png","contentUrl":"https:\/\/www.holy-supps.nl\/wp-content\/uploads\/2023\/06\/HOLY-SUPPS.png","width":1000,"height":400,"caption":"Holy Supps"},"image":{"@id":"https:\/\/www.holy-supps.nl\/#\/schema\/logo\/image\/"},"sameAs":["https:\/\/www.facebook.com\/holy.supps","https:\/\/www.instagram.com\/holy.supps.shop\/"]}]}},"jetpack_sharing_enabled":true,"_links":{"self":[{"href":"https:\/\/www.holy-supps.nl\/pl\/wp-json\/wp\/v2\/pages\/735","targetHints":{"allow":["GET"]}}],"collection":[{"href":"https:\/\/www.holy-supps.nl\/pl\/wp-json\/wp\/v2\/pages"}],"about":[{"href":"https:\/\/www.holy-supps.nl\/pl\/wp-json\/wp\/v2\/types\/page"}],"author":[{"embeddable":true,"href":"https:\/\/www.holy-supps.nl\/pl\/wp-json\/wp\/v2\/users\/1"}],"replies":[{"embeddable":true,"href":"https:\/\/www.holy-supps.nl\/pl\/wp-json\/wp\/v2\/comments?post=735"}],"version-history":[{"count":4,"href":"https:\/\/www.holy-supps.nl\/pl\/wp-json\/wp\/v2\/pages\/735\/revisions"}],"predecessor-version":[{"id":751,"href":"https:\/\/www.holy-supps.nl\/pl\/wp-json\/wp\/v2\/pages\/735\/revisions\/751"}],"wp:attachment":[{"href":"https:\/\/www.holy-supps.nl\/pl\/wp-json\/wp\/v2\/media?parent=735"}],"curies":[{"name":"wp","href":"https:\/\/api.w.org\/{rel}","templated":true}]}}