{"id":3520,"date":"2025-01-08T13:56:55","date_gmt":"2025-01-08T12:56:55","guid":{"rendered":"https:\/\/www.holy-supps.nl\/?page_id=3520"},"modified":"2025-01-08T13:58:53","modified_gmt":"2025-01-08T12:58:53","slug":"klachtenregeling","status":"publish","type":"page","link":"https:\/\/www.holy-supps.nl\/pl\/klachtenregeling\/","title":{"rendered":"Procedura reklamacyjna"},"content":{"rendered":"<h2>System skarg WebwinkelKeur i europejska platforma ODR<\/h2>\n<div>Zawsze mo\u017ce si\u0119 zdarzy\u0107, \u017ce co\u015b nie p\u00f3jdzie zgodnie z planem. Zalecamy, aby w pierwszej kolejno\u015bci zg\u0142asza\u0107 nam reklamacje, wysy\u0142aj\u0105c wiadomo\u015b\u0107 e-mail na adres <a href=\"mailto:info@holy-supps.nl\">info@holy-supps.nl<\/a>. Je\u015bli nie doprowadzi to do rozwi\u0105zania sporu, mo\u017cliwe jest przekazanie sporu do mediacji za po\u015brednictwem WebwinkelKeur za po\u015brednictwem <a href=\"https:\/\/www.webwinkelkeur.nl\/kennisbank\/consumenten\/geschil\" target=\"_blank\" rel=\"noopener\">https:\/\/www.webwinkelkeur.nl\/kennisbank\/consumenten\/geschil<\/a>.<\/div>\n<div>\u00a0<\/div>\n<div>Konsumenci w UE mog\u0105 r\u00f3wnie\u017c sk\u0142ada\u0107 skargi za po\u015brednictwem platformy ODR Komisji Europejskiej. Platform\u0119 ODR mo\u017cna znale\u017a\u0107 pod adresem <a href=\"https:\/\/ec.europa.eu\/odr\" target=\"_blank\" rel=\"noopener\">https:\/\/ec.europa.eu\/odr<\/a>. Je\u015bli Twoja skarga nie jest jeszcze rozpatrywana w innym miejscu, mo\u017cesz z\u0142o\u017cy\u0107 skarg\u0119 za po\u015brednictwem platformy Unii Europejskiej.<\/div>","protected":false},"excerpt":{"rendered":"<p>Klachtenregeling WebwinkelKeur en het Europees ODR-platform Het kan altijd voorkomen dat er iets niet helemaal gaat zoals gepland. We raden u aan om klachten eerst bij ons kenbaar te maken door te mailen naar info@holy-supps.nl. Leidt dit niet tot een oplossing, dan is het mogelijk om uw geschil aan te melden voor bemiddeling via WebwinkelKeur [&#8230;]\n","protected":false},"author":1,"featured_media":0,"parent":0,"menu_order":0,"comment_status":"closed","ping_status":"closed","template":"","meta":{"footnotes":""},"class_list":["post-3520","page","type-page","status-publish","hentry"],"yoast_head":"<!-- This site is optimized with the Yoast SEO plugin v27.4 - https:\/\/yoast.com\/product\/yoast-seo-wordpress\/ -->\n<title>Klachtenregeling - Holy-Supps.nl<\/title>\n<meta name=\"robots\" content=\"index, follow, max-snippet:-1, max-image-preview:large, max-video-preview:-1\" \/>\n<link rel=\"canonical\" href=\"https:\/\/www.holy-supps.nl\/pl\/klachtenregeling\/\" \/>\n<meta property=\"og:locale\" content=\"pl_PL\" \/>\n<meta property=\"og:type\" content=\"article\" \/>\n<meta property=\"og:title\" content=\"Klachtenregeling - Holy-Supps.nl\" \/>\n<meta property=\"og:description\" content=\"Klachtenregeling WebwinkelKeur en het Europees ODR-platform Het kan altijd voorkomen dat er iets niet helemaal gaat zoals gepland. We raden u aan om klachten eerst bij ons kenbaar te maken door te mailen naar info@holy-supps.nl. Leidt dit niet tot een oplossing, dan is het mogelijk om uw geschil aan te melden voor bemiddeling via WebwinkelKeur [...]\" \/>\n<meta property=\"og:url\" content=\"https:\/\/www.holy-supps.nl\/pl\/klachtenregeling\/\" \/>\n<meta property=\"og:site_name\" content=\"Holy-Supps.nl\" \/>\n<meta property=\"article:publisher\" content=\"https:\/\/www.facebook.com\/holy.supps\" \/>\n<meta property=\"article:modified_time\" content=\"2025-01-08T12:58:53+00:00\" \/>\n<meta property=\"og:image\" content=\"https:\/\/www.holy-supps.nl\/wp-content\/uploads\/2023\/06\/HOLY-SUPPS.png\" \/>\n\t<meta property=\"og:image:width\" content=\"1000\" \/>\n\t<meta property=\"og:image:height\" content=\"400\" \/>\n\t<meta property=\"og:image:type\" content=\"image\/png\" \/>\n<meta name=\"twitter:card\" content=\"summary_large_image\" \/>\n<meta name=\"twitter:label1\" content=\"Szacowany czas czytania\" \/>\n\t<meta name=\"twitter:data1\" content=\"1 minuta\" \/>\n<script type=\"application\/ld+json\" class=\"yoast-schema-graph\">{\"@context\":\"https:\\\/\\\/schema.org\",\"@graph\":[{\"@type\":\"WebPage\",\"@id\":\"https:\\\/\\\/www.holy-supps.nl\\\/klachtenregeling\\\/\",\"url\":\"https:\\\/\\\/www.holy-supps.nl\\\/klachtenregeling\\\/\",\"name\":\"Klachtenregeling - Holy-Supps.nl\",\"isPartOf\":{\"@id\":\"https:\\\/\\\/www.holy-supps.nl\\\/#website\"},\"datePublished\":\"2025-01-08T12:56:55+00:00\",\"dateModified\":\"2025-01-08T12:58:53+00:00\",\"breadcrumb\":{\"@id\":\"https:\\\/\\\/www.holy-supps.nl\\\/klachtenregeling\\\/#breadcrumb\"},\"inLanguage\":\"pl-PL\",\"potentialAction\":[{\"@type\":\"ReadAction\",\"target\":[\"https:\\\/\\\/www.holy-supps.nl\\\/klachtenregeling\\\/\"]}]},{\"@type\":\"BreadcrumbList\",\"@id\":\"https:\\\/\\\/www.holy-supps.nl\\\/klachtenregeling\\\/#breadcrumb\",\"itemListElement\":[{\"@type\":\"ListItem\",\"position\":1,\"name\":\"Home\",\"item\":\"https:\\\/\\\/www.holy-supps.nl\\\/\"},{\"@type\":\"ListItem\",\"position\":2,\"name\":\"Klachtenregeling\"}]},{\"@type\":\"WebSite\",\"@id\":\"https:\\\/\\\/www.holy-supps.nl\\\/#website\",\"url\":\"https:\\\/\\\/www.holy-supps.nl\\\/\",\"name\":\"Holy-Supps.nl\",\"description\":\"Official EHPLabs Reseller!\",\"publisher\":{\"@id\":\"https:\\\/\\\/www.holy-supps.nl\\\/#organization\"},\"potentialAction\":[{\"@type\":\"SearchAction\",\"target\":{\"@type\":\"EntryPoint\",\"urlTemplate\":\"https:\\\/\\\/www.holy-supps.nl\\\/?s={search_term_string}\"},\"query-input\":{\"@type\":\"PropertyValueSpecification\",\"valueRequired\":true,\"valueName\":\"search_term_string\"}}],\"inLanguage\":\"pl-PL\"},{\"@type\":\"Organization\",\"@id\":\"https:\\\/\\\/www.holy-supps.nl\\\/#organization\",\"name\":\"Holy Supps\",\"url\":\"https:\\\/\\\/www.holy-supps.nl\\\/\",\"logo\":{\"@type\":\"ImageObject\",\"inLanguage\":\"pl-PL\",\"@id\":\"https:\\\/\\\/www.holy-supps.nl\\\/#\\\/schema\\\/logo\\\/image\\\/\",\"url\":\"https:\\\/\\\/www.holy-supps.nl\\\/wp-content\\\/uploads\\\/2023\\\/06\\\/HOLY-SUPPS.png\",\"contentUrl\":\"https:\\\/\\\/www.holy-supps.nl\\\/wp-content\\\/uploads\\\/2023\\\/06\\\/HOLY-SUPPS.png\",\"width\":1000,\"height\":400,\"caption\":\"Holy Supps\"},\"image\":{\"@id\":\"https:\\\/\\\/www.holy-supps.nl\\\/#\\\/schema\\\/logo\\\/image\\\/\"},\"sameAs\":[\"https:\\\/\\\/www.facebook.com\\\/holy.supps\",\"https:\\\/\\\/www.instagram.com\\\/holy.supps.shop\\\/\"]}]}<\/script>\n<!-- \/ Yoast SEO plugin. -->","yoast_head_json":{"title":"Procedura reklamacji - Holy-Supps.co.uk","robots":{"index":"index","follow":"follow","max-snippet":"max-snippet:-1","max-image-preview":"max-image-preview:large","max-video-preview":"max-video-preview:-1"},"canonical":"https:\/\/www.holy-supps.nl\/pl\/klachtenregeling\/","og_locale":"pl_PL","og_type":"article","og_title":"Klachtenregeling - Holy-Supps.nl","og_description":"Klachtenregeling WebwinkelKeur en het Europees ODR-platform Het kan altijd voorkomen dat er iets niet helemaal gaat zoals gepland. We raden u aan om klachten eerst bij ons kenbaar te maken door te mailen naar info@holy-supps.nl. Leidt dit niet tot een oplossing, dan is het mogelijk om uw geschil aan te melden voor bemiddeling via WebwinkelKeur [...]","og_url":"https:\/\/www.holy-supps.nl\/pl\/klachtenregeling\/","og_site_name":"Holy-Supps.nl","article_publisher":"https:\/\/www.facebook.com\/holy.supps","article_modified_time":"2025-01-08T12:58:53+00:00","og_image":[{"width":1000,"height":400,"url":"https:\/\/www.holy-supps.nl\/wp-content\/uploads\/2023\/06\/HOLY-SUPPS.png","type":"image\/png"}],"twitter_card":"summary_large_image","twitter_misc":{"Szacowany czas czytania":"1 minuta"},"schema":{"@context":"https:\/\/schema.org","@graph":[{"@type":"WebPage","@id":"https:\/\/www.holy-supps.nl\/klachtenregeling\/","url":"https:\/\/www.holy-supps.nl\/klachtenregeling\/","name":"Procedura reklamacji - Holy-Supps.co.uk","isPartOf":{"@id":"https:\/\/www.holy-supps.nl\/#website"},"datePublished":"2025-01-08T12:56:55+00:00","dateModified":"2025-01-08T12:58:53+00:00","breadcrumb":{"@id":"https:\/\/www.holy-supps.nl\/klachtenregeling\/#breadcrumb"},"inLanguage":"pl-PL","potentialAction":[{"@type":"ReadAction","target":["https:\/\/www.holy-supps.nl\/klachtenregeling\/"]}]},{"@type":"BreadcrumbList","@id":"https:\/\/www.holy-supps.nl\/klachtenregeling\/#breadcrumb","itemListElement":[{"@type":"ListItem","position":1,"name":"Home","item":"https:\/\/www.holy-supps.nl\/"},{"@type":"ListItem","position":2,"name":"Klachtenregeling"}]},{"@type":"WebSite","@id":"https:\/\/www.holy-supps.nl\/#website","url":"https:\/\/www.holy-supps.nl\/","name":"Holy-Supps.co.uk","description":"Oficjalny dystrybutor EHPLabs!","publisher":{"@id":"https:\/\/www.holy-supps.nl\/#organization"},"potentialAction":[{"@type":"SearchAction","target":{"@type":"EntryPoint","urlTemplate":"https:\/\/www.holy-supps.nl\/?s={search_term_string}"},"query-input":{"@type":"PropertyValueSpecification","valueRequired":true,"valueName":"search_term_string"}}],"inLanguage":"pl-PL"},{"@type":"Organization","@id":"https:\/\/www.holy-supps.nl\/#organization","name":"Holy Supps","url":"https:\/\/www.holy-supps.nl\/","logo":{"@type":"ImageObject","inLanguage":"pl-PL","@id":"https:\/\/www.holy-supps.nl\/#\/schema\/logo\/image\/","url":"https:\/\/www.holy-supps.nl\/wp-content\/uploads\/2023\/06\/HOLY-SUPPS.png","contentUrl":"https:\/\/www.holy-supps.nl\/wp-content\/uploads\/2023\/06\/HOLY-SUPPS.png","width":1000,"height":400,"caption":"Holy Supps"},"image":{"@id":"https:\/\/www.holy-supps.nl\/#\/schema\/logo\/image\/"},"sameAs":["https:\/\/www.facebook.com\/holy.supps","https:\/\/www.instagram.com\/holy.supps.shop\/"]}]}},"jetpack_sharing_enabled":true,"_links":{"self":[{"href":"https:\/\/www.holy-supps.nl\/pl\/wp-json\/wp\/v2\/pages\/3520","targetHints":{"allow":["GET"]}}],"collection":[{"href":"https:\/\/www.holy-supps.nl\/pl\/wp-json\/wp\/v2\/pages"}],"about":[{"href":"https:\/\/www.holy-supps.nl\/pl\/wp-json\/wp\/v2\/types\/page"}],"author":[{"embeddable":true,"href":"https:\/\/www.holy-supps.nl\/pl\/wp-json\/wp\/v2\/users\/1"}],"replies":[{"embeddable":true,"href":"https:\/\/www.holy-supps.nl\/pl\/wp-json\/wp\/v2\/comments?post=3520"}],"version-history":[{"count":3,"href":"https:\/\/www.holy-supps.nl\/pl\/wp-json\/wp\/v2\/pages\/3520\/revisions"}],"predecessor-version":[{"id":3524,"href":"https:\/\/www.holy-supps.nl\/pl\/wp-json\/wp\/v2\/pages\/3520\/revisions\/3524"}],"wp:attachment":[{"href":"https:\/\/www.holy-supps.nl\/pl\/wp-json\/wp\/v2\/media?parent=3520"}],"curies":[{"name":"wp","href":"https:\/\/api.w.org\/{rel}","templated":true}]}}