{"id":307,"date":"2023-04-07T17:20:58","date_gmt":"2023-04-07T15:20:58","guid":{"rendered":"https:\/\/www.holy-supps.nl\/?page_id=307"},"modified":"2023-04-08T11:16:08","modified_gmt":"2023-04-08T09:16:08","slug":"przesylka-zwrotna","status":"publish","type":"page","link":"https:\/\/www.holy-supps.nl\/pl\/verzending-retourneren\/","title":{"rendered":"Wysy\u0142ka i zwroty"},"content":{"rendered":"<section class=\"section\" id=\"section_469811950\">\n\t\t<div class=\"section-bg fill\" >\n\t\t\t\t\t\t\t\t\t\n\t\t\t\n\n\t\t<\/div>\n\n\t\t\n\n\t\t<div class=\"section-content relative\">\n\t\t\t\n<div class=\"row\"  id=\"row-303639233\">\n\n\t<div id=\"col-1794095931\" class=\"col small-12 large-12\"  >\n\t\t\t\t<div class=\"col-inner\"  >\n\t\t\t\n\t\t\t\n<h2>Wysy\u0142ka i zwroty<\/h2>\n\t\t<\/div>\n\t\t\t\t\t<\/div>\n\n\t\n<\/div>\n<div class=\"row align-middle\"  id=\"row-1895554848\">\n\n\t<div id=\"col-208336032\" class=\"col medium-9 small-12 large-9\"  >\n\t\t\t\t<div class=\"col-inner\"  >\n\t\t\t\n\t\t\t\n<h3>Wysy\u0142ka<\/h3>\n<p>Dok\u0142adamy wszelkich stara\u0144, aby dostarczy\u0107 zam\u00f3wienie tak szybko, jak to mo\u017cliwe. Zam\u00f3wienia (NL) przed godzin\u0105 16:00 w dni robocze s\u0105 wysy\u0142ane tego samego dnia.<\/p>\n<p>Dostawa jest realizowana za po\u015brednictwem listonosza lub firmy kurierskiej PostNL. Zazwyczaj dostawa odbywa si\u0119 nast\u0119pnego dnia roboczego mi\u0119dzy 9:00 a 18:00. Niestety nie mo\u017cemy zagwarantowa\u0107 czasu dostawy.<\/p>\n\t\t<\/div>\n\t\t\t\t\t<\/div>\n\n\t\n\n\t<div id=\"col-995173259\" class=\"col medium-3 small-12 large-3\"  >\n\t\t\t\t<div class=\"col-inner\"  >\n\t\t\t\n\t\t\t\n\t<div class=\"img has-hover x md-x lg-x y md-y lg-y\" id=\"image_33220032\">\n\t\t\t\t\t\t\t\t<div class=\"img-inner dark\" >\n\t\t\t<img decoding=\"async\" width=\"450\" height=\"217\" src=\"https:\/\/www.holy-supps.nl\/wp-content\/uploads\/2023\/03\/verzending-450x217-1.png\" class=\"attachment-original size-original\" alt=\"\" srcset=\"https:\/\/www.holy-supps.nl\/wp-content\/uploads\/2023\/03\/verzending-450x217-1.png 450w, https:\/\/www.holy-supps.nl\/wp-content\/uploads\/2023\/03\/verzending-450x217-1-300x145.png 300w\" sizes=\"(max-width: 450px) 100vw, 450px\" \/>\t\t\t\t\t\t\n\t\t\t\t\t<\/div>\n\t\t\t\t\t\t\t\t\n<style>\n#image_33220032 {\n  width: 100%;\n}\n<\/style>\n\t<\/div>\n\t\n\t\t<\/div>\n\t\t\t\t\t<\/div>\n\n\t\n\n\t<div id=\"col-491577375\" class=\"col small-12 large-12\"  >\n\t\t\t\t<div class=\"col-inner\"  >\n\t\t\t\n\t\t\t\n<h3>Powr\u00f3t<\/h3>\n<p>Czasami mo\u017cesz chcie\u0107 zwr\u00f3ci\u0107 zam\u00f3wienie. By\u0107 mo\u017ce dlatego, \u017ce produkt Ci si\u0119 nie podoba lub z innego powodu. Niezale\u017cnie od przyczyny, u\u017cytkownik ma prawo anulowa\u0107 zam\u00f3wienie w ci\u0105gu 14 dni od jego otrzymania bez podania przyczyny. Po anulowaniu zam\u00f3wienia masz kolejne 14 dni na zwrot produktu. Otrzymasz w\u00f3wczas zwrot pe\u0142nej kwoty zam\u00f3wienia wraz z kosztami wysy\u0142ki. U\u017cytkownik ponosi tylko koszty zwrotu z domu do sklepu. Koszty te wynosz\u0105 oko\u0142o 6,95 za paczk\u0119, dok\u0142adne stawki mo\u017cna znale\u017a\u0107 na stronie internetowej przewo\u017anika.<\/p>\n<p>W przypadku skorzystania z prawa do odst\u0105pienia od umowy produkt zostanie zwr\u00f3cony przedsi\u0119biorcy wraz ze wszystkimi dostarczonymi akcesoriami oraz - o ile to mo\u017cliwe - w oryginalnym stanie i opakowaniu. Aby skorzysta\u0107 z tego prawa, prosimy o kontakt pod adresem\u00a0<a href=\"mailto:info@holy-supps.nl\">info@holy-supps.nl<\/a>. Nast\u0119pnie zwr\u00f3cimy nale\u017cn\u0105 kwot\u0119 zam\u00f3wienia w ci\u0105gu 14 dni od powiadomienia o zwrocie, pod warunkiem, \u017ce produkt zosta\u0142 ju\u017c otrzymany z powrotem w dobrym stanie. Je\u015bli produkt zostanie uszkodzony lub opakowanie zostanie uszkodzone bardziej ni\u017c to konieczne, mo\u017cemy obci\u0105\u017cy\u0107 Ci\u0119 op\u0142at\u0105 za zmniejszenie warto\u015bci produktu.<\/p>\n<p>Produkt nale\u017cy wi\u0119c traktowa\u0107 ostro\u017cnie i upewni\u0107 si\u0119, \u017ce jest odpowiednio zapakowany podczas zwrotu.<\/p>\n<h3>Wymiana produkt\u00f3w?<\/h3>\n<p>Chcesz wymieni\u0107 sw\u00f3j produkt? To \u017caden problem. Mo\u017cesz skontaktowa\u0107 si\u0119 z\u00a0<a href=\"mailto:info@holy-supps.nl\">info@holy-supps.nl<\/a>. U\u017cytkownik ponosi jednak koszty zwrotu produktu we w\u0142asnym zakresie.<\/p>\n\t\t<\/div>\n\t\t\t\t\t<\/div>\n\n\t\n<\/div>\n\t\t<\/div>\n\n\t\t\n<style>\n#section_469811950 {\n  padding-top: 30px;\n  padding-bottom: 30px;\n}\n<\/style>\n\t<\/section>","protected":false},"excerpt":{"rendered":"","protected":false},"author":1,"featured_media":0,"parent":0,"menu_order":0,"comment_status":"closed","ping_status":"closed","template":"page-blank.php","meta":{"footnotes":""},"class_list":["post-307","page","type-page","status-publish","hentry"],"yoast_head":"<!-- This site is optimized with the Yoast SEO plugin v27.4 - https:\/\/yoast.com\/product\/yoast-seo-wordpress\/ -->\n<title>Verzending &amp; Retourneren - Holy-Supps.nl<\/title>\n<meta name=\"robots\" content=\"index, follow, max-snippet:-1, max-image-preview:large, max-video-preview:-1\" \/>\n<link rel=\"canonical\" href=\"https:\/\/www.holy-supps.nl\/pl\/przesylka-zwrotna\/\" \/>\n<meta property=\"og:locale\" content=\"pl_PL\" \/>\n<meta property=\"og:type\" content=\"article\" \/>\n<meta property=\"og:title\" content=\"Verzending &amp; Retourneren - Holy-Supps.nl\" \/>\n<meta property=\"og:url\" content=\"https:\/\/www.holy-supps.nl\/pl\/przesylka-zwrotna\/\" \/>\n<meta property=\"og:site_name\" content=\"Holy-Supps.nl\" \/>\n<meta property=\"article:publisher\" content=\"https:\/\/www.facebook.com\/holy.supps\" \/>\n<meta property=\"article:modified_time\" content=\"2023-04-08T09:16:08+00:00\" \/>\n<meta property=\"og:image\" content=\"https:\/\/www.holy-supps.nl\/wp-content\/uploads\/2023\/06\/HOLY-SUPPS.png\" \/>\n\t<meta property=\"og:image:width\" content=\"1000\" \/>\n\t<meta property=\"og:image:height\" content=\"400\" \/>\n\t<meta property=\"og:image:type\" content=\"image\/png\" \/>\n<meta name=\"twitter:card\" content=\"summary_large_image\" \/>\n<meta name=\"twitter:label1\" content=\"Szacowany czas czytania\" \/>\n\t<meta name=\"twitter:data1\" content=\"2 minuty\" \/>\n<script type=\"application\/ld+json\" class=\"yoast-schema-graph\">{\"@context\":\"https:\\\/\\\/schema.org\",\"@graph\":[{\"@type\":\"WebPage\",\"@id\":\"https:\\\/\\\/www.holy-supps.nl\\\/verzending-retourneren\\\/\",\"url\":\"https:\\\/\\\/www.holy-supps.nl\\\/verzending-retourneren\\\/\",\"name\":\"Verzending & Retourneren - Holy-Supps.nl\",\"isPartOf\":{\"@id\":\"https:\\\/\\\/www.holy-supps.nl\\\/#website\"},\"datePublished\":\"2023-04-07T15:20:58+00:00\",\"dateModified\":\"2023-04-08T09:16:08+00:00\",\"breadcrumb\":{\"@id\":\"https:\\\/\\\/www.holy-supps.nl\\\/verzending-retourneren\\\/#breadcrumb\"},\"inLanguage\":\"pl-PL\",\"potentialAction\":[{\"@type\":\"ReadAction\",\"target\":[\"https:\\\/\\\/www.holy-supps.nl\\\/verzending-retourneren\\\/\"]}]},{\"@type\":\"BreadcrumbList\",\"@id\":\"https:\\\/\\\/www.holy-supps.nl\\\/verzending-retourneren\\\/#breadcrumb\",\"itemListElement\":[{\"@type\":\"ListItem\",\"position\":1,\"name\":\"Home\",\"item\":\"https:\\\/\\\/www.holy-supps.nl\\\/\"},{\"@type\":\"ListItem\",\"position\":2,\"name\":\"Verzending &#038; Retourneren\"}]},{\"@type\":\"WebSite\",\"@id\":\"https:\\\/\\\/www.holy-supps.nl\\\/#website\",\"url\":\"https:\\\/\\\/www.holy-supps.nl\\\/\",\"name\":\"Holy-Supps.nl\",\"description\":\"Official EHPLabs Reseller!\",\"publisher\":{\"@id\":\"https:\\\/\\\/www.holy-supps.nl\\\/#organization\"},\"potentialAction\":[{\"@type\":\"SearchAction\",\"target\":{\"@type\":\"EntryPoint\",\"urlTemplate\":\"https:\\\/\\\/www.holy-supps.nl\\\/?s={search_term_string}\"},\"query-input\":{\"@type\":\"PropertyValueSpecification\",\"valueRequired\":true,\"valueName\":\"search_term_string\"}}],\"inLanguage\":\"pl-PL\"},{\"@type\":\"Organization\",\"@id\":\"https:\\\/\\\/www.holy-supps.nl\\\/#organization\",\"name\":\"Holy Supps\",\"url\":\"https:\\\/\\\/www.holy-supps.nl\\\/\",\"logo\":{\"@type\":\"ImageObject\",\"inLanguage\":\"pl-PL\",\"@id\":\"https:\\\/\\\/www.holy-supps.nl\\\/#\\\/schema\\\/logo\\\/image\\\/\",\"url\":\"https:\\\/\\\/www.holy-supps.nl\\\/wp-content\\\/uploads\\\/2023\\\/06\\\/HOLY-SUPPS.png\",\"contentUrl\":\"https:\\\/\\\/www.holy-supps.nl\\\/wp-content\\\/uploads\\\/2023\\\/06\\\/HOLY-SUPPS.png\",\"width\":1000,\"height\":400,\"caption\":\"Holy Supps\"},\"image\":{\"@id\":\"https:\\\/\\\/www.holy-supps.nl\\\/#\\\/schema\\\/logo\\\/image\\\/\"},\"sameAs\":[\"https:\\\/\\\/www.facebook.com\\\/holy.supps\",\"https:\\\/\\\/www.instagram.com\\\/holy.supps.shop\\\/\"]}]}<\/script>\n<!-- \/ Yoast SEO plugin. -->","yoast_head_json":{"title":"Wysy\u0142ka i zwroty - Holy-Supps.pl","robots":{"index":"index","follow":"follow","max-snippet":"max-snippet:-1","max-image-preview":"max-image-preview:large","max-video-preview":"max-video-preview:-1"},"canonical":"https:\/\/www.holy-supps.nl\/pl\/przesylka-zwrotna\/","og_locale":"pl_PL","og_type":"article","og_title":"Verzending & Retourneren - Holy-Supps.nl","og_url":"https:\/\/www.holy-supps.nl\/pl\/przesylka-zwrotna\/","og_site_name":"Holy-Supps.nl","article_publisher":"https:\/\/www.facebook.com\/holy.supps","article_modified_time":"2023-04-08T09:16:08+00:00","og_image":[{"width":1000,"height":400,"url":"https:\/\/www.holy-supps.nl\/wp-content\/uploads\/2023\/06\/HOLY-SUPPS.png","type":"image\/png"}],"twitter_card":"summary_large_image","twitter_misc":{"Szacowany czas czytania":"2 minuty"},"schema":{"@context":"https:\/\/schema.org","@graph":[{"@type":"WebPage","@id":"https:\/\/www.holy-supps.nl\/verzending-retourneren\/","url":"https:\/\/www.holy-supps.nl\/verzending-retourneren\/","name":"Wysy\u0142ka i zwroty - Holy-Supps.pl","isPartOf":{"@id":"https:\/\/www.holy-supps.nl\/#website"},"datePublished":"2023-04-07T15:20:58+00:00","dateModified":"2023-04-08T09:16:08+00:00","breadcrumb":{"@id":"https:\/\/www.holy-supps.nl\/verzending-retourneren\/#breadcrumb"},"inLanguage":"pl-PL","potentialAction":[{"@type":"ReadAction","target":["https:\/\/www.holy-supps.nl\/verzending-retourneren\/"]}]},{"@type":"BreadcrumbList","@id":"https:\/\/www.holy-supps.nl\/verzending-retourneren\/#breadcrumb","itemListElement":[{"@type":"ListItem","position":1,"name":"Home","item":"https:\/\/www.holy-supps.nl\/"},{"@type":"ListItem","position":2,"name":"Verzending &#038; Retourneren"}]},{"@type":"WebSite","@id":"https:\/\/www.holy-supps.nl\/#website","url":"https:\/\/www.holy-supps.nl\/","name":"Holy-Supps.co.uk","description":"Oficjalny dystrybutor EHPLabs!","publisher":{"@id":"https:\/\/www.holy-supps.nl\/#organization"},"potentialAction":[{"@type":"SearchAction","target":{"@type":"EntryPoint","urlTemplate":"https:\/\/www.holy-supps.nl\/?s={search_term_string}"},"query-input":{"@type":"PropertyValueSpecification","valueRequired":true,"valueName":"search_term_string"}}],"inLanguage":"pl-PL"},{"@type":"Organization","@id":"https:\/\/www.holy-supps.nl\/#organization","name":"Holy Supps","url":"https:\/\/www.holy-supps.nl\/","logo":{"@type":"ImageObject","inLanguage":"pl-PL","@id":"https:\/\/www.holy-supps.nl\/#\/schema\/logo\/image\/","url":"https:\/\/www.holy-supps.nl\/wp-content\/uploads\/2023\/06\/HOLY-SUPPS.png","contentUrl":"https:\/\/www.holy-supps.nl\/wp-content\/uploads\/2023\/06\/HOLY-SUPPS.png","width":1000,"height":400,"caption":"Holy Supps"},"image":{"@id":"https:\/\/www.holy-supps.nl\/#\/schema\/logo\/image\/"},"sameAs":["https:\/\/www.facebook.com\/holy.supps","https:\/\/www.instagram.com\/holy.supps.shop\/"]}]}},"jetpack_sharing_enabled":true,"_links":{"self":[{"href":"https:\/\/www.holy-supps.nl\/pl\/wp-json\/wp\/v2\/pages\/307","targetHints":{"allow":["GET"]}}],"collection":[{"href":"https:\/\/www.holy-supps.nl\/pl\/wp-json\/wp\/v2\/pages"}],"about":[{"href":"https:\/\/www.holy-supps.nl\/pl\/wp-json\/wp\/v2\/types\/page"}],"author":[{"embeddable":true,"href":"https:\/\/www.holy-supps.nl\/pl\/wp-json\/wp\/v2\/users\/1"}],"replies":[{"embeddable":true,"href":"https:\/\/www.holy-supps.nl\/pl\/wp-json\/wp\/v2\/comments?post=307"}],"version-history":[{"count":8,"href":"https:\/\/www.holy-supps.nl\/pl\/wp-json\/wp\/v2\/pages\/307\/revisions"}],"predecessor-version":[{"id":766,"href":"https:\/\/www.holy-supps.nl\/pl\/wp-json\/wp\/v2\/pages\/307\/revisions\/766"}],"wp:attachment":[{"href":"https:\/\/www.holy-supps.nl\/pl\/wp-json\/wp\/v2\/media?parent=307"}],"curies":[{"name":"wp","href":"https:\/\/api.w.org\/{rel}","templated":true}]}}