{"id":3,"date":"2023-01-08T17:43:47","date_gmt":"2023-01-08T17:43:47","guid":{"rendered":"https:\/\/www.holy-supps.nl\/?page_id=3"},"modified":"2023-04-07T17:55:52","modified_gmt":"2023-04-07T15:55:52","slug":"polityka-prywatnosci","status":"publish","type":"page","link":"https:\/\/www.holy-supps.nl\/pl\/privacy-policy\/","title":{"rendered":"Polityka prywatno\u015bci"},"content":{"rendered":"<section class=\"section\" id=\"section_683783661\">\n\t\t<div class=\"section-bg fill\" >\n\t\t\t\t\t\t\t\t\t\n\t\t\t\n\n\t\t<\/div>\n\n\t\t\n\n\t\t<div class=\"section-content relative\">\n\t\t\t\n\n<div class=\"row\"  id=\"row-833363557\">\n\n\n\t<div id=\"col-527881139\" class=\"col small-12 large-12\"  >\n\t\t\t\t<div class=\"col-inner\"  >\n\t\t\t\n\t\t\t\n\n<p><\/p>\n<h1 class=\"wp-block-heading\">POLITYKA PRYWATNO\u015aCI I PLIK\u00d3W COOKIE<\/h1>\n<p>Holy-Supps szanuje prywatno\u015b\u0107 os\u00f3b odwiedzaj\u0105cych witryn\u0119 internetow\u0105 i zapewnia, \u017ce podane dane (osobowe) s\u0105 traktowane jako poufne. Dane (osobowe) b\u0119d\u0105 przetwarzane w spos\u00f3b zgodny z wymogami prawa.<\/p>\n<h3>CELE PRZETWARZANIA DANYCH<\/h3>\n<p>Twoje dane osobowe s\u0105 przetwarzane przez nas w celu zawierania i wykonywania um\u00f3w oraz zarz\u0105dzania wynikaj\u0105cymi z nich relacjami. Do przetwarzania danych wprowadzanych za po\u015brednictwem formularzy u\u017cywamy GravityForms w WordPress lub Mailchimp. Dane wymagane za po\u015brednictwem formularzy na naszej stronie internetowej s\u0105 wymagane z powy\u017cszych powod\u00f3w. Je\u015bli dane osobowe nie zostan\u0105 podane, nie b\u0119dziemy mogli si\u0119 z Tob\u0105 skontaktowa\u0107 ani, w przypadku subskrypcji newslettera, poinformowa\u0107 Ci\u0119 o naszych us\u0142ugach i dzia\u0142aniach.<\/p>\n<p>W przypadku wype\u0142nienia formularza kontaktowego\/ofertowego, wniosku lub newslettera na stronie internetowej lub wys\u0142ania nam wiadomo\u015bci e-mail, przes\u0142ane nam dane b\u0119d\u0105 przechowywane tak d\u0142ugo, jak jest to konieczne ze wzgl\u0119du na charakter formularza lub tre\u015b\u0107 wiadomo\u015bci e-mail, aby mo\u017cna by\u0142o na nie w pe\u0142ni odpowiedzie\u0107 i je przetworzy\u0107. W tym celu stosujemy nast\u0119puj\u0105ce okresy przechowywania:<\/p>\n<ul>\n<li>Formularz kontaktowy (przez Gravity Forms): 1 rok<\/li>\n<li>Aplikacja (za po\u015brednictwem Gravity Forms): 1 rok<\/li>\n<li>Newsletter (za po\u015brednictwem Mailchimp): Do momentu wypisania si\u0119 z newslettera.<\/li>\n<li>Inne formularze: (za po\u015brednictwem Gravity Forms): 1 rok<\/li>\n<\/ul>\n<h3>BEZPIECZE\u0143STWO<\/h3>\n<p>Wszystkie dane wymieniane z Holy-Supps za po\u015brednictwem naszej strony internetowej s\u0105 szyfrowane za pomoc\u0105 zabezpiecze\u0144 SSL opartych na protokole HTTPS.<\/p>\n<h3>DANE ODWIEDZAJ\u0104CYCH I GOOGLE ANALYTICS<\/h3>\n<p>U\u017cywamy Google Analytics do \u015bledzenia og\u00f3lnych danych dotycz\u0105cych odwiedzin. Dane te s\u0105 wykorzystywane do analizy statystycznej odwiedzin i klikni\u0119\u0107 na stronie internetowej. U\u017cywamy ich r\u00f3wnie\u017c do optymalizacji funkcjonowania strony internetowej. Ustawili\u015bmy r\u00f3wnie\u017c Google Analytics tak, aby by\u0142 przyjazny dla prywatno\u015bci, wi\u0119c adresy IP s\u0105 anonimizowane, a dane s\u0105 przesy\u0142ane przez bezpieczne po\u0142\u0105czenie.<\/p>\n<p>Zawarli\u015bmy z Google umow\u0119 dotycz\u0105c\u0105 przetwarzania danych. Dane statystyczne s\u0105 przesy\u0142ane i przechowywane przez Google na serwerach w Europie i Stanach Zjednoczonych. Wi\u0119cej informacji mo\u017cna znale\u017a\u0107 w polityce prywatno\u015bci Google, a tak\u017ce w polityce prywatno\u015bci Google Analytics. Aby uzyska\u0107 informacje na temat zgodno\u015bci Google z RODO, Google ma okre\u015blone strony:\u00a0<u>Google Cloud i RODO oraz dzia\u0142ania Google w zakresie ochrony danych<\/u>.<\/p>\n<p>Google wykorzystuje te informacje do \u015bledzenia sposobu korzystania z naszej witryny internetowej i dostarczania nam raport\u00f3w na jej temat. Google mo\u017ce przekazywa\u0107 te informacje stronom trzecim, je\u015bli jest do tego prawnie zobowi\u0105zana lub w zakresie, w jakim strony trzecie przetwarzaj\u0105 te informacje w imieniu Google. Nie mamy na to wp\u0142ywu.<\/p>\n<p>Chcieliby\u015bmy wyra\u017anie podkre\u015bli\u0107, \u017ce dane te nigdy nie mog\u0105 by\u0107 przypisane do u\u017cytkownika jako osoby lub jednostki przez Holy-Supps, z wyj\u0105tkiem sytuacji, w kt\u00f3rych u\u017cytkownik identyfikuje si\u0119 jako osoba za po\u015brednictwem jednego z formularzy na stronie internetowej. Mo\u017cna to zrobi\u0107 na przyk\u0142ad poprzez pozostawienie adresu e-mail podczas subskrypcji biuletynu. W takich przypadkach zachowanie u\u017cytkownika na stronie mo\u017ce zosta\u0107 powi\u0105zane z wprowadzonymi danymi.<\/p>\n<p>Dane gromadzone przez Holy-Supps nie b\u0119d\u0105 udost\u0119pniane osobom trzecim.<\/p>\n<h3>HOTJAR<\/h3>\n<p>Narz\u0119dzie Hotjar pozwala nam zobaczy\u0107, gdzie odwiedzaj\u0105cy klikaj\u0105 w witrynie i w jakim stopniu przewijaj\u0105 strony. Dane te s\u0105 ca\u0142kowicie anonimowe i dlatego nie mo\u017cna ich powi\u0105za\u0107 z konkretnymi osobami.<\/p>\n<h3>PROFILOWANIE<\/h3>\n<p>W oparciu o zachowanie w witrynie, marketingowe pliki cookie s\u0105 wykorzystywane do tworzenia profili, dzi\u0119ki czemu mo\u017cemy wy\u015bwietla\u0107 odwiedzaj\u0105cym odpowiednie reklamy w innych witrynach. Dzi\u0119ki temu odwiedzaj\u0105cy mo\u017ce zobaczy\u0107 odpowiednie reklamy, poniewa\u017c s\u0105 one zgodne z jego wcze\u015bniejszym zachowaniem w witrynie. Dzi\u0119ki temu mamy nadziej\u0119 jeszcze lepiej informowa\u0107 u\u017cytkownik\u00f3w o naszych us\u0142ugach i artyku\u0142ach. Danych tych nie mo\u017cna przypisa\u0107 do konkretnej osoby.<\/p>\n<h3>UMOWA Z PROCESOREM<\/h3>\n<p>Ze wszystkimi firmami przetwarzaj\u0105cymi nasze dane podpisali\u015bmy umow\u0119 o przetwarzaniu danych. Okre\u015bla ona mi\u0119dzy innymi, w jakim celu dane osobowe mog\u0105 by\u0107 przetwarzane i jakie \u015brodki bezpiecze\u0144stwa nale\u017cy podj\u0105\u0107 w miejscu przechowywania danych osobowych. Stanowi ona r\u00f3wnie\u017c, \u017ce osoba przetwarzaj\u0105ca dane musi traktowa\u0107 je w spos\u00f3b poufny i nie mo\u017ce z w\u0142asnej inicjatywy przetwarza\u0107 ich w celu innym ni\u017c okre\u015blony w umowie o przetwarzaniu danych.<\/p>\n<h3>KONTROLA, KOREKTA I PRAWO DO SPRZECIWU<\/h3>\n<p>W przypadku relacji z nasz\u0105 firm\u0105 u\u017cytkownik ma mo\u017cliwo\u015b\u0107 wgl\u0105du do swoich danych osobowych na pisemny wniosek. Je\u015bli dostarczony przez nas przegl\u0105d zawiera nie\u015bcis\u0142o\u015bci, u\u017cytkownik mo\u017ce poprosi\u0107 nas na pi\u015bmie o zmian\u0119 lub usuni\u0119cie danych. Ponadto u\u017cytkownik ma prawo za\u017c\u0105da\u0107 udost\u0119pnienia swoich danych w pliku, aby inna strona mog\u0142a je uzyska\u0107 i wykorzysta\u0107. Ponadto u\u017cytkownik mo\u017ce poinformowa\u0107 nas na pi\u015bmie, je\u015bli nie chce, aby\u015bmy kontaktowali si\u0119 z nim (poczt\u0105 lub e-mailem) w sprawie informacji o naszych produktach i us\u0142ugach, powiadamiaj\u0105c nas o tym pod tym adresem:<\/p>\n<p>Holy-Supps<br \/>Ulica Da Costra<br \/>4904 EP Oosterhoud<br \/>Holandia<\/p>\n<p>Lub wys\u0142a\u0107 na adres\u00a0<a href=\"mailto:info@holy-supps.nl\">info@holy-supps.nl<\/a><\/p>\n<p>Je\u015bli u\u017cytkownik nie zgadza si\u0119 ze sposobem, w jaki przetwarzamy jego dane osobowe i nie mo\u017ce doj\u015b\u0107 z nami do porozumienia, ma mo\u017cliwo\u015b\u0107 z\u0142o\u017cenia skargi do Urz\u0119du Ochrony Danych Osobowych. Skarg\u0119 mo\u017cna przes\u0142a\u0107 na adres:<\/p>\n<p>Organ ds. danych osobowych<br \/>PO Box 93374<br \/>2509 AJ HAGA<\/p>\n<h3>ZMIANA O\u015aWIADCZENIA O OCHRONIE PRYWATNO\u015aCI<\/h3>\n<p>Zastrzegamy sobie prawo do zmiany niniejszego o\u015bwiadczenia o ochronie prywatno\u015bci. Zmiany b\u0119d\u0105 publikowane na tej stronie internetowej.<\/p>\n<h3>ZASTRZE\u017bENIE ODPOWIEDZIALNO\u015aCI<\/h3>\n<p>Pomimo do\u0142o\u017cenia najwy\u017cszej staranno\u015bci przy opracowywaniu i utrzymywaniu tej strony internetowej, istnieje mo\u017cliwo\u015b\u0107, \u017ce niekt\u00f3re informacje mog\u0105 z czasem przesta\u0107 by\u0107 dok\u0142adne. Holy-Supps nie ponosi odpowiedzialno\u015bci za konsekwencje wszelkich dzia\u0142a\u0144 podj\u0119tych na podstawie informacji zawartych na tej stronie. \u017badne zobowi\u0105zania Holy-Supps nie mog\u0105 wynika\u0107 z tre\u015bci tej strony internetowej, z wyj\u0105tkiem przypadk\u00f3w, w kt\u00f3rych zawarto pisemn\u0105 umow\u0119.<\/p>\n<h3>\u0179R\u00d3D\u0141A ZEWN\u0118TRZNE<\/h3>\n<p>Niekt\u00f3re odniesienia na tej stronie internetowej prowadz\u0105 do \u017ar\u00f3de\u0142 informacji utrzymywanych przez strony trzecie, nad kt\u00f3rymi Holy-Supps nie ma kontroli. Holy-Supps nie ponosi odpowiedzialno\u015bci za dok\u0142adno\u015b\u0107 lub jakikolwiek inny aspekt tych \u017ar\u00f3de\u0142 informacji.<\/p>\n<h3>AUTORYTET<\/h3>\n<p>Prawa autorskie do wszystkich tre\u015bci znajduj\u0105cych si\u0119 na tej stronie nale\u017c\u0105 do Holy-Supps , chyba \u017ce wyra\u017anie zaznaczono inaczej za pomoc\u0105, na przyk\u0142ad, odniesie\u0144 \u017ar\u00f3d\u0142owych. \u017badna cz\u0119\u015b\u0107 aplikacji, tekst\u00f3w lub reprezentacji graficznych tej strony internetowej nie mo\u017ce by\u0107 powielana i\/lub publikowana poprzez drukowanie, fotokopiowanie, faksowanie, przepisywanie, przechowywanie w skomputeryzowanej bazie danych lub w jakikolwiek inny spos\u00f3b, kt\u00f3ry dotyczy ca\u0142o\u015bci lub cz\u0119\u015bci przetwarzania, bez wyra\u017anej uprzedniej pisemnej zgody Holy-Supps .<\/p>\n<h2>O\u015aWIADCZENIE O PLIKACH COOKIE<\/h2>\n<p>Holy-Supps.pl korzysta z plik\u00f3w cookie. Holy-Supps u\u017cywa plik\u00f3w cookie do anonimowej analizy ruchu w witrynie, dzi\u0119ki czemu mo\u017cemy dostosowa\u0107 funkcjonalno\u015b\u0107 i skuteczno\u015b\u0107. U\u017cywamy r\u00f3wnie\u017c plik\u00f3w cookie do personalizowania tre\u015bci i reklam po uzyskaniu zgody.<\/p>\n<p>Pliki cookie to ma\u0142e pliki tekstowe, kt\u00f3re mog\u0105 by\u0107 wykorzystywane przez witryny internetowe w celu usprawnienia obs\u0142ugi u\u017cytkownik\u00f3w. Zgodnie z prawem mo\u017cemy przechowywa\u0107 pliki cookie na urz\u0105dzeniu u\u017cytkownika, je\u015bli s\u0105 one absolutnie niezb\u0119dne do korzystania z witryny. W przypadku wszystkich innych rodzaj\u00f3w plik\u00f3w cookie potrzebujemy zgody u\u017cytkownika. Ta witryna wykorzystuje r\u00f3\u017cne rodzaje plik\u00f3w cookie. Niekt\u00f3re pliki cookie s\u0105 ustawiane przez us\u0142ugi stron trzecich wy\u015bwietlane na naszych stronach.<\/p>\n<p>Zgoda u\u017cytkownika dotyczy nast\u0119puj\u0105cych obszar\u00f3w: <a href=\"https:\/\/www.holy-supps.nl\/pl\/\">www.holy-supps.nl<\/a> \/ <a href=\"https:\/\/www.holysupps.nl\">www.holysupps.nl<\/a>.<\/p>\n<h3>PLIKI COOKIE (UMIESZCZONE BEZPO\u015aREDNIO):<\/h3>\n<p><strong>Pliki cookie WordPress<br \/><\/strong>Te pliki cookie \u015bledz\u0105 mi\u0119dzy innymi, czy u\u017cytkownik jest zalogowany.<\/p>\n<p><strong>Pliki cookie Wordfence<br \/><\/strong>Te pliki cookie s\u0105 ustawiane ze wzgl\u0119d\u00f3w bezpiecze\u0144stwa. Wordfence jest w pe\u0142ni zgodny z RODO.<\/p>\n<h3>PLIKI COOKIE (PO WYRA\u017bENIU ZGODY):<\/h3>\n<p><strong>Pliki cookie: Google AdWords<br \/><\/strong>Te pliki cookie s\u0142u\u017c\u0105 do dostosowywania reklam do profilu u\u017cytkownika, tak aby by\u0142y dla niego jak najbardziej odpowiednie.<\/p>\n<p><strong>Pliki cookie: Google Analytics<br \/><\/strong>W przypadku \"Google Analytics\" niekt\u00f3re pliki cookie s\u0105 ustawiane w celu tworzenia raport\u00f3w o naszych u\u017cytkownikach w celu ulepszenia witryny. Ponadto kod Analytics zawiera funkcj\u0119 DoubleClick do wy\u015bwietlania odpowiednich baner\u00f3w w sieci tre\u015bci Google.<\/p>\n<p><strong>Pliki cookie: Facebook<br \/><\/strong>Facebook umieszcza pliki cookie w celu \u015bledzenia preferencji u\u017cytkownika na tej platformie medi\u00f3w spo\u0142eczno\u015bciowych.<\/p>\n<p><strong>Ciasteczka: Hotjar<br \/><\/strong>Cel: Narz\u0119dzie Hotjar pozwala nam zobaczy\u0107, gdzie klikamy odwiedzaj\u0105cych na stronie internetowej i w jakim stopniu odwiedzaj\u0105cy przewijaj\u0105 strony w d\u00f3\u0142. Dane te s\u0105 ca\u0142kowicie anonimowe i dlatego nie mo\u017cna ich przypisa\u0107 do konkretnych os\u00f3b.<\/p>\n<h2>O POLITYCE<\/h2>\n<p>Niniejsza polityka prywatno\u015bci i plik\u00f3w cookie mo\u017ce by\u0107 od czasu do czasu zmieniana w celu og\u0142oszenia zmian i wynikaj\u0105cych z nich konsekwencji dla pozyskiwania danych i zarz\u0105dzania nimi. W przypadku wprowadzenia zmian w niniejszym dokumencie, dat\u0119 ostatniej zmiany mo\u017cna sprawdzi\u0107 na dole dokumentu. Zastrzegamy sobie prawo do wprowadzania zmian w sposobie przetwarzania danych i modyfikowania warunk\u00f3w opisanych w polityce prywatno\u015bci i plik\u00f3w cookie oraz do stosowania tych modyfikacji do wszystkich danych u\u017cytkownika. Odwiedzaj\u0105c nasz\u0105 witryn\u0119, u\u017cytkownik wyra\u017ca zgod\u0119 na aktualne warunki polityki prywatno\u015bci i plik\u00f3w cookie.<\/p>\n<p>Wi\u0119cej informacji na temat plik\u00f3w cookie i przepis\u00f3w dotycz\u0105cych plik\u00f3w cookie mo\u017cna znale\u017a\u0107 na stronie\u00a0<a href=\"http:\/\/www.youronlinechoices.com\/\">www.youronlinechoices.com<\/a>.<\/p>\n<p>Ostatnia modyfikacja: 09 pa\u017adziernika 2019 r.<\/p>\n<p><\/p>\n\n\n\t\t<\/div>\n\t\t\t\t\t<\/div>\n\n\t\n\n<\/div>\n\n\t\t<\/div>\n\n\t\t\n<style>\n#section_683783661 {\n  padding-top: 30px;\n  padding-bottom: 30px;\n}\n<\/style>\n\t<\/section>","protected":false},"excerpt":{"rendered":"","protected":false},"author":1,"featured_media":0,"parent":0,"menu_order":0,"comment_status":"closed","ping_status":"open","template":"","meta":{"footnotes":""},"class_list":["post-3","page","type-page","status-publish","hentry"],"yoast_head":"<!-- This site is optimized with the Yoast SEO plugin v27.3 - https:\/\/yoast.com\/product\/yoast-seo-wordpress\/ -->\n<title>Privacy Policy - Holy-Supps.nl<\/title>\n<meta name=\"robots\" content=\"index, follow, max-snippet:-1, max-image-preview:large, max-video-preview:-1\" \/>\n<link rel=\"canonical\" href=\"https:\/\/www.holy-supps.nl\/pl\/polityka-prywatnosci\/\" \/>\n<meta property=\"og:locale\" content=\"pl_PL\" \/>\n<meta property=\"og:type\" content=\"article\" \/>\n<meta property=\"og:title\" content=\"Privacy Policy - Holy-Supps.nl\" \/>\n<meta property=\"og:url\" content=\"https:\/\/www.holy-supps.nl\/pl\/polityka-prywatnosci\/\" \/>\n<meta property=\"og:site_name\" content=\"Holy-Supps.nl\" \/>\n<meta property=\"article:publisher\" content=\"https:\/\/www.facebook.com\/holy.supps\" \/>\n<meta property=\"article:modified_time\" content=\"2023-04-07T15:55:52+00:00\" \/>\n<meta property=\"og:image\" content=\"https:\/\/www.holy-supps.nl\/wp-content\/uploads\/2023\/06\/HOLY-SUPPS.png\" \/>\n\t<meta property=\"og:image:width\" content=\"1000\" \/>\n\t<meta property=\"og:image:height\" content=\"400\" \/>\n\t<meta property=\"og:image:type\" content=\"image\/png\" \/>\n<meta name=\"twitter:card\" content=\"summary_large_image\" \/>\n<meta name=\"twitter:label1\" content=\"Szacowany czas czytania\" \/>\n\t<meta name=\"twitter:data1\" content=\"7 minut\" \/>\n<script type=\"application\/ld+json\" class=\"yoast-schema-graph\">{\"@context\":\"https:\\\/\\\/schema.org\",\"@graph\":[{\"@type\":\"WebPage\",\"@id\":\"https:\\\/\\\/www.holy-supps.nl\\\/privacy-policy\\\/\",\"url\":\"https:\\\/\\\/www.holy-supps.nl\\\/privacy-policy\\\/\",\"name\":\"Privacy Policy - Holy-Supps.nl\",\"isPartOf\":{\"@id\":\"https:\\\/\\\/www.holy-supps.nl\\\/#website\"},\"datePublished\":\"2023-01-08T17:43:47+00:00\",\"dateModified\":\"2023-04-07T15:55:52+00:00\",\"breadcrumb\":{\"@id\":\"https:\\\/\\\/www.holy-supps.nl\\\/privacy-policy\\\/#breadcrumb\"},\"inLanguage\":\"pl-PL\",\"potentialAction\":[{\"@type\":\"ReadAction\",\"target\":[\"https:\\\/\\\/www.holy-supps.nl\\\/privacy-policy\\\/\"]}]},{\"@type\":\"BreadcrumbList\",\"@id\":\"https:\\\/\\\/www.holy-supps.nl\\\/privacy-policy\\\/#breadcrumb\",\"itemListElement\":[{\"@type\":\"ListItem\",\"position\":1,\"name\":\"Home\",\"item\":\"https:\\\/\\\/www.holy-supps.nl\\\/\"},{\"@type\":\"ListItem\",\"position\":2,\"name\":\"Privacy Policy\"}]},{\"@type\":\"WebSite\",\"@id\":\"https:\\\/\\\/www.holy-supps.nl\\\/#website\",\"url\":\"https:\\\/\\\/www.holy-supps.nl\\\/\",\"name\":\"Holy-Supps.nl\",\"description\":\"Official EHPLabs Reseller!\",\"publisher\":{\"@id\":\"https:\\\/\\\/www.holy-supps.nl\\\/#organization\"},\"potentialAction\":[{\"@type\":\"SearchAction\",\"target\":{\"@type\":\"EntryPoint\",\"urlTemplate\":\"https:\\\/\\\/www.holy-supps.nl\\\/?s={search_term_string}\"},\"query-input\":{\"@type\":\"PropertyValueSpecification\",\"valueRequired\":true,\"valueName\":\"search_term_string\"}}],\"inLanguage\":\"pl-PL\"},{\"@type\":\"Organization\",\"@id\":\"https:\\\/\\\/www.holy-supps.nl\\\/#organization\",\"name\":\"Holy Supps\",\"url\":\"https:\\\/\\\/www.holy-supps.nl\\\/\",\"logo\":{\"@type\":\"ImageObject\",\"inLanguage\":\"pl-PL\",\"@id\":\"https:\\\/\\\/www.holy-supps.nl\\\/#\\\/schema\\\/logo\\\/image\\\/\",\"url\":\"https:\\\/\\\/www.holy-supps.nl\\\/wp-content\\\/uploads\\\/2023\\\/06\\\/HOLY-SUPPS.png\",\"contentUrl\":\"https:\\\/\\\/www.holy-supps.nl\\\/wp-content\\\/uploads\\\/2023\\\/06\\\/HOLY-SUPPS.png\",\"width\":1000,\"height\":400,\"caption\":\"Holy Supps\"},\"image\":{\"@id\":\"https:\\\/\\\/www.holy-supps.nl\\\/#\\\/schema\\\/logo\\\/image\\\/\"},\"sameAs\":[\"https:\\\/\\\/www.facebook.com\\\/holy.supps\",\"https:\\\/\\\/www.instagram.com\\\/holy.supps.shop\\\/\"]}]}<\/script>\n<!-- \/ Yoast SEO plugin. -->","yoast_head_json":{"title":"Polityka prywatno\u015bci - Holy-Supps.pl","robots":{"index":"index","follow":"follow","max-snippet":"max-snippet:-1","max-image-preview":"max-image-preview:large","max-video-preview":"max-video-preview:-1"},"canonical":"https:\/\/www.holy-supps.nl\/pl\/polityka-prywatnosci\/","og_locale":"pl_PL","og_type":"article","og_title":"Privacy Policy - Holy-Supps.nl","og_url":"https:\/\/www.holy-supps.nl\/pl\/polityka-prywatnosci\/","og_site_name":"Holy-Supps.nl","article_publisher":"https:\/\/www.facebook.com\/holy.supps","article_modified_time":"2023-04-07T15:55:52+00:00","og_image":[{"width":1000,"height":400,"url":"https:\/\/www.holy-supps.nl\/wp-content\/uploads\/2023\/06\/HOLY-SUPPS.png","type":"image\/png"}],"twitter_card":"summary_large_image","twitter_misc":{"Szacowany czas czytania":"7 minut"},"schema":{"@context":"https:\/\/schema.org","@graph":[{"@type":"WebPage","@id":"https:\/\/www.holy-supps.nl\/privacy-policy\/","url":"https:\/\/www.holy-supps.nl\/privacy-policy\/","name":"Polityka prywatno\u015bci - Holy-Supps.pl","isPartOf":{"@id":"https:\/\/www.holy-supps.nl\/#website"},"datePublished":"2023-01-08T17:43:47+00:00","dateModified":"2023-04-07T15:55:52+00:00","breadcrumb":{"@id":"https:\/\/www.holy-supps.nl\/privacy-policy\/#breadcrumb"},"inLanguage":"pl-PL","potentialAction":[{"@type":"ReadAction","target":["https:\/\/www.holy-supps.nl\/privacy-policy\/"]}]},{"@type":"BreadcrumbList","@id":"https:\/\/www.holy-supps.nl\/privacy-policy\/#breadcrumb","itemListElement":[{"@type":"ListItem","position":1,"name":"Home","item":"https:\/\/www.holy-supps.nl\/"},{"@type":"ListItem","position":2,"name":"Privacy Policy"}]},{"@type":"WebSite","@id":"https:\/\/www.holy-supps.nl\/#website","url":"https:\/\/www.holy-supps.nl\/","name":"Holy-Supps.co.uk","description":"Oficjalny dystrybutor EHPLabs!","publisher":{"@id":"https:\/\/www.holy-supps.nl\/#organization"},"potentialAction":[{"@type":"SearchAction","target":{"@type":"EntryPoint","urlTemplate":"https:\/\/www.holy-supps.nl\/?s={search_term_string}"},"query-input":{"@type":"PropertyValueSpecification","valueRequired":true,"valueName":"search_term_string"}}],"inLanguage":"pl-PL"},{"@type":"Organization","@id":"https:\/\/www.holy-supps.nl\/#organization","name":"Holy Supps","url":"https:\/\/www.holy-supps.nl\/","logo":{"@type":"ImageObject","inLanguage":"pl-PL","@id":"https:\/\/www.holy-supps.nl\/#\/schema\/logo\/image\/","url":"https:\/\/www.holy-supps.nl\/wp-content\/uploads\/2023\/06\/HOLY-SUPPS.png","contentUrl":"https:\/\/www.holy-supps.nl\/wp-content\/uploads\/2023\/06\/HOLY-SUPPS.png","width":1000,"height":400,"caption":"Holy Supps"},"image":{"@id":"https:\/\/www.holy-supps.nl\/#\/schema\/logo\/image\/"},"sameAs":["https:\/\/www.facebook.com\/holy.supps","https:\/\/www.instagram.com\/holy.supps.shop\/"]}]}},"jetpack_sharing_enabled":true,"_links":{"self":[{"href":"https:\/\/www.holy-supps.nl\/pl\/wp-json\/wp\/v2\/pages\/3","targetHints":{"allow":["GET"]}}],"collection":[{"href":"https:\/\/www.holy-supps.nl\/pl\/wp-json\/wp\/v2\/pages"}],"about":[{"href":"https:\/\/www.holy-supps.nl\/pl\/wp-json\/wp\/v2\/types\/page"}],"author":[{"embeddable":true,"href":"https:\/\/www.holy-supps.nl\/pl\/wp-json\/wp\/v2\/users\/1"}],"replies":[{"embeddable":true,"href":"https:\/\/www.holy-supps.nl\/pl\/wp-json\/wp\/v2\/comments?post=3"}],"version-history":[{"count":3,"href":"https:\/\/www.holy-supps.nl\/pl\/wp-json\/wp\/v2\/pages\/3\/revisions"}],"predecessor-version":[{"id":753,"href":"https:\/\/www.holy-supps.nl\/pl\/wp-json\/wp\/v2\/pages\/3\/revisions\/753"}],"wp:attachment":[{"href":"https:\/\/www.holy-supps.nl\/pl\/wp-json\/wp\/v2\/media?parent=3"}],"curies":[{"name":"wp","href":"https:\/\/api.w.org\/{rel}","templated":true}]}}