{"id":990,"date":"2023-07-18T23:05:05","date_gmt":"2023-07-18T21:05:05","guid":{"rendered":"https:\/\/www.holy-supps.nl\/?post_type=product&#038;p=990"},"modified":"2026-05-04T07:22:44","modified_gmt":"2026-05-04T05:22:44","slug":"carafe-deau-ehp-labs-1-3l","status":"publish","type":"product","link":"https:\/\/www.holy-supps.nl\/fr\/product\/ehp-labs-1-3l-water-jug\/","title":{"rendered":"EHP Labs - Cruche \u00e0 eau 1.3L"},"content":{"rendered":"<p>Bouteille d'eau pratique de 1,3 litre \u00e0 emporter \u00e0 la salle de sport ou \u00e0 emporter en d\u00e9placement. De cette fa\u00e7on, vous \u00eates s\u00fbr d'obtenir votre quantit\u00e9 quotidienne d'eau plus facilement !<\/p>","protected":false},"excerpt":{"rendered":"<p>Bouteille d'eau pratique de 1,3 litre \u00e0 emporter \u00e0 la salle de sport ou \u00e0 emporter en d\u00e9placement. De cette fa\u00e7on, vous \u00eates s\u00fbr d'obtenir votre quantit\u00e9 quotidienne d'eau plus facilement !<\/p>","protected":false},"featured_media":991,"comment_status":"open","ping_status":"closed","template":"","meta":[],"product_brand":[],"product_cat":[76,15],"product_tag":[],"class_list":{"0":"post-990","1":"product","2":"type-product","3":"status-publish","4":"has-post-thumbnail","6":"product_cat-accessoires","7":"product_cat-geen-categorie","9":"first","10":"outofstock","11":"taxable","12":"shipping-taxable","13":"purchasable","14":"product-type-simple"},"yoast_head":"<!-- This site is optimized with the Yoast SEO plugin v27.6 - https:\/\/yoast.com\/product\/yoast-seo-wordpress\/ -->\n<title>EHP Labs - 1.3L Water Jug - Holy-Supps.nl<\/title>\n<meta name=\"description\" content=\"Blijf gehydrateerd met de EHP Labs 1.3L Water Jug. Perfect voor de sportschool of onderweg, helpt je moeiteloos je dagelijkse waterinname te bereiken!\" \/>\n<meta name=\"robots\" content=\"index, follow, max-snippet:-1, max-image-preview:large, max-video-preview:-1\" \/>\n<link rel=\"canonical\" href=\"https:\/\/www.holy-supps.nl\/fr\/produit\/carafe-deau-ehp-labs-1-3l\/\" \/>\n<meta property=\"og:locale\" content=\"fr_FR\" \/>\n<meta property=\"og:type\" content=\"article\" \/>\n<meta property=\"og:title\" content=\"EHP Labs - 1.3L Water Jug - Holy-Supps.nl\" \/>\n<meta property=\"og:description\" content=\"Blijf gehydrateerd met de EHP Labs 1.3L Water Jug. Perfect voor de sportschool of onderweg, helpt je moeiteloos je dagelijkse waterinname te bereiken!\" \/>\n<meta property=\"og:url\" content=\"https:\/\/www.holy-supps.nl\/fr\/produit\/carafe-deau-ehp-labs-1-3l\/\" \/>\n<meta property=\"og:site_name\" content=\"Holy-Supps.nl\" \/>\n<meta property=\"article:publisher\" content=\"https:\/\/www.facebook.com\/holy.supps\" \/>\n<meta property=\"article:modified_time\" content=\"2026-05-04T05:22:44+00:00\" \/>\n<meta property=\"og:image\" content=\"https:\/\/www.holy-supps.nl\/wp-content\/uploads\/2023\/07\/1.3EHPJug.webp\" \/>\n\t<meta property=\"og:image:width\" content=\"538\" \/>\n\t<meta property=\"og:image:height\" content=\"538\" \/>\n\t<meta property=\"og:image:type\" content=\"image\/webp\" \/>\n<meta name=\"twitter:card\" content=\"summary_large_image\" \/>\n<meta name=\"twitter:label1\" content=\"Dur\u00e9e de lecture estim\u00e9e\" \/>\n\t<meta name=\"twitter:data1\" content=\"1 minute\" \/>\n<script type=\"application\/ld+json\" class=\"yoast-schema-graph\">{\"@context\":\"https:\\\/\\\/schema.org\",\"@graph\":[{\"@type\":\"WebPage\",\"@id\":\"https:\\\/\\\/www.holy-supps.nl\\\/product\\\/ehp-labs-1-3l-water-jug\\\/\",\"url\":\"https:\\\/\\\/www.holy-supps.nl\\\/product\\\/ehp-labs-1-3l-water-jug\\\/\",\"name\":\"EHP Labs - 1.3L Water Jug - Holy-Supps.nl\",\"isPartOf\":{\"@id\":\"https:\\\/\\\/www.holy-supps.nl\\\/#website\"},\"primaryImageOfPage\":{\"@id\":\"https:\\\/\\\/www.holy-supps.nl\\\/product\\\/ehp-labs-1-3l-water-jug\\\/#primaryimage\"},\"image\":{\"@id\":\"https:\\\/\\\/www.holy-supps.nl\\\/product\\\/ehp-labs-1-3l-water-jug\\\/#primaryimage\"},\"thumbnailUrl\":\"https:\\\/\\\/www.holy-supps.nl\\\/wp-content\\\/uploads\\\/2023\\\/07\\\/1.3EHPJug.webp\",\"datePublished\":\"2023-07-18T21:05:05+00:00\",\"dateModified\":\"2026-05-04T05:22:44+00:00\",\"description\":\"Blijf gehydrateerd met de EHP Labs 1.3L Water Jug. Perfect voor de sportschool of onderweg, helpt je moeiteloos je dagelijkse waterinname te bereiken!\",\"breadcrumb\":{\"@id\":\"https:\\\/\\\/www.holy-supps.nl\\\/product\\\/ehp-labs-1-3l-water-jug\\\/#breadcrumb\"},\"inLanguage\":\"fr-FR\",\"potentialAction\":[{\"@type\":\"ReadAction\",\"target\":[\"https:\\\/\\\/www.holy-supps.nl\\\/product\\\/ehp-labs-1-3l-water-jug\\\/\"]}]},{\"@type\":\"ImageObject\",\"inLanguage\":\"fr-FR\",\"@id\":\"https:\\\/\\\/www.holy-supps.nl\\\/product\\\/ehp-labs-1-3l-water-jug\\\/#primaryimage\",\"url\":\"https:\\\/\\\/www.holy-supps.nl\\\/wp-content\\\/uploads\\\/2023\\\/07\\\/1.3EHPJug.webp\",\"contentUrl\":\"https:\\\/\\\/www.holy-supps.nl\\\/wp-content\\\/uploads\\\/2023\\\/07\\\/1.3EHPJug.webp\",\"width\":538,\"height\":538},{\"@type\":\"BreadcrumbList\",\"@id\":\"https:\\\/\\\/www.holy-supps.nl\\\/product\\\/ehp-labs-1-3l-water-jug\\\/#breadcrumb\",\"itemListElement\":[{\"@type\":\"ListItem\",\"position\":1,\"name\":\"Home\",\"item\":\"https:\\\/\\\/www.holy-supps.nl\\\/\"},{\"@type\":\"ListItem\",\"position\":2,\"name\":\"Winkel\",\"item\":\"https:\\\/\\\/www.holy-supps.nl\\\/winkel\\\/\"},{\"@type\":\"ListItem\",\"position\":3,\"name\":\"EHP Labs &#8211; 1.3L Water Jug\"}]},{\"@type\":\"WebSite\",\"@id\":\"https:\\\/\\\/www.holy-supps.nl\\\/#website\",\"url\":\"https:\\\/\\\/www.holy-supps.nl\\\/\",\"name\":\"Holy-Supps.nl\",\"description\":\"Official EHPLabs Reseller!\",\"publisher\":{\"@id\":\"https:\\\/\\\/www.holy-supps.nl\\\/#organization\"},\"potentialAction\":[{\"@type\":\"SearchAction\",\"target\":{\"@type\":\"EntryPoint\",\"urlTemplate\":\"https:\\\/\\\/www.holy-supps.nl\\\/?s={search_term_string}\"},\"query-input\":{\"@type\":\"PropertyValueSpecification\",\"valueRequired\":true,\"valueName\":\"search_term_string\"}}],\"inLanguage\":\"fr-FR\"},{\"@type\":\"Organization\",\"@id\":\"https:\\\/\\\/www.holy-supps.nl\\\/#organization\",\"name\":\"Holy Supps\",\"url\":\"https:\\\/\\\/www.holy-supps.nl\\\/\",\"logo\":{\"@type\":\"ImageObject\",\"inLanguage\":\"fr-FR\",\"@id\":\"https:\\\/\\\/www.holy-supps.nl\\\/#\\\/schema\\\/logo\\\/image\\\/\",\"url\":\"https:\\\/\\\/www.holy-supps.nl\\\/wp-content\\\/uploads\\\/2023\\\/06\\\/HOLY-SUPPS.png\",\"contentUrl\":\"https:\\\/\\\/www.holy-supps.nl\\\/wp-content\\\/uploads\\\/2023\\\/06\\\/HOLY-SUPPS.png\",\"width\":1000,\"height\":400,\"caption\":\"Holy Supps\"},\"image\":{\"@id\":\"https:\\\/\\\/www.holy-supps.nl\\\/#\\\/schema\\\/logo\\\/image\\\/\"},\"sameAs\":[\"https:\\\/\\\/www.facebook.com\\\/holy.supps\",\"https:\\\/\\\/www.instagram.com\\\/holy.supps.shop\\\/\"]}]}<\/script>\n<!-- \/ Yoast SEO plugin. -->","yoast_head_json":{"title":"EHP Labs - Cruche \u00e0 eau 1.3L - Holy-Supps.fr","description":"Restez hydrat\u00e9 avec le bidon d'eau EHP Labs de 1,3 litre. Parfaite pour la salle de sport ou en d\u00e9placement, elle vous aide \u00e0 atteindre votre consommation quotidienne d'eau sans effort !","robots":{"index":"index","follow":"follow","max-snippet":"max-snippet:-1","max-image-preview":"max-image-preview:large","max-video-preview":"max-video-preview:-1"},"canonical":"https:\/\/www.holy-supps.nl\/fr\/produit\/carafe-deau-ehp-labs-1-3l\/","og_locale":"fr_FR","og_type":"article","og_title":"EHP Labs - 1.3L Water Jug - Holy-Supps.nl","og_description":"Blijf gehydrateerd met de EHP Labs 1.3L Water Jug. Perfect voor de sportschool of onderweg, helpt je moeiteloos je dagelijkse waterinname te bereiken!","og_url":"https:\/\/www.holy-supps.nl\/fr\/produit\/carafe-deau-ehp-labs-1-3l\/","og_site_name":"Holy-Supps.nl","article_publisher":"https:\/\/www.facebook.com\/holy.supps","article_modified_time":"2026-05-04T05:22:44+00:00","og_image":[{"width":538,"height":538,"url":"https:\/\/www.holy-supps.nl\/wp-content\/uploads\/2023\/07\/1.3EHPJug.webp","type":"image\/webp"}],"twitter_card":"summary_large_image","twitter_misc":{"Dur\u00e9e de lecture estim\u00e9e":"1 minute"},"schema":{"@context":"https:\/\/schema.org","@graph":[{"@type":"WebPage","@id":"https:\/\/www.holy-supps.nl\/product\/ehp-labs-1-3l-water-jug\/","url":"https:\/\/www.holy-supps.nl\/product\/ehp-labs-1-3l-water-jug\/","name":"EHP Labs - Cruche \u00e0 eau 1.3L - Holy-Supps.fr","isPartOf":{"@id":"https:\/\/www.holy-supps.nl\/#website"},"primaryImageOfPage":{"@id":"https:\/\/www.holy-supps.nl\/product\/ehp-labs-1-3l-water-jug\/#primaryimage"},"image":{"@id":"https:\/\/www.holy-supps.nl\/product\/ehp-labs-1-3l-water-jug\/#primaryimage"},"thumbnailUrl":"https:\/\/www.holy-supps.nl\/wp-content\/uploads\/2023\/07\/1.3EHPJug.webp","datePublished":"2023-07-18T21:05:05+00:00","dateModified":"2026-05-04T05:22:44+00:00","description":"Restez hydrat\u00e9 avec le bidon d'eau EHP Labs de 1,3 litre. Parfaite pour la salle de sport ou en d\u00e9placement, elle vous aide \u00e0 atteindre votre consommation quotidienne d'eau sans effort !","breadcrumb":{"@id":"https:\/\/www.holy-supps.nl\/product\/ehp-labs-1-3l-water-jug\/#breadcrumb"},"inLanguage":"fr-FR","potentialAction":[{"@type":"ReadAction","target":["https:\/\/www.holy-supps.nl\/product\/ehp-labs-1-3l-water-jug\/"]}]},{"@type":"ImageObject","inLanguage":"fr-FR","@id":"https:\/\/www.holy-supps.nl\/product\/ehp-labs-1-3l-water-jug\/#primaryimage","url":"https:\/\/www.holy-supps.nl\/wp-content\/uploads\/2023\/07\/1.3EHPJug.webp","contentUrl":"https:\/\/www.holy-supps.nl\/wp-content\/uploads\/2023\/07\/1.3EHPJug.webp","width":538,"height":538},{"@type":"BreadcrumbList","@id":"https:\/\/www.holy-supps.nl\/product\/ehp-labs-1-3l-water-jug\/#breadcrumb","itemListElement":[{"@type":"ListItem","position":1,"name":"Home","item":"https:\/\/www.holy-supps.nl\/"},{"@type":"ListItem","position":2,"name":"Winkel","item":"https:\/\/www.holy-supps.nl\/winkel\/"},{"@type":"ListItem","position":3,"name":"EHP Labs &#8211; 1.3L Water Jug"}]},{"@type":"WebSite","@id":"https:\/\/www.holy-supps.nl\/#website","url":"https:\/\/www.holy-supps.nl\/","name":"Holy-Supps.co.uk","description":"Revendeur officiel EHPLabs !","publisher":{"@id":"https:\/\/www.holy-supps.nl\/#organization"},"potentialAction":[{"@type":"SearchAction","target":{"@type":"EntryPoint","urlTemplate":"https:\/\/www.holy-supps.nl\/?s={search_term_string}"},"query-input":{"@type":"PropertyValueSpecification","valueRequired":true,"valueName":"search_term_string"}}],"inLanguage":"fr-FR"},{"@type":"Organization","@id":"https:\/\/www.holy-supps.nl\/#organization","name":"Les Saints Souvenirs","url":"https:\/\/www.holy-supps.nl\/","logo":{"@type":"ImageObject","inLanguage":"fr-FR","@id":"https:\/\/www.holy-supps.nl\/#\/schema\/logo\/image\/","url":"https:\/\/www.holy-supps.nl\/wp-content\/uploads\/2023\/06\/HOLY-SUPPS.png","contentUrl":"https:\/\/www.holy-supps.nl\/wp-content\/uploads\/2023\/06\/HOLY-SUPPS.png","width":1000,"height":400,"caption":"Holy Supps"},"image":{"@id":"https:\/\/www.holy-supps.nl\/#\/schema\/logo\/image\/"},"sameAs":["https:\/\/www.facebook.com\/holy.supps","https:\/\/www.instagram.com\/holy.supps.shop\/"]}]}},"jetpack_sharing_enabled":true,"_links":{"self":[{"href":"https:\/\/www.holy-supps.nl\/fr\/wp-json\/wp\/v2\/product\/990","targetHints":{"allow":["GET"]}}],"collection":[{"href":"https:\/\/www.holy-supps.nl\/fr\/wp-json\/wp\/v2\/product"}],"about":[{"href":"https:\/\/www.holy-supps.nl\/fr\/wp-json\/wp\/v2\/types\/product"}],"replies":[{"embeddable":true,"href":"https:\/\/www.holy-supps.nl\/fr\/wp-json\/wp\/v2\/comments?post=990"}],"wp:featuredmedia":[{"embeddable":true,"href":"https:\/\/www.holy-supps.nl\/fr\/wp-json\/wp\/v2\/media\/991"}],"wp:attachment":[{"href":"https:\/\/www.holy-supps.nl\/fr\/wp-json\/wp\/v2\/media?parent=990"}],"wp:term":[{"taxonomy":"product_brand","embeddable":true,"href":"https:\/\/www.holy-supps.nl\/fr\/wp-json\/wp\/v2\/product_brand?post=990"},{"taxonomy":"product_cat","embeddable":true,"href":"https:\/\/www.holy-supps.nl\/fr\/wp-json\/wp\/v2\/product_cat?post=990"},{"taxonomy":"product_tag","embeddable":true,"href":"https:\/\/www.holy-supps.nl\/fr\/wp-json\/wp\/v2\/product_tag?post=990"}],"curies":[{"name":"wp","href":"https:\/\/api.w.org\/{rel}","templated":true}]}}