{"id":967,"date":"2023-07-12T16:20:21","date_gmt":"2023-07-12T14:20:21","guid":{"rendered":"https:\/\/www.holy-supps.nl\/?post_type=product&#038;p=967"},"modified":"2026-04-07T12:00:31","modified_gmt":"2026-04-07T10:00:31","slug":"holy-supps-shake-cup","status":"publish","type":"product","link":"https:\/\/www.holy-supps.nl\/fr\/product\/holy-supps-shakebeker\/","title":{"rendered":"Holy-Supps - Gobelet \u00e0 secouer"},"content":{"rendered":"<h2>Holy-Supps - Gobelet \u00e0 secouer<\/h2>\n<p>Obtenez le v\u00f4tre d\u00e8s maintenant !<\/p>","protected":false},"excerpt":{"rendered":"<p>Holy-Supps - Shake cup Achetez-le maintenant !<\/p>","protected":false},"featured_media":968,"comment_status":"open","ping_status":"closed","template":"","meta":[],"product_brand":[],"product_cat":[76],"product_tag":[],"class_list":{"0":"post-967","1":"product","2":"type-product","3":"status-publish","4":"has-post-thumbnail","6":"product_cat-accessoires","8":"first","9":"instock","10":"taxable","11":"shipping-taxable","12":"purchasable","13":"product-type-simple"},"yoast_head":"<!-- This site is optimized with the Yoast SEO plugin v27.4 - https:\/\/yoast.com\/product\/yoast-seo-wordpress\/ -->\n<title>Holy-Supps - Shakebeker - Holy-Supps.nl<\/title>\n<meta name=\"description\" content=\"Handige Holy-Supps shakebeker, perfect voor het mixen van eiwitshakes en supplementen onderweg. Ideaal voor elke fitnessliefhebber!\" \/>\n<meta name=\"robots\" content=\"index, follow, max-snippet:-1, max-image-preview:large, max-video-preview:-1\" \/>\n<link rel=\"canonical\" href=\"https:\/\/www.holy-supps.nl\/fr\/produit\/holy-supps-shake-cup\/\" \/>\n<meta property=\"og:locale\" content=\"fr_FR\" \/>\n<meta property=\"og:type\" content=\"article\" \/>\n<meta property=\"og:title\" content=\"Holy-Supps - Shakebeker - Holy-Supps.nl\" \/>\n<meta property=\"og:description\" content=\"Handige Holy-Supps shakebeker, perfect voor het mixen van eiwitshakes en supplementen onderweg. Ideaal voor elke fitnessliefhebber!\" \/>\n<meta property=\"og:url\" content=\"https:\/\/www.holy-supps.nl\/fr\/produit\/holy-supps-shake-cup\/\" \/>\n<meta property=\"og:site_name\" content=\"Holy-Supps.nl\" \/>\n<meta property=\"article:publisher\" content=\"https:\/\/www.facebook.com\/holy.supps\" \/>\n<meta property=\"article:modified_time\" content=\"2026-04-07T10:00:31+00:00\" \/>\n<meta property=\"og:image\" content=\"https:\/\/www.holy-supps.nl\/wp-content\/uploads\/2023\/07\/cb0c654a-859c-4821-bbaf-0a3a514cc0a8-768x1024.png\" \/>\n\t<meta property=\"og:image:width\" content=\"768\" \/>\n\t<meta property=\"og:image:height\" content=\"1024\" \/>\n\t<meta property=\"og:image:type\" content=\"image\/png\" \/>\n<meta name=\"twitter:card\" content=\"summary_large_image\" \/>\n<meta name=\"twitter:label1\" content=\"Dur\u00e9e de lecture estim\u00e9e\" \/>\n\t<meta name=\"twitter:data1\" content=\"1 minute\" \/>\n<script type=\"application\/ld+json\" class=\"yoast-schema-graph\">{\"@context\":\"https:\\\/\\\/schema.org\",\"@graph\":[{\"@type\":\"WebPage\",\"@id\":\"https:\\\/\\\/www.holy-supps.nl\\\/product\\\/holy-supps-shakebeker\\\/\",\"url\":\"https:\\\/\\\/www.holy-supps.nl\\\/product\\\/holy-supps-shakebeker\\\/\",\"name\":\"Holy-Supps - Shakebeker - Holy-Supps.nl\",\"isPartOf\":{\"@id\":\"https:\\\/\\\/www.holy-supps.nl\\\/#website\"},\"primaryImageOfPage\":{\"@id\":\"https:\\\/\\\/www.holy-supps.nl\\\/product\\\/holy-supps-shakebeker\\\/#primaryimage\"},\"image\":{\"@id\":\"https:\\\/\\\/www.holy-supps.nl\\\/product\\\/holy-supps-shakebeker\\\/#primaryimage\"},\"thumbnailUrl\":\"https:\\\/\\\/www.holy-supps.nl\\\/wp-content\\\/uploads\\\/2023\\\/07\\\/cb0c654a-859c-4821-bbaf-0a3a514cc0a8.png\",\"datePublished\":\"2023-07-12T14:20:21+00:00\",\"dateModified\":\"2026-04-07T10:00:31+00:00\",\"description\":\"Handige Holy-Supps shakebeker, perfect voor het mixen van eiwitshakes en supplementen onderweg. Ideaal voor elke fitnessliefhebber!\",\"breadcrumb\":{\"@id\":\"https:\\\/\\\/www.holy-supps.nl\\\/product\\\/holy-supps-shakebeker\\\/#breadcrumb\"},\"inLanguage\":\"fr-FR\",\"potentialAction\":[{\"@type\":\"ReadAction\",\"target\":[\"https:\\\/\\\/www.holy-supps.nl\\\/product\\\/holy-supps-shakebeker\\\/\"]}]},{\"@type\":\"ImageObject\",\"inLanguage\":\"fr-FR\",\"@id\":\"https:\\\/\\\/www.holy-supps.nl\\\/product\\\/holy-supps-shakebeker\\\/#primaryimage\",\"url\":\"https:\\\/\\\/www.holy-supps.nl\\\/wp-content\\\/uploads\\\/2023\\\/07\\\/cb0c654a-859c-4821-bbaf-0a3a514cc0a8.png\",\"contentUrl\":\"https:\\\/\\\/www.holy-supps.nl\\\/wp-content\\\/uploads\\\/2023\\\/07\\\/cb0c654a-859c-4821-bbaf-0a3a514cc0a8.png\",\"width\":2560,\"height\":3414},{\"@type\":\"BreadcrumbList\",\"@id\":\"https:\\\/\\\/www.holy-supps.nl\\\/product\\\/holy-supps-shakebeker\\\/#breadcrumb\",\"itemListElement\":[{\"@type\":\"ListItem\",\"position\":1,\"name\":\"Home\",\"item\":\"https:\\\/\\\/www.holy-supps.nl\\\/\"},{\"@type\":\"ListItem\",\"position\":2,\"name\":\"Winkel\",\"item\":\"https:\\\/\\\/www.holy-supps.nl\\\/winkel\\\/\"},{\"@type\":\"ListItem\",\"position\":3,\"name\":\"Holy-Supps &#8211; Shakebeker\"}]},{\"@type\":\"WebSite\",\"@id\":\"https:\\\/\\\/www.holy-supps.nl\\\/#website\",\"url\":\"https:\\\/\\\/www.holy-supps.nl\\\/\",\"name\":\"Holy-Supps.nl\",\"description\":\"Official EHPLabs Reseller!\",\"publisher\":{\"@id\":\"https:\\\/\\\/www.holy-supps.nl\\\/#organization\"},\"potentialAction\":[{\"@type\":\"SearchAction\",\"target\":{\"@type\":\"EntryPoint\",\"urlTemplate\":\"https:\\\/\\\/www.holy-supps.nl\\\/?s={search_term_string}\"},\"query-input\":{\"@type\":\"PropertyValueSpecification\",\"valueRequired\":true,\"valueName\":\"search_term_string\"}}],\"inLanguage\":\"fr-FR\"},{\"@type\":\"Organization\",\"@id\":\"https:\\\/\\\/www.holy-supps.nl\\\/#organization\",\"name\":\"Holy Supps\",\"url\":\"https:\\\/\\\/www.holy-supps.nl\\\/\",\"logo\":{\"@type\":\"ImageObject\",\"inLanguage\":\"fr-FR\",\"@id\":\"https:\\\/\\\/www.holy-supps.nl\\\/#\\\/schema\\\/logo\\\/image\\\/\",\"url\":\"https:\\\/\\\/www.holy-supps.nl\\\/wp-content\\\/uploads\\\/2023\\\/06\\\/HOLY-SUPPS.png\",\"contentUrl\":\"https:\\\/\\\/www.holy-supps.nl\\\/wp-content\\\/uploads\\\/2023\\\/06\\\/HOLY-SUPPS.png\",\"width\":1000,\"height\":400,\"caption\":\"Holy Supps\"},\"image\":{\"@id\":\"https:\\\/\\\/www.holy-supps.nl\\\/#\\\/schema\\\/logo\\\/image\\\/\"},\"sameAs\":[\"https:\\\/\\\/www.facebook.com\\\/holy.supps\",\"https:\\\/\\\/www.instagram.com\\\/holy.supps.shop\\\/\"]}]}<\/script>\n<!-- \/ Yoast SEO plugin. -->","yoast_head_json":{"title":"Holy-Supps - Shake cup - Holy-Supps.fr","description":"Tasse \u00e0 shake Holy-Supps pratique, parfaite pour m\u00e9langer les shakes prot\u00e9in\u00e9s et les suppl\u00e9ments sur le pouce. Id\u00e9al pour tout amateur de fitness !","robots":{"index":"index","follow":"follow","max-snippet":"max-snippet:-1","max-image-preview":"max-image-preview:large","max-video-preview":"max-video-preview:-1"},"canonical":"https:\/\/www.holy-supps.nl\/fr\/produit\/holy-supps-shake-cup\/","og_locale":"fr_FR","og_type":"article","og_title":"Holy-Supps - Shakebeker - Holy-Supps.nl","og_description":"Handige Holy-Supps shakebeker, perfect voor het mixen van eiwitshakes en supplementen onderweg. Ideaal voor elke fitnessliefhebber!","og_url":"https:\/\/www.holy-supps.nl\/fr\/produit\/holy-supps-shake-cup\/","og_site_name":"Holy-Supps.nl","article_publisher":"https:\/\/www.facebook.com\/holy.supps","article_modified_time":"2026-04-07T10:00:31+00:00","og_image":[{"width":768,"height":1024,"url":"https:\/\/www.holy-supps.nl\/wp-content\/uploads\/2023\/07\/cb0c654a-859c-4821-bbaf-0a3a514cc0a8-768x1024.png","type":"image\/png"}],"twitter_card":"summary_large_image","twitter_misc":{"Dur\u00e9e de lecture estim\u00e9e":"1 minute"},"schema":{"@context":"https:\/\/schema.org","@graph":[{"@type":"WebPage","@id":"https:\/\/www.holy-supps.nl\/product\/holy-supps-shakebeker\/","url":"https:\/\/www.holy-supps.nl\/product\/holy-supps-shakebeker\/","name":"Holy-Supps - Shake cup - Holy-Supps.fr","isPartOf":{"@id":"https:\/\/www.holy-supps.nl\/#website"},"primaryImageOfPage":{"@id":"https:\/\/www.holy-supps.nl\/product\/holy-supps-shakebeker\/#primaryimage"},"image":{"@id":"https:\/\/www.holy-supps.nl\/product\/holy-supps-shakebeker\/#primaryimage"},"thumbnailUrl":"https:\/\/www.holy-supps.nl\/wp-content\/uploads\/2023\/07\/cb0c654a-859c-4821-bbaf-0a3a514cc0a8.png","datePublished":"2023-07-12T14:20:21+00:00","dateModified":"2026-04-07T10:00:31+00:00","description":"Tasse \u00e0 shake Holy-Supps pratique, parfaite pour m\u00e9langer les shakes prot\u00e9in\u00e9s et les suppl\u00e9ments sur le pouce. Id\u00e9al pour tout amateur de fitness !","breadcrumb":{"@id":"https:\/\/www.holy-supps.nl\/product\/holy-supps-shakebeker\/#breadcrumb"},"inLanguage":"fr-FR","potentialAction":[{"@type":"ReadAction","target":["https:\/\/www.holy-supps.nl\/product\/holy-supps-shakebeker\/"]}]},{"@type":"ImageObject","inLanguage":"fr-FR","@id":"https:\/\/www.holy-supps.nl\/product\/holy-supps-shakebeker\/#primaryimage","url":"https:\/\/www.holy-supps.nl\/wp-content\/uploads\/2023\/07\/cb0c654a-859c-4821-bbaf-0a3a514cc0a8.png","contentUrl":"https:\/\/www.holy-supps.nl\/wp-content\/uploads\/2023\/07\/cb0c654a-859c-4821-bbaf-0a3a514cc0a8.png","width":2560,"height":3414},{"@type":"BreadcrumbList","@id":"https:\/\/www.holy-supps.nl\/product\/holy-supps-shakebeker\/#breadcrumb","itemListElement":[{"@type":"ListItem","position":1,"name":"Home","item":"https:\/\/www.holy-supps.nl\/"},{"@type":"ListItem","position":2,"name":"Winkel","item":"https:\/\/www.holy-supps.nl\/winkel\/"},{"@type":"ListItem","position":3,"name":"Holy-Supps &#8211; Shakebeker"}]},{"@type":"WebSite","@id":"https:\/\/www.holy-supps.nl\/#website","url":"https:\/\/www.holy-supps.nl\/","name":"Holy-Supps.co.uk","description":"Revendeur officiel EHPLabs !","publisher":{"@id":"https:\/\/www.holy-supps.nl\/#organization"},"potentialAction":[{"@type":"SearchAction","target":{"@type":"EntryPoint","urlTemplate":"https:\/\/www.holy-supps.nl\/?s={search_term_string}"},"query-input":{"@type":"PropertyValueSpecification","valueRequired":true,"valueName":"search_term_string"}}],"inLanguage":"fr-FR"},{"@type":"Organization","@id":"https:\/\/www.holy-supps.nl\/#organization","name":"Les Saints Souvenirs","url":"https:\/\/www.holy-supps.nl\/","logo":{"@type":"ImageObject","inLanguage":"fr-FR","@id":"https:\/\/www.holy-supps.nl\/#\/schema\/logo\/image\/","url":"https:\/\/www.holy-supps.nl\/wp-content\/uploads\/2023\/06\/HOLY-SUPPS.png","contentUrl":"https:\/\/www.holy-supps.nl\/wp-content\/uploads\/2023\/06\/HOLY-SUPPS.png","width":1000,"height":400,"caption":"Holy Supps"},"image":{"@id":"https:\/\/www.holy-supps.nl\/#\/schema\/logo\/image\/"},"sameAs":["https:\/\/www.facebook.com\/holy.supps","https:\/\/www.instagram.com\/holy.supps.shop\/"]}]}},"jetpack_sharing_enabled":true,"_links":{"self":[{"href":"https:\/\/www.holy-supps.nl\/fr\/wp-json\/wp\/v2\/product\/967","targetHints":{"allow":["GET"]}}],"collection":[{"href":"https:\/\/www.holy-supps.nl\/fr\/wp-json\/wp\/v2\/product"}],"about":[{"href":"https:\/\/www.holy-supps.nl\/fr\/wp-json\/wp\/v2\/types\/product"}],"replies":[{"embeddable":true,"href":"https:\/\/www.holy-supps.nl\/fr\/wp-json\/wp\/v2\/comments?post=967"}],"wp:featuredmedia":[{"embeddable":true,"href":"https:\/\/www.holy-supps.nl\/fr\/wp-json\/wp\/v2\/media\/968"}],"wp:attachment":[{"href":"https:\/\/www.holy-supps.nl\/fr\/wp-json\/wp\/v2\/media?parent=967"}],"wp:term":[{"taxonomy":"product_brand","embeddable":true,"href":"https:\/\/www.holy-supps.nl\/fr\/wp-json\/wp\/v2\/product_brand?post=967"},{"taxonomy":"product_cat","embeddable":true,"href":"https:\/\/www.holy-supps.nl\/fr\/wp-json\/wp\/v2\/product_cat?post=967"},{"taxonomy":"product_tag","embeddable":true,"href":"https:\/\/www.holy-supps.nl\/fr\/wp-json\/wp\/v2\/product_tag?post=967"}],"curies":[{"name":"wp","href":"https:\/\/api.w.org\/{rel}","templated":true}]}}