{"id":868,"date":"2023-05-19T16:36:21","date_gmt":"2023-05-19T14:36:21","guid":{"rendered":"https:\/\/www.holy-supps.nl\/?post_type=product&#038;p=868"},"modified":"2026-02-24T15:19:03","modified_gmt":"2026-02-24T14:19:03","slug":"beyond-bcaaeaa-intra-workout-ehplabs-60-portions","status":"publish","type":"product","link":"https:\/\/www.holy-supps.nl\/fr\/product\/beyond-bcaaeaa-intra-workout-ehplabs-60-servings\/","title":{"rendered":"Beyond BCAA+EAA Intra-workout - EHPLabs - 60 unit\u00e9s"},"content":{"rendered":"<h2>Description<\/h2>\n<p>EHPlabs <strong>Beyond BCAA + EAA<\/strong> is een aminozuur-supplement in poedervorm dat een combinatie van <strong>BCAA\u2019s (branched-chain amino acids)<\/strong> et <strong>EAA\u2019s (essential amino acids)<\/strong> bevat. Het product is ontwikkeld om eenvoudig te mengen met water en kan tijdens of rondom de training worden gebruikt. Beyond BCAA + EAA is verkrijgbaar in verschillende smaken en bevat daarnaast elektrolyten voor een frisse drinkervaring.<\/p>\n<hr \/>\n<h2>Avantages<\/h2>\n<ul>\n<li>Bevat zowel <strong>BCAA\u2019s<\/strong> als <strong>EAA\u2019s<\/strong><\/li>\n<li>Aanvulling van je supplementenstack in poedervorm<\/li>\n<li><strong>Eenvoudig oplosbaar<\/strong> in water<\/li>\n<li>Verkrijgbaar in meerdere smaken<\/li>\n<li>Bevat ook elektrolyten<\/li>\n<\/ul>\n<hr \/>\n<h2>Mode d'emploi<\/h2>\n<p>M\u00e9langer <strong>1 scoop<\/strong> Beyond BCAA + EAA met ca. 350\u2013400 ml water.<\/p>\n<ul>\n<li>Aanbevolen gebruik: tijdens of rondom je training<\/li>\n<li>Kan ook op andere momenten van de dag worden ingenomen<\/li>\n<li>Bien agiter ou remuer avant utilisation.<\/li>\n<\/ul>","protected":false},"excerpt":{"rendered":"<p>EHPlabs Beyond BCAA + EAA is een aminozuurpoeder dat zowel BCAA\u2019s als EAA\u2019s bevat. Het supplement is eenvoudig te mengen met water en verkrijgbaar in diverse smaken. Met de toevoeging van elektrolyten is het een praktische keuze voor tijdens of rondom je training.<\/p>","protected":false},"featured_media":875,"comment_status":"closed","ping_status":"closed","template":"","meta":[],"product_brand":[],"product_cat":[86,89,156,77,80,149,72,87,81,91,95,82,84],"product_tag":[],"class_list":{"0":"post-868","1":"product","2":"type-product","3":"status-publish","4":"has-post-thumbnail","6":"product_cat-aankomen","7":"product_cat-afvallen","8":"product_cat-aminozuren","9":"product_cat-bundles-save","10":"product_cat-doel","11":"product_cat-ehplabs-vegan-merken","12":"product_cat-ehplabs","13":"product_cat-energie-focus","14":"product_cat-spieropbouw","15":"product_cat-supplementen","16":"product_cat-vegan-bcaa","17":"product_cat-vegan-merken","18":"product_cat-vegan-supplementen","20":"first","21":"outofstock","22":"sale","23":"taxable","24":"shipping-taxable","25":"purchasable","26":"product-type-variable","27":"has-default-attributes"},"yoast_head":"<!-- This site is optimized with the Yoast SEO plugin v27.3 - https:\/\/yoast.com\/product\/yoast-seo-wordpress\/ -->\n<title>Beyond BCAA+EAA Intra-workout - EHPLabs - 60 servings - Holy-Supps.nl<\/title>\n<meta name=\"description\" content=\"Beyond BCAA+EAA Intra-Workout van EHPLabs: Verhoog je prestaties en herstel met essenti\u00eble aminozuren, focus-boosters en hydratatie.\" \/>\n<meta name=\"robots\" content=\"index, follow, max-snippet:-1, max-image-preview:large, max-video-preview:-1\" \/>\n<link rel=\"canonical\" href=\"https:\/\/www.holy-supps.nl\/fr\/produit\/beyond-bcaaeaa-intra-workout-ehplabs-60-portions\/\" \/>\n<meta property=\"og:locale\" content=\"fr_FR\" \/>\n<meta property=\"og:type\" content=\"article\" \/>\n<meta property=\"og:title\" content=\"Beyond BCAA+EAA Intra-workout - EHPLabs - 60 servings - Holy-Supps.nl\" \/>\n<meta property=\"og:description\" content=\"Beyond BCAA+EAA Intra-Workout van EHPLabs: Verhoog je prestaties en herstel met essenti\u00eble aminozuren, focus-boosters en hydratatie.\" \/>\n<meta property=\"og:url\" content=\"https:\/\/www.holy-supps.nl\/fr\/produit\/beyond-bcaaeaa-intra-workout-ehplabs-60-portions\/\" \/>\n<meta property=\"og:site_name\" content=\"Holy-Supps.nl\" \/>\n<meta property=\"article:publisher\" content=\"https:\/\/www.facebook.com\/holy.supps\" \/>\n<meta property=\"article:modified_time\" content=\"2026-02-24T14:19:03+00:00\" \/>\n<meta property=\"og:image\" content=\"https:\/\/www.holy-supps.nl\/wp-content\/uploads\/2023\/05\/USWEBSITEIMAGES29_1000x.webp\" \/>\n\t<meta property=\"og:image:width\" content=\"1000\" \/>\n\t<meta property=\"og:image:height\" content=\"1000\" \/>\n\t<meta property=\"og:image:type\" content=\"image\/webp\" \/>\n<meta name=\"twitter:card\" content=\"summary_large_image\" \/>\n<meta name=\"twitter:label1\" content=\"Dur\u00e9e de lecture estim\u00e9e\" \/>\n\t<meta name=\"twitter:data1\" content=\"3 minutes\" \/>\n<script type=\"application\/ld+json\" class=\"yoast-schema-graph\">{\"@context\":\"https:\\\/\\\/schema.org\",\"@graph\":[{\"@type\":\"WebPage\",\"@id\":\"https:\\\/\\\/www.holy-supps.nl\\\/product\\\/beyond-bcaaeaa-intra-workout-ehplabs-60-servings\\\/\",\"url\":\"https:\\\/\\\/www.holy-supps.nl\\\/product\\\/beyond-bcaaeaa-intra-workout-ehplabs-60-servings\\\/\",\"name\":\"Beyond BCAA+EAA Intra-workout - EHPLabs - 60 servings - Holy-Supps.nl\",\"isPartOf\":{\"@id\":\"https:\\\/\\\/www.holy-supps.nl\\\/#website\"},\"primaryImageOfPage\":{\"@id\":\"https:\\\/\\\/www.holy-supps.nl\\\/product\\\/beyond-bcaaeaa-intra-workout-ehplabs-60-servings\\\/#primaryimage\"},\"image\":{\"@id\":\"https:\\\/\\\/www.holy-supps.nl\\\/product\\\/beyond-bcaaeaa-intra-workout-ehplabs-60-servings\\\/#primaryimage\"},\"thumbnailUrl\":\"https:\\\/\\\/www.holy-supps.nl\\\/wp-content\\\/uploads\\\/2023\\\/05\\\/USWEBSITEIMAGES29_1000x.webp\",\"datePublished\":\"2023-05-19T14:36:21+00:00\",\"dateModified\":\"2026-02-24T14:19:03+00:00\",\"description\":\"Beyond BCAA+EAA Intra-Workout van EHPLabs: Verhoog je prestaties en herstel met essenti\u00eble aminozuren, focus-boosters en hydratatie.\",\"breadcrumb\":{\"@id\":\"https:\\\/\\\/www.holy-supps.nl\\\/product\\\/beyond-bcaaeaa-intra-workout-ehplabs-60-servings\\\/#breadcrumb\"},\"inLanguage\":\"fr-FR\",\"potentialAction\":[{\"@type\":\"ReadAction\",\"target\":[\"https:\\\/\\\/www.holy-supps.nl\\\/product\\\/beyond-bcaaeaa-intra-workout-ehplabs-60-servings\\\/\"]}]},{\"@type\":\"ImageObject\",\"inLanguage\":\"fr-FR\",\"@id\":\"https:\\\/\\\/www.holy-supps.nl\\\/product\\\/beyond-bcaaeaa-intra-workout-ehplabs-60-servings\\\/#primaryimage\",\"url\":\"https:\\\/\\\/www.holy-supps.nl\\\/wp-content\\\/uploads\\\/2023\\\/05\\\/USWEBSITEIMAGES29_1000x.webp\",\"contentUrl\":\"https:\\\/\\\/www.holy-supps.nl\\\/wp-content\\\/uploads\\\/2023\\\/05\\\/USWEBSITEIMAGES29_1000x.webp\",\"width\":1000,\"height\":1000},{\"@type\":\"BreadcrumbList\",\"@id\":\"https:\\\/\\\/www.holy-supps.nl\\\/product\\\/beyond-bcaaeaa-intra-workout-ehplabs-60-servings\\\/#breadcrumb\",\"itemListElement\":[{\"@type\":\"ListItem\",\"position\":1,\"name\":\"Home\",\"item\":\"https:\\\/\\\/www.holy-supps.nl\\\/\"},{\"@type\":\"ListItem\",\"position\":2,\"name\":\"Winkel\",\"item\":\"https:\\\/\\\/www.holy-supps.nl\\\/winkel\\\/\"},{\"@type\":\"ListItem\",\"position\":3,\"name\":\"Beyond BCAA+EAA Intra-workout &#8211; EHPLabs &#8211; 60 servings\"}]},{\"@type\":\"WebSite\",\"@id\":\"https:\\\/\\\/www.holy-supps.nl\\\/#website\",\"url\":\"https:\\\/\\\/www.holy-supps.nl\\\/\",\"name\":\"Holy-Supps.nl\",\"description\":\"Official EHPLabs Reseller!\",\"publisher\":{\"@id\":\"https:\\\/\\\/www.holy-supps.nl\\\/#organization\"},\"potentialAction\":[{\"@type\":\"SearchAction\",\"target\":{\"@type\":\"EntryPoint\",\"urlTemplate\":\"https:\\\/\\\/www.holy-supps.nl\\\/?s={search_term_string}\"},\"query-input\":{\"@type\":\"PropertyValueSpecification\",\"valueRequired\":true,\"valueName\":\"search_term_string\"}}],\"inLanguage\":\"fr-FR\"},{\"@type\":\"Organization\",\"@id\":\"https:\\\/\\\/www.holy-supps.nl\\\/#organization\",\"name\":\"Holy Supps\",\"url\":\"https:\\\/\\\/www.holy-supps.nl\\\/\",\"logo\":{\"@type\":\"ImageObject\",\"inLanguage\":\"fr-FR\",\"@id\":\"https:\\\/\\\/www.holy-supps.nl\\\/#\\\/schema\\\/logo\\\/image\\\/\",\"url\":\"https:\\\/\\\/www.holy-supps.nl\\\/wp-content\\\/uploads\\\/2023\\\/06\\\/HOLY-SUPPS.png\",\"contentUrl\":\"https:\\\/\\\/www.holy-supps.nl\\\/wp-content\\\/uploads\\\/2023\\\/06\\\/HOLY-SUPPS.png\",\"width\":1000,\"height\":400,\"caption\":\"Holy Supps\"},\"image\":{\"@id\":\"https:\\\/\\\/www.holy-supps.nl\\\/#\\\/schema\\\/logo\\\/image\\\/\"},\"sameAs\":[\"https:\\\/\\\/www.facebook.com\\\/holy.supps\",\"https:\\\/\\\/www.instagram.com\\\/holy.supps.shop\\\/\"]}]}<\/script>\n<!-- \/ Yoast SEO plugin. -->","yoast_head_json":{"title":"Beyond BCAA+EAA Intra-workout - EHPLabs - 60 unit\u00e9s - Holy-Supps.fr","description":"Beyond BCAA+EAA Intra-Workout de EHPLabs : Boostez vos performances et votre r\u00e9cup\u00e9ration avec des acides amin\u00e9s essentiels, des stimulants de la concentration et de l'hydratation.","robots":{"index":"index","follow":"follow","max-snippet":"max-snippet:-1","max-image-preview":"max-image-preview:large","max-video-preview":"max-video-preview:-1"},"canonical":"https:\/\/www.holy-supps.nl\/fr\/produit\/beyond-bcaaeaa-intra-workout-ehplabs-60-portions\/","og_locale":"fr_FR","og_type":"article","og_title":"Beyond BCAA+EAA Intra-workout - EHPLabs - 60 servings - Holy-Supps.nl","og_description":"Beyond BCAA+EAA Intra-Workout van EHPLabs: Verhoog je prestaties en herstel met essenti\u00eble aminozuren, focus-boosters en hydratatie.","og_url":"https:\/\/www.holy-supps.nl\/fr\/produit\/beyond-bcaaeaa-intra-workout-ehplabs-60-portions\/","og_site_name":"Holy-Supps.nl","article_publisher":"https:\/\/www.facebook.com\/holy.supps","article_modified_time":"2026-02-24T14:19:03+00:00","og_image":[{"width":1000,"height":1000,"url":"https:\/\/www.holy-supps.nl\/wp-content\/uploads\/2023\/05\/USWEBSITEIMAGES29_1000x.webp","type":"image\/webp"}],"twitter_card":"summary_large_image","twitter_misc":{"Dur\u00e9e de lecture estim\u00e9e":"3 minutes"},"schema":{"@context":"https:\/\/schema.org","@graph":[{"@type":"WebPage","@id":"https:\/\/www.holy-supps.nl\/product\/beyond-bcaaeaa-intra-workout-ehplabs-60-servings\/","url":"https:\/\/www.holy-supps.nl\/product\/beyond-bcaaeaa-intra-workout-ehplabs-60-servings\/","name":"Beyond BCAA+EAA Intra-workout - EHPLabs - 60 unit\u00e9s - Holy-Supps.fr","isPartOf":{"@id":"https:\/\/www.holy-supps.nl\/#website"},"primaryImageOfPage":{"@id":"https:\/\/www.holy-supps.nl\/product\/beyond-bcaaeaa-intra-workout-ehplabs-60-servings\/#primaryimage"},"image":{"@id":"https:\/\/www.holy-supps.nl\/product\/beyond-bcaaeaa-intra-workout-ehplabs-60-servings\/#primaryimage"},"thumbnailUrl":"https:\/\/www.holy-supps.nl\/wp-content\/uploads\/2023\/05\/USWEBSITEIMAGES29_1000x.webp","datePublished":"2023-05-19T14:36:21+00:00","dateModified":"2026-02-24T14:19:03+00:00","description":"Beyond BCAA+EAA Intra-Workout de EHPLabs : Boostez vos performances et votre r\u00e9cup\u00e9ration avec des acides amin\u00e9s essentiels, des stimulants de la concentration et de l'hydratation.","breadcrumb":{"@id":"https:\/\/www.holy-supps.nl\/product\/beyond-bcaaeaa-intra-workout-ehplabs-60-servings\/#breadcrumb"},"inLanguage":"fr-FR","potentialAction":[{"@type":"ReadAction","target":["https:\/\/www.holy-supps.nl\/product\/beyond-bcaaeaa-intra-workout-ehplabs-60-servings\/"]}]},{"@type":"ImageObject","inLanguage":"fr-FR","@id":"https:\/\/www.holy-supps.nl\/product\/beyond-bcaaeaa-intra-workout-ehplabs-60-servings\/#primaryimage","url":"https:\/\/www.holy-supps.nl\/wp-content\/uploads\/2023\/05\/USWEBSITEIMAGES29_1000x.webp","contentUrl":"https:\/\/www.holy-supps.nl\/wp-content\/uploads\/2023\/05\/USWEBSITEIMAGES29_1000x.webp","width":1000,"height":1000},{"@type":"BreadcrumbList","@id":"https:\/\/www.holy-supps.nl\/product\/beyond-bcaaeaa-intra-workout-ehplabs-60-servings\/#breadcrumb","itemListElement":[{"@type":"ListItem","position":1,"name":"Home","item":"https:\/\/www.holy-supps.nl\/"},{"@type":"ListItem","position":2,"name":"Winkel","item":"https:\/\/www.holy-supps.nl\/winkel\/"},{"@type":"ListItem","position":3,"name":"Beyond BCAA+EAA Intra-workout &#8211; EHPLabs &#8211; 60 servings"}]},{"@type":"WebSite","@id":"https:\/\/www.holy-supps.nl\/#website","url":"https:\/\/www.holy-supps.nl\/","name":"Holy-Supps.co.uk","description":"Revendeur officiel EHPLabs !","publisher":{"@id":"https:\/\/www.holy-supps.nl\/#organization"},"potentialAction":[{"@type":"SearchAction","target":{"@type":"EntryPoint","urlTemplate":"https:\/\/www.holy-supps.nl\/?s={search_term_string}"},"query-input":{"@type":"PropertyValueSpecification","valueRequired":true,"valueName":"search_term_string"}}],"inLanguage":"fr-FR"},{"@type":"Organization","@id":"https:\/\/www.holy-supps.nl\/#organization","name":"Les Saints Souvenirs","url":"https:\/\/www.holy-supps.nl\/","logo":{"@type":"ImageObject","inLanguage":"fr-FR","@id":"https:\/\/www.holy-supps.nl\/#\/schema\/logo\/image\/","url":"https:\/\/www.holy-supps.nl\/wp-content\/uploads\/2023\/06\/HOLY-SUPPS.png","contentUrl":"https:\/\/www.holy-supps.nl\/wp-content\/uploads\/2023\/06\/HOLY-SUPPS.png","width":1000,"height":400,"caption":"Holy Supps"},"image":{"@id":"https:\/\/www.holy-supps.nl\/#\/schema\/logo\/image\/"},"sameAs":["https:\/\/www.facebook.com\/holy.supps","https:\/\/www.instagram.com\/holy.supps.shop\/"]}]}},"jetpack_sharing_enabled":true,"_links":{"self":[{"href":"https:\/\/www.holy-supps.nl\/fr\/wp-json\/wp\/v2\/product\/868","targetHints":{"allow":["GET"]}}],"collection":[{"href":"https:\/\/www.holy-supps.nl\/fr\/wp-json\/wp\/v2\/product"}],"about":[{"href":"https:\/\/www.holy-supps.nl\/fr\/wp-json\/wp\/v2\/types\/product"}],"replies":[{"embeddable":true,"href":"https:\/\/www.holy-supps.nl\/fr\/wp-json\/wp\/v2\/comments?post=868"}],"wp:featuredmedia":[{"embeddable":true,"href":"https:\/\/www.holy-supps.nl\/fr\/wp-json\/wp\/v2\/media\/875"}],"wp:attachment":[{"href":"https:\/\/www.holy-supps.nl\/fr\/wp-json\/wp\/v2\/media?parent=868"}],"wp:term":[{"taxonomy":"product_brand","embeddable":true,"href":"https:\/\/www.holy-supps.nl\/fr\/wp-json\/wp\/v2\/product_brand?post=868"},{"taxonomy":"product_cat","embeddable":true,"href":"https:\/\/www.holy-supps.nl\/fr\/wp-json\/wp\/v2\/product_cat?post=868"},{"taxonomy":"product_tag","embeddable":true,"href":"https:\/\/www.holy-supps.nl\/fr\/wp-json\/wp\/v2\/product_tag?post=868"}],"curies":[{"name":"wp","href":"https:\/\/api.w.org\/{rel}","templated":true}]}}