{"id":657,"date":"2023-03-24T17:28:18","date_gmt":"2023-03-24T16:28:18","guid":{"rendered":"https:\/\/www.holy-supps.nl\/?post_type=product&#038;p=657"},"modified":"2026-01-24T20:38:39","modified_gmt":"2026-01-24T19:38:39","slug":"oats-overnight-protein-works","status":"publish","type":"product","link":"https:\/\/www.holy-supps.nl\/fr\/product\/overnight-oats-protein-works\/","title":{"rendered":"Gruau de nuit - Protein Works"},"content":{"rendered":"<h2>Description<\/h2>\n<p>Les flocons d'avoine de nuit de The Protein Works sont une option pratique de petit-d\u00e9jeuner \u00e0 base d'avoine.<br \/>\nLe m\u00e9lange peut \u00eatre facilement pr\u00e9par\u00e9 en le laissant au r\u00e9frig\u00e9rateur pendant une nuit avec du lait ou une boisson \u00e0 base de plantes.<br \/>\nDisponible en plusieurs saveurs, il a \u00e9t\u00e9 con\u00e7u comme un choix pratique pour un d\u00e9but de journ\u00e9e nutritif ou un en-cas facile \u00e0 pr\u00e9parer.<\/p>\n<h2>Avantages<\/h2>\n<ul>\n<li>M\u00e9lange pratique \u00e0 base d'avoine<\/li>\n<li>Facile \u00e0 pr\u00e9parer : faire tremper toute une nuit au r\u00e9frig\u00e9rateur<\/li>\n<li>Disponible en diff\u00e9rentes saveurs<\/li>\n<li>Convient pour le petit-d\u00e9jeuner ou le go\u00fbter<\/li>\n<li>Peut \u00eatre combin\u00e9 avec du lait, du yaourt ou des alternatives v\u00e9g\u00e9tales.<\/li>\n<\/ul>\n<h2>Mode d'emploi<\/h2>\n<p>M\u00e9langez la quantit\u00e9 souhait\u00e9e d'avoine de nuit avec du lait, du yaourt ou une boisson v\u00e9g\u00e9tale.<br \/>\nPlacer le m\u00e9lange au r\u00e9frig\u00e9rateur pendant plusieurs heures ou toute la nuit.<br \/>\nAjoutez des fruits ou des noix selon votre go\u00fbt avant de servir.<br \/>\nSuivez toujours la m\u00e9thode de pr\u00e9paration recommand\u00e9e sur l'emballage.<\/p>","protected":false},"excerpt":{"rendered":"<p>Les flocons d'avoine de nuit de The Protein Works sont des repas d'avoine pr\u00eats \u00e0 consommer, faciles \u00e0 pr\u00e9parer en les laissant tremper toute une nuit au r\u00e9frig\u00e9rateur. Le m\u00e9lange associe l'avoine \u00e0 des ingr\u00e9dients suppl\u00e9mentaires pour la saveur et la vari\u00e9t\u00e9. Id\u00e9al pour un petit-d\u00e9jeuner ou une collation rapide et pratique.<\/p>","protected":false},"featured_media":658,"comment_status":"open","ping_status":"closed","template":"","meta":[],"product_brand":[],"product_cat":[77,79,71,73,78],"product_tag":[],"class_list":{"0":"post-657","1":"product","2":"type-product","3":"status-publish","4":"has-post-thumbnail","6":"product_cat-bundles-save","7":"product_cat-maaltijdvervangers","8":"product_cat-merken","9":"product_cat-protein-works","10":"product_cat-voeding-snacks","12":"first","13":"outofstock","14":"sale","15":"taxable","16":"shipping-taxable","17":"purchasable","18":"product-type-variable"},"yoast_head":"<!-- This site is optimized with the Yoast SEO plugin v27.4 - https:\/\/yoast.com\/product\/yoast-seo-wordpress\/ -->\n<title>Overnight Oats - Protein Works - Holy-Supps.nl<\/title>\n<meta name=\"description\" content=\"Begin je dag sterk met Protein Works Overnight Oats! Rijk aan eiwitten, vezels en heerlijke smaken voor een voedzaam en makkelijk ontbijt.\" \/>\n<meta name=\"robots\" content=\"index, follow, max-snippet:-1, max-image-preview:large, max-video-preview:-1\" \/>\n<link rel=\"canonical\" href=\"https:\/\/www.holy-supps.nl\/fr\/produit\/oats-overnight-protein-works\/\" \/>\n<meta property=\"og:locale\" content=\"fr_FR\" \/>\n<meta property=\"og:type\" content=\"article\" \/>\n<meta property=\"og:title\" content=\"Overnight Oats - Protein Works - Holy-Supps.nl\" \/>\n<meta property=\"og:description\" content=\"Begin je dag sterk met Protein Works Overnight Oats! Rijk aan eiwitten, vezels en heerlijke smaken voor een voedzaam en makkelijk ontbijt.\" \/>\n<meta property=\"og:url\" content=\"https:\/\/www.holy-supps.nl\/fr\/produit\/oats-overnight-protein-works\/\" \/>\n<meta property=\"og:site_name\" content=\"Holy-Supps.nl\" \/>\n<meta property=\"article:publisher\" content=\"https:\/\/www.facebook.com\/holy.supps\" \/>\n<meta property=\"article:modified_time\" content=\"2026-01-24T19:38:39+00:00\" \/>\n<meta property=\"og:image\" content=\"https:\/\/www.holy-supps.nl\/wp-content\/uploads\/2023\/03\/Overnight_Oats-1kg_Front_1.webp\" \/>\n\t<meta property=\"og:image:width\" content=\"1000\" \/>\n\t<meta property=\"og:image:height\" content=\"1000\" \/>\n\t<meta property=\"og:image:type\" content=\"image\/webp\" \/>\n<meta name=\"twitter:card\" content=\"summary_large_image\" \/>\n<meta name=\"twitter:label1\" content=\"Dur\u00e9e de lecture estim\u00e9e\" \/>\n\t<meta name=\"twitter:data1\" content=\"5 minutes\" \/>\n<script type=\"application\/ld+json\" class=\"yoast-schema-graph\">{\"@context\":\"https:\\\/\\\/schema.org\",\"@graph\":[{\"@type\":\"WebPage\",\"@id\":\"https:\\\/\\\/www.holy-supps.nl\\\/product\\\/overnight-oats-protein-works\\\/\",\"url\":\"https:\\\/\\\/www.holy-supps.nl\\\/product\\\/overnight-oats-protein-works\\\/\",\"name\":\"Overnight Oats - Protein Works - Holy-Supps.nl\",\"isPartOf\":{\"@id\":\"https:\\\/\\\/www.holy-supps.nl\\\/#website\"},\"primaryImageOfPage\":{\"@id\":\"https:\\\/\\\/www.holy-supps.nl\\\/product\\\/overnight-oats-protein-works\\\/#primaryimage\"},\"image\":{\"@id\":\"https:\\\/\\\/www.holy-supps.nl\\\/product\\\/overnight-oats-protein-works\\\/#primaryimage\"},\"thumbnailUrl\":\"https:\\\/\\\/www.holy-supps.nl\\\/wp-content\\\/uploads\\\/2023\\\/03\\\/Overnight_Oats-1kg_Front_1.webp\",\"datePublished\":\"2023-03-24T16:28:18+00:00\",\"dateModified\":\"2026-01-24T19:38:39+00:00\",\"description\":\"Begin je dag sterk met Protein Works Overnight Oats! Rijk aan eiwitten, vezels en heerlijke smaken voor een voedzaam en makkelijk ontbijt.\",\"breadcrumb\":{\"@id\":\"https:\\\/\\\/www.holy-supps.nl\\\/product\\\/overnight-oats-protein-works\\\/#breadcrumb\"},\"inLanguage\":\"fr-FR\",\"potentialAction\":[{\"@type\":\"ReadAction\",\"target\":[\"https:\\\/\\\/www.holy-supps.nl\\\/product\\\/overnight-oats-protein-works\\\/\"]}]},{\"@type\":\"ImageObject\",\"inLanguage\":\"fr-FR\",\"@id\":\"https:\\\/\\\/www.holy-supps.nl\\\/product\\\/overnight-oats-protein-works\\\/#primaryimage\",\"url\":\"https:\\\/\\\/www.holy-supps.nl\\\/wp-content\\\/uploads\\\/2023\\\/03\\\/Overnight_Oats-1kg_Front_1.webp\",\"contentUrl\":\"https:\\\/\\\/www.holy-supps.nl\\\/wp-content\\\/uploads\\\/2023\\\/03\\\/Overnight_Oats-1kg_Front_1.webp\",\"width\":1000,\"height\":1000},{\"@type\":\"BreadcrumbList\",\"@id\":\"https:\\\/\\\/www.holy-supps.nl\\\/product\\\/overnight-oats-protein-works\\\/#breadcrumb\",\"itemListElement\":[{\"@type\":\"ListItem\",\"position\":1,\"name\":\"Home\",\"item\":\"https:\\\/\\\/www.holy-supps.nl\\\/\"},{\"@type\":\"ListItem\",\"position\":2,\"name\":\"Winkel\",\"item\":\"https:\\\/\\\/www.holy-supps.nl\\\/winkel\\\/\"},{\"@type\":\"ListItem\",\"position\":3,\"name\":\"Overnight Oats &#8211; Protein Works\"}]},{\"@type\":\"WebSite\",\"@id\":\"https:\\\/\\\/www.holy-supps.nl\\\/#website\",\"url\":\"https:\\\/\\\/www.holy-supps.nl\\\/\",\"name\":\"Holy-Supps.nl\",\"description\":\"Official EHPLabs Reseller!\",\"publisher\":{\"@id\":\"https:\\\/\\\/www.holy-supps.nl\\\/#organization\"},\"potentialAction\":[{\"@type\":\"SearchAction\",\"target\":{\"@type\":\"EntryPoint\",\"urlTemplate\":\"https:\\\/\\\/www.holy-supps.nl\\\/?s={search_term_string}\"},\"query-input\":{\"@type\":\"PropertyValueSpecification\",\"valueRequired\":true,\"valueName\":\"search_term_string\"}}],\"inLanguage\":\"fr-FR\"},{\"@type\":\"Organization\",\"@id\":\"https:\\\/\\\/www.holy-supps.nl\\\/#organization\",\"name\":\"Holy Supps\",\"url\":\"https:\\\/\\\/www.holy-supps.nl\\\/\",\"logo\":{\"@type\":\"ImageObject\",\"inLanguage\":\"fr-FR\",\"@id\":\"https:\\\/\\\/www.holy-supps.nl\\\/#\\\/schema\\\/logo\\\/image\\\/\",\"url\":\"https:\\\/\\\/www.holy-supps.nl\\\/wp-content\\\/uploads\\\/2023\\\/06\\\/HOLY-SUPPS.png\",\"contentUrl\":\"https:\\\/\\\/www.holy-supps.nl\\\/wp-content\\\/uploads\\\/2023\\\/06\\\/HOLY-SUPPS.png\",\"width\":1000,\"height\":400,\"caption\":\"Holy Supps\"},\"image\":{\"@id\":\"https:\\\/\\\/www.holy-supps.nl\\\/#\\\/schema\\\/logo\\\/image\\\/\"},\"sameAs\":[\"https:\\\/\\\/www.facebook.com\\\/holy.supps\",\"https:\\\/\\\/www.instagram.com\\\/holy.supps.shop\\\/\"]}]}<\/script>\n<!-- \/ Yoast SEO plugin. -->","yoast_head_json":{"title":"Avoine de nuit - Protein Works - Holy-Supps.fr","description":"Commencez votre journ\u00e9e en force avec les flocons d'avoine de nuit de Protein Works ! Riche en prot\u00e9ines, en fibres et en saveurs d\u00e9licieuses pour un petit-d\u00e9jeuner nutritif et facile.","robots":{"index":"index","follow":"follow","max-snippet":"max-snippet:-1","max-image-preview":"max-image-preview:large","max-video-preview":"max-video-preview:-1"},"canonical":"https:\/\/www.holy-supps.nl\/fr\/produit\/oats-overnight-protein-works\/","og_locale":"fr_FR","og_type":"article","og_title":"Overnight Oats - Protein Works - Holy-Supps.nl","og_description":"Begin je dag sterk met Protein Works Overnight Oats! Rijk aan eiwitten, vezels en heerlijke smaken voor een voedzaam en makkelijk ontbijt.","og_url":"https:\/\/www.holy-supps.nl\/fr\/produit\/oats-overnight-protein-works\/","og_site_name":"Holy-Supps.nl","article_publisher":"https:\/\/www.facebook.com\/holy.supps","article_modified_time":"2026-01-24T19:38:39+00:00","og_image":[{"width":1000,"height":1000,"url":"https:\/\/www.holy-supps.nl\/wp-content\/uploads\/2023\/03\/Overnight_Oats-1kg_Front_1.webp","type":"image\/webp"}],"twitter_card":"summary_large_image","twitter_misc":{"Dur\u00e9e de lecture estim\u00e9e":"5 minutes"},"schema":{"@context":"https:\/\/schema.org","@graph":[{"@type":"WebPage","@id":"https:\/\/www.holy-supps.nl\/product\/overnight-oats-protein-works\/","url":"https:\/\/www.holy-supps.nl\/product\/overnight-oats-protein-works\/","name":"Avoine de nuit - Protein Works - Holy-Supps.fr","isPartOf":{"@id":"https:\/\/www.holy-supps.nl\/#website"},"primaryImageOfPage":{"@id":"https:\/\/www.holy-supps.nl\/product\/overnight-oats-protein-works\/#primaryimage"},"image":{"@id":"https:\/\/www.holy-supps.nl\/product\/overnight-oats-protein-works\/#primaryimage"},"thumbnailUrl":"https:\/\/www.holy-supps.nl\/wp-content\/uploads\/2023\/03\/Overnight_Oats-1kg_Front_1.webp","datePublished":"2023-03-24T16:28:18+00:00","dateModified":"2026-01-24T19:38:39+00:00","description":"Commencez votre journ\u00e9e en force avec les flocons d'avoine de nuit de Protein Works ! Riche en prot\u00e9ines, en fibres et en saveurs d\u00e9licieuses pour un petit-d\u00e9jeuner nutritif et facile.","breadcrumb":{"@id":"https:\/\/www.holy-supps.nl\/product\/overnight-oats-protein-works\/#breadcrumb"},"inLanguage":"fr-FR","potentialAction":[{"@type":"ReadAction","target":["https:\/\/www.holy-supps.nl\/product\/overnight-oats-protein-works\/"]}]},{"@type":"ImageObject","inLanguage":"fr-FR","@id":"https:\/\/www.holy-supps.nl\/product\/overnight-oats-protein-works\/#primaryimage","url":"https:\/\/www.holy-supps.nl\/wp-content\/uploads\/2023\/03\/Overnight_Oats-1kg_Front_1.webp","contentUrl":"https:\/\/www.holy-supps.nl\/wp-content\/uploads\/2023\/03\/Overnight_Oats-1kg_Front_1.webp","width":1000,"height":1000},{"@type":"BreadcrumbList","@id":"https:\/\/www.holy-supps.nl\/product\/overnight-oats-protein-works\/#breadcrumb","itemListElement":[{"@type":"ListItem","position":1,"name":"Home","item":"https:\/\/www.holy-supps.nl\/"},{"@type":"ListItem","position":2,"name":"Winkel","item":"https:\/\/www.holy-supps.nl\/winkel\/"},{"@type":"ListItem","position":3,"name":"Overnight Oats &#8211; Protein Works"}]},{"@type":"WebSite","@id":"https:\/\/www.holy-supps.nl\/#website","url":"https:\/\/www.holy-supps.nl\/","name":"Holy-Supps.co.uk","description":"Revendeur officiel EHPLabs !","publisher":{"@id":"https:\/\/www.holy-supps.nl\/#organization"},"potentialAction":[{"@type":"SearchAction","target":{"@type":"EntryPoint","urlTemplate":"https:\/\/www.holy-supps.nl\/?s={search_term_string}"},"query-input":{"@type":"PropertyValueSpecification","valueRequired":true,"valueName":"search_term_string"}}],"inLanguage":"fr-FR"},{"@type":"Organization","@id":"https:\/\/www.holy-supps.nl\/#organization","name":"Les Saints Souvenirs","url":"https:\/\/www.holy-supps.nl\/","logo":{"@type":"ImageObject","inLanguage":"fr-FR","@id":"https:\/\/www.holy-supps.nl\/#\/schema\/logo\/image\/","url":"https:\/\/www.holy-supps.nl\/wp-content\/uploads\/2023\/06\/HOLY-SUPPS.png","contentUrl":"https:\/\/www.holy-supps.nl\/wp-content\/uploads\/2023\/06\/HOLY-SUPPS.png","width":1000,"height":400,"caption":"Holy Supps"},"image":{"@id":"https:\/\/www.holy-supps.nl\/#\/schema\/logo\/image\/"},"sameAs":["https:\/\/www.facebook.com\/holy.supps","https:\/\/www.instagram.com\/holy.supps.shop\/"]}]}},"jetpack_sharing_enabled":true,"_links":{"self":[{"href":"https:\/\/www.holy-supps.nl\/fr\/wp-json\/wp\/v2\/product\/657","targetHints":{"allow":["GET"]}}],"collection":[{"href":"https:\/\/www.holy-supps.nl\/fr\/wp-json\/wp\/v2\/product"}],"about":[{"href":"https:\/\/www.holy-supps.nl\/fr\/wp-json\/wp\/v2\/types\/product"}],"replies":[{"embeddable":true,"href":"https:\/\/www.holy-supps.nl\/fr\/wp-json\/wp\/v2\/comments?post=657"}],"wp:featuredmedia":[{"embeddable":true,"href":"https:\/\/www.holy-supps.nl\/fr\/wp-json\/wp\/v2\/media\/658"}],"wp:attachment":[{"href":"https:\/\/www.holy-supps.nl\/fr\/wp-json\/wp\/v2\/media?parent=657"}],"wp:term":[{"taxonomy":"product_brand","embeddable":true,"href":"https:\/\/www.holy-supps.nl\/fr\/wp-json\/wp\/v2\/product_brand?post=657"},{"taxonomy":"product_cat","embeddable":true,"href":"https:\/\/www.holy-supps.nl\/fr\/wp-json\/wp\/v2\/product_cat?post=657"},{"taxonomy":"product_tag","embeddable":true,"href":"https:\/\/www.holy-supps.nl\/fr\/wp-json\/wp\/v2\/product_tag?post=657"}],"curies":[{"name":"wp","href":"https:\/\/api.w.org\/{rel}","templated":true}]}}