{"id":654,"date":"2023-03-24T17:10:50","date_gmt":"2023-03-24T16:10:50","guid":{"rendered":"https:\/\/www.holy-supps.nl\/?post_type=product&#038;p=654"},"modified":"2026-01-22T08:18:11","modified_gmt":"2026-01-22T07:18:11","slug":"creatine-monohydrate-500gr-protein-works","status":"publish","type":"product","link":"https:\/\/www.holy-supps.nl\/fr\/product\/creatine-monohydrate-500gr-protein-works\/","title":{"rendered":"Creatine Monohydrate - 500GR - Protein Works"},"content":{"rendered":"<h2>Description<\/h2>\n<p>The Protein Works <strong>Monohydrate de cr\u00e9atine<\/strong> is een creatine-supplement in poedervorm. Het product bevat puur creatine monohydraat zonder toevoegingen en is eenvoudig te mengen met water of een andere drank. Dit maakt het een populaire keuze voor sporters die hun supplementenstack willen aanvullen met een zuiver product.<\/p>\n<hr \/>\n<h2>Avantages<\/h2>\n<ul>\n<li>100% puur creatine monohydraat<\/li>\n<li>Vrij van toevoegingen en vulstoffen<\/li>\n<li>Eenvoudig oplosbaar in water of andere dranken<\/li>\n<li>Geschikt voor dagelijks gebruik<\/li>\n<li>Verkrijgbaar in verschillende verpakkingsgroottes<\/li>\n<\/ul>\n<hr \/>\n<h2>Mode d'emploi<\/h2>\n<p>M\u00e9langer <strong>1 scoop (ca. 5 g)<\/strong> Creatine Monohydrate met water of een andere drank naar keuze.<\/p>\n<ul>\n<li>Aanbevolen gebruik: 1 portie per dag<\/li>\n<li>Peut \u00eatre pris \u00e0 tout moment de la journ\u00e9e.<\/li>\n<li>Goed roeren of schudden voor gebruik<\/li>\n<li>Voor consequent gebruik bewaren op een droge en koele plaats<\/li>\n<\/ul>\n<hr \/>","protected":false},"excerpt":{"rendered":"<p>Creatine Monohydrate van The Protein Works is een zuiver creatinepoeder zonder toevoegingen. Het is oplosbaar in water of dranken en geschikt voor dagelijks gebruik. Een eenvoudige manier om je supplementenroutine aan te vullen.<\/p>","protected":false},"featured_media":655,"comment_status":"open","ping_status":"closed","template":"","meta":[],"product_brand":[],"product_cat":[86,77,90,80,15,74,71,75,73,70],"product_tag":[],"class_list":{"0":"post-654","1":"product","2":"type-product","3":"status-publish","4":"has-post-thumbnail","6":"product_cat-aankomen","7":"product_cat-bundles-save","8":"product_cat-creatine","9":"product_cat-doel","10":"product_cat-geen-categorie","11":"product_cat-health-wellness","12":"product_cat-merken","13":"product_cat-producten","14":"product_cat-protein-works","15":"product_cat-raws","17":"first","18":"outofstock","19":"sale","20":"taxable","21":"shipping-taxable","22":"purchasable","23":"product-type-simple"},"yoast_head":"<!-- This site is optimized with the Yoast SEO plugin v27.3 - https:\/\/yoast.com\/product\/yoast-seo-wordpress\/ -->\n<title>Creatine Monohydrate - 500GR - Protein Works - Holy-Supps.nl<\/title>\n<meta name=\"description\" content=\"Verbeter je prestaties en spierkracht met Creatine Monohydraat van Protein Works. 99,9% puur en ideaal voor intensieve trainingen.\" \/>\n<meta name=\"robots\" content=\"index, follow, max-snippet:-1, max-image-preview:large, max-video-preview:-1\" \/>\n<link rel=\"canonical\" href=\"https:\/\/www.holy-supps.nl\/fr\/produit\/creatine-monohydrate-500gr-protein-works\/\" \/>\n<meta property=\"og:locale\" content=\"fr_FR\" \/>\n<meta property=\"og:type\" content=\"article\" \/>\n<meta property=\"og:title\" content=\"Creatine Monohydrate - 500GR - Protein Works - Holy-Supps.nl\" \/>\n<meta property=\"og:description\" content=\"Verbeter je prestaties en spierkracht met Creatine Monohydraat van Protein Works. 99,9% puur en ideaal voor intensieve trainingen.\" \/>\n<meta property=\"og:url\" content=\"https:\/\/www.holy-supps.nl\/fr\/produit\/creatine-monohydrate-500gr-protein-works\/\" \/>\n<meta property=\"og:site_name\" content=\"Holy-Supps.nl\" \/>\n<meta property=\"article:publisher\" content=\"https:\/\/www.facebook.com\/holy.supps\" \/>\n<meta property=\"article:modified_time\" content=\"2026-01-22T07:18:11+00:00\" \/>\n<meta property=\"og:image\" content=\"https:\/\/www.holy-supps.nl\/wp-content\/uploads\/2023\/03\/Creatine_Monohydrate-1kg_Front_1.webp\" \/>\n\t<meta property=\"og:image:width\" content=\"1000\" \/>\n\t<meta property=\"og:image:height\" content=\"1000\" \/>\n\t<meta property=\"og:image:type\" content=\"image\/webp\" \/>\n<meta name=\"twitter:card\" content=\"summary_large_image\" \/>\n<meta name=\"twitter:label1\" content=\"Dur\u00e9e de lecture estim\u00e9e\" \/>\n\t<meta name=\"twitter:data1\" content=\"3 minutes\" \/>\n<script type=\"application\/ld+json\" class=\"yoast-schema-graph\">{\"@context\":\"https:\\\/\\\/schema.org\",\"@graph\":[{\"@type\":\"WebPage\",\"@id\":\"https:\\\/\\\/www.holy-supps.nl\\\/product\\\/creatine-monohydrate-500gr-protein-works\\\/\",\"url\":\"https:\\\/\\\/www.holy-supps.nl\\\/product\\\/creatine-monohydrate-500gr-protein-works\\\/\",\"name\":\"Creatine Monohydrate - 500GR - Protein Works - Holy-Supps.nl\",\"isPartOf\":{\"@id\":\"https:\\\/\\\/www.holy-supps.nl\\\/#website\"},\"primaryImageOfPage\":{\"@id\":\"https:\\\/\\\/www.holy-supps.nl\\\/product\\\/creatine-monohydrate-500gr-protein-works\\\/#primaryimage\"},\"image\":{\"@id\":\"https:\\\/\\\/www.holy-supps.nl\\\/product\\\/creatine-monohydrate-500gr-protein-works\\\/#primaryimage\"},\"thumbnailUrl\":\"https:\\\/\\\/www.holy-supps.nl\\\/wp-content\\\/uploads\\\/2023\\\/03\\\/Creatine_Monohydrate-1kg_Front_1.webp\",\"datePublished\":\"2023-03-24T16:10:50+00:00\",\"dateModified\":\"2026-01-22T07:18:11+00:00\",\"description\":\"Verbeter je prestaties en spierkracht met Creatine Monohydraat van Protein Works. 99,9% puur en ideaal voor intensieve trainingen.\",\"breadcrumb\":{\"@id\":\"https:\\\/\\\/www.holy-supps.nl\\\/product\\\/creatine-monohydrate-500gr-protein-works\\\/#breadcrumb\"},\"inLanguage\":\"fr-FR\",\"potentialAction\":[{\"@type\":\"ReadAction\",\"target\":[\"https:\\\/\\\/www.holy-supps.nl\\\/product\\\/creatine-monohydrate-500gr-protein-works\\\/\"]}]},{\"@type\":\"ImageObject\",\"inLanguage\":\"fr-FR\",\"@id\":\"https:\\\/\\\/www.holy-supps.nl\\\/product\\\/creatine-monohydrate-500gr-protein-works\\\/#primaryimage\",\"url\":\"https:\\\/\\\/www.holy-supps.nl\\\/wp-content\\\/uploads\\\/2023\\\/03\\\/Creatine_Monohydrate-1kg_Front_1.webp\",\"contentUrl\":\"https:\\\/\\\/www.holy-supps.nl\\\/wp-content\\\/uploads\\\/2023\\\/03\\\/Creatine_Monohydrate-1kg_Front_1.webp\",\"width\":1000,\"height\":1000},{\"@type\":\"BreadcrumbList\",\"@id\":\"https:\\\/\\\/www.holy-supps.nl\\\/product\\\/creatine-monohydrate-500gr-protein-works\\\/#breadcrumb\",\"itemListElement\":[{\"@type\":\"ListItem\",\"position\":1,\"name\":\"Home\",\"item\":\"https:\\\/\\\/www.holy-supps.nl\\\/\"},{\"@type\":\"ListItem\",\"position\":2,\"name\":\"Winkel\",\"item\":\"https:\\\/\\\/www.holy-supps.nl\\\/winkel\\\/\"},{\"@type\":\"ListItem\",\"position\":3,\"name\":\"Creatine Monohydrate &#8211; 500GR &#8211; Protein Works\"}]},{\"@type\":\"WebSite\",\"@id\":\"https:\\\/\\\/www.holy-supps.nl\\\/#website\",\"url\":\"https:\\\/\\\/www.holy-supps.nl\\\/\",\"name\":\"Holy-Supps.nl\",\"description\":\"Official EHPLabs Reseller!\",\"publisher\":{\"@id\":\"https:\\\/\\\/www.holy-supps.nl\\\/#organization\"},\"potentialAction\":[{\"@type\":\"SearchAction\",\"target\":{\"@type\":\"EntryPoint\",\"urlTemplate\":\"https:\\\/\\\/www.holy-supps.nl\\\/?s={search_term_string}\"},\"query-input\":{\"@type\":\"PropertyValueSpecification\",\"valueRequired\":true,\"valueName\":\"search_term_string\"}}],\"inLanguage\":\"fr-FR\"},{\"@type\":\"Organization\",\"@id\":\"https:\\\/\\\/www.holy-supps.nl\\\/#organization\",\"name\":\"Holy Supps\",\"url\":\"https:\\\/\\\/www.holy-supps.nl\\\/\",\"logo\":{\"@type\":\"ImageObject\",\"inLanguage\":\"fr-FR\",\"@id\":\"https:\\\/\\\/www.holy-supps.nl\\\/#\\\/schema\\\/logo\\\/image\\\/\",\"url\":\"https:\\\/\\\/www.holy-supps.nl\\\/wp-content\\\/uploads\\\/2023\\\/06\\\/HOLY-SUPPS.png\",\"contentUrl\":\"https:\\\/\\\/www.holy-supps.nl\\\/wp-content\\\/uploads\\\/2023\\\/06\\\/HOLY-SUPPS.png\",\"width\":1000,\"height\":400,\"caption\":\"Holy Supps\"},\"image\":{\"@id\":\"https:\\\/\\\/www.holy-supps.nl\\\/#\\\/schema\\\/logo\\\/image\\\/\"},\"sameAs\":[\"https:\\\/\\\/www.facebook.com\\\/holy.supps\",\"https:\\\/\\\/www.instagram.com\\\/holy.supps.shop\\\/\"]}]}<\/script>\n<!-- \/ Yoast SEO plugin. -->","yoast_head_json":{"title":"Creatine Monohydrate - 500GR - Protein Works - Holy-Supps.fr","description":"Am\u00e9liorez vos performances et votre force musculaire avec la cr\u00e9atine monohydrate de Protein Works. Pure \u00e0 99,9%, elle est id\u00e9ale pour les entra\u00eenements intenses.","robots":{"index":"index","follow":"follow","max-snippet":"max-snippet:-1","max-image-preview":"max-image-preview:large","max-video-preview":"max-video-preview:-1"},"canonical":"https:\/\/www.holy-supps.nl\/fr\/produit\/creatine-monohydrate-500gr-protein-works\/","og_locale":"fr_FR","og_type":"article","og_title":"Creatine Monohydrate - 500GR - Protein Works - Holy-Supps.nl","og_description":"Verbeter je prestaties en spierkracht met Creatine Monohydraat van Protein Works. 99,9% puur en ideaal voor intensieve trainingen.","og_url":"https:\/\/www.holy-supps.nl\/fr\/produit\/creatine-monohydrate-500gr-protein-works\/","og_site_name":"Holy-Supps.nl","article_publisher":"https:\/\/www.facebook.com\/holy.supps","article_modified_time":"2026-01-22T07:18:11+00:00","og_image":[{"width":1000,"height":1000,"url":"https:\/\/www.holy-supps.nl\/wp-content\/uploads\/2023\/03\/Creatine_Monohydrate-1kg_Front_1.webp","type":"image\/webp"}],"twitter_card":"summary_large_image","twitter_misc":{"Dur\u00e9e de lecture estim\u00e9e":"3 minutes"},"schema":{"@context":"https:\/\/schema.org","@graph":[{"@type":"WebPage","@id":"https:\/\/www.holy-supps.nl\/product\/creatine-monohydrate-500gr-protein-works\/","url":"https:\/\/www.holy-supps.nl\/product\/creatine-monohydrate-500gr-protein-works\/","name":"Creatine Monohydrate - 500GR - Protein Works - Holy-Supps.fr","isPartOf":{"@id":"https:\/\/www.holy-supps.nl\/#website"},"primaryImageOfPage":{"@id":"https:\/\/www.holy-supps.nl\/product\/creatine-monohydrate-500gr-protein-works\/#primaryimage"},"image":{"@id":"https:\/\/www.holy-supps.nl\/product\/creatine-monohydrate-500gr-protein-works\/#primaryimage"},"thumbnailUrl":"https:\/\/www.holy-supps.nl\/wp-content\/uploads\/2023\/03\/Creatine_Monohydrate-1kg_Front_1.webp","datePublished":"2023-03-24T16:10:50+00:00","dateModified":"2026-01-22T07:18:11+00:00","description":"Am\u00e9liorez vos performances et votre force musculaire avec la cr\u00e9atine monohydrate de Protein Works. Pure \u00e0 99,9%, elle est id\u00e9ale pour les entra\u00eenements intenses.","breadcrumb":{"@id":"https:\/\/www.holy-supps.nl\/product\/creatine-monohydrate-500gr-protein-works\/#breadcrumb"},"inLanguage":"fr-FR","potentialAction":[{"@type":"ReadAction","target":["https:\/\/www.holy-supps.nl\/product\/creatine-monohydrate-500gr-protein-works\/"]}]},{"@type":"ImageObject","inLanguage":"fr-FR","@id":"https:\/\/www.holy-supps.nl\/product\/creatine-monohydrate-500gr-protein-works\/#primaryimage","url":"https:\/\/www.holy-supps.nl\/wp-content\/uploads\/2023\/03\/Creatine_Monohydrate-1kg_Front_1.webp","contentUrl":"https:\/\/www.holy-supps.nl\/wp-content\/uploads\/2023\/03\/Creatine_Monohydrate-1kg_Front_1.webp","width":1000,"height":1000},{"@type":"BreadcrumbList","@id":"https:\/\/www.holy-supps.nl\/product\/creatine-monohydrate-500gr-protein-works\/#breadcrumb","itemListElement":[{"@type":"ListItem","position":1,"name":"Home","item":"https:\/\/www.holy-supps.nl\/"},{"@type":"ListItem","position":2,"name":"Winkel","item":"https:\/\/www.holy-supps.nl\/winkel\/"},{"@type":"ListItem","position":3,"name":"Creatine Monohydrate &#8211; 500GR &#8211; Protein Works"}]},{"@type":"WebSite","@id":"https:\/\/www.holy-supps.nl\/#website","url":"https:\/\/www.holy-supps.nl\/","name":"Holy-Supps.co.uk","description":"Revendeur officiel EHPLabs !","publisher":{"@id":"https:\/\/www.holy-supps.nl\/#organization"},"potentialAction":[{"@type":"SearchAction","target":{"@type":"EntryPoint","urlTemplate":"https:\/\/www.holy-supps.nl\/?s={search_term_string}"},"query-input":{"@type":"PropertyValueSpecification","valueRequired":true,"valueName":"search_term_string"}}],"inLanguage":"fr-FR"},{"@type":"Organization","@id":"https:\/\/www.holy-supps.nl\/#organization","name":"Les Saints Souvenirs","url":"https:\/\/www.holy-supps.nl\/","logo":{"@type":"ImageObject","inLanguage":"fr-FR","@id":"https:\/\/www.holy-supps.nl\/#\/schema\/logo\/image\/","url":"https:\/\/www.holy-supps.nl\/wp-content\/uploads\/2023\/06\/HOLY-SUPPS.png","contentUrl":"https:\/\/www.holy-supps.nl\/wp-content\/uploads\/2023\/06\/HOLY-SUPPS.png","width":1000,"height":400,"caption":"Holy Supps"},"image":{"@id":"https:\/\/www.holy-supps.nl\/#\/schema\/logo\/image\/"},"sameAs":["https:\/\/www.facebook.com\/holy.supps","https:\/\/www.instagram.com\/holy.supps.shop\/"]}]}},"jetpack_sharing_enabled":true,"_links":{"self":[{"href":"https:\/\/www.holy-supps.nl\/fr\/wp-json\/wp\/v2\/product\/654","targetHints":{"allow":["GET"]}}],"collection":[{"href":"https:\/\/www.holy-supps.nl\/fr\/wp-json\/wp\/v2\/product"}],"about":[{"href":"https:\/\/www.holy-supps.nl\/fr\/wp-json\/wp\/v2\/types\/product"}],"replies":[{"embeddable":true,"href":"https:\/\/www.holy-supps.nl\/fr\/wp-json\/wp\/v2\/comments?post=654"}],"wp:featuredmedia":[{"embeddable":true,"href":"https:\/\/www.holy-supps.nl\/fr\/wp-json\/wp\/v2\/media\/655"}],"wp:attachment":[{"href":"https:\/\/www.holy-supps.nl\/fr\/wp-json\/wp\/v2\/media?parent=654"}],"wp:term":[{"taxonomy":"product_brand","embeddable":true,"href":"https:\/\/www.holy-supps.nl\/fr\/wp-json\/wp\/v2\/product_brand?post=654"},{"taxonomy":"product_cat","embeddable":true,"href":"https:\/\/www.holy-supps.nl\/fr\/wp-json\/wp\/v2\/product_cat?post=654"},{"taxonomy":"product_tag","embeddable":true,"href":"https:\/\/www.holy-supps.nl\/fr\/wp-json\/wp\/v2\/product_tag?post=654"}],"curies":[{"name":"wp","href":"https:\/\/api.w.org\/{rel}","templated":true}]}}