{"id":649,"date":"2023-03-24T17:07:21","date_gmt":"2023-03-24T16:07:21","guid":{"rendered":"https:\/\/www.holy-supps.nl\/?post_type=product&#038;p=649"},"modified":"2025-07-11T06:58:44","modified_gmt":"2025-07-11T04:58:44","slug":"les-proteines-nootropiques-sans-fin-fonctionnent","status":"publish","type":"product","link":"https:\/\/www.holy-supps.nl\/fr\/product\/endless-nootropic-protein-works\/","title":{"rendered":"Nootropique sans fin - Protein Works"},"content":{"rendered":"<div>Endless\u2122 est le nootropique le plus avanc\u00e9 actuellement sur le march\u00e9. Nous avons pris notre expertise en mati\u00e8re de performance nutritionnelle sportive et l'avons appliqu\u00e9e au plus important changeur de jeu de tous : le cerveau. Surcharg\u00e9e des tout derniers ingr\u00e9dients avanc\u00e9s et scientifiques, la formulation d'Endless\u2122 booste les performances mentales, r\u00e9duit la fatigue et l'\u00e9puisement, augmente la vivacit\u00e9 d'esprit et aide \u00e0 maintenir la neurotransmission. Lib\u00e9rez votre v\u00e9ritable potentiel et obtenez cet avantage psychologique si important gr\u00e2ce \u00e0 l'aliment c\u00e9r\u00e9bral ultime. Il est livr\u00e9 avec z\u00e9ro crash, z\u00e9ro sucre et z\u00e9ro calorie.<\/div>\n<div><\/div>\n<div>Bienvenue \u00e0 Endless\u2122 - Remerciez-nous plus tard ;).<\/div>\n<h2>Nourriture c\u00e9r\u00e9brale nootropique sans fin<\/h2>\n<div>Lorsque vous entendez parler des nootropiques, commun\u00e9ment appel\u00e9s stimulants c\u00e9r\u00e9braux, vous imaginez peut-\u00eatre le film Limitless\u00ae, dans lequel le personnage de Bradley Cooper accomplit des exploits mentaux surhumains apr\u00e8s avoir pris une pilule stimulant le cerveau. Revenons maintenant au monde r\u00e9el. Nos experts en nutrition, en travaillant avec les meilleurs ingr\u00e9dients naturels et la recherche scientifique de pointe, ont cr\u00e9\u00e9 Endless\u2122.<\/div>\n<div><\/div>\n<div>Du multit\u00e2che \u00e0 haut volume aux longues journ\u00e9es de travail surcharg\u00e9es, d\u00e9bloquer le v\u00e9ritable potentiel de votre cerveau change absolument la donne. Endless\u2122 Nootropic est l'aliment pour le cerveau le plus avanc\u00e9 sur le march\u00e9 aujourd'hui. Chaque ingr\u00e9dient actif est de la plus haute puret\u00e9, d\u00e9riv\u00e9 de sources naturelles et soutenu par des \u00e9tudes scientifiques.<\/div>\n<h2>Qu'est-ce que Endless Nootropic ?<\/h2>\n<div>Que vous soyez confront\u00e9 \u00e0 une \u00e9ch\u00e9ance au travail, que vous deviez travailler toute la nuit sur l'un de vos projets les plus difficiles, ou que vous souhaitiez surpasser vos concurrents dans n'importe quel sport, Endless\u2122 est con\u00e7u pour vous. Il ne s'agit pas de science-fiction. Le sport d'\u00e9lite professionnel de remise en forme se concentre plus que jamais sur la performance mentale. L'importance d'\u00eatre \"dans la zone\" est consid\u00e9r\u00e9e comme la cl\u00e9 absolue pour atteindre le succ\u00e8s.<\/div>\n<div><\/div>\n<div>Ces derni\u00e8res ann\u00e9es, un nombre consid\u00e9rable de recherches ont \u00e9t\u00e9 men\u00e9es sur le fonctionnement du cerveau, les capacit\u00e9s mentales et la mani\u00e8re d'optimiser la capacit\u00e9 du cerveau \u00e0 fonctionner \u00e0 un niveau de traitement plus \u00e9lev\u00e9. Notre \u00e9quipe d'experts s'est appuy\u00e9e sur ces recherches pour formuler Endless\u2122.<\/div>\n<h2>Go\u00fbt et commodit\u00e9 \u00e0 l'infini<\/h2>\n<div>Il \u00e9tait essentiel qu'Endless\u2122 s'int\u00e8gre facilement dans le mode de vie actif de la vie moderne - vous pouvez le consommer \u00e0 tout moment de la journ\u00e9e sans crash. Une portion contient le ratio en or entre la L-th\u00e9anine et la caf\u00e9ine (2:1) pour garantir que cet acide amin\u00e9 contrecarre efficacement le coup de barre de la caf\u00e9ine et favorise la clart\u00e9. Il n'y a pas non plus de pic ou de crash de sucre car Endless\u2122 ne contient pas de sucre.<\/div>\n<div><\/div>\n<div>Il est vital de s'hydrater tout au long de la journ\u00e9e, et nous savons tous \u00e0 quel point il est facile de prendre une boisson sucr\u00e9e ou vant\u00e9e par le marketing, remplie d'une longue liste de substances nocives. Ne succombez plus, car nous vous couvrons avec Endless\u2122, qui a \u00e9t\u00e9 sp\u00e9cialement con\u00e7u pour \u00eatre votre carburant de choix, sans sucre et sans calories.<\/div>\n<div><\/div>\n<div>Il fallait aussi qu'il ait bon go\u00fbt, c'est pourquoi nous avons mis au point cinq saveurs savoureuses. Si vous remplacez simplement votre caf\u00e9 au lait du matin ou votre boisson \u00e9nergisante de l'apr\u00e8s-midi par Endless\u2122, vous \u00e9conomiserez beaucoup de sucre et de calories par rapport \u00e0 votre consommation quotidienne.<\/div>\n<div><\/div>\n<div>Il suffit de le ramasser, de l'agiter dans une bouteille d'eau ou un shaker et il se m\u00e9lange imm\u00e9diatement \u00e0 l'eau. Alors que certaines boissons actives peuvent laisser un arri\u00e8re-go\u00fbt d\u00e9sagr\u00e9able, nous avons veill\u00e9 \u00e0 ce qu'Endless\u2122 ait une texture pure et onctueuse, afin que vous puissiez b\u00e9n\u00e9ficier de ses bienfaits sans faire de compromis sur le go\u00fbt.<\/div>\n<div><\/div>\n<div>Un pot d'Endless\u2122 contient 30 portions, ce qui offre un tr\u00e8s bon rapport qualit\u00e9-prix par rapport au prix d'une boisson gazeuse.<\/div>\n<h2>Comment fonctionne Endless Nootropic<\/h2>\n<div>Pour ceux qui s'int\u00e9ressent \u00e0 la science derri\u00e8re Endless\u2122 : c'est ici que nous entrons dans la peau d'un nerd et que nous approfondissons ce qui l'anime. Formul\u00e9 scientifiquement \u00e0 partir de recherches sur les ingr\u00e9dients men\u00e9es par des neuro-cognitifs et des nutritionnistes de premier plan, voici les principaux composants du produit.<\/div>\n<div><\/div>\n<div><strong>Caf\u00e9ine -<\/strong> La caf\u00e9ine contribue \u00e0 augmenter la vigilance et \u00e0 am\u00e9liorer la concentration. Ses effets en combinaison avec la L-th\u00e9anine ont \u00e9t\u00e9 \u00e9tudi\u00e9s pour fournir des avantages synergiques. La caf\u00e9ine agit en stimulant le syst\u00e8me nerveux central (SNC) pour produire de l'adr\u00e9naline, ce qui am\u00e9liore l'attention, la m\u00e9moire, la vigilance et la concentration.<\/div>\n<div><\/div>\n<div><strong>L-Th\u00e9anine -<\/strong> Agit en synergie avec la caf\u00e9ine pour augmenter la concentration, tout en compensant l'effet nerveux ressenti lors d'une consommation excessive de caf\u00e9ine (pas de crash). Nous avons ajout\u00e9 de la L-th\u00e9anine et de la caf\u00e9ine dans un rapport de 2:1, ce qui s'est av\u00e9r\u00e9 \u00eatre le dosage optimal dans les \u00e9tudes cliniques.<\/div>\n<div><\/div>\n<div><strong>Vitamines B -<\/strong> Contribuer \u00e0 am\u00e9liorer les performances cognitives. L'acide pantoth\u00e9nique (B5) contribue aux performances mentales\/cognitives en augmentant la s\u00e9cr\u00e9tion de neurotransmetteurs. L'acide pantoth\u00e9nique, la vitamine B6, l'acide folique et la vitamine B12 jouent un r\u00f4le majeur dans la production d'\u00e9nergie, en convertissant les glucides et les graisses en \u00e9nergie utilisable par le cerveau. L'acide pantoth\u00e9nique et la vitamine B6 contribuent \u00e0 la synth\u00e8se de neurotransmetteurs tels que l'ac\u00e9tylcholine et la s\u00e9rotonine, qui am\u00e9liorent la concentration et l'attention.<\/div>\n<div class=\"nutritionalInfo col\">\n<h3>Contenu<\/h3>\n<table>\n<tbody>\n<tr class=\"title\">\n<th>Valeurs bas\u00e9es sur :<\/th>\n<th>par portion de 10 g<\/th>\n<\/tr>\n<tr>\n<td>\u00c9nergie (kJ)<\/td>\n<td>46<\/td>\n<\/tr>\n<tr>\n<td>\u00c9nergie (kcal)<\/td>\n<td>11<\/td>\n<\/tr>\n<tr>\n<td>Glucides (g)<\/td>\n<td>1.9<\/td>\n<\/tr>\n<tr>\n<td>dont Sucres (g)<\/td>\n<td><\/td>\n<\/tr>\n<tr>\n<td>Vitamine C<\/td>\n<td>1000mg (1250%*)<\/td>\n<\/tr>\n<tr>\n<td>Calcium<\/td>\n<td>307mg (38%*)<\/td>\n<\/tr>\n<tr>\n<td>Vitamine B6<\/td>\n<td>2,8 mg (200%*)<\/td>\n<\/tr>\n<tr>\n<td>Acide folique<\/td>\n<td>200ug (100%*)<\/td>\n<\/tr>\n<tr>\n<td>Vitamine B12<\/td>\n<td>500ug (500%*)<\/td>\n<\/tr>\n<tr>\n<td>Le fer<\/td>\n<td>14mg (100%*)<\/td>\n<\/tr>\n<tr>\n<td>Zinc<\/td>\n<td>14mg (140%*)<\/td>\n<\/tr>\n<tr>\n<td>Acide panthoth\u00e9nique<\/td>\n<td>6mg (100%*)<\/td>\n<\/tr>\n<tr>\n<td>Magn\u00e9sium<\/td>\n<td>187mg (50%*)<\/td>\n<\/tr>\n<tr>\n<td>Bitartrate de choline<\/td>\n<td>2g<\/td>\n<\/tr>\n<tr>\n<td>L-Tyrosine<\/td>\n<td>1g<\/td>\n<\/tr>\n<tr>\n<td>Taurine<\/td>\n<td>750 mg<\/td>\n<\/tr>\n<tr>\n<td>DMAE Bitartrate<\/td>\n<td>270 mg<\/td>\n<\/tr>\n<tr>\n<td>Extrait de poivre noir<\/td>\n<td>20 mg<\/td>\n<\/tr>\n<tr>\n<td>Caf\u00e9ine anhydre<\/td>\n<td>150 mg<\/td>\n<\/tr>\n<tr>\n<td>L-Th\u00e9anine<\/td>\n<td>300 mg<\/td>\n<\/tr>\n<tr>\n<td>*= apport de r\u00e9f\u00e9rence %<\/td>\n<td><\/td>\n<\/tr>\n<\/tbody>\n<\/table>\n<\/div>\n<div class=\"col\">\n<h3 class=\"ingredients-title\">Ingredients - Cool Cola Zinger<\/h3>\n<div class=\"ingredients\">\n<div class=\"specs-wrap\">\n<table class=\"specs-table\" cellspacing=\"0\" cellpadding=\"0\">\n<tbody>\n<tr>\n<td colspan=\"2\">Pour d'autres g\u00e8nes, voir <strong>audacieux<\/strong><\/td>\n<\/tr>\n<tr>\n<th>Bitartrate de choline, acide citrique, acide malique, L-tyrosine, vitamine C, ar\u00f4me, taurine, colorant (E150c), oxyde de magn\u00e9sium, phosphate tricalcique, L-th\u00e9anine, bitartrate de DMAE, dioxyde de silicium, \u00e9dulcorant (sucralose), caf\u00e9ine anhydre, vitamine B12 (m\u00e9thyl-cobalamine), zinc, citrate dihydrat\u00e9, extrait de poivre noir, fer (bis-glycinate ferreux), vitamine B5 (D-pantoth\u00e9nate de calcium), vitamine B6 (chlorhydrate de pyridoxine), vitamine B9 (acide folique).<\/th>\n<td><\/td>\n<\/tr>\n<tr>\n<td>Fabriqu\u00e9 dans une usine qui traite le lait, les \u0153ufs, les c\u00e9r\u00e9ales contenant du gluten, les arachides, les fruits \u00e0 coque et le soja.<\/td>\n<\/tr>\n<\/tbody>\n<\/table>\n<\/div>\n<h3 class=\"ingredients-title\">Ingredients - Kick aux pommes vertes<\/h3>\n<div class=\"ingredients\">\n<div class=\"specs-wrap\">\n<table class=\"specs-table\" cellspacing=\"0\" cellpadding=\"0\">\n<tbody>\n<tr>\n<td colspan=\"2\">Pour d'autres g\u00e8nes, voir <strong>audacieux<\/strong><\/td>\n<\/tr>\n<tr>\n<th>acide malique, bitartrate de choline, ar\u00f4me, L-tyrosine, vitamine C, taurine, oxyde de magn\u00e9sium, phosphate tricalcique, L-th\u00e9anine, bitartrate de DMAE, dioxyde de silicium, \u00e9dulcorant (sucralose), caf\u00e9ine anhydre, colorant (curcumine, extrait de spiruline), vitamine B12 (m\u00e9thyl-cobalamine), zinc, citrate dihydrat\u00e9, extrait de poivre noir, fer (ferro-bis-glycinate), vitamine B5 (dantoth\u00e9nate de calcium), vitamine B6 (chlorhydrate de pyridoxine), vitamine B9 (acide folique).<\/th>\n<td><\/td>\n<\/tr>\n<\/tbody>\n<\/table>\n<\/div>\n<\/div>\n<\/div>\n<\/div>","protected":false},"excerpt":{"rendered":"<div>Endless\u2122 est le nootropique le plus avanc\u00e9 actuellement sur le march\u00e9.<\/div>","protected":false},"featured_media":653,"comment_status":"open","ping_status":"closed","template":"","meta":[],"product_brand":[],"product_cat":[80,87,71,73],"product_tag":[],"class_list":{"0":"post-649","1":"product","2":"type-product","3":"status-publish","4":"has-post-thumbnail","6":"product_cat-doel","7":"product_cat-energie-focus","8":"product_cat-merken","9":"product_cat-protein-works","11":"first","12":"outofstock","13":"sale","14":"taxable","15":"shipping-taxable","16":"purchasable","17":"product-type-variable"},"yoast_head":"<!-- This site is optimized with the Yoast SEO plugin v27.4 - https:\/\/yoast.com\/product\/yoast-seo-wordpress\/ -->\n<title>Endless Nootropic - Protein Works - Holy-Supps.nl<\/title>\n<meta name=\"description\" content=\"Verhoog je mentale prestaties en focus met Endless Nootropic. Krachtige hersenvoeding zonder crash, suikervrij, caloriearm. Perfect voor elke dag!\" \/>\n<meta name=\"robots\" content=\"index, follow, max-snippet:-1, max-image-preview:large, max-video-preview:-1\" \/>\n<link rel=\"canonical\" href=\"https:\/\/www.holy-supps.nl\/fr\/produit\/les-proteines-nootropiques-sans-fin-fonctionnent\/\" \/>\n<meta property=\"og:locale\" content=\"fr_FR\" \/>\n<meta property=\"og:type\" content=\"article\" \/>\n<meta property=\"og:title\" content=\"Endless Nootropic - Protein Works - Holy-Supps.nl\" \/>\n<meta property=\"og:description\" content=\"Verhoog je mentale prestaties en focus met Endless Nootropic. Krachtige hersenvoeding zonder crash, suikervrij, caloriearm. Perfect voor elke dag!\" \/>\n<meta property=\"og:url\" content=\"https:\/\/www.holy-supps.nl\/fr\/produit\/les-proteines-nootropiques-sans-fin-fonctionnent\/\" \/>\n<meta property=\"og:site_name\" content=\"Holy-Supps.nl\" \/>\n<meta property=\"article:publisher\" content=\"https:\/\/www.facebook.com\/holy.supps\" \/>\n<meta property=\"article:modified_time\" content=\"2025-07-11T04:58:44+00:00\" \/>\n<meta property=\"og:image\" content=\"https:\/\/www.holy-supps.nl\/wp-content\/uploads\/2023\/03\/brt-endless_pdp_1_2.webp\" \/>\n\t<meta property=\"og:image:width\" content=\"1000\" \/>\n\t<meta property=\"og:image:height\" content=\"1000\" \/>\n\t<meta property=\"og:image:type\" content=\"image\/webp\" \/>\n<meta name=\"twitter:card\" content=\"summary_large_image\" \/>\n<meta name=\"twitter:label1\" content=\"Dur\u00e9e de lecture estim\u00e9e\" \/>\n\t<meta name=\"twitter:data1\" content=\"6 minutes\" \/>\n<script type=\"application\/ld+json\" class=\"yoast-schema-graph\">{\"@context\":\"https:\\\/\\\/schema.org\",\"@graph\":[{\"@type\":\"WebPage\",\"@id\":\"https:\\\/\\\/www.holy-supps.nl\\\/product\\\/endless-nootropic-protein-works\\\/\",\"url\":\"https:\\\/\\\/www.holy-supps.nl\\\/product\\\/endless-nootropic-protein-works\\\/\",\"name\":\"Endless Nootropic - Protein Works - Holy-Supps.nl\",\"isPartOf\":{\"@id\":\"https:\\\/\\\/www.holy-supps.nl\\\/#website\"},\"primaryImageOfPage\":{\"@id\":\"https:\\\/\\\/www.holy-supps.nl\\\/product\\\/endless-nootropic-protein-works\\\/#primaryimage\"},\"image\":{\"@id\":\"https:\\\/\\\/www.holy-supps.nl\\\/product\\\/endless-nootropic-protein-works\\\/#primaryimage\"},\"thumbnailUrl\":\"https:\\\/\\\/www.holy-supps.nl\\\/wp-content\\\/uploads\\\/2023\\\/03\\\/brt-endless_pdp_1_2.webp\",\"datePublished\":\"2023-03-24T16:07:21+00:00\",\"dateModified\":\"2025-07-11T04:58:44+00:00\",\"description\":\"Verhoog je mentale prestaties en focus met Endless Nootropic. Krachtige hersenvoeding zonder crash, suikervrij, caloriearm. Perfect voor elke dag!\",\"breadcrumb\":{\"@id\":\"https:\\\/\\\/www.holy-supps.nl\\\/product\\\/endless-nootropic-protein-works\\\/#breadcrumb\"},\"inLanguage\":\"fr-FR\",\"potentialAction\":[{\"@type\":\"ReadAction\",\"target\":[\"https:\\\/\\\/www.holy-supps.nl\\\/product\\\/endless-nootropic-protein-works\\\/\"]}]},{\"@type\":\"ImageObject\",\"inLanguage\":\"fr-FR\",\"@id\":\"https:\\\/\\\/www.holy-supps.nl\\\/product\\\/endless-nootropic-protein-works\\\/#primaryimage\",\"url\":\"https:\\\/\\\/www.holy-supps.nl\\\/wp-content\\\/uploads\\\/2023\\\/03\\\/brt-endless_pdp_1_2.webp\",\"contentUrl\":\"https:\\\/\\\/www.holy-supps.nl\\\/wp-content\\\/uploads\\\/2023\\\/03\\\/brt-endless_pdp_1_2.webp\",\"width\":1000,\"height\":1000},{\"@type\":\"BreadcrumbList\",\"@id\":\"https:\\\/\\\/www.holy-supps.nl\\\/product\\\/endless-nootropic-protein-works\\\/#breadcrumb\",\"itemListElement\":[{\"@type\":\"ListItem\",\"position\":1,\"name\":\"Home\",\"item\":\"https:\\\/\\\/www.holy-supps.nl\\\/\"},{\"@type\":\"ListItem\",\"position\":2,\"name\":\"Winkel\",\"item\":\"https:\\\/\\\/www.holy-supps.nl\\\/winkel\\\/\"},{\"@type\":\"ListItem\",\"position\":3,\"name\":\"Endless Nootropic &#8211; Protein Works\"}]},{\"@type\":\"WebSite\",\"@id\":\"https:\\\/\\\/www.holy-supps.nl\\\/#website\",\"url\":\"https:\\\/\\\/www.holy-supps.nl\\\/\",\"name\":\"Holy-Supps.nl\",\"description\":\"Official EHPLabs Reseller!\",\"publisher\":{\"@id\":\"https:\\\/\\\/www.holy-supps.nl\\\/#organization\"},\"potentialAction\":[{\"@type\":\"SearchAction\",\"target\":{\"@type\":\"EntryPoint\",\"urlTemplate\":\"https:\\\/\\\/www.holy-supps.nl\\\/?s={search_term_string}\"},\"query-input\":{\"@type\":\"PropertyValueSpecification\",\"valueRequired\":true,\"valueName\":\"search_term_string\"}}],\"inLanguage\":\"fr-FR\"},{\"@type\":\"Organization\",\"@id\":\"https:\\\/\\\/www.holy-supps.nl\\\/#organization\",\"name\":\"Holy Supps\",\"url\":\"https:\\\/\\\/www.holy-supps.nl\\\/\",\"logo\":{\"@type\":\"ImageObject\",\"inLanguage\":\"fr-FR\",\"@id\":\"https:\\\/\\\/www.holy-supps.nl\\\/#\\\/schema\\\/logo\\\/image\\\/\",\"url\":\"https:\\\/\\\/www.holy-supps.nl\\\/wp-content\\\/uploads\\\/2023\\\/06\\\/HOLY-SUPPS.png\",\"contentUrl\":\"https:\\\/\\\/www.holy-supps.nl\\\/wp-content\\\/uploads\\\/2023\\\/06\\\/HOLY-SUPPS.png\",\"width\":1000,\"height\":400,\"caption\":\"Holy Supps\"},\"image\":{\"@id\":\"https:\\\/\\\/www.holy-supps.nl\\\/#\\\/schema\\\/logo\\\/image\\\/\"},\"sameAs\":[\"https:\\\/\\\/www.facebook.com\\\/holy.supps\",\"https:\\\/\\\/www.instagram.com\\\/holy.supps.shop\\\/\"]}]}<\/script>\n<!-- \/ Yoast SEO plugin. -->","yoast_head_json":{"title":"Endless Nootropic - Protein Works - Holy-Supps.fr","description":"Augmentez vos performances mentales et votre concentration avec Endless Nootropic. Un puissant aliment pour le cerveau sans accident, sans sucre et \u00e0 faible teneur en calories. Parfait pour tous les jours !","robots":{"index":"index","follow":"follow","max-snippet":"max-snippet:-1","max-image-preview":"max-image-preview:large","max-video-preview":"max-video-preview:-1"},"canonical":"https:\/\/www.holy-supps.nl\/fr\/produit\/les-proteines-nootropiques-sans-fin-fonctionnent\/","og_locale":"fr_FR","og_type":"article","og_title":"Endless Nootropic - Protein Works - Holy-Supps.nl","og_description":"Verhoog je mentale prestaties en focus met Endless Nootropic. Krachtige hersenvoeding zonder crash, suikervrij, caloriearm. Perfect voor elke dag!","og_url":"https:\/\/www.holy-supps.nl\/fr\/produit\/les-proteines-nootropiques-sans-fin-fonctionnent\/","og_site_name":"Holy-Supps.nl","article_publisher":"https:\/\/www.facebook.com\/holy.supps","article_modified_time":"2025-07-11T04:58:44+00:00","og_image":[{"width":1000,"height":1000,"url":"https:\/\/www.holy-supps.nl\/wp-content\/uploads\/2023\/03\/brt-endless_pdp_1_2.webp","type":"image\/webp"}],"twitter_card":"summary_large_image","twitter_misc":{"Dur\u00e9e de lecture estim\u00e9e":"6 minutes"},"schema":{"@context":"https:\/\/schema.org","@graph":[{"@type":"WebPage","@id":"https:\/\/www.holy-supps.nl\/product\/endless-nootropic-protein-works\/","url":"https:\/\/www.holy-supps.nl\/product\/endless-nootropic-protein-works\/","name":"Endless Nootropic - Protein Works - Holy-Supps.fr","isPartOf":{"@id":"https:\/\/www.holy-supps.nl\/#website"},"primaryImageOfPage":{"@id":"https:\/\/www.holy-supps.nl\/product\/endless-nootropic-protein-works\/#primaryimage"},"image":{"@id":"https:\/\/www.holy-supps.nl\/product\/endless-nootropic-protein-works\/#primaryimage"},"thumbnailUrl":"https:\/\/www.holy-supps.nl\/wp-content\/uploads\/2023\/03\/brt-endless_pdp_1_2.webp","datePublished":"2023-03-24T16:07:21+00:00","dateModified":"2025-07-11T04:58:44+00:00","description":"Augmentez vos performances mentales et votre concentration avec Endless Nootropic. Un puissant aliment pour le cerveau sans accident, sans sucre et \u00e0 faible teneur en calories. Parfait pour tous les jours !","breadcrumb":{"@id":"https:\/\/www.holy-supps.nl\/product\/endless-nootropic-protein-works\/#breadcrumb"},"inLanguage":"fr-FR","potentialAction":[{"@type":"ReadAction","target":["https:\/\/www.holy-supps.nl\/product\/endless-nootropic-protein-works\/"]}]},{"@type":"ImageObject","inLanguage":"fr-FR","@id":"https:\/\/www.holy-supps.nl\/product\/endless-nootropic-protein-works\/#primaryimage","url":"https:\/\/www.holy-supps.nl\/wp-content\/uploads\/2023\/03\/brt-endless_pdp_1_2.webp","contentUrl":"https:\/\/www.holy-supps.nl\/wp-content\/uploads\/2023\/03\/brt-endless_pdp_1_2.webp","width":1000,"height":1000},{"@type":"BreadcrumbList","@id":"https:\/\/www.holy-supps.nl\/product\/endless-nootropic-protein-works\/#breadcrumb","itemListElement":[{"@type":"ListItem","position":1,"name":"Home","item":"https:\/\/www.holy-supps.nl\/"},{"@type":"ListItem","position":2,"name":"Winkel","item":"https:\/\/www.holy-supps.nl\/winkel\/"},{"@type":"ListItem","position":3,"name":"Endless Nootropic &#8211; Protein Works"}]},{"@type":"WebSite","@id":"https:\/\/www.holy-supps.nl\/#website","url":"https:\/\/www.holy-supps.nl\/","name":"Holy-Supps.co.uk","description":"Revendeur officiel EHPLabs !","publisher":{"@id":"https:\/\/www.holy-supps.nl\/#organization"},"potentialAction":[{"@type":"SearchAction","target":{"@type":"EntryPoint","urlTemplate":"https:\/\/www.holy-supps.nl\/?s={search_term_string}"},"query-input":{"@type":"PropertyValueSpecification","valueRequired":true,"valueName":"search_term_string"}}],"inLanguage":"fr-FR"},{"@type":"Organization","@id":"https:\/\/www.holy-supps.nl\/#organization","name":"Les Saints Souvenirs","url":"https:\/\/www.holy-supps.nl\/","logo":{"@type":"ImageObject","inLanguage":"fr-FR","@id":"https:\/\/www.holy-supps.nl\/#\/schema\/logo\/image\/","url":"https:\/\/www.holy-supps.nl\/wp-content\/uploads\/2023\/06\/HOLY-SUPPS.png","contentUrl":"https:\/\/www.holy-supps.nl\/wp-content\/uploads\/2023\/06\/HOLY-SUPPS.png","width":1000,"height":400,"caption":"Holy Supps"},"image":{"@id":"https:\/\/www.holy-supps.nl\/#\/schema\/logo\/image\/"},"sameAs":["https:\/\/www.facebook.com\/holy.supps","https:\/\/www.instagram.com\/holy.supps.shop\/"]}]}},"jetpack_sharing_enabled":true,"_links":{"self":[{"href":"https:\/\/www.holy-supps.nl\/fr\/wp-json\/wp\/v2\/product\/649","targetHints":{"allow":["GET"]}}],"collection":[{"href":"https:\/\/www.holy-supps.nl\/fr\/wp-json\/wp\/v2\/product"}],"about":[{"href":"https:\/\/www.holy-supps.nl\/fr\/wp-json\/wp\/v2\/types\/product"}],"replies":[{"embeddable":true,"href":"https:\/\/www.holy-supps.nl\/fr\/wp-json\/wp\/v2\/comments?post=649"}],"wp:featuredmedia":[{"embeddable":true,"href":"https:\/\/www.holy-supps.nl\/fr\/wp-json\/wp\/v2\/media\/653"}],"wp:attachment":[{"href":"https:\/\/www.holy-supps.nl\/fr\/wp-json\/wp\/v2\/media?parent=649"}],"wp:term":[{"taxonomy":"product_brand","embeddable":true,"href":"https:\/\/www.holy-supps.nl\/fr\/wp-json\/wp\/v2\/product_brand?post=649"},{"taxonomy":"product_cat","embeddable":true,"href":"https:\/\/www.holy-supps.nl\/fr\/wp-json\/wp\/v2\/product_cat?post=649"},{"taxonomy":"product_tag","embeddable":true,"href":"https:\/\/www.holy-supps.nl\/fr\/wp-json\/wp\/v2\/product_tag?post=649"}],"curies":[{"name":"wp","href":"https:\/\/api.w.org\/{rel}","templated":true}]}}