{"id":594,"date":"2023-03-24T15:15:02","date_gmt":"2023-03-24T14:15:02","guid":{"rendered":"https:\/\/www.holy-supps.nl\/?post_type=product&#038;p=594"},"modified":"2026-01-08T13:23:07","modified_gmt":"2026-01-08T12:23:07","slug":"zinc-et-magnesium-90-tabs-protein-works","status":"publish","type":"product","link":"https:\/\/www.holy-supps.nl\/fr\/product\/zinc-and-magnesium-90-tabs-protein-works\/","title":{"rendered":"Zinc et Magn\u00e9sium - 90 comprim\u00e9s - Protein Works"},"content":{"rendered":"<div class=\"product-description-bullets\">\n<p>Zinc et Magn\u00e9sium est un m\u00e9lange de min\u00e9raux et de vitamines importants, souvent pris avant le coucher.<\/p>\n<p>Associ\u00e9e \u00e0 la vitamine B6 et au cuivre pour une suppl\u00e9mentation suppl\u00e9mentaire, cette combinaison est tr\u00e8s appr\u00e9ci\u00e9e des sportifs qui s'entra\u00eenent r\u00e9guli\u00e8rement.<\/p>\n<p>Contient 10 mg de zinc (100% RDA), 150 mg de magn\u00e9sium (citrate de magn\u00e9sium) (40% RDA), 3,5 mg de vitamine B6 et 0,23 mg de cuivre.<\/p>\n<h1>Que sont les comprim\u00e9s de zinc et de magn\u00e9sium ?<\/h1>\n<p>Notre suppl\u00e9ment de zinc et de magn\u00e9sium combine des min\u00e9raux et des vitamines que de nombreuses personnes utilisent quotidiennement.<\/p>\n<p>Compl\u00e9t\u00e9 par de la vitamine B6 et du cuivre, ce produit est souvent choisi par les sportifs et les personnes actives.<\/p>\n<p>Les quatre ingr\u00e9dients actifs de nos comprim\u00e9s de zinc et de magn\u00e9sium sont essentiels, ce qui signifie qu'ils doivent \u00eatre pris dans le cadre d'un r\u00e9gime alimentaire ou de compl\u00e9ments alimentaires.<\/p>\n<h1>Caract\u00e9ristiques du zinc et du magn\u00e9sium<\/h1>\n<p><strong>Zinc :<\/strong> Ce min\u00e9ral est naturellement pr\u00e9sent dans les crustac\u00e9s, les noix et les c\u00e9r\u00e9ales. Le zinc est connu comme un min\u00e9ral polyvalent qui contribue \u00e0 divers processus dans l'organisme. Chaque comprim\u00e9 contient 30 mg\/300% NRV (trois fois l'apport journalier recommand\u00e9 en zinc).<\/p>\n<p><strong>Magn\u00e9sium :<\/strong> Le magn\u00e9sium est naturellement pr\u00e9sent dans les l\u00e9gumes \u00e0 feuilles vertes, les l\u00e9gumineuses et les c\u00e9r\u00e9ales. Chaque portion de zinc et de magn\u00e9sium contient 150 mg de magn\u00e9sium sous forme de citrate de magn\u00e9sium.<\/p>\n<p><strong>Citrate de cuivre et vitamine B6 :<\/strong> Outre le zinc et le magn\u00e9sium, ce compl\u00e9ment contient \u00e9galement du cuivre et de la vitamine B6. Chaque portion contient 750 \u00b5g de cuivre (75% VNR) et pr\u00e8s de trois fois l'apport journalier en vitamine B6.<\/p>\n<h1>Pourquoi acheter du zinc et du magn\u00e9sium ?<\/h1>\n<p>Les sportifs et les personnes qui font r\u00e9guli\u00e8rement de l'exercice choisissent souvent de se suppl\u00e9menter en zinc et en magn\u00e9sium, car les min\u00e9raux peuvent \u00eatre perdus en partie pendant l'exercice.<\/p>\n<p>Nos comprim\u00e9s de zinc et de magn\u00e9sium contiennent des ingr\u00e9dients sous leur forme la plus pure. Le magn\u00e9sium est pr\u00e9sent sous forme de citrate de magn\u00e9sium, une forme qui est facilement absorb\u00e9e.<\/p>\n<p><strong>Autres suppl\u00e9ments compatibles avec le zinc et le magn\u00e9sium<\/strong><\/p>\n<p>Le zinc et le magn\u00e9sium peuvent \u00eatre associ\u00e9s \u00e0 d'autres compl\u00e9ments. Ils sont souvent utilis\u00e9s avec la vitamine D3. Les deux sont disponibles sous forme de comprim\u00e9s pratiques, de sorte qu'ils s'int\u00e8grent facilement dans la routine quotidienne.<\/p>\n<\/div>","protected":false},"excerpt":{"rendered":"<p>Zinc et magn\u00e9sium est un m\u00e9lange de vitamines et de min\u00e9raux essentiels qui se prend g\u00e9n\u00e9ralement avant le coucher pour lutter contre la fatigue et normaliser le taux de testost\u00e9rone dans le sang.<\/p>","protected":false},"featured_media":597,"comment_status":"open","ping_status":"closed","template":"","meta":[],"product_brand":[],"product_cat":[77,71,73,70,92],"product_tag":[],"class_list":{"0":"post-594","1":"product","2":"type-product","3":"status-publish","4":"has-post-thumbnail","6":"product_cat-bundles-save","7":"product_cat-merken","8":"product_cat-protein-works","9":"product_cat-raws","10":"product_cat-vitamine-mineralen","12":"first","13":"instock","14":"sale","15":"taxable","16":"shipping-taxable","17":"purchasable","18":"product-type-simple"},"yoast_head":"<!-- This site is optimized with the Yoast SEO plugin v27.4 - https:\/\/yoast.com\/product\/yoast-seo-wordpress\/ -->\n<title>Zinc and Magnesium - 90 tabs - Protein Works - Holy-Supps.nl<\/title>\n<meta name=\"description\" content=\"Protein Works Zinc &amp; Magnesium: 90 tabs voor verbeterde slaap, energie en testosteron. Verrijkt met B6 en koper voor extra cognitieve ondersteuning.\" \/>\n<meta name=\"robots\" content=\"index, follow, max-snippet:-1, max-image-preview:large, max-video-preview:-1\" \/>\n<link rel=\"canonical\" href=\"https:\/\/www.holy-supps.nl\/fr\/produit\/zinc-et-magnesium-90-tabs-protein-works\/\" \/>\n<meta property=\"og:locale\" content=\"fr_FR\" \/>\n<meta property=\"og:type\" content=\"article\" \/>\n<meta property=\"og:title\" content=\"Zinc and Magnesium - 90 tabs - Protein Works - Holy-Supps.nl\" \/>\n<meta property=\"og:description\" content=\"Protein Works Zinc &amp; Magnesium: 90 tabs voor verbeterde slaap, energie en testosteron. Verrijkt met B6 en koper voor extra cognitieve ondersteuning.\" \/>\n<meta property=\"og:url\" content=\"https:\/\/www.holy-supps.nl\/fr\/produit\/zinc-et-magnesium-90-tabs-protein-works\/\" \/>\n<meta property=\"og:site_name\" content=\"Holy-Supps.nl\" \/>\n<meta property=\"article:publisher\" content=\"https:\/\/www.facebook.com\/holy.supps\" \/>\n<meta property=\"article:modified_time\" content=\"2026-01-08T12:23:07+00:00\" \/>\n<meta property=\"og:image\" content=\"https:\/\/www.holy-supps.nl\/wp-content\/uploads\/2023\/03\/zinc_magnesium_90_capsules.1.webp\" \/>\n\t<meta property=\"og:image:width\" content=\"1000\" \/>\n\t<meta property=\"og:image:height\" content=\"1000\" \/>\n\t<meta property=\"og:image:type\" content=\"image\/webp\" \/>\n<meta name=\"twitter:card\" content=\"summary_large_image\" \/>\n<meta name=\"twitter:label1\" content=\"Dur\u00e9e de lecture estim\u00e9e\" \/>\n\t<meta name=\"twitter:data1\" content=\"4 minutes\" \/>\n<script type=\"application\/ld+json\" class=\"yoast-schema-graph\">{\"@context\":\"https:\\\/\\\/schema.org\",\"@graph\":[{\"@type\":\"WebPage\",\"@id\":\"https:\\\/\\\/www.holy-supps.nl\\\/product\\\/zinc-and-magnesium-90-tabs-protein-works\\\/\",\"url\":\"https:\\\/\\\/www.holy-supps.nl\\\/product\\\/zinc-and-magnesium-90-tabs-protein-works\\\/\",\"name\":\"Zinc and Magnesium - 90 tabs - Protein Works - Holy-Supps.nl\",\"isPartOf\":{\"@id\":\"https:\\\/\\\/www.holy-supps.nl\\\/#website\"},\"primaryImageOfPage\":{\"@id\":\"https:\\\/\\\/www.holy-supps.nl\\\/product\\\/zinc-and-magnesium-90-tabs-protein-works\\\/#primaryimage\"},\"image\":{\"@id\":\"https:\\\/\\\/www.holy-supps.nl\\\/product\\\/zinc-and-magnesium-90-tabs-protein-works\\\/#primaryimage\"},\"thumbnailUrl\":\"https:\\\/\\\/www.holy-supps.nl\\\/wp-content\\\/uploads\\\/2023\\\/03\\\/zinc_magnesium_90_capsules.1.webp\",\"datePublished\":\"2023-03-24T14:15:02+00:00\",\"dateModified\":\"2026-01-08T12:23:07+00:00\",\"description\":\"Protein Works Zinc & Magnesium: 90 tabs voor verbeterde slaap, energie en testosteron. Verrijkt met B6 en koper voor extra cognitieve ondersteuning.\",\"breadcrumb\":{\"@id\":\"https:\\\/\\\/www.holy-supps.nl\\\/product\\\/zinc-and-magnesium-90-tabs-protein-works\\\/#breadcrumb\"},\"inLanguage\":\"fr-FR\",\"potentialAction\":[{\"@type\":\"ReadAction\",\"target\":[\"https:\\\/\\\/www.holy-supps.nl\\\/product\\\/zinc-and-magnesium-90-tabs-protein-works\\\/\"]}]},{\"@type\":\"ImageObject\",\"inLanguage\":\"fr-FR\",\"@id\":\"https:\\\/\\\/www.holy-supps.nl\\\/product\\\/zinc-and-magnesium-90-tabs-protein-works\\\/#primaryimage\",\"url\":\"https:\\\/\\\/www.holy-supps.nl\\\/wp-content\\\/uploads\\\/2023\\\/03\\\/zinc_magnesium_90_capsules.1.webp\",\"contentUrl\":\"https:\\\/\\\/www.holy-supps.nl\\\/wp-content\\\/uploads\\\/2023\\\/03\\\/zinc_magnesium_90_capsules.1.webp\",\"width\":1000,\"height\":1000},{\"@type\":\"BreadcrumbList\",\"@id\":\"https:\\\/\\\/www.holy-supps.nl\\\/product\\\/zinc-and-magnesium-90-tabs-protein-works\\\/#breadcrumb\",\"itemListElement\":[{\"@type\":\"ListItem\",\"position\":1,\"name\":\"Home\",\"item\":\"https:\\\/\\\/www.holy-supps.nl\\\/\"},{\"@type\":\"ListItem\",\"position\":2,\"name\":\"Winkel\",\"item\":\"https:\\\/\\\/www.holy-supps.nl\\\/winkel\\\/\"},{\"@type\":\"ListItem\",\"position\":3,\"name\":\"Zinc and Magnesium &#8211; 90 tabs &#8211; Protein Works\"}]},{\"@type\":\"WebSite\",\"@id\":\"https:\\\/\\\/www.holy-supps.nl\\\/#website\",\"url\":\"https:\\\/\\\/www.holy-supps.nl\\\/\",\"name\":\"Holy-Supps.nl\",\"description\":\"Official EHPLabs Reseller!\",\"publisher\":{\"@id\":\"https:\\\/\\\/www.holy-supps.nl\\\/#organization\"},\"potentialAction\":[{\"@type\":\"SearchAction\",\"target\":{\"@type\":\"EntryPoint\",\"urlTemplate\":\"https:\\\/\\\/www.holy-supps.nl\\\/?s={search_term_string}\"},\"query-input\":{\"@type\":\"PropertyValueSpecification\",\"valueRequired\":true,\"valueName\":\"search_term_string\"}}],\"inLanguage\":\"fr-FR\"},{\"@type\":\"Organization\",\"@id\":\"https:\\\/\\\/www.holy-supps.nl\\\/#organization\",\"name\":\"Holy Supps\",\"url\":\"https:\\\/\\\/www.holy-supps.nl\\\/\",\"logo\":{\"@type\":\"ImageObject\",\"inLanguage\":\"fr-FR\",\"@id\":\"https:\\\/\\\/www.holy-supps.nl\\\/#\\\/schema\\\/logo\\\/image\\\/\",\"url\":\"https:\\\/\\\/www.holy-supps.nl\\\/wp-content\\\/uploads\\\/2023\\\/06\\\/HOLY-SUPPS.png\",\"contentUrl\":\"https:\\\/\\\/www.holy-supps.nl\\\/wp-content\\\/uploads\\\/2023\\\/06\\\/HOLY-SUPPS.png\",\"width\":1000,\"height\":400,\"caption\":\"Holy Supps\"},\"image\":{\"@id\":\"https:\\\/\\\/www.holy-supps.nl\\\/#\\\/schema\\\/logo\\\/image\\\/\"},\"sameAs\":[\"https:\\\/\\\/www.facebook.com\\\/holy.supps\",\"https:\\\/\\\/www.instagram.com\\\/holy.supps.shop\\\/\"]}]}<\/script>\n<!-- \/ Yoast SEO plugin. -->","yoast_head_json":{"title":"Zinc et Magn\u00e9sium - 90 comprim\u00e9s - Protein Works - Holy-Supps.fr","description":"Protein Works Zinc &amp; Magnesium : 90 comprim\u00e9s pour am\u00e9liorer le sommeil, l'\u00e9nergie et la testost\u00e9rone. Enrichi de B6 et de cuivre pour un soutien cognitif suppl\u00e9mentaire.","robots":{"index":"index","follow":"follow","max-snippet":"max-snippet:-1","max-image-preview":"max-image-preview:large","max-video-preview":"max-video-preview:-1"},"canonical":"https:\/\/www.holy-supps.nl\/fr\/produit\/zinc-et-magnesium-90-tabs-protein-works\/","og_locale":"fr_FR","og_type":"article","og_title":"Zinc and Magnesium - 90 tabs - Protein Works - Holy-Supps.nl","og_description":"Protein Works Zinc & Magnesium: 90 tabs voor verbeterde slaap, energie en testosteron. Verrijkt met B6 en koper voor extra cognitieve ondersteuning.","og_url":"https:\/\/www.holy-supps.nl\/fr\/produit\/zinc-et-magnesium-90-tabs-protein-works\/","og_site_name":"Holy-Supps.nl","article_publisher":"https:\/\/www.facebook.com\/holy.supps","article_modified_time":"2026-01-08T12:23:07+00:00","og_image":[{"width":1000,"height":1000,"url":"https:\/\/www.holy-supps.nl\/wp-content\/uploads\/2023\/03\/zinc_magnesium_90_capsules.1.webp","type":"image\/webp"}],"twitter_card":"summary_large_image","twitter_misc":{"Dur\u00e9e de lecture estim\u00e9e":"4 minutes"},"schema":{"@context":"https:\/\/schema.org","@graph":[{"@type":"WebPage","@id":"https:\/\/www.holy-supps.nl\/product\/zinc-and-magnesium-90-tabs-protein-works\/","url":"https:\/\/www.holy-supps.nl\/product\/zinc-and-magnesium-90-tabs-protein-works\/","name":"Zinc et Magn\u00e9sium - 90 comprim\u00e9s - Protein Works - Holy-Supps.fr","isPartOf":{"@id":"https:\/\/www.holy-supps.nl\/#website"},"primaryImageOfPage":{"@id":"https:\/\/www.holy-supps.nl\/product\/zinc-and-magnesium-90-tabs-protein-works\/#primaryimage"},"image":{"@id":"https:\/\/www.holy-supps.nl\/product\/zinc-and-magnesium-90-tabs-protein-works\/#primaryimage"},"thumbnailUrl":"https:\/\/www.holy-supps.nl\/wp-content\/uploads\/2023\/03\/zinc_magnesium_90_capsules.1.webp","datePublished":"2023-03-24T14:15:02+00:00","dateModified":"2026-01-08T12:23:07+00:00","description":"Protein Works Zinc &amp; Magnesium : 90 comprim\u00e9s pour am\u00e9liorer le sommeil, l'\u00e9nergie et la testost\u00e9rone. Enrichi de B6 et de cuivre pour un soutien cognitif suppl\u00e9mentaire.","breadcrumb":{"@id":"https:\/\/www.holy-supps.nl\/product\/zinc-and-magnesium-90-tabs-protein-works\/#breadcrumb"},"inLanguage":"fr-FR","potentialAction":[{"@type":"ReadAction","target":["https:\/\/www.holy-supps.nl\/product\/zinc-and-magnesium-90-tabs-protein-works\/"]}]},{"@type":"ImageObject","inLanguage":"fr-FR","@id":"https:\/\/www.holy-supps.nl\/product\/zinc-and-magnesium-90-tabs-protein-works\/#primaryimage","url":"https:\/\/www.holy-supps.nl\/wp-content\/uploads\/2023\/03\/zinc_magnesium_90_capsules.1.webp","contentUrl":"https:\/\/www.holy-supps.nl\/wp-content\/uploads\/2023\/03\/zinc_magnesium_90_capsules.1.webp","width":1000,"height":1000},{"@type":"BreadcrumbList","@id":"https:\/\/www.holy-supps.nl\/product\/zinc-and-magnesium-90-tabs-protein-works\/#breadcrumb","itemListElement":[{"@type":"ListItem","position":1,"name":"Home","item":"https:\/\/www.holy-supps.nl\/"},{"@type":"ListItem","position":2,"name":"Winkel","item":"https:\/\/www.holy-supps.nl\/winkel\/"},{"@type":"ListItem","position":3,"name":"Zinc and Magnesium &#8211; 90 tabs &#8211; Protein Works"}]},{"@type":"WebSite","@id":"https:\/\/www.holy-supps.nl\/#website","url":"https:\/\/www.holy-supps.nl\/","name":"Holy-Supps.co.uk","description":"Revendeur officiel EHPLabs !","publisher":{"@id":"https:\/\/www.holy-supps.nl\/#organization"},"potentialAction":[{"@type":"SearchAction","target":{"@type":"EntryPoint","urlTemplate":"https:\/\/www.holy-supps.nl\/?s={search_term_string}"},"query-input":{"@type":"PropertyValueSpecification","valueRequired":true,"valueName":"search_term_string"}}],"inLanguage":"fr-FR"},{"@type":"Organization","@id":"https:\/\/www.holy-supps.nl\/#organization","name":"Les Saints Souvenirs","url":"https:\/\/www.holy-supps.nl\/","logo":{"@type":"ImageObject","inLanguage":"fr-FR","@id":"https:\/\/www.holy-supps.nl\/#\/schema\/logo\/image\/","url":"https:\/\/www.holy-supps.nl\/wp-content\/uploads\/2023\/06\/HOLY-SUPPS.png","contentUrl":"https:\/\/www.holy-supps.nl\/wp-content\/uploads\/2023\/06\/HOLY-SUPPS.png","width":1000,"height":400,"caption":"Holy Supps"},"image":{"@id":"https:\/\/www.holy-supps.nl\/#\/schema\/logo\/image\/"},"sameAs":["https:\/\/www.facebook.com\/holy.supps","https:\/\/www.instagram.com\/holy.supps.shop\/"]}]}},"jetpack_sharing_enabled":true,"_links":{"self":[{"href":"https:\/\/www.holy-supps.nl\/fr\/wp-json\/wp\/v2\/product\/594","targetHints":{"allow":["GET"]}}],"collection":[{"href":"https:\/\/www.holy-supps.nl\/fr\/wp-json\/wp\/v2\/product"}],"about":[{"href":"https:\/\/www.holy-supps.nl\/fr\/wp-json\/wp\/v2\/types\/product"}],"replies":[{"embeddable":true,"href":"https:\/\/www.holy-supps.nl\/fr\/wp-json\/wp\/v2\/comments?post=594"}],"wp:featuredmedia":[{"embeddable":true,"href":"https:\/\/www.holy-supps.nl\/fr\/wp-json\/wp\/v2\/media\/597"}],"wp:attachment":[{"href":"https:\/\/www.holy-supps.nl\/fr\/wp-json\/wp\/v2\/media?parent=594"}],"wp:term":[{"taxonomy":"product_brand","embeddable":true,"href":"https:\/\/www.holy-supps.nl\/fr\/wp-json\/wp\/v2\/product_brand?post=594"},{"taxonomy":"product_cat","embeddable":true,"href":"https:\/\/www.holy-supps.nl\/fr\/wp-json\/wp\/v2\/product_cat?post=594"},{"taxonomy":"product_tag","embeddable":true,"href":"https:\/\/www.holy-supps.nl\/fr\/wp-json\/wp\/v2\/product_tag?post=594"}],"curies":[{"name":"wp","href":"https:\/\/api.w.org\/{rel}","templated":true}]}}