{"id":577,"date":"2023-03-24T14:47:19","date_gmt":"2023-03-24T13:47:19","guid":{"rendered":"https:\/\/www.holy-supps.nl\/?post_type=product&#038;p=577"},"modified":"2025-10-27T11:16:28","modified_gmt":"2025-10-27T10:16:28","slug":"seules-les-proteines-de-cacahuetes-fonctionnent","status":"publish","type":"product","link":"https:\/\/www.holy-supps.nl\/fr\/product\/only-peanuts-protein-works\/","title":{"rendered":"Seulement des cacahu\u00e8tes - Protein Works - 500GR"},"content":{"rendered":"<h2>Description<\/h2>\n<p>The Protein Works <strong>Beurre de cacahu\u00e8te<\/strong> est un beurre de cacahu\u00e8te naturel fabriqu\u00e9 \u00e0 partir de cacahu\u00e8tes 100%.<br \/>\nLe produit ne contient pas de sucres, de sels ou d'huile de palme ajout\u00e9s, et est torr\u00e9fi\u00e9 et moulu de mani\u00e8re traditionnelle.<br \/>\nCe beurre de cacahu\u00e8te a une saveur riche et convient comme p\u00e2te \u00e0 tartiner dans les sandwichs, comme ingr\u00e9dient dans les milk-shakes ou comme compl\u00e9ment dans les recettes de p\u00e2tisserie.<\/p>\n<h2>Avantages<\/h2>\n<ul>\n<li>Fabriqu\u00e9 \u00e0 partir de cacahu\u00e8tes 100%<\/li>\n<li>Sans sucres, sels ou huile de palme ajout\u00e9s<\/li>\n<li>Disponible en vari\u00e9t\u00e9s lisse et croquante<\/li>\n<li>Utilisation polyvalente dans les aliments et les recettes<\/li>\n<li>Source naturelle de prot\u00e9ines et de fibres<\/li>\n<\/ul>\n<h2>Mode d'emploi<\/h2>\n<p>Utilisez le beurre d'arachide The Protein Works comme p\u00e2te \u00e0 tartiner pour les sandwichs, incorporez-le aux flocons d'avoine ou ajoutez-le aux boissons fouett\u00e9es et aux recettes de p\u00e2tisserie.<br \/>\nConserver dans un endroit frais et sec et remuer si n\u00e9cessaire avant utilisation, car les huiles naturelles peuvent se s\u00e9parer.<\/p>","protected":false},"excerpt":{"rendered":"<p>Le beurre de cacahu\u00e8te de Protein Works est un beurre de cacahu\u00e8te naturel 100%, sans sucres, sels ou huile de palme ajout\u00e9s.<br \/>\nDisponible en version lisse et croquante, id\u00e9al comme garniture ou comme ingr\u00e9dient dans diverses recettes.<br \/>\nUn choix pur et polyvalent pour les amateurs de beurre de cacahu\u00e8te.<\/p>","protected":false},"featured_media":582,"comment_status":"open","ping_status":"closed","template":"","meta":[],"product_brand":[],"product_cat":[93,15,71,73,78],"product_tag":[],"class_list":{"0":"post-577","1":"product","2":"type-product","3":"status-publish","4":"has-post-thumbnail","6":"product_cat-bars-snacks","7":"product_cat-geen-categorie","8":"product_cat-merken","9":"product_cat-protein-works","10":"product_cat-voeding-snacks","12":"first","13":"outofstock","14":"sale","15":"taxable","16":"shipping-taxable","17":"purchasable","18":"product-type-variable"},"yoast_head":"<!-- This site is optimized with the Yoast SEO plugin v27.5 - https:\/\/yoast.com\/product\/yoast-seo-wordpress\/ -->\n<title>Only Peanuts - Protein Works - 500GR - Holy-Supps.nl<\/title>\n<meta name=\"description\" content=\"Geniet van 100% natuurlijke pindakaas met 27g eiwit per 100g. Vegan, glutenvrij en zonder toevoegingen. Perfect voor elke fitnessliefhebber!\" \/>\n<meta name=\"robots\" content=\"index, follow, max-snippet:-1, max-image-preview:large, max-video-preview:-1\" \/>\n<link rel=\"canonical\" href=\"https:\/\/www.holy-supps.nl\/fr\/produit\/seules-les-proteines-de-cacahuetes-fonctionnent\/\" \/>\n<meta property=\"og:locale\" content=\"fr_FR\" \/>\n<meta property=\"og:type\" content=\"article\" \/>\n<meta property=\"og:title\" content=\"Only Peanuts - Protein Works - 500GR - Holy-Supps.nl\" \/>\n<meta property=\"og:description\" content=\"Geniet van 100% natuurlijke pindakaas met 27g eiwit per 100g. Vegan, glutenvrij en zonder toevoegingen. Perfect voor elke fitnessliefhebber!\" \/>\n<meta property=\"og:url\" content=\"https:\/\/www.holy-supps.nl\/fr\/produit\/seules-les-proteines-de-cacahuetes-fonctionnent\/\" \/>\n<meta property=\"og:site_name\" content=\"Holy-Supps.nl\" \/>\n<meta property=\"article:publisher\" content=\"https:\/\/www.facebook.com\/holy.supps\" \/>\n<meta property=\"article:modified_time\" content=\"2025-10-27T10:16:28+00:00\" \/>\n<meta property=\"og:image\" content=\"https:\/\/www.holy-supps.nl\/wp-content\/uploads\/2023\/03\/peanut_butter_smooth_pdp_1.webp\" \/>\n\t<meta property=\"og:image:width\" content=\"1000\" \/>\n\t<meta property=\"og:image:height\" content=\"1000\" \/>\n\t<meta property=\"og:image:type\" content=\"image\/webp\" \/>\n<meta name=\"twitter:card\" content=\"summary_large_image\" \/>\n<meta name=\"twitter:label1\" content=\"Dur\u00e9e de lecture estim\u00e9e\" \/>\n\t<meta name=\"twitter:data1\" content=\"3 minutes\" \/>\n<script type=\"application\/ld+json\" class=\"yoast-schema-graph\">{\"@context\":\"https:\\\/\\\/schema.org\",\"@graph\":[{\"@type\":\"WebPage\",\"@id\":\"https:\\\/\\\/www.holy-supps.nl\\\/product\\\/only-peanuts-protein-works\\\/\",\"url\":\"https:\\\/\\\/www.holy-supps.nl\\\/product\\\/only-peanuts-protein-works\\\/\",\"name\":\"Only Peanuts - Protein Works - 500GR - Holy-Supps.nl\",\"isPartOf\":{\"@id\":\"https:\\\/\\\/www.holy-supps.nl\\\/#website\"},\"primaryImageOfPage\":{\"@id\":\"https:\\\/\\\/www.holy-supps.nl\\\/product\\\/only-peanuts-protein-works\\\/#primaryimage\"},\"image\":{\"@id\":\"https:\\\/\\\/www.holy-supps.nl\\\/product\\\/only-peanuts-protein-works\\\/#primaryimage\"},\"thumbnailUrl\":\"https:\\\/\\\/www.holy-supps.nl\\\/wp-content\\\/uploads\\\/2023\\\/03\\\/peanut_butter_smooth_pdp_1.webp\",\"datePublished\":\"2023-03-24T13:47:19+00:00\",\"dateModified\":\"2025-10-27T10:16:28+00:00\",\"description\":\"Geniet van 100% natuurlijke pindakaas met 27g eiwit per 100g. Vegan, glutenvrij en zonder toevoegingen. Perfect voor elke fitnessliefhebber!\",\"breadcrumb\":{\"@id\":\"https:\\\/\\\/www.holy-supps.nl\\\/product\\\/only-peanuts-protein-works\\\/#breadcrumb\"},\"inLanguage\":\"fr-FR\",\"potentialAction\":[{\"@type\":\"ReadAction\",\"target\":[\"https:\\\/\\\/www.holy-supps.nl\\\/product\\\/only-peanuts-protein-works\\\/\"]}]},{\"@type\":\"ImageObject\",\"inLanguage\":\"fr-FR\",\"@id\":\"https:\\\/\\\/www.holy-supps.nl\\\/product\\\/only-peanuts-protein-works\\\/#primaryimage\",\"url\":\"https:\\\/\\\/www.holy-supps.nl\\\/wp-content\\\/uploads\\\/2023\\\/03\\\/peanut_butter_smooth_pdp_1.webp\",\"contentUrl\":\"https:\\\/\\\/www.holy-supps.nl\\\/wp-content\\\/uploads\\\/2023\\\/03\\\/peanut_butter_smooth_pdp_1.webp\",\"width\":1000,\"height\":1000},{\"@type\":\"BreadcrumbList\",\"@id\":\"https:\\\/\\\/www.holy-supps.nl\\\/product\\\/only-peanuts-protein-works\\\/#breadcrumb\",\"itemListElement\":[{\"@type\":\"ListItem\",\"position\":1,\"name\":\"Home\",\"item\":\"https:\\\/\\\/www.holy-supps.nl\\\/\"},{\"@type\":\"ListItem\",\"position\":2,\"name\":\"Winkel\",\"item\":\"https:\\\/\\\/www.holy-supps.nl\\\/winkel\\\/\"},{\"@type\":\"ListItem\",\"position\":3,\"name\":\"Only Peanuts &#8211; Protein Works &#8211; 500GR\"}]},{\"@type\":\"WebSite\",\"@id\":\"https:\\\/\\\/www.holy-supps.nl\\\/#website\",\"url\":\"https:\\\/\\\/www.holy-supps.nl\\\/\",\"name\":\"Holy-Supps.nl\",\"description\":\"Official EHPLabs Reseller!\",\"publisher\":{\"@id\":\"https:\\\/\\\/www.holy-supps.nl\\\/#organization\"},\"potentialAction\":[{\"@type\":\"SearchAction\",\"target\":{\"@type\":\"EntryPoint\",\"urlTemplate\":\"https:\\\/\\\/www.holy-supps.nl\\\/?s={search_term_string}\"},\"query-input\":{\"@type\":\"PropertyValueSpecification\",\"valueRequired\":true,\"valueName\":\"search_term_string\"}}],\"inLanguage\":\"fr-FR\"},{\"@type\":\"Organization\",\"@id\":\"https:\\\/\\\/www.holy-supps.nl\\\/#organization\",\"name\":\"Holy Supps\",\"url\":\"https:\\\/\\\/www.holy-supps.nl\\\/\",\"logo\":{\"@type\":\"ImageObject\",\"inLanguage\":\"fr-FR\",\"@id\":\"https:\\\/\\\/www.holy-supps.nl\\\/#\\\/schema\\\/logo\\\/image\\\/\",\"url\":\"https:\\\/\\\/www.holy-supps.nl\\\/wp-content\\\/uploads\\\/2023\\\/06\\\/HOLY-SUPPS.png\",\"contentUrl\":\"https:\\\/\\\/www.holy-supps.nl\\\/wp-content\\\/uploads\\\/2023\\\/06\\\/HOLY-SUPPS.png\",\"width\":1000,\"height\":400,\"caption\":\"Holy Supps\"},\"image\":{\"@id\":\"https:\\\/\\\/www.holy-supps.nl\\\/#\\\/schema\\\/logo\\\/image\\\/\"},\"sameAs\":[\"https:\\\/\\\/www.facebook.com\\\/holy.supps\",\"https:\\\/\\\/www.instagram.com\\\/holy.supps.shop\\\/\"]}]}<\/script>\n<!-- \/ Yoast SEO plugin. -->","yoast_head_json":{"title":"Only Peanuts - Protein Works - 500GR - Holy-Supps.fr","description":"Savourez le beurre de cacahu\u00e8te naturel 100% avec 27 g de prot\u00e9ines par 100 g. V\u00e9g\u00e9talien, sans gluten et sans additifs. Parfait pour tout amateur de fitness !","robots":{"index":"index","follow":"follow","max-snippet":"max-snippet:-1","max-image-preview":"max-image-preview:large","max-video-preview":"max-video-preview:-1"},"canonical":"https:\/\/www.holy-supps.nl\/fr\/produit\/seules-les-proteines-de-cacahuetes-fonctionnent\/","og_locale":"fr_FR","og_type":"article","og_title":"Only Peanuts - Protein Works - 500GR - Holy-Supps.nl","og_description":"Geniet van 100% natuurlijke pindakaas met 27g eiwit per 100g. Vegan, glutenvrij en zonder toevoegingen. Perfect voor elke fitnessliefhebber!","og_url":"https:\/\/www.holy-supps.nl\/fr\/produit\/seules-les-proteines-de-cacahuetes-fonctionnent\/","og_site_name":"Holy-Supps.nl","article_publisher":"https:\/\/www.facebook.com\/holy.supps","article_modified_time":"2025-10-27T10:16:28+00:00","og_image":[{"width":1000,"height":1000,"url":"https:\/\/www.holy-supps.nl\/wp-content\/uploads\/2023\/03\/peanut_butter_smooth_pdp_1.webp","type":"image\/webp"}],"twitter_card":"summary_large_image","twitter_misc":{"Dur\u00e9e de lecture estim\u00e9e":"3 minutes"},"schema":{"@context":"https:\/\/schema.org","@graph":[{"@type":"WebPage","@id":"https:\/\/www.holy-supps.nl\/product\/only-peanuts-protein-works\/","url":"https:\/\/www.holy-supps.nl\/product\/only-peanuts-protein-works\/","name":"Only Peanuts - Protein Works - 500GR - Holy-Supps.fr","isPartOf":{"@id":"https:\/\/www.holy-supps.nl\/#website"},"primaryImageOfPage":{"@id":"https:\/\/www.holy-supps.nl\/product\/only-peanuts-protein-works\/#primaryimage"},"image":{"@id":"https:\/\/www.holy-supps.nl\/product\/only-peanuts-protein-works\/#primaryimage"},"thumbnailUrl":"https:\/\/www.holy-supps.nl\/wp-content\/uploads\/2023\/03\/peanut_butter_smooth_pdp_1.webp","datePublished":"2023-03-24T13:47:19+00:00","dateModified":"2025-10-27T10:16:28+00:00","description":"Savourez le beurre de cacahu\u00e8te naturel 100% avec 27 g de prot\u00e9ines par 100 g. V\u00e9g\u00e9talien, sans gluten et sans additifs. Parfait pour tout amateur de fitness !","breadcrumb":{"@id":"https:\/\/www.holy-supps.nl\/product\/only-peanuts-protein-works\/#breadcrumb"},"inLanguage":"fr-FR","potentialAction":[{"@type":"ReadAction","target":["https:\/\/www.holy-supps.nl\/product\/only-peanuts-protein-works\/"]}]},{"@type":"ImageObject","inLanguage":"fr-FR","@id":"https:\/\/www.holy-supps.nl\/product\/only-peanuts-protein-works\/#primaryimage","url":"https:\/\/www.holy-supps.nl\/wp-content\/uploads\/2023\/03\/peanut_butter_smooth_pdp_1.webp","contentUrl":"https:\/\/www.holy-supps.nl\/wp-content\/uploads\/2023\/03\/peanut_butter_smooth_pdp_1.webp","width":1000,"height":1000},{"@type":"BreadcrumbList","@id":"https:\/\/www.holy-supps.nl\/product\/only-peanuts-protein-works\/#breadcrumb","itemListElement":[{"@type":"ListItem","position":1,"name":"Home","item":"https:\/\/www.holy-supps.nl\/"},{"@type":"ListItem","position":2,"name":"Winkel","item":"https:\/\/www.holy-supps.nl\/winkel\/"},{"@type":"ListItem","position":3,"name":"Only Peanuts &#8211; Protein Works &#8211; 500GR"}]},{"@type":"WebSite","@id":"https:\/\/www.holy-supps.nl\/#website","url":"https:\/\/www.holy-supps.nl\/","name":"Holy-Supps.co.uk","description":"Revendeur officiel EHPLabs !","publisher":{"@id":"https:\/\/www.holy-supps.nl\/#organization"},"potentialAction":[{"@type":"SearchAction","target":{"@type":"EntryPoint","urlTemplate":"https:\/\/www.holy-supps.nl\/?s={search_term_string}"},"query-input":{"@type":"PropertyValueSpecification","valueRequired":true,"valueName":"search_term_string"}}],"inLanguage":"fr-FR"},{"@type":"Organization","@id":"https:\/\/www.holy-supps.nl\/#organization","name":"Les Saints Souvenirs","url":"https:\/\/www.holy-supps.nl\/","logo":{"@type":"ImageObject","inLanguage":"fr-FR","@id":"https:\/\/www.holy-supps.nl\/#\/schema\/logo\/image\/","url":"https:\/\/www.holy-supps.nl\/wp-content\/uploads\/2023\/06\/HOLY-SUPPS.png","contentUrl":"https:\/\/www.holy-supps.nl\/wp-content\/uploads\/2023\/06\/HOLY-SUPPS.png","width":1000,"height":400,"caption":"Holy Supps"},"image":{"@id":"https:\/\/www.holy-supps.nl\/#\/schema\/logo\/image\/"},"sameAs":["https:\/\/www.facebook.com\/holy.supps","https:\/\/www.instagram.com\/holy.supps.shop\/"]}]}},"jetpack_sharing_enabled":true,"_links":{"self":[{"href":"https:\/\/www.holy-supps.nl\/fr\/wp-json\/wp\/v2\/product\/577","targetHints":{"allow":["GET"]}}],"collection":[{"href":"https:\/\/www.holy-supps.nl\/fr\/wp-json\/wp\/v2\/product"}],"about":[{"href":"https:\/\/www.holy-supps.nl\/fr\/wp-json\/wp\/v2\/types\/product"}],"replies":[{"embeddable":true,"href":"https:\/\/www.holy-supps.nl\/fr\/wp-json\/wp\/v2\/comments?post=577"}],"wp:featuredmedia":[{"embeddable":true,"href":"https:\/\/www.holy-supps.nl\/fr\/wp-json\/wp\/v2\/media\/582"}],"wp:attachment":[{"href":"https:\/\/www.holy-supps.nl\/fr\/wp-json\/wp\/v2\/media?parent=577"}],"wp:term":[{"taxonomy":"product_brand","embeddable":true,"href":"https:\/\/www.holy-supps.nl\/fr\/wp-json\/wp\/v2\/product_brand?post=577"},{"taxonomy":"product_cat","embeddable":true,"href":"https:\/\/www.holy-supps.nl\/fr\/wp-json\/wp\/v2\/product_cat?post=577"},{"taxonomy":"product_tag","embeddable":true,"href":"https:\/\/www.holy-supps.nl\/fr\/wp-json\/wp\/v2\/product_tag?post=577"}],"curies":[{"name":"wp","href":"https:\/\/api.w.org\/{rel}","templated":true}]}}