{"id":523,"date":"2023-03-15T11:40:24","date_gmt":"2023-03-15T10:40:24","guid":{"rendered":"https:\/\/www.holy-supps.nl\/?post_type=product&#038;p=523"},"modified":"2026-03-12T11:49:10","modified_gmt":"2026-03-12T10:49:10","slug":"la-proteine-de-prise-de-masse-vegetalienne-fonctionne","status":"publish","type":"product","link":"https:\/\/www.holy-supps.nl\/fr\/product\/vegan-mass-gainer-protein-works-2kg\/","title":{"rendered":"Vegan Mass Gainer - Protein Works - 2KG"},"content":{"rendered":"<h2>Description<\/h2>\n<p>Vegan Mass Gainer de The Protein Works est un suppl\u00e9ment en poudre enti\u00e8rement v\u00e9g\u00e9tal qui combine prot\u00e9ines et hydrates de carbone.<br \/>\nLe produit est con\u00e7u pour tous ceux qui souhaitent ajouter facilement des nutriments suppl\u00e9mentaires \u00e0 leur alimentation quotidienne.<br \/>\nDisponible en plusieurs saveurs et facile \u00e0 m\u00e9langer avec de l'eau ou du lait v\u00e9g\u00e9tal.<\/p>\n<h2>Avantages<\/h2>\n<ul>\n<li>100% poudre v\u00e9g\u00e9tale de prise de masse<\/li>\n<li>Contient une combinaison de prot\u00e9ines et d'hydrates de carbone<\/li>\n<li>Convient aux v\u00e9g\u00e9taliens et aux v\u00e9g\u00e9tariens<\/li>\n<li>Disponible en plusieurs saveurs<\/li>\n<li>Facile \u00e0 pr\u00e9parer avec de l'eau ou du lait v\u00e9g\u00e9tal<\/li>\n<\/ul>\n<h2>Mode d'emploi<\/h2>\n<p>M\u00e9langer une portion de Vegan Mass Gainer avec 400-500ml d'eau ou de lait v\u00e9g\u00e9tal.<br \/>\nBien agiter ou passer au mixeur jusqu'\u00e0 ce que la poudre soit compl\u00e8tement dissoute.<br \/>\nA utiliser selon les besoins pour compl\u00e9ter le r\u00e9gime alimentaire quotidien.<br \/>\nLes compl\u00e9ments alimentaires ne peuvent se substituer \u00e0 un r\u00e9gime alimentaire vari\u00e9 et \u00e9quilibr\u00e9 ou \u00e0 un mode de vie sain.<\/p>","protected":false},"excerpt":{"rendered":"<p>Vegan Mass Gainer de The Protein Works est un suppl\u00e9ment en poudre \u00e0 base de plantes avec une combinaison de prot\u00e9ines et d'hydrates de carbone. D\u00e9velopp\u00e9 pour ceux qui souhaitent ajouter des calories suppl\u00e9mentaires \u00e0 leur r\u00e9gime alimentaire. Disponible en diff\u00e9rentes saveurs et facile \u00e0 pr\u00e9parer avec de l'eau ou du lait v\u00e9g\u00e9tal.<\/p>","protected":false},"featured_media":524,"comment_status":"open","ping_status":"closed","template":"","meta":[],"product_brand":[],"product_cat":[86,77,80,73],"product_tag":[],"class_list":{"0":"post-523","1":"product","2":"type-product","3":"status-publish","4":"has-post-thumbnail","6":"product_cat-aankomen","7":"product_cat-bundles-save","8":"product_cat-doel","9":"product_cat-protein-works","11":"first","12":"outofstock","13":"sale","14":"taxable","15":"shipping-taxable","16":"purchasable","17":"product-type-variable"},"yoast_head":"<!-- This site is optimized with the Yoast SEO plugin v27.4 - https:\/\/yoast.com\/product\/yoast-seo-wordpress\/ -->\n<title>Vegan Mass Gainer - Protein Works - 2KG - Holy-Supps.nl<\/title>\n<meta name=\"robots\" content=\"index, follow, max-snippet:-1, max-image-preview:large, max-video-preview:-1\" \/>\n<link rel=\"canonical\" href=\"https:\/\/www.holy-supps.nl\/fr\/produit\/la-proteine-de-prise-de-masse-vegetalienne-fonctionne\/\" \/>\n<meta property=\"og:locale\" content=\"fr_FR\" \/>\n<meta property=\"og:type\" content=\"article\" \/>\n<meta property=\"og:title\" content=\"Vegan Mass Gainer - Protein Works - 2KG - Holy-Supps.nl\" \/>\n<meta property=\"og:description\" content=\"Vegan Mass Gainer van The Protein Works is een plantaardig poedersupplement met een combinatie van eiwitten en koolhydraten. Ontwikkeld voor wie extra calorie\u00ebn aan het voedingspatroon wil toevoegen. Verkrijgbaar in diverse smaken en eenvoudig te bereiden met water of plantaardige melk.\" \/>\n<meta property=\"og:url\" content=\"https:\/\/www.holy-supps.nl\/fr\/produit\/la-proteine-de-prise-de-masse-vegetalienne-fonctionne\/\" \/>\n<meta property=\"og:site_name\" content=\"Holy-Supps.nl\" \/>\n<meta property=\"article:publisher\" content=\"https:\/\/www.facebook.com\/holy.supps\" \/>\n<meta property=\"article:modified_time\" content=\"2026-03-12T10:49:10+00:00\" \/>\n<meta property=\"og:image\" content=\"https:\/\/www.holy-supps.nl\/wp-content\/uploads\/2023\/03\/Vegan_Mass_Gainer-1kg_Front_1.webp\" \/>\n\t<meta property=\"og:image:width\" content=\"1000\" \/>\n\t<meta property=\"og:image:height\" content=\"1000\" \/>\n\t<meta property=\"og:image:type\" content=\"image\/webp\" \/>\n<meta name=\"twitter:card\" content=\"summary_large_image\" \/>\n<meta name=\"twitter:label1\" content=\"Dur\u00e9e de lecture estim\u00e9e\" \/>\n\t<meta name=\"twitter:data1\" content=\"4 minutes\" \/>\n<script type=\"application\/ld+json\" class=\"yoast-schema-graph\">{\"@context\":\"https:\\\/\\\/schema.org\",\"@graph\":[{\"@type\":\"WebPage\",\"@id\":\"https:\\\/\\\/www.holy-supps.nl\\\/product\\\/vegan-mass-gainer-protein-works-2kg\\\/\",\"url\":\"https:\\\/\\\/www.holy-supps.nl\\\/product\\\/vegan-mass-gainer-protein-works-2kg\\\/\",\"name\":\"Vegan Mass Gainer - Protein Works - 2KG - Holy-Supps.nl\",\"isPartOf\":{\"@id\":\"https:\\\/\\\/www.holy-supps.nl\\\/#website\"},\"primaryImageOfPage\":{\"@id\":\"https:\\\/\\\/www.holy-supps.nl\\\/product\\\/vegan-mass-gainer-protein-works-2kg\\\/#primaryimage\"},\"image\":{\"@id\":\"https:\\\/\\\/www.holy-supps.nl\\\/product\\\/vegan-mass-gainer-protein-works-2kg\\\/#primaryimage\"},\"thumbnailUrl\":\"https:\\\/\\\/www.holy-supps.nl\\\/wp-content\\\/uploads\\\/2023\\\/03\\\/Vegan_Mass_Gainer-1kg_Front_1.webp\",\"datePublished\":\"2023-03-15T10:40:24+00:00\",\"dateModified\":\"2026-03-12T10:49:10+00:00\",\"breadcrumb\":{\"@id\":\"https:\\\/\\\/www.holy-supps.nl\\\/product\\\/vegan-mass-gainer-protein-works-2kg\\\/#breadcrumb\"},\"inLanguage\":\"fr-FR\",\"potentialAction\":[{\"@type\":\"ReadAction\",\"target\":[\"https:\\\/\\\/www.holy-supps.nl\\\/product\\\/vegan-mass-gainer-protein-works-2kg\\\/\"]}]},{\"@type\":\"ImageObject\",\"inLanguage\":\"fr-FR\",\"@id\":\"https:\\\/\\\/www.holy-supps.nl\\\/product\\\/vegan-mass-gainer-protein-works-2kg\\\/#primaryimage\",\"url\":\"https:\\\/\\\/www.holy-supps.nl\\\/wp-content\\\/uploads\\\/2023\\\/03\\\/Vegan_Mass_Gainer-1kg_Front_1.webp\",\"contentUrl\":\"https:\\\/\\\/www.holy-supps.nl\\\/wp-content\\\/uploads\\\/2023\\\/03\\\/Vegan_Mass_Gainer-1kg_Front_1.webp\",\"width\":1000,\"height\":1000},{\"@type\":\"BreadcrumbList\",\"@id\":\"https:\\\/\\\/www.holy-supps.nl\\\/product\\\/vegan-mass-gainer-protein-works-2kg\\\/#breadcrumb\",\"itemListElement\":[{\"@type\":\"ListItem\",\"position\":1,\"name\":\"Home\",\"item\":\"https:\\\/\\\/www.holy-supps.nl\\\/\"},{\"@type\":\"ListItem\",\"position\":2,\"name\":\"Winkel\",\"item\":\"https:\\\/\\\/www.holy-supps.nl\\\/winkel\\\/\"},{\"@type\":\"ListItem\",\"position\":3,\"name\":\"Vegan Mass Gainer &#8211; Protein Works &#8211; 2KG\"}]},{\"@type\":\"WebSite\",\"@id\":\"https:\\\/\\\/www.holy-supps.nl\\\/#website\",\"url\":\"https:\\\/\\\/www.holy-supps.nl\\\/\",\"name\":\"Holy-Supps.nl\",\"description\":\"Official EHPLabs Reseller!\",\"publisher\":{\"@id\":\"https:\\\/\\\/www.holy-supps.nl\\\/#organization\"},\"potentialAction\":[{\"@type\":\"SearchAction\",\"target\":{\"@type\":\"EntryPoint\",\"urlTemplate\":\"https:\\\/\\\/www.holy-supps.nl\\\/?s={search_term_string}\"},\"query-input\":{\"@type\":\"PropertyValueSpecification\",\"valueRequired\":true,\"valueName\":\"search_term_string\"}}],\"inLanguage\":\"fr-FR\"},{\"@type\":\"Organization\",\"@id\":\"https:\\\/\\\/www.holy-supps.nl\\\/#organization\",\"name\":\"Holy Supps\",\"url\":\"https:\\\/\\\/www.holy-supps.nl\\\/\",\"logo\":{\"@type\":\"ImageObject\",\"inLanguage\":\"fr-FR\",\"@id\":\"https:\\\/\\\/www.holy-supps.nl\\\/#\\\/schema\\\/logo\\\/image\\\/\",\"url\":\"https:\\\/\\\/www.holy-supps.nl\\\/wp-content\\\/uploads\\\/2023\\\/06\\\/HOLY-SUPPS.png\",\"contentUrl\":\"https:\\\/\\\/www.holy-supps.nl\\\/wp-content\\\/uploads\\\/2023\\\/06\\\/HOLY-SUPPS.png\",\"width\":1000,\"height\":400,\"caption\":\"Holy Supps\"},\"image\":{\"@id\":\"https:\\\/\\\/www.holy-supps.nl\\\/#\\\/schema\\\/logo\\\/image\\\/\"},\"sameAs\":[\"https:\\\/\\\/www.facebook.com\\\/holy.supps\",\"https:\\\/\\\/www.instagram.com\\\/holy.supps.shop\\\/\"]}]}<\/script>\n<!-- \/ Yoast SEO plugin. -->","yoast_head_json":{"title":"Vegan Mass Gainer - Protein Works - 2KG - Holy-Supps.fr","robots":{"index":"index","follow":"follow","max-snippet":"max-snippet:-1","max-image-preview":"max-image-preview:large","max-video-preview":"max-video-preview:-1"},"canonical":"https:\/\/www.holy-supps.nl\/fr\/produit\/la-proteine-de-prise-de-masse-vegetalienne-fonctionne\/","og_locale":"fr_FR","og_type":"article","og_title":"Vegan Mass Gainer - Protein Works - 2KG - Holy-Supps.nl","og_description":"Vegan Mass Gainer van The Protein Works is een plantaardig poedersupplement met een combinatie van eiwitten en koolhydraten. Ontwikkeld voor wie extra calorie\u00ebn aan het voedingspatroon wil toevoegen. Verkrijgbaar in diverse smaken en eenvoudig te bereiden met water of plantaardige melk.","og_url":"https:\/\/www.holy-supps.nl\/fr\/produit\/la-proteine-de-prise-de-masse-vegetalienne-fonctionne\/","og_site_name":"Holy-Supps.nl","article_publisher":"https:\/\/www.facebook.com\/holy.supps","article_modified_time":"2026-03-12T10:49:10+00:00","og_image":[{"width":1000,"height":1000,"url":"https:\/\/www.holy-supps.nl\/wp-content\/uploads\/2023\/03\/Vegan_Mass_Gainer-1kg_Front_1.webp","type":"image\/webp"}],"twitter_card":"summary_large_image","twitter_misc":{"Dur\u00e9e de lecture estim\u00e9e":"4 minutes"},"schema":{"@context":"https:\/\/schema.org","@graph":[{"@type":"WebPage","@id":"https:\/\/www.holy-supps.nl\/product\/vegan-mass-gainer-protein-works-2kg\/","url":"https:\/\/www.holy-supps.nl\/product\/vegan-mass-gainer-protein-works-2kg\/","name":"Vegan Mass Gainer - Protein Works - 2KG - Holy-Supps.fr","isPartOf":{"@id":"https:\/\/www.holy-supps.nl\/#website"},"primaryImageOfPage":{"@id":"https:\/\/www.holy-supps.nl\/product\/vegan-mass-gainer-protein-works-2kg\/#primaryimage"},"image":{"@id":"https:\/\/www.holy-supps.nl\/product\/vegan-mass-gainer-protein-works-2kg\/#primaryimage"},"thumbnailUrl":"https:\/\/www.holy-supps.nl\/wp-content\/uploads\/2023\/03\/Vegan_Mass_Gainer-1kg_Front_1.webp","datePublished":"2023-03-15T10:40:24+00:00","dateModified":"2026-03-12T10:49:10+00:00","breadcrumb":{"@id":"https:\/\/www.holy-supps.nl\/product\/vegan-mass-gainer-protein-works-2kg\/#breadcrumb"},"inLanguage":"fr-FR","potentialAction":[{"@type":"ReadAction","target":["https:\/\/www.holy-supps.nl\/product\/vegan-mass-gainer-protein-works-2kg\/"]}]},{"@type":"ImageObject","inLanguage":"fr-FR","@id":"https:\/\/www.holy-supps.nl\/product\/vegan-mass-gainer-protein-works-2kg\/#primaryimage","url":"https:\/\/www.holy-supps.nl\/wp-content\/uploads\/2023\/03\/Vegan_Mass_Gainer-1kg_Front_1.webp","contentUrl":"https:\/\/www.holy-supps.nl\/wp-content\/uploads\/2023\/03\/Vegan_Mass_Gainer-1kg_Front_1.webp","width":1000,"height":1000},{"@type":"BreadcrumbList","@id":"https:\/\/www.holy-supps.nl\/product\/vegan-mass-gainer-protein-works-2kg\/#breadcrumb","itemListElement":[{"@type":"ListItem","position":1,"name":"Home","item":"https:\/\/www.holy-supps.nl\/"},{"@type":"ListItem","position":2,"name":"Winkel","item":"https:\/\/www.holy-supps.nl\/winkel\/"},{"@type":"ListItem","position":3,"name":"Vegan Mass Gainer &#8211; Protein Works &#8211; 2KG"}]},{"@type":"WebSite","@id":"https:\/\/www.holy-supps.nl\/#website","url":"https:\/\/www.holy-supps.nl\/","name":"Holy-Supps.co.uk","description":"Revendeur officiel EHPLabs !","publisher":{"@id":"https:\/\/www.holy-supps.nl\/#organization"},"potentialAction":[{"@type":"SearchAction","target":{"@type":"EntryPoint","urlTemplate":"https:\/\/www.holy-supps.nl\/?s={search_term_string}"},"query-input":{"@type":"PropertyValueSpecification","valueRequired":true,"valueName":"search_term_string"}}],"inLanguage":"fr-FR"},{"@type":"Organization","@id":"https:\/\/www.holy-supps.nl\/#organization","name":"Les Saints Souvenirs","url":"https:\/\/www.holy-supps.nl\/","logo":{"@type":"ImageObject","inLanguage":"fr-FR","@id":"https:\/\/www.holy-supps.nl\/#\/schema\/logo\/image\/","url":"https:\/\/www.holy-supps.nl\/wp-content\/uploads\/2023\/06\/HOLY-SUPPS.png","contentUrl":"https:\/\/www.holy-supps.nl\/wp-content\/uploads\/2023\/06\/HOLY-SUPPS.png","width":1000,"height":400,"caption":"Holy Supps"},"image":{"@id":"https:\/\/www.holy-supps.nl\/#\/schema\/logo\/image\/"},"sameAs":["https:\/\/www.facebook.com\/holy.supps","https:\/\/www.instagram.com\/holy.supps.shop\/"]}]}},"jetpack_sharing_enabled":true,"_links":{"self":[{"href":"https:\/\/www.holy-supps.nl\/fr\/wp-json\/wp\/v2\/product\/523","targetHints":{"allow":["GET"]}}],"collection":[{"href":"https:\/\/www.holy-supps.nl\/fr\/wp-json\/wp\/v2\/product"}],"about":[{"href":"https:\/\/www.holy-supps.nl\/fr\/wp-json\/wp\/v2\/types\/product"}],"replies":[{"embeddable":true,"href":"https:\/\/www.holy-supps.nl\/fr\/wp-json\/wp\/v2\/comments?post=523"}],"wp:featuredmedia":[{"embeddable":true,"href":"https:\/\/www.holy-supps.nl\/fr\/wp-json\/wp\/v2\/media\/524"}],"wp:attachment":[{"href":"https:\/\/www.holy-supps.nl\/fr\/wp-json\/wp\/v2\/media?parent=523"}],"wp:term":[{"taxonomy":"product_brand","embeddable":true,"href":"https:\/\/www.holy-supps.nl\/fr\/wp-json\/wp\/v2\/product_brand?post=523"},{"taxonomy":"product_cat","embeddable":true,"href":"https:\/\/www.holy-supps.nl\/fr\/wp-json\/wp\/v2\/product_cat?post=523"},{"taxonomy":"product_tag","embeddable":true,"href":"https:\/\/www.holy-supps.nl\/fr\/wp-json\/wp\/v2\/product_tag?post=523"}],"curies":[{"name":"wp","href":"https:\/\/api.w.org\/{rel}","templated":true}]}}