{"id":4439,"date":"2025-11-18T10:17:09","date_gmt":"2025-11-18T09:17:09","guid":{"rendered":"https:\/\/www.holy-supps.nl\/?post_type=product&#038;p=4439"},"modified":"2026-04-09T21:23:13","modified_gmt":"2026-04-09T19:23:13","slug":"oxyshred-gummies","status":"publish","type":"product","link":"https:\/\/www.holy-supps.nl\/fr\/product\/oxyshred-gummies\/","title":{"rendered":"Gummies OxyShred"},"content":{"rendered":"<h2>Description OxyShred Gummies<\/h2>\n<p>Les OxyShred Gummies d'EHPlabs sont des gommes savoureuses, faciles \u00e0 prendre et qui s'int\u00e8grent bien dans un mode de vie actif et \u00e9quilibr\u00e9. Ils sont largement utilis\u00e9s par les athl\u00e8tes et par les personnes qui souhaitent enrichir leur routine quotidienne avec un suppl\u00e9ment facile \u00e0 transporter. La combinaison d'ingr\u00e9dients connus et d'un format convivial en fait une option accessible pour une utilisation quotidienne.<\/p>\n<h2>Avantages des gommes OxyShred<\/h2>\n<ul>\n<li>Des gommes pratiques et faciles \u00e0 prendre.<\/li>\n<li>Convient \u00e0 un usage quotidien dans le cadre d'un mode de vie actif.<\/li>\n<li>Disponible dans une saveur fra\u00eeche et fruit\u00e9e.<\/li>\n<li>Facile \u00e0 transporter en d\u00e9placement ou pendant les s\u00e9ances d'entra\u00eenement.<\/li>\n<\/ul>\n<h2>Mode d'emploi<\/h2>\n<p>Prendre la dose recommand\u00e9e comme indiqu\u00e9 sur l'\u00e9tiquette du produit. Ne pas d\u00e9passer l'apport journalier recommand\u00e9. Conserver le produit dans un endroit frais et sec, hors de port\u00e9e des enfants.<\/p>","protected":false},"excerpt":{"rendered":"<p>Les OxyShred Gummies sont des gommes faciles \u00e0 utiliser au go\u00fbt frais, con\u00e7ues pour les personnes qui souhaitent soutenir leur mode de vie actif. Leur taille pratique les rend faciles \u00e0 transporter et id\u00e9ales pour une utilisation quotidienne. Un choix pratique pour ceux qui recherchent un compl\u00e9ment savoureux \u00e0 leur routine.<\/p>","protected":false},"featured_media":4448,"comment_status":"open","ping_status":"closed","template":"","meta":[],"product_brand":[],"product_cat":[149,72,88,68,75,82],"product_tag":[],"class_list":{"0":"post-4439","1":"product","2":"type-product","3":"status-publish","4":"has-post-thumbnail","6":"product_cat-ehplabs-vegan-merken","7":"product_cat-ehplabs","8":"product_cat-pre-workout-2","9":"product_cat-pre-workout","10":"product_cat-producten","11":"product_cat-vegan-merken","13":"first","14":"instock","15":"taxable","16":"shipping-taxable","17":"purchasable","18":"product-type-simple"},"yoast_head":"<!-- This site is optimized with the Yoast SEO plugin v27.4 - https:\/\/yoast.com\/product\/yoast-seo-wordpress\/ -->\n<title>OxyShred Gummies - Direct vanuit NL verzonden - Holy-Supps.nl<\/title>\n<meta name=\"description\" content=\"Geniet van de krachtige OxyShred Gummies, perfect voor jouw actieve levensstijl! Eenvoudig in te nemen en vol met belangrijke ingredi\u00ebnten.\" \/>\n<meta name=\"robots\" content=\"index, follow, max-snippet:-1, max-image-preview:large, max-video-preview:-1\" \/>\n<link rel=\"canonical\" href=\"https:\/\/www.holy-supps.nl\/fr\/produit\/oxyshred-gummies\/\" \/>\n<meta property=\"og:locale\" content=\"fr_FR\" \/>\n<meta property=\"og:type\" content=\"article\" \/>\n<meta property=\"og:title\" content=\"OxyShred Gummies - Direct vanuit NL verzonden - Holy-Supps.nl\" \/>\n<meta property=\"og:description\" content=\"Geniet van de krachtige OxyShred Gummies, perfect voor jouw actieve levensstijl! Eenvoudig in te nemen en vol met belangrijke ingredi\u00ebnten.\" \/>\n<meta property=\"og:url\" content=\"https:\/\/www.holy-supps.nl\/fr\/produit\/oxyshred-gummies\/\" \/>\n<meta property=\"og:site_name\" content=\"Holy-Supps.nl\" \/>\n<meta property=\"article:publisher\" content=\"https:\/\/www.facebook.com\/holy.supps\" \/>\n<meta property=\"article:modified_time\" content=\"2026-04-09T19:23:13+00:00\" \/>\n<meta property=\"og:image\" content=\"https:\/\/www.holy-supps.nl\/wp-content\/uploads\/2025\/11\/OxyShred_Gummies_Product_Icon_ca03fe5a-b945-4209-9c0e-c21246f4e2b9.png\" \/>\n\t<meta property=\"og:image:width\" content=\"1500\" \/>\n\t<meta property=\"og:image:height\" content=\"1500\" \/>\n\t<meta property=\"og:image:type\" content=\"image\/png\" \/>\n<meta name=\"twitter:card\" content=\"summary_large_image\" \/>\n<meta name=\"twitter:label1\" content=\"Dur\u00e9e de lecture estim\u00e9e\" \/>\n\t<meta name=\"twitter:data1\" content=\"1 minute\" \/>\n<script type=\"application\/ld+json\" class=\"yoast-schema-graph\">{\"@context\":\"https:\\\/\\\/schema.org\",\"@graph\":[{\"@type\":\"WebPage\",\"@id\":\"https:\\\/\\\/www.holy-supps.nl\\\/product\\\/oxyshred-gummies\\\/\",\"url\":\"https:\\\/\\\/www.holy-supps.nl\\\/product\\\/oxyshred-gummies\\\/\",\"name\":\"OxyShred Gummies - Direct vanuit NL verzonden - Holy-Supps.nl\",\"isPartOf\":{\"@id\":\"https:\\\/\\\/www.holy-supps.nl\\\/#website\"},\"primaryImageOfPage\":{\"@id\":\"https:\\\/\\\/www.holy-supps.nl\\\/product\\\/oxyshred-gummies\\\/#primaryimage\"},\"image\":{\"@id\":\"https:\\\/\\\/www.holy-supps.nl\\\/product\\\/oxyshred-gummies\\\/#primaryimage\"},\"thumbnailUrl\":\"https:\\\/\\\/www.holy-supps.nl\\\/wp-content\\\/uploads\\\/2025\\\/11\\\/OxyShred_Gummies_Product_Icon_ca03fe5a-b945-4209-9c0e-c21246f4e2b9.png\",\"datePublished\":\"2025-11-18T09:17:09+00:00\",\"dateModified\":\"2026-04-09T19:23:13+00:00\",\"description\":\"Geniet van de krachtige OxyShred Gummies, perfect voor jouw actieve levensstijl! Eenvoudig in te nemen en vol met belangrijke ingredi\u00ebnten.\",\"breadcrumb\":{\"@id\":\"https:\\\/\\\/www.holy-supps.nl\\\/product\\\/oxyshred-gummies\\\/#breadcrumb\"},\"inLanguage\":\"fr-FR\",\"potentialAction\":[{\"@type\":\"ReadAction\",\"target\":[\"https:\\\/\\\/www.holy-supps.nl\\\/product\\\/oxyshred-gummies\\\/\"]}]},{\"@type\":\"ImageObject\",\"inLanguage\":\"fr-FR\",\"@id\":\"https:\\\/\\\/www.holy-supps.nl\\\/product\\\/oxyshred-gummies\\\/#primaryimage\",\"url\":\"https:\\\/\\\/www.holy-supps.nl\\\/wp-content\\\/uploads\\\/2025\\\/11\\\/OxyShred_Gummies_Product_Icon_ca03fe5a-b945-4209-9c0e-c21246f4e2b9.png\",\"contentUrl\":\"https:\\\/\\\/www.holy-supps.nl\\\/wp-content\\\/uploads\\\/2025\\\/11\\\/OxyShred_Gummies_Product_Icon_ca03fe5a-b945-4209-9c0e-c21246f4e2b9.png\",\"width\":1500,\"height\":1500},{\"@type\":\"BreadcrumbList\",\"@id\":\"https:\\\/\\\/www.holy-supps.nl\\\/product\\\/oxyshred-gummies\\\/#breadcrumb\",\"itemListElement\":[{\"@type\":\"ListItem\",\"position\":1,\"name\":\"Home\",\"item\":\"https:\\\/\\\/www.holy-supps.nl\\\/\"},{\"@type\":\"ListItem\",\"position\":2,\"name\":\"Winkel\",\"item\":\"https:\\\/\\\/www.holy-supps.nl\\\/winkel\\\/\"},{\"@type\":\"ListItem\",\"position\":3,\"name\":\"OxyShred Gummies\"}]},{\"@type\":\"WebSite\",\"@id\":\"https:\\\/\\\/www.holy-supps.nl\\\/#website\",\"url\":\"https:\\\/\\\/www.holy-supps.nl\\\/\",\"name\":\"Holy-Supps.nl\",\"description\":\"Official EHPLabs Reseller!\",\"publisher\":{\"@id\":\"https:\\\/\\\/www.holy-supps.nl\\\/#organization\"},\"potentialAction\":[{\"@type\":\"SearchAction\",\"target\":{\"@type\":\"EntryPoint\",\"urlTemplate\":\"https:\\\/\\\/www.holy-supps.nl\\\/?s={search_term_string}\"},\"query-input\":{\"@type\":\"PropertyValueSpecification\",\"valueRequired\":true,\"valueName\":\"search_term_string\"}}],\"inLanguage\":\"fr-FR\"},{\"@type\":\"Organization\",\"@id\":\"https:\\\/\\\/www.holy-supps.nl\\\/#organization\",\"name\":\"Holy Supps\",\"url\":\"https:\\\/\\\/www.holy-supps.nl\\\/\",\"logo\":{\"@type\":\"ImageObject\",\"inLanguage\":\"fr-FR\",\"@id\":\"https:\\\/\\\/www.holy-supps.nl\\\/#\\\/schema\\\/logo\\\/image\\\/\",\"url\":\"https:\\\/\\\/www.holy-supps.nl\\\/wp-content\\\/uploads\\\/2023\\\/06\\\/HOLY-SUPPS.png\",\"contentUrl\":\"https:\\\/\\\/www.holy-supps.nl\\\/wp-content\\\/uploads\\\/2023\\\/06\\\/HOLY-SUPPS.png\",\"width\":1000,\"height\":400,\"caption\":\"Holy Supps\"},\"image\":{\"@id\":\"https:\\\/\\\/www.holy-supps.nl\\\/#\\\/schema\\\/logo\\\/image\\\/\"},\"sameAs\":[\"https:\\\/\\\/www.facebook.com\\\/holy.supps\",\"https:\\\/\\\/www.instagram.com\\\/holy.supps.shop\\\/\"]}]}<\/script>\n<!-- \/ Yoast SEO plugin. -->","yoast_head_json":{"title":"OxyShred Gummies - Livr\u00e9 directement de NL - Holy-Supps.co.uk","description":"Profitez des puissants OxyShred Gummies, parfaits pour votre style de vie actif ! Faciles \u00e0 prendre et remplis d'ingr\u00e9dients cl\u00e9s.","robots":{"index":"index","follow":"follow","max-snippet":"max-snippet:-1","max-image-preview":"max-image-preview:large","max-video-preview":"max-video-preview:-1"},"canonical":"https:\/\/www.holy-supps.nl\/fr\/produit\/oxyshred-gummies\/","og_locale":"fr_FR","og_type":"article","og_title":"OxyShred Gummies - Direct vanuit NL verzonden - Holy-Supps.nl","og_description":"Geniet van de krachtige OxyShred Gummies, perfect voor jouw actieve levensstijl! Eenvoudig in te nemen en vol met belangrijke ingredi\u00ebnten.","og_url":"https:\/\/www.holy-supps.nl\/fr\/produit\/oxyshred-gummies\/","og_site_name":"Holy-Supps.nl","article_publisher":"https:\/\/www.facebook.com\/holy.supps","article_modified_time":"2026-04-09T19:23:13+00:00","og_image":[{"width":1500,"height":1500,"url":"https:\/\/www.holy-supps.nl\/wp-content\/uploads\/2025\/11\/OxyShred_Gummies_Product_Icon_ca03fe5a-b945-4209-9c0e-c21246f4e2b9.png","type":"image\/png"}],"twitter_card":"summary_large_image","twitter_misc":{"Dur\u00e9e de lecture estim\u00e9e":"1 minute"},"schema":{"@context":"https:\/\/schema.org","@graph":[{"@type":"WebPage","@id":"https:\/\/www.holy-supps.nl\/product\/oxyshred-gummies\/","url":"https:\/\/www.holy-supps.nl\/product\/oxyshred-gummies\/","name":"OxyShred Gummies - Livr\u00e9 directement de NL - Holy-Supps.co.uk","isPartOf":{"@id":"https:\/\/www.holy-supps.nl\/#website"},"primaryImageOfPage":{"@id":"https:\/\/www.holy-supps.nl\/product\/oxyshred-gummies\/#primaryimage"},"image":{"@id":"https:\/\/www.holy-supps.nl\/product\/oxyshred-gummies\/#primaryimage"},"thumbnailUrl":"https:\/\/www.holy-supps.nl\/wp-content\/uploads\/2025\/11\/OxyShred_Gummies_Product_Icon_ca03fe5a-b945-4209-9c0e-c21246f4e2b9.png","datePublished":"2025-11-18T09:17:09+00:00","dateModified":"2026-04-09T19:23:13+00:00","description":"Profitez des puissants OxyShred Gummies, parfaits pour votre style de vie actif ! Faciles \u00e0 prendre et remplis d'ingr\u00e9dients cl\u00e9s.","breadcrumb":{"@id":"https:\/\/www.holy-supps.nl\/product\/oxyshred-gummies\/#breadcrumb"},"inLanguage":"fr-FR","potentialAction":[{"@type":"ReadAction","target":["https:\/\/www.holy-supps.nl\/product\/oxyshred-gummies\/"]}]},{"@type":"ImageObject","inLanguage":"fr-FR","@id":"https:\/\/www.holy-supps.nl\/product\/oxyshred-gummies\/#primaryimage","url":"https:\/\/www.holy-supps.nl\/wp-content\/uploads\/2025\/11\/OxyShred_Gummies_Product_Icon_ca03fe5a-b945-4209-9c0e-c21246f4e2b9.png","contentUrl":"https:\/\/www.holy-supps.nl\/wp-content\/uploads\/2025\/11\/OxyShred_Gummies_Product_Icon_ca03fe5a-b945-4209-9c0e-c21246f4e2b9.png","width":1500,"height":1500},{"@type":"BreadcrumbList","@id":"https:\/\/www.holy-supps.nl\/product\/oxyshred-gummies\/#breadcrumb","itemListElement":[{"@type":"ListItem","position":1,"name":"Home","item":"https:\/\/www.holy-supps.nl\/"},{"@type":"ListItem","position":2,"name":"Winkel","item":"https:\/\/www.holy-supps.nl\/winkel\/"},{"@type":"ListItem","position":3,"name":"OxyShred Gummies"}]},{"@type":"WebSite","@id":"https:\/\/www.holy-supps.nl\/#website","url":"https:\/\/www.holy-supps.nl\/","name":"Holy-Supps.co.uk","description":"Revendeur officiel EHPLabs !","publisher":{"@id":"https:\/\/www.holy-supps.nl\/#organization"},"potentialAction":[{"@type":"SearchAction","target":{"@type":"EntryPoint","urlTemplate":"https:\/\/www.holy-supps.nl\/?s={search_term_string}"},"query-input":{"@type":"PropertyValueSpecification","valueRequired":true,"valueName":"search_term_string"}}],"inLanguage":"fr-FR"},{"@type":"Organization","@id":"https:\/\/www.holy-supps.nl\/#organization","name":"Les Saints Souvenirs","url":"https:\/\/www.holy-supps.nl\/","logo":{"@type":"ImageObject","inLanguage":"fr-FR","@id":"https:\/\/www.holy-supps.nl\/#\/schema\/logo\/image\/","url":"https:\/\/www.holy-supps.nl\/wp-content\/uploads\/2023\/06\/HOLY-SUPPS.png","contentUrl":"https:\/\/www.holy-supps.nl\/wp-content\/uploads\/2023\/06\/HOLY-SUPPS.png","width":1000,"height":400,"caption":"Holy Supps"},"image":{"@id":"https:\/\/www.holy-supps.nl\/#\/schema\/logo\/image\/"},"sameAs":["https:\/\/www.facebook.com\/holy.supps","https:\/\/www.instagram.com\/holy.supps.shop\/"]}]}},"jetpack_sharing_enabled":true,"_links":{"self":[{"href":"https:\/\/www.holy-supps.nl\/fr\/wp-json\/wp\/v2\/product\/4439","targetHints":{"allow":["GET"]}}],"collection":[{"href":"https:\/\/www.holy-supps.nl\/fr\/wp-json\/wp\/v2\/product"}],"about":[{"href":"https:\/\/www.holy-supps.nl\/fr\/wp-json\/wp\/v2\/types\/product"}],"replies":[{"embeddable":true,"href":"https:\/\/www.holy-supps.nl\/fr\/wp-json\/wp\/v2\/comments?post=4439"}],"wp:featuredmedia":[{"embeddable":true,"href":"https:\/\/www.holy-supps.nl\/fr\/wp-json\/wp\/v2\/media\/4448"}],"wp:attachment":[{"href":"https:\/\/www.holy-supps.nl\/fr\/wp-json\/wp\/v2\/media?parent=4439"}],"wp:term":[{"taxonomy":"product_brand","embeddable":true,"href":"https:\/\/www.holy-supps.nl\/fr\/wp-json\/wp\/v2\/product_brand?post=4439"},{"taxonomy":"product_cat","embeddable":true,"href":"https:\/\/www.holy-supps.nl\/fr\/wp-json\/wp\/v2\/product_cat?post=4439"},{"taxonomy":"product_tag","embeddable":true,"href":"https:\/\/www.holy-supps.nl\/fr\/wp-json\/wp\/v2\/product_tag?post=4439"}],"curies":[{"name":"wp","href":"https:\/\/api.w.org\/{rel}","templated":true}]}}