{"id":3430,"date":"2024-12-19T14:54:52","date_gmt":"2024-12-19T13:54:52","guid":{"rendered":"https:\/\/www.holy-supps.nl\/?post_type=product&#038;p=3430"},"modified":"2026-04-16T02:56:28","modified_gmt":"2026-04-16T00:56:28","slug":"vitamin-well","status":"publish","type":"product","link":"https:\/\/www.holy-supps.nl\/fr\/product\/vitamin-well\/","title":{"rendered":"Vitamine Well"},"content":{"rendered":"<h2>Vitamine Well<\/h2>\n<p>Les boissons Vitamin Well sont des d\u00e9salt\u00e9rants fonctionnels - d\u00e9licieux au go\u00fbt et contenant une combinaison soigneusement s\u00e9lectionn\u00e9e de vitamines et de min\u00e9raux. Les boissons sont gazeuses, hypocaloriques, l\u00e9g\u00e8rement sucr\u00e9es au fructose (sucre de fruit) et sans conservateurs. Les bouteilles sont fabriqu\u00e9es en plastique 100 % recycl\u00e9 et arborent le design reconnaissable de Vitamin Well en Su\u00e8de.<\/p>\n<p>Une alternative moderne, savoureuse et consciente aux boissons gazeuses traditionnelles et aux jus sucr\u00e9s. C'est exactement ce qui manquait sur le march\u00e9 des boissons lorsque Vitamin Well a \u00e9t\u00e9 fond\u00e9e en 2008. L'objectif \u00e9tait de d\u00e9velopper une boisson offrant un \u00e9quilibre parfait entre fonctionnalit\u00e9 et go\u00fbt.<\/p>\n<p>Aujourd'hui, Vitamin Well est disponible en trois gammes : Original, Sport et Zero.<br \/>\n- <strong>Vitamin Well Original<\/strong> est un d\u00e9salt\u00e9rant calme et hypocalorique, l\u00e9g\u00e8rement sucr\u00e9 au fructose et enrichi d'un m\u00e9lange \u00e9quilibr\u00e9 de vitamines et de min\u00e9raux.<br \/>\n- <strong>Vitamine Well Sport<\/strong> est une boisson sportive disponible avec ou sans hydrates de carbone et compl\u00e9t\u00e9e par des \u00e9lectrolytes, des vitamines et des min\u00e9raux.<br \/>\n- <strong>Vitamine Well Zero<\/strong> est une boisson rafra\u00eechissante, sans sucre et savoureuse, contenant des vitamines et des min\u00e9raux soigneusement s\u00e9lectionn\u00e9s.<\/p>\n<h3>Ingr\u00e9dients Hydratation<\/h3>\n<p>Eau, sucre de fruits, r\u00e9gulateurs d'acidit\u00e9 (acide citrique, carbonate de calcium), vitamines (D3, E, C, niacine, acide folique, B12, biotine, acide pantoth\u00e9nique), min\u00e9raux (magn\u00e9sium, zinc), ar\u00f4mes, stabilisateur (pectine), colorant (lycop\u00e8ne).<\/p>\n<h3>Recharge d'ingr\u00e9dients<\/h3>\n<p>Eau, sucre de fruits, r\u00e9gulateurs d'acidit\u00e9 (acide citrique, carbonate de calcium), vitamines (D3, E, niacine, acide folique, B12, biotine, acide pantoth\u00e9nique), min\u00e9raux (magn\u00e9sium, zinc, s\u00e9l\u00e9nium), ar\u00f4mes.<\/p>","protected":false},"excerpt":{"rendered":"<p>Hydratez-vous avec les d\u00e9licieuses eaux vitamin\u00e9es de Vitamin Well !<\/p>","protected":false},"featured_media":3431,"comment_status":"open","ping_status":"closed","template":"","meta":[],"product_brand":[],"product_cat":[93,74,79,276,92,78],"product_tag":[],"class_list":{"0":"post-3430","1":"product","2":"type-product","3":"status-publish","4":"has-post-thumbnail","6":"product_cat-bars-snacks","7":"product_cat-health-wellness","8":"product_cat-maaltijdvervangers","9":"product_cat-vitamin-well","10":"product_cat-vitamine-mineralen","11":"product_cat-voeding-snacks","13":"first","14":"instock","15":"taxable","16":"shipping-taxable","17":"purchasable","18":"product-type-variable"},"yoast_head":"<!-- This site is optimized with the Yoast SEO plugin v27.4 - https:\/\/yoast.com\/product\/yoast-seo-wordpress\/ -->\n<title>Vitamin Well - Holy-Supps.nl<\/title>\n<meta name=\"robots\" content=\"index, follow, max-snippet:-1, max-image-preview:large, max-video-preview:-1\" \/>\n<link rel=\"canonical\" href=\"https:\/\/www.holy-supps.nl\/fr\/produit\/vitamin-well\/\" \/>\n<meta property=\"og:locale\" content=\"fr_FR\" \/>\n<meta property=\"og:type\" content=\"article\" \/>\n<meta property=\"og:title\" content=\"Vitamin Well - Holy-Supps.nl\" \/>\n<meta property=\"og:description\" content=\"Stay Hydrated met de heerlijke vitamine waters van Vitamin Well!\" \/>\n<meta property=\"og:url\" content=\"https:\/\/www.holy-supps.nl\/fr\/produit\/vitamin-well\/\" \/>\n<meta property=\"og:site_name\" content=\"Holy-Supps.nl\" \/>\n<meta property=\"article:publisher\" content=\"https:\/\/www.facebook.com\/holy.supps\" \/>\n<meta property=\"article:modified_time\" content=\"2026-04-16T00:56:28+00:00\" \/>\n<meta property=\"og:image\" content=\"https:\/\/www.holy-supps.nl\/wp-content\/uploads\/2024\/12\/AHI_43545239373633333739.jpeg\" \/>\n\t<meta property=\"og:image:width\" content=\"800\" \/>\n\t<meta property=\"og:image:height\" content=\"800\" \/>\n\t<meta property=\"og:image:type\" content=\"image\/jpeg\" \/>\n<meta name=\"twitter:card\" content=\"summary_large_image\" \/>\n<meta name=\"twitter:label1\" content=\"Dur\u00e9e de lecture estim\u00e9e\" \/>\n\t<meta name=\"twitter:data1\" content=\"2 minutes\" \/>\n<script type=\"application\/ld+json\" class=\"yoast-schema-graph\">{\"@context\":\"https:\\\/\\\/schema.org\",\"@graph\":[{\"@type\":\"WebPage\",\"@id\":\"https:\\\/\\\/www.holy-supps.nl\\\/product\\\/vitamin-well\\\/\",\"url\":\"https:\\\/\\\/www.holy-supps.nl\\\/product\\\/vitamin-well\\\/\",\"name\":\"Vitamin Well - Holy-Supps.nl\",\"isPartOf\":{\"@id\":\"https:\\\/\\\/www.holy-supps.nl\\\/#website\"},\"primaryImageOfPage\":{\"@id\":\"https:\\\/\\\/www.holy-supps.nl\\\/product\\\/vitamin-well\\\/#primaryimage\"},\"image\":{\"@id\":\"https:\\\/\\\/www.holy-supps.nl\\\/product\\\/vitamin-well\\\/#primaryimage\"},\"thumbnailUrl\":\"https:\\\/\\\/www.holy-supps.nl\\\/wp-content\\\/uploads\\\/2024\\\/12\\\/AHI_43545239373633333739.jpeg\",\"datePublished\":\"2024-12-19T13:54:52+00:00\",\"dateModified\":\"2026-04-16T00:56:28+00:00\",\"breadcrumb\":{\"@id\":\"https:\\\/\\\/www.holy-supps.nl\\\/product\\\/vitamin-well\\\/#breadcrumb\"},\"inLanguage\":\"fr-FR\",\"potentialAction\":[{\"@type\":\"ReadAction\",\"target\":[\"https:\\\/\\\/www.holy-supps.nl\\\/product\\\/vitamin-well\\\/\"]}]},{\"@type\":\"ImageObject\",\"inLanguage\":\"fr-FR\",\"@id\":\"https:\\\/\\\/www.holy-supps.nl\\\/product\\\/vitamin-well\\\/#primaryimage\",\"url\":\"https:\\\/\\\/www.holy-supps.nl\\\/wp-content\\\/uploads\\\/2024\\\/12\\\/AHI_43545239373633333739.jpeg\",\"contentUrl\":\"https:\\\/\\\/www.holy-supps.nl\\\/wp-content\\\/uploads\\\/2024\\\/12\\\/AHI_43545239373633333739.jpeg\",\"width\":800,\"height\":800},{\"@type\":\"BreadcrumbList\",\"@id\":\"https:\\\/\\\/www.holy-supps.nl\\\/product\\\/vitamin-well\\\/#breadcrumb\",\"itemListElement\":[{\"@type\":\"ListItem\",\"position\":1,\"name\":\"Home\",\"item\":\"https:\\\/\\\/www.holy-supps.nl\\\/\"},{\"@type\":\"ListItem\",\"position\":2,\"name\":\"Winkel\",\"item\":\"https:\\\/\\\/www.holy-supps.nl\\\/winkel\\\/\"},{\"@type\":\"ListItem\",\"position\":3,\"name\":\"Vitamin Well\"}]},{\"@type\":\"WebSite\",\"@id\":\"https:\\\/\\\/www.holy-supps.nl\\\/#website\",\"url\":\"https:\\\/\\\/www.holy-supps.nl\\\/\",\"name\":\"Holy-Supps.nl\",\"description\":\"Official EHPLabs Reseller!\",\"publisher\":{\"@id\":\"https:\\\/\\\/www.holy-supps.nl\\\/#organization\"},\"potentialAction\":[{\"@type\":\"SearchAction\",\"target\":{\"@type\":\"EntryPoint\",\"urlTemplate\":\"https:\\\/\\\/www.holy-supps.nl\\\/?s={search_term_string}\"},\"query-input\":{\"@type\":\"PropertyValueSpecification\",\"valueRequired\":true,\"valueName\":\"search_term_string\"}}],\"inLanguage\":\"fr-FR\"},{\"@type\":\"Organization\",\"@id\":\"https:\\\/\\\/www.holy-supps.nl\\\/#organization\",\"name\":\"Holy Supps\",\"url\":\"https:\\\/\\\/www.holy-supps.nl\\\/\",\"logo\":{\"@type\":\"ImageObject\",\"inLanguage\":\"fr-FR\",\"@id\":\"https:\\\/\\\/www.holy-supps.nl\\\/#\\\/schema\\\/logo\\\/image\\\/\",\"url\":\"https:\\\/\\\/www.holy-supps.nl\\\/wp-content\\\/uploads\\\/2023\\\/06\\\/HOLY-SUPPS.png\",\"contentUrl\":\"https:\\\/\\\/www.holy-supps.nl\\\/wp-content\\\/uploads\\\/2023\\\/06\\\/HOLY-SUPPS.png\",\"width\":1000,\"height\":400,\"caption\":\"Holy Supps\"},\"image\":{\"@id\":\"https:\\\/\\\/www.holy-supps.nl\\\/#\\\/schema\\\/logo\\\/image\\\/\"},\"sameAs\":[\"https:\\\/\\\/www.facebook.com\\\/holy.supps\",\"https:\\\/\\\/www.instagram.com\\\/holy.supps.shop\\\/\"]}]}<\/script>\n<!-- \/ Yoast SEO plugin. -->","yoast_head_json":{"title":"Vitamin Well - Holy-Supps.nl","robots":{"index":"index","follow":"follow","max-snippet":"max-snippet:-1","max-image-preview":"max-image-preview:large","max-video-preview":"max-video-preview:-1"},"canonical":"https:\/\/www.holy-supps.nl\/fr\/produit\/vitamin-well\/","og_locale":"fr_FR","og_type":"article","og_title":"Vitamin Well - Holy-Supps.nl","og_description":"Stay Hydrated met de heerlijke vitamine waters van Vitamin Well!","og_url":"https:\/\/www.holy-supps.nl\/fr\/produit\/vitamin-well\/","og_site_name":"Holy-Supps.nl","article_publisher":"https:\/\/www.facebook.com\/holy.supps","article_modified_time":"2026-04-16T00:56:28+00:00","og_image":[{"width":800,"height":800,"url":"https:\/\/www.holy-supps.nl\/wp-content\/uploads\/2024\/12\/AHI_43545239373633333739.jpeg","type":"image\/jpeg"}],"twitter_card":"summary_large_image","twitter_misc":{"Dur\u00e9e de lecture estim\u00e9e":"2 minutes"},"schema":{"@context":"https:\/\/schema.org","@graph":[{"@type":"WebPage","@id":"https:\/\/www.holy-supps.nl\/product\/vitamin-well\/","url":"https:\/\/www.holy-supps.nl\/product\/vitamin-well\/","name":"Vitamin Well - Holy-Supps.nl","isPartOf":{"@id":"https:\/\/www.holy-supps.nl\/#website"},"primaryImageOfPage":{"@id":"https:\/\/www.holy-supps.nl\/product\/vitamin-well\/#primaryimage"},"image":{"@id":"https:\/\/www.holy-supps.nl\/product\/vitamin-well\/#primaryimage"},"thumbnailUrl":"https:\/\/www.holy-supps.nl\/wp-content\/uploads\/2024\/12\/AHI_43545239373633333739.jpeg","datePublished":"2024-12-19T13:54:52+00:00","dateModified":"2026-04-16T00:56:28+00:00","breadcrumb":{"@id":"https:\/\/www.holy-supps.nl\/product\/vitamin-well\/#breadcrumb"},"inLanguage":"fr-FR","potentialAction":[{"@type":"ReadAction","target":["https:\/\/www.holy-supps.nl\/product\/vitamin-well\/"]}]},{"@type":"ImageObject","inLanguage":"fr-FR","@id":"https:\/\/www.holy-supps.nl\/product\/vitamin-well\/#primaryimage","url":"https:\/\/www.holy-supps.nl\/wp-content\/uploads\/2024\/12\/AHI_43545239373633333739.jpeg","contentUrl":"https:\/\/www.holy-supps.nl\/wp-content\/uploads\/2024\/12\/AHI_43545239373633333739.jpeg","width":800,"height":800},{"@type":"BreadcrumbList","@id":"https:\/\/www.holy-supps.nl\/product\/vitamin-well\/#breadcrumb","itemListElement":[{"@type":"ListItem","position":1,"name":"Home","item":"https:\/\/www.holy-supps.nl\/"},{"@type":"ListItem","position":2,"name":"Winkel","item":"https:\/\/www.holy-supps.nl\/winkel\/"},{"@type":"ListItem","position":3,"name":"Vitamin Well"}]},{"@type":"WebSite","@id":"https:\/\/www.holy-supps.nl\/#website","url":"https:\/\/www.holy-supps.nl\/","name":"Holy-Supps.co.uk","description":"Revendeur officiel EHPLabs !","publisher":{"@id":"https:\/\/www.holy-supps.nl\/#organization"},"potentialAction":[{"@type":"SearchAction","target":{"@type":"EntryPoint","urlTemplate":"https:\/\/www.holy-supps.nl\/?s={search_term_string}"},"query-input":{"@type":"PropertyValueSpecification","valueRequired":true,"valueName":"search_term_string"}}],"inLanguage":"fr-FR"},{"@type":"Organization","@id":"https:\/\/www.holy-supps.nl\/#organization","name":"Les Saints Souvenirs","url":"https:\/\/www.holy-supps.nl\/","logo":{"@type":"ImageObject","inLanguage":"fr-FR","@id":"https:\/\/www.holy-supps.nl\/#\/schema\/logo\/image\/","url":"https:\/\/www.holy-supps.nl\/wp-content\/uploads\/2023\/06\/HOLY-SUPPS.png","contentUrl":"https:\/\/www.holy-supps.nl\/wp-content\/uploads\/2023\/06\/HOLY-SUPPS.png","width":1000,"height":400,"caption":"Holy Supps"},"image":{"@id":"https:\/\/www.holy-supps.nl\/#\/schema\/logo\/image\/"},"sameAs":["https:\/\/www.facebook.com\/holy.supps","https:\/\/www.instagram.com\/holy.supps.shop\/"]}]}},"jetpack_sharing_enabled":true,"_links":{"self":[{"href":"https:\/\/www.holy-supps.nl\/fr\/wp-json\/wp\/v2\/product\/3430","targetHints":{"allow":["GET"]}}],"collection":[{"href":"https:\/\/www.holy-supps.nl\/fr\/wp-json\/wp\/v2\/product"}],"about":[{"href":"https:\/\/www.holy-supps.nl\/fr\/wp-json\/wp\/v2\/types\/product"}],"replies":[{"embeddable":true,"href":"https:\/\/www.holy-supps.nl\/fr\/wp-json\/wp\/v2\/comments?post=3430"}],"wp:featuredmedia":[{"embeddable":true,"href":"https:\/\/www.holy-supps.nl\/fr\/wp-json\/wp\/v2\/media\/3431"}],"wp:attachment":[{"href":"https:\/\/www.holy-supps.nl\/fr\/wp-json\/wp\/v2\/media?parent=3430"}],"wp:term":[{"taxonomy":"product_brand","embeddable":true,"href":"https:\/\/www.holy-supps.nl\/fr\/wp-json\/wp\/v2\/product_brand?post=3430"},{"taxonomy":"product_cat","embeddable":true,"href":"https:\/\/www.holy-supps.nl\/fr\/wp-json\/wp\/v2\/product_cat?post=3430"},{"taxonomy":"product_tag","embeddable":true,"href":"https:\/\/www.holy-supps.nl\/fr\/wp-json\/wp\/v2\/product_tag?post=3430"}],"curies":[{"name":"wp","href":"https:\/\/api.w.org\/{rel}","templated":true}]}}