{"id":3357,"date":"2024-11-29T14:44:01","date_gmt":"2024-11-29T13:44:01","guid":{"rendered":"https:\/\/www.holy-supps.nl\/?post_type=product&#038;p=3357"},"modified":"2026-02-08T19:56:34","modified_gmt":"2026-02-08T18:56:34","slug":"holyshot","status":"publish","type":"product","link":"https:\/\/www.holy-supps.nl\/fr\/product\/holyshot\/","title":{"rendered":"HOLYSHOT"},"content":{"rendered":"<h2>GINGEMBRE &amp; CITRON<\/h2>\n<p>Le 100% Natural - HOLYSHOT - Gingembre et Citron contient le meilleur de deux mondes. Les bienfaits du gingembre (anti-inflammatoire, renforce l'immunit\u00e9 et stimule le cerveau) combin\u00e9s \u00e0 la puissance du citron (source de vitamine C, aide \u00e0 maintenir le poids, stimule le c\u0153ur), et mis en bouteille dans un format pratique de boisson quotidienne.<\/p>\n<ul>\n<li>ANTI-INFLAMMATOIRE<\/li>\n<li>BOURR\u00c9 DE VITAMINES<\/li>\n<li>SANS SUCRES AJOUT\u00c9S<\/li>\n<li>EMBOUTEILL\u00c9 EN VERRE RECYCLABLE<\/li>\n<li>LONGUE DUR\u00c9E DE VIE<\/li>\n<\/ul>\n<h2>GINGEMBRE, CURCUMA ET ANANAS<\/h2>\n<p>Le 100% naturel - HOLYSHOT - Gingembre, curcuma et ananas a beaucoup \u00e0 offrir ! Les bienfaits du gingembre (anti-inflammatoire, stimulant de l'immunit\u00e9 et du cerveau) combin\u00e9s au super pouvoir du curcuma (c'est un anti-inflammatoire et un antioxydant puissant)* et couronn\u00e9s par la saveur rafra\u00eechissante de l'ananas (riche en antioxydants et en nutriments). * Les all\u00e9gations ci-dessus sont couramment \u00e9nonc\u00e9es et ne sont pas toujours scientifiquement prouv\u00e9es.<\/p>\n<ul>\n<li>AVEC DES SUPER-ALIMENTS<\/li>\n<li>BOURR\u00c9 DE VITAMINES<\/li>\n<li>SANS SUCRES AJOUT\u00c9S<\/li>\n<li>EMBOUTEILL\u00c9 EN VERRE RECYCLABLE<\/li>\n<li>LONGUE DUR\u00c9E DE VIE<\/li>\n<\/ul>\n<h2>MAT\u00c9 &amp; GUARANA<\/h2>\n<p>Le 100% Natural - HOLYSHOT - Mat\u00e9 &amp; Guarana a un effet naturellement revigorant et stimulant. Le mat\u00e9 stimule toutes sortes de fonctions mentales et regorge de vitamines, de min\u00e9raux et d'antioxydants. Le guarana peut r\u00e9duire la fatigue et am\u00e9liorer la concentration. Il poss\u00e8de \u00e9galement des propri\u00e9t\u00e9s antibact\u00e9riennes. Ce jus est donc le parfait shooter d'\u00e9nergie.<\/p>\n<ul>\n<li>CAF\u00c9INE NATURELLE<\/li>\n<li>\u00a0ANTIOXYDANTS<\/li>\n<li>\u00a0BOURR\u00c9 DE VITAMINES<\/li>\n<li>\u00a0SANS SUCRES AJOUT\u00c9S<\/li>\n<li>\u00a0EMBOUTEILL\u00c9 EN VERRE RECYCLABLE<\/li>\n<li>\u00a0LONGUE DUR\u00c9E DE VIE<\/li>\n<\/ul>","protected":false},"excerpt":{"rendered":"<p>Des shots fonctionnels bio. Votre stimulant immunitaire quotidien.<\/p>","protected":false},"featured_media":3363,"comment_status":"open","ping_status":"closed","template":"","meta":[],"product_brand":[],"product_cat":[93,77,87,15,74,270,79,92,78],"product_tag":[],"class_list":{"0":"post-3357","1":"product","2":"type-product","3":"status-publish","4":"has-post-thumbnail","6":"product_cat-bars-snacks","7":"product_cat-bundles-save","8":"product_cat-energie-focus","9":"product_cat-geen-categorie","10":"product_cat-health-wellness","11":"product_cat-holyshot","12":"product_cat-maaltijdvervangers","13":"product_cat-vitamine-mineralen","14":"product_cat-voeding-snacks","16":"first","17":"instock","18":"sale","19":"taxable","20":"shipping-taxable","21":"purchasable","22":"product-type-variable"},"yoast_head":"<!-- This site is optimized with the Yoast SEO plugin v27.4 - https:\/\/yoast.com\/product\/yoast-seo-wordpress\/ -->\n<title>HOLYSHOT - Holy-Supps.nl<\/title>\n<meta name=\"robots\" content=\"index, follow, max-snippet:-1, max-image-preview:large, max-video-preview:-1\" \/>\n<link rel=\"canonical\" href=\"https:\/\/www.holy-supps.nl\/fr\/produit\/holyshot\/\" \/>\n<meta property=\"og:locale\" content=\"fr_FR\" \/>\n<meta property=\"og:type\" content=\"article\" \/>\n<meta property=\"og:title\" content=\"HOLYSHOT - Holy-Supps.nl\" \/>\n<meta property=\"og:description\" content=\"Organische functionele shots. Uw dagelijkse immuniteitsbooster.\" \/>\n<meta property=\"og:url\" content=\"https:\/\/www.holy-supps.nl\/fr\/produit\/holyshot\/\" \/>\n<meta property=\"og:site_name\" content=\"Holy-Supps.nl\" \/>\n<meta property=\"article:publisher\" content=\"https:\/\/www.facebook.com\/holy.supps\" \/>\n<meta property=\"article:modified_time\" content=\"2026-02-08T18:56:34+00:00\" \/>\n<meta property=\"og:image\" content=\"https:\/\/www.holy-supps.nl\/wp-content\/uploads\/2024\/11\/ginger-lemon.webp\" \/>\n\t<meta property=\"og:image:width\" content=\"700\" \/>\n\t<meta property=\"og:image:height\" content=\"700\" \/>\n\t<meta property=\"og:image:type\" content=\"image\/webp\" \/>\n<meta name=\"twitter:card\" content=\"summary_large_image\" \/>\n<meta name=\"twitter:label1\" content=\"Dur\u00e9e de lecture estim\u00e9e\" \/>\n\t<meta name=\"twitter:data1\" content=\"2 minutes\" \/>\n<script type=\"application\/ld+json\" class=\"yoast-schema-graph\">{\"@context\":\"https:\\\/\\\/schema.org\",\"@graph\":[{\"@type\":\"WebPage\",\"@id\":\"https:\\\/\\\/www.holy-supps.nl\\\/product\\\/holyshot\\\/\",\"url\":\"https:\\\/\\\/www.holy-supps.nl\\\/product\\\/holyshot\\\/\",\"name\":\"HOLYSHOT - Holy-Supps.nl\",\"isPartOf\":{\"@id\":\"https:\\\/\\\/www.holy-supps.nl\\\/#website\"},\"primaryImageOfPage\":{\"@id\":\"https:\\\/\\\/www.holy-supps.nl\\\/product\\\/holyshot\\\/#primaryimage\"},\"image\":{\"@id\":\"https:\\\/\\\/www.holy-supps.nl\\\/product\\\/holyshot\\\/#primaryimage\"},\"thumbnailUrl\":\"https:\\\/\\\/www.holy-supps.nl\\\/wp-content\\\/uploads\\\/2024\\\/11\\\/ginger-lemon.webp\",\"datePublished\":\"2024-11-29T13:44:01+00:00\",\"dateModified\":\"2026-02-08T18:56:34+00:00\",\"breadcrumb\":{\"@id\":\"https:\\\/\\\/www.holy-supps.nl\\\/product\\\/holyshot\\\/#breadcrumb\"},\"inLanguage\":\"fr-FR\",\"potentialAction\":[{\"@type\":\"ReadAction\",\"target\":[\"https:\\\/\\\/www.holy-supps.nl\\\/product\\\/holyshot\\\/\"]}]},{\"@type\":\"ImageObject\",\"inLanguage\":\"fr-FR\",\"@id\":\"https:\\\/\\\/www.holy-supps.nl\\\/product\\\/holyshot\\\/#primaryimage\",\"url\":\"https:\\\/\\\/www.holy-supps.nl\\\/wp-content\\\/uploads\\\/2024\\\/11\\\/ginger-lemon.webp\",\"contentUrl\":\"https:\\\/\\\/www.holy-supps.nl\\\/wp-content\\\/uploads\\\/2024\\\/11\\\/ginger-lemon.webp\",\"width\":700,\"height\":700},{\"@type\":\"BreadcrumbList\",\"@id\":\"https:\\\/\\\/www.holy-supps.nl\\\/product\\\/holyshot\\\/#breadcrumb\",\"itemListElement\":[{\"@type\":\"ListItem\",\"position\":1,\"name\":\"Home\",\"item\":\"https:\\\/\\\/www.holy-supps.nl\\\/\"},{\"@type\":\"ListItem\",\"position\":2,\"name\":\"Winkel\",\"item\":\"https:\\\/\\\/www.holy-supps.nl\\\/winkel\\\/\"},{\"@type\":\"ListItem\",\"position\":3,\"name\":\"HOLYSHOT\"}]},{\"@type\":\"WebSite\",\"@id\":\"https:\\\/\\\/www.holy-supps.nl\\\/#website\",\"url\":\"https:\\\/\\\/www.holy-supps.nl\\\/\",\"name\":\"Holy-Supps.nl\",\"description\":\"Official EHPLabs Reseller!\",\"publisher\":{\"@id\":\"https:\\\/\\\/www.holy-supps.nl\\\/#organization\"},\"potentialAction\":[{\"@type\":\"SearchAction\",\"target\":{\"@type\":\"EntryPoint\",\"urlTemplate\":\"https:\\\/\\\/www.holy-supps.nl\\\/?s={search_term_string}\"},\"query-input\":{\"@type\":\"PropertyValueSpecification\",\"valueRequired\":true,\"valueName\":\"search_term_string\"}}],\"inLanguage\":\"fr-FR\"},{\"@type\":\"Organization\",\"@id\":\"https:\\\/\\\/www.holy-supps.nl\\\/#organization\",\"name\":\"Holy Supps\",\"url\":\"https:\\\/\\\/www.holy-supps.nl\\\/\",\"logo\":{\"@type\":\"ImageObject\",\"inLanguage\":\"fr-FR\",\"@id\":\"https:\\\/\\\/www.holy-supps.nl\\\/#\\\/schema\\\/logo\\\/image\\\/\",\"url\":\"https:\\\/\\\/www.holy-supps.nl\\\/wp-content\\\/uploads\\\/2023\\\/06\\\/HOLY-SUPPS.png\",\"contentUrl\":\"https:\\\/\\\/www.holy-supps.nl\\\/wp-content\\\/uploads\\\/2023\\\/06\\\/HOLY-SUPPS.png\",\"width\":1000,\"height\":400,\"caption\":\"Holy Supps\"},\"image\":{\"@id\":\"https:\\\/\\\/www.holy-supps.nl\\\/#\\\/schema\\\/logo\\\/image\\\/\"},\"sameAs\":[\"https:\\\/\\\/www.facebook.com\\\/holy.supps\",\"https:\\\/\\\/www.instagram.com\\\/holy.supps.shop\\\/\"]}]}<\/script>\n<!-- \/ Yoast SEO plugin. -->","yoast_head_json":{"title":"HOLYSHOT - Holy-Supps.nl","robots":{"index":"index","follow":"follow","max-snippet":"max-snippet:-1","max-image-preview":"max-image-preview:large","max-video-preview":"max-video-preview:-1"},"canonical":"https:\/\/www.holy-supps.nl\/fr\/produit\/holyshot\/","og_locale":"fr_FR","og_type":"article","og_title":"HOLYSHOT - Holy-Supps.nl","og_description":"Organische functionele shots. Uw dagelijkse immuniteitsbooster.","og_url":"https:\/\/www.holy-supps.nl\/fr\/produit\/holyshot\/","og_site_name":"Holy-Supps.nl","article_publisher":"https:\/\/www.facebook.com\/holy.supps","article_modified_time":"2026-02-08T18:56:34+00:00","og_image":[{"width":700,"height":700,"url":"https:\/\/www.holy-supps.nl\/wp-content\/uploads\/2024\/11\/ginger-lemon.webp","type":"image\/webp"}],"twitter_card":"summary_large_image","twitter_misc":{"Dur\u00e9e de lecture estim\u00e9e":"2 minutes"},"schema":{"@context":"https:\/\/schema.org","@graph":[{"@type":"WebPage","@id":"https:\/\/www.holy-supps.nl\/product\/holyshot\/","url":"https:\/\/www.holy-supps.nl\/product\/holyshot\/","name":"HOLYSHOT - Holy-Supps.nl","isPartOf":{"@id":"https:\/\/www.holy-supps.nl\/#website"},"primaryImageOfPage":{"@id":"https:\/\/www.holy-supps.nl\/product\/holyshot\/#primaryimage"},"image":{"@id":"https:\/\/www.holy-supps.nl\/product\/holyshot\/#primaryimage"},"thumbnailUrl":"https:\/\/www.holy-supps.nl\/wp-content\/uploads\/2024\/11\/ginger-lemon.webp","datePublished":"2024-11-29T13:44:01+00:00","dateModified":"2026-02-08T18:56:34+00:00","breadcrumb":{"@id":"https:\/\/www.holy-supps.nl\/product\/holyshot\/#breadcrumb"},"inLanguage":"fr-FR","potentialAction":[{"@type":"ReadAction","target":["https:\/\/www.holy-supps.nl\/product\/holyshot\/"]}]},{"@type":"ImageObject","inLanguage":"fr-FR","@id":"https:\/\/www.holy-supps.nl\/product\/holyshot\/#primaryimage","url":"https:\/\/www.holy-supps.nl\/wp-content\/uploads\/2024\/11\/ginger-lemon.webp","contentUrl":"https:\/\/www.holy-supps.nl\/wp-content\/uploads\/2024\/11\/ginger-lemon.webp","width":700,"height":700},{"@type":"BreadcrumbList","@id":"https:\/\/www.holy-supps.nl\/product\/holyshot\/#breadcrumb","itemListElement":[{"@type":"ListItem","position":1,"name":"Home","item":"https:\/\/www.holy-supps.nl\/"},{"@type":"ListItem","position":2,"name":"Winkel","item":"https:\/\/www.holy-supps.nl\/winkel\/"},{"@type":"ListItem","position":3,"name":"HOLYSHOT"}]},{"@type":"WebSite","@id":"https:\/\/www.holy-supps.nl\/#website","url":"https:\/\/www.holy-supps.nl\/","name":"Holy-Supps.co.uk","description":"Revendeur officiel EHPLabs !","publisher":{"@id":"https:\/\/www.holy-supps.nl\/#organization"},"potentialAction":[{"@type":"SearchAction","target":{"@type":"EntryPoint","urlTemplate":"https:\/\/www.holy-supps.nl\/?s={search_term_string}"},"query-input":{"@type":"PropertyValueSpecification","valueRequired":true,"valueName":"search_term_string"}}],"inLanguage":"fr-FR"},{"@type":"Organization","@id":"https:\/\/www.holy-supps.nl\/#organization","name":"Les Saints Souvenirs","url":"https:\/\/www.holy-supps.nl\/","logo":{"@type":"ImageObject","inLanguage":"fr-FR","@id":"https:\/\/www.holy-supps.nl\/#\/schema\/logo\/image\/","url":"https:\/\/www.holy-supps.nl\/wp-content\/uploads\/2023\/06\/HOLY-SUPPS.png","contentUrl":"https:\/\/www.holy-supps.nl\/wp-content\/uploads\/2023\/06\/HOLY-SUPPS.png","width":1000,"height":400,"caption":"Holy Supps"},"image":{"@id":"https:\/\/www.holy-supps.nl\/#\/schema\/logo\/image\/"},"sameAs":["https:\/\/www.facebook.com\/holy.supps","https:\/\/www.instagram.com\/holy.supps.shop\/"]}]}},"jetpack_sharing_enabled":true,"_links":{"self":[{"href":"https:\/\/www.holy-supps.nl\/fr\/wp-json\/wp\/v2\/product\/3357","targetHints":{"allow":["GET"]}}],"collection":[{"href":"https:\/\/www.holy-supps.nl\/fr\/wp-json\/wp\/v2\/product"}],"about":[{"href":"https:\/\/www.holy-supps.nl\/fr\/wp-json\/wp\/v2\/types\/product"}],"replies":[{"embeddable":true,"href":"https:\/\/www.holy-supps.nl\/fr\/wp-json\/wp\/v2\/comments?post=3357"}],"wp:featuredmedia":[{"embeddable":true,"href":"https:\/\/www.holy-supps.nl\/fr\/wp-json\/wp\/v2\/media\/3363"}],"wp:attachment":[{"href":"https:\/\/www.holy-supps.nl\/fr\/wp-json\/wp\/v2\/media?parent=3357"}],"wp:term":[{"taxonomy":"product_brand","embeddable":true,"href":"https:\/\/www.holy-supps.nl\/fr\/wp-json\/wp\/v2\/product_brand?post=3357"},{"taxonomy":"product_cat","embeddable":true,"href":"https:\/\/www.holy-supps.nl\/fr\/wp-json\/wp\/v2\/product_cat?post=3357"},{"taxonomy":"product_tag","embeddable":true,"href":"https:\/\/www.holy-supps.nl\/fr\/wp-json\/wp\/v2\/product_tag?post=3357"}],"curies":[{"name":"wp","href":"https:\/\/api.w.org\/{rel}","templated":true}]}}