{"id":3342,"date":"2024-11-29T11:39:42","date_gmt":"2024-11-29T10:39:42","guid":{"rendered":"https:\/\/www.holy-supps.nl\/?post_type=product&#038;p=3342"},"modified":"2025-10-15T22:02:12","modified_gmt":"2025-10-15T20:02:12","slug":"barebells-protein-bar-triple-pack","status":"publish","type":"product","link":"https:\/\/www.holy-supps.nl\/fr\/product\/barebells-protein-bar-triple-pack\/","title":{"rendered":"Barre prot\u00e9in\u00e9e Barebells \u2013 Pack triple"},"content":{"rendered":"<p>Vous en avez assez de manger des barres qui ont un go\u00fbt de carton ? Cette barre est bien trop collante et chocolat\u00e9e pour \u00eatre compar\u00e9e \u00e0 quoi que ce soit d'autre que les desserts les plus d\u00e9cadents ; et pourtant, elle contient 20 grammes de prot\u00e9ines et aucun sucre ajout\u00e9. Rester en forme n'a jamais \u00e9t\u00e9 aussi d\u00e9licieux. Caramel Cashew a \u00e9t\u00e9 l'une des premi\u00e8res saveurs lanc\u00e9es par Barebells et est toujours un succ\u00e8s dans le monde entier.<\/p>\n<h2>Avantages<\/h2>\n<ul>\n<li style=\"list-style-type: none;\">\n<ul>\n<li>20 grammes de prot\u00e9ines par barre<\/li>\n<li>Faible teneur en glucides<\/li>\n<li>Faible teneur en sucre, moins de 2 g de sucre par portion<\/li>\n<li>Haute fibre<\/li>\n<li>Pratique \u00e0 emporter<\/li>\n<li>Une texture \u00e9tonnamment d\u00e9licieuse<\/li>\n<li>7 saveurs d\u00e9licieuses<\/li>\n<\/ul>\n<\/li>\n<\/ul>\n<h2>Ingr\u00e9dients<\/h2>\n<p>Prot\u00e9ines de LAIT, humectant (glyc\u00e9rol), \u00e9dulcorant (maltitols, sucralose, ac\u00e9sulfame-K), hydrolysat de collag\u00e8ne, polydextrose, beurre de cacao, lait entier en poudre, eau, SOJAPROTEINE, huile de tournesol, p\u00e2te de cacao, ar\u00f4mes, cacao, amidon de tapioca, \u00e9mulsifiant (l\u00e9cithines). Peut contenir des traces de c\u00e9r\u00e9ales contenant du gluten, d'arachides et de fruits \u00e0 coque.<\/p>\n<h2>Informations sur les allergies<\/h2>\n<p>Contient : Lait, Soja<\/p>\n<p>Peut contenir : C\u00e9r\u00e9ales contenant du gluten, arachides, fruits \u00e0 coque.<\/p>","protected":false},"excerpt":{"rendered":"<h2>Choisissez et m\u00e9langez votre saveur pr\u00e9f\u00e9r\u00e9e !<\/h2>\n<p>100% Barebellicious - disponible en sept saveurs incroyables. Les barres prot\u00e9in\u00e9es Barebells sont faites pour \u00e9tonner vos papilles ! Toutes sans sucres ajout\u00e9s, 20 grammes de prot\u00e9ines et sans compromis sur le go\u00fbt. Vous \u00eates les bienvenus !<\/p>","protected":false},"featured_media":3328,"comment_status":"open","ping_status":"closed","template":"","meta":[],"product_brand":[],"product_cat":[86,89,272,93,77,80,15,81,78],"product_tag":[],"class_list":{"0":"post-3342","1":"product","2":"type-product","3":"status-publish","4":"has-post-thumbnail","6":"product_cat-aankomen","7":"product_cat-afvallen","8":"product_cat-barebells","9":"product_cat-bars-snacks","10":"product_cat-bundles-save","11":"product_cat-doel","12":"product_cat-geen-categorie","13":"product_cat-spieropbouw","14":"product_cat-voeding-snacks","16":"first","17":"outofstock","18":"sale","19":"taxable","20":"shipping-taxable","21":"purchasable","22":"product-type-yith_bundle"},"yoast_head":"<!-- This site is optimized with the Yoast SEO plugin v27.4 - https:\/\/yoast.com\/product\/yoast-seo-wordpress\/ -->\n<title>Barebells Protein bar - Triple pack - Holy-Supps.nl<\/title>\n<meta name=\"robots\" content=\"index, follow, max-snippet:-1, max-image-preview:large, max-video-preview:-1\" \/>\n<link rel=\"canonical\" href=\"https:\/\/www.holy-supps.nl\/fr\/produit\/barebells-protein-bar-triple-pack\/\" \/>\n<meta property=\"og:locale\" content=\"fr_FR\" \/>\n<meta property=\"og:type\" content=\"article\" \/>\n<meta property=\"og:title\" content=\"Barebells Protein bar - Triple pack - Holy-Supps.nl\" \/>\n<meta property=\"og:description\" content=\"PICK &amp; MIX je favoriete smaak! 100% Barebellicious \u2013 verkrijgbaar in zeven ongelooflijke smaken. Barebells eiwitrepen zijn gemaakt om je smaakpapillen te verbazen! Allemaal zonder toegevoegde suikers, 20 gram eiwit en zonder concessies te doen aan de smaak. Graag gedaan!\" \/>\n<meta property=\"og:url\" content=\"https:\/\/www.holy-supps.nl\/fr\/produit\/barebells-protein-bar-triple-pack\/\" \/>\n<meta property=\"og:site_name\" content=\"Holy-Supps.nl\" \/>\n<meta property=\"article:publisher\" content=\"https:\/\/www.facebook.com\/holy.supps\" \/>\n<meta property=\"article:modified_time\" content=\"2025-10-15T20:02:12+00:00\" \/>\n<meta property=\"og:image\" content=\"https:\/\/www.holy-supps.nl\/wp-content\/uploads\/2024\/11\/BB-CC.jpeg\" \/>\n\t<meta property=\"og:image:width\" content=\"800\" \/>\n\t<meta property=\"og:image:height\" content=\"800\" \/>\n\t<meta property=\"og:image:type\" content=\"image\/jpeg\" \/>\n<meta name=\"twitter:card\" content=\"summary_large_image\" \/>\n<meta name=\"twitter:label1\" content=\"Dur\u00e9e de lecture estim\u00e9e\" \/>\n\t<meta name=\"twitter:data1\" content=\"1 minute\" \/>\n<script type=\"application\/ld+json\" class=\"yoast-schema-graph\">{\"@context\":\"https:\\\/\\\/schema.org\",\"@graph\":[{\"@type\":\"WebPage\",\"@id\":\"https:\\\/\\\/www.holy-supps.nl\\\/product\\\/barebells-protein-bar-triple-pack\\\/\",\"url\":\"https:\\\/\\\/www.holy-supps.nl\\\/product\\\/barebells-protein-bar-triple-pack\\\/\",\"name\":\"Barebells Protein bar - Triple pack - Holy-Supps.nl\",\"isPartOf\":{\"@id\":\"https:\\\/\\\/www.holy-supps.nl\\\/#website\"},\"primaryImageOfPage\":{\"@id\":\"https:\\\/\\\/www.holy-supps.nl\\\/product\\\/barebells-protein-bar-triple-pack\\\/#primaryimage\"},\"image\":{\"@id\":\"https:\\\/\\\/www.holy-supps.nl\\\/product\\\/barebells-protein-bar-triple-pack\\\/#primaryimage\"},\"thumbnailUrl\":\"https:\\\/\\\/www.holy-supps.nl\\\/wp-content\\\/uploads\\\/2024\\\/11\\\/BB-CC.jpeg\",\"datePublished\":\"2024-11-29T10:39:42+00:00\",\"dateModified\":\"2025-10-15T20:02:12+00:00\",\"breadcrumb\":{\"@id\":\"https:\\\/\\\/www.holy-supps.nl\\\/product\\\/barebells-protein-bar-triple-pack\\\/#breadcrumb\"},\"inLanguage\":\"fr-FR\",\"potentialAction\":[{\"@type\":\"ReadAction\",\"target\":[\"https:\\\/\\\/www.holy-supps.nl\\\/product\\\/barebells-protein-bar-triple-pack\\\/\"]}]},{\"@type\":\"ImageObject\",\"inLanguage\":\"fr-FR\",\"@id\":\"https:\\\/\\\/www.holy-supps.nl\\\/product\\\/barebells-protein-bar-triple-pack\\\/#primaryimage\",\"url\":\"https:\\\/\\\/www.holy-supps.nl\\\/wp-content\\\/uploads\\\/2024\\\/11\\\/BB-CC.jpeg\",\"contentUrl\":\"https:\\\/\\\/www.holy-supps.nl\\\/wp-content\\\/uploads\\\/2024\\\/11\\\/BB-CC.jpeg\",\"width\":800,\"height\":800},{\"@type\":\"BreadcrumbList\",\"@id\":\"https:\\\/\\\/www.holy-supps.nl\\\/product\\\/barebells-protein-bar-triple-pack\\\/#breadcrumb\",\"itemListElement\":[{\"@type\":\"ListItem\",\"position\":1,\"name\":\"Home\",\"item\":\"https:\\\/\\\/www.holy-supps.nl\\\/\"},{\"@type\":\"ListItem\",\"position\":2,\"name\":\"Winkel\",\"item\":\"https:\\\/\\\/www.holy-supps.nl\\\/winkel\\\/\"},{\"@type\":\"ListItem\",\"position\":3,\"name\":\"Barebells Protein bar &#8211; Triple pack\"}]},{\"@type\":\"WebSite\",\"@id\":\"https:\\\/\\\/www.holy-supps.nl\\\/#website\",\"url\":\"https:\\\/\\\/www.holy-supps.nl\\\/\",\"name\":\"Holy-Supps.nl\",\"description\":\"Official EHPLabs Reseller!\",\"publisher\":{\"@id\":\"https:\\\/\\\/www.holy-supps.nl\\\/#organization\"},\"potentialAction\":[{\"@type\":\"SearchAction\",\"target\":{\"@type\":\"EntryPoint\",\"urlTemplate\":\"https:\\\/\\\/www.holy-supps.nl\\\/?s={search_term_string}\"},\"query-input\":{\"@type\":\"PropertyValueSpecification\",\"valueRequired\":true,\"valueName\":\"search_term_string\"}}],\"inLanguage\":\"fr-FR\"},{\"@type\":\"Organization\",\"@id\":\"https:\\\/\\\/www.holy-supps.nl\\\/#organization\",\"name\":\"Holy Supps\",\"url\":\"https:\\\/\\\/www.holy-supps.nl\\\/\",\"logo\":{\"@type\":\"ImageObject\",\"inLanguage\":\"fr-FR\",\"@id\":\"https:\\\/\\\/www.holy-supps.nl\\\/#\\\/schema\\\/logo\\\/image\\\/\",\"url\":\"https:\\\/\\\/www.holy-supps.nl\\\/wp-content\\\/uploads\\\/2023\\\/06\\\/HOLY-SUPPS.png\",\"contentUrl\":\"https:\\\/\\\/www.holy-supps.nl\\\/wp-content\\\/uploads\\\/2023\\\/06\\\/HOLY-SUPPS.png\",\"width\":1000,\"height\":400,\"caption\":\"Holy Supps\"},\"image\":{\"@id\":\"https:\\\/\\\/www.holy-supps.nl\\\/#\\\/schema\\\/logo\\\/image\\\/\"},\"sameAs\":[\"https:\\\/\\\/www.facebook.com\\\/holy.supps\",\"https:\\\/\\\/www.instagram.com\\\/holy.supps.shop\\\/\"]}]}<\/script>\n<!-- \/ Yoast SEO plugin. -->","yoast_head_json":{"title":"Barebells Barre Prot\u00e9in\u00e9e - Triple pack - Holy-Supps.fr","robots":{"index":"index","follow":"follow","max-snippet":"max-snippet:-1","max-image-preview":"max-image-preview:large","max-video-preview":"max-video-preview:-1"},"canonical":"https:\/\/www.holy-supps.nl\/fr\/produit\/barebells-protein-bar-triple-pack\/","og_locale":"fr_FR","og_type":"article","og_title":"Barebells Protein bar - Triple pack - Holy-Supps.nl","og_description":"PICK &amp; MIX je favoriete smaak! 100% Barebellicious \u2013 verkrijgbaar in zeven ongelooflijke smaken. Barebells eiwitrepen zijn gemaakt om je smaakpapillen te verbazen! Allemaal zonder toegevoegde suikers, 20 gram eiwit en zonder concessies te doen aan de smaak. Graag gedaan!","og_url":"https:\/\/www.holy-supps.nl\/fr\/produit\/barebells-protein-bar-triple-pack\/","og_site_name":"Holy-Supps.nl","article_publisher":"https:\/\/www.facebook.com\/holy.supps","article_modified_time":"2025-10-15T20:02:12+00:00","og_image":[{"width":800,"height":800,"url":"https:\/\/www.holy-supps.nl\/wp-content\/uploads\/2024\/11\/BB-CC.jpeg","type":"image\/jpeg"}],"twitter_card":"summary_large_image","twitter_misc":{"Dur\u00e9e de lecture estim\u00e9e":"1 minute"},"schema":{"@context":"https:\/\/schema.org","@graph":[{"@type":"WebPage","@id":"https:\/\/www.holy-supps.nl\/product\/barebells-protein-bar-triple-pack\/","url":"https:\/\/www.holy-supps.nl\/product\/barebells-protein-bar-triple-pack\/","name":"Barebells Barre Prot\u00e9in\u00e9e - Triple pack - Holy-Supps.fr","isPartOf":{"@id":"https:\/\/www.holy-supps.nl\/#website"},"primaryImageOfPage":{"@id":"https:\/\/www.holy-supps.nl\/product\/barebells-protein-bar-triple-pack\/#primaryimage"},"image":{"@id":"https:\/\/www.holy-supps.nl\/product\/barebells-protein-bar-triple-pack\/#primaryimage"},"thumbnailUrl":"https:\/\/www.holy-supps.nl\/wp-content\/uploads\/2024\/11\/BB-CC.jpeg","datePublished":"2024-11-29T10:39:42+00:00","dateModified":"2025-10-15T20:02:12+00:00","breadcrumb":{"@id":"https:\/\/www.holy-supps.nl\/product\/barebells-protein-bar-triple-pack\/#breadcrumb"},"inLanguage":"fr-FR","potentialAction":[{"@type":"ReadAction","target":["https:\/\/www.holy-supps.nl\/product\/barebells-protein-bar-triple-pack\/"]}]},{"@type":"ImageObject","inLanguage":"fr-FR","@id":"https:\/\/www.holy-supps.nl\/product\/barebells-protein-bar-triple-pack\/#primaryimage","url":"https:\/\/www.holy-supps.nl\/wp-content\/uploads\/2024\/11\/BB-CC.jpeg","contentUrl":"https:\/\/www.holy-supps.nl\/wp-content\/uploads\/2024\/11\/BB-CC.jpeg","width":800,"height":800},{"@type":"BreadcrumbList","@id":"https:\/\/www.holy-supps.nl\/product\/barebells-protein-bar-triple-pack\/#breadcrumb","itemListElement":[{"@type":"ListItem","position":1,"name":"Home","item":"https:\/\/www.holy-supps.nl\/"},{"@type":"ListItem","position":2,"name":"Winkel","item":"https:\/\/www.holy-supps.nl\/winkel\/"},{"@type":"ListItem","position":3,"name":"Barebells Protein bar &#8211; Triple pack"}]},{"@type":"WebSite","@id":"https:\/\/www.holy-supps.nl\/#website","url":"https:\/\/www.holy-supps.nl\/","name":"Holy-Supps.co.uk","description":"Revendeur officiel EHPLabs !","publisher":{"@id":"https:\/\/www.holy-supps.nl\/#organization"},"potentialAction":[{"@type":"SearchAction","target":{"@type":"EntryPoint","urlTemplate":"https:\/\/www.holy-supps.nl\/?s={search_term_string}"},"query-input":{"@type":"PropertyValueSpecification","valueRequired":true,"valueName":"search_term_string"}}],"inLanguage":"fr-FR"},{"@type":"Organization","@id":"https:\/\/www.holy-supps.nl\/#organization","name":"Les Saints Souvenirs","url":"https:\/\/www.holy-supps.nl\/","logo":{"@type":"ImageObject","inLanguage":"fr-FR","@id":"https:\/\/www.holy-supps.nl\/#\/schema\/logo\/image\/","url":"https:\/\/www.holy-supps.nl\/wp-content\/uploads\/2023\/06\/HOLY-SUPPS.png","contentUrl":"https:\/\/www.holy-supps.nl\/wp-content\/uploads\/2023\/06\/HOLY-SUPPS.png","width":1000,"height":400,"caption":"Holy Supps"},"image":{"@id":"https:\/\/www.holy-supps.nl\/#\/schema\/logo\/image\/"},"sameAs":["https:\/\/www.facebook.com\/holy.supps","https:\/\/www.instagram.com\/holy.supps.shop\/"]}]}},"jetpack_sharing_enabled":true,"_links":{"self":[{"href":"https:\/\/www.holy-supps.nl\/fr\/wp-json\/wp\/v2\/product\/3342","targetHints":{"allow":["GET"]}}],"collection":[{"href":"https:\/\/www.holy-supps.nl\/fr\/wp-json\/wp\/v2\/product"}],"about":[{"href":"https:\/\/www.holy-supps.nl\/fr\/wp-json\/wp\/v2\/types\/product"}],"replies":[{"embeddable":true,"href":"https:\/\/www.holy-supps.nl\/fr\/wp-json\/wp\/v2\/comments?post=3342"}],"wp:featuredmedia":[{"embeddable":true,"href":"https:\/\/www.holy-supps.nl\/fr\/wp-json\/wp\/v2\/media\/3328"}],"wp:attachment":[{"href":"https:\/\/www.holy-supps.nl\/fr\/wp-json\/wp\/v2\/media?parent=3342"}],"wp:term":[{"taxonomy":"product_brand","embeddable":true,"href":"https:\/\/www.holy-supps.nl\/fr\/wp-json\/wp\/v2\/product_brand?post=3342"},{"taxonomy":"product_cat","embeddable":true,"href":"https:\/\/www.holy-supps.nl\/fr\/wp-json\/wp\/v2\/product_cat?post=3342"},{"taxonomy":"product_tag","embeddable":true,"href":"https:\/\/www.holy-supps.nl\/fr\/wp-json\/wp\/v2\/product_tag?post=3342"}],"curies":[{"name":"wp","href":"https:\/\/api.w.org\/{rel}","templated":true}]}}