{"id":3297,"date":"2024-11-28T12:45:27","date_gmt":"2024-11-28T11:45:27","guid":{"rendered":"https:\/\/www.holy-supps.nl\/?post_type=product&#038;p=3297"},"modified":"2025-09-30T12:04:03","modified_gmt":"2025-09-30T10:04:03","slug":"barebells-soft-protein-bar","status":"publish","type":"product","link":"https:\/\/www.holy-supps.nl\/fr\/product\/barebells-soft-protein-bar\/","title":{"rendered":"Barre prot\u00e9in\u00e9e Barebells Soft Protein"},"content":{"rendered":"<p>Voici la barre prot\u00e9in\u00e9e douce de Barebells. Fabriqu\u00e9e avec soin, cette barre prot\u00e9in\u00e9e n'est pas seulement une question de go\u00fbt, mais aussi de nutrition. Elle contient 16 grammes de prot\u00e9ines par portion et constitue un moyen pratique de favoriser la r\u00e9cup\u00e9ration et la croissance de vos muscles apr\u00e8s une s\u00e9ance d'entra\u00eenement. Et le meilleur ? Elle ne contient pas de sucre ajout\u00e9, ce qui vous permet de savourer chaque moment de gourmandise en toute tranquillit\u00e9.<\/p>\n<p>Que vous recherchiez un en-cas post-entra\u00eenement pour faire le plein d'\u00e9nergie ou une d\u00e9licieuse friandise pour satisfaire vos envies pendant la journ\u00e9e, la barre prot\u00e9in\u00e9e Coco Choco Soft de Barebells est le choix id\u00e9al. Alors, allez-y, offrez-vous la d\u00e9licieuse combinaison du chocolat et de la noix de coco et faites passer votre exp\u00e9rience d'en-cas \u00e0 de nouveaux sommets.<\/p>\n<h1>Avantages :<\/h1>\n<ul>\n<li>Avec un noyau unique, soyeux et cr\u00e9meux<\/li>\n<li>15 -17 g de prot\u00e9ines par barre<\/li>\n<li>Faible teneur en sucre et riche en fibres<\/li>\n<li>Disponible dans de d\u00e9licieuses saveurs<\/li>\n<\/ul>\n<h1>Ingr\u00e9dients<\/h1>\n<p>Prot\u00e9ines de LAIT, agent de charge (polydextrose), \u00e9dulcorant (maltitols), hydrolysat de collag\u00e8ne, humectant (glyc\u00e9rol), beurre de cacao, lait entier en poudre, huile de soja, \u00e9dulcorant (xylitol), p\u00e2te de cacao, ar\u00f4mes, \u00e9mulsifiant (SOJALECITHINE), sel, huile de tournesol, \u00e9dulcorant (sucralose), colorant (b\u00eata-carot\u00e8ne). Peut contenir des traces de c\u00e9r\u00e9ales contenant du gluten, d'\u0153ufs, d'arachides, de fruits \u00e0 coque et de graines de s\u00e9same.<\/p>\n<h1>Informations sur les allergies<\/h1>\n<p>Contient : Lait, Soja<\/p>\n<p>Peut contenir : C\u00e9r\u00e9ales contenant du gluten, arachides, fruits \u00e0 coque.<\/p>","protected":false},"excerpt":{"rendered":"<p>La barre prot\u00e9in\u00e9e molle de Barebells est un moyen pratique et savoureux d'augmenter l'apport en prot\u00e9ines pour favoriser la croissance et le maintien des muscles, ou simplement comme en-cas riche en prot\u00e9ines.<\/p>","protected":false},"featured_media":3312,"comment_status":"open","ping_status":"closed","template":"","meta":[],"product_brand":[],"product_cat":[86,89,272,93,212,77,67,81,78],"product_tag":[],"class_list":{"0":"post-3297","1":"product","2":"type-product","3":"status-publish","4":"has-post-thumbnail","6":"product_cat-aankomen","7":"product_cat-afvallen","8":"product_cat-barebells","9":"product_cat-bars-snacks","10":"product_cat-bestsellers","11":"product_cat-bundles-save","12":"product_cat-eiwitten-proteine","13":"product_cat-spieropbouw","14":"product_cat-voeding-snacks","16":"first","17":"outofstock","18":"sale","19":"taxable","20":"shipping-taxable","21":"purchasable","22":"product-type-variable"},"yoast_head":"<!-- This site is optimized with the Yoast SEO plugin v27.4 - https:\/\/yoast.com\/product\/yoast-seo-wordpress\/ -->\n<title>Barebells Soft Protein bar - Holy-Supps.nl<\/title>\n<meta name=\"robots\" content=\"index, follow, max-snippet:-1, max-image-preview:large, max-video-preview:-1\" \/>\n<link rel=\"canonical\" href=\"https:\/\/www.holy-supps.nl\/fr\/produit\/barebells-soft-protein-bar\/\" \/>\n<meta property=\"og:locale\" content=\"fr_FR\" \/>\n<meta property=\"og:type\" content=\"article\" \/>\n<meta property=\"og:title\" content=\"Barebells Soft Protein bar - Holy-Supps.nl\" \/>\n<meta property=\"og:description\" content=\"Barebells Soft Protein Bar is een handige en smakelijke manier om de eiwitinname te verhogen, ter ondersteuning van spiergroei en het behoud van spieren, of gewoon als een eiwitrijk tussendoortje.\" \/>\n<meta property=\"og:url\" content=\"https:\/\/www.holy-supps.nl\/fr\/produit\/barebells-soft-protein-bar\/\" \/>\n<meta property=\"og:site_name\" content=\"Holy-Supps.nl\" \/>\n<meta property=\"article:publisher\" content=\"https:\/\/www.facebook.com\/holy.supps\" \/>\n<meta property=\"article:modified_time\" content=\"2025-09-30T10:04:03+00:00\" \/>\n<meta property=\"og:image\" content=\"https:\/\/www.holy-supps.nl\/wp-content\/uploads\/2024\/11\/Caramel-Choco.jpeg\" \/>\n\t<meta property=\"og:image:width\" content=\"800\" \/>\n\t<meta property=\"og:image:height\" content=\"800\" \/>\n\t<meta property=\"og:image:type\" content=\"image\/jpeg\" \/>\n<meta name=\"twitter:card\" content=\"summary_large_image\" \/>\n<meta name=\"twitter:label1\" content=\"Dur\u00e9e de lecture estim\u00e9e\" \/>\n\t<meta name=\"twitter:data1\" content=\"2 minutes\" \/>\n<script type=\"application\/ld+json\" class=\"yoast-schema-graph\">{\"@context\":\"https:\\\/\\\/schema.org\",\"@graph\":[{\"@type\":\"WebPage\",\"@id\":\"https:\\\/\\\/www.holy-supps.nl\\\/product\\\/barebells-soft-protein-bar\\\/\",\"url\":\"https:\\\/\\\/www.holy-supps.nl\\\/product\\\/barebells-soft-protein-bar\\\/\",\"name\":\"Barebells Soft Protein bar - Holy-Supps.nl\",\"isPartOf\":{\"@id\":\"https:\\\/\\\/www.holy-supps.nl\\\/#website\"},\"primaryImageOfPage\":{\"@id\":\"https:\\\/\\\/www.holy-supps.nl\\\/product\\\/barebells-soft-protein-bar\\\/#primaryimage\"},\"image\":{\"@id\":\"https:\\\/\\\/www.holy-supps.nl\\\/product\\\/barebells-soft-protein-bar\\\/#primaryimage\"},\"thumbnailUrl\":\"https:\\\/\\\/www.holy-supps.nl\\\/wp-content\\\/uploads\\\/2024\\\/11\\\/Caramel-Choco.jpeg\",\"datePublished\":\"2024-11-28T11:45:27+00:00\",\"dateModified\":\"2025-09-30T10:04:03+00:00\",\"breadcrumb\":{\"@id\":\"https:\\\/\\\/www.holy-supps.nl\\\/product\\\/barebells-soft-protein-bar\\\/#breadcrumb\"},\"inLanguage\":\"fr-FR\",\"potentialAction\":[{\"@type\":\"ReadAction\",\"target\":[\"https:\\\/\\\/www.holy-supps.nl\\\/product\\\/barebells-soft-protein-bar\\\/\"]}]},{\"@type\":\"ImageObject\",\"inLanguage\":\"fr-FR\",\"@id\":\"https:\\\/\\\/www.holy-supps.nl\\\/product\\\/barebells-soft-protein-bar\\\/#primaryimage\",\"url\":\"https:\\\/\\\/www.holy-supps.nl\\\/wp-content\\\/uploads\\\/2024\\\/11\\\/Caramel-Choco.jpeg\",\"contentUrl\":\"https:\\\/\\\/www.holy-supps.nl\\\/wp-content\\\/uploads\\\/2024\\\/11\\\/Caramel-Choco.jpeg\",\"width\":800,\"height\":800},{\"@type\":\"BreadcrumbList\",\"@id\":\"https:\\\/\\\/www.holy-supps.nl\\\/product\\\/barebells-soft-protein-bar\\\/#breadcrumb\",\"itemListElement\":[{\"@type\":\"ListItem\",\"position\":1,\"name\":\"Home\",\"item\":\"https:\\\/\\\/www.holy-supps.nl\\\/\"},{\"@type\":\"ListItem\",\"position\":2,\"name\":\"Winkel\",\"item\":\"https:\\\/\\\/www.holy-supps.nl\\\/winkel\\\/\"},{\"@type\":\"ListItem\",\"position\":3,\"name\":\"Barebells Soft Protein bar\"}]},{\"@type\":\"WebSite\",\"@id\":\"https:\\\/\\\/www.holy-supps.nl\\\/#website\",\"url\":\"https:\\\/\\\/www.holy-supps.nl\\\/\",\"name\":\"Holy-Supps.nl\",\"description\":\"Official EHPLabs Reseller!\",\"publisher\":{\"@id\":\"https:\\\/\\\/www.holy-supps.nl\\\/#organization\"},\"potentialAction\":[{\"@type\":\"SearchAction\",\"target\":{\"@type\":\"EntryPoint\",\"urlTemplate\":\"https:\\\/\\\/www.holy-supps.nl\\\/?s={search_term_string}\"},\"query-input\":{\"@type\":\"PropertyValueSpecification\",\"valueRequired\":true,\"valueName\":\"search_term_string\"}}],\"inLanguage\":\"fr-FR\"},{\"@type\":\"Organization\",\"@id\":\"https:\\\/\\\/www.holy-supps.nl\\\/#organization\",\"name\":\"Holy Supps\",\"url\":\"https:\\\/\\\/www.holy-supps.nl\\\/\",\"logo\":{\"@type\":\"ImageObject\",\"inLanguage\":\"fr-FR\",\"@id\":\"https:\\\/\\\/www.holy-supps.nl\\\/#\\\/schema\\\/logo\\\/image\\\/\",\"url\":\"https:\\\/\\\/www.holy-supps.nl\\\/wp-content\\\/uploads\\\/2023\\\/06\\\/HOLY-SUPPS.png\",\"contentUrl\":\"https:\\\/\\\/www.holy-supps.nl\\\/wp-content\\\/uploads\\\/2023\\\/06\\\/HOLY-SUPPS.png\",\"width\":1000,\"height\":400,\"caption\":\"Holy Supps\"},\"image\":{\"@id\":\"https:\\\/\\\/www.holy-supps.nl\\\/#\\\/schema\\\/logo\\\/image\\\/\"},\"sameAs\":[\"https:\\\/\\\/www.facebook.com\\\/holy.supps\",\"https:\\\/\\\/www.instagram.com\\\/holy.supps.shop\\\/\"]}]}<\/script>\n<!-- \/ Yoast SEO plugin. -->","yoast_head_json":{"title":"Barebells Soft Barre Prot\u00e9in\u00e9e - Holy-Supps.fr","robots":{"index":"index","follow":"follow","max-snippet":"max-snippet:-1","max-image-preview":"max-image-preview:large","max-video-preview":"max-video-preview:-1"},"canonical":"https:\/\/www.holy-supps.nl\/fr\/produit\/barebells-soft-protein-bar\/","og_locale":"fr_FR","og_type":"article","og_title":"Barebells Soft Protein bar - Holy-Supps.nl","og_description":"Barebells Soft Protein Bar is een handige en smakelijke manier om de eiwitinname te verhogen, ter ondersteuning van spiergroei en het behoud van spieren, of gewoon als een eiwitrijk tussendoortje.","og_url":"https:\/\/www.holy-supps.nl\/fr\/produit\/barebells-soft-protein-bar\/","og_site_name":"Holy-Supps.nl","article_publisher":"https:\/\/www.facebook.com\/holy.supps","article_modified_time":"2025-09-30T10:04:03+00:00","og_image":[{"width":800,"height":800,"url":"https:\/\/www.holy-supps.nl\/wp-content\/uploads\/2024\/11\/Caramel-Choco.jpeg","type":"image\/jpeg"}],"twitter_card":"summary_large_image","twitter_misc":{"Dur\u00e9e de lecture estim\u00e9e":"2 minutes"},"schema":{"@context":"https:\/\/schema.org","@graph":[{"@type":"WebPage","@id":"https:\/\/www.holy-supps.nl\/product\/barebells-soft-protein-bar\/","url":"https:\/\/www.holy-supps.nl\/product\/barebells-soft-protein-bar\/","name":"Barebells Soft Barre Prot\u00e9in\u00e9e - Holy-Supps.fr","isPartOf":{"@id":"https:\/\/www.holy-supps.nl\/#website"},"primaryImageOfPage":{"@id":"https:\/\/www.holy-supps.nl\/product\/barebells-soft-protein-bar\/#primaryimage"},"image":{"@id":"https:\/\/www.holy-supps.nl\/product\/barebells-soft-protein-bar\/#primaryimage"},"thumbnailUrl":"https:\/\/www.holy-supps.nl\/wp-content\/uploads\/2024\/11\/Caramel-Choco.jpeg","datePublished":"2024-11-28T11:45:27+00:00","dateModified":"2025-09-30T10:04:03+00:00","breadcrumb":{"@id":"https:\/\/www.holy-supps.nl\/product\/barebells-soft-protein-bar\/#breadcrumb"},"inLanguage":"fr-FR","potentialAction":[{"@type":"ReadAction","target":["https:\/\/www.holy-supps.nl\/product\/barebells-soft-protein-bar\/"]}]},{"@type":"ImageObject","inLanguage":"fr-FR","@id":"https:\/\/www.holy-supps.nl\/product\/barebells-soft-protein-bar\/#primaryimage","url":"https:\/\/www.holy-supps.nl\/wp-content\/uploads\/2024\/11\/Caramel-Choco.jpeg","contentUrl":"https:\/\/www.holy-supps.nl\/wp-content\/uploads\/2024\/11\/Caramel-Choco.jpeg","width":800,"height":800},{"@type":"BreadcrumbList","@id":"https:\/\/www.holy-supps.nl\/product\/barebells-soft-protein-bar\/#breadcrumb","itemListElement":[{"@type":"ListItem","position":1,"name":"Home","item":"https:\/\/www.holy-supps.nl\/"},{"@type":"ListItem","position":2,"name":"Winkel","item":"https:\/\/www.holy-supps.nl\/winkel\/"},{"@type":"ListItem","position":3,"name":"Barebells Soft Protein bar"}]},{"@type":"WebSite","@id":"https:\/\/www.holy-supps.nl\/#website","url":"https:\/\/www.holy-supps.nl\/","name":"Holy-Supps.co.uk","description":"Revendeur officiel EHPLabs !","publisher":{"@id":"https:\/\/www.holy-supps.nl\/#organization"},"potentialAction":[{"@type":"SearchAction","target":{"@type":"EntryPoint","urlTemplate":"https:\/\/www.holy-supps.nl\/?s={search_term_string}"},"query-input":{"@type":"PropertyValueSpecification","valueRequired":true,"valueName":"search_term_string"}}],"inLanguage":"fr-FR"},{"@type":"Organization","@id":"https:\/\/www.holy-supps.nl\/#organization","name":"Les Saints Souvenirs","url":"https:\/\/www.holy-supps.nl\/","logo":{"@type":"ImageObject","inLanguage":"fr-FR","@id":"https:\/\/www.holy-supps.nl\/#\/schema\/logo\/image\/","url":"https:\/\/www.holy-supps.nl\/wp-content\/uploads\/2023\/06\/HOLY-SUPPS.png","contentUrl":"https:\/\/www.holy-supps.nl\/wp-content\/uploads\/2023\/06\/HOLY-SUPPS.png","width":1000,"height":400,"caption":"Holy Supps"},"image":{"@id":"https:\/\/www.holy-supps.nl\/#\/schema\/logo\/image\/"},"sameAs":["https:\/\/www.facebook.com\/holy.supps","https:\/\/www.instagram.com\/holy.supps.shop\/"]}]}},"jetpack_sharing_enabled":true,"_links":{"self":[{"href":"https:\/\/www.holy-supps.nl\/fr\/wp-json\/wp\/v2\/product\/3297","targetHints":{"allow":["GET"]}}],"collection":[{"href":"https:\/\/www.holy-supps.nl\/fr\/wp-json\/wp\/v2\/product"}],"about":[{"href":"https:\/\/www.holy-supps.nl\/fr\/wp-json\/wp\/v2\/types\/product"}],"replies":[{"embeddable":true,"href":"https:\/\/www.holy-supps.nl\/fr\/wp-json\/wp\/v2\/comments?post=3297"}],"wp:featuredmedia":[{"embeddable":true,"href":"https:\/\/www.holy-supps.nl\/fr\/wp-json\/wp\/v2\/media\/3312"}],"wp:attachment":[{"href":"https:\/\/www.holy-supps.nl\/fr\/wp-json\/wp\/v2\/media?parent=3297"}],"wp:term":[{"taxonomy":"product_brand","embeddable":true,"href":"https:\/\/www.holy-supps.nl\/fr\/wp-json\/wp\/v2\/product_brand?post=3297"},{"taxonomy":"product_cat","embeddable":true,"href":"https:\/\/www.holy-supps.nl\/fr\/wp-json\/wp\/v2\/product_cat?post=3297"},{"taxonomy":"product_tag","embeddable":true,"href":"https:\/\/www.holy-supps.nl\/fr\/wp-json\/wp\/v2\/product_tag?post=3297"}],"curies":[{"name":"wp","href":"https:\/\/api.w.org\/{rel}","templated":true}]}}