{"id":2772,"date":"2024-07-26T15:38:21","date_gmt":"2024-07-26T13:38:21","guid":{"rendered":"https:\/\/www.holy-supps.nl\/?post_type=product&#038;p=2772"},"modified":"2025-09-14T23:02:39","modified_gmt":"2025-09-14T21:02:39","slug":"musclemeds-nitrolift-pre-workout-500gr","status":"publish","type":"product","link":"https:\/\/www.holy-supps.nl\/fr\/product\/musclemeds-nitrolift-pre-workout-500gr\/","title":{"rendered":"Musclemeds - Nitrolift Pre Workout (500gr)"},"content":{"rendered":"<h2>FAITES PASSER VOTRE FORCE ET VOS PERFORMANCES AU NIVEAU SUP\u00c9RIEUR<\/h2>\n<p>Si vous \u00eates un athl\u00e8te ax\u00e9 sur la force, NITRO LIFT\u2122 est tout ce que vous attendez et plus encore d'une formule de pr\u00e9-entra\u00eenement. Sp\u00e9cifiquement formul\u00e9 pour tous ceux qui s'entra\u00eenent en mettant l'accent sur <strong>force et puissance<\/strong>.  <\/p>\n<h2>FORMULE PUISSANTE<\/h2>\n<p>Au c\u0153ur de NITRO LIFT de MuscleMeds se trouve une combinaison de cr\u00e9atine et d'ElevATP, avec des cofacteurs suppl\u00e9mentaires tels que la b\u00e9ta\u00efne et la niacine. L'ensemble forme un puissant m\u00e9lange de pr\u00e9-entra\u00eenement id\u00e9al pour les s\u00e9ances d'entra\u00eenement intenses.  <\/p>\n<h2>UNE COMPOSITION \u00c9QUILIBR\u00c9E<\/h2>\n<p>NITRO LIFT contient 5 g de cr\u00e9atine, 175 mg d'ElevATP, 2 g de b\u00e9ta\u00efne et 3,2 g de b\u00eata-alanine par portion. Cette combinaison est soigneusement dos\u00e9e pour une exp\u00e9rience de pr\u00e9-entra\u00eenement puissante et compl\u00e8te.  <\/p>\n<h2>CONCENTRATION ET DYNAMISME<\/h2>\n<p>NITRO LIFT contient des ingr\u00e9dients tels que Macuna pruriens (50% L-dopa), DMAE et caf\u00e9ine. Cette combinaison fait que la formule convient \u00e0 tous ceux qui souhaitent b\u00e9n\u00e9ficier d'une \u00e9nergie et d'une concentration accrues pendant l'exercice.  <\/p>\n<h2>EXP\u00c9RIENCE DE POMPAGE INTENSE<\/h2>\n<p>Le m\u00e9lange de 3g de citrulline et de 3g d'arginine dans un rapport 1:1, compl\u00e9t\u00e9 par de l'extrait d'\u00e9corce de pin, fait de NITRO LIFT un pr\u00e9-entra\u00eenement complet pour les athl\u00e8tes visant des s\u00e9ances de pompage intenses.  <\/p>\n<h2>DOSAGE FLEXIBLE<\/h2>\n<p>Parce que chaque athl\u00e8te est diff\u00e9rent, NITRO LIFT est con\u00e7u avec l'option de choisir une portion de 1 ou 2 cuill\u00e8res - adapt\u00e9e \u00e0 votre pr\u00e9f\u00e9rence personnelle, \u00e0 votre objectif et \u00e0 l'intensit\u00e9 de votre entra\u00eenement.  <\/p>\n<p><strong>NITRO LIFT\u2122 - pour les athl\u00e8tes s\u00e9rieux qui ne veulent que le meilleur de leur entra\u00eenement.<\/strong><\/p>","protected":false},"excerpt":{"rendered":"<p>Si vous \u00eates un athl\u00e8te ax\u00e9 sur la force, NITRO LIFT\u2122 est tout ce que vous recherchez dans une formule de pr\u00e9-entra\u00eenement. Sp\u00e9cifiquement con\u00e7u pour tous ceux qui se concentrent sur <strong>FORCE ET PUISSANCE<\/strong> - NITRO LIFT\u2122 est le choix des athl\u00e8tes qui veulent tirer le meilleur parti de leur entra\u00eenement.<\/p>","protected":false},"featured_media":2777,"comment_status":"open","ping_status":"closed","template":"","meta":[],"product_brand":[],"product_cat":[212,77,80,87,171,68,81],"product_tag":[],"class_list":{"0":"post-2772","1":"product","2":"type-product","3":"status-publish","4":"has-post-thumbnail","6":"product_cat-bestsellers","7":"product_cat-bundles-save","8":"product_cat-doel","9":"product_cat-energie-focus","10":"product_cat-musclemeds","11":"product_cat-pre-workout","12":"product_cat-spieropbouw","14":"first","15":"outofstock","16":"sale","17":"taxable","18":"shipping-taxable","19":"purchasable","20":"product-type-variable"},"yoast_head":"<!-- This site is optimized with the Yoast SEO plugin v27.4 - https:\/\/yoast.com\/product\/yoast-seo-wordpress\/ -->\n<title>Musclemeds - Nitrolift Pre Workout (500gr) - Holy-Supps.nl<\/title>\n<meta name=\"description\" content=\"Verhoog je kracht en prestaties met Musclemeds Nitrolift Pre Workout. Klinisch gedoseerd voor extreme energie, focus en spierkracht. Perfect voor serieuze atleten!\" \/>\n<meta name=\"robots\" content=\"index, follow, max-snippet:-1, max-image-preview:large, max-video-preview:-1\" \/>\n<link rel=\"canonical\" href=\"https:\/\/www.holy-supps.nl\/fr\/produit\/musclemeds-nitrolift-pre-workout-500gr\/\" \/>\n<meta property=\"og:locale\" content=\"fr_FR\" \/>\n<meta property=\"og:type\" content=\"article\" \/>\n<meta property=\"og:title\" content=\"Musclemeds - Nitrolift Pre Workout (500gr) - Holy-Supps.nl\" \/>\n<meta property=\"og:description\" content=\"Verhoog je kracht en prestaties met Musclemeds Nitrolift Pre Workout. Klinisch gedoseerd voor extreme energie, focus en spierkracht. Perfect voor serieuze atleten!\" \/>\n<meta property=\"og:url\" content=\"https:\/\/www.holy-supps.nl\/fr\/produit\/musclemeds-nitrolift-pre-workout-500gr\/\" \/>\n<meta property=\"og:site_name\" content=\"Holy-Supps.nl\" \/>\n<meta property=\"article:publisher\" content=\"https:\/\/www.facebook.com\/holy.supps\" \/>\n<meta property=\"article:modified_time\" content=\"2025-09-14T21:02:39+00:00\" \/>\n<meta property=\"og:image\" content=\"https:\/\/www.holy-supps.nl\/wp-content\/uploads\/2024\/07\/MM_nitrolift_render_Front_CHERRYLIME-243691_1300x.webp\" \/>\n\t<meta property=\"og:image:width\" content=\"1300\" \/>\n\t<meta property=\"og:image:height\" content=\"1300\" \/>\n\t<meta property=\"og:image:type\" content=\"image\/webp\" \/>\n<meta name=\"twitter:card\" content=\"summary_large_image\" \/>\n<meta name=\"twitter:label1\" content=\"Dur\u00e9e de lecture estim\u00e9e\" \/>\n\t<meta name=\"twitter:data1\" content=\"4 minutes\" \/>\n<script type=\"application\/ld+json\" class=\"yoast-schema-graph\">{\"@context\":\"https:\\\/\\\/schema.org\",\"@graph\":[{\"@type\":\"WebPage\",\"@id\":\"https:\\\/\\\/www.holy-supps.nl\\\/product\\\/musclemeds-nitrolift-pre-workout-500gr\\\/\",\"url\":\"https:\\\/\\\/www.holy-supps.nl\\\/product\\\/musclemeds-nitrolift-pre-workout-500gr\\\/\",\"name\":\"Musclemeds - Nitrolift Pre Workout (500gr) - Holy-Supps.nl\",\"isPartOf\":{\"@id\":\"https:\\\/\\\/www.holy-supps.nl\\\/#website\"},\"primaryImageOfPage\":{\"@id\":\"https:\\\/\\\/www.holy-supps.nl\\\/product\\\/musclemeds-nitrolift-pre-workout-500gr\\\/#primaryimage\"},\"image\":{\"@id\":\"https:\\\/\\\/www.holy-supps.nl\\\/product\\\/musclemeds-nitrolift-pre-workout-500gr\\\/#primaryimage\"},\"thumbnailUrl\":\"https:\\\/\\\/www.holy-supps.nl\\\/wp-content\\\/uploads\\\/2024\\\/07\\\/MM_nitrolift_render_Front_CHERRYLIME-243691_1300x.webp\",\"datePublished\":\"2024-07-26T13:38:21+00:00\",\"dateModified\":\"2025-09-14T21:02:39+00:00\",\"description\":\"Verhoog je kracht en prestaties met Musclemeds Nitrolift Pre Workout. Klinisch gedoseerd voor extreme energie, focus en spierkracht. Perfect voor serieuze atleten!\",\"breadcrumb\":{\"@id\":\"https:\\\/\\\/www.holy-supps.nl\\\/product\\\/musclemeds-nitrolift-pre-workout-500gr\\\/#breadcrumb\"},\"inLanguage\":\"fr-FR\",\"potentialAction\":[{\"@type\":\"ReadAction\",\"target\":[\"https:\\\/\\\/www.holy-supps.nl\\\/product\\\/musclemeds-nitrolift-pre-workout-500gr\\\/\"]}]},{\"@type\":\"ImageObject\",\"inLanguage\":\"fr-FR\",\"@id\":\"https:\\\/\\\/www.holy-supps.nl\\\/product\\\/musclemeds-nitrolift-pre-workout-500gr\\\/#primaryimage\",\"url\":\"https:\\\/\\\/www.holy-supps.nl\\\/wp-content\\\/uploads\\\/2024\\\/07\\\/MM_nitrolift_render_Front_CHERRYLIME-243691_1300x.webp\",\"contentUrl\":\"https:\\\/\\\/www.holy-supps.nl\\\/wp-content\\\/uploads\\\/2024\\\/07\\\/MM_nitrolift_render_Front_CHERRYLIME-243691_1300x.webp\",\"width\":1300,\"height\":1300},{\"@type\":\"BreadcrumbList\",\"@id\":\"https:\\\/\\\/www.holy-supps.nl\\\/product\\\/musclemeds-nitrolift-pre-workout-500gr\\\/#breadcrumb\",\"itemListElement\":[{\"@type\":\"ListItem\",\"position\":1,\"name\":\"Home\",\"item\":\"https:\\\/\\\/www.holy-supps.nl\\\/\"},{\"@type\":\"ListItem\",\"position\":2,\"name\":\"Winkel\",\"item\":\"https:\\\/\\\/www.holy-supps.nl\\\/winkel\\\/\"},{\"@type\":\"ListItem\",\"position\":3,\"name\":\"Musclemeds &#8211; Nitrolift Pre Workout (500gr)\"}]},{\"@type\":\"WebSite\",\"@id\":\"https:\\\/\\\/www.holy-supps.nl\\\/#website\",\"url\":\"https:\\\/\\\/www.holy-supps.nl\\\/\",\"name\":\"Holy-Supps.nl\",\"description\":\"Official EHPLabs Reseller!\",\"publisher\":{\"@id\":\"https:\\\/\\\/www.holy-supps.nl\\\/#organization\"},\"potentialAction\":[{\"@type\":\"SearchAction\",\"target\":{\"@type\":\"EntryPoint\",\"urlTemplate\":\"https:\\\/\\\/www.holy-supps.nl\\\/?s={search_term_string}\"},\"query-input\":{\"@type\":\"PropertyValueSpecification\",\"valueRequired\":true,\"valueName\":\"search_term_string\"}}],\"inLanguage\":\"fr-FR\"},{\"@type\":\"Organization\",\"@id\":\"https:\\\/\\\/www.holy-supps.nl\\\/#organization\",\"name\":\"Holy Supps\",\"url\":\"https:\\\/\\\/www.holy-supps.nl\\\/\",\"logo\":{\"@type\":\"ImageObject\",\"inLanguage\":\"fr-FR\",\"@id\":\"https:\\\/\\\/www.holy-supps.nl\\\/#\\\/schema\\\/logo\\\/image\\\/\",\"url\":\"https:\\\/\\\/www.holy-supps.nl\\\/wp-content\\\/uploads\\\/2023\\\/06\\\/HOLY-SUPPS.png\",\"contentUrl\":\"https:\\\/\\\/www.holy-supps.nl\\\/wp-content\\\/uploads\\\/2023\\\/06\\\/HOLY-SUPPS.png\",\"width\":1000,\"height\":400,\"caption\":\"Holy Supps\"},\"image\":{\"@id\":\"https:\\\/\\\/www.holy-supps.nl\\\/#\\\/schema\\\/logo\\\/image\\\/\"},\"sameAs\":[\"https:\\\/\\\/www.facebook.com\\\/holy.supps\",\"https:\\\/\\\/www.instagram.com\\\/holy.supps.shop\\\/\"]}]}<\/script>\n<!-- \/ Yoast SEO plugin. -->","yoast_head_json":{"title":"Musclemeds - Nitrolift Pre Workout (500gr) - Holy-Supps.fr","description":"Augmentez votre force et votre performance avec Musclemeds Nitrolift Pre Workout. Cliniquement dos\u00e9 pour une \u00e9nergie, une concentration et une force musculaire extr\u00eames. Parfait pour les athl\u00e8tes s\u00e9rieux !","robots":{"index":"index","follow":"follow","max-snippet":"max-snippet:-1","max-image-preview":"max-image-preview:large","max-video-preview":"max-video-preview:-1"},"canonical":"https:\/\/www.holy-supps.nl\/fr\/produit\/musclemeds-nitrolift-pre-workout-500gr\/","og_locale":"fr_FR","og_type":"article","og_title":"Musclemeds - Nitrolift Pre Workout (500gr) - Holy-Supps.nl","og_description":"Verhoog je kracht en prestaties met Musclemeds Nitrolift Pre Workout. Klinisch gedoseerd voor extreme energie, focus en spierkracht. Perfect voor serieuze atleten!","og_url":"https:\/\/www.holy-supps.nl\/fr\/produit\/musclemeds-nitrolift-pre-workout-500gr\/","og_site_name":"Holy-Supps.nl","article_publisher":"https:\/\/www.facebook.com\/holy.supps","article_modified_time":"2025-09-14T21:02:39+00:00","og_image":[{"width":1300,"height":1300,"url":"https:\/\/www.holy-supps.nl\/wp-content\/uploads\/2024\/07\/MM_nitrolift_render_Front_CHERRYLIME-243691_1300x.webp","type":"image\/webp"}],"twitter_card":"summary_large_image","twitter_misc":{"Dur\u00e9e de lecture estim\u00e9e":"4 minutes"},"schema":{"@context":"https:\/\/schema.org","@graph":[{"@type":"WebPage","@id":"https:\/\/www.holy-supps.nl\/product\/musclemeds-nitrolift-pre-workout-500gr\/","url":"https:\/\/www.holy-supps.nl\/product\/musclemeds-nitrolift-pre-workout-500gr\/","name":"Musclemeds - Nitrolift Pre Workout (500gr) - Holy-Supps.fr","isPartOf":{"@id":"https:\/\/www.holy-supps.nl\/#website"},"primaryImageOfPage":{"@id":"https:\/\/www.holy-supps.nl\/product\/musclemeds-nitrolift-pre-workout-500gr\/#primaryimage"},"image":{"@id":"https:\/\/www.holy-supps.nl\/product\/musclemeds-nitrolift-pre-workout-500gr\/#primaryimage"},"thumbnailUrl":"https:\/\/www.holy-supps.nl\/wp-content\/uploads\/2024\/07\/MM_nitrolift_render_Front_CHERRYLIME-243691_1300x.webp","datePublished":"2024-07-26T13:38:21+00:00","dateModified":"2025-09-14T21:02:39+00:00","description":"Augmentez votre force et votre performance avec Musclemeds Nitrolift Pre Workout. Cliniquement dos\u00e9 pour une \u00e9nergie, une concentration et une force musculaire extr\u00eames. Parfait pour les athl\u00e8tes s\u00e9rieux !","breadcrumb":{"@id":"https:\/\/www.holy-supps.nl\/product\/musclemeds-nitrolift-pre-workout-500gr\/#breadcrumb"},"inLanguage":"fr-FR","potentialAction":[{"@type":"ReadAction","target":["https:\/\/www.holy-supps.nl\/product\/musclemeds-nitrolift-pre-workout-500gr\/"]}]},{"@type":"ImageObject","inLanguage":"fr-FR","@id":"https:\/\/www.holy-supps.nl\/product\/musclemeds-nitrolift-pre-workout-500gr\/#primaryimage","url":"https:\/\/www.holy-supps.nl\/wp-content\/uploads\/2024\/07\/MM_nitrolift_render_Front_CHERRYLIME-243691_1300x.webp","contentUrl":"https:\/\/www.holy-supps.nl\/wp-content\/uploads\/2024\/07\/MM_nitrolift_render_Front_CHERRYLIME-243691_1300x.webp","width":1300,"height":1300},{"@type":"BreadcrumbList","@id":"https:\/\/www.holy-supps.nl\/product\/musclemeds-nitrolift-pre-workout-500gr\/#breadcrumb","itemListElement":[{"@type":"ListItem","position":1,"name":"Home","item":"https:\/\/www.holy-supps.nl\/"},{"@type":"ListItem","position":2,"name":"Winkel","item":"https:\/\/www.holy-supps.nl\/winkel\/"},{"@type":"ListItem","position":3,"name":"Musclemeds &#8211; Nitrolift Pre Workout (500gr)"}]},{"@type":"WebSite","@id":"https:\/\/www.holy-supps.nl\/#website","url":"https:\/\/www.holy-supps.nl\/","name":"Holy-Supps.co.uk","description":"Revendeur officiel EHPLabs !","publisher":{"@id":"https:\/\/www.holy-supps.nl\/#organization"},"potentialAction":[{"@type":"SearchAction","target":{"@type":"EntryPoint","urlTemplate":"https:\/\/www.holy-supps.nl\/?s={search_term_string}"},"query-input":{"@type":"PropertyValueSpecification","valueRequired":true,"valueName":"search_term_string"}}],"inLanguage":"fr-FR"},{"@type":"Organization","@id":"https:\/\/www.holy-supps.nl\/#organization","name":"Les Saints Souvenirs","url":"https:\/\/www.holy-supps.nl\/","logo":{"@type":"ImageObject","inLanguage":"fr-FR","@id":"https:\/\/www.holy-supps.nl\/#\/schema\/logo\/image\/","url":"https:\/\/www.holy-supps.nl\/wp-content\/uploads\/2023\/06\/HOLY-SUPPS.png","contentUrl":"https:\/\/www.holy-supps.nl\/wp-content\/uploads\/2023\/06\/HOLY-SUPPS.png","width":1000,"height":400,"caption":"Holy Supps"},"image":{"@id":"https:\/\/www.holy-supps.nl\/#\/schema\/logo\/image\/"},"sameAs":["https:\/\/www.facebook.com\/holy.supps","https:\/\/www.instagram.com\/holy.supps.shop\/"]}]}},"jetpack_sharing_enabled":true,"_links":{"self":[{"href":"https:\/\/www.holy-supps.nl\/fr\/wp-json\/wp\/v2\/product\/2772","targetHints":{"allow":["GET"]}}],"collection":[{"href":"https:\/\/www.holy-supps.nl\/fr\/wp-json\/wp\/v2\/product"}],"about":[{"href":"https:\/\/www.holy-supps.nl\/fr\/wp-json\/wp\/v2\/types\/product"}],"replies":[{"embeddable":true,"href":"https:\/\/www.holy-supps.nl\/fr\/wp-json\/wp\/v2\/comments?post=2772"}],"wp:featuredmedia":[{"embeddable":true,"href":"https:\/\/www.holy-supps.nl\/fr\/wp-json\/wp\/v2\/media\/2777"}],"wp:attachment":[{"href":"https:\/\/www.holy-supps.nl\/fr\/wp-json\/wp\/v2\/media?parent=2772"}],"wp:term":[{"taxonomy":"product_brand","embeddable":true,"href":"https:\/\/www.holy-supps.nl\/fr\/wp-json\/wp\/v2\/product_brand?post=2772"},{"taxonomy":"product_cat","embeddable":true,"href":"https:\/\/www.holy-supps.nl\/fr\/wp-json\/wp\/v2\/product_cat?post=2772"},{"taxonomy":"product_tag","embeddable":true,"href":"https:\/\/www.holy-supps.nl\/fr\/wp-json\/wp\/v2\/product_tag?post=2772"}],"curies":[{"name":"wp","href":"https:\/\/api.w.org\/{rel}","templated":true}]}}