{"id":276,"date":"2023-03-06T14:48:02","date_gmt":"2023-03-06T13:48:02","guid":{"rendered":"https:\/\/www.holy-supps.nl\/?post_type=product&#038;p=276"},"modified":"2025-08-26T16:19:59","modified_gmt":"2025-08-26T14:19:59","slug":"oxyrem-for-men-i-deep-sleep-fat-burner-ehp-labs","status":"publish","type":"product","link":"https:\/\/www.holy-supps.nl\/fr\/product\/oxyrem-for-men-i-deep-sleep-fat-burner-ehp-labs\/","title":{"rendered":"OXYREM pour Homme - Br\u00fbleur de graisse en sommeil profond - EHP Labs"},"content":{"rendered":"<p>OxyRem est un suppl\u00e9ment nocturne non stimulant qui peut \u00eatre pris juste avant le coucher. Compos\u00e9e d'un m\u00e9lange unique d'ingr\u00e9dients, la formule est con\u00e7ue pour \u00eatre un compl\u00e9ment polyvalent \u00e0 votre routine du soir.<\/p>\n<p>Chaque g\u00e9lule OxyRem contient des composants soigneusement s\u00e9lectionn\u00e9s tels que la m\u00e9latonine, le GABA et le zinc, associ\u00e9s au chrome, \u00e0 la c\u00e9tone de framboise, \u00e0 la L-th\u00e9anine et \u00e0 l'acide alpha-lipo\u00efque. Cette combinaison fait d'OxyRem un produit populaire au sein de la gamme.<\/p>\n<h2>CARACT\u00c9RISTIQUES<\/h2>\n<p>- Formule 3 en 1 avec une combinaison unique d'ingr\u00e9dients<br \/>\n- Non stimulant et donc adapt\u00e9 \u00e0 une utilisation en soir\u00e9e<br \/>\n- Contient de la m\u00e9latonine, du GABA et du zinc<br \/>\n- Enrichi en chrome, c\u00e9tone de framboise, L-th\u00e9anine et acide alpha lipo\u00efque<\/p>\n<h2>DOSAGE<\/h2>\n<p>Comme compl\u00e9ment alimentaire, prendre trois (3) g\u00e9lules 30 minutes avant le coucher, ou selon les recommandations d'un m\u00e9decin ou d'un th\u00e9rapeute.<\/p>","protected":false},"excerpt":{"rendered":"<p>OxyRem Deep Sleep Formula for Men est un compl\u00e9ment nocturne 3-en-1 \u00e0 la composition unique. La formule contient des ingr\u00e9dients soigneusement s\u00e9lectionn\u00e9s et n'est pas stimulante, ce qui la rend adapt\u00e9e \u00e0 une utilisation en soir\u00e9e.  <\/p>\n<p>OxyRem a \u00e9t\u00e9 d\u00e9velopp\u00e9 \u00e0 partir d'une combinaison d'ingr\u00e9dients qui se compl\u00e8tent mutuellement et qui, ensemble, constituent un compl\u00e9ment polyvalent \u00e0 votre routine du soir.<\/p>","protected":false},"featured_media":602,"comment_status":"open","ping_status":"closed","template":"","meta":[],"product_brand":[],"product_cat":[89,80,72,69,15,74,71],"product_tag":[],"class_list":{"0":"post-276","1":"product","2":"type-product","3":"status-publish","4":"has-post-thumbnail","6":"product_cat-afvallen","7":"product_cat-doel","8":"product_cat-ehplabs","9":"product_cat-fatburners","10":"product_cat-geen-categorie","11":"product_cat-health-wellness","12":"product_cat-merken","14":"first","15":"outofstock","16":"taxable","17":"shipping-taxable","18":"purchasable","19":"product-type-simple"},"yoast_head":"<!-- This site is optimized with the Yoast SEO plugin v27.4 - https:\/\/yoast.com\/product\/yoast-seo-wordpress\/ -->\n<title>OXYREM for Men - Deep Sleep Fat burner - EHP Labs - Holy-Supps.nl<\/title>\n<meta name=\"description\" content=\"OxyRem for Men: Bevordert diepe REM-slaap, reguleert het metabolisme, en verbrandt vet zonder stimulanten. Perfect voor herstel en vetverlies.\" \/>\n<meta name=\"robots\" content=\"index, follow, max-snippet:-1, max-image-preview:large, max-video-preview:-1\" \/>\n<link rel=\"canonical\" href=\"https:\/\/www.holy-supps.nl\/fr\/produit\/oxyrem-for-men-i-deep-sleep-fat-burner-ehp-labs\/\" \/>\n<meta property=\"og:locale\" content=\"fr_FR\" \/>\n<meta property=\"og:type\" content=\"article\" \/>\n<meta property=\"og:title\" content=\"OXYREM for Men - Deep Sleep Fat burner - EHP Labs - Holy-Supps.nl\" \/>\n<meta property=\"og:description\" content=\"OxyRem for Men: Bevordert diepe REM-slaap, reguleert het metabolisme, en verbrandt vet zonder stimulanten. Perfect voor herstel en vetverlies.\" \/>\n<meta property=\"og:url\" content=\"https:\/\/www.holy-supps.nl\/fr\/produit\/oxyrem-for-men-i-deep-sleep-fat-burner-ehp-labs\/\" \/>\n<meta property=\"og:site_name\" content=\"Holy-Supps.nl\" \/>\n<meta property=\"article:publisher\" content=\"https:\/\/www.facebook.com\/holy.supps\" \/>\n<meta property=\"article:modified_time\" content=\"2025-08-26T14:19:59+00:00\" \/>\n<meta property=\"og:image\" content=\"https:\/\/www.holy-supps.nl\/wp-content\/uploads\/2023\/03\/PIL-REMM1.webp\" \/>\n\t<meta property=\"og:image:width\" content=\"1000\" \/>\n\t<meta property=\"og:image:height\" content=\"1000\" \/>\n\t<meta property=\"og:image:type\" content=\"image\/webp\" \/>\n<meta name=\"twitter:card\" content=\"summary_large_image\" \/>\n<meta name=\"twitter:label1\" content=\"Dur\u00e9e de lecture estim\u00e9e\" \/>\n\t<meta name=\"twitter:data1\" content=\"1 minute\" \/>\n<script type=\"application\/ld+json\" class=\"yoast-schema-graph\">{\"@context\":\"https:\\\/\\\/schema.org\",\"@graph\":[{\"@type\":\"WebPage\",\"@id\":\"https:\\\/\\\/www.holy-supps.nl\\\/product\\\/oxyrem-for-men-i-deep-sleep-fat-burner-ehp-labs\\\/\",\"url\":\"https:\\\/\\\/www.holy-supps.nl\\\/product\\\/oxyrem-for-men-i-deep-sleep-fat-burner-ehp-labs\\\/\",\"name\":\"OXYREM for Men - Deep Sleep Fat burner - EHP Labs - Holy-Supps.nl\",\"isPartOf\":{\"@id\":\"https:\\\/\\\/www.holy-supps.nl\\\/#website\"},\"primaryImageOfPage\":{\"@id\":\"https:\\\/\\\/www.holy-supps.nl\\\/product\\\/oxyrem-for-men-i-deep-sleep-fat-burner-ehp-labs\\\/#primaryimage\"},\"image\":{\"@id\":\"https:\\\/\\\/www.holy-supps.nl\\\/product\\\/oxyrem-for-men-i-deep-sleep-fat-burner-ehp-labs\\\/#primaryimage\"},\"thumbnailUrl\":\"https:\\\/\\\/www.holy-supps.nl\\\/wp-content\\\/uploads\\\/2023\\\/03\\\/PIL-REMM1.webp\",\"datePublished\":\"2023-03-06T13:48:02+00:00\",\"dateModified\":\"2025-08-26T14:19:59+00:00\",\"description\":\"OxyRem for Men: Bevordert diepe REM-slaap, reguleert het metabolisme, en verbrandt vet zonder stimulanten. Perfect voor herstel en vetverlies.\",\"breadcrumb\":{\"@id\":\"https:\\\/\\\/www.holy-supps.nl\\\/product\\\/oxyrem-for-men-i-deep-sleep-fat-burner-ehp-labs\\\/#breadcrumb\"},\"inLanguage\":\"fr-FR\",\"potentialAction\":[{\"@type\":\"ReadAction\",\"target\":[\"https:\\\/\\\/www.holy-supps.nl\\\/product\\\/oxyrem-for-men-i-deep-sleep-fat-burner-ehp-labs\\\/\"]}]},{\"@type\":\"ImageObject\",\"inLanguage\":\"fr-FR\",\"@id\":\"https:\\\/\\\/www.holy-supps.nl\\\/product\\\/oxyrem-for-men-i-deep-sleep-fat-burner-ehp-labs\\\/#primaryimage\",\"url\":\"https:\\\/\\\/www.holy-supps.nl\\\/wp-content\\\/uploads\\\/2023\\\/03\\\/PIL-REMM1.webp\",\"contentUrl\":\"https:\\\/\\\/www.holy-supps.nl\\\/wp-content\\\/uploads\\\/2023\\\/03\\\/PIL-REMM1.webp\",\"width\":1000,\"height\":1000},{\"@type\":\"BreadcrumbList\",\"@id\":\"https:\\\/\\\/www.holy-supps.nl\\\/product\\\/oxyrem-for-men-i-deep-sleep-fat-burner-ehp-labs\\\/#breadcrumb\",\"itemListElement\":[{\"@type\":\"ListItem\",\"position\":1,\"name\":\"Home\",\"item\":\"https:\\\/\\\/www.holy-supps.nl\\\/\"},{\"@type\":\"ListItem\",\"position\":2,\"name\":\"Winkel\",\"item\":\"https:\\\/\\\/www.holy-supps.nl\\\/winkel\\\/\"},{\"@type\":\"ListItem\",\"position\":3,\"name\":\"OXYREM for Men &#8211; Deep Sleep Fat burner &#8211; EHP Labs\"}]},{\"@type\":\"WebSite\",\"@id\":\"https:\\\/\\\/www.holy-supps.nl\\\/#website\",\"url\":\"https:\\\/\\\/www.holy-supps.nl\\\/\",\"name\":\"Holy-Supps.nl\",\"description\":\"Official EHPLabs Reseller!\",\"publisher\":{\"@id\":\"https:\\\/\\\/www.holy-supps.nl\\\/#organization\"},\"potentialAction\":[{\"@type\":\"SearchAction\",\"target\":{\"@type\":\"EntryPoint\",\"urlTemplate\":\"https:\\\/\\\/www.holy-supps.nl\\\/?s={search_term_string}\"},\"query-input\":{\"@type\":\"PropertyValueSpecification\",\"valueRequired\":true,\"valueName\":\"search_term_string\"}}],\"inLanguage\":\"fr-FR\"},{\"@type\":\"Organization\",\"@id\":\"https:\\\/\\\/www.holy-supps.nl\\\/#organization\",\"name\":\"Holy Supps\",\"url\":\"https:\\\/\\\/www.holy-supps.nl\\\/\",\"logo\":{\"@type\":\"ImageObject\",\"inLanguage\":\"fr-FR\",\"@id\":\"https:\\\/\\\/www.holy-supps.nl\\\/#\\\/schema\\\/logo\\\/image\\\/\",\"url\":\"https:\\\/\\\/www.holy-supps.nl\\\/wp-content\\\/uploads\\\/2023\\\/06\\\/HOLY-SUPPS.png\",\"contentUrl\":\"https:\\\/\\\/www.holy-supps.nl\\\/wp-content\\\/uploads\\\/2023\\\/06\\\/HOLY-SUPPS.png\",\"width\":1000,\"height\":400,\"caption\":\"Holy Supps\"},\"image\":{\"@id\":\"https:\\\/\\\/www.holy-supps.nl\\\/#\\\/schema\\\/logo\\\/image\\\/\"},\"sameAs\":[\"https:\\\/\\\/www.facebook.com\\\/holy.supps\",\"https:\\\/\\\/www.instagram.com\\\/holy.supps.shop\\\/\"]}]}<\/script>\n<!-- \/ Yoast SEO plugin. -->","yoast_head_json":{"title":"OXYREM pour Homme - Br\u00fbleur de graisse en sommeil profond - EHP Labs - Holy-Supps.com","description":"OxyRem for Men : Favorise le sommeil paradoxal profond, r\u00e9gule le m\u00e9tabolisme et br\u00fble les graisses sans stimulants. Parfait pour la r\u00e9cup\u00e9ration et la perte de graisse.","robots":{"index":"index","follow":"follow","max-snippet":"max-snippet:-1","max-image-preview":"max-image-preview:large","max-video-preview":"max-video-preview:-1"},"canonical":"https:\/\/www.holy-supps.nl\/fr\/produit\/oxyrem-for-men-i-deep-sleep-fat-burner-ehp-labs\/","og_locale":"fr_FR","og_type":"article","og_title":"OXYREM for Men - Deep Sleep Fat burner - EHP Labs - Holy-Supps.nl","og_description":"OxyRem for Men: Bevordert diepe REM-slaap, reguleert het metabolisme, en verbrandt vet zonder stimulanten. Perfect voor herstel en vetverlies.","og_url":"https:\/\/www.holy-supps.nl\/fr\/produit\/oxyrem-for-men-i-deep-sleep-fat-burner-ehp-labs\/","og_site_name":"Holy-Supps.nl","article_publisher":"https:\/\/www.facebook.com\/holy.supps","article_modified_time":"2025-08-26T14:19:59+00:00","og_image":[{"width":1000,"height":1000,"url":"https:\/\/www.holy-supps.nl\/wp-content\/uploads\/2023\/03\/PIL-REMM1.webp","type":"image\/webp"}],"twitter_card":"summary_large_image","twitter_misc":{"Dur\u00e9e de lecture estim\u00e9e":"1 minute"},"schema":{"@context":"https:\/\/schema.org","@graph":[{"@type":"WebPage","@id":"https:\/\/www.holy-supps.nl\/product\/oxyrem-for-men-i-deep-sleep-fat-burner-ehp-labs\/","url":"https:\/\/www.holy-supps.nl\/product\/oxyrem-for-men-i-deep-sleep-fat-burner-ehp-labs\/","name":"OXYREM pour Homme - Br\u00fbleur de graisse en sommeil profond - EHP Labs - Holy-Supps.com","isPartOf":{"@id":"https:\/\/www.holy-supps.nl\/#website"},"primaryImageOfPage":{"@id":"https:\/\/www.holy-supps.nl\/product\/oxyrem-for-men-i-deep-sleep-fat-burner-ehp-labs\/#primaryimage"},"image":{"@id":"https:\/\/www.holy-supps.nl\/product\/oxyrem-for-men-i-deep-sleep-fat-burner-ehp-labs\/#primaryimage"},"thumbnailUrl":"https:\/\/www.holy-supps.nl\/wp-content\/uploads\/2023\/03\/PIL-REMM1.webp","datePublished":"2023-03-06T13:48:02+00:00","dateModified":"2025-08-26T14:19:59+00:00","description":"OxyRem for Men : Favorise le sommeil paradoxal profond, r\u00e9gule le m\u00e9tabolisme et br\u00fble les graisses sans stimulants. Parfait pour la r\u00e9cup\u00e9ration et la perte de graisse.","breadcrumb":{"@id":"https:\/\/www.holy-supps.nl\/product\/oxyrem-for-men-i-deep-sleep-fat-burner-ehp-labs\/#breadcrumb"},"inLanguage":"fr-FR","potentialAction":[{"@type":"ReadAction","target":["https:\/\/www.holy-supps.nl\/product\/oxyrem-for-men-i-deep-sleep-fat-burner-ehp-labs\/"]}]},{"@type":"ImageObject","inLanguage":"fr-FR","@id":"https:\/\/www.holy-supps.nl\/product\/oxyrem-for-men-i-deep-sleep-fat-burner-ehp-labs\/#primaryimage","url":"https:\/\/www.holy-supps.nl\/wp-content\/uploads\/2023\/03\/PIL-REMM1.webp","contentUrl":"https:\/\/www.holy-supps.nl\/wp-content\/uploads\/2023\/03\/PIL-REMM1.webp","width":1000,"height":1000},{"@type":"BreadcrumbList","@id":"https:\/\/www.holy-supps.nl\/product\/oxyrem-for-men-i-deep-sleep-fat-burner-ehp-labs\/#breadcrumb","itemListElement":[{"@type":"ListItem","position":1,"name":"Home","item":"https:\/\/www.holy-supps.nl\/"},{"@type":"ListItem","position":2,"name":"Winkel","item":"https:\/\/www.holy-supps.nl\/winkel\/"},{"@type":"ListItem","position":3,"name":"OXYREM for Men &#8211; Deep Sleep Fat burner &#8211; EHP Labs"}]},{"@type":"WebSite","@id":"https:\/\/www.holy-supps.nl\/#website","url":"https:\/\/www.holy-supps.nl\/","name":"Holy-Supps.co.uk","description":"Revendeur officiel EHPLabs !","publisher":{"@id":"https:\/\/www.holy-supps.nl\/#organization"},"potentialAction":[{"@type":"SearchAction","target":{"@type":"EntryPoint","urlTemplate":"https:\/\/www.holy-supps.nl\/?s={search_term_string}"},"query-input":{"@type":"PropertyValueSpecification","valueRequired":true,"valueName":"search_term_string"}}],"inLanguage":"fr-FR"},{"@type":"Organization","@id":"https:\/\/www.holy-supps.nl\/#organization","name":"Les Saints Souvenirs","url":"https:\/\/www.holy-supps.nl\/","logo":{"@type":"ImageObject","inLanguage":"fr-FR","@id":"https:\/\/www.holy-supps.nl\/#\/schema\/logo\/image\/","url":"https:\/\/www.holy-supps.nl\/wp-content\/uploads\/2023\/06\/HOLY-SUPPS.png","contentUrl":"https:\/\/www.holy-supps.nl\/wp-content\/uploads\/2023\/06\/HOLY-SUPPS.png","width":1000,"height":400,"caption":"Holy Supps"},"image":{"@id":"https:\/\/www.holy-supps.nl\/#\/schema\/logo\/image\/"},"sameAs":["https:\/\/www.facebook.com\/holy.supps","https:\/\/www.instagram.com\/holy.supps.shop\/"]}]}},"jetpack_sharing_enabled":true,"_links":{"self":[{"href":"https:\/\/www.holy-supps.nl\/fr\/wp-json\/wp\/v2\/product\/276","targetHints":{"allow":["GET"]}}],"collection":[{"href":"https:\/\/www.holy-supps.nl\/fr\/wp-json\/wp\/v2\/product"}],"about":[{"href":"https:\/\/www.holy-supps.nl\/fr\/wp-json\/wp\/v2\/types\/product"}],"replies":[{"embeddable":true,"href":"https:\/\/www.holy-supps.nl\/fr\/wp-json\/wp\/v2\/comments?post=276"}],"wp:featuredmedia":[{"embeddable":true,"href":"https:\/\/www.holy-supps.nl\/fr\/wp-json\/wp\/v2\/media\/602"}],"wp:attachment":[{"href":"https:\/\/www.holy-supps.nl\/fr\/wp-json\/wp\/v2\/media?parent=276"}],"wp:term":[{"taxonomy":"product_brand","embeddable":true,"href":"https:\/\/www.holy-supps.nl\/fr\/wp-json\/wp\/v2\/product_brand?post=276"},{"taxonomy":"product_cat","embeddable":true,"href":"https:\/\/www.holy-supps.nl\/fr\/wp-json\/wp\/v2\/product_cat?post=276"},{"taxonomy":"product_tag","embeddable":true,"href":"https:\/\/www.holy-supps.nl\/fr\/wp-json\/wp\/v2\/product_tag?post=276"}],"curies":[{"name":"wp","href":"https:\/\/api.w.org\/{rel}","templated":true}]}}