{"id":2755,"date":"2024-07-26T15:14:13","date_gmt":"2024-07-26T13:14:13","guid":{"rendered":"https:\/\/www.holy-supps.nl\/?post_type=product&#038;p=2755"},"modified":"2026-04-23T17:07:21","modified_gmt":"2026-04-23T15:07:21","slug":"fit-lean-meal-shake-450-gr","status":"publish","type":"product","link":"https:\/\/www.holy-supps.nl\/fr\/product\/fit-lean-meal-shake-450-gr\/","title":{"rendered":"Fit &amp; Lean - Repas Shake (450gr)"},"content":{"rendered":"<p>Fit&amp;Lean Meal Shake est un substitut de repas savoureux qui s'int\u00e8gre parfaitement dans un r\u00e9gime alimentaire sain et \u00e9quilibr\u00e9. Cette formule sans gluten contient 20 grammes de prot\u00e9ines pour seulement 150 calories par portion. Elle est \u00e9galement enrichie en fibres, l\u00e9gumes, fruits, probiotiques, vitamines et min\u00e9raux. Un choix pratique et nutritif \u00e0 tout moment de la journ\u00e9e.<\/p>\n<ul>\n<li>20 g de prot\u00e9ines<\/li>\n<li>10-11 g de fibres<\/li>\n<li>28-30 sortes de fruits et l\u00e9gumes<\/li>\n<li>500 millions d'UFC de probiotiques<\/li>\n<li>26 vitamines et min\u00e9raux<\/li>\n<li>5 g de glucides nets ou moins<\/li>\n<li>1 g de sucre ou moins<\/li>\n<li>Avec du caf\u00e9 vert, de la garcinia cambogia et du th\u00e9 vert<\/li>\n<\/ul>\n<h2>Caract\u00e9ristiques du produit<\/h2>\n<ul>\n<li>Faible teneur en calories<\/li>\n<li>Sans gluten<\/li>\n<li>Riche en nutriments<\/li>\n<li>Pratique comme substitut de repas<\/li>\n<li>Contient des ingr\u00e9dients naturels et des super-aliments<\/li>\n<\/ul>\n<h2>Ingr\u00e9dients<\/h2>\n<p>Voir les photos<\/p>","protected":false},"excerpt":{"rendered":"<ul>\n<li>20 g de prot\u00e9ines<\/li>\n<li>10-11 g de fibres<\/li>\n<li>28-30 Fruits et l\u00e9gumes entiers<\/li>\n<li>500 millions d'UFC de probiotiques<\/li>\n<li>26 Vitamines et min\u00e9raux<\/li>\n<li>5 g de glucides nets ou moins<\/li>\n<li>1 g de sucre ou moins<\/li>\n<li>Caf\u00e9 vert, Garcinia Cambogia et th\u00e9 vert<\/li>\n<\/ul>","protected":false},"featured_media":2756,"comment_status":"open","ping_status":"closed","template":"","meta":[],"product_brand":[],"product_cat":[89,77,67,69,231,74,79,81,92],"product_tag":[],"class_list":{"0":"post-2755","1":"product","2":"type-product","3":"status-publish","4":"has-post-thumbnail","6":"product_cat-afvallen","7":"product_cat-bundles-save","8":"product_cat-eiwitten-proteine","9":"product_cat-fatburners","10":"product_cat-fit-lean","11":"product_cat-health-wellness","12":"product_cat-maaltijdvervangers","13":"product_cat-spieropbouw","14":"product_cat-vitamine-mineralen","16":"first","17":"instock","18":"sale","19":"taxable","20":"shipping-taxable","21":"purchasable","22":"product-type-variable"},"yoast_head":"<!-- This site is optimized with the Yoast SEO plugin v27.5 - https:\/\/yoast.com\/product\/yoast-seo-wordpress\/ -->\n<title>Fit &amp; Lean - Meal Shake (450gr) - Holy-Supps.nl<\/title>\n<meta name=\"description\" content=\"Verminder honger en stimuleer gewichtsverlies met Fit &amp; Lean Meal Shake: 20g eiwit, 11g vezels, 28 superfoods. Slechts 150 calorie\u00ebn per portie.\" \/>\n<meta name=\"robots\" content=\"index, follow, max-snippet:-1, max-image-preview:large, max-video-preview:-1\" \/>\n<link rel=\"canonical\" href=\"https:\/\/www.holy-supps.nl\/fr\/produit\/fit-lean-meal-shake-450-gr\/\" \/>\n<meta property=\"og:locale\" content=\"fr_FR\" \/>\n<meta property=\"og:type\" content=\"article\" \/>\n<meta property=\"og:title\" content=\"Fit &amp; Lean - Meal Shake (450gr) - Holy-Supps.nl\" \/>\n<meta property=\"og:description\" content=\"Verminder honger en stimuleer gewichtsverlies met Fit &amp; Lean Meal Shake: 20g eiwit, 11g vezels, 28 superfoods. Slechts 150 calorie\u00ebn per portie.\" \/>\n<meta property=\"og:url\" content=\"https:\/\/www.holy-supps.nl\/fr\/produit\/fit-lean-meal-shake-450-gr\/\" \/>\n<meta property=\"og:site_name\" content=\"Holy-Supps.nl\" \/>\n<meta property=\"article:publisher\" content=\"https:\/\/www.facebook.com\/holy.supps\" \/>\n<meta property=\"article:modified_time\" content=\"2026-04-23T15:07:21+00:00\" \/>\n<meta property=\"og:image\" content=\"https:\/\/www.holy-supps.nl\/wp-content\/uploads\/2024\/07\/1FL_mealshake_vanillaicecream_productimage_front-1.webp\" \/>\n\t<meta property=\"og:image:width\" content=\"1080\" \/>\n\t<meta property=\"og:image:height\" content=\"1080\" \/>\n\t<meta property=\"og:image:type\" content=\"image\/webp\" \/>\n<meta name=\"twitter:card\" content=\"summary_large_image\" \/>\n<meta name=\"twitter:label1\" content=\"Dur\u00e9e de lecture estim\u00e9e\" \/>\n\t<meta name=\"twitter:data1\" content=\"1 minute\" \/>\n<script type=\"application\/ld+json\" class=\"yoast-schema-graph\">{\"@context\":\"https:\\\/\\\/schema.org\",\"@graph\":[{\"@type\":\"WebPage\",\"@id\":\"https:\\\/\\\/www.holy-supps.nl\\\/product\\\/fit-lean-meal-shake-450-gr\\\/\",\"url\":\"https:\\\/\\\/www.holy-supps.nl\\\/product\\\/fit-lean-meal-shake-450-gr\\\/\",\"name\":\"Fit & Lean - Meal Shake (450gr) - Holy-Supps.nl\",\"isPartOf\":{\"@id\":\"https:\\\/\\\/www.holy-supps.nl\\\/#website\"},\"primaryImageOfPage\":{\"@id\":\"https:\\\/\\\/www.holy-supps.nl\\\/product\\\/fit-lean-meal-shake-450-gr\\\/#primaryimage\"},\"image\":{\"@id\":\"https:\\\/\\\/www.holy-supps.nl\\\/product\\\/fit-lean-meal-shake-450-gr\\\/#primaryimage\"},\"thumbnailUrl\":\"https:\\\/\\\/www.holy-supps.nl\\\/wp-content\\\/uploads\\\/2024\\\/07\\\/1FL_mealshake_vanillaicecream_productimage_front-1.webp\",\"datePublished\":\"2024-07-26T13:14:13+00:00\",\"dateModified\":\"2026-04-23T15:07:21+00:00\",\"description\":\"Verminder honger en stimuleer gewichtsverlies met Fit & Lean Meal Shake: 20g eiwit, 11g vezels, 28 superfoods. Slechts 150 calorie\u00ebn per portie.\",\"breadcrumb\":{\"@id\":\"https:\\\/\\\/www.holy-supps.nl\\\/product\\\/fit-lean-meal-shake-450-gr\\\/#breadcrumb\"},\"inLanguage\":\"fr-FR\",\"potentialAction\":[{\"@type\":\"ReadAction\",\"target\":[\"https:\\\/\\\/www.holy-supps.nl\\\/product\\\/fit-lean-meal-shake-450-gr\\\/\"]}]},{\"@type\":\"ImageObject\",\"inLanguage\":\"fr-FR\",\"@id\":\"https:\\\/\\\/www.holy-supps.nl\\\/product\\\/fit-lean-meal-shake-450-gr\\\/#primaryimage\",\"url\":\"https:\\\/\\\/www.holy-supps.nl\\\/wp-content\\\/uploads\\\/2024\\\/07\\\/1FL_mealshake_vanillaicecream_productimage_front-1.webp\",\"contentUrl\":\"https:\\\/\\\/www.holy-supps.nl\\\/wp-content\\\/uploads\\\/2024\\\/07\\\/1FL_mealshake_vanillaicecream_productimage_front-1.webp\",\"width\":1080,\"height\":1080},{\"@type\":\"BreadcrumbList\",\"@id\":\"https:\\\/\\\/www.holy-supps.nl\\\/product\\\/fit-lean-meal-shake-450-gr\\\/#breadcrumb\",\"itemListElement\":[{\"@type\":\"ListItem\",\"position\":1,\"name\":\"Home\",\"item\":\"https:\\\/\\\/www.holy-supps.nl\\\/\"},{\"@type\":\"ListItem\",\"position\":2,\"name\":\"Winkel\",\"item\":\"https:\\\/\\\/www.holy-supps.nl\\\/winkel\\\/\"},{\"@type\":\"ListItem\",\"position\":3,\"name\":\"Fit &#038; Lean &#8211; Meal Shake (450gr)\"}]},{\"@type\":\"WebSite\",\"@id\":\"https:\\\/\\\/www.holy-supps.nl\\\/#website\",\"url\":\"https:\\\/\\\/www.holy-supps.nl\\\/\",\"name\":\"Holy-Supps.nl\",\"description\":\"Official EHPLabs Reseller!\",\"publisher\":{\"@id\":\"https:\\\/\\\/www.holy-supps.nl\\\/#organization\"},\"potentialAction\":[{\"@type\":\"SearchAction\",\"target\":{\"@type\":\"EntryPoint\",\"urlTemplate\":\"https:\\\/\\\/www.holy-supps.nl\\\/?s={search_term_string}\"},\"query-input\":{\"@type\":\"PropertyValueSpecification\",\"valueRequired\":true,\"valueName\":\"search_term_string\"}}],\"inLanguage\":\"fr-FR\"},{\"@type\":\"Organization\",\"@id\":\"https:\\\/\\\/www.holy-supps.nl\\\/#organization\",\"name\":\"Holy Supps\",\"url\":\"https:\\\/\\\/www.holy-supps.nl\\\/\",\"logo\":{\"@type\":\"ImageObject\",\"inLanguage\":\"fr-FR\",\"@id\":\"https:\\\/\\\/www.holy-supps.nl\\\/#\\\/schema\\\/logo\\\/image\\\/\",\"url\":\"https:\\\/\\\/www.holy-supps.nl\\\/wp-content\\\/uploads\\\/2023\\\/06\\\/HOLY-SUPPS.png\",\"contentUrl\":\"https:\\\/\\\/www.holy-supps.nl\\\/wp-content\\\/uploads\\\/2023\\\/06\\\/HOLY-SUPPS.png\",\"width\":1000,\"height\":400,\"caption\":\"Holy Supps\"},\"image\":{\"@id\":\"https:\\\/\\\/www.holy-supps.nl\\\/#\\\/schema\\\/logo\\\/image\\\/\"},\"sameAs\":[\"https:\\\/\\\/www.facebook.com\\\/holy.supps\",\"https:\\\/\\\/www.instagram.com\\\/holy.supps.shop\\\/\"]}]}<\/script>\n<!-- \/ Yoast SEO plugin. -->","yoast_head_json":{"title":"Fit &amp; Lean - Meal Shake (450gr) - Holy-Supps.fr","description":"R\u00e9duisez la faim et stimulez la perte de poids avec Fit &amp; Lean Meal Shake : 20 g de prot\u00e9ines, 11 g de fibres, 28 super-aliments. Seulement 150 calories par portion.","robots":{"index":"index","follow":"follow","max-snippet":"max-snippet:-1","max-image-preview":"max-image-preview:large","max-video-preview":"max-video-preview:-1"},"canonical":"https:\/\/www.holy-supps.nl\/fr\/produit\/fit-lean-meal-shake-450-gr\/","og_locale":"fr_FR","og_type":"article","og_title":"Fit & Lean - Meal Shake (450gr) - Holy-Supps.nl","og_description":"Verminder honger en stimuleer gewichtsverlies met Fit & Lean Meal Shake: 20g eiwit, 11g vezels, 28 superfoods. Slechts 150 calorie\u00ebn per portie.","og_url":"https:\/\/www.holy-supps.nl\/fr\/produit\/fit-lean-meal-shake-450-gr\/","og_site_name":"Holy-Supps.nl","article_publisher":"https:\/\/www.facebook.com\/holy.supps","article_modified_time":"2026-04-23T15:07:21+00:00","og_image":[{"width":1080,"height":1080,"url":"https:\/\/www.holy-supps.nl\/wp-content\/uploads\/2024\/07\/1FL_mealshake_vanillaicecream_productimage_front-1.webp","type":"image\/webp"}],"twitter_card":"summary_large_image","twitter_misc":{"Dur\u00e9e de lecture estim\u00e9e":"1 minute"},"schema":{"@context":"https:\/\/schema.org","@graph":[{"@type":"WebPage","@id":"https:\/\/www.holy-supps.nl\/product\/fit-lean-meal-shake-450-gr\/","url":"https:\/\/www.holy-supps.nl\/product\/fit-lean-meal-shake-450-gr\/","name":"Fit &amp; Lean - Meal Shake (450gr) - Holy-Supps.fr","isPartOf":{"@id":"https:\/\/www.holy-supps.nl\/#website"},"primaryImageOfPage":{"@id":"https:\/\/www.holy-supps.nl\/product\/fit-lean-meal-shake-450-gr\/#primaryimage"},"image":{"@id":"https:\/\/www.holy-supps.nl\/product\/fit-lean-meal-shake-450-gr\/#primaryimage"},"thumbnailUrl":"https:\/\/www.holy-supps.nl\/wp-content\/uploads\/2024\/07\/1FL_mealshake_vanillaicecream_productimage_front-1.webp","datePublished":"2024-07-26T13:14:13+00:00","dateModified":"2026-04-23T15:07:21+00:00","description":"R\u00e9duisez la faim et stimulez la perte de poids avec Fit &amp; Lean Meal Shake : 20 g de prot\u00e9ines, 11 g de fibres, 28 super-aliments. Seulement 150 calories par portion.","breadcrumb":{"@id":"https:\/\/www.holy-supps.nl\/product\/fit-lean-meal-shake-450-gr\/#breadcrumb"},"inLanguage":"fr-FR","potentialAction":[{"@type":"ReadAction","target":["https:\/\/www.holy-supps.nl\/product\/fit-lean-meal-shake-450-gr\/"]}]},{"@type":"ImageObject","inLanguage":"fr-FR","@id":"https:\/\/www.holy-supps.nl\/product\/fit-lean-meal-shake-450-gr\/#primaryimage","url":"https:\/\/www.holy-supps.nl\/wp-content\/uploads\/2024\/07\/1FL_mealshake_vanillaicecream_productimage_front-1.webp","contentUrl":"https:\/\/www.holy-supps.nl\/wp-content\/uploads\/2024\/07\/1FL_mealshake_vanillaicecream_productimage_front-1.webp","width":1080,"height":1080},{"@type":"BreadcrumbList","@id":"https:\/\/www.holy-supps.nl\/product\/fit-lean-meal-shake-450-gr\/#breadcrumb","itemListElement":[{"@type":"ListItem","position":1,"name":"Home","item":"https:\/\/www.holy-supps.nl\/"},{"@type":"ListItem","position":2,"name":"Winkel","item":"https:\/\/www.holy-supps.nl\/winkel\/"},{"@type":"ListItem","position":3,"name":"Fit &#038; Lean &#8211; Meal Shake (450gr)"}]},{"@type":"WebSite","@id":"https:\/\/www.holy-supps.nl\/#website","url":"https:\/\/www.holy-supps.nl\/","name":"Holy-Supps.co.uk","description":"Revendeur officiel EHPLabs !","publisher":{"@id":"https:\/\/www.holy-supps.nl\/#organization"},"potentialAction":[{"@type":"SearchAction","target":{"@type":"EntryPoint","urlTemplate":"https:\/\/www.holy-supps.nl\/?s={search_term_string}"},"query-input":{"@type":"PropertyValueSpecification","valueRequired":true,"valueName":"search_term_string"}}],"inLanguage":"fr-FR"},{"@type":"Organization","@id":"https:\/\/www.holy-supps.nl\/#organization","name":"Les Saints Souvenirs","url":"https:\/\/www.holy-supps.nl\/","logo":{"@type":"ImageObject","inLanguage":"fr-FR","@id":"https:\/\/www.holy-supps.nl\/#\/schema\/logo\/image\/","url":"https:\/\/www.holy-supps.nl\/wp-content\/uploads\/2023\/06\/HOLY-SUPPS.png","contentUrl":"https:\/\/www.holy-supps.nl\/wp-content\/uploads\/2023\/06\/HOLY-SUPPS.png","width":1000,"height":400,"caption":"Holy Supps"},"image":{"@id":"https:\/\/www.holy-supps.nl\/#\/schema\/logo\/image\/"},"sameAs":["https:\/\/www.facebook.com\/holy.supps","https:\/\/www.instagram.com\/holy.supps.shop\/"]}]}},"jetpack_sharing_enabled":true,"_links":{"self":[{"href":"https:\/\/www.holy-supps.nl\/fr\/wp-json\/wp\/v2\/product\/2755","targetHints":{"allow":["GET"]}}],"collection":[{"href":"https:\/\/www.holy-supps.nl\/fr\/wp-json\/wp\/v2\/product"}],"about":[{"href":"https:\/\/www.holy-supps.nl\/fr\/wp-json\/wp\/v2\/types\/product"}],"replies":[{"embeddable":true,"href":"https:\/\/www.holy-supps.nl\/fr\/wp-json\/wp\/v2\/comments?post=2755"}],"wp:featuredmedia":[{"embeddable":true,"href":"https:\/\/www.holy-supps.nl\/fr\/wp-json\/wp\/v2\/media\/2756"}],"wp:attachment":[{"href":"https:\/\/www.holy-supps.nl\/fr\/wp-json\/wp\/v2\/media?parent=2755"}],"wp:term":[{"taxonomy":"product_brand","embeddable":true,"href":"https:\/\/www.holy-supps.nl\/fr\/wp-json\/wp\/v2\/product_brand?post=2755"},{"taxonomy":"product_cat","embeddable":true,"href":"https:\/\/www.holy-supps.nl\/fr\/wp-json\/wp\/v2\/product_cat?post=2755"},{"taxonomy":"product_tag","embeddable":true,"href":"https:\/\/www.holy-supps.nl\/fr\/wp-json\/wp\/v2\/product_tag?post=2755"}],"curies":[{"name":"wp","href":"https:\/\/api.w.org\/{rel}","templated":true}]}}